{"id":22590,"date":"2023-04-24T14:16:21","date_gmt":"2023-04-24T19:16:21","guid":{"rendered":"https:\/\/comerciallin.com\/index.php\/producto\/cable-extension-p-audifono-1-a-2\/"},"modified":"2025-01-14T13:54:48","modified_gmt":"2025-01-14T18:54:48","slug":"cable-extension-p-audifono-1-a-2","status":"publish","type":"product","link":"https:\/\/comerciallin.com\/index.php\/producto\/cable-extension-p-audifono-1-a-2\/","title":{"rendered":"CABLE EXTENSION P.AUDIFONO 1 A 2"},"content":{"rendered":"","protected":false},"excerpt":{"rendered":"","protected":false},"featured_media":24798,"comment_status":"open","ping_status":"closed","template":"","meta":{"spay_email":""},"product_cat":[753],"product_tag":[],"supplier_id":null,"supplier_sku":"","barcode":null,"atum_controlled":true,"out_stock_date":null,"out_stock_threshold":null,"inheritable":false,"inbound_stock":null,"stock_on_hold":0,"sold_today":0,"sales_last_days":0,"reserved_stock":null,"customer_returns":null,"warehouse_damage":null,"lost_in_post":null,"other_logs":null,"out_stock_days":0,"lost_sales":0,"has_location":null,"update_date":"2026-04-19T00:00:32","atum_locations":[],"atum_stock_status":"instock","restock_status":false,"low_stock_amount":"","sales_update_date":"2026-04-19T00:00:32","calc_backorders":null,"acf":[],"yoast_head":"<!-- This site is optimized with the Yoast SEO Premium plugin v17.4 (Yoast SEO v17.4) - https:\/\/yoast.com\/wordpress\/plugins\/seo\/ -->\n<title>CABLE EXTENSION P.AUDIFONO 1 A 2 - tienda de electr\u00f3nica y computaci\u00f3n<\/title>\n<meta name=\"robots\" content=\"index, follow, max-snippet:-1, max-image-preview:large, max-video-preview:-1\" \/>\n<link rel=\"canonical\" href=\"https:\/\/comerciallin.com\/index.php\/producto\/cable-extension-p-audifono-1-a-2\/\" \/>\n<meta property=\"og:locale\" content=\"es_ES\" \/>\n<meta property=\"og:type\" content=\"article\" \/>\n<meta property=\"og:title\" content=\"CABLE EXTENSION P.AUDIFONO 1 A 2\" \/>\n<meta property=\"og:url\" content=\"https:\/\/comerciallin.com\/index.php\/producto\/cable-extension-p-audifono-1-a-2\/\" \/>\n<meta property=\"og:site_name\" content=\"tienda de electr\u00f3nica y computaci\u00f3n\" \/>\n<meta property=\"article:modified_time\" content=\"2025-01-14T18:54:48+00:00\" \/>\n<meta name=\"twitter:card\" content=\"summary_large_image\" \/>\n<meta name=\"twitter:image\" content=\"https:\/\/i0.wp.com\/comerciallin.com\/wp-content\/uploads\/2023\/08\/243490307.jpg?fit=%2C&amp;ssl=1\" \/>\n<meta name=\"twitter:label1\" content=\"Precio\" \/>\n\t<meta name=\"twitter:data1\" content=\"&#36;3,62\" \/>\n\t<meta name=\"twitter:label2\" content=\"Availability\" \/>\n\t<meta name=\"twitter:data2\" content=\"In stock\" \/>\n<script type=\"application\/ld+json\" class=\"yoast-schema-graph\">{\"@context\":\"https:\/\/schema.org\",\"@graph\":[{\"@type\":\"WebSite\",\"@id\":\"https:\/\/comerciallin.com\/#website\",\"url\":\"https:\/\/comerciallin.com\/\",\"name\":\"tienda de electr\\u00f3nica y computaci\\u00f3n\",\"description\":\"Importadora de Electr\\u00f3nica y Computaci\\u00f3n\",\"potentialAction\":[{\"@type\":\"SearchAction\",\"target\":{\"@type\":\"EntryPoint\",\"urlTemplate\":\"https:\/\/comerciallin.com\/?s={search_term_string}\"},\"query-input\":\"required name=search_term_string\"}],\"inLanguage\":\"es\"},{\"@type\":\"ImageObject\",\"@id\":\"https:\/\/comerciallin.com\/index.php\/producto\/cable-extension-p-audifono-1-a-2\/#primaryimage\",\"inLanguage\":\"es\",\"url\":\"https:\/\/i0.wp.com\/comerciallin.com\/wp-content\/uploads\/2023\/08\/243490307.jpg?fit=%2C&ssl=1\",\"contentUrl\":\"https:\/\/i0.wp.com\/comerciallin.com\/wp-content\/uploads\/2023\/08\/243490307.jpg?fit=%2C&ssl=1\",\"caption\":\"CABLE EXTENSION P.AUDIFONO 1 A 2\"},{\"@type\":\"WebPage\",\"@id\":\"https:\/\/comerciallin.com\/index.php\/producto\/cable-extension-p-audifono-1-a-2\/#webpage\",\"url\":\"https:\/\/comerciallin.com\/index.php\/producto\/cable-extension-p-audifono-1-a-2\/\",\"name\":\"CABLE EXTENSION P.AUDIFONO 1 A 2 - tienda de electr\\u00f3nica y computaci\\u00f3n\",\"isPartOf\":{\"@id\":\"https:\/\/comerciallin.com\/#website\"},\"primaryImageOfPage\":{\"@id\":\"https:\/\/comerciallin.com\/index.php\/producto\/cable-extension-p-audifono-1-a-2\/#primaryimage\"},\"datePublished\":\"2023-04-24T19:16:21+00:00\",\"dateModified\":\"2025-01-14T18:54:48+00:00\",\"breadcrumb\":{\"@id\":\"https:\/\/comerciallin.com\/index.php\/producto\/cable-extension-p-audifono-1-a-2\/#breadcrumb\"},\"inLanguage\":\"es\",\"potentialAction\":[{\"@type\":\"ReadAction\",\"target\":[\"https:\/\/comerciallin.com\/index.php\/producto\/cable-extension-p-audifono-1-a-2\/\"]}]},{\"@type\":\"BreadcrumbList\",\"@id\":\"https:\/\/comerciallin.com\/index.php\/producto\/cable-extension-p-audifono-1-a-2\/#breadcrumb\",\"itemListElement\":[{\"@type\":\"ListItem\",\"position\":1,\"name\":\"Inicio\",\"item\":\"https:\/\/comerciallin.com\/\"},{\"@type\":\"ListItem\",\"position\":2,\"name\":\"Shop\",\"item\":\"https:\/\/comerciallin.com\/?page_id=3853\"},{\"@type\":\"ListItem\",\"position\":3,\"name\":\"CABLE EXTENSION P.AUDIFONO 1 A 2\"}]}]}<\/script>\n<meta property=\"product:price:amount\" content=\"3.62\" \/>\n<meta property=\"product:price:currency\" content=\"USD\" \/>\n<meta property=\"og:availability\" content=\"instock\" \/>\n<meta property=\"product:availability\" content=\"instock\" \/>\n<meta property=\"product:retailer_item_id\" content=\"243490307\" \/>\n<meta property=\"product:condition\" content=\"new\" \/>\n<!-- \/ Yoast SEO Premium plugin. -->","yoast_head_json":{"title":"CABLE EXTENSION P.AUDIFONO 1 A 2 - tienda de electr\u00f3nica y computaci\u00f3n","robots":{"index":"index","follow":"follow","max-snippet":"max-snippet:-1","max-image-preview":"max-image-preview:large","max-video-preview":"max-video-preview:-1"},"canonical":"https:\/\/comerciallin.com\/index.php\/producto\/cable-extension-p-audifono-1-a-2\/","og_locale":"es_ES","og_type":"article","og_title":"CABLE EXTENSION P.AUDIFONO 1 A 2","og_url":"https:\/\/comerciallin.com\/index.php\/producto\/cable-extension-p-audifono-1-a-2\/","og_site_name":"tienda de electr\u00f3nica y computaci\u00f3n","article_modified_time":"2025-01-14T18:54:48+00:00","twitter_card":"summary_large_image","twitter_image":"https:\/\/i0.wp.com\/comerciallin.com\/wp-content\/uploads\/2023\/08\/243490307.jpg?fit=%2C&ssl=1","twitter_misc":{"Precio":"&#36;3,62","Availability":"In stock"},"schema":{"@context":"https:\/\/schema.org","@graph":[{"@type":"WebSite","@id":"https:\/\/comerciallin.com\/#website","url":"https:\/\/comerciallin.com\/","name":"tienda de electr\u00f3nica y computaci\u00f3n","description":"Importadora de Electr\u00f3nica y Computaci\u00f3n","potentialAction":[{"@type":"SearchAction","target":{"@type":"EntryPoint","urlTemplate":"https:\/\/comerciallin.com\/?s={search_term_string}"},"query-input":"required name=search_term_string"}],"inLanguage":"es"},{"@type":"ImageObject","@id":"https:\/\/comerciallin.com\/index.php\/producto\/cable-extension-p-audifono-1-a-2\/#primaryimage","inLanguage":"es","url":"https:\/\/i0.wp.com\/comerciallin.com\/wp-content\/uploads\/2023\/08\/243490307.jpg?fit=%2C&ssl=1","contentUrl":"https:\/\/i0.wp.com\/comerciallin.com\/wp-content\/uploads\/2023\/08\/243490307.jpg?fit=%2C&ssl=1","caption":"CABLE EXTENSION P.AUDIFONO 1 A 2"},{"@type":"WebPage","@id":"https:\/\/comerciallin.com\/index.php\/producto\/cable-extension-p-audifono-1-a-2\/#webpage","url":"https:\/\/comerciallin.com\/index.php\/producto\/cable-extension-p-audifono-1-a-2\/","name":"CABLE EXTENSION P.AUDIFONO 1 A 2 - tienda de electr\u00f3nica y computaci\u00f3n","isPartOf":{"@id":"https:\/\/comerciallin.com\/#website"},"primaryImageOfPage":{"@id":"https:\/\/comerciallin.com\/index.php\/producto\/cable-extension-p-audifono-1-a-2\/#primaryimage"},"datePublished":"2023-04-24T19:16:21+00:00","dateModified":"2025-01-14T18:54:48+00:00","breadcrumb":{"@id":"https:\/\/comerciallin.com\/index.php\/producto\/cable-extension-p-audifono-1-a-2\/#breadcrumb"},"inLanguage":"es","potentialAction":[{"@type":"ReadAction","target":["https:\/\/comerciallin.com\/index.php\/producto\/cable-extension-p-audifono-1-a-2\/"]}]},{"@type":"BreadcrumbList","@id":"https:\/\/comerciallin.com\/index.php\/producto\/cable-extension-p-audifono-1-a-2\/#breadcrumb","itemListElement":[{"@type":"ListItem","position":1,"name":"Inicio","item":"https:\/\/comerciallin.com\/"},{"@type":"ListItem","position":2,"name":"Shop","item":"https:\/\/comerciallin.com\/?page_id=3853"},{"@type":"ListItem","position":3,"name":"CABLE EXTENSION P.AUDIFONO 1 A 2"}]}]},"product_price_amount":"3.62","product_price_currency":"USD","og_availability":"instock","product_availability":"instock","product_retailer_item_id":"243490307","product_condition":"new"},"jetpack-related-posts":[{"id":18978,"url":"https:\/\/comerciallin.com\/index.php\/producto\/extension-usb-20mt-c-filtro-2-0\/","url_meta":{"origin":22590,"position":0},"title":"EXTENSION USB 20MT C\/FILTRO 2.0","date":"7 de noviembre de 2022","format":false,"excerpt":"20 Metros USB 2,0 extensi\u00f3n activa\/Repetidor 480 Mbp Cable de extensi\u00f3n USB activo","rel":"","context":"Entrada similar","img":{"alt_text":"","src":"","width":0,"height":0},"classes":[]},{"id":18821,"url":"https:\/\/comerciallin.com\/index.php\/producto\/extension-usb-10mt-c-filtro-2-0\/","url_meta":{"origin":22590,"position":1},"title":"EXTENSION USB 10MT C\/FILTRO 2.0","date":"7 de noviembre de 2022","format":false,"excerpt":"10 Metros USB 2,0 extensi\u00f3n activa\/Repetidor 480 Mbp Cable de extensi\u00f3n USB activo","rel":"","context":"Entrada similar","img":{"alt_text":"","src":"","width":0,"height":0},"classes":[]},{"id":18928,"url":"https:\/\/comerciallin.com\/index.php\/producto\/extension-usb-15mt-c-filtro-2-0\/","url_meta":{"origin":22590,"position":2},"title":"EXTENSION USB 15MT C\/FILTRO 2.0","date":"7 de noviembre de 2022","format":false,"excerpt":"15 Metros USB 2,0 extensi\u00f3n activa\/Repetidor 480 Mbp Cable de extensi\u00f3n USB activo","rel":"","context":"Entrada similar","img":{"alt_text":"","src":"","width":0,"height":0},"classes":[]},{"id":19647,"url":"https:\/\/comerciallin.com\/index.php\/producto\/cable-extension-de-fuente-pooder-4pin\/","url_meta":{"origin":22590,"position":3},"title":"CABLE EXTENSION DE FUENTE POODER 4PIN","date":"7 de noviembre de 2022","format":false,"excerpt":"ATX de 4 pines macho a hembra adaptador 20cm 4 Pin de extensi\u00f3n de energ\u00eda de la CPU de 4 pines Hembra PC Cable conector de alimentaci\u00f3n","rel":"","context":"Entrada similar","img":{"alt_text":"","src":"","width":0,"height":0},"classes":[]},{"id":18712,"url":"https:\/\/comerciallin.com\/index.php\/producto\/cable-vga-1-8m\/","url_meta":{"origin":22590,"position":4},"title":"CABLE VGA 1.8M","date":"7 de noviembre de 2022","format":false,"excerpt":"Blindaje de cable Papel de aluminio mylar Insulation Material Polietileno de Alta Densidad (HDPE) Material del forro del cable Cloruro de polivinilo (PVC) G\u00e9nero del conector 1 Macho Conector 2 VGA (D-Sub) G\u00e9nero del conector 2 Macho Factor de forma de conector 1 Derecho Conector 1 VGA (D-Sub) Material del\u2026","rel":"","context":"Entrada similar","img":{"alt_text":"","src":"","width":0,"height":0},"classes":[]},{"id":25843,"url":"https:\/\/comerciallin.com\/index.php\/producto\/adaptador-poder-1-ide-a-2-sata\/","url_meta":{"origin":22590,"position":5},"title":"ADAPTADOR PODER 1 IDE A 2 SATA","date":"17 de noviembre de 2023","format":false,"excerpt":"\u00bfNecesitas alimentar tus dispositivos SATA? Este cable de alimentaci\u00f3n SATA de 15 pines es la soluci\u00f3n perfecta. Con dos conectores SATA hembra, puedes alimentar dos dispositivos SATA a la vez. El cable est\u00e1 hecho de materiales de alta calidad y est\u00e1 dise\u00f1ado para durar.","rel":"","context":"Entrada similar","img":{"alt_text":"","src":"","width":0,"height":0},"classes":[]}],"jetpack_sharing_enabled":true,"jetpack_likes_enabled":true,"_links":{"self":[{"href":"https:\/\/comerciallin.com\/index.php\/wp-json\/wp\/v2\/product\/22590"}],"collection":[{"href":"https:\/\/comerciallin.com\/index.php\/wp-json\/wp\/v2\/product"}],"about":[{"href":"https:\/\/comerciallin.com\/index.php\/wp-json\/wp\/v2\/types\/product"}],"replies":[{"embeddable":true,"href":"https:\/\/comerciallin.com\/index.php\/wp-json\/wp\/v2\/comments?post=22590"}],"wp:featuredmedia":[{"embeddable":true,"href":"https:\/\/comerciallin.com\/index.php\/wp-json\/wp\/v2\/media\/24798"}],"wp:attachment":[{"href":"https:\/\/comerciallin.com\/index.php\/wp-json\/wp\/v2\/media?parent=22590"}],"wp:term":[{"taxonomy":"product_cat","embeddable":true,"href":"https:\/\/comerciallin.com\/index.php\/wp-json\/wp\/v2\/product_cat?post=22590"},{"taxonomy":"product_tag","embeddable":true,"href":"https:\/\/comerciallin.com\/index.php\/wp-json\/wp\/v2\/product_tag?post=22590"}],"curies":[{"name":"wp","href":"https:\/\/api.w.org\/{rel}","templated":true}]}}