{"id":22517,"date":"2023-04-19T12:07:28","date_gmt":"2023-04-19T17:07:28","guid":{"rendered":"https:\/\/comerciallin.com\/index.php\/producto\/teclado-p-lapto-comp-hp-15n-15e-15g-15res\/"},"modified":"2025-01-14T13:58:01","modified_gmt":"2025-01-14T18:58:01","slug":"teclado-p-lapto-comp-hp-15n-15e-15g-15res","status":"publish","type":"product","link":"https:\/\/comerciallin.com\/index.php\/producto\/teclado-p-lapto-comp-hp-15n-15e-15g-15res\/","title":{"rendered":"TECLADO P. LAPTO COMP HP 15N 15E 15G 15R(ES)"},"content":{"rendered":"<p><strong>HP Pavilion 15-E Series<\/strong><br \/>Pavilion 15-e001au, 15-e004,15-e005au, 15-e006au, 15-e009AX, 15-e010,15-e011nr, 15-e012nr, 15-e013,15-e014nr, 15-e015nr, 15-e016,15-e018,15-e020,15-e021,15-e022nr, 15-e025sr, 15-e026,15-e027,15-e028,15-e030,15-e032ax, 15-e033,15-e037cl, 15-e039nr, 15-e040ca 15-e041ca, 15-E043CL, 15-e048nr 15-e049ca, 15-e050,15-e051,15-e052so, 15-e053ca, 15-e055,15-e056sp, 15-e061nr 15-e062nr, 15-e063tx, 15-e064nr, 15-E065NR, 15-E066TX, 15-e067nr, 15-e068nr, 15-e071nr, 15-e072nr, 15-e073,15-e074nr, 15-e075,15-e076,15-e077,15-e078nr, 15-e081sa, 15-e084ca, 15-e086nr, 15-e087nr, 15-e088nr, 15-e089,15-e099ca, 15-e180nr 15-e181nr, 15-e182nr, 15-e183nr, 15-e184nr, 15-e185nr, 15-e186nr 15-e187nr, 15-e188nr, 15-e189nr<\/p>\n<p><strong>HP Pavilion 15-r Series<\/strong><br \/>Pavilion 15-r001,15-r002,15-r003,15-r004,15-r005,15-r006,15-r007,15-r008,15-r011,15-r013ca, 15-r015,15-r016,15-r017dx, 15-R018DX, 15-r019ns, 15-R020NS, 15-r021ns, 15-r022,15-r024,15-r025,15-r026nr, 15-R029WM, 15-r030,15-r031nf, 15-r033ca, 15-r034,15-r036ds, 15-r038,15-r039,15-r040,15-r041ng, 15-R050nr, 15-R052NR, 15-R053CL, 15-r058nf, 15-R059NO, 15-r061,15-r062no, 15-r063,15-r065no, 15-R066NF, 15-r067,15-r068no, 15-R069NO, 15-R076NG, 15-r081nr, 15-r082nr, 15-R084NG, 15-R085NO, 15-R101NS, 15-r102,15-r103ns, 15-r104,15-r105,15-r109ns, 15-r110,15-r111ns, 15-r122,15-r123ns, 15-R124NS, 15-r126ns, 15-r127,15-r128ne, 15-r129,15-r130,15-r131wm, 15-r132,15-r134,15-r136wm, 15-R137WM, 15-r138,15-r139nf, 15-R145NF, 15-r150,15-r153nc, 15-R154NR, 15-r174ca, 15-R181NR, 15-R201NS, 15-r207,15-r208,15-r209,15-r210dx, 15-R211NS, 15-r213ns, 15-R216NS, 15-r217ns, 15-R230NR, 15-r233ns, 15-r231TX, 15-r235TU, 15-r236TU, 15-r238TU, 15-r240tx, 15-r250nf, 15-r251nf, 15-R253CL, 15-r257nf, 15-R263DX, 15-r264dx, 15-R280NO<\/p>\n<p><strong>HP Pavilion 15-N series<\/strong><br \/>Pavilion 15-n001,15-n002,15-n005,15-n006,15-n007,15-n008,15-n009eo, 15-n010,15-n011,15-n012,15-n013,15-n014,15-n015so, 15-n016TX, 15-n018,15-n019,15-n020,15-n023,15-n025eo<\/p>\n","protected":false},"excerpt":{"rendered":"<p>TECLADO HP 15-G ING 250 G3 15-N 5-R 15-D 15-H 15-F 15-S 15-A<\/p>\n","protected":false},"featured_media":25177,"comment_status":"open","ping_status":"closed","template":"","meta":{"spay_email":""},"product_cat":[832],"product_tag":[],"supplier_id":null,"supplier_sku":"","barcode":null,"atum_controlled":true,"out_stock_date":null,"out_stock_threshold":null,"inheritable":false,"inbound_stock":null,"stock_on_hold":0,"sold_today":0,"sales_last_days":0,"reserved_stock":null,"customer_returns":null,"warehouse_damage":null,"lost_in_post":null,"other_logs":null,"out_stock_days":0,"lost_sales":0,"has_location":null,"update_date":"2026-05-03T00:12:32","atum_locations":[],"atum_stock_status":"instock","restock_status":false,"low_stock_amount":"","sales_update_date":"2026-05-03T00:12:32","calc_backorders":null,"acf":[],"yoast_head":"<!-- This site is optimized with the Yoast SEO Premium plugin v17.4 (Yoast SEO v17.4) - https:\/\/yoast.com\/wordpress\/plugins\/seo\/ -->\n<title>TECLADO P. LAPTO COMP HP 15N 15E 15G 15R(ES) - tienda de electr\u00f3nica y computaci\u00f3n<\/title>\n<meta name=\"robots\" content=\"index, follow, max-snippet:-1, max-image-preview:large, max-video-preview:-1\" \/>\n<link rel=\"canonical\" href=\"https:\/\/comerciallin.com\/index.php\/producto\/teclado-p-lapto-comp-hp-15n-15e-15g-15res\/\" \/>\n<meta property=\"og:locale\" content=\"es_ES\" \/>\n<meta property=\"og:type\" content=\"article\" \/>\n<meta property=\"og:title\" content=\"TECLADO P. LAPTO COMP HP 15N 15E 15G 15R(ES)\" \/>\n<meta property=\"og:description\" content=\"TECLADO HP 15-G ING 250 G3 15-N 5-R 15-D 15-H 15-F 15-S 15-A\" \/>\n<meta property=\"og:url\" content=\"https:\/\/comerciallin.com\/index.php\/producto\/teclado-p-lapto-comp-hp-15n-15e-15g-15res\/\" \/>\n<meta property=\"og:site_name\" content=\"tienda de electr\u00f3nica y computaci\u00f3n\" \/>\n<meta property=\"article:modified_time\" content=\"2025-01-14T18:58:01+00:00\" \/>\n<meta name=\"twitter:card\" content=\"summary_large_image\" \/>\n<meta name=\"twitter:image\" content=\"https:\/\/i0.wp.com\/comerciallin.com\/wp-content\/uploads\/2023\/08\/341030121202.png?fit=%2C&amp;ssl=1\" \/>\n<meta name=\"twitter:label1\" content=\"Precio\" \/>\n\t<meta name=\"twitter:data1\" content=\"&#36;28,75\" \/>\n\t<meta name=\"twitter:label2\" content=\"Availability\" \/>\n\t<meta name=\"twitter:data2\" content=\"In stock\" \/>\n<script type=\"application\/ld+json\" class=\"yoast-schema-graph\">{\"@context\":\"https:\/\/schema.org\",\"@graph\":[{\"@type\":\"WebSite\",\"@id\":\"https:\/\/comerciallin.com\/#website\",\"url\":\"https:\/\/comerciallin.com\/\",\"name\":\"tienda de electr\\u00f3nica y computaci\\u00f3n\",\"description\":\"Importadora de Electr\\u00f3nica y Computaci\\u00f3n\",\"potentialAction\":[{\"@type\":\"SearchAction\",\"target\":{\"@type\":\"EntryPoint\",\"urlTemplate\":\"https:\/\/comerciallin.com\/?s={search_term_string}\"},\"query-input\":\"required name=search_term_string\"}],\"inLanguage\":\"es\"},{\"@type\":\"ImageObject\",\"@id\":\"https:\/\/comerciallin.com\/index.php\/producto\/teclado-p-lapto-comp-hp-15n-15e-15g-15res\/#primaryimage\",\"inLanguage\":\"es\",\"url\":\"https:\/\/i0.wp.com\/comerciallin.com\/wp-content\/uploads\/2023\/08\/341030121202.png?fit=%2C&ssl=1\",\"contentUrl\":\"https:\/\/i0.wp.com\/comerciallin.com\/wp-content\/uploads\/2023\/08\/341030121202.png?fit=%2C&ssl=1\",\"caption\":\"TECLADO P. LAPTO COMP HP 15N 15E 15G 15R(ES)\"},{\"@type\":\"WebPage\",\"@id\":\"https:\/\/comerciallin.com\/index.php\/producto\/teclado-p-lapto-comp-hp-15n-15e-15g-15res\/#webpage\",\"url\":\"https:\/\/comerciallin.com\/index.php\/producto\/teclado-p-lapto-comp-hp-15n-15e-15g-15res\/\",\"name\":\"TECLADO P. LAPTO COMP HP 15N 15E 15G 15R(ES) - tienda de electr\\u00f3nica y computaci\\u00f3n\",\"isPartOf\":{\"@id\":\"https:\/\/comerciallin.com\/#website\"},\"primaryImageOfPage\":{\"@id\":\"https:\/\/comerciallin.com\/index.php\/producto\/teclado-p-lapto-comp-hp-15n-15e-15g-15res\/#primaryimage\"},\"datePublished\":\"2023-04-19T17:07:28+00:00\",\"dateModified\":\"2025-01-14T18:58:01+00:00\",\"breadcrumb\":{\"@id\":\"https:\/\/comerciallin.com\/index.php\/producto\/teclado-p-lapto-comp-hp-15n-15e-15g-15res\/#breadcrumb\"},\"inLanguage\":\"es\",\"potentialAction\":[{\"@type\":\"ReadAction\",\"target\":[\"https:\/\/comerciallin.com\/index.php\/producto\/teclado-p-lapto-comp-hp-15n-15e-15g-15res\/\"]}]},{\"@type\":\"BreadcrumbList\",\"@id\":\"https:\/\/comerciallin.com\/index.php\/producto\/teclado-p-lapto-comp-hp-15n-15e-15g-15res\/#breadcrumb\",\"itemListElement\":[{\"@type\":\"ListItem\",\"position\":1,\"name\":\"Inicio\",\"item\":\"https:\/\/comerciallin.com\/\"},{\"@type\":\"ListItem\",\"position\":2,\"name\":\"Shop\",\"item\":\"https:\/\/comerciallin.com\/?page_id=3853\"},{\"@type\":\"ListItem\",\"position\":3,\"name\":\"TECLADO P. LAPTO COMP HP 15N 15E 15G 15R(ES)\"}]}]}<\/script>\n<meta property=\"product:price:amount\" content=\"28.75\" \/>\n<meta property=\"product:price:currency\" content=\"USD\" \/>\n<meta property=\"og:availability\" content=\"instock\" \/>\n<meta property=\"product:availability\" content=\"instock\" \/>\n<meta property=\"product:retailer_item_id\" content=\"341030121202\" \/>\n<meta property=\"product:condition\" content=\"new\" \/>\n<!-- \/ Yoast SEO Premium plugin. -->","yoast_head_json":{"title":"TECLADO P. LAPTO COMP HP 15N 15E 15G 15R(ES) - tienda de electr\u00f3nica y computaci\u00f3n","robots":{"index":"index","follow":"follow","max-snippet":"max-snippet:-1","max-image-preview":"max-image-preview:large","max-video-preview":"max-video-preview:-1"},"canonical":"https:\/\/comerciallin.com\/index.php\/producto\/teclado-p-lapto-comp-hp-15n-15e-15g-15res\/","og_locale":"es_ES","og_type":"article","og_title":"TECLADO P. LAPTO COMP HP 15N 15E 15G 15R(ES)","og_description":"TECLADO HP 15-G ING 250 G3 15-N 5-R 15-D 15-H 15-F 15-S 15-A","og_url":"https:\/\/comerciallin.com\/index.php\/producto\/teclado-p-lapto-comp-hp-15n-15e-15g-15res\/","og_site_name":"tienda de electr\u00f3nica y computaci\u00f3n","article_modified_time":"2025-01-14T18:58:01+00:00","twitter_card":"summary_large_image","twitter_image":"https:\/\/i0.wp.com\/comerciallin.com\/wp-content\/uploads\/2023\/08\/341030121202.png?fit=%2C&ssl=1","twitter_misc":{"Precio":"&#36;28,75","Availability":"In stock"},"schema":{"@context":"https:\/\/schema.org","@graph":[{"@type":"WebSite","@id":"https:\/\/comerciallin.com\/#website","url":"https:\/\/comerciallin.com\/","name":"tienda de electr\u00f3nica y computaci\u00f3n","description":"Importadora de Electr\u00f3nica y Computaci\u00f3n","potentialAction":[{"@type":"SearchAction","target":{"@type":"EntryPoint","urlTemplate":"https:\/\/comerciallin.com\/?s={search_term_string}"},"query-input":"required name=search_term_string"}],"inLanguage":"es"},{"@type":"ImageObject","@id":"https:\/\/comerciallin.com\/index.php\/producto\/teclado-p-lapto-comp-hp-15n-15e-15g-15res\/#primaryimage","inLanguage":"es","url":"https:\/\/i0.wp.com\/comerciallin.com\/wp-content\/uploads\/2023\/08\/341030121202.png?fit=%2C&ssl=1","contentUrl":"https:\/\/i0.wp.com\/comerciallin.com\/wp-content\/uploads\/2023\/08\/341030121202.png?fit=%2C&ssl=1","caption":"TECLADO P. LAPTO COMP HP 15N 15E 15G 15R(ES)"},{"@type":"WebPage","@id":"https:\/\/comerciallin.com\/index.php\/producto\/teclado-p-lapto-comp-hp-15n-15e-15g-15res\/#webpage","url":"https:\/\/comerciallin.com\/index.php\/producto\/teclado-p-lapto-comp-hp-15n-15e-15g-15res\/","name":"TECLADO P. LAPTO COMP HP 15N 15E 15G 15R(ES) - tienda de electr\u00f3nica y computaci\u00f3n","isPartOf":{"@id":"https:\/\/comerciallin.com\/#website"},"primaryImageOfPage":{"@id":"https:\/\/comerciallin.com\/index.php\/producto\/teclado-p-lapto-comp-hp-15n-15e-15g-15res\/#primaryimage"},"datePublished":"2023-04-19T17:07:28+00:00","dateModified":"2025-01-14T18:58:01+00:00","breadcrumb":{"@id":"https:\/\/comerciallin.com\/index.php\/producto\/teclado-p-lapto-comp-hp-15n-15e-15g-15res\/#breadcrumb"},"inLanguage":"es","potentialAction":[{"@type":"ReadAction","target":["https:\/\/comerciallin.com\/index.php\/producto\/teclado-p-lapto-comp-hp-15n-15e-15g-15res\/"]}]},{"@type":"BreadcrumbList","@id":"https:\/\/comerciallin.com\/index.php\/producto\/teclado-p-lapto-comp-hp-15n-15e-15g-15res\/#breadcrumb","itemListElement":[{"@type":"ListItem","position":1,"name":"Inicio","item":"https:\/\/comerciallin.com\/"},{"@type":"ListItem","position":2,"name":"Shop","item":"https:\/\/comerciallin.com\/?page_id=3853"},{"@type":"ListItem","position":3,"name":"TECLADO P. LAPTO COMP HP 15N 15E 15G 15R(ES)"}]}]},"product_price_amount":"28.75","product_price_currency":"USD","og_availability":"instock","product_availability":"instock","product_retailer_item_id":"341030121202","product_condition":"new"},"jetpack-related-posts":[{"id":19589,"url":"https:\/\/comerciallin.com\/index.php\/producto\/teclado-p-lapto-comp-hp-15-da-15-db-15-cx-1w\/","url_meta":{"origin":22517,"position":0},"title":"TECLADO P. LAPTO COMP HP 15-DA\/15-DB\/15-CX\/1W","date":"7 de noviembre de 2022","format":false,"excerpt":"Teclado de repuesto compatible con HP 250 G7 255 G7 15-DA 15-DB 15-DK 15-DR 15-DW 15-DU 15S-DU 15-DY 15s-DY 15s-EQ 15-EF 15s-FQ 15-GW 17-CA.","rel":"","context":"Entrada similar","img":{"alt_text":"","src":"","width":0,"height":0},"classes":[]},{"id":19269,"url":"https:\/\/comerciallin.com\/index.php\/producto\/bateria-comp-hp-tf03xl\/","url_meta":{"origin":22517,"position":1},"title":"BATERIA COMP HP TF03XL","date":"7 de noviembre de 2022","format":false,"excerpt":"Composici\u00f3n de las celdas de la bater\u00eda Litio Ion Voltaje 11.55 Voltios Reutilizaci\u00f3n Rechargeable Peso de la bater\u00eda 255 Gramos","rel":"","context":"Entrada similar","img":{"alt_text":"","src":"","width":0,"height":0},"classes":[]},{"id":19591,"url":"https:\/\/comerciallin.com\/index.php\/producto\/teclado-p-lapto-comp-hp-pav-sleekb-15-b-15-0\/","url_meta":{"origin":22517,"position":2},"title":"TECLADO P. LAPTO COMP HP PAV SLEEKB 15-B 15-0","date":"7 de noviembre de 2022","format":false,"excerpt":"Teclado para HP PAV SLEEKBOOK 15-B","rel":"","context":"Entrada similar","img":{"alt_text":"","src":"","width":0,"height":0},"classes":[]},{"id":22513,"url":"https:\/\/comerciallin.com\/index.php\/producto\/teclado-p-lapto-comp-hp-15-ac-15-db\/","url_meta":{"origin":22517,"position":3},"title":"TECLADO P. LAPTO COMP HP 15-AC 15-DB","date":"19 de abril de 2023","format":false,"excerpt":"El teclado HP 15-AC 15-AY 15-AF 250 G4 es un teclado de repuesto compatible con los modelos de port\u00e1tiles HP 15-AC, 15-AY, 15-AF y 250 G4. Es de color negro y tiene un dise\u00f1o est\u00e1ndar con todas las teclas y funciones necesarias para escribir c\u00f3modamente.","rel":"","context":"Entrada similar","img":{"alt_text":"TECLADO P. LAPTO COMP HP 15-AC 15-DB","src":"https:\/\/i0.wp.com\/comerciallin.com\/wp-content\/uploads\/2023\/11\/577030130203.jpg?fit=1200%2C1200&ssl=1&resize=350%2C200","width":350,"height":200},"classes":[]},{"id":19643,"url":"https:\/\/comerciallin.com\/index.php\/producto\/bateria-p-lapto-hp-pi06-pi09-hstnn-lb4n-hstn\/","url_meta":{"origin":22517,"position":4},"title":"BATERIA P. LAPTO HP PI06\/PI09\/HSTNN-LB4N\/HSTN","date":"7 de noviembre de 2022","format":false,"excerpt":"6 celdas para port\u00e1til HP PI06 P106 710417-001 710416-001 \u2021LB4N Envy Pavilion TouchSmart 14 15 17","rel":"","context":"Entrada similar","img":{"alt_text":"","src":"","width":0,"height":0},"classes":[]},{"id":22511,"url":"https:\/\/comerciallin.com\/index.php\/producto\/teclado-p-lapto-comp-hp-15n-15e-15g-15r\/","url_meta":{"origin":22517,"position":5},"title":"TECLADO P. LAPTO COMP HP 15N 15E 15G 15R","date":"19 de abril de 2023","format":false,"excerpt":"El teclado HP 15-N es un teclado de repuesto compatible con los modelos de port\u00e1tiles HP 15-N, 15-G, 15-H, 15-R y 250 G2. Es de color negro y tiene un dise\u00f1o est\u00e1ndar con todas las teclas y funciones necesarias para escribir c\u00f3modamente.","rel":"","context":"Entrada similar","img":{"alt_text":"","src":"","width":0,"height":0},"classes":[]}],"jetpack_sharing_enabled":true,"jetpack_likes_enabled":true,"_links":{"self":[{"href":"https:\/\/comerciallin.com\/index.php\/wp-json\/wp\/v2\/product\/22517"}],"collection":[{"href":"https:\/\/comerciallin.com\/index.php\/wp-json\/wp\/v2\/product"}],"about":[{"href":"https:\/\/comerciallin.com\/index.php\/wp-json\/wp\/v2\/types\/product"}],"replies":[{"embeddable":true,"href":"https:\/\/comerciallin.com\/index.php\/wp-json\/wp\/v2\/comments?post=22517"}],"wp:featuredmedia":[{"embeddable":true,"href":"https:\/\/comerciallin.com\/index.php\/wp-json\/wp\/v2\/media\/25177"}],"wp:attachment":[{"href":"https:\/\/comerciallin.com\/index.php\/wp-json\/wp\/v2\/media?parent=22517"}],"wp:term":[{"taxonomy":"product_cat","embeddable":true,"href":"https:\/\/comerciallin.com\/index.php\/wp-json\/wp\/v2\/product_cat?post=22517"},{"taxonomy":"product_tag","embeddable":true,"href":"https:\/\/comerciallin.com\/index.php\/wp-json\/wp\/v2\/product_tag?post=22517"}],"curies":[{"name":"wp","href":"https:\/\/api.w.org\/{rel}","templated":true}]}}