{"id":22501,"date":"2023-04-19T12:07:11","date_gmt":"2023-04-19T17:07:11","guid":{"rendered":"https:\/\/comerciallin.com\/index.php\/producto\/bateria-comp-dell-33ydh\/"},"modified":"2025-01-14T13:54:13","modified_gmt":"2025-01-14T18:54:13","slug":"bateria-comp-dell-33ydh","status":"publish","type":"product","link":"https:\/\/comerciallin.com\/index.php\/producto\/bateria-comp-dell-33ydh\/","title":{"rendered":"BATERIA COMP DELL 33YDH"},"content":{"rendered":"<ul>\n<li>Compatible con Dell Inspiron 17 7000 7577 7773 7778 7786 7779 serie 2 en 1; Dell G3 15 3579; Dell G3 17 3779; Dell G5 15 5587 Series; Dell G7 15 75 Serie 88. Dell Latitude 15 3590 3580 Series; Dell Latitude 14 3490 Series; Dell Vostro 15 7580 7570 Series; Dell Latitude 13 3000 3380 Series.<\/li>\n<li>Compatible P\/N: 33YDH PVHT1 DNCWSCB6106B<\/li>\n<li>Seguridad: cada bater&iacute;a ha pasado pruebas de f&aacute;brica, las celdas de grado A garantizan cargas r&aacute;pidas y bajo consumo de energ&iacute;a, la protecci&oacute;n de circuito integrado garantiza seguridad y estabilidad. Hasta 500 ciclos de recarga a lo largo de la vida &uacute;til de la bater&iacute;a.<\/li>\n<li>Garant&iacute;a: nos especializamos en proporcionar productos de energ&iacute;a de calidad de ventas directas de f&aacute;brica y servicio al cliente de calidad. Reembolso completo dentro de 60 d&iacute;as. Satisfacci&oacute;n garantizada y respaldada por 12 meses de garant&iacute;a de reemplazo gratis y soporte de correo electr&oacute;nico de 24 x 7.<\/li>\n<li>Tipo de bater&iacute;a: pol&iacute;mero de litio. Voltaje: 15,2 V. Capacidad: 56 Wh. Celdas: 4 celdas. Color: negro<\/li>\n<\/ul>\n","protected":false},"excerpt":{"rendered":"<p>Bater\u00eda de 33YDH para Dell Inspiron 17 7000 7773 7786 7778 7789 2 en 1 15 7577 Latitude 13 3380 14 3490 15 3590 3580 G5 15 5587 GG7 3 357 9 3779 G7 7588 Vostro 7580 7570 PVHT1 P30E 81PF3 081PF3<\/p>\n","protected":false},"featured_media":24777,"comment_status":"open","ping_status":"closed","template":"","meta":{"spay_email":""},"product_cat":[791],"product_tag":[],"supplier_id":null,"supplier_sku":"","barcode":null,"atum_controlled":true,"out_stock_date":null,"out_stock_threshold":null,"inheritable":false,"inbound_stock":null,"stock_on_hold":0,"sold_today":0,"sales_last_days":0,"reserved_stock":null,"customer_returns":null,"warehouse_damage":null,"lost_in_post":null,"other_logs":null,"out_stock_days":0,"lost_sales":0,"has_location":null,"update_date":"2026-05-02T00:12:21","atum_locations":[],"atum_stock_status":"instock","restock_status":false,"low_stock_amount":"","sales_update_date":"2026-05-02T00:12:21","calc_backorders":null,"acf":[],"yoast_head":"<!-- This site is optimized with the Yoast SEO Premium plugin v17.4 (Yoast SEO v17.4) - https:\/\/yoast.com\/wordpress\/plugins\/seo\/ -->\n<title>BATERIA COMP DELL 33YDH - tienda de electr\u00f3nica y computaci\u00f3n<\/title>\n<meta name=\"robots\" content=\"index, follow, max-snippet:-1, max-image-preview:large, max-video-preview:-1\" \/>\n<link rel=\"canonical\" href=\"https:\/\/comerciallin.com\/index.php\/producto\/bateria-comp-dell-33ydh\/\" \/>\n<meta property=\"og:locale\" content=\"es_ES\" \/>\n<meta property=\"og:type\" content=\"article\" \/>\n<meta property=\"og:title\" content=\"BATERIA COMP DELL 33YDH\" \/>\n<meta property=\"og:description\" content=\"Bater\u00eda de 33YDH para Dell Inspiron 17 7000 7773 7786 7778 7789 2 en 1 15 7577 Latitude 13 3380 14 3490 15 3590 3580 G5 15 5587 GG7 3 357 9 3779 G7 7588 Vostro 7580 7570 PVHT1 P30E 81PF3 081PF3\" \/>\n<meta property=\"og:url\" content=\"https:\/\/comerciallin.com\/index.php\/producto\/bateria-comp-dell-33ydh\/\" \/>\n<meta property=\"og:site_name\" content=\"tienda de electr\u00f3nica y computaci\u00f3n\" \/>\n<meta property=\"article:modified_time\" content=\"2025-01-14T18:54:13+00:00\" \/>\n<meta name=\"twitter:card\" content=\"summary_large_image\" \/>\n<meta name=\"twitter:image\" content=\"https:\/\/i0.wp.com\/comerciallin.com\/wp-content\/uploads\/2023\/08\/537030121201.png?fit=%2C&amp;ssl=1\" \/>\n<meta name=\"twitter:label1\" content=\"Precio\" \/>\n\t<meta name=\"twitter:data1\" content=\"&#36;78,20\" \/>\n\t<meta name=\"twitter:label2\" content=\"Availability\" \/>\n\t<meta name=\"twitter:data2\" content=\"In stock\" \/>\n<script type=\"application\/ld+json\" class=\"yoast-schema-graph\">{\"@context\":\"https:\/\/schema.org\",\"@graph\":[{\"@type\":\"WebSite\",\"@id\":\"https:\/\/comerciallin.com\/#website\",\"url\":\"https:\/\/comerciallin.com\/\",\"name\":\"tienda de electr\\u00f3nica y computaci\\u00f3n\",\"description\":\"Importadora de Electr\\u00f3nica y Computaci\\u00f3n\",\"potentialAction\":[{\"@type\":\"SearchAction\",\"target\":{\"@type\":\"EntryPoint\",\"urlTemplate\":\"https:\/\/comerciallin.com\/?s={search_term_string}\"},\"query-input\":\"required name=search_term_string\"}],\"inLanguage\":\"es\"},{\"@type\":\"ImageObject\",\"@id\":\"https:\/\/comerciallin.com\/index.php\/producto\/bateria-comp-dell-33ydh\/#primaryimage\",\"inLanguage\":\"es\",\"url\":\"https:\/\/i0.wp.com\/comerciallin.com\/wp-content\/uploads\/2023\/08\/537030121201.png?fit=%2C&ssl=1\",\"contentUrl\":\"https:\/\/i0.wp.com\/comerciallin.com\/wp-content\/uploads\/2023\/08\/537030121201.png?fit=%2C&ssl=1\",\"caption\":\"BATERIA COMP DELL 33YDH\"},{\"@type\":\"WebPage\",\"@id\":\"https:\/\/comerciallin.com\/index.php\/producto\/bateria-comp-dell-33ydh\/#webpage\",\"url\":\"https:\/\/comerciallin.com\/index.php\/producto\/bateria-comp-dell-33ydh\/\",\"name\":\"BATERIA COMP DELL 33YDH - tienda de electr\\u00f3nica y computaci\\u00f3n\",\"isPartOf\":{\"@id\":\"https:\/\/comerciallin.com\/#website\"},\"primaryImageOfPage\":{\"@id\":\"https:\/\/comerciallin.com\/index.php\/producto\/bateria-comp-dell-33ydh\/#primaryimage\"},\"datePublished\":\"2023-04-19T17:07:11+00:00\",\"dateModified\":\"2025-01-14T18:54:13+00:00\",\"breadcrumb\":{\"@id\":\"https:\/\/comerciallin.com\/index.php\/producto\/bateria-comp-dell-33ydh\/#breadcrumb\"},\"inLanguage\":\"es\",\"potentialAction\":[{\"@type\":\"ReadAction\",\"target\":[\"https:\/\/comerciallin.com\/index.php\/producto\/bateria-comp-dell-33ydh\/\"]}]},{\"@type\":\"BreadcrumbList\",\"@id\":\"https:\/\/comerciallin.com\/index.php\/producto\/bateria-comp-dell-33ydh\/#breadcrumb\",\"itemListElement\":[{\"@type\":\"ListItem\",\"position\":1,\"name\":\"Inicio\",\"item\":\"https:\/\/comerciallin.com\/\"},{\"@type\":\"ListItem\",\"position\":2,\"name\":\"Shop\",\"item\":\"https:\/\/comerciallin.com\/?page_id=3853\"},{\"@type\":\"ListItem\",\"position\":3,\"name\":\"BATERIA COMP DELL 33YDH\"}]}]}<\/script>\n<meta property=\"product:price:amount\" content=\"78.20\" \/>\n<meta property=\"product:price:currency\" content=\"USD\" \/>\n<meta property=\"og:availability\" content=\"instock\" \/>\n<meta property=\"product:availability\" content=\"instock\" \/>\n<meta property=\"product:retailer_item_id\" content=\"537030121201\" \/>\n<meta property=\"product:condition\" content=\"new\" \/>\n<!-- \/ Yoast SEO Premium plugin. -->","yoast_head_json":{"title":"BATERIA COMP DELL 33YDH - tienda de electr\u00f3nica y computaci\u00f3n","robots":{"index":"index","follow":"follow","max-snippet":"max-snippet:-1","max-image-preview":"max-image-preview:large","max-video-preview":"max-video-preview:-1"},"canonical":"https:\/\/comerciallin.com\/index.php\/producto\/bateria-comp-dell-33ydh\/","og_locale":"es_ES","og_type":"article","og_title":"BATERIA COMP DELL 33YDH","og_description":"Bater\u00eda de 33YDH para Dell Inspiron 17 7000 7773 7786 7778 7789 2 en 1 15 7577 Latitude 13 3380 14 3490 15 3590 3580 G5 15 5587 GG7 3 357 9 3779 G7 7588 Vostro 7580 7570 PVHT1 P30E 81PF3 081PF3","og_url":"https:\/\/comerciallin.com\/index.php\/producto\/bateria-comp-dell-33ydh\/","og_site_name":"tienda de electr\u00f3nica y computaci\u00f3n","article_modified_time":"2025-01-14T18:54:13+00:00","twitter_card":"summary_large_image","twitter_image":"https:\/\/i0.wp.com\/comerciallin.com\/wp-content\/uploads\/2023\/08\/537030121201.png?fit=%2C&ssl=1","twitter_misc":{"Precio":"&#36;78,20","Availability":"In stock"},"schema":{"@context":"https:\/\/schema.org","@graph":[{"@type":"WebSite","@id":"https:\/\/comerciallin.com\/#website","url":"https:\/\/comerciallin.com\/","name":"tienda de electr\u00f3nica y computaci\u00f3n","description":"Importadora de Electr\u00f3nica y Computaci\u00f3n","potentialAction":[{"@type":"SearchAction","target":{"@type":"EntryPoint","urlTemplate":"https:\/\/comerciallin.com\/?s={search_term_string}"},"query-input":"required name=search_term_string"}],"inLanguage":"es"},{"@type":"ImageObject","@id":"https:\/\/comerciallin.com\/index.php\/producto\/bateria-comp-dell-33ydh\/#primaryimage","inLanguage":"es","url":"https:\/\/i0.wp.com\/comerciallin.com\/wp-content\/uploads\/2023\/08\/537030121201.png?fit=%2C&ssl=1","contentUrl":"https:\/\/i0.wp.com\/comerciallin.com\/wp-content\/uploads\/2023\/08\/537030121201.png?fit=%2C&ssl=1","caption":"BATERIA COMP DELL 33YDH"},{"@type":"WebPage","@id":"https:\/\/comerciallin.com\/index.php\/producto\/bateria-comp-dell-33ydh\/#webpage","url":"https:\/\/comerciallin.com\/index.php\/producto\/bateria-comp-dell-33ydh\/","name":"BATERIA COMP DELL 33YDH - tienda de electr\u00f3nica y computaci\u00f3n","isPartOf":{"@id":"https:\/\/comerciallin.com\/#website"},"primaryImageOfPage":{"@id":"https:\/\/comerciallin.com\/index.php\/producto\/bateria-comp-dell-33ydh\/#primaryimage"},"datePublished":"2023-04-19T17:07:11+00:00","dateModified":"2025-01-14T18:54:13+00:00","breadcrumb":{"@id":"https:\/\/comerciallin.com\/index.php\/producto\/bateria-comp-dell-33ydh\/#breadcrumb"},"inLanguage":"es","potentialAction":[{"@type":"ReadAction","target":["https:\/\/comerciallin.com\/index.php\/producto\/bateria-comp-dell-33ydh\/"]}]},{"@type":"BreadcrumbList","@id":"https:\/\/comerciallin.com\/index.php\/producto\/bateria-comp-dell-33ydh\/#breadcrumb","itemListElement":[{"@type":"ListItem","position":1,"name":"Inicio","item":"https:\/\/comerciallin.com\/"},{"@type":"ListItem","position":2,"name":"Shop","item":"https:\/\/comerciallin.com\/?page_id=3853"},{"@type":"ListItem","position":3,"name":"BATERIA COMP DELL 33YDH"}]}]},"product_price_amount":"78.20","product_price_currency":"USD","og_availability":"instock","product_availability":"instock","product_retailer_item_id":"537030121201","product_condition":"new"},"jetpack-related-posts":[{"id":19301,"url":"https:\/\/comerciallin.com\/index.php\/producto\/bateria-comp-dell-gjknx-e5480-5580\/","url_meta":{"origin":22501,"position":0},"title":"BATERIA COMP DELL GJKNX\/E5480-5580","date":"7 de noviembre de 2022","format":false,"excerpt":"Pilas 1 Pol\u00edmero de litio (Tipo de pila necesaria) Marca Dentsing Voltaje 7.6 Voltios Peso de la Bater\u00eda 100 Gramos Compatible Devices Laptop, Notebook","rel":"","context":"Entrada similar","img":{"alt_text":"","src":"","width":0,"height":0},"classes":[]},{"id":19189,"url":"https:\/\/comerciallin.com\/index.php\/producto\/bateria-comp-dell-demr90y-3521\/","url_meta":{"origin":22501,"position":1},"title":"BATERIA COMP DELL DEMR90Y\/3521","date":"7 de noviembre de 2022","format":false,"excerpt":"Voltaje 11.1 Voltios Peso de la Bater\u00eda 340 Gramos Compatible Devices Laptop","rel":"","context":"Entrada similar","img":{"alt_text":"BATERIA COMP DELL DEMR90Y\/3521","src":"https:\/\/i0.wp.com\/comerciallin.com\/wp-content\/uploads\/2023\/02\/537030100813.jpg?fit=992%2C744&ssl=1&resize=350%2C200","width":350,"height":200},"classes":[]},{"id":19281,"url":"https:\/\/comerciallin.com\/index.php\/producto\/bateria-p-lapto-dell-t54fj-m5y0x-e6420-e6520\/","url_meta":{"origin":22501,"position":2},"title":"BATERIA P. LAPTO DELL T54FJ\/M5Y0X\/E6420\/E6520","date":"7 de noviembre de 2022","format":false,"excerpt":"Marca DELL Voltaje 11.1 Voltios Dimensiones del art\u00edculo Largo x Ancho x Altura 9.7 x 3.6 x 1.9 pulgadas","rel":"","context":"Entrada similar","img":{"alt_text":"","src":"","width":0,"height":0},"classes":[]},{"id":19577,"url":"https:\/\/comerciallin.com\/index.php\/producto\/bateria-comp-dell-ryxxh-3150-3160\/","url_meta":{"origin":22501,"position":3},"title":"BATERIA COMP DELL RYXXH\/3150\/3160","date":"7 de noviembre de 2022","format":false,"excerpt":"Dell RYXXH Latitude E5250 E5450 E5550 Series 38WH 11.1V Laptop Battery","rel":"","context":"Entrada similar","img":{"alt_text":"","src":"","width":0,"height":0},"classes":[]},{"id":19138,"url":"https:\/\/comerciallin.com\/index.php\/producto\/bateria-comp-dell-e6220-e6230-e6320-e6330-e6w\/","url_meta":{"origin":22501,"position":4},"title":"BATERIA COMP DELL E6220\/E6230\/E6320\/E6330\/E6W","date":"7 de noviembre de 2022","format":false,"excerpt":"Bater\u00eda para laptop modelos E6230 E6220 E6320 E6330 E6430s","rel":"","context":"Entrada similar","img":{"alt_text":"","src":"","width":0,"height":0},"classes":[]},{"id":19070,"url":"https:\/\/comerciallin.com\/index.php\/producto\/bateria-comp-dell-mr90y-111v-65wh-3421-377\/","url_meta":{"origin":22501,"position":5},"title":"BATERIA COMP DELL MR90Y 11,1V-65WH\/ 3421\/377","date":"7 de noviembre de 2022","format":false,"excerpt":"Voltaje 11.1 Voltios Compatible Devices Laptop Tipo de celda de bater\u00eda Litio Ion","rel":"","context":"Entrada similar","img":{"alt_text":"BATERIA COMP DELL MR90Y 11,1V-65WH\/ 3421\/377","src":"https:\/\/i0.wp.com\/comerciallin.com\/wp-content\/uploads\/2023\/02\/4451606033.jpg?fit=992%2C744&ssl=1&resize=350%2C200","width":350,"height":200},"classes":[]}],"jetpack_sharing_enabled":true,"jetpack_likes_enabled":true,"_links":{"self":[{"href":"https:\/\/comerciallin.com\/index.php\/wp-json\/wp\/v2\/product\/22501"}],"collection":[{"href":"https:\/\/comerciallin.com\/index.php\/wp-json\/wp\/v2\/product"}],"about":[{"href":"https:\/\/comerciallin.com\/index.php\/wp-json\/wp\/v2\/types\/product"}],"replies":[{"embeddable":true,"href":"https:\/\/comerciallin.com\/index.php\/wp-json\/wp\/v2\/comments?post=22501"}],"wp:featuredmedia":[{"embeddable":true,"href":"https:\/\/comerciallin.com\/index.php\/wp-json\/wp\/v2\/media\/24777"}],"wp:attachment":[{"href":"https:\/\/comerciallin.com\/index.php\/wp-json\/wp\/v2\/media?parent=22501"}],"wp:term":[{"taxonomy":"product_cat","embeddable":true,"href":"https:\/\/comerciallin.com\/index.php\/wp-json\/wp\/v2\/product_cat?post=22501"},{"taxonomy":"product_tag","embeddable":true,"href":"https:\/\/comerciallin.com\/index.php\/wp-json\/wp\/v2\/product_tag?post=22501"}],"curies":[{"name":"wp","href":"https:\/\/api.w.org\/{rel}","templated":true}]}}