{"id":22493,"date":"2023-04-19T12:07:10","date_gmt":"2023-04-19T17:07:10","guid":{"rendered":"https:\/\/comerciallin.com\/index.php\/producto\/enclosure-3-5-usb-3-0\/"},"modified":"2025-12-26T11:45:48","modified_gmt":"2025-12-26T16:45:48","slug":"enclosure-3-5-usb-3-0","status":"publish","type":"product","link":"https:\/\/comerciallin.com\/index.php\/producto\/enclosure-3-5-usb-3-0\/","title":{"rendered":"ENCLOSURE DISCO 3.5&#8243; USB 3.0"},"content":{"rendered":"<ul>\n<li>Adecuado para disco duro SATA de 3,5 pulgadas. Simplemente agregue un disco duro SATA de 3,5 pulgadas y transfiera archivos<\/li>\n<li>El gabinete externo USB es compatible con USB 2.0<\/li>\n<li>Tasa de transferencia de hasta 480 Mbps<\/li>\n<li>Conecta y reproduce<\/li>\n<li>Intercambiables en caliente<\/li>\n<\/ul>\n","protected":false},"excerpt":{"rendered":"<ul>\n<li>Interfaz de hardware USB, USB 2.0<\/li>\n<li>Dispositivos compatibles Computadora personal<\/li>\n<li>Factor de forma de disco duro de 3,5 pulgadas<\/li>\n<\/ul>\n","protected":false},"featured_media":24909,"comment_status":"open","ping_status":"closed","template":"","meta":{"spay_email":""},"product_cat":[815],"product_tag":[],"supplier_id":null,"supplier_sku":"","barcode":null,"atum_controlled":true,"out_stock_date":null,"out_stock_threshold":null,"inheritable":false,"inbound_stock":null,"stock_on_hold":0,"sold_today":0,"sales_last_days":0,"reserved_stock":null,"customer_returns":null,"warehouse_damage":null,"lost_in_post":null,"other_logs":null,"out_stock_days":0,"lost_sales":0,"has_location":null,"update_date":"2026-05-07T00:17:34","atum_locations":[],"atum_stock_status":"instock","restock_status":false,"low_stock_amount":"","sales_update_date":"2026-05-07T00:17:34","calc_backorders":null,"acf":[],"yoast_head":"<!-- This site is optimized with the Yoast SEO Premium plugin v17.4 (Yoast SEO v17.4) - https:\/\/yoast.com\/wordpress\/plugins\/seo\/ -->\n<title>ENCLOSURE DISCO 3.5&quot; USB 3.0 - tienda de electr\u00f3nica y computaci\u00f3n<\/title>\n<meta name=\"robots\" content=\"index, follow, max-snippet:-1, max-image-preview:large, max-video-preview:-1\" \/>\n<link rel=\"canonical\" href=\"https:\/\/comerciallin.com\/index.php\/producto\/enclosure-3-5-usb-3-0\/\" \/>\n<meta property=\"og:locale\" content=\"es_ES\" \/>\n<meta property=\"og:type\" content=\"article\" \/>\n<meta property=\"og:title\" content=\"ENCLOSURE DISCO 3.5&quot; USB 3.0\" \/>\n<meta property=\"og:description\" content=\"Interfaz de hardware USB, USB 2.0 Dispositivos compatibles Computadora personal Factor de forma de disco duro de 3,5 pulgadas\" \/>\n<meta property=\"og:url\" content=\"https:\/\/comerciallin.com\/index.php\/producto\/enclosure-3-5-usb-3-0\/\" \/>\n<meta property=\"og:site_name\" content=\"tienda de electr\u00f3nica y computaci\u00f3n\" \/>\n<meta property=\"article:modified_time\" content=\"2025-12-26T16:45:48+00:00\" \/>\n<meta name=\"twitter:card\" content=\"summary_large_image\" \/>\n<meta name=\"twitter:image\" content=\"https:\/\/i0.wp.com\/comerciallin.com\/wp-content\/uploads\/2023\/08\/443030130201.png?fit=%2C&amp;ssl=1\" \/>\n<meta name=\"twitter:label1\" content=\"Precio\" \/>\n\t<meta name=\"twitter:data1\" content=\"&#36;18,40\" \/>\n\t<meta name=\"twitter:label2\" content=\"Availability\" \/>\n\t<meta name=\"twitter:data2\" content=\"In stock\" \/>\n<script type=\"application\/ld+json\" class=\"yoast-schema-graph\">{\"@context\":\"https:\/\/schema.org\",\"@graph\":[{\"@type\":\"WebSite\",\"@id\":\"https:\/\/comerciallin.com\/#website\",\"url\":\"https:\/\/comerciallin.com\/\",\"name\":\"tienda de electr\\u00f3nica y computaci\\u00f3n\",\"description\":\"Importadora de Electr\\u00f3nica y Computaci\\u00f3n\",\"potentialAction\":[{\"@type\":\"SearchAction\",\"target\":{\"@type\":\"EntryPoint\",\"urlTemplate\":\"https:\/\/comerciallin.com\/?s={search_term_string}\"},\"query-input\":\"required name=search_term_string\"}],\"inLanguage\":\"es\"},{\"@type\":\"ImageObject\",\"@id\":\"https:\/\/comerciallin.com\/index.php\/producto\/enclosure-3-5-usb-3-0\/#primaryimage\",\"inLanguage\":\"es\",\"url\":\"https:\/\/i0.wp.com\/comerciallin.com\/wp-content\/uploads\/2023\/08\/443030130201.png?fit=%2C&ssl=1\",\"contentUrl\":\"https:\/\/i0.wp.com\/comerciallin.com\/wp-content\/uploads\/2023\/08\/443030130201.png?fit=%2C&ssl=1\",\"caption\":\"ENCLOSURE 3.5\\\" USB 3.0\"},{\"@type\":\"WebPage\",\"@id\":\"https:\/\/comerciallin.com\/index.php\/producto\/enclosure-3-5-usb-3-0\/#webpage\",\"url\":\"https:\/\/comerciallin.com\/index.php\/producto\/enclosure-3-5-usb-3-0\/\",\"name\":\"ENCLOSURE DISCO 3.5\\\" USB 3.0 - tienda de electr\\u00f3nica y computaci\\u00f3n\",\"isPartOf\":{\"@id\":\"https:\/\/comerciallin.com\/#website\"},\"primaryImageOfPage\":{\"@id\":\"https:\/\/comerciallin.com\/index.php\/producto\/enclosure-3-5-usb-3-0\/#primaryimage\"},\"datePublished\":\"2023-04-19T17:07:10+00:00\",\"dateModified\":\"2025-12-26T16:45:48+00:00\",\"breadcrumb\":{\"@id\":\"https:\/\/comerciallin.com\/index.php\/producto\/enclosure-3-5-usb-3-0\/#breadcrumb\"},\"inLanguage\":\"es\",\"potentialAction\":[{\"@type\":\"ReadAction\",\"target\":[\"https:\/\/comerciallin.com\/index.php\/producto\/enclosure-3-5-usb-3-0\/\"]}]},{\"@type\":\"BreadcrumbList\",\"@id\":\"https:\/\/comerciallin.com\/index.php\/producto\/enclosure-3-5-usb-3-0\/#breadcrumb\",\"itemListElement\":[{\"@type\":\"ListItem\",\"position\":1,\"name\":\"Inicio\",\"item\":\"https:\/\/comerciallin.com\/\"},{\"@type\":\"ListItem\",\"position\":2,\"name\":\"Shop\",\"item\":\"https:\/\/comerciallin.com\/?page_id=3853\"},{\"@type\":\"ListItem\",\"position\":3,\"name\":\"ENCLOSURE DISCO 3.5&#8243; USB 3.0\"}]}]}<\/script>\n<meta property=\"product:price:amount\" content=\"18.40\" \/>\n<meta property=\"product:price:currency\" content=\"USD\" \/>\n<meta property=\"og:availability\" content=\"instock\" \/>\n<meta property=\"product:availability\" content=\"instock\" \/>\n<meta property=\"product:retailer_item_id\" content=\"443030130201\" \/>\n<meta property=\"product:condition\" content=\"new\" \/>\n<!-- \/ Yoast SEO Premium plugin. -->","yoast_head_json":{"title":"ENCLOSURE DISCO 3.5\" USB 3.0 - tienda de electr\u00f3nica y computaci\u00f3n","robots":{"index":"index","follow":"follow","max-snippet":"max-snippet:-1","max-image-preview":"max-image-preview:large","max-video-preview":"max-video-preview:-1"},"canonical":"https:\/\/comerciallin.com\/index.php\/producto\/enclosure-3-5-usb-3-0\/","og_locale":"es_ES","og_type":"article","og_title":"ENCLOSURE DISCO 3.5\" USB 3.0","og_description":"Interfaz de hardware USB, USB 2.0 Dispositivos compatibles Computadora personal Factor de forma de disco duro de 3,5 pulgadas","og_url":"https:\/\/comerciallin.com\/index.php\/producto\/enclosure-3-5-usb-3-0\/","og_site_name":"tienda de electr\u00f3nica y computaci\u00f3n","article_modified_time":"2025-12-26T16:45:48+00:00","twitter_card":"summary_large_image","twitter_image":"https:\/\/i0.wp.com\/comerciallin.com\/wp-content\/uploads\/2023\/08\/443030130201.png?fit=%2C&ssl=1","twitter_misc":{"Precio":"&#36;18,40","Availability":"In stock"},"schema":{"@context":"https:\/\/schema.org","@graph":[{"@type":"WebSite","@id":"https:\/\/comerciallin.com\/#website","url":"https:\/\/comerciallin.com\/","name":"tienda de electr\u00f3nica y computaci\u00f3n","description":"Importadora de Electr\u00f3nica y Computaci\u00f3n","potentialAction":[{"@type":"SearchAction","target":{"@type":"EntryPoint","urlTemplate":"https:\/\/comerciallin.com\/?s={search_term_string}"},"query-input":"required name=search_term_string"}],"inLanguage":"es"},{"@type":"ImageObject","@id":"https:\/\/comerciallin.com\/index.php\/producto\/enclosure-3-5-usb-3-0\/#primaryimage","inLanguage":"es","url":"https:\/\/i0.wp.com\/comerciallin.com\/wp-content\/uploads\/2023\/08\/443030130201.png?fit=%2C&ssl=1","contentUrl":"https:\/\/i0.wp.com\/comerciallin.com\/wp-content\/uploads\/2023\/08\/443030130201.png?fit=%2C&ssl=1","caption":"ENCLOSURE 3.5\" USB 3.0"},{"@type":"WebPage","@id":"https:\/\/comerciallin.com\/index.php\/producto\/enclosure-3-5-usb-3-0\/#webpage","url":"https:\/\/comerciallin.com\/index.php\/producto\/enclosure-3-5-usb-3-0\/","name":"ENCLOSURE DISCO 3.5\" USB 3.0 - tienda de electr\u00f3nica y computaci\u00f3n","isPartOf":{"@id":"https:\/\/comerciallin.com\/#website"},"primaryImageOfPage":{"@id":"https:\/\/comerciallin.com\/index.php\/producto\/enclosure-3-5-usb-3-0\/#primaryimage"},"datePublished":"2023-04-19T17:07:10+00:00","dateModified":"2025-12-26T16:45:48+00:00","breadcrumb":{"@id":"https:\/\/comerciallin.com\/index.php\/producto\/enclosure-3-5-usb-3-0\/#breadcrumb"},"inLanguage":"es","potentialAction":[{"@type":"ReadAction","target":["https:\/\/comerciallin.com\/index.php\/producto\/enclosure-3-5-usb-3-0\/"]}]},{"@type":"BreadcrumbList","@id":"https:\/\/comerciallin.com\/index.php\/producto\/enclosure-3-5-usb-3-0\/#breadcrumb","itemListElement":[{"@type":"ListItem","position":1,"name":"Inicio","item":"https:\/\/comerciallin.com\/"},{"@type":"ListItem","position":2,"name":"Shop","item":"https:\/\/comerciallin.com\/?page_id=3853"},{"@type":"ListItem","position":3,"name":"ENCLOSURE DISCO 3.5&#8243; USB 3.0"}]}]},"product_price_amount":"18.40","product_price_currency":"USD","og_availability":"instock","product_availability":"instock","product_retailer_item_id":"443030130201","product_condition":"new"},"jetpack-related-posts":[{"id":18781,"url":"https:\/\/comerciallin.com\/index.php\/producto\/adaptador-usb-3-0-a-sata\/","url_meta":{"origin":22493,"position":0},"title":"ADAPTADOR USB 3.0 A SATA","date":"7 de noviembre de 2022","format":false,"excerpt":"Material pl\u00e1stico Color Negro Disco duro SATA de 2.5\u00a0 Interfaz interna SATA Interfaz externa USB 3.0 y USB 2.0 Conecta y reproduce Capacidad de 2TB Compatible con: Windows Me \/ XP \/ Vista \/ 7 \/ 8 \/ 10 \/Mac9.1 anterior \/ 10.2 anterior; Linux","rel":"","context":"Entrada similar","img":{"alt_text":"ADAPTADOR USB 3.0 A SATA","src":"https:\/\/i0.wp.com\/comerciallin.com\/wp-content\/uploads\/2023\/02\/214030120605.jpg?fit=992%2C744&ssl=1&resize=350%2C200","width":350,"height":200},"classes":[]},{"id":18892,"url":"https:\/\/comerciallin.com\/index.php\/producto\/enclousure-2-5-usb-3-0-4tb-suport-trans\/","url_meta":{"origin":22493,"position":1},"title":"ENCLOUSURE 2.5&#8243; USB 3.0 4TB SUPORT TRANS","date":"7 de noviembre de 2022","format":false,"excerpt":"Enclouser 2,5 pulgadas carcasa de disco azul transparente, puede transferir 2.5 SATA SSD \/ HDD a la interfaz USB 3.0, una buena opci\u00f3n para la transferencia de datos y la copia de seguridad.","rel":"","context":"Entrada similar","img":{"alt_text":"","src":"","width":0,"height":0},"classes":[]},{"id":22495,"url":"https:\/\/comerciallin.com\/index.php\/producto\/enclosure-2-5-usb-3-0\/","url_meta":{"origin":22493,"position":2},"title":"ENCLOSURE 2.5&#8243; USB 3.0","date":"19 de abril de 2023","format":false,"excerpt":"Modelo: carcasa HDD externa Interfaz de salida: TYPE-A USB 3,0 Interfaz interior: 2,5 SATA Colores: plata, negro Garant\u00eda: Garant\u00eda de 1 a\u00f1o Apoyo:Disco duro SATA HDD 2,5","rel":"","context":"Entrada similar","img":{"alt_text":"","src":"","width":0,"height":0},"classes":[]},{"id":19609,"url":"https:\/\/comerciallin.com\/index.php\/producto\/disco-duro-ssd-240gb-adata\/","url_meta":{"origin":22493,"position":3},"title":"DISCO DURO SSD 240GB ADATA","date":"7 de noviembre de 2022","format":false,"excerpt":"Marca:\u00a0Adata Factor de forma:\u00a0SSD interno de 2,5 pulgadas Interfaz:\u00a0SATA 6.0Gb\/s Capacidad total:\u00a0240 GB* Garant\u00eda:\u00a0Limitada de 1 a\u00f1os Velocidad de lectura secuencial:\u00a0hasta 500 MB\/s** Velocidad de escritura secuencial:\u00a0hasta 350 MB\/s**","rel":"","context":"Entrada similar","img":{"alt_text":"","src":"","width":0,"height":0},"classes":[]},{"id":19275,"url":"https:\/\/comerciallin.com\/index.php\/producto\/t-madre-biostar-h310mhp-ddr4-sock1151\/","url_meta":{"origin":22493,"position":4},"title":"T. MADRE BIOSTAR H310MHP DDR4 SOCK1151","date":"7 de noviembre de 2022","format":false,"excerpt":"Compatible con procesadores Intel\u00ae Core\u2122 de 9.\u00aa y 8.\u00aa generaci\u00f3n Arquitectura de un solo chip Intel H310 Compatible con doble canal DDR4 2666\/2400\/2133\/1866 MHz Admite resoluci\u00f3n HDMI 4K Admite LAN GbE Soporte USB 3.2 Gen1","rel":"","context":"Entrada similar","img":{"alt_text":"","src":"","width":0,"height":0},"classes":[]},{"id":19712,"url":"https:\/\/comerciallin.com\/index.php\/producto\/parlante-mini-p-compu-a-1\/","url_meta":{"origin":22493,"position":5},"title":"PARLANTE MINI P. COMPU A-1","date":"8 de noviembre de 2022","format":false,"excerpt":"Ezeey, 2 uds., A1, Mini altavoz de escritorio, Audio Multimedia, port\u00e1til, Subwoofer USB, altavoz est\u00e9reo compacto, conector de 3,5 MM","rel":"","context":"Entrada similar","img":{"alt_text":"PARLANTE MINI P. COMPU A-1","src":"https:\/\/i0.wp.com\/comerciallin.com\/wp-content\/uploads\/2023\/02\/714030101001.jpg?fit=992%2C744&ssl=1&resize=350%2C200","width":350,"height":200},"classes":[]}],"jetpack_sharing_enabled":true,"jetpack_likes_enabled":true,"_links":{"self":[{"href":"https:\/\/comerciallin.com\/index.php\/wp-json\/wp\/v2\/product\/22493"}],"collection":[{"href":"https:\/\/comerciallin.com\/index.php\/wp-json\/wp\/v2\/product"}],"about":[{"href":"https:\/\/comerciallin.com\/index.php\/wp-json\/wp\/v2\/types\/product"}],"replies":[{"embeddable":true,"href":"https:\/\/comerciallin.com\/index.php\/wp-json\/wp\/v2\/comments?post=22493"}],"wp:featuredmedia":[{"embeddable":true,"href":"https:\/\/comerciallin.com\/index.php\/wp-json\/wp\/v2\/media\/24909"}],"wp:attachment":[{"href":"https:\/\/comerciallin.com\/index.php\/wp-json\/wp\/v2\/media?parent=22493"}],"wp:term":[{"taxonomy":"product_cat","embeddable":true,"href":"https:\/\/comerciallin.com\/index.php\/wp-json\/wp\/v2\/product_cat?post=22493"},{"taxonomy":"product_tag","embeddable":true,"href":"https:\/\/comerciallin.com\/index.php\/wp-json\/wp\/v2\/product_tag?post=22493"}],"curies":[{"name":"wp","href":"https:\/\/api.w.org\/{rel}","templated":true}]}}