{"id":22491,"date":"2023-04-19T12:07:10","date_gmt":"2023-04-19T17:07:10","guid":{"rendered":"https:\/\/comerciallin.com\/index.php\/producto\/convertidor-audio-digital-a-analogo\/"},"modified":"2025-01-14T13:55:48","modified_gmt":"2025-01-14T18:55:48","slug":"convertidor-audio-digital-a-analogo","status":"publish","type":"product","link":"https:\/\/comerciallin.com\/index.php\/producto\/convertidor-audio-digital-a-analogo\/","title":{"rendered":"CONVERTIDOR AUDIO DIGITAL A ANALOGO"},"content":{"rendered":"","protected":false},"excerpt":{"rendered":"","protected":false},"featured_media":24872,"comment_status":"open","ping_status":"closed","template":"","meta":{"spay_email":""},"product_cat":[789],"product_tag":[],"supplier_id":null,"supplier_sku":"","barcode":null,"atum_controlled":true,"out_stock_date":null,"out_stock_threshold":null,"inheritable":false,"inbound_stock":null,"stock_on_hold":0,"sold_today":0,"sales_last_days":0,"reserved_stock":null,"customer_returns":null,"warehouse_damage":null,"lost_in_post":null,"other_logs":null,"out_stock_days":0,"lost_sales":0,"has_location":null,"update_date":"2026-04-05T23:41:34","atum_locations":[],"atum_stock_status":"instock","restock_status":false,"low_stock_amount":"","sales_update_date":"2026-04-05T23:41:34","calc_backorders":null,"acf":[],"yoast_head":"<!-- This site is optimized with the Yoast SEO Premium plugin v17.4 (Yoast SEO v17.4) - https:\/\/yoast.com\/wordpress\/plugins\/seo\/ -->\n<title>CONVERTIDOR AUDIO DIGITAL A ANALOGO - tienda de electr\u00f3nica y computaci\u00f3n<\/title>\n<meta name=\"robots\" content=\"index, follow, max-snippet:-1, max-image-preview:large, max-video-preview:-1\" \/>\n<link rel=\"canonical\" href=\"https:\/\/comerciallin.com\/index.php\/producto\/convertidor-audio-digital-a-analogo\/\" \/>\n<meta property=\"og:locale\" content=\"es_ES\" \/>\n<meta property=\"og:type\" content=\"article\" \/>\n<meta property=\"og:title\" content=\"CONVERTIDOR AUDIO DIGITAL A ANALOGO\" \/>\n<meta property=\"og:url\" content=\"https:\/\/comerciallin.com\/index.php\/producto\/convertidor-audio-digital-a-analogo\/\" \/>\n<meta property=\"og:site_name\" content=\"tienda de electr\u00f3nica y computaci\u00f3n\" \/>\n<meta property=\"article:modified_time\" content=\"2025-01-14T18:55:48+00:00\" \/>\n<meta name=\"twitter:card\" content=\"summary_large_image\" \/>\n<meta name=\"twitter:image\" content=\"https:\/\/i0.wp.com\/comerciallin.com\/wp-content\/uploads\/2023\/08\/373030130204.png?fit=%2C&amp;ssl=1\" \/>\n<meta name=\"twitter:label1\" content=\"Precio\" \/>\n\t<meta name=\"twitter:data1\" content=\"&#36;8,05\" \/>\n\t<meta name=\"twitter:label2\" content=\"Availability\" \/>\n\t<meta name=\"twitter:data2\" content=\"In stock\" \/>\n<script type=\"application\/ld+json\" class=\"yoast-schema-graph\">{\"@context\":\"https:\/\/schema.org\",\"@graph\":[{\"@type\":\"WebSite\",\"@id\":\"https:\/\/comerciallin.com\/#website\",\"url\":\"https:\/\/comerciallin.com\/\",\"name\":\"tienda de electr\\u00f3nica y computaci\\u00f3n\",\"description\":\"Importadora de Electr\\u00f3nica y Computaci\\u00f3n\",\"potentialAction\":[{\"@type\":\"SearchAction\",\"target\":{\"@type\":\"EntryPoint\",\"urlTemplate\":\"https:\/\/comerciallin.com\/?s={search_term_string}\"},\"query-input\":\"required name=search_term_string\"}],\"inLanguage\":\"es\"},{\"@type\":\"ImageObject\",\"@id\":\"https:\/\/comerciallin.com\/index.php\/producto\/convertidor-audio-digital-a-analogo\/#primaryimage\",\"inLanguage\":\"es\",\"url\":\"https:\/\/i0.wp.com\/comerciallin.com\/wp-content\/uploads\/2023\/08\/373030130204.png?fit=%2C&ssl=1\",\"contentUrl\":\"https:\/\/i0.wp.com\/comerciallin.com\/wp-content\/uploads\/2023\/08\/373030130204.png?fit=%2C&ssl=1\",\"caption\":\"CONVERTIDOR AUDIO DIGITAL A ANALOGO\"},{\"@type\":\"WebPage\",\"@id\":\"https:\/\/comerciallin.com\/index.php\/producto\/convertidor-audio-digital-a-analogo\/#webpage\",\"url\":\"https:\/\/comerciallin.com\/index.php\/producto\/convertidor-audio-digital-a-analogo\/\",\"name\":\"CONVERTIDOR AUDIO DIGITAL A ANALOGO - tienda de electr\\u00f3nica y computaci\\u00f3n\",\"isPartOf\":{\"@id\":\"https:\/\/comerciallin.com\/#website\"},\"primaryImageOfPage\":{\"@id\":\"https:\/\/comerciallin.com\/index.php\/producto\/convertidor-audio-digital-a-analogo\/#primaryimage\"},\"datePublished\":\"2023-04-19T17:07:10+00:00\",\"dateModified\":\"2025-01-14T18:55:48+00:00\",\"breadcrumb\":{\"@id\":\"https:\/\/comerciallin.com\/index.php\/producto\/convertidor-audio-digital-a-analogo\/#breadcrumb\"},\"inLanguage\":\"es\",\"potentialAction\":[{\"@type\":\"ReadAction\",\"target\":[\"https:\/\/comerciallin.com\/index.php\/producto\/convertidor-audio-digital-a-analogo\/\"]}]},{\"@type\":\"BreadcrumbList\",\"@id\":\"https:\/\/comerciallin.com\/index.php\/producto\/convertidor-audio-digital-a-analogo\/#breadcrumb\",\"itemListElement\":[{\"@type\":\"ListItem\",\"position\":1,\"name\":\"Inicio\",\"item\":\"https:\/\/comerciallin.com\/\"},{\"@type\":\"ListItem\",\"position\":2,\"name\":\"Shop\",\"item\":\"https:\/\/comerciallin.com\/?page_id=3853\"},{\"@type\":\"ListItem\",\"position\":3,\"name\":\"CONVERTIDOR AUDIO DIGITAL A ANALOGO\"}]}]}<\/script>\n<meta property=\"product:price:amount\" content=\"8.05\" \/>\n<meta property=\"product:price:currency\" content=\"USD\" \/>\n<meta property=\"og:availability\" content=\"instock\" \/>\n<meta property=\"product:availability\" content=\"instock\" \/>\n<meta property=\"product:retailer_item_id\" content=\"373030130204\" \/>\n<meta property=\"product:condition\" content=\"new\" \/>\n<!-- \/ Yoast SEO Premium plugin. -->","yoast_head_json":{"title":"CONVERTIDOR AUDIO DIGITAL A ANALOGO - tienda de electr\u00f3nica y computaci\u00f3n","robots":{"index":"index","follow":"follow","max-snippet":"max-snippet:-1","max-image-preview":"max-image-preview:large","max-video-preview":"max-video-preview:-1"},"canonical":"https:\/\/comerciallin.com\/index.php\/producto\/convertidor-audio-digital-a-analogo\/","og_locale":"es_ES","og_type":"article","og_title":"CONVERTIDOR AUDIO DIGITAL A ANALOGO","og_url":"https:\/\/comerciallin.com\/index.php\/producto\/convertidor-audio-digital-a-analogo\/","og_site_name":"tienda de electr\u00f3nica y computaci\u00f3n","article_modified_time":"2025-01-14T18:55:48+00:00","twitter_card":"summary_large_image","twitter_image":"https:\/\/i0.wp.com\/comerciallin.com\/wp-content\/uploads\/2023\/08\/373030130204.png?fit=%2C&ssl=1","twitter_misc":{"Precio":"&#36;8,05","Availability":"In stock"},"schema":{"@context":"https:\/\/schema.org","@graph":[{"@type":"WebSite","@id":"https:\/\/comerciallin.com\/#website","url":"https:\/\/comerciallin.com\/","name":"tienda de electr\u00f3nica y computaci\u00f3n","description":"Importadora de Electr\u00f3nica y Computaci\u00f3n","potentialAction":[{"@type":"SearchAction","target":{"@type":"EntryPoint","urlTemplate":"https:\/\/comerciallin.com\/?s={search_term_string}"},"query-input":"required name=search_term_string"}],"inLanguage":"es"},{"@type":"ImageObject","@id":"https:\/\/comerciallin.com\/index.php\/producto\/convertidor-audio-digital-a-analogo\/#primaryimage","inLanguage":"es","url":"https:\/\/i0.wp.com\/comerciallin.com\/wp-content\/uploads\/2023\/08\/373030130204.png?fit=%2C&ssl=1","contentUrl":"https:\/\/i0.wp.com\/comerciallin.com\/wp-content\/uploads\/2023\/08\/373030130204.png?fit=%2C&ssl=1","caption":"CONVERTIDOR AUDIO DIGITAL A ANALOGO"},{"@type":"WebPage","@id":"https:\/\/comerciallin.com\/index.php\/producto\/convertidor-audio-digital-a-analogo\/#webpage","url":"https:\/\/comerciallin.com\/index.php\/producto\/convertidor-audio-digital-a-analogo\/","name":"CONVERTIDOR AUDIO DIGITAL A ANALOGO - tienda de electr\u00f3nica y computaci\u00f3n","isPartOf":{"@id":"https:\/\/comerciallin.com\/#website"},"primaryImageOfPage":{"@id":"https:\/\/comerciallin.com\/index.php\/producto\/convertidor-audio-digital-a-analogo\/#primaryimage"},"datePublished":"2023-04-19T17:07:10+00:00","dateModified":"2025-01-14T18:55:48+00:00","breadcrumb":{"@id":"https:\/\/comerciallin.com\/index.php\/producto\/convertidor-audio-digital-a-analogo\/#breadcrumb"},"inLanguage":"es","potentialAction":[{"@type":"ReadAction","target":["https:\/\/comerciallin.com\/index.php\/producto\/convertidor-audio-digital-a-analogo\/"]}]},{"@type":"BreadcrumbList","@id":"https:\/\/comerciallin.com\/index.php\/producto\/convertidor-audio-digital-a-analogo\/#breadcrumb","itemListElement":[{"@type":"ListItem","position":1,"name":"Inicio","item":"https:\/\/comerciallin.com\/"},{"@type":"ListItem","position":2,"name":"Shop","item":"https:\/\/comerciallin.com\/?page_id=3853"},{"@type":"ListItem","position":3,"name":"CONVERTIDOR AUDIO DIGITAL A ANALOGO"}]}]},"product_price_amount":"8.05","product_price_currency":"USD","og_availability":"instock","product_availability":"instock","product_retailer_item_id":"373030130204","product_condition":"new"},"jetpack-related-posts":[{"id":25842,"url":"https:\/\/comerciallin.com\/index.php\/producto\/adaptador-hdmi-vga-con-audio-2\/","url_meta":{"origin":22491,"position":0},"title":"ADAPTADOR HDMI A VGA \/ CON AUDIO","date":"17 de noviembre de 2023","format":false,"excerpt":"\u00a1Conecta tu dispositivo HDMI a cualquier pantalla VGA! \u00bfTienes un dispositivo con salida HDMI pero tu pantalla solo tiene entrada VGA? \u00a1No te preocupes, tenemos la soluci\u00f3n! Nuestro convertidor HDMI a VGA es la opci\u00f3n perfecta para ti. Es f\u00e1cil de usar y te permite conectar tu dispositivo HDMI a\u2026","rel":"","context":"Entrada similar","img":{"alt_text":"","src":"","width":0,"height":0},"classes":[]},{"id":18719,"url":"https:\/\/comerciallin.com\/index.php\/producto\/tarjeta-sonido-mic-usb-2-1-pc\/","url_meta":{"origin":22491,"position":1},"title":"TARJETA SONIDO\/MIC USB 2.1 PC","date":"7 de noviembre de 2022","format":false,"excerpt":"Convertidor de audio USB a Auxiliar 3.5mm","rel":"","context":"Entrada similar","img":{"alt_text":"","src":"","width":0,"height":0},"classes":[]},{"id":25407,"url":"https:\/\/comerciallin.com\/index.php\/producto\/multimetro-analogo-mf-47\/","url_meta":{"origin":22491,"position":2},"title":"MULTIMETRO ANALOGO MF-47","date":"31 de agosto de 2023","format":false,"excerpt":"","rel":"","context":"Entrada similar","img":{"alt_text":"","src":"","width":0,"height":0},"classes":[]},{"id":25403,"url":"https:\/\/comerciallin.com\/index.php\/producto\/multimetro-analogico-yx-960-new\/","url_meta":{"origin":22491,"position":3},"title":"MULTIMETRO ANALOGICO YX-960 NEW","date":"31 de agosto de 2023","format":false,"excerpt":"","rel":"","context":"Entrada similar","img":{"alt_text":"","src":"","width":0,"height":0},"classes":[]},{"id":22767,"url":"https:\/\/comerciallin.com\/index.php\/producto\/cable-audio-6-3-6-3-mono-3m\/","url_meta":{"origin":22491,"position":4},"title":"CABLE AUDIO 6.3-6.3 MONO 3M","date":"24 de abril de 2023","format":false,"excerpt":"","rel":"","context":"Entrada similar","img":{"alt_text":"","src":"","width":0,"height":0},"classes":[]}],"jetpack_sharing_enabled":true,"jetpack_likes_enabled":true,"_links":{"self":[{"href":"https:\/\/comerciallin.com\/index.php\/wp-json\/wp\/v2\/product\/22491"}],"collection":[{"href":"https:\/\/comerciallin.com\/index.php\/wp-json\/wp\/v2\/product"}],"about":[{"href":"https:\/\/comerciallin.com\/index.php\/wp-json\/wp\/v2\/types\/product"}],"replies":[{"embeddable":true,"href":"https:\/\/comerciallin.com\/index.php\/wp-json\/wp\/v2\/comments?post=22491"}],"wp:featuredmedia":[{"embeddable":true,"href":"https:\/\/comerciallin.com\/index.php\/wp-json\/wp\/v2\/media\/24872"}],"wp:attachment":[{"href":"https:\/\/comerciallin.com\/index.php\/wp-json\/wp\/v2\/media?parent=22491"}],"wp:term":[{"taxonomy":"product_cat","embeddable":true,"href":"https:\/\/comerciallin.com\/index.php\/wp-json\/wp\/v2\/product_cat?post=22491"},{"taxonomy":"product_tag","embeddable":true,"href":"https:\/\/comerciallin.com\/index.php\/wp-json\/wp\/v2\/product_tag?post=22491"}],"curies":[{"name":"wp","href":"https:\/\/api.w.org\/{rel}","templated":true}]}}