{"id":22487,"date":"2023-04-19T12:07:09","date_gmt":"2023-04-19T17:07:09","guid":{"rendered":"https:\/\/comerciallin.com\/index.php\/producto\/balum-de-video-p-camara\/"},"modified":"2025-01-14T13:53:59","modified_gmt":"2025-01-14T18:53:59","slug":"balum-de-video-p-camara","status":"publish","type":"product","link":"https:\/\/comerciallin.com\/index.php\/producto\/balum-de-video-p-camara\/","title":{"rendered":"BALUM DE VIDEO P CAMARA"},"content":{"rendered":"","protected":false},"excerpt":{"rendered":"","protected":false},"featured_media":24741,"comment_status":"open","ping_status":"closed","template":"","meta":{"spay_email":""},"product_cat":[789],"product_tag":[],"supplier_id":null,"supplier_sku":"","barcode":null,"atum_controlled":true,"out_stock_date":null,"out_stock_threshold":null,"inheritable":false,"inbound_stock":null,"stock_on_hold":0,"sold_today":0,"sales_last_days":0,"reserved_stock":null,"customer_returns":null,"warehouse_damage":null,"lost_in_post":null,"other_logs":null,"out_stock_days":0,"lost_sales":0,"has_location":null,"update_date":"2026-04-30T00:11:43","atum_locations":[],"atum_stock_status":"instock","restock_status":false,"low_stock_amount":"","sales_update_date":"2026-04-30T00:11:43","calc_backorders":null,"acf":[],"yoast_head":"<!-- This site is optimized with the Yoast SEO Premium plugin v17.4 (Yoast SEO v17.4) - https:\/\/yoast.com\/wordpress\/plugins\/seo\/ -->\n<title>BALUM DE VIDEO P CAMARA - tienda de electr\u00f3nica y computaci\u00f3n<\/title>\n<meta name=\"robots\" content=\"index, follow, max-snippet:-1, max-image-preview:large, max-video-preview:-1\" \/>\n<link rel=\"canonical\" href=\"https:\/\/comerciallin.com\/index.php\/producto\/balum-de-video-p-camara\/\" \/>\n<meta property=\"og:locale\" content=\"es_ES\" \/>\n<meta property=\"og:type\" content=\"article\" \/>\n<meta property=\"og:title\" content=\"BALUM DE VIDEO P CAMARA\" \/>\n<meta property=\"og:url\" content=\"https:\/\/comerciallin.com\/index.php\/producto\/balum-de-video-p-camara\/\" \/>\n<meta property=\"og:site_name\" content=\"tienda de electr\u00f3nica y computaci\u00f3n\" \/>\n<meta property=\"article:modified_time\" content=\"2025-01-14T18:53:59+00:00\" \/>\n<meta property=\"og:image\" content=\"https:\/\/comerciallin.com\/wp-content\/uploads\/2023\/08\/373030130202.png\" \/>\n\t<meta property=\"og:image:width\" content=\"600\" \/>\n\t<meta property=\"og:image:height\" content=\"450\" \/>\n<meta name=\"twitter:card\" content=\"summary_large_image\" \/>\n<meta name=\"twitter:label1\" content=\"Precio\" \/>\n\t<meta name=\"twitter:data1\" content=\"&#36;2,88\" \/>\n\t<meta name=\"twitter:label2\" content=\"Availability\" \/>\n\t<meta name=\"twitter:data2\" content=\"In stock\" \/>\n<script type=\"application\/ld+json\" class=\"yoast-schema-graph\">{\"@context\":\"https:\/\/schema.org\",\"@graph\":[{\"@type\":\"WebSite\",\"@id\":\"https:\/\/comerciallin.com\/#website\",\"url\":\"https:\/\/comerciallin.com\/\",\"name\":\"tienda de electr\\u00f3nica y computaci\\u00f3n\",\"description\":\"Importadora de Electr\\u00f3nica y Computaci\\u00f3n\",\"potentialAction\":[{\"@type\":\"SearchAction\",\"target\":{\"@type\":\"EntryPoint\",\"urlTemplate\":\"https:\/\/comerciallin.com\/?s={search_term_string}\"},\"query-input\":\"required name=search_term_string\"}],\"inLanguage\":\"es\"},{\"@type\":\"ImageObject\",\"@id\":\"https:\/\/comerciallin.com\/index.php\/producto\/balum-de-video-p-camara\/#primaryimage\",\"inLanguage\":\"es\",\"url\":\"https:\/\/i0.wp.com\/comerciallin.com\/wp-content\/uploads\/2023\/08\/373030130202.png?fit=600%2C450&ssl=1\",\"contentUrl\":\"https:\/\/i0.wp.com\/comerciallin.com\/wp-content\/uploads\/2023\/08\/373030130202.png?fit=600%2C450&ssl=1\",\"width\":600,\"height\":450,\"caption\":\"BALUM DE VIDEO P CAMARA\"},{\"@type\":\"WebPage\",\"@id\":\"https:\/\/comerciallin.com\/index.php\/producto\/balum-de-video-p-camara\/#webpage\",\"url\":\"https:\/\/comerciallin.com\/index.php\/producto\/balum-de-video-p-camara\/\",\"name\":\"BALUM DE VIDEO P CAMARA - tienda de electr\\u00f3nica y computaci\\u00f3n\",\"isPartOf\":{\"@id\":\"https:\/\/comerciallin.com\/#website\"},\"primaryImageOfPage\":{\"@id\":\"https:\/\/comerciallin.com\/index.php\/producto\/balum-de-video-p-camara\/#primaryimage\"},\"datePublished\":\"2023-04-19T17:07:09+00:00\",\"dateModified\":\"2025-01-14T18:53:59+00:00\",\"breadcrumb\":{\"@id\":\"https:\/\/comerciallin.com\/index.php\/producto\/balum-de-video-p-camara\/#breadcrumb\"},\"inLanguage\":\"es\",\"potentialAction\":[{\"@type\":\"ReadAction\",\"target\":[\"https:\/\/comerciallin.com\/index.php\/producto\/balum-de-video-p-camara\/\"]}]},{\"@type\":\"BreadcrumbList\",\"@id\":\"https:\/\/comerciallin.com\/index.php\/producto\/balum-de-video-p-camara\/#breadcrumb\",\"itemListElement\":[{\"@type\":\"ListItem\",\"position\":1,\"name\":\"Inicio\",\"item\":\"https:\/\/comerciallin.com\/\"},{\"@type\":\"ListItem\",\"position\":2,\"name\":\"Shop\",\"item\":\"https:\/\/comerciallin.com\/?page_id=3853\"},{\"@type\":\"ListItem\",\"position\":3,\"name\":\"BALUM DE VIDEO P CAMARA\"}]}]}<\/script>\n<meta property=\"product:price:amount\" content=\"2.88\" \/>\n<meta property=\"product:price:currency\" content=\"USD\" \/>\n<meta property=\"og:availability\" content=\"instock\" \/>\n<meta property=\"product:availability\" content=\"instock\" \/>\n<meta property=\"product:retailer_item_id\" content=\"373030130202\" \/>\n<meta property=\"product:condition\" content=\"new\" \/>\n<!-- \/ Yoast SEO Premium plugin. -->","yoast_head_json":{"title":"BALUM DE VIDEO P CAMARA - tienda de electr\u00f3nica y computaci\u00f3n","robots":{"index":"index","follow":"follow","max-snippet":"max-snippet:-1","max-image-preview":"max-image-preview:large","max-video-preview":"max-video-preview:-1"},"canonical":"https:\/\/comerciallin.com\/index.php\/producto\/balum-de-video-p-camara\/","og_locale":"es_ES","og_type":"article","og_title":"BALUM DE VIDEO P CAMARA","og_url":"https:\/\/comerciallin.com\/index.php\/producto\/balum-de-video-p-camara\/","og_site_name":"tienda de electr\u00f3nica y computaci\u00f3n","article_modified_time":"2025-01-14T18:53:59+00:00","og_image":[{"width":600,"height":450,"url":"https:\/\/comerciallin.com\/wp-content\/uploads\/2023\/08\/373030130202.png","type":"image\/png"}],"twitter_card":"summary_large_image","twitter_misc":{"Precio":"&#36;2,88","Availability":"In stock"},"schema":{"@context":"https:\/\/schema.org","@graph":[{"@type":"WebSite","@id":"https:\/\/comerciallin.com\/#website","url":"https:\/\/comerciallin.com\/","name":"tienda de electr\u00f3nica y computaci\u00f3n","description":"Importadora de Electr\u00f3nica y Computaci\u00f3n","potentialAction":[{"@type":"SearchAction","target":{"@type":"EntryPoint","urlTemplate":"https:\/\/comerciallin.com\/?s={search_term_string}"},"query-input":"required name=search_term_string"}],"inLanguage":"es"},{"@type":"ImageObject","@id":"https:\/\/comerciallin.com\/index.php\/producto\/balum-de-video-p-camara\/#primaryimage","inLanguage":"es","url":"https:\/\/i0.wp.com\/comerciallin.com\/wp-content\/uploads\/2023\/08\/373030130202.png?fit=600%2C450&ssl=1","contentUrl":"https:\/\/i0.wp.com\/comerciallin.com\/wp-content\/uploads\/2023\/08\/373030130202.png?fit=600%2C450&ssl=1","width":600,"height":450,"caption":"BALUM DE VIDEO P CAMARA"},{"@type":"WebPage","@id":"https:\/\/comerciallin.com\/index.php\/producto\/balum-de-video-p-camara\/#webpage","url":"https:\/\/comerciallin.com\/index.php\/producto\/balum-de-video-p-camara\/","name":"BALUM DE VIDEO P CAMARA - tienda de electr\u00f3nica y computaci\u00f3n","isPartOf":{"@id":"https:\/\/comerciallin.com\/#website"},"primaryImageOfPage":{"@id":"https:\/\/comerciallin.com\/index.php\/producto\/balum-de-video-p-camara\/#primaryimage"},"datePublished":"2023-04-19T17:07:09+00:00","dateModified":"2025-01-14T18:53:59+00:00","breadcrumb":{"@id":"https:\/\/comerciallin.com\/index.php\/producto\/balum-de-video-p-camara\/#breadcrumb"},"inLanguage":"es","potentialAction":[{"@type":"ReadAction","target":["https:\/\/comerciallin.com\/index.php\/producto\/balum-de-video-p-camara\/"]}]},{"@type":"BreadcrumbList","@id":"https:\/\/comerciallin.com\/index.php\/producto\/balum-de-video-p-camara\/#breadcrumb","itemListElement":[{"@type":"ListItem","position":1,"name":"Inicio","item":"https:\/\/comerciallin.com\/"},{"@type":"ListItem","position":2,"name":"Shop","item":"https:\/\/comerciallin.com\/?page_id=3853"},{"@type":"ListItem","position":3,"name":"BALUM DE VIDEO P CAMARA"}]}]},"product_price_amount":"2.88","product_price_currency":"USD","og_availability":"instock","product_availability":"instock","product_retailer_item_id":"373030130202","product_condition":"new"},"jetpack-related-posts":[{"id":26114,"url":"https:\/\/comerciallin.com\/index.php\/producto\/bateria-camara-video-fnp-60\/","url_meta":{"origin":22487,"position":0},"title":"BATERIA CAMARA VIDEO FNP-60","date":"29 de enero de 2024","format":false,"excerpt":"La bater\u00eda de c\u00e1mara video FNP-60 es una bater\u00eda de iones de litio de 1200 mAh que proporciona un tiempo de grabaci\u00f3n prolongado para una variedad de c\u00e1maras de video Fujifilm.","rel":"","context":"Entrada similar","img":{"alt_text":"BATERIA CAMARA VIDEO FNP-60","src":"https:\/\/i0.wp.com\/comerciallin.com\/wp-content\/uploads\/2024\/01\/421206010112-1.jpg?fit=1080%2C1080&ssl=1&resize=350%2C200","width":350,"height":200},"classes":[]},{"id":23195,"url":"https:\/\/comerciallin.com\/index.php\/producto\/bateria-camara-video-fm50\/","url_meta":{"origin":22487,"position":1},"title":"BATERIA CAMARA VIDEO FM50","date":"25 de abril de 2023","format":false,"excerpt":"","rel":"","context":"Entrada similar","img":{"alt_text":"","src":"","width":0,"height":0},"classes":[]},{"id":23201,"url":"https:\/\/comerciallin.com\/index.php\/producto\/bateria-camara-video-bn1\/","url_meta":{"origin":22487,"position":2},"title":"BATERIA CAMARA VIDEO BN1","date":"25 de abril de 2023","format":false,"excerpt":"","rel":"","context":"Entrada similar","img":{"alt_text":"","src":"","width":0,"height":0},"classes":[]},{"id":23165,"url":"https:\/\/comerciallin.com\/index.php\/producto\/bateria-camara-video-fw50-sony\/","url_meta":{"origin":22487,"position":3},"title":"BATERIA CAMARA VIDEO FW50 SONY","date":"25 de abril de 2023","format":false,"excerpt":"","rel":"","context":"Entrada similar","img":{"alt_text":"","src":"","width":0,"height":0},"classes":[]}],"jetpack_sharing_enabled":true,"jetpack_likes_enabled":true,"_links":{"self":[{"href":"https:\/\/comerciallin.com\/index.php\/wp-json\/wp\/v2\/product\/22487"}],"collection":[{"href":"https:\/\/comerciallin.com\/index.php\/wp-json\/wp\/v2\/product"}],"about":[{"href":"https:\/\/comerciallin.com\/index.php\/wp-json\/wp\/v2\/types\/product"}],"replies":[{"embeddable":true,"href":"https:\/\/comerciallin.com\/index.php\/wp-json\/wp\/v2\/comments?post=22487"}],"wp:featuredmedia":[{"embeddable":true,"href":"https:\/\/comerciallin.com\/index.php\/wp-json\/wp\/v2\/media\/24741"}],"wp:attachment":[{"href":"https:\/\/comerciallin.com\/index.php\/wp-json\/wp\/v2\/media?parent=22487"}],"wp:term":[{"taxonomy":"product_cat","embeddable":true,"href":"https:\/\/comerciallin.com\/index.php\/wp-json\/wp\/v2\/product_cat?post=22487"},{"taxonomy":"product_tag","embeddable":true,"href":"https:\/\/comerciallin.com\/index.php\/wp-json\/wp\/v2\/product_tag?post=22487"}],"curies":[{"name":"wp","href":"https:\/\/api.w.org\/{rel}","templated":true}]}}