{"id":22439,"date":"2023-04-19T12:06:59","date_gmt":"2023-04-19T17:06:59","guid":{"rendered":"https:\/\/comerciallin.com\/index.php\/producto\/impresora-epson-matricial-lx-350-9pin-80col\/"},"modified":"2025-01-14T13:56:25","modified_gmt":"2025-01-14T18:56:25","slug":"impresora-epson-matricial-lx-350-9pin-80col","status":"publish","type":"product","link":"https:\/\/comerciallin.com\/index.php\/producto\/impresora-epson-matricial-lx-350-9pin-80col\/","title":{"rendered":"IMPRESORA EPSON MATRICIAL LX-350 9PIN 80COL"},"content":{"rendered":"<h3>Confiabilidad y robustez en un tama&ntilde;o compacto<\/h3>\n<p>Con tecnolog&iacute;a de 9 pines, la LX-350 alcanza velocidades de impresi&oacute;n de hasta 390 cps. Su conectividad USB y Paralela y un nuevo dise&ntilde;o m&aacute;s compacto (362 mm x 275 mm x 154 mm) la hacen una impresora muy pr&aacute;ctica en el mercado e ideal para cualquier tipo de &aacute;rea de trabajo. La LX-350 ofrece una confiabilidad asegurada de 10,000 horas de uso, un bajo costo de mantenimiento y ahora una nueva cinta con mayor rendimiento de hasta 4 millones de caracteres. La nueva LX-350 es la impresora ideal para negocios que buscan desempe&ntilde;o con ahorro.<\/p>\n","protected":false},"excerpt":{"rendered":"<ul>\n<li>Mayor confiabilidad<\/li>\n<li>Alta velocidad de impresi&oacute;n en diversos tama&ntilde;os<\/li>\n<li>Nueva cinta original de mayor rendimiento<\/li>\n<li>Gran conectividad<\/li>\n<\/ul>\n","protected":false},"featured_media":24960,"comment_status":"open","ping_status":"closed","template":"","meta":{"spay_email":""},"product_cat":[813],"product_tag":[],"supplier_id":null,"supplier_sku":"","barcode":null,"atum_controlled":true,"out_stock_date":null,"out_stock_threshold":null,"inheritable":false,"inbound_stock":0,"stock_on_hold":0,"sold_today":0,"sales_last_days":0,"reserved_stock":0,"customer_returns":0,"warehouse_damage":0,"lost_in_post":0,"other_logs":0,"out_stock_days":0,"lost_sales":0,"has_location":false,"update_date":"2026-04-13T23:53:16","atum_locations":[],"atum_stock_status":"instock","restock_status":false,"low_stock_amount":"","sales_update_date":"2026-04-13T23:53:16","calc_backorders":null,"acf":[],"yoast_head":"<!-- This site is optimized with the Yoast SEO Premium plugin v17.4 (Yoast SEO v17.4) - https:\/\/yoast.com\/wordpress\/plugins\/seo\/ -->\n<title>IMPRESORA EPSON MATRICIAL LX-350 9PIN 80COL - tienda de electr\u00f3nica y computaci\u00f3n<\/title>\n<meta name=\"robots\" content=\"index, follow, max-snippet:-1, max-image-preview:large, max-video-preview:-1\" \/>\n<link rel=\"canonical\" href=\"https:\/\/comerciallin.com\/index.php\/producto\/impresora-epson-matricial-lx-350-9pin-80col\/\" \/>\n<meta property=\"og:locale\" content=\"es_ES\" \/>\n<meta property=\"og:type\" content=\"article\" \/>\n<meta property=\"og:title\" content=\"IMPRESORA EPSON MATRICIAL LX-350 9PIN 80COL\" \/>\n<meta property=\"og:description\" content=\"Mayor confiabilidad Alta velocidad de impresi&oacute;n en diversos tama&ntilde;os Nueva cinta original de mayor rendimiento Gran conectividad\" \/>\n<meta property=\"og:url\" content=\"https:\/\/comerciallin.com\/index.php\/producto\/impresora-epson-matricial-lx-350-9pin-80col\/\" \/>\n<meta property=\"og:site_name\" content=\"tienda de electr\u00f3nica y computaci\u00f3n\" \/>\n<meta property=\"article:modified_time\" content=\"2025-01-14T18:56:25+00:00\" \/>\n<meta name=\"twitter:card\" content=\"summary_large_image\" \/>\n<meta name=\"twitter:image\" content=\"https:\/\/i0.wp.com\/comerciallin.com\/wp-content\/uploads\/2023\/08\/054030100704.png?fit=%2C&amp;ssl=1\" \/>\n<meta name=\"twitter:label1\" content=\"Precio\" \/>\n\t<meta name=\"twitter:data1\" content=\"&#36;287,50\" \/>\n\t<meta name=\"twitter:label2\" content=\"Availability\" \/>\n\t<meta name=\"twitter:data2\" content=\"In stock\" \/>\n<script type=\"application\/ld+json\" class=\"yoast-schema-graph\">{\"@context\":\"https:\/\/schema.org\",\"@graph\":[{\"@type\":\"WebSite\",\"@id\":\"https:\/\/comerciallin.com\/#website\",\"url\":\"https:\/\/comerciallin.com\/\",\"name\":\"tienda de electr\\u00f3nica y computaci\\u00f3n\",\"description\":\"Importadora de Electr\\u00f3nica y Computaci\\u00f3n\",\"potentialAction\":[{\"@type\":\"SearchAction\",\"target\":{\"@type\":\"EntryPoint\",\"urlTemplate\":\"https:\/\/comerciallin.com\/?s={search_term_string}\"},\"query-input\":\"required name=search_term_string\"}],\"inLanguage\":\"es\"},{\"@type\":\"ImageObject\",\"@id\":\"https:\/\/comerciallin.com\/index.php\/producto\/impresora-epson-matricial-lx-350-9pin-80col\/#primaryimage\",\"inLanguage\":\"es\",\"url\":\"https:\/\/i0.wp.com\/comerciallin.com\/wp-content\/uploads\/2023\/08\/054030100704.png?fit=%2C&ssl=1\",\"contentUrl\":\"https:\/\/i0.wp.com\/comerciallin.com\/wp-content\/uploads\/2023\/08\/054030100704.png?fit=%2C&ssl=1\",\"caption\":\"IMPRESORA EPSON MATRICIAL LX-350 9PIN 80COL\"},{\"@type\":\"WebPage\",\"@id\":\"https:\/\/comerciallin.com\/index.php\/producto\/impresora-epson-matricial-lx-350-9pin-80col\/#webpage\",\"url\":\"https:\/\/comerciallin.com\/index.php\/producto\/impresora-epson-matricial-lx-350-9pin-80col\/\",\"name\":\"IMPRESORA EPSON MATRICIAL LX-350 9PIN 80COL - tienda de electr\\u00f3nica y computaci\\u00f3n\",\"isPartOf\":{\"@id\":\"https:\/\/comerciallin.com\/#website\"},\"primaryImageOfPage\":{\"@id\":\"https:\/\/comerciallin.com\/index.php\/producto\/impresora-epson-matricial-lx-350-9pin-80col\/#primaryimage\"},\"datePublished\":\"2023-04-19T17:06:59+00:00\",\"dateModified\":\"2025-01-14T18:56:25+00:00\",\"breadcrumb\":{\"@id\":\"https:\/\/comerciallin.com\/index.php\/producto\/impresora-epson-matricial-lx-350-9pin-80col\/#breadcrumb\"},\"inLanguage\":\"es\",\"potentialAction\":[{\"@type\":\"ReadAction\",\"target\":[\"https:\/\/comerciallin.com\/index.php\/producto\/impresora-epson-matricial-lx-350-9pin-80col\/\"]}]},{\"@type\":\"BreadcrumbList\",\"@id\":\"https:\/\/comerciallin.com\/index.php\/producto\/impresora-epson-matricial-lx-350-9pin-80col\/#breadcrumb\",\"itemListElement\":[{\"@type\":\"ListItem\",\"position\":1,\"name\":\"Inicio\",\"item\":\"https:\/\/comerciallin.com\/\"},{\"@type\":\"ListItem\",\"position\":2,\"name\":\"Shop\",\"item\":\"https:\/\/comerciallin.com\/?page_id=3853\"},{\"@type\":\"ListItem\",\"position\":3,\"name\":\"IMPRESORA EPSON MATRICIAL LX-350 9PIN 80COL\"}]}]}<\/script>\n<meta property=\"product:price:amount\" content=\"287.50\" \/>\n<meta property=\"product:price:currency\" content=\"USD\" \/>\n<meta property=\"og:availability\" content=\"instock\" \/>\n<meta property=\"product:availability\" content=\"instock\" \/>\n<meta property=\"product:retailer_item_id\" content=\"54030100704\" \/>\n<meta property=\"product:condition\" content=\"new\" \/>\n<!-- \/ Yoast SEO Premium plugin. -->","yoast_head_json":{"title":"IMPRESORA EPSON MATRICIAL LX-350 9PIN 80COL - tienda de electr\u00f3nica y computaci\u00f3n","robots":{"index":"index","follow":"follow","max-snippet":"max-snippet:-1","max-image-preview":"max-image-preview:large","max-video-preview":"max-video-preview:-1"},"canonical":"https:\/\/comerciallin.com\/index.php\/producto\/impresora-epson-matricial-lx-350-9pin-80col\/","og_locale":"es_ES","og_type":"article","og_title":"IMPRESORA EPSON MATRICIAL LX-350 9PIN 80COL","og_description":"Mayor confiabilidad Alta velocidad de impresi&oacute;n en diversos tama&ntilde;os Nueva cinta original de mayor rendimiento Gran conectividad","og_url":"https:\/\/comerciallin.com\/index.php\/producto\/impresora-epson-matricial-lx-350-9pin-80col\/","og_site_name":"tienda de electr\u00f3nica y computaci\u00f3n","article_modified_time":"2025-01-14T18:56:25+00:00","twitter_card":"summary_large_image","twitter_image":"https:\/\/i0.wp.com\/comerciallin.com\/wp-content\/uploads\/2023\/08\/054030100704.png?fit=%2C&ssl=1","twitter_misc":{"Precio":"&#36;287,50","Availability":"In stock"},"schema":{"@context":"https:\/\/schema.org","@graph":[{"@type":"WebSite","@id":"https:\/\/comerciallin.com\/#website","url":"https:\/\/comerciallin.com\/","name":"tienda de electr\u00f3nica y computaci\u00f3n","description":"Importadora de Electr\u00f3nica y Computaci\u00f3n","potentialAction":[{"@type":"SearchAction","target":{"@type":"EntryPoint","urlTemplate":"https:\/\/comerciallin.com\/?s={search_term_string}"},"query-input":"required name=search_term_string"}],"inLanguage":"es"},{"@type":"ImageObject","@id":"https:\/\/comerciallin.com\/index.php\/producto\/impresora-epson-matricial-lx-350-9pin-80col\/#primaryimage","inLanguage":"es","url":"https:\/\/i0.wp.com\/comerciallin.com\/wp-content\/uploads\/2023\/08\/054030100704.png?fit=%2C&ssl=1","contentUrl":"https:\/\/i0.wp.com\/comerciallin.com\/wp-content\/uploads\/2023\/08\/054030100704.png?fit=%2C&ssl=1","caption":"IMPRESORA EPSON MATRICIAL LX-350 9PIN 80COL"},{"@type":"WebPage","@id":"https:\/\/comerciallin.com\/index.php\/producto\/impresora-epson-matricial-lx-350-9pin-80col\/#webpage","url":"https:\/\/comerciallin.com\/index.php\/producto\/impresora-epson-matricial-lx-350-9pin-80col\/","name":"IMPRESORA EPSON MATRICIAL LX-350 9PIN 80COL - tienda de electr\u00f3nica y computaci\u00f3n","isPartOf":{"@id":"https:\/\/comerciallin.com\/#website"},"primaryImageOfPage":{"@id":"https:\/\/comerciallin.com\/index.php\/producto\/impresora-epson-matricial-lx-350-9pin-80col\/#primaryimage"},"datePublished":"2023-04-19T17:06:59+00:00","dateModified":"2025-01-14T18:56:25+00:00","breadcrumb":{"@id":"https:\/\/comerciallin.com\/index.php\/producto\/impresora-epson-matricial-lx-350-9pin-80col\/#breadcrumb"},"inLanguage":"es","potentialAction":[{"@type":"ReadAction","target":["https:\/\/comerciallin.com\/index.php\/producto\/impresora-epson-matricial-lx-350-9pin-80col\/"]}]},{"@type":"BreadcrumbList","@id":"https:\/\/comerciallin.com\/index.php\/producto\/impresora-epson-matricial-lx-350-9pin-80col\/#breadcrumb","itemListElement":[{"@type":"ListItem","position":1,"name":"Inicio","item":"https:\/\/comerciallin.com\/"},{"@type":"ListItem","position":2,"name":"Shop","item":"https:\/\/comerciallin.com\/?page_id=3853"},{"@type":"ListItem","position":3,"name":"IMPRESORA EPSON MATRICIAL LX-350 9PIN 80COL"}]}]},"product_price_amount":"287.50","product_price_currency":"USD","og_availability":"instock","product_availability":"instock","product_retailer_item_id":"54030100704","product_condition":"new"},"jetpack-related-posts":[{"id":24474,"url":"https:\/\/comerciallin.com\/index.php\/producto\/cinta-impresora-lx-350-black\/","url_meta":{"origin":22439,"position":0},"title":"CINTA IMPRESORA LX 350 BLACK","date":"3 de julio de 2023","format":false,"excerpt":"Cinta impresora Epson LX-350: Obt\u00e9n impresiones de calidad y duraderas con esta cinta de repuesto. Dise\u00f1ada espec\u00edficamente para la impresora Epson LX-350, esta cinta en color negro garantiza resultados claros y legibles en tus documentos impresos.","rel":"","context":"Entrada similar","img":{"alt_text":"","src":"","width":0,"height":0},"classes":[]},{"id":19351,"url":"https:\/\/comerciallin.com\/index.php\/producto\/impresora-multifuncion-epson-l3210\/","url_meta":{"origin":22439,"position":1},"title":"IMPRESORA MULTIFUNCION EPSON L3210","date":"7 de noviembre de 2022","format":false,"excerpt":"Impresora EcoTank L3210 Botellas de tinta de inicializaci\u00f3n Cable de corriente AC Cable USB CD con drivers (Windows) Documentaci\u00f3n y garant\u00eda","rel":"","context":"Entrada similar","img":{"alt_text":"","src":"","width":0,"height":0},"classes":[]},{"id":21114,"url":"https:\/\/comerciallin.com\/index.php\/producto\/cinta-impresora-fx-890-s015329\/","url_meta":{"origin":22439,"position":2},"title":"CINTA IMPRESORA FX 890 S015329","date":"27 de enero de 2023","format":false,"excerpt":"Epson S015329 - Negro - cinta de tela para impresora - para FX 890, 89","rel":"","context":"Entrada similar","img":{"alt_text":"","src":"","width":0,"height":0},"classes":[]},{"id":19215,"url":"https:\/\/comerciallin.com\/index.php\/producto\/disco-duro-250gb-ssd-ex900-m-2-mve-pciex\/","url_meta":{"origin":22439,"position":3},"title":"DISCO DURO 250GB SSD EX900 M.2 MVE PCIEX","date":"7 de noviembre de 2022","format":false,"excerpt":"MANTENGA LA REINVENTACI\u00d3N, EL CAMINO HP: HP SSD EX900 M.2: la elecci\u00f3n para alta eficiencia, sin esfuerzo y velocidad extraordinaria LECTURA DE VELOCIDAD DE ESCRITURA: Velocidades secuenciales de lectura \/ escritura de hasta 2100 MB \/ s \/ 1300 MB \/ s, una confiabilidad l\u00edder en la industria (MTBF) de\u2026","rel":"","context":"Entrada similar","img":{"alt_text":"","src":"","width":0,"height":0},"classes":[]},{"id":18731,"url":"https:\/\/comerciallin.com\/index.php\/producto\/cable-impresora-3mt-usb\/","url_meta":{"origin":22439,"position":4},"title":"CABLE IMPRESORA 3MT USB","date":"7 de noviembre de 2022","format":false,"excerpt":"Conectividad: Conectan con facilidad perif\u00e9ricos\u00a0Metros: 3 MetrosVelocidad USB: USB 2.0 de Alta VelocidadColor: TranslucidoDetalles: Util y facil uso","rel":"","context":"Entrada similar","img":{"alt_text":"CABLE IMPRESORA 3MT USB","src":"https:\/\/i0.wp.com\/comerciallin.com\/wp-content\/uploads\/2023\/02\/214030120601.jpg?fit=992%2C744&ssl=1&resize=350%2C200","width":350,"height":200},"classes":[]}],"jetpack_sharing_enabled":true,"jetpack_likes_enabled":true,"_links":{"self":[{"href":"https:\/\/comerciallin.com\/index.php\/wp-json\/wp\/v2\/product\/22439"}],"collection":[{"href":"https:\/\/comerciallin.com\/index.php\/wp-json\/wp\/v2\/product"}],"about":[{"href":"https:\/\/comerciallin.com\/index.php\/wp-json\/wp\/v2\/types\/product"}],"replies":[{"embeddable":true,"href":"https:\/\/comerciallin.com\/index.php\/wp-json\/wp\/v2\/comments?post=22439"}],"wp:featuredmedia":[{"embeddable":true,"href":"https:\/\/comerciallin.com\/index.php\/wp-json\/wp\/v2\/media\/24960"}],"wp:attachment":[{"href":"https:\/\/comerciallin.com\/index.php\/wp-json\/wp\/v2\/media?parent=22439"}],"wp:term":[{"taxonomy":"product_cat","embeddable":true,"href":"https:\/\/comerciallin.com\/index.php\/wp-json\/wp\/v2\/product_cat?post=22439"},{"taxonomy":"product_tag","embeddable":true,"href":"https:\/\/comerciallin.com\/index.php\/wp-json\/wp\/v2\/product_tag?post=22439"}],"curies":[{"name":"wp","href":"https:\/\/api.w.org\/{rel}","templated":true}]}}