{"id":21009,"date":"2022-12-01T13:35:05","date_gmt":"2022-12-01T18:35:05","guid":{"rendered":""},"modified":"2023-04-27T13:58:40","modified_gmt":"2023-04-27T18:58:40","slug":"pc-intel-celeron-g4930-3-2ghz","status":"publish","type":"product","link":"https:\/\/comerciallin.com\/index.php\/producto\/pc-intel-celeron-g4930-3-2ghz\/","title":{"rendered":"Pc Intel Celeron\u00ae G4930 3.2GHZ"},"content":{"rendered":"<ul>\n<li>Procesador: Intel Celeron&reg; G4930 3.2GHZ<\/li>\n<li>Gr&aacute;ficos:&nbsp;<strong>UHD&nbsp;<\/strong>Intel&reg; 630<\/li>\n<li>Motherboard:&nbsp;<strong>Biostar H310MHP<\/strong><\/li>\n<li>RAM:<strong>8GB&nbsp;<\/strong>DDR4 2400MHz<\/li>\n<li>Almacenamiento: SSD&nbsp;<strong>240GB GIGABYTE<\/strong><\/li>\n<li>Teclado \/ Mouse \/ Parlantes<\/li>\n<\/ul>\n<p><strong>Garantia de 1 a&ntilde;o en todos los componenetes<\/strong><\/p>\n","protected":false},"excerpt":{"rendered":"<ul>\n<li>Procesador: Intel Celeron&reg; G4930 3.2GHZ<\/li>\n<li>Gr&aacute;ficos:&nbsp;<strong>UHD&nbsp;<\/strong>Intel&reg; 630<\/li>\n<li>Motherboard:&nbsp;<strong>Biostar H310MHP<\/strong><\/li>\n<li>RAM:<strong>8GB&nbsp;<\/strong>DDR4 2400MHz<\/li>\n<li>Almacenamiento: SSD&nbsp;<strong>240GB GIGABYTE<\/strong><\/li>\n<li>Teclado \/ Mouse \/ Parlantes<\/li>\n<\/ul>\n<p><strong>Garantia de 1 a&ntilde;o en todos los componenetes<\/strong><\/p>\n","protected":false},"featured_media":21010,"comment_status":"open","ping_status":"closed","template":"","meta":{"spay_email":""},"product_cat":[839],"product_tag":[],"supplier_id":null,"supplier_sku":"","barcode":null,"atum_controlled":true,"out_stock_date":null,"out_stock_threshold":null,"inheritable":false,"inbound_stock":null,"stock_on_hold":0,"sold_today":0,"sales_last_days":0,"reserved_stock":null,"customer_returns":null,"warehouse_damage":null,"lost_in_post":null,"other_logs":null,"out_stock_days":0,"lost_sales":0,"has_location":null,"update_date":"2026-04-13T23:53:16","atum_locations":[],"atum_stock_status":"instock","restock_status":false,"low_stock_amount":"","sales_update_date":"2026-04-13T23:53:16","calc_backorders":null,"acf":[],"yoast_head":"<!-- This site is optimized with the Yoast SEO Premium plugin v17.4 (Yoast SEO v17.4) - https:\/\/yoast.com\/wordpress\/plugins\/seo\/ -->\n<title>Pc Intel Celeron\u00ae G4930 3.2GHZ - tienda de electr\u00f3nica y computaci\u00f3n<\/title>\n<meta name=\"robots\" content=\"index, follow, max-snippet:-1, max-image-preview:large, max-video-preview:-1\" \/>\n<link rel=\"canonical\" href=\"https:\/\/comerciallin.com\/index.php\/producto\/pc-intel-celeron-g4930-3-2ghz\/\" \/>\n<meta property=\"og:locale\" content=\"es_ES\" \/>\n<meta property=\"og:type\" content=\"article\" \/>\n<meta property=\"og:title\" content=\"Pc Intel Celeron\u00ae G4930 3.2GHZ\" \/>\n<meta property=\"og:description\" content=\"Procesador: Intel Celeron&reg; G4930 3.2GHZ Gr&aacute;ficos:&nbsp;UHD&nbsp;Intel&reg; 630 Motherboard:&nbsp;Biostar H310MHP RAM:8GB&nbsp;DDR4 2400MHz Almacenamiento: SSD&nbsp;240GB GIGABYTE Teclado \/ Mouse \/ Parlantes Garantia de 1 a&ntilde;o en todos los componenetes\" \/>\n<meta property=\"og:url\" content=\"https:\/\/comerciallin.com\/index.php\/producto\/pc-intel-celeron-g4930-3-2ghz\/\" \/>\n<meta property=\"og:site_name\" content=\"tienda de electr\u00f3nica y computaci\u00f3n\" \/>\n<meta property=\"article:modified_time\" content=\"2023-04-27T18:58:40+00:00\" \/>\n<meta property=\"og:image\" content=\"http:\/\/comerciallin.com\/wp-content\/uploads\/2022\/12\/celeron240gb8gb.jpg\" \/>\n\t<meta property=\"og:image:width\" content=\"992\" \/>\n\t<meta property=\"og:image:height\" content=\"744\" \/>\n<meta name=\"twitter:card\" content=\"summary_large_image\" \/>\n<meta name=\"twitter:label1\" content=\"Precio\" \/>\n\t<meta name=\"twitter:data1\" content=\"&#36;355,35 &#36;414,00\" \/>\n\t<meta name=\"twitter:label2\" content=\"Availability\" \/>\n\t<meta name=\"twitter:data2\" content=\"In stock\" \/>\n<script type=\"application\/ld+json\" class=\"yoast-schema-graph\">{\"@context\":\"https:\/\/schema.org\",\"@graph\":[{\"@type\":\"WebSite\",\"@id\":\"https:\/\/comerciallin.com\/#website\",\"url\":\"https:\/\/comerciallin.com\/\",\"name\":\"tienda de electr\\u00f3nica y computaci\\u00f3n\",\"description\":\"Importadora de Electr\\u00f3nica y Computaci\\u00f3n\",\"potentialAction\":[{\"@type\":\"SearchAction\",\"target\":{\"@type\":\"EntryPoint\",\"urlTemplate\":\"https:\/\/comerciallin.com\/?s={search_term_string}\"},\"query-input\":\"required name=search_term_string\"}],\"inLanguage\":\"es\"},{\"@type\":\"ImageObject\",\"@id\":\"https:\/\/comerciallin.com\/index.php\/producto\/pc-intel-celeron-g4930-3-2ghz\/#primaryimage\",\"inLanguage\":\"es\",\"url\":\"https:\/\/i0.wp.com\/comerciallin.com\/wp-content\/uploads\/2022\/12\/celeron240gb8gb.jpg?fit=992%2C744&ssl=1\",\"contentUrl\":\"https:\/\/i0.wp.com\/comerciallin.com\/wp-content\/uploads\/2022\/12\/celeron240gb8gb.jpg?fit=992%2C744&ssl=1\",\"width\":992,\"height\":744,\"caption\":\"Pc Intel Celeron\\u00ae G4930 3.2GHZ\"},{\"@type\":\"WebPage\",\"@id\":\"https:\/\/comerciallin.com\/index.php\/producto\/pc-intel-celeron-g4930-3-2ghz\/#webpage\",\"url\":\"https:\/\/comerciallin.com\/index.php\/producto\/pc-intel-celeron-g4930-3-2ghz\/\",\"name\":\"Pc Intel Celeron\\u00ae G4930 3.2GHZ - tienda de electr\\u00f3nica y computaci\\u00f3n\",\"isPartOf\":{\"@id\":\"https:\/\/comerciallin.com\/#website\"},\"primaryImageOfPage\":{\"@id\":\"https:\/\/comerciallin.com\/index.php\/producto\/pc-intel-celeron-g4930-3-2ghz\/#primaryimage\"},\"datePublished\":\"2022-12-01T18:35:05+00:00\",\"dateModified\":\"2023-04-27T18:58:40+00:00\",\"breadcrumb\":{\"@id\":\"https:\/\/comerciallin.com\/index.php\/producto\/pc-intel-celeron-g4930-3-2ghz\/#breadcrumb\"},\"inLanguage\":\"es\",\"potentialAction\":[{\"@type\":\"ReadAction\",\"target\":[\"https:\/\/comerciallin.com\/index.php\/producto\/pc-intel-celeron-g4930-3-2ghz\/\"]}]},{\"@type\":\"BreadcrumbList\",\"@id\":\"https:\/\/comerciallin.com\/index.php\/producto\/pc-intel-celeron-g4930-3-2ghz\/#breadcrumb\",\"itemListElement\":[{\"@type\":\"ListItem\",\"position\":1,\"name\":\"Inicio\",\"item\":\"https:\/\/comerciallin.com\/\"},{\"@type\":\"ListItem\",\"position\":2,\"name\":\"Shop\",\"item\":\"https:\/\/comerciallin.com\/?page_id=3853\"},{\"@type\":\"ListItem\",\"position\":3,\"name\":\"Pc Intel Celeron\\u00ae G4930 3.2GHZ\"}]}]}<\/script>\n<meta property=\"product:price:amount\" content=\"355.35\" \/>\n<meta property=\"product:price:currency\" content=\"USD\" \/>\n<meta property=\"og:availability\" content=\"instock\" \/>\n<meta property=\"product:availability\" content=\"instock\" \/>\n<meta property=\"product:retailer_item_id\" content=\"pcce2404gb\" \/>\n<meta property=\"product:condition\" content=\"new\" \/>\n<!-- \/ Yoast SEO Premium plugin. -->","yoast_head_json":{"title":"Pc Intel Celeron\u00ae G4930 3.2GHZ - tienda de electr\u00f3nica y computaci\u00f3n","robots":{"index":"index","follow":"follow","max-snippet":"max-snippet:-1","max-image-preview":"max-image-preview:large","max-video-preview":"max-video-preview:-1"},"canonical":"https:\/\/comerciallin.com\/index.php\/producto\/pc-intel-celeron-g4930-3-2ghz\/","og_locale":"es_ES","og_type":"article","og_title":"Pc Intel Celeron\u00ae G4930 3.2GHZ","og_description":"Procesador: Intel Celeron&reg; G4930 3.2GHZ Gr&aacute;ficos:&nbsp;UHD&nbsp;Intel&reg; 630 Motherboard:&nbsp;Biostar H310MHP RAM:8GB&nbsp;DDR4 2400MHz Almacenamiento: SSD&nbsp;240GB GIGABYTE Teclado \/ Mouse \/ Parlantes Garantia de 1 a&ntilde;o en todos los componenetes","og_url":"https:\/\/comerciallin.com\/index.php\/producto\/pc-intel-celeron-g4930-3-2ghz\/","og_site_name":"tienda de electr\u00f3nica y computaci\u00f3n","article_modified_time":"2023-04-27T18:58:40+00:00","og_image":[{"width":992,"height":744,"url":"http:\/\/comerciallin.com\/wp-content\/uploads\/2022\/12\/celeron240gb8gb.jpg","type":"image\/jpeg"}],"twitter_card":"summary_large_image","twitter_misc":{"Precio":"&#36;355,35 &#36;414,00","Availability":"In stock"},"schema":{"@context":"https:\/\/schema.org","@graph":[{"@type":"WebSite","@id":"https:\/\/comerciallin.com\/#website","url":"https:\/\/comerciallin.com\/","name":"tienda de electr\u00f3nica y computaci\u00f3n","description":"Importadora de Electr\u00f3nica y Computaci\u00f3n","potentialAction":[{"@type":"SearchAction","target":{"@type":"EntryPoint","urlTemplate":"https:\/\/comerciallin.com\/?s={search_term_string}"},"query-input":"required name=search_term_string"}],"inLanguage":"es"},{"@type":"ImageObject","@id":"https:\/\/comerciallin.com\/index.php\/producto\/pc-intel-celeron-g4930-3-2ghz\/#primaryimage","inLanguage":"es","url":"https:\/\/i0.wp.com\/comerciallin.com\/wp-content\/uploads\/2022\/12\/celeron240gb8gb.jpg?fit=992%2C744&ssl=1","contentUrl":"https:\/\/i0.wp.com\/comerciallin.com\/wp-content\/uploads\/2022\/12\/celeron240gb8gb.jpg?fit=992%2C744&ssl=1","width":992,"height":744,"caption":"Pc Intel Celeron\u00ae G4930 3.2GHZ"},{"@type":"WebPage","@id":"https:\/\/comerciallin.com\/index.php\/producto\/pc-intel-celeron-g4930-3-2ghz\/#webpage","url":"https:\/\/comerciallin.com\/index.php\/producto\/pc-intel-celeron-g4930-3-2ghz\/","name":"Pc Intel Celeron\u00ae G4930 3.2GHZ - tienda de electr\u00f3nica y computaci\u00f3n","isPartOf":{"@id":"https:\/\/comerciallin.com\/#website"},"primaryImageOfPage":{"@id":"https:\/\/comerciallin.com\/index.php\/producto\/pc-intel-celeron-g4930-3-2ghz\/#primaryimage"},"datePublished":"2022-12-01T18:35:05+00:00","dateModified":"2023-04-27T18:58:40+00:00","breadcrumb":{"@id":"https:\/\/comerciallin.com\/index.php\/producto\/pc-intel-celeron-g4930-3-2ghz\/#breadcrumb"},"inLanguage":"es","potentialAction":[{"@type":"ReadAction","target":["https:\/\/comerciallin.com\/index.php\/producto\/pc-intel-celeron-g4930-3-2ghz\/"]}]},{"@type":"BreadcrumbList","@id":"https:\/\/comerciallin.com\/index.php\/producto\/pc-intel-celeron-g4930-3-2ghz\/#breadcrumb","itemListElement":[{"@type":"ListItem","position":1,"name":"Inicio","item":"https:\/\/comerciallin.com\/"},{"@type":"ListItem","position":2,"name":"Shop","item":"https:\/\/comerciallin.com\/?page_id=3853"},{"@type":"ListItem","position":3,"name":"Pc Intel Celeron\u00ae G4930 3.2GHZ"}]}]},"product_price_amount":"355.35","product_price_currency":"USD","og_availability":"instock","product_availability":"instock","product_retailer_item_id":"pcce2404gb","product_condition":"new"},"jetpack-related-posts":[{"id":21019,"url":"https:\/\/comerciallin.com\/index.php\/producto\/pc-intel-celeron-g4930-3-2ghz-2\/","url_meta":{"origin":21009,"position":0},"title":"Pc Intel Celeron\u00ae G4930 3.2GHZ","date":"1 de diciembre de 2022","format":false,"excerpt":"Procesador: Intel Celeron\u00ae G4930 3.2GHZ Gr\u00e1ficos:\u00a0UHD\u00a0Intel\u00ae 630 Motherboard:\u00a0Biostar H310MHP RAM:8GB\u00a0DDR4 2400MHz Almacenamiento: SSD\u00a0480GB GIGABYTE Teclado \/ Mouse \/ Parlantes Garantia de 1 a\u00f1o en todos los componenetes","rel":"","context":"Entrada similar","img":{"alt_text":"Pc Intel Celeron\u00ae G4930 3.2GHZ","src":"https:\/\/i0.wp.com\/comerciallin.com\/wp-content\/uploads\/2022\/12\/celeron480gb8gb.jpg?fit=992%2C744&ssl=1&resize=350%2C200","width":350,"height":200},"classes":[]},{"id":21029,"url":"https:\/\/comerciallin.com\/index.php\/producto\/pc-intel-celeron-g4930-3-2ghz-3\/","url_meta":{"origin":21009,"position":1},"title":"Pc Intel Celeron\u00ae G4930 3.2GHZ","date":"1 de diciembre de 2022","format":false,"excerpt":"Procesador: Intel Celeron\u00ae G4930 3.2GHZ Gr\u00e1ficos:\u00a0UHD\u00a0Intel\u00ae 630 Motherboard:\u00a0Biostar H310MHP RAM:8GB\u00a0DDR4 2400MHz Almacenamiento: SSD\u00a0960GB KINGSTONG Teclado \/ Mouse \/ Parlantes Garantia de 1 a\u00f1o en todos los componenetes","rel":"","context":"Entrada similar","img":{"alt_text":"Pc Intel Celeron\u00ae G4930 3.2GHZ","src":"https:\/\/i0.wp.com\/comerciallin.com\/wp-content\/uploads\/2022\/12\/celeron960gb8gb.jpg?fit=992%2C744&ssl=1&resize=350%2C200","width":350,"height":200},"classes":[]},{"id":21011,"url":"https:\/\/comerciallin.com\/index.php\/producto\/pc-intel-core-i3-10100-3-6ghz\/","url_meta":{"origin":21009,"position":2},"title":"Pc Intel Core\u00ae I3-10100 3.6GHZ","date":"1 de diciembre de 2022","format":false,"excerpt":"Procesador: Intel Core\u00ae I3-10100 3.6GHZ\u00a0| D\u00e9cima Generaci\u00f3n Gr\u00e1ficos:\u00a0UHD\u00a0Intel\u00ae 630 Motherboard:\u00a0Gigabyte\u00a0H510M H RAM:8GB\u00a0DDR4 2400MHz Almacenamiento: SSD\u00a0240GB GIGABYTE Teclado \/ Mouse \/ Parlantes Garantia de 1 a\u00f1o en todos los componenetes","rel":"","context":"Entrada similar","img":{"alt_text":"Pc Intel Core\u00ae I3-10100 3.6GHZ","src":"https:\/\/i0.wp.com\/comerciallin.com\/wp-content\/uploads\/2022\/12\/corei3240gb8gb.jpg?fit=992%2C744&ssl=1&resize=350%2C200","width":350,"height":200},"classes":[]},{"id":21015,"url":"https:\/\/comerciallin.com\/index.php\/producto\/pc-intel-core-i5-11600-3-9ghz\/","url_meta":{"origin":21009,"position":3},"title":"Pc Intel Core\u00ae I5-11600 3.9GHZ","date":"1 de diciembre de 2022","format":false,"excerpt":"Procesador: Intel Core\u00ae I5-11600 3.9GHZ | 11va. Generaci\u00f3n Gr\u00e1ficos:\u00a0UHD\u00a0Intel\u00ae 630 Motherboard:\u00a0Gigabyte\u00a0H510M H RAM:8GB\u00a0DDR4 2400MHz Almacenamiento: SSD\u00a0240GB GIGABYTE Teclado \/ Mouse \/ Parlantes Garantia de 1 a\u00f1o en todos los componenetes","rel":"","context":"Entrada similar","img":{"alt_text":"Pc Intel Core\u00ae I5-11600 3.9GHZ","src":"https:\/\/i0.wp.com\/comerciallin.com\/wp-content\/uploads\/2022\/12\/corei511va240gb8gb.jpg?fit=992%2C744&ssl=1&resize=350%2C200","width":350,"height":200},"classes":[]},{"id":21017,"url":"https:\/\/comerciallin.com\/index.php\/producto\/pc-intel-core-i7-11700k-3-60ghz\/","url_meta":{"origin":21009,"position":4},"title":"Pc Intel Core\u00ae I7-11700K 3.60GHZ","date":"1 de diciembre de 2022","format":false,"excerpt":"Procesador: Intel Core\u00ae I7-11700K 3.60GHZ | 11va. Generaci\u00f3n Gr\u00e1ficos:\u00a0UHD\u00a0Intel\u00ae 630 Motherboard:\u00a0Gigabyte\u00a0H510M H RAM:8GB\u00a0DDR4 2400MHz Almacenamiento: SSD\u00a0240GB GIGABYTE Teclado \/ Mouse \/ Parlantes Garantia de 1 a\u00f1o en todos los componenetes","rel":"","context":"Entrada similar","img":{"alt_text":"Pc Intel Core\u00ae I7-11700K 3.60GHZ","src":"https:\/\/i0.wp.com\/comerciallin.com\/wp-content\/uploads\/2022\/12\/corei7240gb8gb.jpg?fit=992%2C744&ssl=1&resize=350%2C200","width":350,"height":200},"classes":[]},{"id":21013,"url":"https:\/\/comerciallin.com\/index.php\/producto\/pc-intel-core-i5-10400-2-9ghz\/","url_meta":{"origin":21009,"position":5},"title":"Pc Intel Core\u00ae I5-10400 2.9GHZ","date":"1 de diciembre de 2022","format":false,"excerpt":"Procesador: Intel Core\u00ae I5-10400 2.9GHZ\u00a0| D\u00e9cima Generaci\u00f3n Gr\u00e1ficos:\u00a0UHD\u00a0Intel\u00ae 630 Motherboard:\u00a0Gigabyte\u00a0H510M H RAM:8GB\u00a0DDR4 2400MHz Almacenamiento: SSD\u00a0240GB GIGABYTE Teclado \/ Mouse \/ Parlantes Garantia de 1 a\u00f1o en todos los componenetes","rel":"","context":"Entrada similar","img":{"alt_text":"Pc Intel Core\u00ae I5-10400 2.9GHZ","src":"https:\/\/i0.wp.com\/comerciallin.com\/wp-content\/uploads\/2022\/12\/corei5240gb8gb.jpg?fit=992%2C744&ssl=1&resize=350%2C200","width":350,"height":200},"classes":[]}],"jetpack_sharing_enabled":true,"jetpack_likes_enabled":true,"_links":{"self":[{"href":"https:\/\/comerciallin.com\/index.php\/wp-json\/wp\/v2\/product\/21009"}],"collection":[{"href":"https:\/\/comerciallin.com\/index.php\/wp-json\/wp\/v2\/product"}],"about":[{"href":"https:\/\/comerciallin.com\/index.php\/wp-json\/wp\/v2\/types\/product"}],"replies":[{"embeddable":true,"href":"https:\/\/comerciallin.com\/index.php\/wp-json\/wp\/v2\/comments?post=21009"}],"wp:featuredmedia":[{"embeddable":true,"href":"https:\/\/comerciallin.com\/index.php\/wp-json\/wp\/v2\/media\/21010"}],"wp:attachment":[{"href":"https:\/\/comerciallin.com\/index.php\/wp-json\/wp\/v2\/media?parent=21009"}],"wp:term":[{"taxonomy":"product_cat","embeddable":true,"href":"https:\/\/comerciallin.com\/index.php\/wp-json\/wp\/v2\/product_cat?post=21009"},{"taxonomy":"product_tag","embeddable":true,"href":"https:\/\/comerciallin.com\/index.php\/wp-json\/wp\/v2\/product_tag?post=21009"}],"curies":[{"name":"wp","href":"https:\/\/api.w.org\/{rel}","templated":true}]}}