{"id":20858,"date":"2022-11-10T16:40:16","date_gmt":"2022-11-10T21:40:16","guid":{"rendered":"https:\/\/comerciallin.com\/index.php\/producto\/bateria-comp-acer-as10b31-4745g-4820t-5820t-t\/"},"modified":"2025-01-14T13:54:09","modified_gmt":"2025-01-14T18:54:09","slug":"bateria-comp-acer-as10b31-4745g-4820t-5820t-t","status":"publish","type":"product","link":"https:\/\/comerciallin.com\/index.php\/producto\/bateria-comp-acer-as10b31-4745g-4820t-5820t-t\/","title":{"rendered":"BATERIA COMP ACER AS10B31\/4745G\/4820T\/5820T\/T"},"content":{"rendered":"<p>Acer<br \/>\n Aspire 4553<br \/>\n Aspire 4553G<br \/>\n Aspire 4625<br \/>\n Aspire 4625G<br \/>\n Aspire 4745<br \/>\n Aspire 4745G<br \/>\n Aspire 4745Z<br \/>\n Aspire 4820<br \/>\n Aspire 4820G<br \/>\n Aspire 4820T<br \/>\n Aspire 4820T G-524G64Mna<br \/>\n Aspire 4820T-333G25Mn<br \/>\n Aspire 4820T-334G32Mn<br \/>\n Aspire 4820T-3697<br \/>\n Aspire 4820T-434G32Mn<br \/>\n Aspire 4820T-5570<br \/>\n Aspire 4820TG<br \/>\n Aspire 4820TG-3195<br \/>\n Aspire 4820TG-334G32Mn<br \/>\n Aspire 4820TG-334G50Mn<br \/>\n Aspire 4820TG-432G50Mn<br \/>\n Aspire 4820TG-432G50Mn(silver)<br \/>\n Aspire 4820TG-434G50Mn<br \/>\n Aspire 4820TG-434G64Mn<br \/>\n Aspire 4820TG-482G64Mnss05<br \/>\n Aspire 4820TG-524G50Mnm<br \/>\n Aspire 4820TG-524G64Mn<br \/>\n Aspire 4820TG-524G64Mn(silver)<br \/>\n Aspire 4820TG-5452G50Mnssb<br \/>\n Aspire 4820TG-5462G64Mnss03<br \/>\n Aspire 4820TG-5564G75Mnss04<br \/>\n Aspire 4820TG-5637<br \/>\n Aspire 4820TG-7566<\/p>\n<p> Aspire AS4820T-373G32Mnks<br \/>\n Aspire AS4820T-374G32Mnks<br \/>\n Aspire AS4820T-6645<br \/>\n Aspire AS4820TG-374G50Mnks<br \/>\n Aspire AS4820TG-482G64Mnss<br \/>\n Aspire AS4820TG-5462G64Mnss<br \/>\n Aspire AS4820TG-5464G32Mnks<br \/>\n Aspire AS4820TG-5464G50Mnks<br \/>\n Aspire AS4820TG-5564G75Mnss<br \/>\n Aspire AS4820TG-644G16Mnks<br \/>\n Aspire AS4820TG6847<\/p>\n<p> Aspire 5553<br \/>\n Aspire 5553G<br \/>\n Aspire 7250<br \/>\n Aspire 7250G<br \/>\n Aspire 7739<br \/>\n Aspire 7739G<br \/>\n Aspire 7739Z<br \/>\n Aspire 7745<br \/>\n Aspire 7745G<br \/>\n Aspire 7745G-434G1TMn_Gamer<br \/>\n Aspire 7745G-728G1TBn<br \/>\n Aspire 7745Z<\/p>\n","protected":false},"excerpt":{"rendered":"<p>Marca: acer<br \/>\n Tipo: Li-ion<br \/>\n Voltaje: 10.8v<br \/>\n Capacidad: 4400mAH\/48WH<\/p>\n","protected":false},"featured_media":21586,"comment_status":"open","ping_status":"closed","template":"","meta":{"spay_email":""},"product_cat":[792],"product_tag":[],"supplier_id":null,"supplier_sku":"","barcode":null,"atum_controlled":true,"out_stock_date":null,"out_stock_threshold":null,"inheritable":false,"inbound_stock":null,"stock_on_hold":0,"sold_today":0,"sales_last_days":0,"reserved_stock":null,"customer_returns":null,"warehouse_damage":null,"lost_in_post":null,"other_logs":null,"out_stock_days":0,"lost_sales":0,"has_location":null,"update_date":"2026-05-05T00:17:07","atum_locations":[],"atum_stock_status":"instock","restock_status":false,"low_stock_amount":"","sales_update_date":"2026-05-05T00:17:07","calc_backorders":null,"acf":[],"yoast_head":"<!-- This site is optimized with the Yoast SEO Premium plugin v17.4 (Yoast SEO v17.4) - https:\/\/yoast.com\/wordpress\/plugins\/seo\/ -->\n<title>BATERIA COMP ACER AS10B31\/4745G\/4820T\/5820T\/T - tienda de electr\u00f3nica y computaci\u00f3n<\/title>\n<meta name=\"robots\" content=\"index, follow, max-snippet:-1, max-image-preview:large, max-video-preview:-1\" \/>\n<link rel=\"canonical\" href=\"https:\/\/comerciallin.com\/index.php\/producto\/bateria-comp-acer-as10b31-4745g-4820t-5820t-t\/\" \/>\n<meta property=\"og:locale\" content=\"es_ES\" \/>\n<meta property=\"og:type\" content=\"article\" \/>\n<meta property=\"og:title\" content=\"BATERIA COMP ACER AS10B31\/4745G\/4820T\/5820T\/T\" \/>\n<meta property=\"og:description\" content=\"Marca: acer Tipo: Li-ion Voltaje: 10.8v Capacidad: 4400mAH\/48WH\" \/>\n<meta property=\"og:url\" content=\"https:\/\/comerciallin.com\/index.php\/producto\/bateria-comp-acer-as10b31-4745g-4820t-5820t-t\/\" \/>\n<meta property=\"og:site_name\" content=\"tienda de electr\u00f3nica y computaci\u00f3n\" \/>\n<meta property=\"article:modified_time\" content=\"2025-01-14T18:54:09+00:00\" \/>\n<meta property=\"og:image\" content=\"https:\/\/comerciallin.com\/wp-content\/uploads\/2023\/02\/2121601032.jpg\" \/>\n\t<meta property=\"og:image:width\" content=\"992\" \/>\n\t<meta property=\"og:image:height\" content=\"744\" \/>\n<meta name=\"twitter:card\" content=\"summary_large_image\" \/>\n<meta name=\"twitter:label1\" content=\"Precio\" \/>\n\t<meta name=\"twitter:data1\" content=\"&#36;47,15\" \/>\n\t<meta name=\"twitter:label2\" content=\"Availability\" \/>\n\t<meta name=\"twitter:data2\" content=\"In stock\" \/>\n<script type=\"application\/ld+json\" class=\"yoast-schema-graph\">{\"@context\":\"https:\/\/schema.org\",\"@graph\":[{\"@type\":\"WebSite\",\"@id\":\"https:\/\/comerciallin.com\/#website\",\"url\":\"https:\/\/comerciallin.com\/\",\"name\":\"tienda de electr\\u00f3nica y computaci\\u00f3n\",\"description\":\"Importadora de Electr\\u00f3nica y Computaci\\u00f3n\",\"potentialAction\":[{\"@type\":\"SearchAction\",\"target\":{\"@type\":\"EntryPoint\",\"urlTemplate\":\"https:\/\/comerciallin.com\/?s={search_term_string}\"},\"query-input\":\"required name=search_term_string\"}],\"inLanguage\":\"es\"},{\"@type\":\"ImageObject\",\"@id\":\"https:\/\/comerciallin.com\/index.php\/producto\/bateria-comp-acer-as10b31-4745g-4820t-5820t-t\/#primaryimage\",\"inLanguage\":\"es\",\"url\":\"https:\/\/i0.wp.com\/comerciallin.com\/wp-content\/uploads\/2023\/02\/2121601032.jpg?fit=992%2C744&ssl=1\",\"contentUrl\":\"https:\/\/i0.wp.com\/comerciallin.com\/wp-content\/uploads\/2023\/02\/2121601032.jpg?fit=992%2C744&ssl=1\",\"width\":992,\"height\":744,\"caption\":\"BATERIA COMP ACER AS10B31\/4745G\/4820T\/5820T\/T\"},{\"@type\":\"WebPage\",\"@id\":\"https:\/\/comerciallin.com\/index.php\/producto\/bateria-comp-acer-as10b31-4745g-4820t-5820t-t\/#webpage\",\"url\":\"https:\/\/comerciallin.com\/index.php\/producto\/bateria-comp-acer-as10b31-4745g-4820t-5820t-t\/\",\"name\":\"BATERIA COMP ACER AS10B31\/4745G\/4820T\/5820T\/T - tienda de electr\\u00f3nica y computaci\\u00f3n\",\"isPartOf\":{\"@id\":\"https:\/\/comerciallin.com\/#website\"},\"primaryImageOfPage\":{\"@id\":\"https:\/\/comerciallin.com\/index.php\/producto\/bateria-comp-acer-as10b31-4745g-4820t-5820t-t\/#primaryimage\"},\"datePublished\":\"2022-11-10T21:40:16+00:00\",\"dateModified\":\"2025-01-14T18:54:09+00:00\",\"breadcrumb\":{\"@id\":\"https:\/\/comerciallin.com\/index.php\/producto\/bateria-comp-acer-as10b31-4745g-4820t-5820t-t\/#breadcrumb\"},\"inLanguage\":\"es\",\"potentialAction\":[{\"@type\":\"ReadAction\",\"target\":[\"https:\/\/comerciallin.com\/index.php\/producto\/bateria-comp-acer-as10b31-4745g-4820t-5820t-t\/\"]}]},{\"@type\":\"BreadcrumbList\",\"@id\":\"https:\/\/comerciallin.com\/index.php\/producto\/bateria-comp-acer-as10b31-4745g-4820t-5820t-t\/#breadcrumb\",\"itemListElement\":[{\"@type\":\"ListItem\",\"position\":1,\"name\":\"Inicio\",\"item\":\"https:\/\/comerciallin.com\/\"},{\"@type\":\"ListItem\",\"position\":2,\"name\":\"Shop\",\"item\":\"https:\/\/comerciallin.com\/?page_id=3853\"},{\"@type\":\"ListItem\",\"position\":3,\"name\":\"BATERIA COMP ACER AS10B31\/4745G\/4820T\/5820T\/T\"}]}]}<\/script>\n<meta property=\"product:price:amount\" content=\"47.15\" \/>\n<meta property=\"product:price:currency\" content=\"USD\" \/>\n<meta property=\"og:availability\" content=\"instock\" \/>\n<meta property=\"product:availability\" content=\"instock\" \/>\n<meta property=\"product:retailer_item_id\" content=\"2121601032\" \/>\n<meta property=\"product:condition\" content=\"new\" \/>\n<!-- \/ Yoast SEO Premium plugin. -->","yoast_head_json":{"title":"BATERIA COMP ACER AS10B31\/4745G\/4820T\/5820T\/T - tienda de electr\u00f3nica y computaci\u00f3n","robots":{"index":"index","follow":"follow","max-snippet":"max-snippet:-1","max-image-preview":"max-image-preview:large","max-video-preview":"max-video-preview:-1"},"canonical":"https:\/\/comerciallin.com\/index.php\/producto\/bateria-comp-acer-as10b31-4745g-4820t-5820t-t\/","og_locale":"es_ES","og_type":"article","og_title":"BATERIA COMP ACER AS10B31\/4745G\/4820T\/5820T\/T","og_description":"Marca: acer Tipo: Li-ion Voltaje: 10.8v Capacidad: 4400mAH\/48WH","og_url":"https:\/\/comerciallin.com\/index.php\/producto\/bateria-comp-acer-as10b31-4745g-4820t-5820t-t\/","og_site_name":"tienda de electr\u00f3nica y computaci\u00f3n","article_modified_time":"2025-01-14T18:54:09+00:00","og_image":[{"width":992,"height":744,"url":"https:\/\/comerciallin.com\/wp-content\/uploads\/2023\/02\/2121601032.jpg","type":"image\/jpeg"}],"twitter_card":"summary_large_image","twitter_misc":{"Precio":"&#36;47,15","Availability":"In stock"},"schema":{"@context":"https:\/\/schema.org","@graph":[{"@type":"WebSite","@id":"https:\/\/comerciallin.com\/#website","url":"https:\/\/comerciallin.com\/","name":"tienda de electr\u00f3nica y computaci\u00f3n","description":"Importadora de Electr\u00f3nica y Computaci\u00f3n","potentialAction":[{"@type":"SearchAction","target":{"@type":"EntryPoint","urlTemplate":"https:\/\/comerciallin.com\/?s={search_term_string}"},"query-input":"required name=search_term_string"}],"inLanguage":"es"},{"@type":"ImageObject","@id":"https:\/\/comerciallin.com\/index.php\/producto\/bateria-comp-acer-as10b31-4745g-4820t-5820t-t\/#primaryimage","inLanguage":"es","url":"https:\/\/i0.wp.com\/comerciallin.com\/wp-content\/uploads\/2023\/02\/2121601032.jpg?fit=992%2C744&ssl=1","contentUrl":"https:\/\/i0.wp.com\/comerciallin.com\/wp-content\/uploads\/2023\/02\/2121601032.jpg?fit=992%2C744&ssl=1","width":992,"height":744,"caption":"BATERIA COMP ACER AS10B31\/4745G\/4820T\/5820T\/T"},{"@type":"WebPage","@id":"https:\/\/comerciallin.com\/index.php\/producto\/bateria-comp-acer-as10b31-4745g-4820t-5820t-t\/#webpage","url":"https:\/\/comerciallin.com\/index.php\/producto\/bateria-comp-acer-as10b31-4745g-4820t-5820t-t\/","name":"BATERIA COMP ACER AS10B31\/4745G\/4820T\/5820T\/T - tienda de electr\u00f3nica y computaci\u00f3n","isPartOf":{"@id":"https:\/\/comerciallin.com\/#website"},"primaryImageOfPage":{"@id":"https:\/\/comerciallin.com\/index.php\/producto\/bateria-comp-acer-as10b31-4745g-4820t-5820t-t\/#primaryimage"},"datePublished":"2022-11-10T21:40:16+00:00","dateModified":"2025-01-14T18:54:09+00:00","breadcrumb":{"@id":"https:\/\/comerciallin.com\/index.php\/producto\/bateria-comp-acer-as10b31-4745g-4820t-5820t-t\/#breadcrumb"},"inLanguage":"es","potentialAction":[{"@type":"ReadAction","target":["https:\/\/comerciallin.com\/index.php\/producto\/bateria-comp-acer-as10b31-4745g-4820t-5820t-t\/"]}]},{"@type":"BreadcrumbList","@id":"https:\/\/comerciallin.com\/index.php\/producto\/bateria-comp-acer-as10b31-4745g-4820t-5820t-t\/#breadcrumb","itemListElement":[{"@type":"ListItem","position":1,"name":"Inicio","item":"https:\/\/comerciallin.com\/"},{"@type":"ListItem","position":2,"name":"Shop","item":"https:\/\/comerciallin.com\/?page_id=3853"},{"@type":"ListItem","position":3,"name":"BATERIA COMP ACER AS10B31\/4745G\/4820T\/5820T\/T"}]}]},"product_price_amount":"47.15","product_price_currency":"USD","og_availability":"instock","product_availability":"instock","product_retailer_item_id":"2121601032","product_condition":"new"},"jetpack-related-posts":[{"id":19225,"url":"https:\/\/comerciallin.com\/index.php\/producto\/bateria-comp-acer-gateway-squ-525-squ-519-560\/","url_meta":{"origin":20858,"position":0},"title":"BATERIA COMP ACER\/GATEWAY SQU-525\/SQU-519\/560","date":"7 de noviembre de 2022","format":false,"excerpt":"Voltaje: 14.8V Capacidad: 5200mAh Color: Negro Peso: 530g","rel":"","context":"Entrada similar","img":{"alt_text":"BATERIA COMP ACER\/GATEWAY SQU-525\/SQU-519\/560","src":"https:\/\/i0.wp.com\/comerciallin.com\/wp-content\/uploads\/2023\/02\/2121511038.jpg?fit=992%2C744&ssl=1&resize=350%2C200","width":350,"height":200},"classes":[]},{"id":19595,"url":"https:\/\/comerciallin.com\/index.php\/producto\/teclado-p-lapto-comp-acer-aspire-v5-123-v51\/","url_meta":{"origin":20858,"position":1},"title":"TECLADO P. LAPTO COMP ACER ASPIRE V5-123 V51","date":"7 de noviembre de 2022","format":false,"excerpt":"TECLADO PARA ACER 14 725 756 V5-121 V5-171 S3 S5","rel":"","context":"Entrada similar","img":{"alt_text":"","src":"","width":0,"height":0},"classes":[]},{"id":23850,"url":"https:\/\/comerciallin.com\/index.php\/producto\/teclado-p-lapto-comp-acer-5810\/","url_meta":{"origin":20858,"position":2},"title":"TECLADO P. LAPTO COMP ACER 5810","date":"3 de mayo de 2023","format":false,"excerpt":"Teclado Acer Aspire 5536, Acer Aspire 5536G, Acer Aspire 5541, Acer Aspire 5541G, Acer Aspire 5738, Acer Aspire 5738DG","rel":"","context":"Entrada similar","img":{"alt_text":"","src":"","width":0,"height":0},"classes":[]},{"id":19277,"url":"https:\/\/comerciallin.com\/index.php\/producto\/bateria-comp-acer-as09a31-41-51-61-70-71-75-z\/","url_meta":{"origin":20858,"position":3},"title":"BATERIA COMP ACER AS09A31-41-51-61-70-71-75\/Z","date":"7 de noviembre de 2022","format":false,"excerpt":"Voltaje 11.1 Voltios Compatible Devices Laptop Reutilizaci\u00f3n Rechargeable Tipo de celda de bater\u00eda Litio Ion","rel":"","context":"Entrada similar","img":{"alt_text":"BATERIA COMP ACER AS09A31-41-51-61-70-71-75\/Z","src":"https:\/\/i0.wp.com\/comerciallin.com\/wp-content\/uploads\/2023\/02\/2050313901.jpg?fit=992%2C744&ssl=1&resize=350%2C200","width":350,"height":200},"classes":[]},{"id":23852,"url":"https:\/\/comerciallin.com\/index.php\/producto\/teclado-p-lapto-comp-acer-5830\/","url_meta":{"origin":20858,"position":4},"title":"TECLADO P. LAPTO COMP ACER 5830","date":"3 de mayo de 2023","format":false,"excerpt":"Teclado laptop Acer Aspire 5830 es KB.I170A.172. Acer Aspire 5830,Acer Aspire 5830G, Acer Aspire 5830T, Acer Aspire 5830TG.","rel":"","context":"Entrada similar","img":{"alt_text":"","src":"","width":0,"height":0},"classes":[]},{"id":19149,"url":"https:\/\/comerciallin.com\/index.php\/producto\/bateria-comp-acer-one-um08a31\/","url_meta":{"origin":20858,"position":5},"title":"BATERIA COMP ACER ONE UM08A31","date":"7 de noviembre de 2022","format":false,"excerpt":"Voltaje 11.1 Voltios Battery Weight 100 Gramos Battery Cell Type Litio","rel":"","context":"Entrada similar","img":{"alt_text":"","src":"","width":0,"height":0},"classes":[]}],"jetpack_sharing_enabled":true,"jetpack_likes_enabled":true,"_links":{"self":[{"href":"https:\/\/comerciallin.com\/index.php\/wp-json\/wp\/v2\/product\/20858"}],"collection":[{"href":"https:\/\/comerciallin.com\/index.php\/wp-json\/wp\/v2\/product"}],"about":[{"href":"https:\/\/comerciallin.com\/index.php\/wp-json\/wp\/v2\/types\/product"}],"replies":[{"embeddable":true,"href":"https:\/\/comerciallin.com\/index.php\/wp-json\/wp\/v2\/comments?post=20858"}],"wp:featuredmedia":[{"embeddable":true,"href":"https:\/\/comerciallin.com\/index.php\/wp-json\/wp\/v2\/media\/21586"}],"wp:attachment":[{"href":"https:\/\/comerciallin.com\/index.php\/wp-json\/wp\/v2\/media?parent=20858"}],"wp:term":[{"taxonomy":"product_cat","embeddable":true,"href":"https:\/\/comerciallin.com\/index.php\/wp-json\/wp\/v2\/product_cat?post=20858"},{"taxonomy":"product_tag","embeddable":true,"href":"https:\/\/comerciallin.com\/index.php\/wp-json\/wp\/v2\/product_tag?post=20858"}],"curies":[{"name":"wp","href":"https:\/\/api.w.org\/{rel}","templated":true}]}}