{"id":19743,"date":"2022-11-08T15:27:17","date_gmt":"2022-11-08T20:27:17","guid":{"rendered":"https:\/\/comerciallin.com\/index.php\/producto\/teclado-p-lapto-comp-sony-vpc-31311u\/"},"modified":"2025-01-14T13:58:05","modified_gmt":"2025-01-14T18:58:05","slug":"teclado-p-lapto-comp-sony-vpc-31311u","status":"publish","type":"product","link":"https:\/\/comerciallin.com\/index.php\/producto\/teclado-p-lapto-comp-sony-vpc-31311u\/","title":{"rendered":"TECLADO P. LAPTO COMP SONY VPC-31311U"},"content":{"rendered":"<p>Teclado Sony Vpc-ya Vpc-yb Pcg-31311u<\/p>\n","protected":false},"excerpt":{"rendered":"<p>Teclado Sony Vpc-ya Vpc-yb Pcg-31311u<\/p>\n","protected":false},"featured_media":22050,"comment_status":"open","ping_status":"closed","template":"","meta":{"spay_email":""},"product_cat":[835],"product_tag":[],"supplier_id":null,"supplier_sku":"","barcode":null,"atum_controlled":true,"out_stock_date":null,"out_stock_threshold":null,"inheritable":false,"inbound_stock":null,"stock_on_hold":0,"sold_today":0,"sales_last_days":0,"reserved_stock":null,"customer_returns":null,"warehouse_damage":null,"lost_in_post":null,"other_logs":null,"out_stock_days":0,"lost_sales":0,"has_location":null,"update_date":"2026-04-04T23:41:15","atum_locations":[],"atum_stock_status":"instock","restock_status":false,"low_stock_amount":"","sales_update_date":"2026-04-04T23:41:15","calc_backorders":null,"acf":[],"yoast_head":"<!-- This site is optimized with the Yoast SEO Premium plugin v17.4 (Yoast SEO v17.4) - https:\/\/yoast.com\/wordpress\/plugins\/seo\/ -->\n<title>TECLADO P. LAPTO COMP SONY VPC-31311U - tienda de electr\u00f3nica y computaci\u00f3n<\/title>\n<meta name=\"robots\" content=\"index, follow, max-snippet:-1, max-image-preview:large, max-video-preview:-1\" \/>\n<link rel=\"canonical\" href=\"https:\/\/comerciallin.com\/index.php\/producto\/teclado-p-lapto-comp-sony-vpc-31311u\/\" \/>\n<meta property=\"og:locale\" content=\"es_ES\" \/>\n<meta property=\"og:type\" content=\"article\" \/>\n<meta property=\"og:title\" content=\"TECLADO P. LAPTO COMP SONY VPC-31311U\" \/>\n<meta property=\"og:description\" content=\"Teclado Sony Vpc-ya Vpc-yb Pcg-31311u\" \/>\n<meta property=\"og:url\" content=\"https:\/\/comerciallin.com\/index.php\/producto\/teclado-p-lapto-comp-sony-vpc-31311u\/\" \/>\n<meta property=\"og:site_name\" content=\"tienda de electr\u00f3nica y computaci\u00f3n\" \/>\n<meta property=\"article:modified_time\" content=\"2025-01-14T18:58:05+00:00\" \/>\n<meta name=\"twitter:card\" content=\"summary_large_image\" \/>\n<meta name=\"twitter:image\" content=\"https:\/\/i0.wp.com\/comerciallin.com\/wp-content\/uploads\/2023\/02\/405030100101.jpg?fit=%2C&amp;ssl=1\" \/>\n<meta name=\"twitter:label1\" content=\"Precio\" \/>\n\t<meta name=\"twitter:data1\" content=\"&#36;25,30\" \/>\n\t<meta name=\"twitter:label2\" content=\"Availability\" \/>\n\t<meta name=\"twitter:data2\" content=\"In stock\" \/>\n<script type=\"application\/ld+json\" class=\"yoast-schema-graph\">{\"@context\":\"https:\/\/schema.org\",\"@graph\":[{\"@type\":\"WebSite\",\"@id\":\"https:\/\/comerciallin.com\/#website\",\"url\":\"https:\/\/comerciallin.com\/\",\"name\":\"tienda de electr\\u00f3nica y computaci\\u00f3n\",\"description\":\"Importadora de Electr\\u00f3nica y Computaci\\u00f3n\",\"potentialAction\":[{\"@type\":\"SearchAction\",\"target\":{\"@type\":\"EntryPoint\",\"urlTemplate\":\"https:\/\/comerciallin.com\/?s={search_term_string}\"},\"query-input\":\"required name=search_term_string\"}],\"inLanguage\":\"es\"},{\"@type\":\"ImageObject\",\"@id\":\"https:\/\/comerciallin.com\/index.php\/producto\/teclado-p-lapto-comp-sony-vpc-31311u\/#primaryimage\",\"inLanguage\":\"es\",\"url\":\"https:\/\/i0.wp.com\/comerciallin.com\/wp-content\/uploads\/2023\/02\/405030100101.jpg?fit=%2C&ssl=1\",\"contentUrl\":\"https:\/\/i0.wp.com\/comerciallin.com\/wp-content\/uploads\/2023\/02\/405030100101.jpg?fit=%2C&ssl=1\",\"caption\":\"TECLADO P. LAPTO COMP SONY VPC-31311U\"},{\"@type\":\"WebPage\",\"@id\":\"https:\/\/comerciallin.com\/index.php\/producto\/teclado-p-lapto-comp-sony-vpc-31311u\/#webpage\",\"url\":\"https:\/\/comerciallin.com\/index.php\/producto\/teclado-p-lapto-comp-sony-vpc-31311u\/\",\"name\":\"TECLADO P. LAPTO COMP SONY VPC-31311U - tienda de electr\\u00f3nica y computaci\\u00f3n\",\"isPartOf\":{\"@id\":\"https:\/\/comerciallin.com\/#website\"},\"primaryImageOfPage\":{\"@id\":\"https:\/\/comerciallin.com\/index.php\/producto\/teclado-p-lapto-comp-sony-vpc-31311u\/#primaryimage\"},\"datePublished\":\"2022-11-08T20:27:17+00:00\",\"dateModified\":\"2025-01-14T18:58:05+00:00\",\"breadcrumb\":{\"@id\":\"https:\/\/comerciallin.com\/index.php\/producto\/teclado-p-lapto-comp-sony-vpc-31311u\/#breadcrumb\"},\"inLanguage\":\"es\",\"potentialAction\":[{\"@type\":\"ReadAction\",\"target\":[\"https:\/\/comerciallin.com\/index.php\/producto\/teclado-p-lapto-comp-sony-vpc-31311u\/\"]}]},{\"@type\":\"BreadcrumbList\",\"@id\":\"https:\/\/comerciallin.com\/index.php\/producto\/teclado-p-lapto-comp-sony-vpc-31311u\/#breadcrumb\",\"itemListElement\":[{\"@type\":\"ListItem\",\"position\":1,\"name\":\"Inicio\",\"item\":\"https:\/\/comerciallin.com\/\"},{\"@type\":\"ListItem\",\"position\":2,\"name\":\"Shop\",\"item\":\"https:\/\/comerciallin.com\/?page_id=3853\"},{\"@type\":\"ListItem\",\"position\":3,\"name\":\"TECLADO P. LAPTO COMP SONY VPC-31311U\"}]}]}<\/script>\n<meta property=\"product:price:amount\" content=\"25.30\" \/>\n<meta property=\"product:price:currency\" content=\"USD\" \/>\n<meta property=\"og:availability\" content=\"instock\" \/>\n<meta property=\"product:availability\" content=\"instock\" \/>\n<meta property=\"product:retailer_item_id\" content=\"405030100101\" \/>\n<meta property=\"product:condition\" content=\"new\" \/>\n<!-- \/ Yoast SEO Premium plugin. -->","yoast_head_json":{"title":"TECLADO P. LAPTO COMP SONY VPC-31311U - tienda de electr\u00f3nica y computaci\u00f3n","robots":{"index":"index","follow":"follow","max-snippet":"max-snippet:-1","max-image-preview":"max-image-preview:large","max-video-preview":"max-video-preview:-1"},"canonical":"https:\/\/comerciallin.com\/index.php\/producto\/teclado-p-lapto-comp-sony-vpc-31311u\/","og_locale":"es_ES","og_type":"article","og_title":"TECLADO P. LAPTO COMP SONY VPC-31311U","og_description":"Teclado Sony Vpc-ya Vpc-yb Pcg-31311u","og_url":"https:\/\/comerciallin.com\/index.php\/producto\/teclado-p-lapto-comp-sony-vpc-31311u\/","og_site_name":"tienda de electr\u00f3nica y computaci\u00f3n","article_modified_time":"2025-01-14T18:58:05+00:00","twitter_card":"summary_large_image","twitter_image":"https:\/\/i0.wp.com\/comerciallin.com\/wp-content\/uploads\/2023\/02\/405030100101.jpg?fit=%2C&ssl=1","twitter_misc":{"Precio":"&#36;25,30","Availability":"In stock"},"schema":{"@context":"https:\/\/schema.org","@graph":[{"@type":"WebSite","@id":"https:\/\/comerciallin.com\/#website","url":"https:\/\/comerciallin.com\/","name":"tienda de electr\u00f3nica y computaci\u00f3n","description":"Importadora de Electr\u00f3nica y Computaci\u00f3n","potentialAction":[{"@type":"SearchAction","target":{"@type":"EntryPoint","urlTemplate":"https:\/\/comerciallin.com\/?s={search_term_string}"},"query-input":"required name=search_term_string"}],"inLanguage":"es"},{"@type":"ImageObject","@id":"https:\/\/comerciallin.com\/index.php\/producto\/teclado-p-lapto-comp-sony-vpc-31311u\/#primaryimage","inLanguage":"es","url":"https:\/\/i0.wp.com\/comerciallin.com\/wp-content\/uploads\/2023\/02\/405030100101.jpg?fit=%2C&ssl=1","contentUrl":"https:\/\/i0.wp.com\/comerciallin.com\/wp-content\/uploads\/2023\/02\/405030100101.jpg?fit=%2C&ssl=1","caption":"TECLADO P. LAPTO COMP SONY VPC-31311U"},{"@type":"WebPage","@id":"https:\/\/comerciallin.com\/index.php\/producto\/teclado-p-lapto-comp-sony-vpc-31311u\/#webpage","url":"https:\/\/comerciallin.com\/index.php\/producto\/teclado-p-lapto-comp-sony-vpc-31311u\/","name":"TECLADO P. LAPTO COMP SONY VPC-31311U - tienda de electr\u00f3nica y computaci\u00f3n","isPartOf":{"@id":"https:\/\/comerciallin.com\/#website"},"primaryImageOfPage":{"@id":"https:\/\/comerciallin.com\/index.php\/producto\/teclado-p-lapto-comp-sony-vpc-31311u\/#primaryimage"},"datePublished":"2022-11-08T20:27:17+00:00","dateModified":"2025-01-14T18:58:05+00:00","breadcrumb":{"@id":"https:\/\/comerciallin.com\/index.php\/producto\/teclado-p-lapto-comp-sony-vpc-31311u\/#breadcrumb"},"inLanguage":"es","potentialAction":[{"@type":"ReadAction","target":["https:\/\/comerciallin.com\/index.php\/producto\/teclado-p-lapto-comp-sony-vpc-31311u\/"]}]},{"@type":"BreadcrumbList","@id":"https:\/\/comerciallin.com\/index.php\/producto\/teclado-p-lapto-comp-sony-vpc-31311u\/#breadcrumb","itemListElement":[{"@type":"ListItem","position":1,"name":"Inicio","item":"https:\/\/comerciallin.com\/"},{"@type":"ListItem","position":2,"name":"Shop","item":"https:\/\/comerciallin.com\/?page_id=3853"},{"@type":"ListItem","position":3,"name":"TECLADO P. LAPTO COMP SONY VPC-31311U"}]}]},"product_price_amount":"25.30","product_price_currency":"USD","og_availability":"instock","product_availability":"instock","product_retailer_item_id":"405030100101","product_condition":"new"},"jetpack-related-posts":[{"id":23882,"url":"https:\/\/comerciallin.com\/index.php\/producto\/teclado-p-lapto-comp-sony-vpc-eg\/","url_meta":{"origin":19743,"position":0},"title":"TECLADO P. LAPTO COMP SONY VPC-EG","date":"3 de mayo de 2023","format":false,"excerpt":"Teclado para la laptop Sony Pcg-61a11u, V116646E, PCG-61A11U, PCG-61A12L, PCG-61A13L, PCG-61A14L, PCG-61A15L, PCG-61A16L, PCG-61A17L, PCG-61A18L, PCG-61A19L, PCG-61A20L","rel":"","context":"Entrada similar","img":{"alt_text":"","src":"","width":0,"height":0},"classes":[]},{"id":19741,"url":"https:\/\/comerciallin.com\/index.php\/producto\/pantalla-lapto-11-6-slim-40pin-ks-43111640\/","url_meta":{"origin":19743,"position":1},"title":"PANTALLA LAPTO 11.6&#8243; SLIM 40PIN KS-43111640","date":"8 de noviembre de 2022","format":false,"excerpt":"Pantalla 11.6 Slim 40p L Sony Vaio Sve11125clp Sve11125clw","rel":"","context":"Entrada similar","img":{"alt_text":"","src":"","width":0,"height":0},"classes":[]},{"id":19235,"url":"https:\/\/comerciallin.com\/index.php\/producto\/bateria-comp-sony-vgp-bps26-vgp-bpl26-vgp-bpg\/","url_meta":{"origin":19743,"position":2},"title":"BATERIA COMP SONY VGP-BPS26\/VGP-BPL26\/VGP-BPG","date":"7 de noviembre de 2022","format":false,"excerpt":"Voltaje 11.1 Voltios Compatible Devices Laptop Reutilizaci\u00f3n Rechargeable","rel":"","context":"Entrada similar","img":{"alt_text":"","src":"","width":0,"height":0},"classes":[]},{"id":19147,"url":"https:\/\/comerciallin.com\/index.php\/producto\/bateria-comp-sony-vgp-bps2-pcgabpz51-vgp-bpl\/","url_meta":{"origin":19743,"position":3},"title":"BATERIA COMP SONY VGP-BPS2\/PCGABPZ51\/VGP-BPL-","date":"7 de noviembre de 2022","format":false,"excerpt":"Voltaje 11.1 Voltios Peso del producto 1 Libras Tipo de celda de bater\u00eda Litio Ion Capacidad 4400 Miliamperios Hora (mAh)","rel":"","context":"Entrada similar","img":{"alt_text":"","src":"","width":0,"height":0},"classes":[]},{"id":18803,"url":"https:\/\/comerciallin.com\/index.php\/producto\/cargador-comp-sony-19-5v-4-74a\/","url_meta":{"origin":19743,"position":4},"title":"CARGADOR COMP SONY 19.5V 4.74A","date":"7 de noviembre de 2022","format":false,"excerpt":"Entrada: 100-240V \/ 50-60Hz Salida: 19.5V 4.74A Conector: 6.4mm*4.4mm Color: Negro Condici\u00f3n: Nuevo Paquete incluye: 1 x Adaptador de corriente AC 1 x Cable de Alimentaci\u00f3n El\u00e9ctrica Garant\u00eda: 6 meses de garant\u00eda IVA Incluido","rel":"","context":"Entrada similar","img":{"alt_text":"","src":"","width":0,"height":0},"classes":[]},{"id":18957,"url":"https:\/\/comerciallin.com\/index.php\/producto\/cargador-comp-sony-19-5v-3-9a-90w\/","url_meta":{"origin":19743,"position":5},"title":"CARGADOR COMP SONY 19.5V 3.9A 90W","date":"7 de noviembre de 2022","format":false,"excerpt":"Entrada: 100-240V \/ 50-60Hz Salida: 19.5V 3.9A Conector: 6.4mm*4.4mm Color: Negro Condici\u00f3n: Nuevo Paquete incluye: 1 x Adaptador de corriente AC 1 x Cable de Alimentaci\u00f3n El\u00e9ctrica Garant\u00eda: 6 meses de garant\u00eda IVA Incluido","rel":"","context":"Entrada similar","img":{"alt_text":"","src":"","width":0,"height":0},"classes":[]}],"jetpack_sharing_enabled":true,"jetpack_likes_enabled":true,"_links":{"self":[{"href":"https:\/\/comerciallin.com\/index.php\/wp-json\/wp\/v2\/product\/19743"}],"collection":[{"href":"https:\/\/comerciallin.com\/index.php\/wp-json\/wp\/v2\/product"}],"about":[{"href":"https:\/\/comerciallin.com\/index.php\/wp-json\/wp\/v2\/types\/product"}],"replies":[{"embeddable":true,"href":"https:\/\/comerciallin.com\/index.php\/wp-json\/wp\/v2\/comments?post=19743"}],"wp:featuredmedia":[{"embeddable":true,"href":"https:\/\/comerciallin.com\/index.php\/wp-json\/wp\/v2\/media\/22050"}],"wp:attachment":[{"href":"https:\/\/comerciallin.com\/index.php\/wp-json\/wp\/v2\/media?parent=19743"}],"wp:term":[{"taxonomy":"product_cat","embeddable":true,"href":"https:\/\/comerciallin.com\/index.php\/wp-json\/wp\/v2\/product_cat?post=19743"},{"taxonomy":"product_tag","embeddable":true,"href":"https:\/\/comerciallin.com\/index.php\/wp-json\/wp\/v2\/product_tag?post=19743"}],"curies":[{"name":"wp","href":"https:\/\/api.w.org\/{rel}","templated":true}]}}