{"id":19742,"date":"2022-11-08T15:27:16","date_gmt":"2022-11-08T20:27:16","guid":{"rendered":"https:\/\/comerciallin.com\/index.php\/producto\/pantalla-lapto-10-1-led-ks-431-101\/"},"modified":"2025-01-14T13:57:07","modified_gmt":"2025-01-14T18:57:07","slug":"pantalla-lapto-10-1-led-ks-431-101","status":"publish","type":"product","link":"https:\/\/comerciallin.com\/index.php\/producto\/pantalla-lapto-10-1-led-ks-431-101\/","title":{"rendered":"PANTALLA LAPTO 10.1&#8243; LED KS-431 101"},"content":{"rendered":"<p>Numeros de parte:<br \/>B101AW06 V.1 HW0A<br \/>B101XTN01.1<br \/>BA101WS1-100<br \/>CLAA101NB03A<br \/>HSD101PFW4<br \/>LP101WSB (TL)(N1)<br \/>LTN101NT08<br \/>LTN101NT08-801<br \/>LTN101NT08-802<br \/>LTN101NT08-803<br \/>LTN101NT08-804<br \/>LTN101NT08-806<br \/>LTN101NT08-808<br \/>LTN101NT08-T01<br \/>LTN101NT08-W01<br \/>N101L6-L0D<br \/>N101LGE-L41<br \/>sd101pfw4<\/p>\n<p>Compatible con:<br \/>ACER ASPIRE PAV70<br \/>ACER ONE 257-1654<br \/>ACER ONE 521<br \/>ACER ONE D255 D257<br \/>ACER ONE D255-2256<br \/>ACER ONE D255-2729<br \/>ACER ONE D255E-13496<br \/>ACER ONE D255E-13626<br \/>ACER ONE D255E-13654<br \/>ACER ONE D255E-13684<br \/>ACER ONE D257 1887<br \/>ACER ONE D257-1676<br \/>ACER ONE D257-1689<br \/>ACER ONE D257-1890<br \/>ACER ONE D260<br \/>ACER ONE D270-1402<br \/>ACER ONE D270-1631<br \/>ACER ONE D270-1648<br \/>ACER ONE D270-1670<br \/>ACER ONE D270-1838<br \/>ACER ONE D270-1855<br \/>ACER ONE D270-1887<br \/>ACER ONE D355E-13894<br \/>ACER ONE HAPPY 13825<br \/>ACER ONE HAPPY 2<br \/>ACER ONE PAV70<br \/>ACER ONEE D255E-13281<br \/>AOD255<br \/>ASUS 1015E<br \/>ASUS 1025C<br \/>ASUS EEE PC R11CX<br \/>ASUS EEE PC X101CH<br \/>ASUS X101CH<br \/>EM355-13667<br \/>EMACHINES 355<br \/>EMACHINES 355-13446<br \/>EMACHINES 355-1609<br \/>EMACHINES EM355<br \/>EMACHINES EM355-13446<br \/>EMACHINES EM355-13667<br \/>EMACHINES EM355-1609<br \/>GATEWAY LT27<br \/>GATEWAY LT2802<br \/>GATEWAY LT2811M<br \/>GATEWAY MINI LT4002M<br \/>GATEWAY MINI LT4003M<br \/>GATEWAY ZE6<br \/>GATEWAY ZE7<br \/>LENOVO IDEAPAD S100<br \/>LENOVO IDEAPAD S100C<br \/>LENOVO IDEAPAD S110<br \/>LENOVO S10-3<br \/>SAMSUNG NC-110<br \/>SAMSUNG NC110P<br \/>SAMSUNG NP-N102S<\/p>\n","protected":false},"excerpt":{"rendered":"<p>Pantalla 10.1 Slim 40 Pines<\/p>\n","protected":false},"featured_media":21962,"comment_status":"open","ping_status":"closed","template":"","meta":{"spay_email":""},"product_cat":[826],"product_tag":[],"supplier_id":null,"supplier_sku":"","barcode":null,"atum_controlled":true,"out_stock_date":null,"out_stock_threshold":null,"inheritable":false,"inbound_stock":null,"stock_on_hold":0,"sold_today":0,"sales_last_days":0,"reserved_stock":null,"customer_returns":null,"warehouse_damage":null,"lost_in_post":null,"other_logs":null,"out_stock_days":0,"lost_sales":0,"has_location":null,"update_date":"2026-05-02T00:12:23","atum_locations":[],"atum_stock_status":"instock","restock_status":false,"low_stock_amount":"","sales_update_date":"2026-05-02T00:12:23","calc_backorders":null,"acf":[],"yoast_head":"<!-- This site is optimized with the Yoast SEO Premium plugin v17.4 (Yoast SEO v17.4) - https:\/\/yoast.com\/wordpress\/plugins\/seo\/ -->\n<title>PANTALLA LAPTO 10.1&quot; LED KS-431 101 - tienda de electr\u00f3nica y computaci\u00f3n<\/title>\n<meta name=\"robots\" content=\"index, follow, max-snippet:-1, max-image-preview:large, max-video-preview:-1\" \/>\n<link rel=\"canonical\" href=\"https:\/\/comerciallin.com\/index.php\/producto\/pantalla-lapto-10-1-led-ks-431-101\/\" \/>\n<meta property=\"og:locale\" content=\"es_ES\" \/>\n<meta property=\"og:type\" content=\"article\" \/>\n<meta property=\"og:title\" content=\"PANTALLA LAPTO 10.1&quot; LED KS-431 101\" \/>\n<meta property=\"og:description\" content=\"Pantalla 10.1 Slim 40 Pines\" \/>\n<meta property=\"og:url\" content=\"https:\/\/comerciallin.com\/index.php\/producto\/pantalla-lapto-10-1-led-ks-431-101\/\" \/>\n<meta property=\"og:site_name\" content=\"tienda de electr\u00f3nica y computaci\u00f3n\" \/>\n<meta property=\"article:modified_time\" content=\"2025-01-14T18:57:07+00:00\" \/>\n<meta name=\"twitter:card\" content=\"summary_large_image\" \/>\n<meta name=\"twitter:image\" content=\"https:\/\/i0.wp.com\/comerciallin.com\/wp-content\/uploads\/2023\/02\/431030180105.jpg?fit=%2C&amp;ssl=1\" \/>\n<meta name=\"twitter:label1\" content=\"Precio\" \/>\n\t<meta name=\"twitter:data1\" content=\"&#36;74,75\" \/>\n\t<meta name=\"twitter:label2\" content=\"Availability\" \/>\n\t<meta name=\"twitter:data2\" content=\"In stock\" \/>\n<script type=\"application\/ld+json\" class=\"yoast-schema-graph\">{\"@context\":\"https:\/\/schema.org\",\"@graph\":[{\"@type\":\"WebSite\",\"@id\":\"https:\/\/comerciallin.com\/#website\",\"url\":\"https:\/\/comerciallin.com\/\",\"name\":\"tienda de electr\\u00f3nica y computaci\\u00f3n\",\"description\":\"Importadora de Electr\\u00f3nica y Computaci\\u00f3n\",\"potentialAction\":[{\"@type\":\"SearchAction\",\"target\":{\"@type\":\"EntryPoint\",\"urlTemplate\":\"https:\/\/comerciallin.com\/?s={search_term_string}\"},\"query-input\":\"required name=search_term_string\"}],\"inLanguage\":\"es\"},{\"@type\":\"ImageObject\",\"@id\":\"https:\/\/comerciallin.com\/index.php\/producto\/pantalla-lapto-10-1-led-ks-431-101\/#primaryimage\",\"inLanguage\":\"es\",\"url\":\"https:\/\/i0.wp.com\/comerciallin.com\/wp-content\/uploads\/2023\/02\/431030180105.jpg?fit=%2C&ssl=1\",\"contentUrl\":\"https:\/\/i0.wp.com\/comerciallin.com\/wp-content\/uploads\/2023\/02\/431030180105.jpg?fit=%2C&ssl=1\",\"caption\":\"PANTALLA LAPTO 10.1\\\" LED KS-431 101\"},{\"@type\":\"WebPage\",\"@id\":\"https:\/\/comerciallin.com\/index.php\/producto\/pantalla-lapto-10-1-led-ks-431-101\/#webpage\",\"url\":\"https:\/\/comerciallin.com\/index.php\/producto\/pantalla-lapto-10-1-led-ks-431-101\/\",\"name\":\"PANTALLA LAPTO 10.1\\\" LED KS-431 101 - tienda de electr\\u00f3nica y computaci\\u00f3n\",\"isPartOf\":{\"@id\":\"https:\/\/comerciallin.com\/#website\"},\"primaryImageOfPage\":{\"@id\":\"https:\/\/comerciallin.com\/index.php\/producto\/pantalla-lapto-10-1-led-ks-431-101\/#primaryimage\"},\"datePublished\":\"2022-11-08T20:27:16+00:00\",\"dateModified\":\"2025-01-14T18:57:07+00:00\",\"breadcrumb\":{\"@id\":\"https:\/\/comerciallin.com\/index.php\/producto\/pantalla-lapto-10-1-led-ks-431-101\/#breadcrumb\"},\"inLanguage\":\"es\",\"potentialAction\":[{\"@type\":\"ReadAction\",\"target\":[\"https:\/\/comerciallin.com\/index.php\/producto\/pantalla-lapto-10-1-led-ks-431-101\/\"]}]},{\"@type\":\"BreadcrumbList\",\"@id\":\"https:\/\/comerciallin.com\/index.php\/producto\/pantalla-lapto-10-1-led-ks-431-101\/#breadcrumb\",\"itemListElement\":[{\"@type\":\"ListItem\",\"position\":1,\"name\":\"Inicio\",\"item\":\"https:\/\/comerciallin.com\/\"},{\"@type\":\"ListItem\",\"position\":2,\"name\":\"Shop\",\"item\":\"https:\/\/comerciallin.com\/?page_id=3853\"},{\"@type\":\"ListItem\",\"position\":3,\"name\":\"PANTALLA LAPTO 10.1&#8243; LED KS-431 101\"}]}]}<\/script>\n<meta property=\"product:price:amount\" content=\"74.75\" \/>\n<meta property=\"product:price:currency\" content=\"USD\" \/>\n<meta property=\"og:availability\" content=\"instock\" \/>\n<meta property=\"product:availability\" content=\"instock\" \/>\n<meta property=\"product:retailer_item_id\" content=\"431030180105\" \/>\n<meta property=\"product:condition\" content=\"new\" \/>\n<!-- \/ Yoast SEO Premium plugin. -->","yoast_head_json":{"title":"PANTALLA LAPTO 10.1\" LED KS-431 101 - tienda de electr\u00f3nica y computaci\u00f3n","robots":{"index":"index","follow":"follow","max-snippet":"max-snippet:-1","max-image-preview":"max-image-preview:large","max-video-preview":"max-video-preview:-1"},"canonical":"https:\/\/comerciallin.com\/index.php\/producto\/pantalla-lapto-10-1-led-ks-431-101\/","og_locale":"es_ES","og_type":"article","og_title":"PANTALLA LAPTO 10.1\" LED KS-431 101","og_description":"Pantalla 10.1 Slim 40 Pines","og_url":"https:\/\/comerciallin.com\/index.php\/producto\/pantalla-lapto-10-1-led-ks-431-101\/","og_site_name":"tienda de electr\u00f3nica y computaci\u00f3n","article_modified_time":"2025-01-14T18:57:07+00:00","twitter_card":"summary_large_image","twitter_image":"https:\/\/i0.wp.com\/comerciallin.com\/wp-content\/uploads\/2023\/02\/431030180105.jpg?fit=%2C&ssl=1","twitter_misc":{"Precio":"&#36;74,75","Availability":"In stock"},"schema":{"@context":"https:\/\/schema.org","@graph":[{"@type":"WebSite","@id":"https:\/\/comerciallin.com\/#website","url":"https:\/\/comerciallin.com\/","name":"tienda de electr\u00f3nica y computaci\u00f3n","description":"Importadora de Electr\u00f3nica y Computaci\u00f3n","potentialAction":[{"@type":"SearchAction","target":{"@type":"EntryPoint","urlTemplate":"https:\/\/comerciallin.com\/?s={search_term_string}"},"query-input":"required name=search_term_string"}],"inLanguage":"es"},{"@type":"ImageObject","@id":"https:\/\/comerciallin.com\/index.php\/producto\/pantalla-lapto-10-1-led-ks-431-101\/#primaryimage","inLanguage":"es","url":"https:\/\/i0.wp.com\/comerciallin.com\/wp-content\/uploads\/2023\/02\/431030180105.jpg?fit=%2C&ssl=1","contentUrl":"https:\/\/i0.wp.com\/comerciallin.com\/wp-content\/uploads\/2023\/02\/431030180105.jpg?fit=%2C&ssl=1","caption":"PANTALLA LAPTO 10.1\" LED KS-431 101"},{"@type":"WebPage","@id":"https:\/\/comerciallin.com\/index.php\/producto\/pantalla-lapto-10-1-led-ks-431-101\/#webpage","url":"https:\/\/comerciallin.com\/index.php\/producto\/pantalla-lapto-10-1-led-ks-431-101\/","name":"PANTALLA LAPTO 10.1\" LED KS-431 101 - tienda de electr\u00f3nica y computaci\u00f3n","isPartOf":{"@id":"https:\/\/comerciallin.com\/#website"},"primaryImageOfPage":{"@id":"https:\/\/comerciallin.com\/index.php\/producto\/pantalla-lapto-10-1-led-ks-431-101\/#primaryimage"},"datePublished":"2022-11-08T20:27:16+00:00","dateModified":"2025-01-14T18:57:07+00:00","breadcrumb":{"@id":"https:\/\/comerciallin.com\/index.php\/producto\/pantalla-lapto-10-1-led-ks-431-101\/#breadcrumb"},"inLanguage":"es","potentialAction":[{"@type":"ReadAction","target":["https:\/\/comerciallin.com\/index.php\/producto\/pantalla-lapto-10-1-led-ks-431-101\/"]}]},{"@type":"BreadcrumbList","@id":"https:\/\/comerciallin.com\/index.php\/producto\/pantalla-lapto-10-1-led-ks-431-101\/#breadcrumb","itemListElement":[{"@type":"ListItem","position":1,"name":"Inicio","item":"https:\/\/comerciallin.com\/"},{"@type":"ListItem","position":2,"name":"Shop","item":"https:\/\/comerciallin.com\/?page_id=3853"},{"@type":"ListItem","position":3,"name":"PANTALLA LAPTO 10.1&#8243; LED KS-431 101"}]}]},"product_price_amount":"74.75","product_price_currency":"USD","og_availability":"instock","product_availability":"instock","product_retailer_item_id":"431030180105","product_condition":"new"},"jetpack-related-posts":[{"id":19149,"url":"https:\/\/comerciallin.com\/index.php\/producto\/bateria-comp-acer-one-um08a31\/","url_meta":{"origin":19742,"position":0},"title":"BATERIA COMP ACER ONE UM08A31","date":"7 de noviembre de 2022","format":false,"excerpt":"Voltaje 11.1 Voltios Battery Weight 100 Gramos Battery Cell Type Litio","rel":"","context":"Entrada similar","img":{"alt_text":"","src":"","width":0,"height":0},"classes":[]},{"id":18676,"url":"https:\/\/comerciallin.com\/index.php\/producto\/bateria-comp-acer-um08a31-32-51-52-71-72-73-2\/","url_meta":{"origin":19742,"position":1},"title":"BATERIA COMP ACER UM08A31-32-51-52-71-72-73-2","date":"7 de noviembre de 2022","format":false,"excerpt":"Voltaje 11.1 Voltios Battery Weight 100 Gramos Battery Cell Type Litio","rel":"","context":"Entrada similar","img":{"alt_text":"","src":"","width":0,"height":0},"classes":[]},{"id":19738,"url":"https:\/\/comerciallin.com\/index.php\/producto\/pantalla-lapto-11-6-led-slim-40pin\/","url_meta":{"origin":19742,"position":2},"title":"PANTALLA LAPTO 11.6&#8243; LED SLIM 40PIN","date":"8 de noviembre de 2022","format":false,"excerpt":"Pantalla 11.6 Led 40p Ltn116at01-801 Ltn116at01-t01 Acer 751","rel":"","context":"Entrada similar","img":{"alt_text":"","src":"","width":0,"height":0},"classes":[]},{"id":22479,"url":"https:\/\/comerciallin.com\/index.php\/producto\/hdd-all-in-one-double-dock\/","url_meta":{"origin":19742,"position":3},"title":"HDD ALL IN ONE DOUBLE DOCK","date":"19 de abril de 2023","format":false,"excerpt":"Sin herramientas, plug and play USB3.0, transferencia de datos m\u00e1s r\u00e1pida, velocidad de transmisi\u00f3n de 6 Gbps Admite 2,5\/3,5 pulgadas SATA\/IDE HDD\/SSD, la expansi\u00f3n del almacenamiento es m\u00e1s conveniente y conveniente Tarjeta TF\/SD Con una fuente de alimentaci\u00f3n de 12V \/ 2A","rel":"","context":"Entrada similar","img":{"alt_text":"","src":"","width":0,"height":0},"classes":[]},{"id":19744,"url":"https:\/\/comerciallin.com\/index.php\/producto\/teclado-p-lapto-comp-acer-zg5-e1-432\/","url_meta":{"origin":19742,"position":4},"title":"TECLADO P. LAPTO COMP ACER ZG5 E1-432","date":"8 de noviembre de 2022","format":false,"excerpt":"Teclado Acer Aspire One A110 A150 Zg5 D150 D250","rel":"","context":"Entrada similar","img":{"alt_text":"","src":"","width":0,"height":0},"classes":[]},{"id":19575,"url":"https:\/\/comerciallin.com\/index.php\/producto\/bateria-comp-acer-al12b32-756\/","url_meta":{"origin":19742,"position":5},"title":"BATERIA COMP ACER AL12B32\/756","date":"7 de noviembre de 2022","format":false,"excerpt":"Nueva bater\u00eda AL12B32 4-Cell para port\u00e1til ACER Aspire One 725 756 V5 \u2013 171 B113 B113 M AL12 X 32 AL12 A31 AL12B31 [14,8 V37wh\/2500 mAh]","rel":"","context":"Entrada similar","img":{"alt_text":"BATERIA COMP ACER AL12B32\/756","src":"https:\/\/i0.wp.com\/comerciallin.com\/wp-content\/uploads\/2023\/02\/537030110901.jpg?fit=992%2C744&ssl=1&resize=350%2C200","width":350,"height":200},"classes":[]}],"jetpack_sharing_enabled":true,"jetpack_likes_enabled":true,"_links":{"self":[{"href":"https:\/\/comerciallin.com\/index.php\/wp-json\/wp\/v2\/product\/19742"}],"collection":[{"href":"https:\/\/comerciallin.com\/index.php\/wp-json\/wp\/v2\/product"}],"about":[{"href":"https:\/\/comerciallin.com\/index.php\/wp-json\/wp\/v2\/types\/product"}],"replies":[{"embeddable":true,"href":"https:\/\/comerciallin.com\/index.php\/wp-json\/wp\/v2\/comments?post=19742"}],"wp:featuredmedia":[{"embeddable":true,"href":"https:\/\/comerciallin.com\/index.php\/wp-json\/wp\/v2\/media\/21962"}],"wp:attachment":[{"href":"https:\/\/comerciallin.com\/index.php\/wp-json\/wp\/v2\/media?parent=19742"}],"wp:term":[{"taxonomy":"product_cat","embeddable":true,"href":"https:\/\/comerciallin.com\/index.php\/wp-json\/wp\/v2\/product_cat?post=19742"},{"taxonomy":"product_tag","embeddable":true,"href":"https:\/\/comerciallin.com\/index.php\/wp-json\/wp\/v2\/product_tag?post=19742"}],"curies":[{"name":"wp","href":"https:\/\/api.w.org\/{rel}","templated":true}]}}