{"id":19741,"date":"2022-11-08T15:27:15","date_gmt":"2022-11-08T20:27:15","guid":{"rendered":"https:\/\/comerciallin.com\/index.php\/producto\/pantalla-lapto-11-6-slim-40pin-ks-43111640\/"},"modified":"2025-01-14T13:57:07","modified_gmt":"2025-01-14T18:57:07","slug":"pantalla-lapto-11-6-slim-40pin-ks-43111640","status":"publish","type":"product","link":"https:\/\/comerciallin.com\/index.php\/producto\/pantalla-lapto-11-6-slim-40pin-ks-43111640\/","title":{"rendered":"PANTALLA LAPTO 11.6&#8243; SLIM 40PIN KS-43111640"},"content":{"rendered":"<p>NUMERO DE PARTE:<br \/>B116XTN02.0<br \/>B116XW03 V.0<br \/>B116XW03 V.1<br \/>B116XW03 V.1 HW0A<br \/>B116XW03 V.1 HW0B<br \/>B116XW03 V.1 HW1A<br \/>LP116WH2(TL)(C1)<br \/>LTN116AT02<br \/>LTN116AT02-D01<br \/>LTN116AT02-H01<br \/>LTN116AT02-H02<br \/>LTN116AT02-L01<br \/>LTN116AT04<br \/>LTN116AT04-S01<br \/>LTN116AT07-301<br \/>LTN116AT07-401<br \/>LTN116AT07-B01<br \/>LTN116AT07-H01<br \/>M116NWR1 R1<br \/>N116B6-L04<br \/>N116BGE-L32 (ESTE NUMERO DE PARTE TAMBIEN EXISTE CON SUJETADORES ARRIBA Y ABAJO)<br \/>N116BGE-L41 (ESTE NUMERO DE PARTE TAMBIEN EXISTE CON SUJETADORES ARRIBA Y ABAJO)<br \/>N116BGE-L41 REV.B1<br \/>N116BGE-L42 (ESTE NUMERO DE PARTE TAMBIEN EXISTE CON SUJETADORES ARRIBA Y ABAJO)<br \/>N11BGE-LB1 REV.B2 (ESTE NUMERO DE PARTE TAMBIEN EXISTE CON SUJETADORES ARRIBA Y ABAJO)<br \/>NT116WHM-N10<\/p>\n<p>COMPATIBLE CON:<br \/>ASUS F201E SIN TOUCH<br \/>ASUS VIVOBOOK S200E SIN TOUCH<br \/>ASUS VIVOBOOK X202E<br \/>ASUS X201E<br \/>ASUS X202E<br \/>DELL ALIENWARE M11X R1<br \/>DELL ALIENWARE M11X-R2<br \/>DELL INSPIRON 11 3135 SIN TOUCH<br \/>DELL INSPIRON 11 3137 (SIN TOUCH)<br \/>DELL INSPIRON 1120<br \/>DELL INSPIRON 1122<br \/>DELL INSPIRON 11Z<br \/>DELL INSPIRON M101Z<br \/>DELL INSPIRON M102Z<br \/>HP COMPAQ 740194-001<br \/>HP COMPAQ 755730-001<br \/>HP COMPAQ 758556-001<br \/>HP PAVILION 11-E003LA<br \/>HP PAVILION 11-E110NR<br \/>HP PAVILION 11-E110NR (SIN TOUCH)<br \/>HP PAVILION 11-H110LA<br \/>HP PAVILION 11-K101LA<br \/>HP PAVILION 11-K102LA<br \/>HP PAVILION 11-K102LA X360<br \/>HP PAVILION 11-K161LA<br \/>HP PAVILION 11-N010LA X360<br \/>HP PAVILION 13-A010LA X360<br \/>HP PAVILION DM1-1000<br \/>HP PAVILION DM1-2000<br \/>HP PAVILION DM1-300LA<br \/>HP PAVILION DM1-3080LA<br \/>HP PAVILION DM1-3265LA<br \/>HP PAVILION DM1-4050US<br \/>HP PAVILION DM1-4060LA<br \/>HP PAVILION X360 11-K102LA SIN TOUCH<br \/>SAMSUNG XE303C12 CHROMEBOOK SERIES<br \/>SONY VAIO PCG-31311L<br \/>SONY VAIO PCG-31311U<br \/>SONY VAIO SVE11113FXW<br \/>SONY VAIO SVE11115ELB<br \/>SONY VAIO SVE11115ELP<br \/>SONY VAIO SVE11115ELW<br \/>SONY VAIO SVE11125CLP<br \/>SONY VAIO SVE11125CLW<br \/>SONY VAIO SVE11135CLW<br \/>SONY VAIO SVE111A11U<br \/>SONY VAIO SVE111B11U<br \/>SONY VAIO SVE1131EW<br \/>SONY VAIO SVT111A11U<br \/>SONY VAIO VPC-YA<br \/>SONY VAIO VPC-YA19<br \/>SONY VAIO VPC-YB<br \/>SONY VAIO VPCYB10AL<br \/>SONY VAIO VPC-YB10AL<br \/>SONY VAIO VPC-YB25<br \/>SONY VAIO VPCYB25AL<br \/>SONY VAIO VPC-YB25AL<br \/>SONY VAIO VPC-YB35AL<br \/>SONY VAIO VPC-YB3V1E<\/p>\n","protected":false},"excerpt":{"rendered":"<p>Pantalla 11.6 Slim 40p L Sony Vaio Sve11125clp Sve11125clw<\/p>\n","protected":false},"featured_media":21965,"comment_status":"open","ping_status":"closed","template":"","meta":{"spay_email":""},"product_cat":[826],"product_tag":[],"supplier_id":null,"supplier_sku":"","barcode":null,"atum_controlled":true,"out_stock_date":null,"out_stock_threshold":null,"inheritable":false,"inbound_stock":null,"stock_on_hold":0,"sold_today":0,"sales_last_days":0,"reserved_stock":null,"customer_returns":null,"warehouse_damage":null,"lost_in_post":null,"other_logs":null,"out_stock_days":0,"lost_sales":0,"has_location":null,"update_date":"2026-05-02T00:12:23","atum_locations":[],"atum_stock_status":"instock","restock_status":false,"low_stock_amount":"","sales_update_date":"2026-05-02T00:12:23","calc_backorders":null,"acf":[],"yoast_head":"<!-- This site is optimized with the Yoast SEO Premium plugin v17.4 (Yoast SEO v17.4) - https:\/\/yoast.com\/wordpress\/plugins\/seo\/ -->\n<title>PANTALLA LAPTO 11.6&quot; SLIM 40PIN KS-43111640 - tienda de electr\u00f3nica y computaci\u00f3n<\/title>\n<meta name=\"robots\" content=\"index, follow, max-snippet:-1, max-image-preview:large, max-video-preview:-1\" \/>\n<link rel=\"canonical\" href=\"https:\/\/comerciallin.com\/index.php\/producto\/pantalla-lapto-11-6-slim-40pin-ks-43111640\/\" \/>\n<meta property=\"og:locale\" content=\"es_ES\" \/>\n<meta property=\"og:type\" content=\"article\" \/>\n<meta property=\"og:title\" content=\"PANTALLA LAPTO 11.6&quot; SLIM 40PIN KS-43111640\" \/>\n<meta property=\"og:description\" content=\"Pantalla 11.6 Slim 40p L Sony Vaio Sve11125clp Sve11125clw\" \/>\n<meta property=\"og:url\" content=\"https:\/\/comerciallin.com\/index.php\/producto\/pantalla-lapto-11-6-slim-40pin-ks-43111640\/\" \/>\n<meta property=\"og:site_name\" content=\"tienda de electr\u00f3nica y computaci\u00f3n\" \/>\n<meta property=\"article:modified_time\" content=\"2025-01-14T18:57:07+00:00\" \/>\n<meta name=\"twitter:card\" content=\"summary_large_image\" \/>\n<meta name=\"twitter:image\" content=\"https:\/\/i0.wp.com\/comerciallin.com\/wp-content\/uploads\/2023\/02\/431030170901.jpg?fit=%2C&amp;ssl=1\" \/>\n<meta name=\"twitter:label1\" content=\"Precio\" \/>\n\t<meta name=\"twitter:data1\" content=\"&#36;80,50\" \/>\n\t<meta name=\"twitter:label2\" content=\"Availability\" \/>\n\t<meta name=\"twitter:data2\" content=\"In stock\" \/>\n<script type=\"application\/ld+json\" class=\"yoast-schema-graph\">{\"@context\":\"https:\/\/schema.org\",\"@graph\":[{\"@type\":\"WebSite\",\"@id\":\"https:\/\/comerciallin.com\/#website\",\"url\":\"https:\/\/comerciallin.com\/\",\"name\":\"tienda de electr\\u00f3nica y computaci\\u00f3n\",\"description\":\"Importadora de Electr\\u00f3nica y Computaci\\u00f3n\",\"potentialAction\":[{\"@type\":\"SearchAction\",\"target\":{\"@type\":\"EntryPoint\",\"urlTemplate\":\"https:\/\/comerciallin.com\/?s={search_term_string}\"},\"query-input\":\"required name=search_term_string\"}],\"inLanguage\":\"es\"},{\"@type\":\"ImageObject\",\"@id\":\"https:\/\/comerciallin.com\/index.php\/producto\/pantalla-lapto-11-6-slim-40pin-ks-43111640\/#primaryimage\",\"inLanguage\":\"es\",\"url\":\"https:\/\/i0.wp.com\/comerciallin.com\/wp-content\/uploads\/2023\/02\/431030170901.jpg?fit=%2C&ssl=1\",\"contentUrl\":\"https:\/\/i0.wp.com\/comerciallin.com\/wp-content\/uploads\/2023\/02\/431030170901.jpg?fit=%2C&ssl=1\",\"caption\":\"PANTALLA LAPTO 11.6\\\" SLIM 40PIN KS-43111640\"},{\"@type\":\"WebPage\",\"@id\":\"https:\/\/comerciallin.com\/index.php\/producto\/pantalla-lapto-11-6-slim-40pin-ks-43111640\/#webpage\",\"url\":\"https:\/\/comerciallin.com\/index.php\/producto\/pantalla-lapto-11-6-slim-40pin-ks-43111640\/\",\"name\":\"PANTALLA LAPTO 11.6\\\" SLIM 40PIN KS-43111640 - tienda de electr\\u00f3nica y computaci\\u00f3n\",\"isPartOf\":{\"@id\":\"https:\/\/comerciallin.com\/#website\"},\"primaryImageOfPage\":{\"@id\":\"https:\/\/comerciallin.com\/index.php\/producto\/pantalla-lapto-11-6-slim-40pin-ks-43111640\/#primaryimage\"},\"datePublished\":\"2022-11-08T20:27:15+00:00\",\"dateModified\":\"2025-01-14T18:57:07+00:00\",\"breadcrumb\":{\"@id\":\"https:\/\/comerciallin.com\/index.php\/producto\/pantalla-lapto-11-6-slim-40pin-ks-43111640\/#breadcrumb\"},\"inLanguage\":\"es\",\"potentialAction\":[{\"@type\":\"ReadAction\",\"target\":[\"https:\/\/comerciallin.com\/index.php\/producto\/pantalla-lapto-11-6-slim-40pin-ks-43111640\/\"]}]},{\"@type\":\"BreadcrumbList\",\"@id\":\"https:\/\/comerciallin.com\/index.php\/producto\/pantalla-lapto-11-6-slim-40pin-ks-43111640\/#breadcrumb\",\"itemListElement\":[{\"@type\":\"ListItem\",\"position\":1,\"name\":\"Inicio\",\"item\":\"https:\/\/comerciallin.com\/\"},{\"@type\":\"ListItem\",\"position\":2,\"name\":\"Shop\",\"item\":\"https:\/\/comerciallin.com\/?page_id=3853\"},{\"@type\":\"ListItem\",\"position\":3,\"name\":\"PANTALLA LAPTO 11.6&#8243; SLIM 40PIN KS-43111640\"}]}]}<\/script>\n<meta property=\"product:price:amount\" content=\"80.50\" \/>\n<meta property=\"product:price:currency\" content=\"USD\" \/>\n<meta property=\"og:availability\" content=\"instock\" \/>\n<meta property=\"product:availability\" content=\"instock\" \/>\n<meta property=\"product:retailer_item_id\" content=\"431030170901\" \/>\n<meta property=\"product:condition\" content=\"new\" \/>\n<!-- \/ Yoast SEO Premium plugin. -->","yoast_head_json":{"title":"PANTALLA LAPTO 11.6\" SLIM 40PIN KS-43111640 - tienda de electr\u00f3nica y computaci\u00f3n","robots":{"index":"index","follow":"follow","max-snippet":"max-snippet:-1","max-image-preview":"max-image-preview:large","max-video-preview":"max-video-preview:-1"},"canonical":"https:\/\/comerciallin.com\/index.php\/producto\/pantalla-lapto-11-6-slim-40pin-ks-43111640\/","og_locale":"es_ES","og_type":"article","og_title":"PANTALLA LAPTO 11.6\" SLIM 40PIN KS-43111640","og_description":"Pantalla 11.6 Slim 40p L Sony Vaio Sve11125clp Sve11125clw","og_url":"https:\/\/comerciallin.com\/index.php\/producto\/pantalla-lapto-11-6-slim-40pin-ks-43111640\/","og_site_name":"tienda de electr\u00f3nica y computaci\u00f3n","article_modified_time":"2025-01-14T18:57:07+00:00","twitter_card":"summary_large_image","twitter_image":"https:\/\/i0.wp.com\/comerciallin.com\/wp-content\/uploads\/2023\/02\/431030170901.jpg?fit=%2C&ssl=1","twitter_misc":{"Precio":"&#36;80,50","Availability":"In stock"},"schema":{"@context":"https:\/\/schema.org","@graph":[{"@type":"WebSite","@id":"https:\/\/comerciallin.com\/#website","url":"https:\/\/comerciallin.com\/","name":"tienda de electr\u00f3nica y computaci\u00f3n","description":"Importadora de Electr\u00f3nica y Computaci\u00f3n","potentialAction":[{"@type":"SearchAction","target":{"@type":"EntryPoint","urlTemplate":"https:\/\/comerciallin.com\/?s={search_term_string}"},"query-input":"required name=search_term_string"}],"inLanguage":"es"},{"@type":"ImageObject","@id":"https:\/\/comerciallin.com\/index.php\/producto\/pantalla-lapto-11-6-slim-40pin-ks-43111640\/#primaryimage","inLanguage":"es","url":"https:\/\/i0.wp.com\/comerciallin.com\/wp-content\/uploads\/2023\/02\/431030170901.jpg?fit=%2C&ssl=1","contentUrl":"https:\/\/i0.wp.com\/comerciallin.com\/wp-content\/uploads\/2023\/02\/431030170901.jpg?fit=%2C&ssl=1","caption":"PANTALLA LAPTO 11.6\" SLIM 40PIN KS-43111640"},{"@type":"WebPage","@id":"https:\/\/comerciallin.com\/index.php\/producto\/pantalla-lapto-11-6-slim-40pin-ks-43111640\/#webpage","url":"https:\/\/comerciallin.com\/index.php\/producto\/pantalla-lapto-11-6-slim-40pin-ks-43111640\/","name":"PANTALLA LAPTO 11.6\" SLIM 40PIN KS-43111640 - tienda de electr\u00f3nica y computaci\u00f3n","isPartOf":{"@id":"https:\/\/comerciallin.com\/#website"},"primaryImageOfPage":{"@id":"https:\/\/comerciallin.com\/index.php\/producto\/pantalla-lapto-11-6-slim-40pin-ks-43111640\/#primaryimage"},"datePublished":"2022-11-08T20:27:15+00:00","dateModified":"2025-01-14T18:57:07+00:00","breadcrumb":{"@id":"https:\/\/comerciallin.com\/index.php\/producto\/pantalla-lapto-11-6-slim-40pin-ks-43111640\/#breadcrumb"},"inLanguage":"es","potentialAction":[{"@type":"ReadAction","target":["https:\/\/comerciallin.com\/index.php\/producto\/pantalla-lapto-11-6-slim-40pin-ks-43111640\/"]}]},{"@type":"BreadcrumbList","@id":"https:\/\/comerciallin.com\/index.php\/producto\/pantalla-lapto-11-6-slim-40pin-ks-43111640\/#breadcrumb","itemListElement":[{"@type":"ListItem","position":1,"name":"Inicio","item":"https:\/\/comerciallin.com\/"},{"@type":"ListItem","position":2,"name":"Shop","item":"https:\/\/comerciallin.com\/?page_id=3853"},{"@type":"ListItem","position":3,"name":"PANTALLA LAPTO 11.6&#8243; SLIM 40PIN KS-43111640"}]}]},"product_price_amount":"80.50","product_price_currency":"USD","og_availability":"instock","product_availability":"instock","product_retailer_item_id":"431030170901","product_condition":"new"},"jetpack-related-posts":[{"id":19092,"url":"https:\/\/comerciallin.com\/index.php\/producto\/bateria-comp-dell-13z-n311z-14z-n411z-n2dn5-1\/","url_meta":{"origin":19741,"position":0},"title":"BATERIA COMP DELL 13Z-N311Z\/14Z N411Z\/N2DN5\/1","date":"7 de noviembre de 2022","format":false,"excerpt":"Tipo de bater\u00eda: Li-ion c\u00e9lulas: 6\u00a0celdas Capacidad: 4400\u00a0mAh Voltaje: 11.1\u00a0V.","rel":"","context":"Entrada similar","img":{"alt_text":"","src":"","width":0,"height":0},"classes":[]},{"id":19738,"url":"https:\/\/comerciallin.com\/index.php\/producto\/pantalla-lapto-11-6-led-slim-40pin\/","url_meta":{"origin":19741,"position":1},"title":"PANTALLA LAPTO 11.6&#8243; LED SLIM 40PIN","date":"8 de noviembre de 2022","format":false,"excerpt":"Pantalla 11.6 Led 40p Ltn116at01-801 Ltn116at01-t01 Acer 751","rel":"","context":"Entrada similar","img":{"alt_text":"","src":"","width":0,"height":0},"classes":[]},{"id":19221,"url":"https:\/\/comerciallin.com\/index.php\/producto\/bateria-comp-dell-1525-1526-1545-1546-y82g\/","url_meta":{"origin":19741,"position":2},"title":"BATERIA COMP DELL 1525 \/1526\/ 1545 \/1546\/Y82G","date":"7 de noviembre de 2022","format":false,"excerpt":"Modelo: X284G. Voltaje: 11,1 V. Capacidad: 56 Wh\/5200 mAh. Tipo de bater\u00eda: 6 celdas A+ \/ iones de litio. Estado de la bater\u00eda: 100% nuevo","rel":"","context":"Entrada similar","img":{"alt_text":"","src":"","width":0,"height":0},"classes":[]},{"id":23854,"url":"https:\/\/comerciallin.com\/index.php\/producto\/teclado-p-lapto-comp-dell-3421\/","url_meta":{"origin":19741,"position":3},"title":"TECLADO P. LAPTO COMP DELL 3421","date":"3 de mayo de 2023","format":false,"excerpt":"Teclado laptop Dell 3421 es X38K3, Dell Inspiron 14 (3421), Dell Inspiron 14R (5421), Dell Inspiron 15 (3521), Dell Inspiron 15R (5521), Dell Vostro 2421","rel":"","context":"Entrada similar","img":{"alt_text":"","src":"","width":0,"height":0},"classes":[]},{"id":19730,"url":"https:\/\/comerciallin.com\/index.php\/producto\/bateria-comp-dell-1525-1526-1545-1546-y82g-2\/","url_meta":{"origin":19741,"position":4},"title":"BATERIA COMP DELL 1525 \/1526\/ 1545 \/1546\/Y82G","date":"8 de noviembre de 2022","format":false,"excerpt":"Modelo: X284G. Voltaje: 11,1 V. Capacidad: 56 Wh\/5200 mAh. Tipo de bater\u00eda: 6 celdas A+ \/ iones de litio. Estado de la bater\u00eda: 100% nuevo","rel":"","context":"Entrada similar","img":{"alt_text":"","src":"","width":0,"height":0},"classes":[]},{"id":19195,"url":"https:\/\/comerciallin.com\/index.php\/producto\/bateria-comp-dell-m5y1k-3451\/","url_meta":{"origin":19741,"position":5},"title":"BATERIA COMP DELL M5Y1K\/3451","date":"7 de noviembre de 2022","format":false,"excerpt":"Tipo de bater\u00eda: Li-ion Celdas: 4 celdas Capacidad: 2600 mAh Voltaje: 14,8 V \u00a0","rel":"","context":"Entrada similar","img":{"alt_text":"","src":"","width":0,"height":0},"classes":[]}],"jetpack_sharing_enabled":true,"jetpack_likes_enabled":true,"_links":{"self":[{"href":"https:\/\/comerciallin.com\/index.php\/wp-json\/wp\/v2\/product\/19741"}],"collection":[{"href":"https:\/\/comerciallin.com\/index.php\/wp-json\/wp\/v2\/product"}],"about":[{"href":"https:\/\/comerciallin.com\/index.php\/wp-json\/wp\/v2\/types\/product"}],"replies":[{"embeddable":true,"href":"https:\/\/comerciallin.com\/index.php\/wp-json\/wp\/v2\/comments?post=19741"}],"wp:featuredmedia":[{"embeddable":true,"href":"https:\/\/comerciallin.com\/index.php\/wp-json\/wp\/v2\/media\/21965"}],"wp:attachment":[{"href":"https:\/\/comerciallin.com\/index.php\/wp-json\/wp\/v2\/media?parent=19741"}],"wp:term":[{"taxonomy":"product_cat","embeddable":true,"href":"https:\/\/comerciallin.com\/index.php\/wp-json\/wp\/v2\/product_cat?post=19741"},{"taxonomy":"product_tag","embeddable":true,"href":"https:\/\/comerciallin.com\/index.php\/wp-json\/wp\/v2\/product_tag?post=19741"}],"curies":[{"name":"wp","href":"https:\/\/api.w.org\/{rel}","templated":true}]}}