{"id":19739,"date":"2022-11-08T15:27:12","date_gmt":"2022-11-08T20:27:12","guid":{"rendered":"https:\/\/comerciallin.com\/index.php\/producto\/pantalla-lapto-10-1-led\/"},"modified":"2025-01-14T13:57:07","modified_gmt":"2025-01-14T18:57:07","slug":"pantalla-lapto-10-1-led","status":"publish","type":"product","link":"https:\/\/comerciallin.com\/index.php\/producto\/pantalla-lapto-10-1-led\/","title":{"rendered":"PANTALLA LAPTO 10.1&#8243; LED"},"content":{"rendered":"<p>Numeros de parte:<br \/>620902-001<br \/>B101AW03 V.1<br \/>BT101LW01 V.0<br \/>CLAA101NC05<br \/>HSD101PFW1 A00<br \/>HSD101PFW2 A00<br \/>HSD101PFW2 B00<br \/>LP101WSA (TL)(B1)<br \/>LTN101NT02<br \/>LTN101NT06<br \/>LTN101NT06-T01<br \/>M101NWT2<br \/>N101L6-L01<br \/>N101L6-L02<br \/>N101L6-L0A<br \/>N101L6-L0B<\/p>\n<p>Le queda a los siguientes modelos de laptop:<br \/>Hp Compaq mini<br \/>110-3000<br \/>110-3019LA<br \/>110-3026LA<br \/>110-3050LA<br \/>110-3119LA<br \/>110-3139LA<br \/>110-3500<br \/>110-3519LA<br \/>110-3525<br \/>110-3700<br \/>110-3710LA<br \/>110-3712LA<br \/>110-4100LA<br \/>210-1000<br \/>210-1025LA<br \/>210-1028LA<br \/>210-1035<br \/>210-1035LA<br \/>210-1129LA<br \/>210-1135LA<br \/>210-1140LA<br \/>210-2141LA<br \/>210-3000<br \/>210-3017LA<br \/>210-3018LA(LY931LA)<br \/>Acer Aspire One<br \/>KAV 60<br \/>KAV60<br \/>Nav 50<br \/>NAV50<br \/>Kav 50<br \/>KAV50<br \/>Kav 10<br \/>Kav10<br \/>D150 series<br \/>533 Series<br \/>532h<br \/>532h-2561<br \/>D250<br \/>Acer one<br \/>533-1325<br \/>AO533<br \/>533-13525<br \/>Compaq Presario<br \/>CQ10<br \/>CQ10-100<br \/>CQ10-1100<br \/>CQ10-120LA<br \/>CQ10-420LA<br \/>CQ10-420LA<br \/>CQ10-521LA<br \/>Dell Mini 10<br \/>Dell Mini 1012<br \/>Dell Mini 1018<br \/>Emachines<br \/>EM250<br \/>EM350<br \/>Samsung<br \/>NP-N120<br \/>NP-N130<br \/>NP-N145<br \/>NP-N148<br \/>Np-N150<br \/>TOSHIBA<br \/>NB200-SP2907R<br \/>NB205<br \/>NB255<br \/>NB300<br \/>NB305<br \/>NB500 SERIES<br \/>NB500<br \/>NB505<br \/>NB505-SP0111L<br \/>NB505-SP0160<br \/>NB505-SP0165TQM<br \/>NB525<br \/>NB550D<br \/>Lenovo ideapad<br \/>S10-2 2957<br \/>Gateway<br \/>lt2032u<br \/>Joybook U101<br \/>Asus<br \/>1001PX<br \/>Asus R051BX<\/p>\n","protected":false},"excerpt":{"rendered":"<p>Pantalla 10.1 Led D150 Series 533 Series 532h 532h-2561 D250<\/p>\n","protected":false},"featured_media":21961,"comment_status":"open","ping_status":"closed","template":"","meta":{"spay_email":""},"product_cat":[826],"product_tag":[],"supplier_id":null,"supplier_sku":"","barcode":null,"atum_controlled":true,"out_stock_date":null,"out_stock_threshold":null,"inheritable":false,"inbound_stock":null,"stock_on_hold":0,"sold_today":0,"sales_last_days":0,"reserved_stock":null,"customer_returns":null,"warehouse_damage":null,"lost_in_post":null,"other_logs":null,"out_stock_days":0,"lost_sales":0,"has_location":null,"update_date":"2026-05-03T00:12:35","atum_locations":[],"atum_stock_status":"instock","restock_status":false,"low_stock_amount":"","sales_update_date":"2026-05-03T00:12:35","calc_backorders":null,"acf":[],"yoast_head":"<!-- This site is optimized with the Yoast SEO Premium plugin v17.4 (Yoast SEO v17.4) - https:\/\/yoast.com\/wordpress\/plugins\/seo\/ -->\n<title>PANTALLA LAPTO 10.1&quot; LED - tienda de electr\u00f3nica y computaci\u00f3n<\/title>\n<meta name=\"robots\" content=\"index, follow, max-snippet:-1, max-image-preview:large, max-video-preview:-1\" \/>\n<link rel=\"canonical\" href=\"https:\/\/comerciallin.com\/index.php\/producto\/pantalla-lapto-10-1-led\/\" \/>\n<meta property=\"og:locale\" content=\"es_ES\" \/>\n<meta property=\"og:type\" content=\"article\" \/>\n<meta property=\"og:title\" content=\"PANTALLA LAPTO 10.1&quot; LED\" \/>\n<meta property=\"og:description\" content=\"Pantalla 10.1 Led D150 Series 533 Series 532h 532h-2561 D250\" \/>\n<meta property=\"og:url\" content=\"https:\/\/comerciallin.com\/index.php\/producto\/pantalla-lapto-10-1-led\/\" \/>\n<meta property=\"og:site_name\" content=\"tienda de electr\u00f3nica y computaci\u00f3n\" \/>\n<meta property=\"article:modified_time\" content=\"2025-01-14T18:57:07+00:00\" \/>\n<meta name=\"twitter:card\" content=\"summary_large_image\" \/>\n<meta name=\"twitter:image\" content=\"https:\/\/i0.wp.com\/comerciallin.com\/wp-content\/uploads\/2023\/02\/122030100803.jpg?fit=%2C&amp;ssl=1\" \/>\n<meta name=\"twitter:label1\" content=\"Precio\" \/>\n\t<meta name=\"twitter:data1\" content=\"&#36;69,00\" \/>\n\t<meta name=\"twitter:label2\" content=\"Availability\" \/>\n\t<meta name=\"twitter:data2\" content=\"In stock\" \/>\n<script type=\"application\/ld+json\" class=\"yoast-schema-graph\">{\"@context\":\"https:\/\/schema.org\",\"@graph\":[{\"@type\":\"WebSite\",\"@id\":\"https:\/\/comerciallin.com\/#website\",\"url\":\"https:\/\/comerciallin.com\/\",\"name\":\"tienda de electr\\u00f3nica y computaci\\u00f3n\",\"description\":\"Importadora de Electr\\u00f3nica y Computaci\\u00f3n\",\"potentialAction\":[{\"@type\":\"SearchAction\",\"target\":{\"@type\":\"EntryPoint\",\"urlTemplate\":\"https:\/\/comerciallin.com\/?s={search_term_string}\"},\"query-input\":\"required name=search_term_string\"}],\"inLanguage\":\"es\"},{\"@type\":\"ImageObject\",\"@id\":\"https:\/\/comerciallin.com\/index.php\/producto\/pantalla-lapto-10-1-led\/#primaryimage\",\"inLanguage\":\"es\",\"url\":\"https:\/\/i0.wp.com\/comerciallin.com\/wp-content\/uploads\/2023\/02\/122030100803.jpg?fit=%2C&ssl=1\",\"contentUrl\":\"https:\/\/i0.wp.com\/comerciallin.com\/wp-content\/uploads\/2023\/02\/122030100803.jpg?fit=%2C&ssl=1\",\"caption\":\"PANTALLA LAPTO 10.1\\\" LED\"},{\"@type\":\"WebPage\",\"@id\":\"https:\/\/comerciallin.com\/index.php\/producto\/pantalla-lapto-10-1-led\/#webpage\",\"url\":\"https:\/\/comerciallin.com\/index.php\/producto\/pantalla-lapto-10-1-led\/\",\"name\":\"PANTALLA LAPTO 10.1\\\" LED - tienda de electr\\u00f3nica y computaci\\u00f3n\",\"isPartOf\":{\"@id\":\"https:\/\/comerciallin.com\/#website\"},\"primaryImageOfPage\":{\"@id\":\"https:\/\/comerciallin.com\/index.php\/producto\/pantalla-lapto-10-1-led\/#primaryimage\"},\"datePublished\":\"2022-11-08T20:27:12+00:00\",\"dateModified\":\"2025-01-14T18:57:07+00:00\",\"breadcrumb\":{\"@id\":\"https:\/\/comerciallin.com\/index.php\/producto\/pantalla-lapto-10-1-led\/#breadcrumb\"},\"inLanguage\":\"es\",\"potentialAction\":[{\"@type\":\"ReadAction\",\"target\":[\"https:\/\/comerciallin.com\/index.php\/producto\/pantalla-lapto-10-1-led\/\"]}]},{\"@type\":\"BreadcrumbList\",\"@id\":\"https:\/\/comerciallin.com\/index.php\/producto\/pantalla-lapto-10-1-led\/#breadcrumb\",\"itemListElement\":[{\"@type\":\"ListItem\",\"position\":1,\"name\":\"Inicio\",\"item\":\"https:\/\/comerciallin.com\/\"},{\"@type\":\"ListItem\",\"position\":2,\"name\":\"Shop\",\"item\":\"https:\/\/comerciallin.com\/?page_id=3853\"},{\"@type\":\"ListItem\",\"position\":3,\"name\":\"PANTALLA LAPTO 10.1&#8243; LED\"}]}]}<\/script>\n<meta property=\"product:price:amount\" content=\"69.00\" \/>\n<meta property=\"product:price:currency\" content=\"USD\" \/>\n<meta property=\"og:availability\" content=\"instock\" \/>\n<meta property=\"product:availability\" content=\"instock\" \/>\n<meta property=\"product:retailer_item_id\" content=\"122030100803\" \/>\n<meta property=\"product:condition\" content=\"new\" \/>\n<!-- \/ Yoast SEO Premium plugin. -->","yoast_head_json":{"title":"PANTALLA LAPTO 10.1\" LED - tienda de electr\u00f3nica y computaci\u00f3n","robots":{"index":"index","follow":"follow","max-snippet":"max-snippet:-1","max-image-preview":"max-image-preview:large","max-video-preview":"max-video-preview:-1"},"canonical":"https:\/\/comerciallin.com\/index.php\/producto\/pantalla-lapto-10-1-led\/","og_locale":"es_ES","og_type":"article","og_title":"PANTALLA LAPTO 10.1\" LED","og_description":"Pantalla 10.1 Led D150 Series 533 Series 532h 532h-2561 D250","og_url":"https:\/\/comerciallin.com\/index.php\/producto\/pantalla-lapto-10-1-led\/","og_site_name":"tienda de electr\u00f3nica y computaci\u00f3n","article_modified_time":"2025-01-14T18:57:07+00:00","twitter_card":"summary_large_image","twitter_image":"https:\/\/i0.wp.com\/comerciallin.com\/wp-content\/uploads\/2023\/02\/122030100803.jpg?fit=%2C&ssl=1","twitter_misc":{"Precio":"&#36;69,00","Availability":"In stock"},"schema":{"@context":"https:\/\/schema.org","@graph":[{"@type":"WebSite","@id":"https:\/\/comerciallin.com\/#website","url":"https:\/\/comerciallin.com\/","name":"tienda de electr\u00f3nica y computaci\u00f3n","description":"Importadora de Electr\u00f3nica y Computaci\u00f3n","potentialAction":[{"@type":"SearchAction","target":{"@type":"EntryPoint","urlTemplate":"https:\/\/comerciallin.com\/?s={search_term_string}"},"query-input":"required name=search_term_string"}],"inLanguage":"es"},{"@type":"ImageObject","@id":"https:\/\/comerciallin.com\/index.php\/producto\/pantalla-lapto-10-1-led\/#primaryimage","inLanguage":"es","url":"https:\/\/i0.wp.com\/comerciallin.com\/wp-content\/uploads\/2023\/02\/122030100803.jpg?fit=%2C&ssl=1","contentUrl":"https:\/\/i0.wp.com\/comerciallin.com\/wp-content\/uploads\/2023\/02\/122030100803.jpg?fit=%2C&ssl=1","caption":"PANTALLA LAPTO 10.1\" LED"},{"@type":"WebPage","@id":"https:\/\/comerciallin.com\/index.php\/producto\/pantalla-lapto-10-1-led\/#webpage","url":"https:\/\/comerciallin.com\/index.php\/producto\/pantalla-lapto-10-1-led\/","name":"PANTALLA LAPTO 10.1\" LED - tienda de electr\u00f3nica y computaci\u00f3n","isPartOf":{"@id":"https:\/\/comerciallin.com\/#website"},"primaryImageOfPage":{"@id":"https:\/\/comerciallin.com\/index.php\/producto\/pantalla-lapto-10-1-led\/#primaryimage"},"datePublished":"2022-11-08T20:27:12+00:00","dateModified":"2025-01-14T18:57:07+00:00","breadcrumb":{"@id":"https:\/\/comerciallin.com\/index.php\/producto\/pantalla-lapto-10-1-led\/#breadcrumb"},"inLanguage":"es","potentialAction":[{"@type":"ReadAction","target":["https:\/\/comerciallin.com\/index.php\/producto\/pantalla-lapto-10-1-led\/"]}]},{"@type":"BreadcrumbList","@id":"https:\/\/comerciallin.com\/index.php\/producto\/pantalla-lapto-10-1-led\/#breadcrumb","itemListElement":[{"@type":"ListItem","position":1,"name":"Inicio","item":"https:\/\/comerciallin.com\/"},{"@type":"ListItem","position":2,"name":"Shop","item":"https:\/\/comerciallin.com\/?page_id=3853"},{"@type":"ListItem","position":3,"name":"PANTALLA LAPTO 10.1&#8243; LED"}]}]},"product_price_amount":"69.00","product_price_currency":"USD","og_availability":"instock","product_availability":"instock","product_retailer_item_id":"122030100803","product_condition":"new"},"jetpack-related-posts":[{"id":19742,"url":"https:\/\/comerciallin.com\/index.php\/producto\/pantalla-lapto-10-1-led-ks-431-101\/","url_meta":{"origin":19739,"position":0},"title":"PANTALLA LAPTO 10.1&#8243; LED KS-431 101","date":"8 de noviembre de 2022","format":false,"excerpt":"Pantalla 10.1 Slim 40 Pines","rel":"","context":"Entrada similar","img":{"alt_text":"","src":"","width":0,"height":0},"classes":[]},{"id":19738,"url":"https:\/\/comerciallin.com\/index.php\/producto\/pantalla-lapto-11-6-led-slim-40pin\/","url_meta":{"origin":19739,"position":1},"title":"PANTALLA LAPTO 11.6&#8243; LED SLIM 40PIN","date":"8 de noviembre de 2022","format":false,"excerpt":"Pantalla 11.6 Led 40p Ltn116at01-801 Ltn116at01-t01 Acer 751","rel":"","context":"Entrada similar","img":{"alt_text":"","src":"","width":0,"height":0},"classes":[]},{"id":19689,"url":"https:\/\/comerciallin.com\/index.php\/producto\/pantalla-lapto-15-6-led-slim-40pin\/","url_meta":{"origin":19739,"position":2},"title":"PANTALLA LAPTO 15.6&#8243; LED SLIM 40PIN","date":"7 de noviembre de 2022","format":false,"excerpt":"Tama\u00f1o de la pantalla LCD para port\u00e1til: 15,6 pulgadas, delgada Resoluci\u00f3n de la pantalla LCD para port\u00e1til: HD (1366 x 768) Tipo de pantalla LCD para port\u00e1til: LED LCD Conector de pantalla LCD para port\u00e1til: 40 pines (parte inferior derecha) Producto nuevo. Compatibilidad garantizada.","rel":"","context":"Entrada similar","img":{"alt_text":"PANTALLA LAPTO 15.6\" LED SLIM 40PIN","src":"https:\/\/i0.wp.com\/comerciallin.com\/wp-content\/uploads\/2023\/02\/122030190501.jpg?fit=992%2C744&ssl=1&resize=350%2C200","width":350,"height":200},"classes":[]},{"id":19737,"url":"https:\/\/comerciallin.com\/index.php\/producto\/pantalla-lapto-14-0-led\/","url_meta":{"origin":19739,"position":3},"title":"PANTALLA LAPTO 14.0&#8243; LED","date":"8 de noviembre de 2022","format":false,"excerpt":"Pantalla Display 14.0 Led 40p Hp 1000-1424la","rel":"","context":"Entrada similar","img":{"alt_text":"PANTALLA LAPTO 14.0\" LED","src":"https:\/\/i0.wp.com\/comerciallin.com\/wp-content\/uploads\/2023\/02\/122030100801.jpg?fit=992%2C744&ssl=1&resize=350%2C200","width":350,"height":200},"classes":[]},{"id":19685,"url":"https:\/\/comerciallin.com\/index.php\/producto\/pantalla-lapto-11-6-30p-hd\/","url_meta":{"origin":19739,"position":4},"title":"PANTALLA LAPTO 11.6 30P HD","date":"7 de noviembre de 2022","format":false,"excerpt":"Tama\u00f1o de la pantalla LCD para port\u00e1til: 11,6 pulgadas, delgada Resoluci\u00f3n de la pantalla LCD para port\u00e1til: HD (1366 x 768) Tipo de pantalla LCD para port\u00e1til: LED LCD Conector de pantalla LCD para port\u00e1til: 30 pines (parte inferior derecha) Producto nuevo. Compatibilidad garantizada.","rel":"","context":"Entrada similar","img":{"alt_text":"","src":"","width":0,"height":0},"classes":[]},{"id":19687,"url":"https:\/\/comerciallin.com\/index.php\/producto\/pantalla-lapto-14-0-slim-40pin\/","url_meta":{"origin":19739,"position":5},"title":"PANTALLA LAPTO 14.0&#8243; SLIM 40PIN","date":"7 de noviembre de 2022","format":false,"excerpt":"Tama\u00f1o de la pantalla LCD para port\u00e1til: 14,0 pulgadas, delgada Resoluci\u00f3n de la pantalla LCD para port\u00e1til: HD (1366 x 768) Tipo de pantalla LCD para port\u00e1til: LED LCD Conector de pantalla LCD para port\u00e1til: 40 pines (parte inferior derecha) Producto nuevo. Compatibilidad garantizada.","rel":"","context":"Entrada similar","img":{"alt_text":"PANTALLA LAPTO 14.0\" SLIM 40PIN","src":"https:\/\/i0.wp.com\/comerciallin.com\/wp-content\/uploads\/2023\/02\/122030190102.jpg?fit=992%2C744&ssl=1&resize=350%2C200","width":350,"height":200},"classes":[]}],"jetpack_sharing_enabled":true,"jetpack_likes_enabled":true,"_links":{"self":[{"href":"https:\/\/comerciallin.com\/index.php\/wp-json\/wp\/v2\/product\/19739"}],"collection":[{"href":"https:\/\/comerciallin.com\/index.php\/wp-json\/wp\/v2\/product"}],"about":[{"href":"https:\/\/comerciallin.com\/index.php\/wp-json\/wp\/v2\/types\/product"}],"replies":[{"embeddable":true,"href":"https:\/\/comerciallin.com\/index.php\/wp-json\/wp\/v2\/comments?post=19739"}],"wp:featuredmedia":[{"embeddable":true,"href":"https:\/\/comerciallin.com\/index.php\/wp-json\/wp\/v2\/media\/21961"}],"wp:attachment":[{"href":"https:\/\/comerciallin.com\/index.php\/wp-json\/wp\/v2\/media?parent=19739"}],"wp:term":[{"taxonomy":"product_cat","embeddable":true,"href":"https:\/\/comerciallin.com\/index.php\/wp-json\/wp\/v2\/product_cat?post=19739"},{"taxonomy":"product_tag","embeddable":true,"href":"https:\/\/comerciallin.com\/index.php\/wp-json\/wp\/v2\/product_tag?post=19739"}],"curies":[{"name":"wp","href":"https:\/\/api.w.org\/{rel}","templated":true}]}}