{"id":19738,"date":"2022-11-08T15:27:11","date_gmt":"2022-11-08T20:27:11","guid":{"rendered":"https:\/\/comerciallin.com\/index.php\/producto\/pantalla-lapto-11-6-led-slim-40pin\/"},"modified":"2025-01-14T13:57:07","modified_gmt":"2025-01-14T18:57:07","slug":"pantalla-lapto-11-6-led-slim-40pin","status":"publish","type":"product","link":"https:\/\/comerciallin.com\/index.php\/producto\/pantalla-lapto-11-6-led-slim-40pin\/","title":{"rendered":"PANTALLA LAPTO 11.6&#8243; LED SLIM 40PIN"},"content":{"rendered":"<p><span>Reemplaza a los siguientes numeros de parte:<\/span><br \/><span>LP116WH1 (TL)(A1)<\/span><br \/><span>LP116WH1 (TL)(N1)<\/span><br \/><span>N116B6-L02<\/span><br \/><span>B116XW02 V.0<\/span><br \/><span>HYN116B6-102<\/span><br \/><span>LTN116AT01-801<\/span><br \/><span>LTN116AT01-T01<\/span><br \/><span>N116BGEL11<\/span><br \/><span>Compatible con:<\/span><br \/><span>ACER ASPIRE ONE 751H<\/span><br \/><span>ACER ASPIRE ONE 721<\/span><br \/><span>ACER ASPIRE ONE 751<\/span><br \/><span>ACER ASPIRE ONE ZA3<\/span><br \/><span>ACER FERRARI ONE<\/span><br \/><span>FERRARI ONE 200<\/span><br \/><span>ACER ASPIRE 1410<\/span><br \/><span>ASUS EEE PC 1101HA<\/span><br \/><span>DELL INSPIRON 1110<\/span><br \/><span>TOSHIBA SATELLITE T215<\/span><br \/><span>TOSHIBA SATELLITE T215D-SP1004M<\/span><br \/><span>TOSHIBA SATELLITE PRO T110<\/span><br \/><span>TOSHIBA SATELLITE T115D-SP2001M<\/span><br \/><span>GATEWAY LT31<\/span><br \/><span>GATEWAY LT3201U<\/span><\/p>\n","protected":false},"excerpt":{"rendered":"<p>Pantalla 11.6 Led 40p Ltn116at01-801 Ltn116at01-t01 Acer 751<\/p>\n","protected":false},"featured_media":21964,"comment_status":"open","ping_status":"closed","template":"","meta":{"spay_email":""},"product_cat":[826],"product_tag":[],"supplier_id":null,"supplier_sku":"","barcode":null,"atum_controlled":true,"out_stock_date":null,"out_stock_threshold":null,"inheritable":false,"inbound_stock":null,"stock_on_hold":0,"sold_today":0,"sales_last_days":0,"reserved_stock":null,"customer_returns":null,"warehouse_damage":null,"lost_in_post":null,"other_logs":null,"out_stock_days":0,"lost_sales":0,"has_location":null,"update_date":"2026-05-17T00:31:05","atum_locations":[],"atum_stock_status":"instock","restock_status":false,"low_stock_amount":"","sales_update_date":"2026-05-17T00:31:05","calc_backorders":null,"acf":[],"yoast_head":"<!-- This site is optimized with the Yoast SEO Premium plugin v17.4 (Yoast SEO v17.4) - https:\/\/yoast.com\/wordpress\/plugins\/seo\/ -->\n<title>PANTALLA LAPTO 11.6&quot; LED SLIM 40PIN - tienda de electr\u00f3nica y computaci\u00f3n<\/title>\n<meta name=\"robots\" content=\"index, follow, max-snippet:-1, max-image-preview:large, max-video-preview:-1\" \/>\n<link rel=\"canonical\" href=\"https:\/\/comerciallin.com\/index.php\/producto\/pantalla-lapto-11-6-led-slim-40pin\/\" \/>\n<meta property=\"og:locale\" content=\"es_ES\" \/>\n<meta property=\"og:type\" content=\"article\" \/>\n<meta property=\"og:title\" content=\"PANTALLA LAPTO 11.6&quot; LED SLIM 40PIN\" \/>\n<meta property=\"og:description\" content=\"Pantalla 11.6 Led 40p Ltn116at01-801 Ltn116at01-t01 Acer 751\" \/>\n<meta property=\"og:url\" content=\"https:\/\/comerciallin.com\/index.php\/producto\/pantalla-lapto-11-6-led-slim-40pin\/\" \/>\n<meta property=\"og:site_name\" content=\"tienda de electr\u00f3nica y computaci\u00f3n\" \/>\n<meta property=\"article:modified_time\" content=\"2025-01-14T18:57:07+00:00\" \/>\n<meta name=\"twitter:card\" content=\"summary_large_image\" \/>\n<meta name=\"twitter:image\" content=\"https:\/\/i0.wp.com\/comerciallin.com\/wp-content\/uploads\/2023\/02\/122030100802.jpg?fit=%2C&amp;ssl=1\" \/>\n<meta name=\"twitter:label1\" content=\"Precio\" \/>\n\t<meta name=\"twitter:data1\" content=\"&#36;80,50\" \/>\n\t<meta name=\"twitter:label2\" content=\"Availability\" \/>\n\t<meta name=\"twitter:data2\" content=\"In stock\" \/>\n<script type=\"application\/ld+json\" class=\"yoast-schema-graph\">{\"@context\":\"https:\/\/schema.org\",\"@graph\":[{\"@type\":\"WebSite\",\"@id\":\"https:\/\/comerciallin.com\/#website\",\"url\":\"https:\/\/comerciallin.com\/\",\"name\":\"tienda de electr\\u00f3nica y computaci\\u00f3n\",\"description\":\"Importadora de Electr\\u00f3nica y Computaci\\u00f3n\",\"potentialAction\":[{\"@type\":\"SearchAction\",\"target\":{\"@type\":\"EntryPoint\",\"urlTemplate\":\"https:\/\/comerciallin.com\/?s={search_term_string}\"},\"query-input\":\"required name=search_term_string\"}],\"inLanguage\":\"es\"},{\"@type\":\"ImageObject\",\"@id\":\"https:\/\/comerciallin.com\/index.php\/producto\/pantalla-lapto-11-6-led-slim-40pin\/#primaryimage\",\"inLanguage\":\"es\",\"url\":\"https:\/\/i0.wp.com\/comerciallin.com\/wp-content\/uploads\/2023\/02\/122030100802.jpg?fit=%2C&ssl=1\",\"contentUrl\":\"https:\/\/i0.wp.com\/comerciallin.com\/wp-content\/uploads\/2023\/02\/122030100802.jpg?fit=%2C&ssl=1\",\"caption\":\"PANTALLA LAPTO 11.6\\\" LED SLIM 40PIN\"},{\"@type\":\"WebPage\",\"@id\":\"https:\/\/comerciallin.com\/index.php\/producto\/pantalla-lapto-11-6-led-slim-40pin\/#webpage\",\"url\":\"https:\/\/comerciallin.com\/index.php\/producto\/pantalla-lapto-11-6-led-slim-40pin\/\",\"name\":\"PANTALLA LAPTO 11.6\\\" LED SLIM 40PIN - tienda de electr\\u00f3nica y computaci\\u00f3n\",\"isPartOf\":{\"@id\":\"https:\/\/comerciallin.com\/#website\"},\"primaryImageOfPage\":{\"@id\":\"https:\/\/comerciallin.com\/index.php\/producto\/pantalla-lapto-11-6-led-slim-40pin\/#primaryimage\"},\"datePublished\":\"2022-11-08T20:27:11+00:00\",\"dateModified\":\"2025-01-14T18:57:07+00:00\",\"breadcrumb\":{\"@id\":\"https:\/\/comerciallin.com\/index.php\/producto\/pantalla-lapto-11-6-led-slim-40pin\/#breadcrumb\"},\"inLanguage\":\"es\",\"potentialAction\":[{\"@type\":\"ReadAction\",\"target\":[\"https:\/\/comerciallin.com\/index.php\/producto\/pantalla-lapto-11-6-led-slim-40pin\/\"]}]},{\"@type\":\"BreadcrumbList\",\"@id\":\"https:\/\/comerciallin.com\/index.php\/producto\/pantalla-lapto-11-6-led-slim-40pin\/#breadcrumb\",\"itemListElement\":[{\"@type\":\"ListItem\",\"position\":1,\"name\":\"Inicio\",\"item\":\"https:\/\/comerciallin.com\/\"},{\"@type\":\"ListItem\",\"position\":2,\"name\":\"Shop\",\"item\":\"https:\/\/comerciallin.com\/?page_id=3853\"},{\"@type\":\"ListItem\",\"position\":3,\"name\":\"PANTALLA LAPTO 11.6&#8243; LED SLIM 40PIN\"}]}]}<\/script>\n<meta property=\"product:price:amount\" content=\"80.50\" \/>\n<meta property=\"product:price:currency\" content=\"USD\" \/>\n<meta property=\"og:availability\" content=\"instock\" \/>\n<meta property=\"product:availability\" content=\"instock\" \/>\n<meta property=\"product:retailer_item_id\" content=\"122030100802\" \/>\n<meta property=\"product:condition\" content=\"new\" \/>\n<!-- \/ Yoast SEO Premium plugin. -->","yoast_head_json":{"title":"PANTALLA LAPTO 11.6\" LED SLIM 40PIN - tienda de electr\u00f3nica y computaci\u00f3n","robots":{"index":"index","follow":"follow","max-snippet":"max-snippet:-1","max-image-preview":"max-image-preview:large","max-video-preview":"max-video-preview:-1"},"canonical":"https:\/\/comerciallin.com\/index.php\/producto\/pantalla-lapto-11-6-led-slim-40pin\/","og_locale":"es_ES","og_type":"article","og_title":"PANTALLA LAPTO 11.6\" LED SLIM 40PIN","og_description":"Pantalla 11.6 Led 40p Ltn116at01-801 Ltn116at01-t01 Acer 751","og_url":"https:\/\/comerciallin.com\/index.php\/producto\/pantalla-lapto-11-6-led-slim-40pin\/","og_site_name":"tienda de electr\u00f3nica y computaci\u00f3n","article_modified_time":"2025-01-14T18:57:07+00:00","twitter_card":"summary_large_image","twitter_image":"https:\/\/i0.wp.com\/comerciallin.com\/wp-content\/uploads\/2023\/02\/122030100802.jpg?fit=%2C&ssl=1","twitter_misc":{"Precio":"&#36;80,50","Availability":"In stock"},"schema":{"@context":"https:\/\/schema.org","@graph":[{"@type":"WebSite","@id":"https:\/\/comerciallin.com\/#website","url":"https:\/\/comerciallin.com\/","name":"tienda de electr\u00f3nica y computaci\u00f3n","description":"Importadora de Electr\u00f3nica y Computaci\u00f3n","potentialAction":[{"@type":"SearchAction","target":{"@type":"EntryPoint","urlTemplate":"https:\/\/comerciallin.com\/?s={search_term_string}"},"query-input":"required name=search_term_string"}],"inLanguage":"es"},{"@type":"ImageObject","@id":"https:\/\/comerciallin.com\/index.php\/producto\/pantalla-lapto-11-6-led-slim-40pin\/#primaryimage","inLanguage":"es","url":"https:\/\/i0.wp.com\/comerciallin.com\/wp-content\/uploads\/2023\/02\/122030100802.jpg?fit=%2C&ssl=1","contentUrl":"https:\/\/i0.wp.com\/comerciallin.com\/wp-content\/uploads\/2023\/02\/122030100802.jpg?fit=%2C&ssl=1","caption":"PANTALLA LAPTO 11.6\" LED SLIM 40PIN"},{"@type":"WebPage","@id":"https:\/\/comerciallin.com\/index.php\/producto\/pantalla-lapto-11-6-led-slim-40pin\/#webpage","url":"https:\/\/comerciallin.com\/index.php\/producto\/pantalla-lapto-11-6-led-slim-40pin\/","name":"PANTALLA LAPTO 11.6\" LED SLIM 40PIN - tienda de electr\u00f3nica y computaci\u00f3n","isPartOf":{"@id":"https:\/\/comerciallin.com\/#website"},"primaryImageOfPage":{"@id":"https:\/\/comerciallin.com\/index.php\/producto\/pantalla-lapto-11-6-led-slim-40pin\/#primaryimage"},"datePublished":"2022-11-08T20:27:11+00:00","dateModified":"2025-01-14T18:57:07+00:00","breadcrumb":{"@id":"https:\/\/comerciallin.com\/index.php\/producto\/pantalla-lapto-11-6-led-slim-40pin\/#breadcrumb"},"inLanguage":"es","potentialAction":[{"@type":"ReadAction","target":["https:\/\/comerciallin.com\/index.php\/producto\/pantalla-lapto-11-6-led-slim-40pin\/"]}]},{"@type":"BreadcrumbList","@id":"https:\/\/comerciallin.com\/index.php\/producto\/pantalla-lapto-11-6-led-slim-40pin\/#breadcrumb","itemListElement":[{"@type":"ListItem","position":1,"name":"Inicio","item":"https:\/\/comerciallin.com\/"},{"@type":"ListItem","position":2,"name":"Shop","item":"https:\/\/comerciallin.com\/?page_id=3853"},{"@type":"ListItem","position":3,"name":"PANTALLA LAPTO 11.6&#8243; LED SLIM 40PIN"}]}]},"product_price_amount":"80.50","product_price_currency":"USD","og_availability":"instock","product_availability":"instock","product_retailer_item_id":"122030100802","product_condition":"new"},"jetpack-related-posts":[{"id":19737,"url":"https:\/\/comerciallin.com\/index.php\/producto\/pantalla-lapto-14-0-led\/","url_meta":{"origin":19738,"position":0},"title":"PANTALLA LAPTO 14.0&#8243; LED","date":"8 de noviembre de 2022","format":false,"excerpt":"Pantalla Display 14.0 Led 40p Hp 1000-1424la","rel":"","context":"Entrada similar","img":{"alt_text":"PANTALLA LAPTO 14.0\" LED","src":"https:\/\/i0.wp.com\/comerciallin.com\/wp-content\/uploads\/2023\/02\/122030100801.jpg?fit=992%2C744&ssl=1&resize=350%2C200","width":350,"height":200},"classes":[]},{"id":19742,"url":"https:\/\/comerciallin.com\/index.php\/producto\/pantalla-lapto-10-1-led-ks-431-101\/","url_meta":{"origin":19738,"position":1},"title":"PANTALLA LAPTO 10.1&#8243; LED KS-431 101","date":"8 de noviembre de 2022","format":false,"excerpt":"Pantalla 10.1 Slim 40 Pines","rel":"","context":"Entrada similar","img":{"alt_text":"","src":"","width":0,"height":0},"classes":[]},{"id":19149,"url":"https:\/\/comerciallin.com\/index.php\/producto\/bateria-comp-acer-one-um08a31\/","url_meta":{"origin":19738,"position":2},"title":"BATERIA COMP ACER ONE UM08A31","date":"7 de noviembre de 2022","format":false,"excerpt":"Voltaje 11.1 Voltios Battery Weight 100 Gramos Battery Cell Type Litio","rel":"","context":"Entrada similar","img":{"alt_text":"","src":"","width":0,"height":0},"classes":[]},{"id":18676,"url":"https:\/\/comerciallin.com\/index.php\/producto\/bateria-comp-acer-um08a31-32-51-52-71-72-73-2\/","url_meta":{"origin":19738,"position":3},"title":"BATERIA COMP ACER UM08A31-32-51-52-71-72-73-2","date":"7 de noviembre de 2022","format":false,"excerpt":"Voltaje 11.1 Voltios Battery Weight 100 Gramos Battery Cell Type Litio","rel":"","context":"Entrada similar","img":{"alt_text":"","src":"","width":0,"height":0},"classes":[]},{"id":19744,"url":"https:\/\/comerciallin.com\/index.php\/producto\/teclado-p-lapto-comp-acer-zg5-e1-432\/","url_meta":{"origin":19738,"position":4},"title":"TECLADO P. LAPTO COMP ACER ZG5 E1-432","date":"8 de noviembre de 2022","format":false,"excerpt":"Teclado Acer Aspire One A110 A150 Zg5 D150 D250","rel":"","context":"Entrada similar","img":{"alt_text":"","src":"","width":0,"height":0},"classes":[]},{"id":19078,"url":"https:\/\/comerciallin.com\/index.php\/producto\/bateria-p-lapto-comp-toshiba-pa5185\/","url_meta":{"origin":19738,"position":5},"title":"BATERIA P. LAPTO COMP TOSHIBA PA5185","date":"7 de noviembre de 2022","format":false,"excerpt":"Voltaje 14.8 Voltios Dimensiones del art\u00edculo Largo x Ancho x Altura 9 x 6 x 3 pulgadas Peso del producto 0.55 Libras Capacidad 2800 Miliamperios Hora (mAh)","rel":"","context":"Entrada similar","img":{"alt_text":"","src":"","width":0,"height":0},"classes":[]}],"jetpack_sharing_enabled":true,"jetpack_likes_enabled":true,"_links":{"self":[{"href":"https:\/\/comerciallin.com\/index.php\/wp-json\/wp\/v2\/product\/19738"}],"collection":[{"href":"https:\/\/comerciallin.com\/index.php\/wp-json\/wp\/v2\/product"}],"about":[{"href":"https:\/\/comerciallin.com\/index.php\/wp-json\/wp\/v2\/types\/product"}],"replies":[{"embeddable":true,"href":"https:\/\/comerciallin.com\/index.php\/wp-json\/wp\/v2\/comments?post=19738"}],"wp:featuredmedia":[{"embeddable":true,"href":"https:\/\/comerciallin.com\/index.php\/wp-json\/wp\/v2\/media\/21964"}],"wp:attachment":[{"href":"https:\/\/comerciallin.com\/index.php\/wp-json\/wp\/v2\/media?parent=19738"}],"wp:term":[{"taxonomy":"product_cat","embeddable":true,"href":"https:\/\/comerciallin.com\/index.php\/wp-json\/wp\/v2\/product_cat?post=19738"},{"taxonomy":"product_tag","embeddable":true,"href":"https:\/\/comerciallin.com\/index.php\/wp-json\/wp\/v2\/product_tag?post=19738"}],"curies":[{"name":"wp","href":"https:\/\/api.w.org\/{rel}","templated":true}]}}