{"id":19737,"date":"2022-11-08T15:27:08","date_gmt":"2022-11-08T20:27:08","guid":{"rendered":"https:\/\/comerciallin.com\/index.php\/producto\/pantalla-lapto-14-0-led\/"},"modified":"2025-01-14T13:57:08","modified_gmt":"2025-01-14T18:57:08","slug":"pantalla-lapto-14-0-led","status":"publish","type":"product","link":"https:\/\/comerciallin.com\/index.php\/producto\/pantalla-lapto-14-0-led\/","title":{"rendered":"PANTALLA LAPTO 14.0&#8243; LED"},"content":{"rendered":"<p><span>Numeros de parte compatibles:<\/span><br \/><span>B140XW01B140XW01 V.6B140XW01 V.8B140XW01 V.9BT140GW01BT140GW01 V.2BT140GW01 V.3BT140GW01 V.4BT140GW01 V.5BT140GW01 V.6BT140GW02CLAA140WB11FRU 04W4006FRU 0B50783FRU 93P5730HB140WX1HB140WX1-100HB140WX1-101HB140WX1-200HSD140PHW1HSD140PHW1-A00HT140WXB-100HT140WXB-101HT140WXB-200HT140WXB-500HT140WXB-501LP140WH1(TL)(A2)LP140WH1(TL)(A4)LP140WH1(TL)(C3)LP140WH1(TL)(C6)LP140WH1(TL)(E3)LP140WH4 (TL)(A1)LP140WH4(TL)(A1)LP140WH4(TL)(A2)LP140WH4(TL)(A2) LP140WH4(TL)(C1)LP140WH4(TL)(N1)LP140WH4(TL)(N2)LP140WH4(TL)(P1)LP140WHA(TL)(C1)LTN140AT01LTN140AT02LTN-140AT02LTN140AT02-C09LTN140AT02-C10LTN140AT02-G01LTN140AT07LTN140AT07-301LTN140AT07-H01LTN140AT07-L01LTN140AT07-T01LTN140AT07-T03LTN140AT07-U07 LTN140AT16LTN140AT16-201LTN140AT16-401LTN140AT16-D01LTN140AT16-L01LTN140AT16-W01LTN140AT16-W02LTN140AT20-501LTN140AT20-S01LTN140AT22LTN140AT22-201LTN140AT26LTN140AT26-302LTN140AT26-401LTN140AT26-804LTN140AT26-B01LTN140AT26-C03LTN140AT26-D01LTN140AT26-H01LTN140AT26-H02LTN140AT26-H03LTN140AT26-L01LTN140AT26-T01LTN140AT26-W01LTN140AT27LTN140AT28-T01LTN145AT01-H01M140NWR2MS2317N140B6-L02N140B6-L08N140BGEN140BGE-L11N140BGE-L12N140BGE-L13N140BGE-L21N140BGE-L22N140BGE-L23<\/span><br \/><span>Compatible con:<\/span><br \/><span>ACER ASPIRE 4250-3875<\/span><br \/><span>ACER ASPIRE 4252-V801<\/span><br \/><span>ACER ASPIRE 4333<\/span><br \/><span>ACER ASPIRE 4339-2618<\/span><br \/><span>ACER ASPIRE 4352G<\/span><br \/><span>ACER ASPIRE 4732Z<\/span><br \/><span>ACER ASPIRE 4750<\/span><br \/><span>ACER ASPIRE 4750G<\/span><br \/><span>ACER ASPIRE 4752-6628<\/span><br \/><span>ACER ASPIRE 4752Z-4498<\/span><br \/><span>ACER ASPIRE E1-421-0428<\/span><br \/><span>ACER ASPIRE E1-421-0641<\/span><br \/><span>ACER ASPIRE E1-431<\/span><br \/><span>ACER ASPIRE E1-431-4639<\/span><br \/><span>ACER ASPIRE E1-471<\/span><br \/><span>ACER ASPIRE V3 471-6601<\/span><br \/><span>ACER ASPIRE V3-431-4615<\/span><br \/><span>ACER ASPIRE V3-471-6601<\/span><br \/><span>ACER ASPIRE V3-471-6885<\/span><br \/><span>ASUS A45A<\/span><br \/><span>ASUS A53SV<\/span><br \/><span>ASUS D450C<\/span><br \/><span>ASUS D450CA<\/span><br \/><span>ASUS K43E<\/span><br \/><span>ASUS X44H<\/span><br \/><span>ASUS X45<\/span><br \/><span>ASUS X451CA<\/span><br \/><span>ASUS X45A<\/span><br \/><span>ASUS X45U<\/span><br \/><span>ASUS X54C<\/span><br \/><span>COMPAQ PRESARIO CQ42<\/span><br \/><span>COMPAQ PRESARIO CQ42-100<\/span><br \/><span>COMPAQ PRESARIO CQ42-102TU<\/span><br \/><span>COMPAQ PRESARIO CQ42-103TU<\/span><br \/><span>COMPAQ PRESARIO CQ42-105TU<\/span><br \/><span>COMPAQ PRESARIO CQ42-106TU<\/span><br \/><span>COMPAQ PRESARIO CQ42-108TU<\/span><br \/><span>COMPAQ PRESARIO CQ42-109TU<\/span><br \/><span>COMPAQ PRESARIO CQ42-111TU<\/span><br \/><span>COMPAQ PRESARIO CQ42-115TU<\/span><br \/><span>COMPAQ PRESARIO CQ42-116TU<\/span><br \/><span>COMPAQ PRESARIO CQ42-117TU<\/span><br \/><span>COMPAQ PRESARIO CQ42-118TU<\/span><br \/><span>COMPAQ PRESARIO CQ42-119TU<\/span><br \/><span>COMPAQ PRESARIO CQ42-121LA<\/span><br \/><span>COMPAQ PRESARIO CQ42-122LA<\/span><br \/><span>COMPAQ PRESARIO CQ42-123LA<\/span><br \/><span>COMPAQ PRESARIO CQ42-124LA<\/span><br \/><span>COMPAQ PRESARIO CQ42-125LA<\/span><br \/><span>COMPAQ PRESARIO CQ42-125TU<\/span><br \/><span>COMPAQ PRESARIO CQ42-126LA<\/span><br \/><span>COMPAQ PRESARIO CQ42-126TU<\/span><br \/><span>COMPAQ PRESARIO CQ42-130TU<\/span><br \/><span>COMPAQ PRESARIO CQ42-131TU<\/span><br \/><span>COMPAQ PRESARIO CQ42-132TU<\/span><br \/><span>COMPAQ PRESARIO CQ42-133TU<\/span><br \/><span>COMPAQ PRESARIO CQ42-134TU<\/span><br \/><span>COMPAQ PRESARIO CQ42-135TU<\/span><br \/><span>COMPAQ PRESARIO CQ42-136TU<\/span><br \/><span>COMPAQ PRESARIO CQ42-137TU<\/span><br \/><span>COMPAQ PRESARIO CQ42-138TU<\/span><br \/><span>COMPAQ PRESARIO CQ42-139TU<\/span><\/p>\n","protected":false},"excerpt":{"rendered":"<p>Pantalla Display 14.0 Led 40p Hp 1000-1424la<\/p>\n","protected":false},"featured_media":21968,"comment_status":"open","ping_status":"closed","template":"","meta":{"spay_email":""},"product_cat":[826],"product_tag":[],"supplier_id":null,"supplier_sku":"","barcode":null,"atum_controlled":true,"out_stock_date":null,"out_stock_threshold":null,"inheritable":false,"inbound_stock":null,"stock_on_hold":0,"sold_today":0,"sales_last_days":0,"reserved_stock":null,"customer_returns":null,"warehouse_damage":null,"lost_in_post":null,"other_logs":null,"out_stock_days":0,"lost_sales":0,"has_location":null,"update_date":"2026-05-17T00:31:05","atum_locations":[],"atum_stock_status":"instock","restock_status":false,"low_stock_amount":"","sales_update_date":"2026-05-17T00:31:05","calc_backorders":null,"acf":[],"yoast_head":"<!-- This site is optimized with the Yoast SEO Premium plugin v17.4 (Yoast SEO v17.4) - https:\/\/yoast.com\/wordpress\/plugins\/seo\/ -->\n<title>PANTALLA LAPTO 14.0&quot; LED - tienda de electr\u00f3nica y computaci\u00f3n<\/title>\n<meta name=\"robots\" content=\"index, follow, max-snippet:-1, max-image-preview:large, max-video-preview:-1\" \/>\n<link rel=\"canonical\" href=\"https:\/\/comerciallin.com\/index.php\/producto\/pantalla-lapto-14-0-led\/\" \/>\n<meta property=\"og:locale\" content=\"es_ES\" \/>\n<meta property=\"og:type\" content=\"article\" \/>\n<meta property=\"og:title\" content=\"PANTALLA LAPTO 14.0&quot; LED\" \/>\n<meta property=\"og:description\" content=\"Pantalla Display 14.0 Led 40p Hp 1000-1424la\" \/>\n<meta property=\"og:url\" content=\"https:\/\/comerciallin.com\/index.php\/producto\/pantalla-lapto-14-0-led\/\" \/>\n<meta property=\"og:site_name\" content=\"tienda de electr\u00f3nica y computaci\u00f3n\" \/>\n<meta property=\"article:modified_time\" content=\"2025-01-14T18:57:08+00:00\" \/>\n<meta property=\"og:image\" content=\"https:\/\/comerciallin.com\/wp-content\/uploads\/2023\/02\/122030100801.jpg\" \/>\n\t<meta property=\"og:image:width\" content=\"992\" \/>\n\t<meta property=\"og:image:height\" content=\"744\" \/>\n<meta name=\"twitter:card\" content=\"summary_large_image\" \/>\n<meta name=\"twitter:label1\" content=\"Precio\" \/>\n\t<meta name=\"twitter:data1\" content=\"&#36;69,00\" \/>\n\t<meta name=\"twitter:label2\" content=\"Availability\" \/>\n\t<meta name=\"twitter:data2\" content=\"In stock\" \/>\n<script type=\"application\/ld+json\" class=\"yoast-schema-graph\">{\"@context\":\"https:\/\/schema.org\",\"@graph\":[{\"@type\":\"WebSite\",\"@id\":\"https:\/\/comerciallin.com\/#website\",\"url\":\"https:\/\/comerciallin.com\/\",\"name\":\"tienda de electr\\u00f3nica y computaci\\u00f3n\",\"description\":\"Importadora de Electr\\u00f3nica y Computaci\\u00f3n\",\"potentialAction\":[{\"@type\":\"SearchAction\",\"target\":{\"@type\":\"EntryPoint\",\"urlTemplate\":\"https:\/\/comerciallin.com\/?s={search_term_string}\"},\"query-input\":\"required name=search_term_string\"}],\"inLanguage\":\"es\"},{\"@type\":\"ImageObject\",\"@id\":\"https:\/\/comerciallin.com\/index.php\/producto\/pantalla-lapto-14-0-led\/#primaryimage\",\"inLanguage\":\"es\",\"url\":\"https:\/\/i0.wp.com\/comerciallin.com\/wp-content\/uploads\/2023\/02\/122030100801.jpg?fit=992%2C744&ssl=1\",\"contentUrl\":\"https:\/\/i0.wp.com\/comerciallin.com\/wp-content\/uploads\/2023\/02\/122030100801.jpg?fit=992%2C744&ssl=1\",\"width\":992,\"height\":744,\"caption\":\"PANTALLA LAPTO 14.0\\\" LED\"},{\"@type\":\"WebPage\",\"@id\":\"https:\/\/comerciallin.com\/index.php\/producto\/pantalla-lapto-14-0-led\/#webpage\",\"url\":\"https:\/\/comerciallin.com\/index.php\/producto\/pantalla-lapto-14-0-led\/\",\"name\":\"PANTALLA LAPTO 14.0\\\" LED - tienda de electr\\u00f3nica y computaci\\u00f3n\",\"isPartOf\":{\"@id\":\"https:\/\/comerciallin.com\/#website\"},\"primaryImageOfPage\":{\"@id\":\"https:\/\/comerciallin.com\/index.php\/producto\/pantalla-lapto-14-0-led\/#primaryimage\"},\"datePublished\":\"2022-11-08T20:27:08+00:00\",\"dateModified\":\"2025-01-14T18:57:08+00:00\",\"breadcrumb\":{\"@id\":\"https:\/\/comerciallin.com\/index.php\/producto\/pantalla-lapto-14-0-led\/#breadcrumb\"},\"inLanguage\":\"es\",\"potentialAction\":[{\"@type\":\"ReadAction\",\"target\":[\"https:\/\/comerciallin.com\/index.php\/producto\/pantalla-lapto-14-0-led\/\"]}]},{\"@type\":\"BreadcrumbList\",\"@id\":\"https:\/\/comerciallin.com\/index.php\/producto\/pantalla-lapto-14-0-led\/#breadcrumb\",\"itemListElement\":[{\"@type\":\"ListItem\",\"position\":1,\"name\":\"Inicio\",\"item\":\"https:\/\/comerciallin.com\/\"},{\"@type\":\"ListItem\",\"position\":2,\"name\":\"Shop\",\"item\":\"https:\/\/comerciallin.com\/?page_id=3853\"},{\"@type\":\"ListItem\",\"position\":3,\"name\":\"PANTALLA LAPTO 14.0&#8243; LED\"}]}]}<\/script>\n<meta property=\"product:price:amount\" content=\"69.00\" \/>\n<meta property=\"product:price:currency\" content=\"USD\" \/>\n<meta property=\"og:availability\" content=\"instock\" \/>\n<meta property=\"product:availability\" content=\"instock\" \/>\n<meta property=\"product:retailer_item_id\" content=\"122030100801\" \/>\n<meta property=\"product:condition\" content=\"new\" \/>\n<!-- \/ Yoast SEO Premium plugin. -->","yoast_head_json":{"title":"PANTALLA LAPTO 14.0\" LED - tienda de electr\u00f3nica y computaci\u00f3n","robots":{"index":"index","follow":"follow","max-snippet":"max-snippet:-1","max-image-preview":"max-image-preview:large","max-video-preview":"max-video-preview:-1"},"canonical":"https:\/\/comerciallin.com\/index.php\/producto\/pantalla-lapto-14-0-led\/","og_locale":"es_ES","og_type":"article","og_title":"PANTALLA LAPTO 14.0\" LED","og_description":"Pantalla Display 14.0 Led 40p Hp 1000-1424la","og_url":"https:\/\/comerciallin.com\/index.php\/producto\/pantalla-lapto-14-0-led\/","og_site_name":"tienda de electr\u00f3nica y computaci\u00f3n","article_modified_time":"2025-01-14T18:57:08+00:00","og_image":[{"width":992,"height":744,"url":"https:\/\/comerciallin.com\/wp-content\/uploads\/2023\/02\/122030100801.jpg","type":"image\/jpeg"}],"twitter_card":"summary_large_image","twitter_misc":{"Precio":"&#36;69,00","Availability":"In stock"},"schema":{"@context":"https:\/\/schema.org","@graph":[{"@type":"WebSite","@id":"https:\/\/comerciallin.com\/#website","url":"https:\/\/comerciallin.com\/","name":"tienda de electr\u00f3nica y computaci\u00f3n","description":"Importadora de Electr\u00f3nica y Computaci\u00f3n","potentialAction":[{"@type":"SearchAction","target":{"@type":"EntryPoint","urlTemplate":"https:\/\/comerciallin.com\/?s={search_term_string}"},"query-input":"required name=search_term_string"}],"inLanguage":"es"},{"@type":"ImageObject","@id":"https:\/\/comerciallin.com\/index.php\/producto\/pantalla-lapto-14-0-led\/#primaryimage","inLanguage":"es","url":"https:\/\/i0.wp.com\/comerciallin.com\/wp-content\/uploads\/2023\/02\/122030100801.jpg?fit=992%2C744&ssl=1","contentUrl":"https:\/\/i0.wp.com\/comerciallin.com\/wp-content\/uploads\/2023\/02\/122030100801.jpg?fit=992%2C744&ssl=1","width":992,"height":744,"caption":"PANTALLA LAPTO 14.0\" LED"},{"@type":"WebPage","@id":"https:\/\/comerciallin.com\/index.php\/producto\/pantalla-lapto-14-0-led\/#webpage","url":"https:\/\/comerciallin.com\/index.php\/producto\/pantalla-lapto-14-0-led\/","name":"PANTALLA LAPTO 14.0\" LED - tienda de electr\u00f3nica y computaci\u00f3n","isPartOf":{"@id":"https:\/\/comerciallin.com\/#website"},"primaryImageOfPage":{"@id":"https:\/\/comerciallin.com\/index.php\/producto\/pantalla-lapto-14-0-led\/#primaryimage"},"datePublished":"2022-11-08T20:27:08+00:00","dateModified":"2025-01-14T18:57:08+00:00","breadcrumb":{"@id":"https:\/\/comerciallin.com\/index.php\/producto\/pantalla-lapto-14-0-led\/#breadcrumb"},"inLanguage":"es","potentialAction":[{"@type":"ReadAction","target":["https:\/\/comerciallin.com\/index.php\/producto\/pantalla-lapto-14-0-led\/"]}]},{"@type":"BreadcrumbList","@id":"https:\/\/comerciallin.com\/index.php\/producto\/pantalla-lapto-14-0-led\/#breadcrumb","itemListElement":[{"@type":"ListItem","position":1,"name":"Inicio","item":"https:\/\/comerciallin.com\/"},{"@type":"ListItem","position":2,"name":"Shop","item":"https:\/\/comerciallin.com\/?page_id=3853"},{"@type":"ListItem","position":3,"name":"PANTALLA LAPTO 14.0&#8243; LED"}]}]},"product_price_amount":"69.00","product_price_currency":"USD","og_availability":"instock","product_availability":"instock","product_retailer_item_id":"122030100801","product_condition":"new"},"jetpack-related-posts":[{"id":23586,"url":"https:\/\/comerciallin.com\/index.php\/producto\/cable-red-utp-tl-808p-cat6\/","url_meta":{"origin":19737,"position":0},"title":"CABLE RED UTP TL-808P CAT6","date":"27 de abril de 2023","format":false,"excerpt":"","rel":"","context":"Entrada similar","img":{"alt_text":"","src":"","width":0,"height":0},"classes":[]},{"id":22429,"url":"https:\/\/comerciallin.com\/index.php\/producto\/cable-red-x-mt-tl-606-cat6\/","url_meta":{"origin":19737,"position":1},"title":"CABLE RED X MT TL-606 CAT6","date":"19 de abril de 2023","format":false,"excerpt":"","rel":"","context":"Entrada similar","img":{"alt_text":"","src":"","width":0,"height":0},"classes":[]},{"id":25573,"url":"https:\/\/comerciallin.com\/index.php\/producto\/extensor-de-rango-tp-link-tl-wa855re-n300e\/","url_meta":{"origin":19737,"position":2},"title":"EXTENSOR DE RANGO TP-LINK TL-WA855RE N300E","date":"6 de septiembre de 2023","format":false,"excerpt":"Extensor de rango WiFi de 300 Mbps Dos antenas externas para una mejor recepci\u00f3n F\u00e1cil de configurar y usar","rel":"","context":"Entrada similar","img":{"alt_text":"EXTENSOR DE RANGO TP-LINK TL-WA855RE N300E","src":"https:\/\/i0.wp.com\/comerciallin.com\/wp-content\/uploads\/2023\/11\/305403090801.jpg?fit=1200%2C1200&ssl=1&resize=350%2C200","width":350,"height":200},"classes":[]},{"id":19738,"url":"https:\/\/comerciallin.com\/index.php\/producto\/pantalla-lapto-11-6-led-slim-40pin\/","url_meta":{"origin":19737,"position":3},"title":"PANTALLA LAPTO 11.6&#8243; LED SLIM 40PIN","date":"8 de noviembre de 2022","format":false,"excerpt":"Pantalla 11.6 Led 40p Ltn116at01-801 Ltn116at01-t01 Acer 751","rel":"","context":"Entrada similar","img":{"alt_text":"","src":"","width":0,"height":0},"classes":[]},{"id":19739,"url":"https:\/\/comerciallin.com\/index.php\/producto\/pantalla-lapto-10-1-led\/","url_meta":{"origin":19737,"position":4},"title":"PANTALLA LAPTO 10.1&#8243; LED","date":"8 de noviembre de 2022","format":false,"excerpt":"Pantalla 10.1 Led D150 Series 533 Series 532h 532h-2561 D250","rel":"","context":"Entrada similar","img":{"alt_text":"","src":"","width":0,"height":0},"classes":[]},{"id":19741,"url":"https:\/\/comerciallin.com\/index.php\/producto\/pantalla-lapto-11-6-slim-40pin-ks-43111640\/","url_meta":{"origin":19737,"position":5},"title":"PANTALLA LAPTO 11.6&#8243; SLIM 40PIN KS-43111640","date":"8 de noviembre de 2022","format":false,"excerpt":"Pantalla 11.6 Slim 40p L Sony Vaio Sve11125clp Sve11125clw","rel":"","context":"Entrada similar","img":{"alt_text":"","src":"","width":0,"height":0},"classes":[]}],"jetpack_sharing_enabled":true,"jetpack_likes_enabled":true,"_links":{"self":[{"href":"https:\/\/comerciallin.com\/index.php\/wp-json\/wp\/v2\/product\/19737"}],"collection":[{"href":"https:\/\/comerciallin.com\/index.php\/wp-json\/wp\/v2\/product"}],"about":[{"href":"https:\/\/comerciallin.com\/index.php\/wp-json\/wp\/v2\/types\/product"}],"replies":[{"embeddable":true,"href":"https:\/\/comerciallin.com\/index.php\/wp-json\/wp\/v2\/comments?post=19737"}],"wp:featuredmedia":[{"embeddable":true,"href":"https:\/\/comerciallin.com\/index.php\/wp-json\/wp\/v2\/media\/21968"}],"wp:attachment":[{"href":"https:\/\/comerciallin.com\/index.php\/wp-json\/wp\/v2\/media?parent=19737"}],"wp:term":[{"taxonomy":"product_cat","embeddable":true,"href":"https:\/\/comerciallin.com\/index.php\/wp-json\/wp\/v2\/product_cat?post=19737"},{"taxonomy":"product_tag","embeddable":true,"href":"https:\/\/comerciallin.com\/index.php\/wp-json\/wp\/v2\/product_tag?post=19737"}],"curies":[{"name":"wp","href":"https:\/\/api.w.org\/{rel}","templated":true}]}}