{"id":19736,"date":"2022-11-08T15:27:07","date_gmt":"2022-11-08T20:27:07","guid":{"rendered":"https:\/\/comerciallin.com\/index.php\/producto\/cargador-monitor-12v-7a\/"},"modified":"2025-01-14T13:55:27","modified_gmt":"2025-01-14T18:55:27","slug":"cargador-monitor-12v-7a","status":"publish","type":"product","link":"https:\/\/comerciallin.com\/index.php\/producto\/cargador-monitor-12v-7a\/","title":{"rendered":"CARGADOR MONITOR 12V 7A"},"content":{"rendered":"<p>Nos dedicamos a las ventas y distribuci&oacute;n de componentes y accesorios para los dispositivos port&aacute;tiles con stock permanente en Ecuador. Somos proveedores de componentes para port&aacute;til con gran experiencia.<span>&nbsp;<\/span><strong>Comercial Lin<\/strong><span>&nbsp;<\/span>es una de las primeras empresas en distribuir este tipo de componentes. Tenemos en stock la gran mayor&iacute;a de los repuestos para port&aacute;tiles como<span>&nbsp;<\/span><strong>cargadores, bater&iacute;as, teclados, pantallas, ventiladores<\/strong>, entre otras piezas, para las marcas como<span>&nbsp;<\/span><strong>Samsung, Lenovo, &nbsp;Hewlett-Packard, DELL, Acer, Sony, ASUS<\/strong><span>&nbsp;<\/span>son parte de nuestro stock de repuestos para port&aacute;tiles.<span>&nbsp;<\/span><strong>Ofrecemos buenos precios y lo m&aacute;s importante: siempre con la mejor calidad, garant&iacute;a y precio.<\/strong><\/p>\n<p>En nuestra web tambi&eacute;n disponemos de categor&iacute;a de port&aacute;tiles Pc de escritorio, accesorios y muchos productos de alta gama.<span>&nbsp;<\/span><strong><em>Todos nuestros clientes conf&iacute;an en nosotros y saben que tenemos excelente servicio post venta<\/em><\/strong>.<\/p>\n<table class=\"layout\">\n<tbody>\n<tr>\n<td>\n<p><strong>Servicio de asistencia a la compra<\/strong><\/p>\n<p>Nuestro equipo de t&eacute;cnicos expertos estar&aacute; m&aacute;s que complacido de brindarte toda la ayuda que puedas necesitar. Desde contestar dudas o inquietudes puntuales, hasta guiarte a lo largo del proceso de elecci&oacute;n, compra, prueba y mantenimiento de los repuestos de port&aacute;tiles. As&iacute; que no dudes en ponerte en contacto.<\/p>\n<p><strong>Formas de pago y env&iacute;o<\/strong><\/p>\n<p>Para una mayor facilidad en las transacciones, puedes pagar a medios de pago sin comisiones como contra reembolso, transferencia o dep&oacute;sito bancario.<\/p>\n<p>Para que puedas recibir tu pedido al d&iacute;a siguiente lo debes de realizar antes de las 17:00. Pero si es a partir de esa hora entonces tu pedido saldr&aacute; de nuestro almac&eacute;n al d&iacute;a siguiente por lo cual recibir&iacute;as tu pedido en 2 d&iacute;as laborables.<\/p>\n<\/td>\n<td><img decoding=\"async\" loading=\"lazy\" class=\"wp-image-2451 size-full alignright\" src=\"https:\/\/i0.wp.com\/comerciallin.com\/wp-content\/uploads\/imgcomerciallin\/servicio_tecnico.png?resize=250%2C250\" alt=\"\" width=\"250\" height=\"250\" data-recalc-dims=\"1\" \/><\/td>\n<\/tr>\n<\/tbody>\n<\/table>\n<table class=\"layout\">\n<tbody>\n<tr>\n<td><img decoding=\"async\" loading=\"lazy\" class=\"alignnone wp-image-2865 size-full\" src=\"https:\/\/i0.wp.com\/comerciallin.com\/wp-content\/uploads\/imgcomerciallin\/comprar.png?resize=242%2C250\" alt=\"Soporte \" width=\"242\" height=\"250\" data-recalc-dims=\"1\" \/><\/td>\n<td>\n<p>&iexcl;No lo dudes m&aacute;s! En nuestra tienda online puedes comprar tus repuestos para port&aacute;tiles con seguridad y confianza. Si te gusta nuestra tienda, no olvides compartirla en las redes sociales. As&iacute; estar&aacute;s ayudando a que otros usuarios, profesionales y empresas dispongan del mejor servicio posible. Nos esforzamos diariamente con un equipo volcado en mejorar continuamente, animado y unido para ir avanzando en el sector de componentes de port&aacute;tiles. &iexcl;Esto es nuestro enfoque, tal como empezamos hace muchos a&ntilde;os pues as&iacute; seguimos! Si quieres tener un proveedor seguro de repuestos para port&aacute;tiles no pierdas tu oportunidad, reg&iacute;strate y trabaja con un equipo de trato humano y profesional.<\/p>\n<\/td>\n<\/tr>\n<\/tbody>\n<\/table>\n","protected":false},"excerpt":{"rendered":"<p>12V 7A AC DC Adaptador Cargador 5.5 * 2.1 O 2.5mm 12V7A 84W LCD monitor LED Tiras De Luz Interruptor De Fuente De Alimentaci\u00f3n<\/p>\n","protected":false},"featured_media":21809,"comment_status":"open","ping_status":"closed","template":"","meta":{"spay_email":""},"product_cat":[810],"product_tag":[],"supplier_id":null,"supplier_sku":"","barcode":null,"atum_controlled":true,"out_stock_date":null,"out_stock_threshold":null,"inheritable":false,"inbound_stock":null,"stock_on_hold":0,"sold_today":0,"sales_last_days":0,"reserved_stock":null,"customer_returns":null,"warehouse_damage":null,"lost_in_post":null,"other_logs":null,"out_stock_days":0,"lost_sales":0,"has_location":null,"update_date":"2026-04-09T23:44:28","atum_locations":[],"atum_stock_status":"instock","restock_status":false,"low_stock_amount":"","sales_update_date":"2026-04-09T23:44:28","calc_backorders":null,"acf":[],"yoast_head":"<!-- This site is optimized with the Yoast SEO Premium plugin v17.4 (Yoast SEO v17.4) - https:\/\/yoast.com\/wordpress\/plugins\/seo\/ -->\n<title>CARGADOR MONITOR 12V 7A - tienda de electr\u00f3nica y computaci\u00f3n<\/title>\n<meta name=\"robots\" content=\"index, follow, max-snippet:-1, max-image-preview:large, max-video-preview:-1\" \/>\n<link rel=\"canonical\" href=\"https:\/\/comerciallin.com\/index.php\/producto\/cargador-monitor-12v-7a\/\" \/>\n<meta property=\"og:locale\" content=\"es_ES\" \/>\n<meta property=\"og:type\" content=\"article\" \/>\n<meta property=\"og:title\" content=\"CARGADOR MONITOR 12V 7A\" \/>\n<meta property=\"og:description\" content=\"12V 7A AC DC Adaptador Cargador 5.5 * 2.1 O 2.5mm 12V7A 84W LCD monitor LED Tiras De Luz Interruptor De Fuente De Alimentaci\u00f3n\" \/>\n<meta property=\"og:url\" content=\"https:\/\/comerciallin.com\/index.php\/producto\/cargador-monitor-12v-7a\/\" \/>\n<meta property=\"og:site_name\" content=\"tienda de electr\u00f3nica y computaci\u00f3n\" \/>\n<meta property=\"article:modified_time\" content=\"2025-01-14T18:55:27+00:00\" \/>\n<meta name=\"twitter:card\" content=\"summary_large_image\" \/>\n<meta name=\"twitter:image\" content=\"https:\/\/i0.wp.com\/comerciallin.com\/wp-content\/uploads\/2023\/02\/2291510032.jpg?fit=%2C&amp;ssl=1\" \/>\n<meta name=\"twitter:label1\" content=\"Precio\" \/>\n\t<meta name=\"twitter:data1\" content=\"&#36;16,10\" \/>\n\t<meta name=\"twitter:label2\" content=\"Availability\" \/>\n\t<meta name=\"twitter:data2\" content=\"In stock\" \/>\n<script type=\"application\/ld+json\" class=\"yoast-schema-graph\">{\"@context\":\"https:\/\/schema.org\",\"@graph\":[{\"@type\":\"WebSite\",\"@id\":\"https:\/\/comerciallin.com\/#website\",\"url\":\"https:\/\/comerciallin.com\/\",\"name\":\"tienda de electr\\u00f3nica y computaci\\u00f3n\",\"description\":\"Importadora de Electr\\u00f3nica y Computaci\\u00f3n\",\"potentialAction\":[{\"@type\":\"SearchAction\",\"target\":{\"@type\":\"EntryPoint\",\"urlTemplate\":\"https:\/\/comerciallin.com\/?s={search_term_string}\"},\"query-input\":\"required name=search_term_string\"}],\"inLanguage\":\"es\"},{\"@type\":\"ImageObject\",\"@id\":\"https:\/\/comerciallin.com\/index.php\/producto\/cargador-monitor-12v-7a\/#primaryimage\",\"inLanguage\":\"es\",\"url\":\"https:\/\/i0.wp.com\/comerciallin.com\/wp-content\/uploads\/2023\/02\/2291510032.jpg?fit=%2C&ssl=1\",\"contentUrl\":\"https:\/\/i0.wp.com\/comerciallin.com\/wp-content\/uploads\/2023\/02\/2291510032.jpg?fit=%2C&ssl=1\",\"caption\":\"CARGADOR MONITOR 12V 7A\"},{\"@type\":\"WebPage\",\"@id\":\"https:\/\/comerciallin.com\/index.php\/producto\/cargador-monitor-12v-7a\/#webpage\",\"url\":\"https:\/\/comerciallin.com\/index.php\/producto\/cargador-monitor-12v-7a\/\",\"name\":\"CARGADOR MONITOR 12V 7A - tienda de electr\\u00f3nica y computaci\\u00f3n\",\"isPartOf\":{\"@id\":\"https:\/\/comerciallin.com\/#website\"},\"primaryImageOfPage\":{\"@id\":\"https:\/\/comerciallin.com\/index.php\/producto\/cargador-monitor-12v-7a\/#primaryimage\"},\"datePublished\":\"2022-11-08T20:27:07+00:00\",\"dateModified\":\"2025-01-14T18:55:27+00:00\",\"breadcrumb\":{\"@id\":\"https:\/\/comerciallin.com\/index.php\/producto\/cargador-monitor-12v-7a\/#breadcrumb\"},\"inLanguage\":\"es\",\"potentialAction\":[{\"@type\":\"ReadAction\",\"target\":[\"https:\/\/comerciallin.com\/index.php\/producto\/cargador-monitor-12v-7a\/\"]}]},{\"@type\":\"BreadcrumbList\",\"@id\":\"https:\/\/comerciallin.com\/index.php\/producto\/cargador-monitor-12v-7a\/#breadcrumb\",\"itemListElement\":[{\"@type\":\"ListItem\",\"position\":1,\"name\":\"Inicio\",\"item\":\"https:\/\/comerciallin.com\/\"},{\"@type\":\"ListItem\",\"position\":2,\"name\":\"Shop\",\"item\":\"https:\/\/comerciallin.com\/?page_id=3853\"},{\"@type\":\"ListItem\",\"position\":3,\"name\":\"CARGADOR MONITOR 12V 7A\"}]}]}<\/script>\n<meta property=\"product:price:amount\" content=\"16.10\" \/>\n<meta property=\"product:price:currency\" content=\"USD\" \/>\n<meta property=\"og:availability\" content=\"instock\" \/>\n<meta property=\"product:availability\" content=\"instock\" \/>\n<meta property=\"product:retailer_item_id\" content=\"2291510032\" \/>\n<meta property=\"product:condition\" content=\"new\" \/>\n<!-- \/ Yoast SEO Premium plugin. -->","yoast_head_json":{"title":"CARGADOR MONITOR 12V 7A - tienda de electr\u00f3nica y computaci\u00f3n","robots":{"index":"index","follow":"follow","max-snippet":"max-snippet:-1","max-image-preview":"max-image-preview:large","max-video-preview":"max-video-preview:-1"},"canonical":"https:\/\/comerciallin.com\/index.php\/producto\/cargador-monitor-12v-7a\/","og_locale":"es_ES","og_type":"article","og_title":"CARGADOR MONITOR 12V 7A","og_description":"12V 7A AC DC Adaptador Cargador 5.5 * 2.1 O 2.5mm 12V7A 84W LCD monitor LED Tiras De Luz Interruptor De Fuente De Alimentaci\u00f3n","og_url":"https:\/\/comerciallin.com\/index.php\/producto\/cargador-monitor-12v-7a\/","og_site_name":"tienda de electr\u00f3nica y computaci\u00f3n","article_modified_time":"2025-01-14T18:55:27+00:00","twitter_card":"summary_large_image","twitter_image":"https:\/\/i0.wp.com\/comerciallin.com\/wp-content\/uploads\/2023\/02\/2291510032.jpg?fit=%2C&ssl=1","twitter_misc":{"Precio":"&#36;16,10","Availability":"In stock"},"schema":{"@context":"https:\/\/schema.org","@graph":[{"@type":"WebSite","@id":"https:\/\/comerciallin.com\/#website","url":"https:\/\/comerciallin.com\/","name":"tienda de electr\u00f3nica y computaci\u00f3n","description":"Importadora de Electr\u00f3nica y Computaci\u00f3n","potentialAction":[{"@type":"SearchAction","target":{"@type":"EntryPoint","urlTemplate":"https:\/\/comerciallin.com\/?s={search_term_string}"},"query-input":"required name=search_term_string"}],"inLanguage":"es"},{"@type":"ImageObject","@id":"https:\/\/comerciallin.com\/index.php\/producto\/cargador-monitor-12v-7a\/#primaryimage","inLanguage":"es","url":"https:\/\/i0.wp.com\/comerciallin.com\/wp-content\/uploads\/2023\/02\/2291510032.jpg?fit=%2C&ssl=1","contentUrl":"https:\/\/i0.wp.com\/comerciallin.com\/wp-content\/uploads\/2023\/02\/2291510032.jpg?fit=%2C&ssl=1","caption":"CARGADOR MONITOR 12V 7A"},{"@type":"WebPage","@id":"https:\/\/comerciallin.com\/index.php\/producto\/cargador-monitor-12v-7a\/#webpage","url":"https:\/\/comerciallin.com\/index.php\/producto\/cargador-monitor-12v-7a\/","name":"CARGADOR MONITOR 12V 7A - tienda de electr\u00f3nica y computaci\u00f3n","isPartOf":{"@id":"https:\/\/comerciallin.com\/#website"},"primaryImageOfPage":{"@id":"https:\/\/comerciallin.com\/index.php\/producto\/cargador-monitor-12v-7a\/#primaryimage"},"datePublished":"2022-11-08T20:27:07+00:00","dateModified":"2025-01-14T18:55:27+00:00","breadcrumb":{"@id":"https:\/\/comerciallin.com\/index.php\/producto\/cargador-monitor-12v-7a\/#breadcrumb"},"inLanguage":"es","potentialAction":[{"@type":"ReadAction","target":["https:\/\/comerciallin.com\/index.php\/producto\/cargador-monitor-12v-7a\/"]}]},{"@type":"BreadcrumbList","@id":"https:\/\/comerciallin.com\/index.php\/producto\/cargador-monitor-12v-7a\/#breadcrumb","itemListElement":[{"@type":"ListItem","position":1,"name":"Inicio","item":"https:\/\/comerciallin.com\/"},{"@type":"ListItem","position":2,"name":"Shop","item":"https:\/\/comerciallin.com\/?page_id=3853"},{"@type":"ListItem","position":3,"name":"CARGADOR MONITOR 12V 7A"}]}]},"product_price_amount":"16.10","product_price_currency":"USD","og_availability":"instock","product_availability":"instock","product_retailer_item_id":"2291510032","product_condition":"new"},"jetpack-related-posts":[{"id":18943,"url":"https:\/\/comerciallin.com\/index.php\/producto\/cargador-comp-asus-19v-4-7a-5525\/","url_meta":{"origin":19736,"position":0},"title":"CARGADOR COMP ASUS 19V 4.7A 5525","date":"7 de noviembre de 2022","format":false,"excerpt":"Entrada: 100-240V \/ 50-60Hz Salida: 19V 4.74A Conector: 5.5mm*2.5mm Color: Negro Condici\u00f3n: Nuevo Paquete incluye: 1 x Adaptador de corriente AC 1 x Cable de Alimentaci\u00f3n El\u00e9ctrica Garant\u00eda: 6 meses de garant\u00eda IVA Incluido","rel":"","context":"Entrada similar","img":{"alt_text":"","src":"","width":0,"height":0},"classes":[]},{"id":19022,"url":"https:\/\/comerciallin.com\/index.php\/producto\/cargador-comp-lenovo-type-c-20v-3-25-cuadrado\/","url_meta":{"origin":19736,"position":1},"title":"CARGADOR COMP LENOVO TYPE C 20V 3.25 CUADRADO","date":"7 de noviembre de 2022","format":false,"excerpt":"Especificaciones: Entrada: 100-240V \/ 50-60Hz Salida:\u00a065W,\u00a020V-3.25A, 15V-3A, 12V-3A, 9V-2A, 5V-2A Conector: TIPO C Modelo: Cuadrado Color: Negro Condici\u00f3n: Nueva estrenar Paquete incluye: 1 x Adaptador de corriente AC 1 x Cable de Alimentaci\u00f3n El\u00e9ctrica Garant\u00eda: 6 meses de garant\u00eda IVA Incluido","rel":"","context":"Entrada similar","img":{"alt_text":"","src":"","width":0,"height":0},"classes":[]},{"id":19024,"url":"https:\/\/comerciallin.com\/index.php\/producto\/cargador-comp-lenovo-type-c-20v-3-25-rectang\/","url_meta":{"origin":19736,"position":2},"title":"CARGADOR ORIGINAL LENOVO TYPE C 20V 3.25 RECT","date":"7 de noviembre de 2022","format":false,"excerpt":"Especificaciones: Entrada: 100-240V \/ 50-60Hz Salida:\u00a065W,\u00a020V-3.25A, 15V-3A, 12V-3A, 9V-2A, 5V-2A Conector: TIPO C Modelo: Rectangular Color: Negro Condici\u00f3n: Nueva estrenar Paquete incluye: 1 x Adaptador de corriente AC 1 x Cable de Alimentaci\u00f3n El\u00e9ctrica Garant\u00eda: 6 meses de garant\u00eda IVA Incluido","rel":"","context":"Entrada similar","img":{"alt_text":"","src":"","width":0,"height":0},"classes":[]},{"id":18900,"url":"https:\/\/comerciallin.com\/index.php\/producto\/cargador-monitor-lg-19v-0-84a-6-54-5\/","url_meta":{"origin":19736,"position":3},"title":"CARGADOR MONITOR LG 19V 0.84A 6.5*4.5","date":"7 de noviembre de 2022","format":false,"excerpt":"Especificaciones: Entrada: 100-240V \/ 50-60Hz Salida: 19V-0.8A Conector: 6,5mm * 4,5m Color: Negro Condici\u00f3n: Nueva estrenar Paquete incluye: 1 x Adaptador de corriente AC 1 x Cable de Alimentaci\u00f3n El\u00e9ctrica Garant\u00eda: 6 meses de garant\u00eda IVA Incluido","rel":"","context":"Entrada similar","img":{"alt_text":"","src":"","width":0,"height":0},"classes":[]},{"id":18898,"url":"https:\/\/comerciallin.com\/index.php\/producto\/cargador-monitor-lg-19v-1-3a-6-54-4\/","url_meta":{"origin":19736,"position":4},"title":"CARGADOR MONITOR LG 19V 1.3A 6.5*4.4","date":"7 de noviembre de 2022","format":false,"excerpt":"Especificaciones: Entrada: 100-240V \/ 50-60Hz Salida: 19V-1.3A Conector: 6,5mm * 4,m Color: Negro Condici\u00f3n: Nueva estrenar Paquete incluye: 1 x Adaptador de corriente AC 1 x Cable de Alimentaci\u00f3n El\u00e9ctrica Garant\u00eda: 6 meses de garant\u00eda IVA Incluido","rel":"","context":"Entrada similar","img":{"alt_text":"","src":"","width":0,"height":0},"classes":[]},{"id":18803,"url":"https:\/\/comerciallin.com\/index.php\/producto\/cargador-comp-sony-19-5v-4-74a\/","url_meta":{"origin":19736,"position":5},"title":"CARGADOR COMP SONY 19.5V 4.74A","date":"7 de noviembre de 2022","format":false,"excerpt":"Entrada: 100-240V \/ 50-60Hz Salida: 19.5V 4.74A Conector: 6.4mm*4.4mm Color: Negro Condici\u00f3n: Nuevo Paquete incluye: 1 x Adaptador de corriente AC 1 x Cable de Alimentaci\u00f3n El\u00e9ctrica Garant\u00eda: 6 meses de garant\u00eda IVA Incluido","rel":"","context":"Entrada similar","img":{"alt_text":"","src":"","width":0,"height":0},"classes":[]}],"jetpack_sharing_enabled":true,"jetpack_likes_enabled":true,"_links":{"self":[{"href":"https:\/\/comerciallin.com\/index.php\/wp-json\/wp\/v2\/product\/19736"}],"collection":[{"href":"https:\/\/comerciallin.com\/index.php\/wp-json\/wp\/v2\/product"}],"about":[{"href":"https:\/\/comerciallin.com\/index.php\/wp-json\/wp\/v2\/types\/product"}],"replies":[{"embeddable":true,"href":"https:\/\/comerciallin.com\/index.php\/wp-json\/wp\/v2\/comments?post=19736"}],"wp:featuredmedia":[{"embeddable":true,"href":"https:\/\/comerciallin.com\/index.php\/wp-json\/wp\/v2\/media\/21809"}],"wp:attachment":[{"href":"https:\/\/comerciallin.com\/index.php\/wp-json\/wp\/v2\/media?parent=19736"}],"wp:term":[{"taxonomy":"product_cat","embeddable":true,"href":"https:\/\/comerciallin.com\/index.php\/wp-json\/wp\/v2\/product_cat?post=19736"},{"taxonomy":"product_tag","embeddable":true,"href":"https:\/\/comerciallin.com\/index.php\/wp-json\/wp\/v2\/product_tag?post=19736"}],"curies":[{"name":"wp","href":"https:\/\/api.w.org\/{rel}","templated":true}]}}