{"id":19730,"date":"2022-11-08T15:27:00","date_gmt":"2022-11-08T20:27:00","guid":{"rendered":"https:\/\/comerciallin.com\/index.php\/producto\/bateria-comp-dell-1525-1526-1545-1546-y82g-2\/"},"modified":"2025-01-14T13:54:13","modified_gmt":"2025-01-14T18:54:13","slug":"bateria-comp-dell-1525-1526-1545-1546-y82g-2","status":"publish","type":"product","link":"https:\/\/comerciallin.com\/index.php\/producto\/bateria-comp-dell-1525-1526-1545-1546-y82g-2\/","title":{"rendered":"BATERIA COMP DELL 1525 \/1526\/ 1545 \/1546\/Y82G"},"content":{"rendered":"<p><strong>N&uacute;meros de pieza compatibles:<\/strong><br \/>X284G GP952 M911G GW240 K450N G555N J399N RN873 0F972N G558N 312-0625 312-0844 GP952-24<br \/>0rn873 0c601h 0f965n 0ru586 c601h d608h gp252 gw252 hp297 j414n j415n k415n ru573 ru586 rw240 xr693<br \/>0cr693 0d608h 0gp252 0gp952 0gw240 0gw241 0gw252 0hp277 0hp287 0hp297 0j410n 0m911g 0p505m 0pd685<br \/>0ru573 0ru583 0rw240 0uk716 0wk371 0wk379 0wk380 0wk381 0wk381v 0wp193 0x284g 0xr682 0xr693<br \/>0xr694 0xr697 1,922.6&nbsp;ft cr693 gw241 gw952 hp277 hp287 n586m p505m pd685 ru583 ru591 uk716 wk371 wk379<br \/>WK380 WK381 WP193 X409G XR682 XR694 XR697 Y823G I15-157B LBD1525 LK-DL1525LH<br \/>312-0626 312-0633 312-0634 312-0763 312-0940 451-10478 451-10528 451-10533 451-10534<\/p>\n<p><strong>Modelos compatibles de notebook:<\/strong><br \/>Dell Inspiron 1525 1526 1545 1546<br \/>Dell Inspiron PP29L PP41L<br \/>Dell Inspiron 14 1440 1440N<br \/>Dell Inspiron 17 1750<br \/>Dell Vostro 500<\/p>\n<p>&nbsp;<\/p>\n","protected":false},"excerpt":{"rendered":"<ul>\n<li>Modelo: X284G.<\/li>\n<li>Voltaje: 11,1 V.<\/li>\n<li>Capacidad: 56 Wh\/5200 mAh.<\/li>\n<li>Tipo de bater&iacute;a: 6 celdas A+ \/ iones de litio.<\/li>\n<li>Estado de la bater&iacute;a: 100% nuevo<\/li>\n<\/ul>\n","protected":false},"featured_media":21607,"comment_status":"open","ping_status":"closed","template":"","meta":{"spay_email":""},"product_cat":[791],"product_tag":[],"supplier_id":null,"supplier_sku":"","barcode":null,"atum_controlled":true,"out_stock_date":null,"out_stock_threshold":null,"inheritable":false,"inbound_stock":null,"stock_on_hold":0,"sold_today":0,"sales_last_days":0,"reserved_stock":null,"customer_returns":null,"warehouse_damage":null,"lost_in_post":null,"other_logs":null,"out_stock_days":0,"lost_sales":0,"has_location":null,"update_date":"2026-04-30T00:11:46","atum_locations":[],"atum_stock_status":"instock","restock_status":false,"low_stock_amount":"","sales_update_date":"2026-04-30T00:11:46","calc_backorders":null,"acf":[],"yoast_head":"<!-- This site is optimized with the Yoast SEO Premium plugin v17.4 (Yoast SEO v17.4) - https:\/\/yoast.com\/wordpress\/plugins\/seo\/ -->\n<title>BATERIA COMP DELL 1525 \/1526\/ 1545 \/1546\/Y82G - tienda de electr\u00f3nica y computaci\u00f3n<\/title>\n<meta name=\"robots\" content=\"index, follow, max-snippet:-1, max-image-preview:large, max-video-preview:-1\" \/>\n<link rel=\"canonical\" href=\"https:\/\/comerciallin.com\/index.php\/producto\/bateria-comp-dell-1525-1526-1545-1546-y82g-2\/\" \/>\n<meta property=\"og:locale\" content=\"es_ES\" \/>\n<meta property=\"og:type\" content=\"article\" \/>\n<meta property=\"og:title\" content=\"BATERIA COMP DELL 1525 \/1526\/ 1545 \/1546\/Y82G\" \/>\n<meta property=\"og:description\" content=\"Modelo: X284G. Voltaje: 11,1 V. Capacidad: 56 Wh\/5200 mAh. Tipo de bater&iacute;a: 6 celdas A+ \/ iones de litio. Estado de la bater&iacute;a: 100% nuevo\" \/>\n<meta property=\"og:url\" content=\"https:\/\/comerciallin.com\/index.php\/producto\/bateria-comp-dell-1525-1526-1545-1546-y82g-2\/\" \/>\n<meta property=\"og:site_name\" content=\"tienda de electr\u00f3nica y computaci\u00f3n\" \/>\n<meta property=\"article:modified_time\" content=\"2025-01-14T18:54:13+00:00\" \/>\n<meta name=\"twitter:card\" content=\"summary_large_image\" \/>\n<meta name=\"twitter:image\" content=\"https:\/\/i0.wp.com\/comerciallin.com\/wp-content\/uploads\/2023\/02\/537030181201.jpg?fit=%2C&amp;ssl=1\" \/>\n<meta name=\"twitter:label1\" content=\"Precio\" \/>\n\t<meta name=\"twitter:data1\" content=\"&#36;46,00\" \/>\n\t<meta name=\"twitter:label2\" content=\"Availability\" \/>\n\t<meta name=\"twitter:data2\" content=\"In stock\" \/>\n<script type=\"application\/ld+json\" class=\"yoast-schema-graph\">{\"@context\":\"https:\/\/schema.org\",\"@graph\":[{\"@type\":\"WebSite\",\"@id\":\"https:\/\/comerciallin.com\/#website\",\"url\":\"https:\/\/comerciallin.com\/\",\"name\":\"tienda de electr\\u00f3nica y computaci\\u00f3n\",\"description\":\"Importadora de Electr\\u00f3nica y Computaci\\u00f3n\",\"potentialAction\":[{\"@type\":\"SearchAction\",\"target\":{\"@type\":\"EntryPoint\",\"urlTemplate\":\"https:\/\/comerciallin.com\/?s={search_term_string}\"},\"query-input\":\"required name=search_term_string\"}],\"inLanguage\":\"es\"},{\"@type\":\"ImageObject\",\"@id\":\"https:\/\/comerciallin.com\/index.php\/producto\/bateria-comp-dell-1525-1526-1545-1546-y82g-2\/#primaryimage\",\"inLanguage\":\"es\",\"url\":\"https:\/\/i0.wp.com\/comerciallin.com\/wp-content\/uploads\/2023\/02\/537030181201.jpg?fit=%2C&ssl=1\",\"contentUrl\":\"https:\/\/i0.wp.com\/comerciallin.com\/wp-content\/uploads\/2023\/02\/537030181201.jpg?fit=%2C&ssl=1\",\"caption\":\"BATERIA COMP DELL 1525 \/1526\/ 1545 \/1546\/Y82G\"},{\"@type\":\"WebPage\",\"@id\":\"https:\/\/comerciallin.com\/index.php\/producto\/bateria-comp-dell-1525-1526-1545-1546-y82g-2\/#webpage\",\"url\":\"https:\/\/comerciallin.com\/index.php\/producto\/bateria-comp-dell-1525-1526-1545-1546-y82g-2\/\",\"name\":\"BATERIA COMP DELL 1525 \/1526\/ 1545 \/1546\/Y82G - tienda de electr\\u00f3nica y computaci\\u00f3n\",\"isPartOf\":{\"@id\":\"https:\/\/comerciallin.com\/#website\"},\"primaryImageOfPage\":{\"@id\":\"https:\/\/comerciallin.com\/index.php\/producto\/bateria-comp-dell-1525-1526-1545-1546-y82g-2\/#primaryimage\"},\"datePublished\":\"2022-11-08T20:27:00+00:00\",\"dateModified\":\"2025-01-14T18:54:13+00:00\",\"breadcrumb\":{\"@id\":\"https:\/\/comerciallin.com\/index.php\/producto\/bateria-comp-dell-1525-1526-1545-1546-y82g-2\/#breadcrumb\"},\"inLanguage\":\"es\",\"potentialAction\":[{\"@type\":\"ReadAction\",\"target\":[\"https:\/\/comerciallin.com\/index.php\/producto\/bateria-comp-dell-1525-1526-1545-1546-y82g-2\/\"]}]},{\"@type\":\"BreadcrumbList\",\"@id\":\"https:\/\/comerciallin.com\/index.php\/producto\/bateria-comp-dell-1525-1526-1545-1546-y82g-2\/#breadcrumb\",\"itemListElement\":[{\"@type\":\"ListItem\",\"position\":1,\"name\":\"Inicio\",\"item\":\"https:\/\/comerciallin.com\/\"},{\"@type\":\"ListItem\",\"position\":2,\"name\":\"Shop\",\"item\":\"https:\/\/comerciallin.com\/?page_id=3853\"},{\"@type\":\"ListItem\",\"position\":3,\"name\":\"BATERIA COMP DELL 1525 \/1526\/ 1545 \/1546\/Y82G\"}]}]}<\/script>\n<meta property=\"product:price:amount\" content=\"46.00\" \/>\n<meta property=\"product:price:currency\" content=\"USD\" \/>\n<meta property=\"og:availability\" content=\"instock\" \/>\n<meta property=\"product:availability\" content=\"instock\" \/>\n<meta property=\"product:retailer_item_id\" content=\"537030181201\" \/>\n<meta property=\"product:condition\" content=\"new\" \/>\n<!-- \/ Yoast SEO Premium plugin. -->","yoast_head_json":{"title":"BATERIA COMP DELL 1525 \/1526\/ 1545 \/1546\/Y82G - tienda de electr\u00f3nica y computaci\u00f3n","robots":{"index":"index","follow":"follow","max-snippet":"max-snippet:-1","max-image-preview":"max-image-preview:large","max-video-preview":"max-video-preview:-1"},"canonical":"https:\/\/comerciallin.com\/index.php\/producto\/bateria-comp-dell-1525-1526-1545-1546-y82g-2\/","og_locale":"es_ES","og_type":"article","og_title":"BATERIA COMP DELL 1525 \/1526\/ 1545 \/1546\/Y82G","og_description":"Modelo: X284G. Voltaje: 11,1 V. Capacidad: 56 Wh\/5200 mAh. Tipo de bater&iacute;a: 6 celdas A+ \/ iones de litio. Estado de la bater&iacute;a: 100% nuevo","og_url":"https:\/\/comerciallin.com\/index.php\/producto\/bateria-comp-dell-1525-1526-1545-1546-y82g-2\/","og_site_name":"tienda de electr\u00f3nica y computaci\u00f3n","article_modified_time":"2025-01-14T18:54:13+00:00","twitter_card":"summary_large_image","twitter_image":"https:\/\/i0.wp.com\/comerciallin.com\/wp-content\/uploads\/2023\/02\/537030181201.jpg?fit=%2C&ssl=1","twitter_misc":{"Precio":"&#36;46,00","Availability":"In stock"},"schema":{"@context":"https:\/\/schema.org","@graph":[{"@type":"WebSite","@id":"https:\/\/comerciallin.com\/#website","url":"https:\/\/comerciallin.com\/","name":"tienda de electr\u00f3nica y computaci\u00f3n","description":"Importadora de Electr\u00f3nica y Computaci\u00f3n","potentialAction":[{"@type":"SearchAction","target":{"@type":"EntryPoint","urlTemplate":"https:\/\/comerciallin.com\/?s={search_term_string}"},"query-input":"required name=search_term_string"}],"inLanguage":"es"},{"@type":"ImageObject","@id":"https:\/\/comerciallin.com\/index.php\/producto\/bateria-comp-dell-1525-1526-1545-1546-y82g-2\/#primaryimage","inLanguage":"es","url":"https:\/\/i0.wp.com\/comerciallin.com\/wp-content\/uploads\/2023\/02\/537030181201.jpg?fit=%2C&ssl=1","contentUrl":"https:\/\/i0.wp.com\/comerciallin.com\/wp-content\/uploads\/2023\/02\/537030181201.jpg?fit=%2C&ssl=1","caption":"BATERIA COMP DELL 1525 \/1526\/ 1545 \/1546\/Y82G"},{"@type":"WebPage","@id":"https:\/\/comerciallin.com\/index.php\/producto\/bateria-comp-dell-1525-1526-1545-1546-y82g-2\/#webpage","url":"https:\/\/comerciallin.com\/index.php\/producto\/bateria-comp-dell-1525-1526-1545-1546-y82g-2\/","name":"BATERIA COMP DELL 1525 \/1526\/ 1545 \/1546\/Y82G - tienda de electr\u00f3nica y computaci\u00f3n","isPartOf":{"@id":"https:\/\/comerciallin.com\/#website"},"primaryImageOfPage":{"@id":"https:\/\/comerciallin.com\/index.php\/producto\/bateria-comp-dell-1525-1526-1545-1546-y82g-2\/#primaryimage"},"datePublished":"2022-11-08T20:27:00+00:00","dateModified":"2025-01-14T18:54:13+00:00","breadcrumb":{"@id":"https:\/\/comerciallin.com\/index.php\/producto\/bateria-comp-dell-1525-1526-1545-1546-y82g-2\/#breadcrumb"},"inLanguage":"es","potentialAction":[{"@type":"ReadAction","target":["https:\/\/comerciallin.com\/index.php\/producto\/bateria-comp-dell-1525-1526-1545-1546-y82g-2\/"]}]},{"@type":"BreadcrumbList","@id":"https:\/\/comerciallin.com\/index.php\/producto\/bateria-comp-dell-1525-1526-1545-1546-y82g-2\/#breadcrumb","itemListElement":[{"@type":"ListItem","position":1,"name":"Inicio","item":"https:\/\/comerciallin.com\/"},{"@type":"ListItem","position":2,"name":"Shop","item":"https:\/\/comerciallin.com\/?page_id=3853"},{"@type":"ListItem","position":3,"name":"BATERIA COMP DELL 1525 \/1526\/ 1545 \/1546\/Y82G"}]}]},"product_price_amount":"46.00","product_price_currency":"USD","og_availability":"instock","product_availability":"instock","product_retailer_item_id":"537030181201","product_condition":"new"},"jetpack-related-posts":[{"id":19221,"url":"https:\/\/comerciallin.com\/index.php\/producto\/bateria-comp-dell-1525-1526-1545-1546-y82g\/","url_meta":{"origin":19730,"position":0},"title":"BATERIA COMP DELL 1525 \/1526\/ 1545 \/1546\/Y82G","date":"7 de noviembre de 2022","format":false,"excerpt":"Modelo: X284G. Voltaje: 11,1 V. Capacidad: 56 Wh\/5200 mAh. Tipo de bater\u00eda: 6 celdas A+ \/ iones de litio. Estado de la bater\u00eda: 100% nuevo","rel":"","context":"Entrada similar","img":{"alt_text":"","src":"","width":0,"height":0},"classes":[]},{"id":19201,"url":"https:\/\/comerciallin.com\/index.php\/producto\/bateria-comp-dell-1410-f286h-f287f-f287h-g06l\/","url_meta":{"origin":19730,"position":1},"title":"BATERIA COMP DELL 1410\/F286H\/F287F\/F287H\/G06L","date":"7 de noviembre de 2022","format":false,"excerpt":"Tipo de bater\u00eda: Li-ion c\u00e9lulas: 6\u00a0celdas Capacidad: 4400\u00a0mAh Voltaje: 11.1\u00a0V. Dell Compatible With G066H, 45110673, 3120818, F287F, F287H, F286H, R988H, 312-0818, 451-10673 For Use In Dell Vostro 1014,1015,A860,A860n,A840; Dell Inspiron 1410","rel":"","context":"Entrada similar","img":{"alt_text":"","src":"","width":0,"height":0},"classes":[]},{"id":19727,"url":"https:\/\/comerciallin.com\/index.php\/producto\/bateria-comp-dell-xcmrd-3521-38wh\/","url_meta":{"origin":19730,"position":2},"title":"BATERIA COMP DELL XCMRD\/3521 38WH","date":"8 de noviembre de 2022","format":false,"excerpt":"Bater\u00eda para Dell Inspiron 14 3421 \/ 14r 5421 3437 N3421 N5421 \/ 15 3521 \/ 15r 3537 5521 5537 N3521 N5521 N5537 \/ 17 3721 \/ 17r 5737 N3721 N3737 N5721 N5737 5721 MR90Y","rel":"","context":"Entrada similar","img":{"alt_text":"","src":"","width":0,"height":0},"classes":[]},{"id":22523,"url":"https:\/\/comerciallin.com\/index.php\/producto\/bateria-comp-dell-n4020\/","url_meta":{"origin":19730,"position":3},"title":"BATERIA COMP DELL N4020","date":"19 de abril de 2023","format":false,"excerpt":"J1KND - Bater\u00eda para port\u00e1til Dell Inspiron N7110, N5010, N5110, 3420, 3520, N4050, 9T48V, N5030, N5050, N5040, 4T7JN, N4010, M5040, 13r, 14r y 15r 4110 N3010 M5110 M4110 M501 M503 17R 1540 5200 mAh","rel":"","context":"Entrada similar","img":{"alt_text":"","src":"","width":0,"height":0},"classes":[]},{"id":19052,"url":"https:\/\/comerciallin.com\/index.php\/producto\/bateria-comp-dell-1300-312-0416-hd438-kd186-5\/","url_meta":{"origin":19730,"position":4},"title":"BATERIA COMP DELL 1300\/312-0416\/HD438\/KD186\/5","date":"7 de noviembre de 2022","format":false,"excerpt":"Tipo de bater\u00eda: Ion de litio Voltaje: 14,80V Capacidad: 2200\u00a0mAh Color: Negro tasa: 33,00\u00a0Wh","rel":"","context":"Entrada similar","img":{"alt_text":"","src":"","width":0,"height":0},"classes":[]},{"id":19092,"url":"https:\/\/comerciallin.com\/index.php\/producto\/bateria-comp-dell-13z-n311z-14z-n411z-n2dn5-1\/","url_meta":{"origin":19730,"position":5},"title":"BATERIA COMP DELL 13Z-N311Z\/14Z N411Z\/N2DN5\/1","date":"7 de noviembre de 2022","format":false,"excerpt":"Tipo de bater\u00eda: Li-ion c\u00e9lulas: 6\u00a0celdas Capacidad: 4400\u00a0mAh Voltaje: 11.1\u00a0V.","rel":"","context":"Entrada similar","img":{"alt_text":"","src":"","width":0,"height":0},"classes":[]}],"jetpack_sharing_enabled":true,"jetpack_likes_enabled":true,"_links":{"self":[{"href":"https:\/\/comerciallin.com\/index.php\/wp-json\/wp\/v2\/product\/19730"}],"collection":[{"href":"https:\/\/comerciallin.com\/index.php\/wp-json\/wp\/v2\/product"}],"about":[{"href":"https:\/\/comerciallin.com\/index.php\/wp-json\/wp\/v2\/types\/product"}],"replies":[{"embeddable":true,"href":"https:\/\/comerciallin.com\/index.php\/wp-json\/wp\/v2\/comments?post=19730"}],"wp:featuredmedia":[{"embeddable":true,"href":"https:\/\/comerciallin.com\/index.php\/wp-json\/wp\/v2\/media\/21607"}],"wp:attachment":[{"href":"https:\/\/comerciallin.com\/index.php\/wp-json\/wp\/v2\/media?parent=19730"}],"wp:term":[{"taxonomy":"product_cat","embeddable":true,"href":"https:\/\/comerciallin.com\/index.php\/wp-json\/wp\/v2\/product_cat?post=19730"},{"taxonomy":"product_tag","embeddable":true,"href":"https:\/\/comerciallin.com\/index.php\/wp-json\/wp\/v2\/product_tag?post=19730"}],"curies":[{"name":"wp","href":"https:\/\/api.w.org\/{rel}","templated":true}]}}