{"id":19729,"date":"2022-11-08T15:26:59","date_gmt":"2022-11-08T20:26:59","guid":{"rendered":"https:\/\/comerciallin.com\/index.php\/producto\/bateria-comp-hp-cq42-dm4-cq32\/"},"modified":"2025-01-14T13:54:31","modified_gmt":"2025-01-14T18:54:31","slug":"bateria-comp-hp-cq42-dm4-cq32","status":"publish","type":"product","link":"https:\/\/comerciallin.com\/index.php\/producto\/bateria-comp-hp-cq42-dm4-cq32\/","title":{"rendered":"BATERIA COMP HP CQ42\/DM4\/CQ32\/"},"content":{"rendered":"<p>N&uacute;mero de pieza compatible.<\/p>\n<p>586006 &ndash; 321 pulgadas, 586006 &ndash; 361 pulgadas, 586007 &ndash; 541 pulgadas, 586028 &ndash; 341 pulgadas, 588178 &ndash; 141 pulgadas, 593550 &ndash; 001 pulgadas, 593553 &ndash; 001 pulgadas, 593554 &ndash; 001, 593562 &ndash; 001 pulgadas, 636631 &ndash; 001 pulgadas, 640320 &ndash; 001<br \/>HSTNN-178C HSTNN-179C HSTNN-181C HSTNN-CB0W HSTNN-CBOX HSTNN-F01C HSTNN-F02C HSTNN-I83C HSTNN-I84C HSTNN-IB0N HSTNN-IB0X<br \/>HSTNNN-IB1E, HSTNN-OB0X HSTNN-OB0Y HSTNN-Q47C HSTNN-Q48C HSTNN-Q49C HSTNN-Q50C HSTNN-Q51C HSTNN-Q60C HSTNN-Q61C HSTNN-Q62C<br \/>HSTNN-Q63C, HSTNN-Q64C, HSTNN-UB0W, HSTNN-UB1G, HSTNN-YB0X.<\/p>\n<p>MU06, MU09, MU09XL, GSTNN-Q62C, NBP6A174, NBP6A174B1, NBP6A175, NBP6A175B1, WD548AA, WD548AA#ABB, WD549AA, WD549AA#ABA.<\/p>\n","protected":false},"excerpt":{"rendered":"<table>\n<tbody>\n<tr>\n<td>Pilas<\/td>\n<td>1 Iones de litio necesaria(s), incluida(s)<\/td>\n<\/tr>\n<tr>\n<td>Marca<\/td>\n<td>OMCreate<\/td>\n<\/tr>\n<tr>\n<td>Voltaje<\/td>\n<td>11.1 Voltios<\/td>\n<\/tr>\n<tr>\n<td>Peso de la Bater&iacute;a<\/td>\n<td>300 Gramos<\/td>\n<\/tr>\n<tr>\n<td>Tipo de celda de bater&iacute;a<\/td>\n<td>Litio Ion<\/td>\n<\/tr>\n<\/tbody>\n<\/table>\n","protected":false},"featured_media":21642,"comment_status":"open","ping_status":"closed","template":"","meta":{"spay_email":""},"product_cat":[794],"product_tag":[],"supplier_id":null,"supplier_sku":"","barcode":null,"atum_controlled":true,"out_stock_date":null,"out_stock_threshold":null,"inheritable":false,"inbound_stock":null,"stock_on_hold":0,"sold_today":0,"sales_last_days":0,"reserved_stock":null,"customer_returns":null,"warehouse_damage":null,"lost_in_post":null,"other_logs":null,"out_stock_days":0,"lost_sales":0,"has_location":null,"update_date":"2026-05-02T00:12:23","atum_locations":[],"atum_stock_status":"instock","restock_status":false,"low_stock_amount":"","sales_update_date":"2026-05-02T00:12:23","calc_backorders":null,"acf":[],"yoast_head":"<!-- This site is optimized with the Yoast SEO Premium plugin v17.4 (Yoast SEO v17.4) - https:\/\/yoast.com\/wordpress\/plugins\/seo\/ -->\n<title>BATERIA COMP HP CQ42\/DM4\/CQ32\/ - tienda de electr\u00f3nica y computaci\u00f3n<\/title>\n<meta name=\"robots\" content=\"index, follow, max-snippet:-1, max-image-preview:large, max-video-preview:-1\" \/>\n<link rel=\"canonical\" href=\"https:\/\/comerciallin.com\/index.php\/producto\/bateria-comp-hp-cq42-dm4-cq32\/\" \/>\n<meta property=\"og:locale\" content=\"es_ES\" \/>\n<meta property=\"og:type\" content=\"article\" \/>\n<meta property=\"og:title\" content=\"BATERIA COMP HP CQ42\/DM4\/CQ32\/\" \/>\n<meta property=\"og:description\" content=\"Pilas 1 Iones de litio necesaria(s), incluida(s)   Marca OMCreate   Voltaje 11.1 Voltios   Peso de la Bater&iacute;a 300 Gramos   Tipo de celda de bater&iacute;a Litio Ion\" \/>\n<meta property=\"og:url\" content=\"https:\/\/comerciallin.com\/index.php\/producto\/bateria-comp-hp-cq42-dm4-cq32\/\" \/>\n<meta property=\"og:site_name\" content=\"tienda de electr\u00f3nica y computaci\u00f3n\" \/>\n<meta property=\"article:modified_time\" content=\"2025-01-14T18:54:31+00:00\" \/>\n<meta name=\"twitter:card\" content=\"summary_large_image\" \/>\n<meta name=\"twitter:image\" content=\"https:\/\/i0.wp.com\/comerciallin.com\/wp-content\/uploads\/2023\/02\/537030180301.jpg?fit=%2C&amp;ssl=1\" \/>\n<meta name=\"twitter:label1\" content=\"Precio\" \/>\n\t<meta name=\"twitter:data1\" content=\"&#36;40,25\" \/>\n\t<meta name=\"twitter:label2\" content=\"Availability\" \/>\n\t<meta name=\"twitter:data2\" content=\"In stock\" \/>\n<script type=\"application\/ld+json\" class=\"yoast-schema-graph\">{\"@context\":\"https:\/\/schema.org\",\"@graph\":[{\"@type\":\"WebSite\",\"@id\":\"https:\/\/comerciallin.com\/#website\",\"url\":\"https:\/\/comerciallin.com\/\",\"name\":\"tienda de electr\\u00f3nica y computaci\\u00f3n\",\"description\":\"Importadora de Electr\\u00f3nica y Computaci\\u00f3n\",\"potentialAction\":[{\"@type\":\"SearchAction\",\"target\":{\"@type\":\"EntryPoint\",\"urlTemplate\":\"https:\/\/comerciallin.com\/?s={search_term_string}\"},\"query-input\":\"required name=search_term_string\"}],\"inLanguage\":\"es\"},{\"@type\":\"ImageObject\",\"@id\":\"https:\/\/comerciallin.com\/index.php\/producto\/bateria-comp-hp-cq42-dm4-cq32\/#primaryimage\",\"inLanguage\":\"es\",\"url\":\"https:\/\/i0.wp.com\/comerciallin.com\/wp-content\/uploads\/2023\/02\/537030180301.jpg?fit=%2C&ssl=1\",\"contentUrl\":\"https:\/\/i0.wp.com\/comerciallin.com\/wp-content\/uploads\/2023\/02\/537030180301.jpg?fit=%2C&ssl=1\",\"caption\":\"BATERIA COMP HP CQ42\/DM4\/CQ32\/\"},{\"@type\":\"WebPage\",\"@id\":\"https:\/\/comerciallin.com\/index.php\/producto\/bateria-comp-hp-cq42-dm4-cq32\/#webpage\",\"url\":\"https:\/\/comerciallin.com\/index.php\/producto\/bateria-comp-hp-cq42-dm4-cq32\/\",\"name\":\"BATERIA COMP HP CQ42\/DM4\/CQ32\/ - tienda de electr\\u00f3nica y computaci\\u00f3n\",\"isPartOf\":{\"@id\":\"https:\/\/comerciallin.com\/#website\"},\"primaryImageOfPage\":{\"@id\":\"https:\/\/comerciallin.com\/index.php\/producto\/bateria-comp-hp-cq42-dm4-cq32\/#primaryimage\"},\"datePublished\":\"2022-11-08T20:26:59+00:00\",\"dateModified\":\"2025-01-14T18:54:31+00:00\",\"breadcrumb\":{\"@id\":\"https:\/\/comerciallin.com\/index.php\/producto\/bateria-comp-hp-cq42-dm4-cq32\/#breadcrumb\"},\"inLanguage\":\"es\",\"potentialAction\":[{\"@type\":\"ReadAction\",\"target\":[\"https:\/\/comerciallin.com\/index.php\/producto\/bateria-comp-hp-cq42-dm4-cq32\/\"]}]},{\"@type\":\"BreadcrumbList\",\"@id\":\"https:\/\/comerciallin.com\/index.php\/producto\/bateria-comp-hp-cq42-dm4-cq32\/#breadcrumb\",\"itemListElement\":[{\"@type\":\"ListItem\",\"position\":1,\"name\":\"Inicio\",\"item\":\"https:\/\/comerciallin.com\/\"},{\"@type\":\"ListItem\",\"position\":2,\"name\":\"Shop\",\"item\":\"https:\/\/comerciallin.com\/?page_id=3853\"},{\"@type\":\"ListItem\",\"position\":3,\"name\":\"BATERIA COMP HP CQ42\/DM4\/CQ32\/\"}]}]}<\/script>\n<meta property=\"product:price:amount\" content=\"40.25\" \/>\n<meta property=\"product:price:currency\" content=\"USD\" \/>\n<meta property=\"og:availability\" content=\"instock\" \/>\n<meta property=\"product:availability\" content=\"instock\" \/>\n<meta property=\"product:retailer_item_id\" content=\"537030180301\" \/>\n<meta property=\"product:condition\" content=\"new\" \/>\n<!-- \/ Yoast SEO Premium plugin. -->","yoast_head_json":{"title":"BATERIA COMP HP CQ42\/DM4\/CQ32\/ - tienda de electr\u00f3nica y computaci\u00f3n","robots":{"index":"index","follow":"follow","max-snippet":"max-snippet:-1","max-image-preview":"max-image-preview:large","max-video-preview":"max-video-preview:-1"},"canonical":"https:\/\/comerciallin.com\/index.php\/producto\/bateria-comp-hp-cq42-dm4-cq32\/","og_locale":"es_ES","og_type":"article","og_title":"BATERIA COMP HP CQ42\/DM4\/CQ32\/","og_description":"Pilas 1 Iones de litio necesaria(s), incluida(s)   Marca OMCreate   Voltaje 11.1 Voltios   Peso de la Bater&iacute;a 300 Gramos   Tipo de celda de bater&iacute;a Litio Ion","og_url":"https:\/\/comerciallin.com\/index.php\/producto\/bateria-comp-hp-cq42-dm4-cq32\/","og_site_name":"tienda de electr\u00f3nica y computaci\u00f3n","article_modified_time":"2025-01-14T18:54:31+00:00","twitter_card":"summary_large_image","twitter_image":"https:\/\/i0.wp.com\/comerciallin.com\/wp-content\/uploads\/2023\/02\/537030180301.jpg?fit=%2C&ssl=1","twitter_misc":{"Precio":"&#36;40,25","Availability":"In stock"},"schema":{"@context":"https:\/\/schema.org","@graph":[{"@type":"WebSite","@id":"https:\/\/comerciallin.com\/#website","url":"https:\/\/comerciallin.com\/","name":"tienda de electr\u00f3nica y computaci\u00f3n","description":"Importadora de Electr\u00f3nica y Computaci\u00f3n","potentialAction":[{"@type":"SearchAction","target":{"@type":"EntryPoint","urlTemplate":"https:\/\/comerciallin.com\/?s={search_term_string}"},"query-input":"required name=search_term_string"}],"inLanguage":"es"},{"@type":"ImageObject","@id":"https:\/\/comerciallin.com\/index.php\/producto\/bateria-comp-hp-cq42-dm4-cq32\/#primaryimage","inLanguage":"es","url":"https:\/\/i0.wp.com\/comerciallin.com\/wp-content\/uploads\/2023\/02\/537030180301.jpg?fit=%2C&ssl=1","contentUrl":"https:\/\/i0.wp.com\/comerciallin.com\/wp-content\/uploads\/2023\/02\/537030180301.jpg?fit=%2C&ssl=1","caption":"BATERIA COMP HP CQ42\/DM4\/CQ32\/"},{"@type":"WebPage","@id":"https:\/\/comerciallin.com\/index.php\/producto\/bateria-comp-hp-cq42-dm4-cq32\/#webpage","url":"https:\/\/comerciallin.com\/index.php\/producto\/bateria-comp-hp-cq42-dm4-cq32\/","name":"BATERIA COMP HP CQ42\/DM4\/CQ32\/ - tienda de electr\u00f3nica y computaci\u00f3n","isPartOf":{"@id":"https:\/\/comerciallin.com\/#website"},"primaryImageOfPage":{"@id":"https:\/\/comerciallin.com\/index.php\/producto\/bateria-comp-hp-cq42-dm4-cq32\/#primaryimage"},"datePublished":"2022-11-08T20:26:59+00:00","dateModified":"2025-01-14T18:54:31+00:00","breadcrumb":{"@id":"https:\/\/comerciallin.com\/index.php\/producto\/bateria-comp-hp-cq42-dm4-cq32\/#breadcrumb"},"inLanguage":"es","potentialAction":[{"@type":"ReadAction","target":["https:\/\/comerciallin.com\/index.php\/producto\/bateria-comp-hp-cq42-dm4-cq32\/"]}]},{"@type":"BreadcrumbList","@id":"https:\/\/comerciallin.com\/index.php\/producto\/bateria-comp-hp-cq42-dm4-cq32\/#breadcrumb","itemListElement":[{"@type":"ListItem","position":1,"name":"Inicio","item":"https:\/\/comerciallin.com\/"},{"@type":"ListItem","position":2,"name":"Shop","item":"https:\/\/comerciallin.com\/?page_id=3853"},{"@type":"ListItem","position":3,"name":"BATERIA COMP HP CQ42\/DM4\/CQ32\/"}]}]},"product_price_amount":"40.25","product_price_currency":"USD","og_availability":"instock","product_availability":"instock","product_retailer_item_id":"537030180301","product_condition":"new"},"jetpack-related-posts":[{"id":19122,"url":"https:\/\/comerciallin.com\/index.php\/producto\/bateria-comp-hp-8560w-8760w-hstnn-f10c-hstnn\/","url_meta":{"origin":19729,"position":0},"title":"BATERIA COMP HP 8560W\/8760W\/HSTNN-F10C\/HSTNN-","date":"7 de noviembre de 2022","format":false,"excerpt":"Tipo de bater\u00eda: iones de litio | color: negro Voltaje: 14,80\u00a0V | velocidad: 65.00\u00a0Wh Capacidad: 4400\u00a0mAh | No. de celdas: 8 N\u00famero de parte compatibles: 632113\u00a0\u2013\u00a0151, 632425\u00a0\u2013\u00a0001, 632427\u00a0\u2013\u00a0001, hstnn-f10\u00a0C, hstnn-i93\u00a0C, hstnn-ib2p, hstnn-lb2p, qk641aa, vh08, vh08\u00a0x L","rel":"","context":"Entrada similar","img":{"alt_text":"","src":"","width":0,"height":0},"classes":[]},{"id":19140,"url":"https:\/\/comerciallin.com\/index.php\/producto\/bateria-comp-hp-6720s-6530s-6531s-6535s-6730s\/","url_meta":{"origin":19729,"position":1},"title":"BATERIA COMP HP 6720S\/6530S\/6531S\/6535S\/6730S","date":"7 de noviembre de 2022","format":false,"excerpt":"Battery type: Li-ion \u00a0Voltage: 11.1 \u00a0Capacity: 4400 mAH","rel":"","context":"Entrada similar","img":{"alt_text":"","src":"","width":0,"height":0},"classes":[]},{"id":19229,"url":"https:\/\/comerciallin.com\/index.php\/producto\/bateria-comp-hp-dv9000-hstnn-ib33-hstnn-ib34a\/","url_meta":{"origin":19729,"position":2},"title":"BATERIA COMP HP DV9000\/HSTNN-IB33\/HSTNN-IB34A","date":"7 de noviembre de 2022","format":false,"excerpt":"Voltaje 14.4 Voltios Compatible Devices Laptop Tipo de celda de bater\u00eda Litio Ion Capacidad 5200 Miliamperios Hora (mAh)","rel":"","context":"Entrada similar","img":{"alt_text":"BATERIA COMP HP DV9000\/HSTNN-IB33\/HSTNN-IB34A","src":"https:\/\/i0.wp.com\/comerciallin.com\/wp-content\/uploads\/2023\/02\/212030170712.jpg?fit=992%2C744&ssl=1&resize=350%2C200","width":350,"height":200},"classes":[]},{"id":19233,"url":"https:\/\/comerciallin.com\/index.php\/producto\/bateria-comp-hp-dm1-1000-hstnn-cq44c-hstnn-in-3\/","url_meta":{"origin":19729,"position":3},"title":"BATERIA COMP HP DM1-1000\/HSTNN-CQ44C\/HSTNN-IN","date":"7 de noviembre de 2022","format":false,"excerpt":"Voltaje 10.8 Voltios Compatible Devices Laptop Tipo de celda de bater\u00eda Litio Ion Capacidad 4400 Miliamperios\u00a0","rel":"","context":"Entrada similar","img":{"alt_text":"BATERIA COMP HP DM1-1000\/HSTNN-CQ44C\/HSTNN-IN","src":"https:\/\/i0.wp.com\/comerciallin.com\/wp-content\/uploads\/2023\/02\/537030180511.jpg?fit=992%2C744&ssl=1&resize=350%2C200","width":350,"height":200},"classes":[]},{"id":19247,"url":"https:\/\/comerciallin.com\/index.php\/producto\/bateria-comp-hp-dm1-1000-hstnn-cq44c-hstnn-in-5\/","url_meta":{"origin":19729,"position":4},"title":"BATERIA COMP HP DM1-1000\/HSTNN-CQ44C\/HSTNN-IN","date":"7 de noviembre de 2022","format":false,"excerpt":"Voltaje 10.8 Voltios Compatible Devices Laptop Tipo de celda de bater\u00eda Litio Ion Capacidad 4400 Miliamperios\u00a0","rel":"","context":"Entrada similar","img":{"alt_text":"BATERIA COMP HP DM1-1000\/HSTNN-CQ44C\/HSTNN-IN","src":"https:\/\/i0.wp.com\/comerciallin.com\/wp-content\/uploads\/2023\/02\/212450332.jpg?fit=992%2C744&ssl=1&resize=350%2C200","width":350,"height":200},"classes":[]},{"id":19157,"url":"https:\/\/comerciallin.com\/index.php\/producto\/bateria-comp-hp-dm1-1000-hstnn-cq44c-hstnn-in\/","url_meta":{"origin":19729,"position":5},"title":"BATERIA COMP HP DM1-1000\/HSTNN-CQ44C\/HSTNN-IN","date":"7 de noviembre de 2022","format":false,"excerpt":"Voltaje 10.8 Voltios Compatible Devices Laptop Tipo de celda de bater\u00eda Litio Ion Capacidad 4400 Miliamperios\u00a0","rel":"","context":"Entrada similar","img":{"alt_text":"","src":"","width":0,"height":0},"classes":[]}],"jetpack_sharing_enabled":true,"jetpack_likes_enabled":true,"_links":{"self":[{"href":"https:\/\/comerciallin.com\/index.php\/wp-json\/wp\/v2\/product\/19729"}],"collection":[{"href":"https:\/\/comerciallin.com\/index.php\/wp-json\/wp\/v2\/product"}],"about":[{"href":"https:\/\/comerciallin.com\/index.php\/wp-json\/wp\/v2\/types\/product"}],"replies":[{"embeddable":true,"href":"https:\/\/comerciallin.com\/index.php\/wp-json\/wp\/v2\/comments?post=19729"}],"wp:featuredmedia":[{"embeddable":true,"href":"https:\/\/comerciallin.com\/index.php\/wp-json\/wp\/v2\/media\/21642"}],"wp:attachment":[{"href":"https:\/\/comerciallin.com\/index.php\/wp-json\/wp\/v2\/media?parent=19729"}],"wp:term":[{"taxonomy":"product_cat","embeddable":true,"href":"https:\/\/comerciallin.com\/index.php\/wp-json\/wp\/v2\/product_cat?post=19729"},{"taxonomy":"product_tag","embeddable":true,"href":"https:\/\/comerciallin.com\/index.php\/wp-json\/wp\/v2\/product_tag?post=19729"}],"curies":[{"name":"wp","href":"https:\/\/api.w.org\/{rel}","templated":true}]}}