{"id":19722,"date":"2022-11-08T15:26:38","date_gmt":"2022-11-08T20:26:38","guid":{"rendered":"https:\/\/comerciallin.com\/index.php\/producto\/adapter-tipo-c-to-usb-hdmi\/"},"modified":"2026-02-11T11:58:21","modified_gmt":"2026-02-11T16:58:21","slug":"adapter-tipo-c-to-usb-hdmi","status":"publish","type":"product","link":"https:\/\/comerciallin.com\/index.php\/producto\/adapter-tipo-c-to-usb-hdmi\/","title":{"rendered":"ADAPTER TIPO C TO USB -HDMI"},"content":{"rendered":"<p>Adaptador USB C HDMI, USB tipo C Hub a puerto Hdmi 4 K USB 3,0 con entrega de energ\u00eda USB C<\/p>\n","protected":false},"excerpt":{"rendered":"<p>Adaptador USB C HDMI, USB tipo C Hub a puerto Hdmi 4 K USB 3,0 con entrega de energ\u00eda USB C<\/p>\n","protected":false},"featured_media":21572,"comment_status":"open","ping_status":"closed","template":"","meta":{"spay_email":""},"product_cat":[789],"product_tag":[],"supplier_id":null,"supplier_sku":"","barcode":null,"atum_controlled":true,"out_stock_date":null,"out_stock_threshold":null,"inheritable":false,"inbound_stock":null,"stock_on_hold":0,"sold_today":0,"sales_last_days":0,"reserved_stock":null,"customer_returns":null,"warehouse_damage":null,"lost_in_post":null,"other_logs":null,"out_stock_days":0,"lost_sales":0,"has_location":null,"update_date":"2026-04-19T00:00:48","atum_locations":[],"atum_stock_status":"instock","restock_status":false,"low_stock_amount":"","sales_update_date":"2026-04-19T00:00:48","calc_backorders":null,"acf":[],"yoast_head":"<!-- This site is optimized with the Yoast SEO Premium plugin v17.4 (Yoast SEO v17.4) - https:\/\/yoast.com\/wordpress\/plugins\/seo\/ -->\n<title>ADAPTER TIPO C TO USB -HDMI - tienda de electr\u00f3nica y computaci\u00f3n<\/title>\n<meta name=\"robots\" content=\"index, follow, max-snippet:-1, max-image-preview:large, max-video-preview:-1\" \/>\n<link rel=\"canonical\" href=\"https:\/\/comerciallin.com\/index.php\/producto\/adapter-tipo-c-to-usb-hdmi\/\" \/>\n<meta property=\"og:locale\" content=\"es_ES\" \/>\n<meta property=\"og:type\" content=\"article\" \/>\n<meta property=\"og:title\" content=\"ADAPTER TIPO C TO USB -HDMI\" \/>\n<meta property=\"og:description\" content=\"Adaptador USB C HDMI, USB tipo C Hub a puerto Hdmi 4 K USB 3,0 con entrega de energ\u00eda USB C\" \/>\n<meta property=\"og:url\" content=\"https:\/\/comerciallin.com\/index.php\/producto\/adapter-tipo-c-to-usb-hdmi\/\" \/>\n<meta property=\"og:site_name\" content=\"tienda de electr\u00f3nica y computaci\u00f3n\" \/>\n<meta property=\"article:modified_time\" content=\"2026-02-11T16:58:21+00:00\" \/>\n<meta property=\"og:image\" content=\"https:\/\/comerciallin.com\/wp-content\/uploads\/2023\/02\/099030100109.jpg\" \/>\n\t<meta property=\"og:image:width\" content=\"992\" \/>\n\t<meta property=\"og:image:height\" content=\"744\" \/>\n<meta name=\"twitter:card\" content=\"summary_large_image\" \/>\n<meta name=\"twitter:label1\" content=\"Precio\" \/>\n\t<meta name=\"twitter:data1\" content=\"&#36;17,25\" \/>\n\t<meta name=\"twitter:label2\" content=\"Availability\" \/>\n\t<meta name=\"twitter:data2\" content=\"In stock\" \/>\n<script type=\"application\/ld+json\" class=\"yoast-schema-graph\">{\"@context\":\"https:\/\/schema.org\",\"@graph\":[{\"@type\":\"WebSite\",\"@id\":\"https:\/\/comerciallin.com\/#website\",\"url\":\"https:\/\/comerciallin.com\/\",\"name\":\"tienda de electr\\u00f3nica y computaci\\u00f3n\",\"description\":\"Importadora de Electr\\u00f3nica y Computaci\\u00f3n\",\"potentialAction\":[{\"@type\":\"SearchAction\",\"target\":{\"@type\":\"EntryPoint\",\"urlTemplate\":\"https:\/\/comerciallin.com\/?s={search_term_string}\"},\"query-input\":\"required name=search_term_string\"}],\"inLanguage\":\"es\"},{\"@type\":\"ImageObject\",\"@id\":\"https:\/\/comerciallin.com\/index.php\/producto\/adapter-tipo-c-to-usb-hdmi\/#primaryimage\",\"inLanguage\":\"es\",\"url\":\"https:\/\/i0.wp.com\/comerciallin.com\/wp-content\/uploads\/2023\/02\/099030100109.jpg?fit=992%2C744&ssl=1\",\"contentUrl\":\"https:\/\/i0.wp.com\/comerciallin.com\/wp-content\/uploads\/2023\/02\/099030100109.jpg?fit=992%2C744&ssl=1\",\"width\":992,\"height\":744,\"caption\":\"ADAPTER TIPO C TO USB -HDMI\"},{\"@type\":\"WebPage\",\"@id\":\"https:\/\/comerciallin.com\/index.php\/producto\/adapter-tipo-c-to-usb-hdmi\/#webpage\",\"url\":\"https:\/\/comerciallin.com\/index.php\/producto\/adapter-tipo-c-to-usb-hdmi\/\",\"name\":\"ADAPTER TIPO C TO USB -HDMI - tienda de electr\\u00f3nica y computaci\\u00f3n\",\"isPartOf\":{\"@id\":\"https:\/\/comerciallin.com\/#website\"},\"primaryImageOfPage\":{\"@id\":\"https:\/\/comerciallin.com\/index.php\/producto\/adapter-tipo-c-to-usb-hdmi\/#primaryimage\"},\"datePublished\":\"2022-11-08T20:26:38+00:00\",\"dateModified\":\"2026-02-11T16:58:21+00:00\",\"breadcrumb\":{\"@id\":\"https:\/\/comerciallin.com\/index.php\/producto\/adapter-tipo-c-to-usb-hdmi\/#breadcrumb\"},\"inLanguage\":\"es\",\"potentialAction\":[{\"@type\":\"ReadAction\",\"target\":[\"https:\/\/comerciallin.com\/index.php\/producto\/adapter-tipo-c-to-usb-hdmi\/\"]}]},{\"@type\":\"BreadcrumbList\",\"@id\":\"https:\/\/comerciallin.com\/index.php\/producto\/adapter-tipo-c-to-usb-hdmi\/#breadcrumb\",\"itemListElement\":[{\"@type\":\"ListItem\",\"position\":1,\"name\":\"Inicio\",\"item\":\"https:\/\/comerciallin.com\/\"},{\"@type\":\"ListItem\",\"position\":2,\"name\":\"Shop\",\"item\":\"https:\/\/comerciallin.com\/?page_id=3853\"},{\"@type\":\"ListItem\",\"position\":3,\"name\":\"ADAPTER TIPO C TO USB -HDMI\"}]}]}<\/script>\n<meta property=\"product:price:amount\" content=\"17.25\" \/>\n<meta property=\"product:price:currency\" content=\"USD\" \/>\n<meta property=\"og:availability\" content=\"instock\" \/>\n<meta property=\"product:availability\" content=\"instock\" \/>\n<meta property=\"product:retailer_item_id\" content=\"99030100109\" \/>\n<meta property=\"product:condition\" content=\"new\" \/>\n<!-- \/ Yoast SEO Premium plugin. -->","yoast_head_json":{"title":"ADAPTER TIPO C TO USB -HDMI - tienda de electr\u00f3nica y computaci\u00f3n","robots":{"index":"index","follow":"follow","max-snippet":"max-snippet:-1","max-image-preview":"max-image-preview:large","max-video-preview":"max-video-preview:-1"},"canonical":"https:\/\/comerciallin.com\/index.php\/producto\/adapter-tipo-c-to-usb-hdmi\/","og_locale":"es_ES","og_type":"article","og_title":"ADAPTER TIPO C TO USB -HDMI","og_description":"Adaptador USB C HDMI, USB tipo C Hub a puerto Hdmi 4 K USB 3,0 con entrega de energ\u00eda USB C","og_url":"https:\/\/comerciallin.com\/index.php\/producto\/adapter-tipo-c-to-usb-hdmi\/","og_site_name":"tienda de electr\u00f3nica y computaci\u00f3n","article_modified_time":"2026-02-11T16:58:21+00:00","og_image":[{"width":992,"height":744,"url":"https:\/\/comerciallin.com\/wp-content\/uploads\/2023\/02\/099030100109.jpg","type":"image\/jpeg"}],"twitter_card":"summary_large_image","twitter_misc":{"Precio":"&#36;17,25","Availability":"In stock"},"schema":{"@context":"https:\/\/schema.org","@graph":[{"@type":"WebSite","@id":"https:\/\/comerciallin.com\/#website","url":"https:\/\/comerciallin.com\/","name":"tienda de electr\u00f3nica y computaci\u00f3n","description":"Importadora de Electr\u00f3nica y Computaci\u00f3n","potentialAction":[{"@type":"SearchAction","target":{"@type":"EntryPoint","urlTemplate":"https:\/\/comerciallin.com\/?s={search_term_string}"},"query-input":"required name=search_term_string"}],"inLanguage":"es"},{"@type":"ImageObject","@id":"https:\/\/comerciallin.com\/index.php\/producto\/adapter-tipo-c-to-usb-hdmi\/#primaryimage","inLanguage":"es","url":"https:\/\/i0.wp.com\/comerciallin.com\/wp-content\/uploads\/2023\/02\/099030100109.jpg?fit=992%2C744&ssl=1","contentUrl":"https:\/\/i0.wp.com\/comerciallin.com\/wp-content\/uploads\/2023\/02\/099030100109.jpg?fit=992%2C744&ssl=1","width":992,"height":744,"caption":"ADAPTER TIPO C TO USB -HDMI"},{"@type":"WebPage","@id":"https:\/\/comerciallin.com\/index.php\/producto\/adapter-tipo-c-to-usb-hdmi\/#webpage","url":"https:\/\/comerciallin.com\/index.php\/producto\/adapter-tipo-c-to-usb-hdmi\/","name":"ADAPTER TIPO C TO USB -HDMI - tienda de electr\u00f3nica y computaci\u00f3n","isPartOf":{"@id":"https:\/\/comerciallin.com\/#website"},"primaryImageOfPage":{"@id":"https:\/\/comerciallin.com\/index.php\/producto\/adapter-tipo-c-to-usb-hdmi\/#primaryimage"},"datePublished":"2022-11-08T20:26:38+00:00","dateModified":"2026-02-11T16:58:21+00:00","breadcrumb":{"@id":"https:\/\/comerciallin.com\/index.php\/producto\/adapter-tipo-c-to-usb-hdmi\/#breadcrumb"},"inLanguage":"es","potentialAction":[{"@type":"ReadAction","target":["https:\/\/comerciallin.com\/index.php\/producto\/adapter-tipo-c-to-usb-hdmi\/"]}]},{"@type":"BreadcrumbList","@id":"https:\/\/comerciallin.com\/index.php\/producto\/adapter-tipo-c-to-usb-hdmi\/#breadcrumb","itemListElement":[{"@type":"ListItem","position":1,"name":"Inicio","item":"https:\/\/comerciallin.com\/"},{"@type":"ListItem","position":2,"name":"Shop","item":"https:\/\/comerciallin.com\/?page_id=3853"},{"@type":"ListItem","position":3,"name":"ADAPTER TIPO C TO USB -HDMI"}]}]},"product_price_amount":"17.25","product_price_currency":"USD","og_availability":"instock","product_availability":"instock","product_retailer_item_id":"99030100109","product_condition":"new"},"jetpack-related-posts":[{"id":23531,"url":"https:\/\/comerciallin.com\/index.php\/producto\/adaptador-usb-to-hdmi\/","url_meta":{"origin":19722,"position":0},"title":"ADAPTADOR USB TO HDMI","date":"27 de abril de 2023","format":false,"excerpt":"","rel":"","context":"Entrada similar","img":{"alt_text":"ADAPTADOR USB TO HDMI","src":"https:\/\/i0.wp.com\/comerciallin.com\/wp-content\/uploads\/2023\/08\/099060100601.jpg?fit=1080%2C1080&ssl=1&resize=350%2C200","width":350,"height":200},"classes":[]},{"id":18736,"url":"https:\/\/comerciallin.com\/index.php\/producto\/expansor-usb-3-0-1-a-4-port-hub\/","url_meta":{"origin":19722,"position":1},"title":"EXPANSOR USB 3.0 1 A 4 PORT HUB","date":"7 de noviembre de 2022","format":false,"excerpt":"\u00e2\u0153\u2026100% nuevo y de alta calidad \u00e2\u0153\u2026Dispositivo plug & play USB \u00e2\u0153\u2026Totalmente compatible con las especificaciones USB Versi\u00c3\u00b3n 3,0 \u00e2\u0153\u2026 LED azul para alimentaci\u00c3\u00b3n \u00e2\u0153\u2026Los interruptores de encendido\/apagado activan o desactivan puertos individuales","rel":"","context":"Entrada similar","img":{"alt_text":"","src":"","width":0,"height":0},"classes":[]},{"id":25844,"url":"https:\/\/comerciallin.com\/index.php\/producto\/adaptador-5-en-1-hdtvesb3-0pd\/","url_meta":{"origin":19722,"position":2},"title":"ADAPTADOR 5 EN 1 HDTV+ESB3.0+PD","date":"17 de noviembre de 2023","format":false,"excerpt":"\u00a1Conecta todo lo que necesitas a tu dispositivo USB-C! \u00bfTu dispositivo USB-C no tiene suficientes puertos? \u00a1No te preocupes, tenemos la soluci\u00f3n! Nuestro concentrador USB-C es la opci\u00f3n perfecta para ti. Te permite conectar hasta cuatro dispositivos a tu dispositivo USB-C, incluyendo un monitor, un disco duro externo, un teclado\u2026","rel":"","context":"Entrada similar","img":{"alt_text":"","src":"","width":0,"height":0},"classes":[]},{"id":19705,"url":"https:\/\/comerciallin.com\/index.php\/producto\/microfono-usb-c-base-usb-4\/","url_meta":{"origin":19722,"position":3},"title":"MICROFONO USB C\/BASE USB-4","date":"8 de noviembre de 2022","format":false,"excerpt":"Micr\u00f3fono de escritorio USB Plug & Play PC Micr\u00f3fono de computadora para juegos de computadora Grabaci\u00f3n Charla Canto Reuni\u00f3n","rel":"","context":"Entrada similar","img":{"alt_text":"","src":"","width":0,"height":0},"classes":[]},{"id":23355,"url":"https:\/\/comerciallin.com\/index.php\/producto\/cable-usb-tipo-c-fast-data-c-rapida\/","url_meta":{"origin":19722,"position":4},"title":"CABLE USB TIPO C FAST DATA C\/RAPIDA","date":"27 de abril de 2023","format":false,"excerpt":"","rel":"","context":"Entrada similar","img":{"alt_text":"","src":"","width":0,"height":0},"classes":[]}],"jetpack_sharing_enabled":true,"jetpack_likes_enabled":true,"_links":{"self":[{"href":"https:\/\/comerciallin.com\/index.php\/wp-json\/wp\/v2\/product\/19722"}],"collection":[{"href":"https:\/\/comerciallin.com\/index.php\/wp-json\/wp\/v2\/product"}],"about":[{"href":"https:\/\/comerciallin.com\/index.php\/wp-json\/wp\/v2\/types\/product"}],"replies":[{"embeddable":true,"href":"https:\/\/comerciallin.com\/index.php\/wp-json\/wp\/v2\/comments?post=19722"}],"wp:featuredmedia":[{"embeddable":true,"href":"https:\/\/comerciallin.com\/index.php\/wp-json\/wp\/v2\/media\/21572"}],"wp:attachment":[{"href":"https:\/\/comerciallin.com\/index.php\/wp-json\/wp\/v2\/media?parent=19722"}],"wp:term":[{"taxonomy":"product_cat","embeddable":true,"href":"https:\/\/comerciallin.com\/index.php\/wp-json\/wp\/v2\/product_cat?post=19722"},{"taxonomy":"product_tag","embeddable":true,"href":"https:\/\/comerciallin.com\/index.php\/wp-json\/wp\/v2\/product_tag?post=19722"}],"curies":[{"name":"wp","href":"https:\/\/api.w.org\/{rel}","templated":true}]}}