{"id":19719,"date":"2022-11-08T15:26:34","date_gmt":"2022-11-08T20:26:34","guid":{"rendered":"https:\/\/comerciallin.com\/index.php\/producto\/tarjeta-de-video-1gb-710-1g\/"},"modified":"2025-01-14T13:57:42","modified_gmt":"2025-01-14T18:57:42","slug":"tarjeta-de-video-1gb-710-1g","status":"publish","type":"product","link":"https:\/\/comerciallin.com\/index.php\/producto\/tarjeta-de-video-1gb-710-1g\/","title":{"rendered":"TARJETA DE VIDEO 1GB 710-1G"},"content":{"rendered":"<p>Colorful Nvidia Geforce Graphics Card, Model Name\/Number: Gt 710, Memory Size: 1 Gb<\/p>\n","protected":false},"excerpt":{"rendered":"<p>Colorful Nvidia Geforce Graphics Card, Model Name\/Number: Gt 710, Memory Size: 1 Gb<\/p>\n","protected":false},"featured_media":22019,"comment_status":"open","ping_status":"closed","template":"","meta":{"spay_email":""},"product_cat":[817],"product_tag":[],"supplier_id":null,"supplier_sku":"","barcode":null,"atum_controlled":true,"out_stock_date":null,"out_stock_threshold":null,"inheritable":false,"inbound_stock":null,"stock_on_hold":0,"sold_today":0,"sales_last_days":0,"reserved_stock":null,"customer_returns":null,"warehouse_damage":null,"lost_in_post":null,"other_logs":null,"out_stock_days":0,"lost_sales":0,"has_location":null,"update_date":"2026-04-04T23:41:14","atum_locations":[],"atum_stock_status":"instock","restock_status":false,"low_stock_amount":"","sales_update_date":"2026-04-04T23:41:14","calc_backorders":null,"acf":[],"yoast_head":"<!-- This site is optimized with the Yoast SEO Premium plugin v17.4 (Yoast SEO v17.4) - https:\/\/yoast.com\/wordpress\/plugins\/seo\/ -->\n<title>TARJETA DE VIDEO 1GB 710-1G - tienda de electr\u00f3nica y computaci\u00f3n<\/title>\n<meta name=\"robots\" content=\"index, follow, max-snippet:-1, max-image-preview:large, max-video-preview:-1\" \/>\n<link rel=\"canonical\" href=\"https:\/\/comerciallin.com\/index.php\/producto\/tarjeta-de-video-1gb-710-1g\/\" \/>\n<meta property=\"og:locale\" content=\"es_ES\" \/>\n<meta property=\"og:type\" content=\"article\" \/>\n<meta property=\"og:title\" content=\"TARJETA DE VIDEO 1GB 710-1G\" \/>\n<meta property=\"og:description\" content=\"Colorful Nvidia Geforce Graphics Card, Model Name\/Number: Gt 710, Memory Size: 1 Gb\" \/>\n<meta property=\"og:url\" content=\"https:\/\/comerciallin.com\/index.php\/producto\/tarjeta-de-video-1gb-710-1g\/\" \/>\n<meta property=\"og:site_name\" content=\"tienda de electr\u00f3nica y computaci\u00f3n\" \/>\n<meta property=\"article:modified_time\" content=\"2025-01-14T18:57:42+00:00\" \/>\n<meta property=\"og:image\" content=\"https:\/\/comerciallin.com\/wp-content\/uploads\/2023\/02\/678030100805.jpg\" \/>\n\t<meta property=\"og:image:width\" content=\"992\" \/>\n\t<meta property=\"og:image:height\" content=\"744\" \/>\n<meta name=\"twitter:card\" content=\"summary_large_image\" \/>\n<meta name=\"twitter:label1\" content=\"Precio\" \/>\n\t<meta name=\"twitter:data1\" content=\"&#36;46,00\" \/>\n\t<meta name=\"twitter:label2\" content=\"Availability\" \/>\n\t<meta name=\"twitter:data2\" content=\"In stock\" \/>\n<script type=\"application\/ld+json\" class=\"yoast-schema-graph\">{\"@context\":\"https:\/\/schema.org\",\"@graph\":[{\"@type\":\"WebSite\",\"@id\":\"https:\/\/comerciallin.com\/#website\",\"url\":\"https:\/\/comerciallin.com\/\",\"name\":\"tienda de electr\\u00f3nica y computaci\\u00f3n\",\"description\":\"Importadora de Electr\\u00f3nica y Computaci\\u00f3n\",\"potentialAction\":[{\"@type\":\"SearchAction\",\"target\":{\"@type\":\"EntryPoint\",\"urlTemplate\":\"https:\/\/comerciallin.com\/?s={search_term_string}\"},\"query-input\":\"required name=search_term_string\"}],\"inLanguage\":\"es\"},{\"@type\":\"ImageObject\",\"@id\":\"https:\/\/comerciallin.com\/index.php\/producto\/tarjeta-de-video-1gb-710-1g\/#primaryimage\",\"inLanguage\":\"es\",\"url\":\"https:\/\/i0.wp.com\/comerciallin.com\/wp-content\/uploads\/2023\/02\/678030100805.jpg?fit=992%2C744&ssl=1\",\"contentUrl\":\"https:\/\/i0.wp.com\/comerciallin.com\/wp-content\/uploads\/2023\/02\/678030100805.jpg?fit=992%2C744&ssl=1\",\"width\":992,\"height\":744,\"caption\":\"TARJETA DE VIDEO 1GB 710-1G\"},{\"@type\":\"WebPage\",\"@id\":\"https:\/\/comerciallin.com\/index.php\/producto\/tarjeta-de-video-1gb-710-1g\/#webpage\",\"url\":\"https:\/\/comerciallin.com\/index.php\/producto\/tarjeta-de-video-1gb-710-1g\/\",\"name\":\"TARJETA DE VIDEO 1GB 710-1G - tienda de electr\\u00f3nica y computaci\\u00f3n\",\"isPartOf\":{\"@id\":\"https:\/\/comerciallin.com\/#website\"},\"primaryImageOfPage\":{\"@id\":\"https:\/\/comerciallin.com\/index.php\/producto\/tarjeta-de-video-1gb-710-1g\/#primaryimage\"},\"datePublished\":\"2022-11-08T20:26:34+00:00\",\"dateModified\":\"2025-01-14T18:57:42+00:00\",\"breadcrumb\":{\"@id\":\"https:\/\/comerciallin.com\/index.php\/producto\/tarjeta-de-video-1gb-710-1g\/#breadcrumb\"},\"inLanguage\":\"es\",\"potentialAction\":[{\"@type\":\"ReadAction\",\"target\":[\"https:\/\/comerciallin.com\/index.php\/producto\/tarjeta-de-video-1gb-710-1g\/\"]}]},{\"@type\":\"BreadcrumbList\",\"@id\":\"https:\/\/comerciallin.com\/index.php\/producto\/tarjeta-de-video-1gb-710-1g\/#breadcrumb\",\"itemListElement\":[{\"@type\":\"ListItem\",\"position\":1,\"name\":\"Inicio\",\"item\":\"https:\/\/comerciallin.com\/\"},{\"@type\":\"ListItem\",\"position\":2,\"name\":\"Shop\",\"item\":\"https:\/\/comerciallin.com\/?page_id=3853\"},{\"@type\":\"ListItem\",\"position\":3,\"name\":\"TARJETA DE VIDEO 1GB 710-1G\"}]}]}<\/script>\n<meta property=\"product:price:amount\" content=\"46.00\" \/>\n<meta property=\"product:price:currency\" content=\"USD\" \/>\n<meta property=\"og:availability\" content=\"instock\" \/>\n<meta property=\"product:availability\" content=\"instock\" \/>\n<meta property=\"product:retailer_item_id\" content=\"678030100805\" \/>\n<meta property=\"product:condition\" content=\"new\" \/>\n<!-- \/ Yoast SEO Premium plugin. -->","yoast_head_json":{"title":"TARJETA DE VIDEO 1GB 710-1G - tienda de electr\u00f3nica y computaci\u00f3n","robots":{"index":"index","follow":"follow","max-snippet":"max-snippet:-1","max-image-preview":"max-image-preview:large","max-video-preview":"max-video-preview:-1"},"canonical":"https:\/\/comerciallin.com\/index.php\/producto\/tarjeta-de-video-1gb-710-1g\/","og_locale":"es_ES","og_type":"article","og_title":"TARJETA DE VIDEO 1GB 710-1G","og_description":"Colorful Nvidia Geforce Graphics Card, Model Name\/Number: Gt 710, Memory Size: 1 Gb","og_url":"https:\/\/comerciallin.com\/index.php\/producto\/tarjeta-de-video-1gb-710-1g\/","og_site_name":"tienda de electr\u00f3nica y computaci\u00f3n","article_modified_time":"2025-01-14T18:57:42+00:00","og_image":[{"width":992,"height":744,"url":"https:\/\/comerciallin.com\/wp-content\/uploads\/2023\/02\/678030100805.jpg","type":"image\/jpeg"}],"twitter_card":"summary_large_image","twitter_misc":{"Precio":"&#36;46,00","Availability":"In stock"},"schema":{"@context":"https:\/\/schema.org","@graph":[{"@type":"WebSite","@id":"https:\/\/comerciallin.com\/#website","url":"https:\/\/comerciallin.com\/","name":"tienda de electr\u00f3nica y computaci\u00f3n","description":"Importadora de Electr\u00f3nica y Computaci\u00f3n","potentialAction":[{"@type":"SearchAction","target":{"@type":"EntryPoint","urlTemplate":"https:\/\/comerciallin.com\/?s={search_term_string}"},"query-input":"required name=search_term_string"}],"inLanguage":"es"},{"@type":"ImageObject","@id":"https:\/\/comerciallin.com\/index.php\/producto\/tarjeta-de-video-1gb-710-1g\/#primaryimage","inLanguage":"es","url":"https:\/\/i0.wp.com\/comerciallin.com\/wp-content\/uploads\/2023\/02\/678030100805.jpg?fit=992%2C744&ssl=1","contentUrl":"https:\/\/i0.wp.com\/comerciallin.com\/wp-content\/uploads\/2023\/02\/678030100805.jpg?fit=992%2C744&ssl=1","width":992,"height":744,"caption":"TARJETA DE VIDEO 1GB 710-1G"},{"@type":"WebPage","@id":"https:\/\/comerciallin.com\/index.php\/producto\/tarjeta-de-video-1gb-710-1g\/#webpage","url":"https:\/\/comerciallin.com\/index.php\/producto\/tarjeta-de-video-1gb-710-1g\/","name":"TARJETA DE VIDEO 1GB 710-1G - tienda de electr\u00f3nica y computaci\u00f3n","isPartOf":{"@id":"https:\/\/comerciallin.com\/#website"},"primaryImageOfPage":{"@id":"https:\/\/comerciallin.com\/index.php\/producto\/tarjeta-de-video-1gb-710-1g\/#primaryimage"},"datePublished":"2022-11-08T20:26:34+00:00","dateModified":"2025-01-14T18:57:42+00:00","breadcrumb":{"@id":"https:\/\/comerciallin.com\/index.php\/producto\/tarjeta-de-video-1gb-710-1g\/#breadcrumb"},"inLanguage":"es","potentialAction":[{"@type":"ReadAction","target":["https:\/\/comerciallin.com\/index.php\/producto\/tarjeta-de-video-1gb-710-1g\/"]}]},{"@type":"BreadcrumbList","@id":"https:\/\/comerciallin.com\/index.php\/producto\/tarjeta-de-video-1gb-710-1g\/#breadcrumb","itemListElement":[{"@type":"ListItem","position":1,"name":"Inicio","item":"https:\/\/comerciallin.com\/"},{"@type":"ListItem","position":2,"name":"Shop","item":"https:\/\/comerciallin.com\/?page_id=3853"},{"@type":"ListItem","position":3,"name":"TARJETA DE VIDEO 1GB 710-1G"}]}]},"product_price_amount":"46.00","product_price_currency":"USD","og_availability":"instock","product_availability":"instock","product_retailer_item_id":"678030100805","product_condition":"new"},"jetpack-related-posts":[{"id":19357,"url":"https:\/\/comerciallin.com\/index.php\/producto\/cpu-intel-core-i5-11600-3-9-ghz\/","url_meta":{"origin":19719,"position":0},"title":"CPU INTEL CORE I5-11600 3.9 GHZ","date":"7 de noviembre de 2022","format":false,"excerpt":"Intel Core I5-11600k 3.9ghz 6 Nucleos 12 Hilos","rel":"","context":"Entrada similar","img":{"alt_text":"","src":"","width":0,"height":0},"classes":[]},{"id":19371,"url":"https:\/\/comerciallin.com\/index.php\/producto\/portatil-hp-ci3-1125g4-4gb-m-2-250gb-14-dq2\/","url_meta":{"origin":19719,"position":1},"title":"PORTATIL HP CI3 1125G4 4GB | M.2 250GB 14-DQ2","date":"7 de noviembre de 2022","format":false,"excerpt":"Marca:\u00a0HPModelo: 14-DY0003LAProcesador: Intel\u00ae Core\u2122 i3-1125G4 | 11.\u00aa generaci\u00f3nMemoria RAM:\u00a04GB DDR4Almacenamiento: SSD 250 GB M.2Pantalla: 14.0\u2033 FHDGarant\u00eda: 1 A\u00f1oAceptamos todas las tarjetas de cr\u00e9ditoRealizamos env\u00edos a todo el pa\u00eds","rel":"","context":"Entrada similar","img":{"alt_text":"","src":"","width":0,"height":0},"classes":[]},{"id":19275,"url":"https:\/\/comerciallin.com\/index.php\/producto\/t-madre-biostar-h310mhp-ddr4-sock1151\/","url_meta":{"origin":19719,"position":2},"title":"T. MADRE BIOSTAR H310MHP DDR4 SOCK1151","date":"7 de noviembre de 2022","format":false,"excerpt":"Compatible con procesadores Intel\u00ae Core\u2122 de 9.\u00aa y 8.\u00aa generaci\u00f3n Arquitectura de un solo chip Intel H310 Compatible con doble canal DDR4 2666\/2400\/2133\/1866 MHz Admite resoluci\u00f3n HDMI 4K Admite LAN GbE Soporte USB 3.2 Gen1","rel":"","context":"Entrada similar","img":{"alt_text":"","src":"","width":0,"height":0},"classes":[]},{"id":19173,"url":"https:\/\/comerciallin.com\/index.php\/producto\/bateria-comp-hp-6520-6520s-6520p-515-510-5111\/","url_meta":{"origin":19719,"position":3},"title":"BATERIA COMP HP 6520\/6520S\/6520P\/515\/510\/5111","date":"7 de noviembre de 2022","format":false,"excerpt":"Compatible Model: Hp Compaq 6520, Compaq 6520s, Compaq 6520p Compatible By Part Number: HSTNN-DB51, 451545-361, 456623-001","rel":"","context":"Entrada similar","img":{"alt_text":"","src":"","width":0,"height":0},"classes":[]},{"id":19609,"url":"https:\/\/comerciallin.com\/index.php\/producto\/disco-duro-ssd-240gb-adata\/","url_meta":{"origin":19719,"position":4},"title":"DISCO DURO SSD 240GB ADATA","date":"7 de noviembre de 2022","format":false,"excerpt":"Marca:\u00a0Adata Factor de forma:\u00a0SSD interno de 2,5 pulgadas Interfaz:\u00a0SATA 6.0Gb\/s Capacidad total:\u00a0240 GB* Garant\u00eda:\u00a0Limitada de 1 a\u00f1os Velocidad de lectura secuencial:\u00a0hasta 500 MB\/s** Velocidad de escritura secuencial:\u00a0hasta 350 MB\/s**","rel":"","context":"Entrada similar","img":{"alt_text":"","src":"","width":0,"height":0},"classes":[]}],"jetpack_sharing_enabled":true,"jetpack_likes_enabled":true,"_links":{"self":[{"href":"https:\/\/comerciallin.com\/index.php\/wp-json\/wp\/v2\/product\/19719"}],"collection":[{"href":"https:\/\/comerciallin.com\/index.php\/wp-json\/wp\/v2\/product"}],"about":[{"href":"https:\/\/comerciallin.com\/index.php\/wp-json\/wp\/v2\/types\/product"}],"replies":[{"embeddable":true,"href":"https:\/\/comerciallin.com\/index.php\/wp-json\/wp\/v2\/comments?post=19719"}],"wp:featuredmedia":[{"embeddable":true,"href":"https:\/\/comerciallin.com\/index.php\/wp-json\/wp\/v2\/media\/22019"}],"wp:attachment":[{"href":"https:\/\/comerciallin.com\/index.php\/wp-json\/wp\/v2\/media?parent=19719"}],"wp:term":[{"taxonomy":"product_cat","embeddable":true,"href":"https:\/\/comerciallin.com\/index.php\/wp-json\/wp\/v2\/product_cat?post=19719"},{"taxonomy":"product_tag","embeddable":true,"href":"https:\/\/comerciallin.com\/index.php\/wp-json\/wp\/v2\/product_tag?post=19719"}],"curies":[{"name":"wp","href":"https:\/\/api.w.org\/{rel}","templated":true}]}}