{"id":19715,"date":"2022-11-08T15:26:30","date_gmt":"2022-11-08T20:26:30","guid":{"rendered":"https:\/\/comerciallin.com\/index.php\/producto\/parlante-mini-p-compu-q-8\/"},"modified":"2025-01-14T13:57:12","modified_gmt":"2025-01-14T18:57:12","slug":"parlante-mini-p-compu-q-8","status":"publish","type":"product","link":"https:\/\/comerciallin.com\/index.php\/producto\/parlante-mini-p-compu-q-8\/","title":{"rendered":"PARLANTE MINI P. COMPU Q-8"},"content":{"rendered":"<ul class=\"a-unordered-list a-vertical a-spacing-mini\">\n<li><span class=\"a-list-item\">M&uacute;ltiples colores: este altavoz est&aacute; disponible en varios colores para adaptarse a tus necesidades y darle un hogar colorido.<\/span><\/li>\n<li><span class=\"a-list-item\">\u3010Doble bocina\u3011Altavoces est&eacute;reo HD duales. La calidad del sonido es clara, por lo que puedes sentir diferentes sonidos.<\/span><\/li>\n<li><span class=\"a-list-item\">\u3010Buen sonido claro\u3011El altavoz USB con excelente sonido claro y n&iacute;tido llena tu habitaci&oacute;n para satisfacer tu alta demanda de calidad de altavoz, perfecto para enumerar m&uacute;sica, ver pel&iacute;culas, jugar y otros.<\/span><\/li>\n<\/ul>\n","protected":false},"excerpt":{"rendered":"<p>Altavoz est\u00e1 disponible en varios colores para adaptarse a tus necesidades y darle un hogar colorido.<\/p>\n","protected":false},"featured_media":21977,"comment_status":"open","ping_status":"closed","template":"","meta":{"spay_email":""},"product_cat":[789],"product_tag":[],"supplier_id":null,"supplier_sku":"","barcode":null,"atum_controlled":true,"out_stock_date":null,"out_stock_threshold":null,"inheritable":false,"inbound_stock":null,"stock_on_hold":0,"sold_today":0,"sales_last_days":0,"reserved_stock":null,"customer_returns":null,"warehouse_damage":null,"lost_in_post":null,"other_logs":null,"out_stock_days":0,"lost_sales":0,"has_location":null,"update_date":"2026-05-17T00:31:08","atum_locations":[],"atum_stock_status":"instock","restock_status":false,"low_stock_amount":"","sales_update_date":"2026-05-17T00:31:08","calc_backorders":null,"acf":[],"yoast_head":"<!-- This site is optimized with the Yoast SEO Premium plugin v17.4 (Yoast SEO v17.4) - https:\/\/yoast.com\/wordpress\/plugins\/seo\/ -->\n<title>PARLANTE MINI P. COMPU Q-8 - tienda de electr\u00f3nica y computaci\u00f3n<\/title>\n<meta name=\"robots\" content=\"index, follow, max-snippet:-1, max-image-preview:large, max-video-preview:-1\" \/>\n<link rel=\"canonical\" href=\"https:\/\/comerciallin.com\/index.php\/producto\/parlante-mini-p-compu-q-8\/\" \/>\n<meta property=\"og:locale\" content=\"es_ES\" \/>\n<meta property=\"og:type\" content=\"article\" \/>\n<meta property=\"og:title\" content=\"PARLANTE MINI P. COMPU Q-8\" \/>\n<meta property=\"og:description\" content=\"Altavoz est\u00e1 disponible en varios colores para adaptarse a tus necesidades y darle un hogar colorido.\" \/>\n<meta property=\"og:url\" content=\"https:\/\/comerciallin.com\/index.php\/producto\/parlante-mini-p-compu-q-8\/\" \/>\n<meta property=\"og:site_name\" content=\"tienda de electr\u00f3nica y computaci\u00f3n\" \/>\n<meta property=\"article:modified_time\" content=\"2025-01-14T18:57:12+00:00\" \/>\n<meta property=\"og:image\" content=\"https:\/\/comerciallin.com\/wp-content\/uploads\/2023\/02\/714030101003.jpg\" \/>\n\t<meta property=\"og:image:width\" content=\"992\" \/>\n\t<meta property=\"og:image:height\" content=\"744\" \/>\n<meta name=\"twitter:card\" content=\"summary_large_image\" \/>\n<meta name=\"twitter:label1\" content=\"Precio\" \/>\n\t<meta name=\"twitter:data1\" content=\"&#36;8,05\" \/>\n\t<meta name=\"twitter:label2\" content=\"Availability\" \/>\n\t<meta name=\"twitter:data2\" content=\"In stock\" \/>\n<script type=\"application\/ld+json\" class=\"yoast-schema-graph\">{\"@context\":\"https:\/\/schema.org\",\"@graph\":[{\"@type\":\"WebSite\",\"@id\":\"https:\/\/comerciallin.com\/#website\",\"url\":\"https:\/\/comerciallin.com\/\",\"name\":\"tienda de electr\\u00f3nica y computaci\\u00f3n\",\"description\":\"Importadora de Electr\\u00f3nica y Computaci\\u00f3n\",\"potentialAction\":[{\"@type\":\"SearchAction\",\"target\":{\"@type\":\"EntryPoint\",\"urlTemplate\":\"https:\/\/comerciallin.com\/?s={search_term_string}\"},\"query-input\":\"required name=search_term_string\"}],\"inLanguage\":\"es\"},{\"@type\":\"ImageObject\",\"@id\":\"https:\/\/comerciallin.com\/index.php\/producto\/parlante-mini-p-compu-q-8\/#primaryimage\",\"inLanguage\":\"es\",\"url\":\"https:\/\/i0.wp.com\/comerciallin.com\/wp-content\/uploads\/2023\/02\/714030101003.jpg?fit=992%2C744&ssl=1\",\"contentUrl\":\"https:\/\/i0.wp.com\/comerciallin.com\/wp-content\/uploads\/2023\/02\/714030101003.jpg?fit=992%2C744&ssl=1\",\"width\":992,\"height\":744,\"caption\":\"PARLANTE MINI P. COMPU Q-8\"},{\"@type\":\"WebPage\",\"@id\":\"https:\/\/comerciallin.com\/index.php\/producto\/parlante-mini-p-compu-q-8\/#webpage\",\"url\":\"https:\/\/comerciallin.com\/index.php\/producto\/parlante-mini-p-compu-q-8\/\",\"name\":\"PARLANTE MINI P. COMPU Q-8 - tienda de electr\\u00f3nica y computaci\\u00f3n\",\"isPartOf\":{\"@id\":\"https:\/\/comerciallin.com\/#website\"},\"primaryImageOfPage\":{\"@id\":\"https:\/\/comerciallin.com\/index.php\/producto\/parlante-mini-p-compu-q-8\/#primaryimage\"},\"datePublished\":\"2022-11-08T20:26:30+00:00\",\"dateModified\":\"2025-01-14T18:57:12+00:00\",\"breadcrumb\":{\"@id\":\"https:\/\/comerciallin.com\/index.php\/producto\/parlante-mini-p-compu-q-8\/#breadcrumb\"},\"inLanguage\":\"es\",\"potentialAction\":[{\"@type\":\"ReadAction\",\"target\":[\"https:\/\/comerciallin.com\/index.php\/producto\/parlante-mini-p-compu-q-8\/\"]}]},{\"@type\":\"BreadcrumbList\",\"@id\":\"https:\/\/comerciallin.com\/index.php\/producto\/parlante-mini-p-compu-q-8\/#breadcrumb\",\"itemListElement\":[{\"@type\":\"ListItem\",\"position\":1,\"name\":\"Inicio\",\"item\":\"https:\/\/comerciallin.com\/\"},{\"@type\":\"ListItem\",\"position\":2,\"name\":\"Shop\",\"item\":\"https:\/\/comerciallin.com\/?page_id=3853\"},{\"@type\":\"ListItem\",\"position\":3,\"name\":\"PARLANTE MINI P. COMPU Q-8\"}]}]}<\/script>\n<meta property=\"product:price:amount\" content=\"8.05\" \/>\n<meta property=\"product:price:currency\" content=\"USD\" \/>\n<meta property=\"og:availability\" content=\"instock\" \/>\n<meta property=\"product:availability\" content=\"instock\" \/>\n<meta property=\"product:retailer_item_id\" content=\"714030101003\" \/>\n<meta property=\"product:condition\" content=\"new\" \/>\n<!-- \/ Yoast SEO Premium plugin. -->","yoast_head_json":{"title":"PARLANTE MINI P. COMPU Q-8 - tienda de electr\u00f3nica y computaci\u00f3n","robots":{"index":"index","follow":"follow","max-snippet":"max-snippet:-1","max-image-preview":"max-image-preview:large","max-video-preview":"max-video-preview:-1"},"canonical":"https:\/\/comerciallin.com\/index.php\/producto\/parlante-mini-p-compu-q-8\/","og_locale":"es_ES","og_type":"article","og_title":"PARLANTE MINI P. COMPU Q-8","og_description":"Altavoz est\u00e1 disponible en varios colores para adaptarse a tus necesidades y darle un hogar colorido.","og_url":"https:\/\/comerciallin.com\/index.php\/producto\/parlante-mini-p-compu-q-8\/","og_site_name":"tienda de electr\u00f3nica y computaci\u00f3n","article_modified_time":"2025-01-14T18:57:12+00:00","og_image":[{"width":992,"height":744,"url":"https:\/\/comerciallin.com\/wp-content\/uploads\/2023\/02\/714030101003.jpg","type":"image\/jpeg"}],"twitter_card":"summary_large_image","twitter_misc":{"Precio":"&#36;8,05","Availability":"In stock"},"schema":{"@context":"https:\/\/schema.org","@graph":[{"@type":"WebSite","@id":"https:\/\/comerciallin.com\/#website","url":"https:\/\/comerciallin.com\/","name":"tienda de electr\u00f3nica y computaci\u00f3n","description":"Importadora de Electr\u00f3nica y Computaci\u00f3n","potentialAction":[{"@type":"SearchAction","target":{"@type":"EntryPoint","urlTemplate":"https:\/\/comerciallin.com\/?s={search_term_string}"},"query-input":"required name=search_term_string"}],"inLanguage":"es"},{"@type":"ImageObject","@id":"https:\/\/comerciallin.com\/index.php\/producto\/parlante-mini-p-compu-q-8\/#primaryimage","inLanguage":"es","url":"https:\/\/i0.wp.com\/comerciallin.com\/wp-content\/uploads\/2023\/02\/714030101003.jpg?fit=992%2C744&ssl=1","contentUrl":"https:\/\/i0.wp.com\/comerciallin.com\/wp-content\/uploads\/2023\/02\/714030101003.jpg?fit=992%2C744&ssl=1","width":992,"height":744,"caption":"PARLANTE MINI P. COMPU Q-8"},{"@type":"WebPage","@id":"https:\/\/comerciallin.com\/index.php\/producto\/parlante-mini-p-compu-q-8\/#webpage","url":"https:\/\/comerciallin.com\/index.php\/producto\/parlante-mini-p-compu-q-8\/","name":"PARLANTE MINI P. COMPU Q-8 - tienda de electr\u00f3nica y computaci\u00f3n","isPartOf":{"@id":"https:\/\/comerciallin.com\/#website"},"primaryImageOfPage":{"@id":"https:\/\/comerciallin.com\/index.php\/producto\/parlante-mini-p-compu-q-8\/#primaryimage"},"datePublished":"2022-11-08T20:26:30+00:00","dateModified":"2025-01-14T18:57:12+00:00","breadcrumb":{"@id":"https:\/\/comerciallin.com\/index.php\/producto\/parlante-mini-p-compu-q-8\/#breadcrumb"},"inLanguage":"es","potentialAction":[{"@type":"ReadAction","target":["https:\/\/comerciallin.com\/index.php\/producto\/parlante-mini-p-compu-q-8\/"]}]},{"@type":"BreadcrumbList","@id":"https:\/\/comerciallin.com\/index.php\/producto\/parlante-mini-p-compu-q-8\/#breadcrumb","itemListElement":[{"@type":"ListItem","position":1,"name":"Inicio","item":"https:\/\/comerciallin.com\/"},{"@type":"ListItem","position":2,"name":"Shop","item":"https:\/\/comerciallin.com\/?page_id=3853"},{"@type":"ListItem","position":3,"name":"PARLANTE MINI P. COMPU Q-8"}]}]},"product_price_amount":"8.05","product_price_currency":"USD","og_availability":"instock","product_availability":"instock","product_retailer_item_id":"714030101003","product_condition":"new"},"jetpack-related-posts":[{"id":19712,"url":"https:\/\/comerciallin.com\/index.php\/producto\/parlante-mini-p-compu-a-1\/","url_meta":{"origin":19715,"position":0},"title":"PARLANTE MINI P. COMPU A-1","date":"8 de noviembre de 2022","format":false,"excerpt":"Ezeey, 2 uds., A1, Mini altavoz de escritorio, Audio Multimedia, port\u00e1til, Subwoofer USB, altavoz est\u00e9reo compacto, conector de 3,5 MM","rel":"","context":"Entrada similar","img":{"alt_text":"PARLANTE MINI P. COMPU A-1","src":"https:\/\/i0.wp.com\/comerciallin.com\/wp-content\/uploads\/2023\/02\/714030101001.jpg?fit=992%2C744&ssl=1&resize=350%2C200","width":350,"height":200},"classes":[]},{"id":19663,"url":"https:\/\/comerciallin.com\/index.php\/producto\/parlante-mini-p-compu-t-11\/","url_meta":{"origin":19715,"position":1},"title":"PARLANTE MINI P. COMPU T-11","date":"7 de noviembre de 2022","format":false,"excerpt":"Dise\u00f1o Simple T11 USB 2.0 3.5mm Control de Volumen Mini Altavoz de Sonido Est\u00e9reo de Gran Subwoofer para PC, Laptops y otros dispositivos","rel":"","context":"Entrada similar","img":{"alt_text":"","src":"","width":0,"height":0},"classes":[]},{"id":24474,"url":"https:\/\/comerciallin.com\/index.php\/producto\/cinta-impresora-lx-350-black\/","url_meta":{"origin":19715,"position":2},"title":"CINTA IMPRESORA LX 350 BLACK","date":"3 de julio de 2023","format":false,"excerpt":"Cinta impresora Epson LX-350: Obt\u00e9n impresiones de calidad y duraderas con esta cinta de repuesto. Dise\u00f1ada espec\u00edficamente para la impresora Epson LX-350, esta cinta en color negro garantiza resultados claros y legibles en tus documentos impresos.","rel":"","context":"Entrada similar","img":{"alt_text":"","src":"","width":0,"height":0},"classes":[]},{"id":19711,"url":"https:\/\/comerciallin.com\/index.php\/producto\/microfono-corbata-usb-jh-044\/","url_meta":{"origin":19715,"position":3},"title":"MICROFONO CORBATA USB JH-044","date":"8 de noviembre de 2022","format":false,"excerpt":"Micr\u00f3fono con cable USB Lavailer JH-044","rel":"","context":"Entrada similar","img":{"alt_text":"","src":"","width":0,"height":0},"classes":[]},{"id":19718,"url":"https:\/\/comerciallin.com\/index.php\/producto\/microfono-corbata-fina-plug-trrs-cell\/","url_meta":{"origin":19715,"position":4},"title":"MICROFONO CORBATA FINA PLUG TRRS CELL","date":"8 de noviembre de 2022","format":false,"excerpt":"Micr\u00f3fono con cable USB Lavailer JH-044","rel":"","context":"Entrada similar","img":{"alt_text":"","src":"","width":0,"height":0},"classes":[]},{"id":26192,"url":"https:\/\/comerciallin.com\/index.php\/producto\/microfono-condensador-c-sonido-bm800v8\/","url_meta":{"origin":19715,"position":5},"title":"MICROFONO CONDENSADOR C\/SONIDO BM800+V8","date":"17 de abril de 2024","format":false,"excerpt":"","rel":"","context":"Entrada similar","img":{"alt_text":"MICROFONO CONDENSADOR C\/SONIDO BM800+V8","src":"https:\/\/i0.wp.com\/comerciallin.com\/wp-content\/uploads\/2024\/04\/580010110502-2.jpg?fit=1080%2C1080&ssl=1&resize=350%2C200","width":350,"height":200},"classes":[]}],"jetpack_sharing_enabled":true,"jetpack_likes_enabled":true,"_links":{"self":[{"href":"https:\/\/comerciallin.com\/index.php\/wp-json\/wp\/v2\/product\/19715"}],"collection":[{"href":"https:\/\/comerciallin.com\/index.php\/wp-json\/wp\/v2\/product"}],"about":[{"href":"https:\/\/comerciallin.com\/index.php\/wp-json\/wp\/v2\/types\/product"}],"replies":[{"embeddable":true,"href":"https:\/\/comerciallin.com\/index.php\/wp-json\/wp\/v2\/comments?post=19715"}],"wp:featuredmedia":[{"embeddable":true,"href":"https:\/\/comerciallin.com\/index.php\/wp-json\/wp\/v2\/media\/21977"}],"wp:attachment":[{"href":"https:\/\/comerciallin.com\/index.php\/wp-json\/wp\/v2\/media?parent=19715"}],"wp:term":[{"taxonomy":"product_cat","embeddable":true,"href":"https:\/\/comerciallin.com\/index.php\/wp-json\/wp\/v2\/product_cat?post=19715"},{"taxonomy":"product_tag","embeddable":true,"href":"https:\/\/comerciallin.com\/index.php\/wp-json\/wp\/v2\/product_tag?post=19715"}],"curies":[{"name":"wp","href":"https:\/\/api.w.org\/{rel}","templated":true}]}}