{"id":19712,"date":"2022-11-08T15:26:28","date_gmt":"2022-11-08T20:26:28","guid":{"rendered":"https:\/\/comerciallin.com\/index.php\/producto\/parlante-mini-p-compu-a-1\/"},"modified":"2025-01-14T13:57:12","modified_gmt":"2025-01-14T18:57:12","slug":"parlante-mini-p-compu-a-1","status":"publish","type":"product","link":"https:\/\/comerciallin.com\/index.php\/producto\/parlante-mini-p-compu-a-1\/","title":{"rendered":"PARLANTE MINI P. COMPU A-1"},"content":{"rendered":"<p>El altavoz est&eacute;reo ofrece un sonido est&eacute;reo de mayor claridad con un sonido claro de controladores est&eacute;reo ac&uacute;sticos de precisi&oacute;n. El dise&ntilde;o &uacute;nico mejora la calidad del sonido de la m&uacute;sica y las voces.<\/p>\n<p><strong>Gran rendimiento:<\/strong> efecto de sonido de alta calidad y hace que la m&uacute;sica sea m&aacute;s potente para escuchar. Plug and play, fuerte compatibilidad universal, se adapta a la mayor&iacute;a de los dispositivos. Es necesario enchufar los cables USB y de 3,5 mm.<\/p>\n<p><strong>Descripci&oacute;n Tipo de interfaz<\/strong>: USB. Modo de conexi&oacute;n: conector de audio de 3,5 mm. La potencia de salida: 3W * 2. SNR: 75 db o superior.<\/p>\n<p><strong>Canal:<\/strong> 2.<\/p>\n<p><strong>Modo de fuente de alimentaci&oacute;n:<\/strong> USB 5V 1A.<\/p>\n<p><strong>El modo de operaci&oacute;n:<\/strong> Plug and play.<\/p>\n<p><strong>Protocolo Bluetooth:<\/strong> no compatible.<\/p>\n<p><strong>Material de la carcasa:<\/strong> pl&aacute;stico ABS.<\/p>\n<p><strong>Dimensiones:<\/strong> 7,3*7,2*7,2 cm. Color: como muestran las im&aacute;genes.<\/p>\n<p><strong>Cabo:<\/strong> 130CM.<\/p>\n<p>Notas: Debido a la diferencia de configuraci&oacute;n de luz y resoluci&oacute;n, el color del art&iacute;culo puede ser ligeramente diferente al de las im&aacute;genes. Permita una ligera diferencia de dimensi&oacute;n debido a las diferentes medidas manuales. Paquete incluido: 2 * altavoz de escritorio.<\/p>\n","protected":false},"excerpt":{"rendered":"<p>Ezeey, 2 uds., A1, Mini altavoz de escritorio, Audio Multimedia, port\u00e1til, Subwoofer USB, altavoz est\u00e9reo compacto, conector de 3,5 MM<\/p>\n","protected":false},"featured_media":21976,"comment_status":"open","ping_status":"closed","template":"","meta":{"spay_email":""},"product_cat":[789],"product_tag":[],"supplier_id":null,"supplier_sku":"","barcode":null,"atum_controlled":true,"out_stock_date":null,"out_stock_threshold":null,"inheritable":false,"inbound_stock":null,"stock_on_hold":0,"sold_today":0,"sales_last_days":0,"reserved_stock":null,"customer_returns":null,"warehouse_damage":null,"lost_in_post":null,"other_logs":null,"out_stock_days":0,"lost_sales":0,"has_location":null,"update_date":"2026-04-30T00:11:46","atum_locations":[],"atum_stock_status":"instock","restock_status":false,"low_stock_amount":"","sales_update_date":"2026-04-30T00:11:46","calc_backorders":null,"acf":[],"yoast_head":"<!-- This site is optimized with the Yoast SEO Premium plugin v17.4 (Yoast SEO v17.4) - https:\/\/yoast.com\/wordpress\/plugins\/seo\/ -->\n<title>PARLANTE MINI P. COMPU A-1 - tienda de electr\u00f3nica y computaci\u00f3n<\/title>\n<meta name=\"robots\" content=\"index, follow, max-snippet:-1, max-image-preview:large, max-video-preview:-1\" \/>\n<link rel=\"canonical\" href=\"https:\/\/comerciallin.com\/index.php\/producto\/parlante-mini-p-compu-a-1\/\" \/>\n<meta property=\"og:locale\" content=\"es_ES\" \/>\n<meta property=\"og:type\" content=\"article\" \/>\n<meta property=\"og:title\" content=\"PARLANTE MINI P. COMPU A-1\" \/>\n<meta property=\"og:description\" content=\"Ezeey, 2 uds., A1, Mini altavoz de escritorio, Audio Multimedia, port\u00e1til, Subwoofer USB, altavoz est\u00e9reo compacto, conector de 3,5 MM\" \/>\n<meta property=\"og:url\" content=\"https:\/\/comerciallin.com\/index.php\/producto\/parlante-mini-p-compu-a-1\/\" \/>\n<meta property=\"og:site_name\" content=\"tienda de electr\u00f3nica y computaci\u00f3n\" \/>\n<meta property=\"article:modified_time\" content=\"2025-01-14T18:57:12+00:00\" \/>\n<meta property=\"og:image\" content=\"https:\/\/comerciallin.com\/wp-content\/uploads\/2023\/02\/714030101001.jpg\" \/>\n\t<meta property=\"og:image:width\" content=\"992\" \/>\n\t<meta property=\"og:image:height\" content=\"744\" \/>\n<meta name=\"twitter:card\" content=\"summary_large_image\" \/>\n<meta name=\"twitter:label1\" content=\"Precio\" \/>\n\t<meta name=\"twitter:data1\" content=\"&#36;5,75\" \/>\n\t<meta name=\"twitter:label2\" content=\"Availability\" \/>\n\t<meta name=\"twitter:data2\" content=\"In stock\" \/>\n<script type=\"application\/ld+json\" class=\"yoast-schema-graph\">{\"@context\":\"https:\/\/schema.org\",\"@graph\":[{\"@type\":\"WebSite\",\"@id\":\"https:\/\/comerciallin.com\/#website\",\"url\":\"https:\/\/comerciallin.com\/\",\"name\":\"tienda de electr\\u00f3nica y computaci\\u00f3n\",\"description\":\"Importadora de Electr\\u00f3nica y Computaci\\u00f3n\",\"potentialAction\":[{\"@type\":\"SearchAction\",\"target\":{\"@type\":\"EntryPoint\",\"urlTemplate\":\"https:\/\/comerciallin.com\/?s={search_term_string}\"},\"query-input\":\"required name=search_term_string\"}],\"inLanguage\":\"es\"},{\"@type\":\"ImageObject\",\"@id\":\"https:\/\/comerciallin.com\/index.php\/producto\/parlante-mini-p-compu-a-1\/#primaryimage\",\"inLanguage\":\"es\",\"url\":\"https:\/\/i0.wp.com\/comerciallin.com\/wp-content\/uploads\/2023\/02\/714030101001.jpg?fit=992%2C744&ssl=1\",\"contentUrl\":\"https:\/\/i0.wp.com\/comerciallin.com\/wp-content\/uploads\/2023\/02\/714030101001.jpg?fit=992%2C744&ssl=1\",\"width\":992,\"height\":744,\"caption\":\"PARLANTE MINI P. COMPU A-1\"},{\"@type\":\"WebPage\",\"@id\":\"https:\/\/comerciallin.com\/index.php\/producto\/parlante-mini-p-compu-a-1\/#webpage\",\"url\":\"https:\/\/comerciallin.com\/index.php\/producto\/parlante-mini-p-compu-a-1\/\",\"name\":\"PARLANTE MINI P. COMPU A-1 - tienda de electr\\u00f3nica y computaci\\u00f3n\",\"isPartOf\":{\"@id\":\"https:\/\/comerciallin.com\/#website\"},\"primaryImageOfPage\":{\"@id\":\"https:\/\/comerciallin.com\/index.php\/producto\/parlante-mini-p-compu-a-1\/#primaryimage\"},\"datePublished\":\"2022-11-08T20:26:28+00:00\",\"dateModified\":\"2025-01-14T18:57:12+00:00\",\"breadcrumb\":{\"@id\":\"https:\/\/comerciallin.com\/index.php\/producto\/parlante-mini-p-compu-a-1\/#breadcrumb\"},\"inLanguage\":\"es\",\"potentialAction\":[{\"@type\":\"ReadAction\",\"target\":[\"https:\/\/comerciallin.com\/index.php\/producto\/parlante-mini-p-compu-a-1\/\"]}]},{\"@type\":\"BreadcrumbList\",\"@id\":\"https:\/\/comerciallin.com\/index.php\/producto\/parlante-mini-p-compu-a-1\/#breadcrumb\",\"itemListElement\":[{\"@type\":\"ListItem\",\"position\":1,\"name\":\"Inicio\",\"item\":\"https:\/\/comerciallin.com\/\"},{\"@type\":\"ListItem\",\"position\":2,\"name\":\"Shop\",\"item\":\"https:\/\/comerciallin.com\/?page_id=3853\"},{\"@type\":\"ListItem\",\"position\":3,\"name\":\"PARLANTE MINI P. COMPU A-1\"}]}]}<\/script>\n<meta property=\"product:price:amount\" content=\"5.75\" \/>\n<meta property=\"product:price:currency\" content=\"USD\" \/>\n<meta property=\"og:availability\" content=\"instock\" \/>\n<meta property=\"product:availability\" content=\"instock\" \/>\n<meta property=\"product:retailer_item_id\" content=\"714030101001\" \/>\n<meta property=\"product:condition\" content=\"new\" \/>\n<!-- \/ Yoast SEO Premium plugin. -->","yoast_head_json":{"title":"PARLANTE MINI P. COMPU A-1 - tienda de electr\u00f3nica y computaci\u00f3n","robots":{"index":"index","follow":"follow","max-snippet":"max-snippet:-1","max-image-preview":"max-image-preview:large","max-video-preview":"max-video-preview:-1"},"canonical":"https:\/\/comerciallin.com\/index.php\/producto\/parlante-mini-p-compu-a-1\/","og_locale":"es_ES","og_type":"article","og_title":"PARLANTE MINI P. COMPU A-1","og_description":"Ezeey, 2 uds., A1, Mini altavoz de escritorio, Audio Multimedia, port\u00e1til, Subwoofer USB, altavoz est\u00e9reo compacto, conector de 3,5 MM","og_url":"https:\/\/comerciallin.com\/index.php\/producto\/parlante-mini-p-compu-a-1\/","og_site_name":"tienda de electr\u00f3nica y computaci\u00f3n","article_modified_time":"2025-01-14T18:57:12+00:00","og_image":[{"width":992,"height":744,"url":"https:\/\/comerciallin.com\/wp-content\/uploads\/2023\/02\/714030101001.jpg","type":"image\/jpeg"}],"twitter_card":"summary_large_image","twitter_misc":{"Precio":"&#36;5,75","Availability":"In stock"},"schema":{"@context":"https:\/\/schema.org","@graph":[{"@type":"WebSite","@id":"https:\/\/comerciallin.com\/#website","url":"https:\/\/comerciallin.com\/","name":"tienda de electr\u00f3nica y computaci\u00f3n","description":"Importadora de Electr\u00f3nica y Computaci\u00f3n","potentialAction":[{"@type":"SearchAction","target":{"@type":"EntryPoint","urlTemplate":"https:\/\/comerciallin.com\/?s={search_term_string}"},"query-input":"required name=search_term_string"}],"inLanguage":"es"},{"@type":"ImageObject","@id":"https:\/\/comerciallin.com\/index.php\/producto\/parlante-mini-p-compu-a-1\/#primaryimage","inLanguage":"es","url":"https:\/\/i0.wp.com\/comerciallin.com\/wp-content\/uploads\/2023\/02\/714030101001.jpg?fit=992%2C744&ssl=1","contentUrl":"https:\/\/i0.wp.com\/comerciallin.com\/wp-content\/uploads\/2023\/02\/714030101001.jpg?fit=992%2C744&ssl=1","width":992,"height":744,"caption":"PARLANTE MINI P. COMPU A-1"},{"@type":"WebPage","@id":"https:\/\/comerciallin.com\/index.php\/producto\/parlante-mini-p-compu-a-1\/#webpage","url":"https:\/\/comerciallin.com\/index.php\/producto\/parlante-mini-p-compu-a-1\/","name":"PARLANTE MINI P. COMPU A-1 - tienda de electr\u00f3nica y computaci\u00f3n","isPartOf":{"@id":"https:\/\/comerciallin.com\/#website"},"primaryImageOfPage":{"@id":"https:\/\/comerciallin.com\/index.php\/producto\/parlante-mini-p-compu-a-1\/#primaryimage"},"datePublished":"2022-11-08T20:26:28+00:00","dateModified":"2025-01-14T18:57:12+00:00","breadcrumb":{"@id":"https:\/\/comerciallin.com\/index.php\/producto\/parlante-mini-p-compu-a-1\/#breadcrumb"},"inLanguage":"es","potentialAction":[{"@type":"ReadAction","target":["https:\/\/comerciallin.com\/index.php\/producto\/parlante-mini-p-compu-a-1\/"]}]},{"@type":"BreadcrumbList","@id":"https:\/\/comerciallin.com\/index.php\/producto\/parlante-mini-p-compu-a-1\/#breadcrumb","itemListElement":[{"@type":"ListItem","position":1,"name":"Inicio","item":"https:\/\/comerciallin.com\/"},{"@type":"ListItem","position":2,"name":"Shop","item":"https:\/\/comerciallin.com\/?page_id=3853"},{"@type":"ListItem","position":3,"name":"PARLANTE MINI P. COMPU A-1"}]}]},"product_price_amount":"5.75","product_price_currency":"USD","og_availability":"instock","product_availability":"instock","product_retailer_item_id":"714030101001","product_condition":"new"},"jetpack-related-posts":[{"id":19715,"url":"https:\/\/comerciallin.com\/index.php\/producto\/parlante-mini-p-compu-q-8\/","url_meta":{"origin":19712,"position":0},"title":"PARLANTE MINI P. COMPU Q-8","date":"8 de noviembre de 2022","format":false,"excerpt":"Altavoz est\u00e1 disponible en varios colores para adaptarse a tus necesidades y darle un hogar colorido.","rel":"","context":"Entrada similar","img":{"alt_text":"PARLANTE MINI P. COMPU Q-8","src":"https:\/\/i0.wp.com\/comerciallin.com\/wp-content\/uploads\/2023\/02\/714030101003.jpg?fit=992%2C744&ssl=1&resize=350%2C200","width":350,"height":200},"classes":[]},{"id":19663,"url":"https:\/\/comerciallin.com\/index.php\/producto\/parlante-mini-p-compu-t-11\/","url_meta":{"origin":19712,"position":1},"title":"PARLANTE MINI P. COMPU T-11","date":"7 de noviembre de 2022","format":false,"excerpt":"Dise\u00f1o Simple T11 USB 2.0 3.5mm Control de Volumen Mini Altavoz de Sonido Est\u00e9reo de Gran Subwoofer para PC, Laptops y otros dispositivos","rel":"","context":"Entrada similar","img":{"alt_text":"","src":"","width":0,"height":0},"classes":[]},{"id":18719,"url":"https:\/\/comerciallin.com\/index.php\/producto\/tarjeta-sonido-mic-usb-2-1-pc\/","url_meta":{"origin":19712,"position":2},"title":"TARJETA SONIDO\/MIC USB 2.1 PC","date":"7 de noviembre de 2022","format":false,"excerpt":"Convertidor de audio USB a Auxiliar 3.5mm","rel":"","context":"Entrada similar","img":{"alt_text":"","src":"","width":0,"height":0},"classes":[]},{"id":19718,"url":"https:\/\/comerciallin.com\/index.php\/producto\/microfono-corbata-fina-plug-trrs-cell\/","url_meta":{"origin":19712,"position":3},"title":"MICROFONO CORBATA FINA PLUG TRRS CELL","date":"8 de noviembre de 2022","format":false,"excerpt":"Micr\u00f3fono con cable USB Lavailer JH-044","rel":"","context":"Entrada similar","img":{"alt_text":"","src":"","width":0,"height":0},"classes":[]},{"id":19711,"url":"https:\/\/comerciallin.com\/index.php\/producto\/microfono-corbata-usb-jh-044\/","url_meta":{"origin":19712,"position":4},"title":"MICROFONO CORBATA USB JH-044","date":"8 de noviembre de 2022","format":false,"excerpt":"Micr\u00f3fono con cable USB Lavailer JH-044","rel":"","context":"Entrada similar","img":{"alt_text":"","src":"","width":0,"height":0},"classes":[]},{"id":18736,"url":"https:\/\/comerciallin.com\/index.php\/producto\/expansor-usb-3-0-1-a-4-port-hub\/","url_meta":{"origin":19712,"position":5},"title":"EXPANSOR USB 3.0 1 A 4 PORT HUB","date":"7 de noviembre de 2022","format":false,"excerpt":"\u00e2\u0153\u2026100% nuevo y de alta calidad \u00e2\u0153\u2026Dispositivo plug & play USB \u00e2\u0153\u2026Totalmente compatible con las especificaciones USB Versi\u00c3\u00b3n 3,0 \u00e2\u0153\u2026 LED azul para alimentaci\u00c3\u00b3n \u00e2\u0153\u2026Los interruptores de encendido\/apagado activan o desactivan puertos individuales","rel":"","context":"Entrada similar","img":{"alt_text":"","src":"","width":0,"height":0},"classes":[]}],"jetpack_sharing_enabled":true,"jetpack_likes_enabled":true,"_links":{"self":[{"href":"https:\/\/comerciallin.com\/index.php\/wp-json\/wp\/v2\/product\/19712"}],"collection":[{"href":"https:\/\/comerciallin.com\/index.php\/wp-json\/wp\/v2\/product"}],"about":[{"href":"https:\/\/comerciallin.com\/index.php\/wp-json\/wp\/v2\/types\/product"}],"replies":[{"embeddable":true,"href":"https:\/\/comerciallin.com\/index.php\/wp-json\/wp\/v2\/comments?post=19712"}],"wp:featuredmedia":[{"embeddable":true,"href":"https:\/\/comerciallin.com\/index.php\/wp-json\/wp\/v2\/media\/21976"}],"wp:attachment":[{"href":"https:\/\/comerciallin.com\/index.php\/wp-json\/wp\/v2\/media?parent=19712"}],"wp:term":[{"taxonomy":"product_cat","embeddable":true,"href":"https:\/\/comerciallin.com\/index.php\/wp-json\/wp\/v2\/product_cat?post=19712"},{"taxonomy":"product_tag","embeddable":true,"href":"https:\/\/comerciallin.com\/index.php\/wp-json\/wp\/v2\/product_tag?post=19712"}],"curies":[{"name":"wp","href":"https:\/\/api.w.org\/{rel}","templated":true}]}}