{"id":19707,"date":"2022-11-08T15:26:22","date_gmt":"2022-11-08T20:26:22","guid":{"rendered":"https:\/\/comerciallin.com\/index.php\/producto\/cpu-amd-ryzen-7-3700x-wraith-stealth-cooler-r\/"},"modified":"2025-01-14T13:55:49","modified_gmt":"2025-01-14T18:55:49","slug":"cpu-amd-ryzen-7-3700x-wraith-stealth-cooler-r","status":"publish","type":"product","link":"https:\/\/comerciallin.com\/index.php\/producto\/cpu-amd-ryzen-7-3700x-wraith-stealth-cooler-r\/","title":{"rendered":"CPU AMD RYZEN 7 3700X WRAITH STEALTH COOLER R"},"content":{"rendered":"<ul class=\"a-unordered-list a-vertical a-spacing-mini\">\n<li><span class=\"a-list-item\">El procesador m&aacute;s avanzado del mundo en el segmento de juegos de PC de escritorio<\/span><\/li>\n<li><span class=\"a-list-item\">Puede ofrecer un rendimiento ultrarr&aacute;pido de 100 FPS en los juegos m&aacute;s populares del mundo<\/span><\/li>\n<li><span class=\"a-list-item\">8 n&uacute;cleos y 16 hilos de procesamiento incluidos con el enfriador AMD Wraith Prism con soporte LED controlado por color<\/span><\/li>\n<li><span class=\"a-list-item\">4 4 GHz m&aacute;ximo Boost desbloqueado para overclocking 36 MB de cach&eacute; de juego DDR4 3200 MHz especificaci&oacute;n de memoria del sistema<\/span><\/li>\n<li><span class=\"a-list-item\">Para la avanzada plataforma AM4 puede soportar PCIe 4 0 en placas base x570. Temperatura m&aacute;xima de funcionamiento (Tjmax): 203.0&nbsp;&deg;F<\/span><\/li>\n<\/ul>\n","protected":false},"excerpt":{"rendered":"<p>AMD Ryzen\u2122 7 3700X Experiencia de Juego y Transmisiones en Tiempo Real Dominantes<\/p>\n","protected":false},"featured_media":21850,"comment_status":"open","ping_status":"closed","template":"","meta":{"spay_email":""},"product_cat":[814],"product_tag":[],"supplier_id":null,"supplier_sku":"","barcode":null,"atum_controlled":true,"out_stock_date":null,"out_stock_threshold":null,"inheritable":false,"inbound_stock":null,"stock_on_hold":0,"sold_today":0,"sales_last_days":0,"reserved_stock":null,"customer_returns":null,"warehouse_damage":null,"lost_in_post":null,"other_logs":null,"out_stock_days":0,"lost_sales":0,"has_location":null,"update_date":"2026-05-02T00:12:26","atum_locations":[],"atum_stock_status":"instock","restock_status":false,"low_stock_amount":"","sales_update_date":"2026-05-02T00:12:26","calc_backorders":null,"acf":[],"yoast_head":"<!-- This site is optimized with the Yoast SEO Premium plugin v17.4 (Yoast SEO v17.4) - https:\/\/yoast.com\/wordpress\/plugins\/seo\/ -->\n<title>CPU AMD RYZEN 7 3700X WRAITH STEALTH COOLER R - tienda de electr\u00f3nica y computaci\u00f3n<\/title>\n<meta name=\"robots\" content=\"index, follow, max-snippet:-1, max-image-preview:large, max-video-preview:-1\" \/>\n<link rel=\"canonical\" href=\"https:\/\/comerciallin.com\/index.php\/producto\/cpu-amd-ryzen-7-3700x-wraith-stealth-cooler-r\/\" \/>\n<meta property=\"og:locale\" content=\"es_ES\" \/>\n<meta property=\"og:type\" content=\"article\" \/>\n<meta property=\"og:title\" content=\"CPU AMD RYZEN 7 3700X WRAITH STEALTH COOLER R\" \/>\n<meta property=\"og:description\" content=\"AMD Ryzen\u2122 7 3700X Experiencia de Juego y Transmisiones en Tiempo Real Dominantes\" \/>\n<meta property=\"og:url\" content=\"https:\/\/comerciallin.com\/index.php\/producto\/cpu-amd-ryzen-7-3700x-wraith-stealth-cooler-r\/\" \/>\n<meta property=\"og:site_name\" content=\"tienda de electr\u00f3nica y computaci\u00f3n\" \/>\n<meta property=\"article:modified_time\" content=\"2025-01-14T18:55:49+00:00\" \/>\n<meta property=\"og:image\" content=\"https:\/\/comerciallin.com\/wp-content\/uploads\/2023\/02\/054030101105.jpg\" \/>\n\t<meta property=\"og:image:width\" content=\"992\" \/>\n\t<meta property=\"og:image:height\" content=\"744\" \/>\n<meta name=\"twitter:card\" content=\"summary_large_image\" \/>\n<meta name=\"twitter:label1\" content=\"Precio\" \/>\n\t<meta name=\"twitter:data1\" content=\"&#36;494,50\" \/>\n\t<meta name=\"twitter:label2\" content=\"Availability\" \/>\n\t<meta name=\"twitter:data2\" content=\"In stock\" \/>\n<script type=\"application\/ld+json\" class=\"yoast-schema-graph\">{\"@context\":\"https:\/\/schema.org\",\"@graph\":[{\"@type\":\"WebSite\",\"@id\":\"https:\/\/comerciallin.com\/#website\",\"url\":\"https:\/\/comerciallin.com\/\",\"name\":\"tienda de electr\\u00f3nica y computaci\\u00f3n\",\"description\":\"Importadora de Electr\\u00f3nica y Computaci\\u00f3n\",\"potentialAction\":[{\"@type\":\"SearchAction\",\"target\":{\"@type\":\"EntryPoint\",\"urlTemplate\":\"https:\/\/comerciallin.com\/?s={search_term_string}\"},\"query-input\":\"required name=search_term_string\"}],\"inLanguage\":\"es\"},{\"@type\":\"ImageObject\",\"@id\":\"https:\/\/comerciallin.com\/index.php\/producto\/cpu-amd-ryzen-7-3700x-wraith-stealth-cooler-r\/#primaryimage\",\"inLanguage\":\"es\",\"url\":\"https:\/\/i0.wp.com\/comerciallin.com\/wp-content\/uploads\/2023\/02\/054030101105.jpg?fit=992%2C744&ssl=1\",\"contentUrl\":\"https:\/\/i0.wp.com\/comerciallin.com\/wp-content\/uploads\/2023\/02\/054030101105.jpg?fit=992%2C744&ssl=1\",\"width\":992,\"height\":744,\"caption\":\"CPU AMD RYZEN 7 3700X WRAITH STEALTH COOLER R\"},{\"@type\":\"WebPage\",\"@id\":\"https:\/\/comerciallin.com\/index.php\/producto\/cpu-amd-ryzen-7-3700x-wraith-stealth-cooler-r\/#webpage\",\"url\":\"https:\/\/comerciallin.com\/index.php\/producto\/cpu-amd-ryzen-7-3700x-wraith-stealth-cooler-r\/\",\"name\":\"CPU AMD RYZEN 7 3700X WRAITH STEALTH COOLER R - tienda de electr\\u00f3nica y computaci\\u00f3n\",\"isPartOf\":{\"@id\":\"https:\/\/comerciallin.com\/#website\"},\"primaryImageOfPage\":{\"@id\":\"https:\/\/comerciallin.com\/index.php\/producto\/cpu-amd-ryzen-7-3700x-wraith-stealth-cooler-r\/#primaryimage\"},\"datePublished\":\"2022-11-08T20:26:22+00:00\",\"dateModified\":\"2025-01-14T18:55:49+00:00\",\"breadcrumb\":{\"@id\":\"https:\/\/comerciallin.com\/index.php\/producto\/cpu-amd-ryzen-7-3700x-wraith-stealth-cooler-r\/#breadcrumb\"},\"inLanguage\":\"es\",\"potentialAction\":[{\"@type\":\"ReadAction\",\"target\":[\"https:\/\/comerciallin.com\/index.php\/producto\/cpu-amd-ryzen-7-3700x-wraith-stealth-cooler-r\/\"]}]},{\"@type\":\"BreadcrumbList\",\"@id\":\"https:\/\/comerciallin.com\/index.php\/producto\/cpu-amd-ryzen-7-3700x-wraith-stealth-cooler-r\/#breadcrumb\",\"itemListElement\":[{\"@type\":\"ListItem\",\"position\":1,\"name\":\"Inicio\",\"item\":\"https:\/\/comerciallin.com\/\"},{\"@type\":\"ListItem\",\"position\":2,\"name\":\"Shop\",\"item\":\"https:\/\/comerciallin.com\/?page_id=3853\"},{\"@type\":\"ListItem\",\"position\":3,\"name\":\"CPU AMD RYZEN 7 3700X WRAITH STEALTH COOLER R\"}]}]}<\/script>\n<meta property=\"product:price:amount\" content=\"494.50\" \/>\n<meta property=\"product:price:currency\" content=\"USD\" \/>\n<meta property=\"og:availability\" content=\"instock\" \/>\n<meta property=\"product:availability\" content=\"instock\" \/>\n<meta property=\"product:retailer_item_id\" content=\"54030101105\" \/>\n<meta property=\"product:condition\" content=\"new\" \/>\n<!-- \/ Yoast SEO Premium plugin. -->","yoast_head_json":{"title":"CPU AMD RYZEN 7 3700X WRAITH STEALTH COOLER R - tienda de electr\u00f3nica y computaci\u00f3n","robots":{"index":"index","follow":"follow","max-snippet":"max-snippet:-1","max-image-preview":"max-image-preview:large","max-video-preview":"max-video-preview:-1"},"canonical":"https:\/\/comerciallin.com\/index.php\/producto\/cpu-amd-ryzen-7-3700x-wraith-stealth-cooler-r\/","og_locale":"es_ES","og_type":"article","og_title":"CPU AMD RYZEN 7 3700X WRAITH STEALTH COOLER R","og_description":"AMD Ryzen\u2122 7 3700X Experiencia de Juego y Transmisiones en Tiempo Real Dominantes","og_url":"https:\/\/comerciallin.com\/index.php\/producto\/cpu-amd-ryzen-7-3700x-wraith-stealth-cooler-r\/","og_site_name":"tienda de electr\u00f3nica y computaci\u00f3n","article_modified_time":"2025-01-14T18:55:49+00:00","og_image":[{"width":992,"height":744,"url":"https:\/\/comerciallin.com\/wp-content\/uploads\/2023\/02\/054030101105.jpg","type":"image\/jpeg"}],"twitter_card":"summary_large_image","twitter_misc":{"Precio":"&#36;494,50","Availability":"In stock"},"schema":{"@context":"https:\/\/schema.org","@graph":[{"@type":"WebSite","@id":"https:\/\/comerciallin.com\/#website","url":"https:\/\/comerciallin.com\/","name":"tienda de electr\u00f3nica y computaci\u00f3n","description":"Importadora de Electr\u00f3nica y Computaci\u00f3n","potentialAction":[{"@type":"SearchAction","target":{"@type":"EntryPoint","urlTemplate":"https:\/\/comerciallin.com\/?s={search_term_string}"},"query-input":"required name=search_term_string"}],"inLanguage":"es"},{"@type":"ImageObject","@id":"https:\/\/comerciallin.com\/index.php\/producto\/cpu-amd-ryzen-7-3700x-wraith-stealth-cooler-r\/#primaryimage","inLanguage":"es","url":"https:\/\/i0.wp.com\/comerciallin.com\/wp-content\/uploads\/2023\/02\/054030101105.jpg?fit=992%2C744&ssl=1","contentUrl":"https:\/\/i0.wp.com\/comerciallin.com\/wp-content\/uploads\/2023\/02\/054030101105.jpg?fit=992%2C744&ssl=1","width":992,"height":744,"caption":"CPU AMD RYZEN 7 3700X WRAITH STEALTH COOLER R"},{"@type":"WebPage","@id":"https:\/\/comerciallin.com\/index.php\/producto\/cpu-amd-ryzen-7-3700x-wraith-stealth-cooler-r\/#webpage","url":"https:\/\/comerciallin.com\/index.php\/producto\/cpu-amd-ryzen-7-3700x-wraith-stealth-cooler-r\/","name":"CPU AMD RYZEN 7 3700X WRAITH STEALTH COOLER R - tienda de electr\u00f3nica y computaci\u00f3n","isPartOf":{"@id":"https:\/\/comerciallin.com\/#website"},"primaryImageOfPage":{"@id":"https:\/\/comerciallin.com\/index.php\/producto\/cpu-amd-ryzen-7-3700x-wraith-stealth-cooler-r\/#primaryimage"},"datePublished":"2022-11-08T20:26:22+00:00","dateModified":"2025-01-14T18:55:49+00:00","breadcrumb":{"@id":"https:\/\/comerciallin.com\/index.php\/producto\/cpu-amd-ryzen-7-3700x-wraith-stealth-cooler-r\/#breadcrumb"},"inLanguage":"es","potentialAction":[{"@type":"ReadAction","target":["https:\/\/comerciallin.com\/index.php\/producto\/cpu-amd-ryzen-7-3700x-wraith-stealth-cooler-r\/"]}]},{"@type":"BreadcrumbList","@id":"https:\/\/comerciallin.com\/index.php\/producto\/cpu-amd-ryzen-7-3700x-wraith-stealth-cooler-r\/#breadcrumb","itemListElement":[{"@type":"ListItem","position":1,"name":"Inicio","item":"https:\/\/comerciallin.com\/"},{"@type":"ListItem","position":2,"name":"Shop","item":"https:\/\/comerciallin.com\/?page_id=3853"},{"@type":"ListItem","position":3,"name":"CPU AMD RYZEN 7 3700X WRAITH STEALTH COOLER R"}]}]},"product_price_amount":"494.50","product_price_currency":"USD","og_availability":"instock","product_availability":"instock","product_retailer_item_id":"54030101105","product_condition":"new"},"jetpack-related-posts":[{"id":19365,"url":"https:\/\/comerciallin.com\/index.php\/producto\/cpu-amd-ryzen-5-5600g-3-9ghz-graficos-radeon\/","url_meta":{"origin":19707,"position":0},"title":"CPU AMD RYZEN 5 5600G 3.9GHZ GRAFICOS RADEON","date":"7 de noviembre de 2022","format":false,"excerpt":"Familia de procesador:\u00a0AMD Ryzen 5 Modelo del procesador:\u00a05600G Socket de procesador:\u00a0Socket AM4 N\u00famero de n\u00facleos:\u00a06","rel":"","context":"Entrada similar","img":{"alt_text":"","src":"","width":0,"height":0},"classes":[]},{"id":19347,"url":"https:\/\/comerciallin.com\/index.php\/producto\/t-madre-asus-tuf-gaming-b550m-plus-wifi\/","url_meta":{"origin":19707,"position":1},"title":"T.MADRE ASUS TUF GAMING B550M PLUS WIFI","date":"7 de noviembre de 2022","format":false,"excerpt":"ASUS TUF Gaming B550M-PLUS (WiFi 6) AMD AM4 (3rd Gen Ryzen\u2122) microATX Gaming Motherboard (PCIe 4.0, 2.5Gb LAN, BIOS Flashback, HDMI 2.1, USB 3.2 Gen 2, Addressable Gen 2 RGB Header and Aura Sync)","rel":"","context":"Entrada similar","img":{"alt_text":"","src":"","width":0,"height":0},"classes":[]},{"id":18885,"url":"https:\/\/comerciallin.com\/index.php\/producto\/discipador-cool-storm-intel-amd\/","url_meta":{"origin":19707,"position":2},"title":"DISCIPADOR COOL STORM INTEL\/AMD","date":"7 de noviembre de 2022","format":false,"excerpt":"VENTILADOR DE CPU SILENCIOSO DEL RADIADOR DE LA COMPUTADORA DE ESCRITORIO DE COOL STORM 12CM PARA INTEL AMD","rel":"","context":"Entrada similar","img":{"alt_text":"","src":"","width":0,"height":0},"classes":[]},{"id":19705,"url":"https:\/\/comerciallin.com\/index.php\/producto\/microfono-usb-c-base-usb-4\/","url_meta":{"origin":19707,"position":3},"title":"MICROFONO USB C\/BASE USB-4","date":"8 de noviembre de 2022","format":false,"excerpt":"Micr\u00f3fono de escritorio USB Plug & Play PC Micr\u00f3fono de computadora para juegos de computadora Grabaci\u00f3n Charla Canto Reuni\u00f3n","rel":"","context":"Entrada similar","img":{"alt_text":"","src":"","width":0,"height":0},"classes":[]},{"id":25846,"url":"https:\/\/comerciallin.com\/index.php\/producto\/spliter-hdmi-1-x-4\/","url_meta":{"origin":19707,"position":4},"title":"SPLITER HDMI &#8211; 1 X 4","date":"17 de noviembre de 2023","format":false,"excerpt":"\u00bfQuieres compartir 4 pantallas a la vez? \u00a1Este splitter HDMI 1x4 es la soluci\u00f3n perfecta! Con este splitter, podr\u00e1s conectar hasta cuatro pantallas a una sola fuente HDMI. Ideal para presentaciones, juegos y entretenimiento en casa. El splitter est\u00e1 hecho de materiales de alta calidad y est\u00e1 dise\u00f1ado para durar.\u2026","rel":"","context":"Entrada similar","img":{"alt_text":"","src":"","width":0,"height":0},"classes":[]},{"id":18883,"url":"https:\/\/comerciallin.com\/index.php\/producto\/cargador-comp-hp-p-azul-19-5v-4-62a-4-53-0m\/","url_meta":{"origin":19707,"position":5},"title":"CARGADOR COMP HP P. AZUL 19.5V 4.62A 4.5*3.0M","date":"7 de noviembre de 2022","format":false,"excerpt":"Especificaciones: Entrada: 100-240V \/ 50-60Hz Salida: 19,5V 4,62A Conector: 4,5mm * 3,0m Color: Negro Condici\u00f3n: Nueva estrenar Paquete incluye: 1 x Adaptador de corriente AC 1 x Cable de Alimentaci\u00f3n El\u00e9ctrica Garant\u00eda: 6 meses de garant\u00eda y 15 d\u00edas de devoluci\u00f3n de dinero IVA Incluido","rel":"","context":"Entrada similar","img":{"alt_text":"","src":"https:\/\/i0.wp.com\/comerciallin.com\/wp-content\/uploads\/imgcomerciallin\/servicio_tecnico.png?resize=350%2C200","width":350,"height":200},"classes":[]}],"jetpack_sharing_enabled":true,"jetpack_likes_enabled":true,"_links":{"self":[{"href":"https:\/\/comerciallin.com\/index.php\/wp-json\/wp\/v2\/product\/19707"}],"collection":[{"href":"https:\/\/comerciallin.com\/index.php\/wp-json\/wp\/v2\/product"}],"about":[{"href":"https:\/\/comerciallin.com\/index.php\/wp-json\/wp\/v2\/types\/product"}],"replies":[{"embeddable":true,"href":"https:\/\/comerciallin.com\/index.php\/wp-json\/wp\/v2\/comments?post=19707"}],"wp:featuredmedia":[{"embeddable":true,"href":"https:\/\/comerciallin.com\/index.php\/wp-json\/wp\/v2\/media\/21850"}],"wp:attachment":[{"href":"https:\/\/comerciallin.com\/index.php\/wp-json\/wp\/v2\/media?parent=19707"}],"wp:term":[{"taxonomy":"product_cat","embeddable":true,"href":"https:\/\/comerciallin.com\/index.php\/wp-json\/wp\/v2\/product_cat?post=19707"},{"taxonomy":"product_tag","embeddable":true,"href":"https:\/\/comerciallin.com\/index.php\/wp-json\/wp\/v2\/product_tag?post=19707"}],"curies":[{"name":"wp","href":"https:\/\/api.w.org\/{rel}","templated":true}]}}