{"id":19699,"date":"2022-11-07T13:30:56","date_gmt":"2022-11-07T18:30:56","guid":{"rendered":"https:\/\/comerciallin.com\/index.php\/producto\/pantalla-lapto-14-0-slim-fhd-30pin\/"},"modified":"2025-01-14T13:57:10","modified_gmt":"2025-01-14T18:57:10","slug":"pantalla-lapto-14-0-slim-fhd-30pin","status":"publish","type":"product","link":"https:\/\/comerciallin.com\/index.php\/producto\/pantalla-lapto-14-0-slim-fhd-30pin\/","title":{"rendered":"PANTALLA LAPTO 14.0&#8243; SLIM FHD 30PIN"},"content":{"rendered":"<ul class=\"a-unordered-list a-vertical a-spacing-mini\">\n<li><span class=\"a-list-item\">Tama&ntilde;o de la pantalla LCD para port&aacute;til: 14,0 pulgadas, delgada<\/span><\/li>\n<li><span class=\"a-list-item\">Resoluci&oacute;n de la pantalla LCD para port&aacute;til: FHD (1366 x 768)<\/span><\/li>\n<li><span class=\"a-list-item\">Tipo de pantalla LCD para port&aacute;til: LED LCD<\/span><\/li>\n<li><span class=\"a-list-item\">Conector de pantalla LCD para port&aacute;til: 30 pines (parte inferior derecha)<\/span><\/li>\n<li><span class=\"a-list-item\">Producto nuevo. Compatibilidad garantizada.<\/span><\/li>\n<\/ul>\n","protected":false},"excerpt":{"rendered":"<ul class=\"a-unordered-list a-vertical a-spacing-mini\">\n<li><span class=\"a-list-item\">Tama&ntilde;o de la pantalla LCD para port&aacute;til: 14,0 pulgadas, delgada<\/span><\/li>\n<li><span class=\"a-list-item\">Resoluci&oacute;n de la pantalla LCD para port&aacute;til: FHD (1366 x 768)<\/span><\/li>\n<li><span class=\"a-list-item\">Tipo de pantalla LCD para port&aacute;til: LED LCD<\/span><\/li>\n<li><span class=\"a-list-item\">Conector de pantalla LCD para port&aacute;til: 30 pines (parte inferior derecha)<\/span><\/li>\n<li><span class=\"a-list-item\">Producto nuevo. Compatibilidad garantizada.<\/span><\/li>\n<\/ul>\n","protected":false},"featured_media":21971,"comment_status":"open","ping_status":"closed","template":"","meta":{"spay_email":""},"product_cat":[826],"product_tag":[],"supplier_id":null,"supplier_sku":"","barcode":null,"atum_controlled":true,"out_stock_date":null,"out_stock_threshold":null,"inheritable":false,"inbound_stock":null,"stock_on_hold":0,"sold_today":0,"sales_last_days":0,"reserved_stock":null,"customer_returns":null,"warehouse_damage":null,"lost_in_post":null,"other_logs":null,"out_stock_days":0,"lost_sales":0,"has_location":null,"update_date":"2026-05-02T00:12:22","atum_locations":[],"atum_stock_status":"instock","restock_status":false,"low_stock_amount":"","sales_update_date":"2026-05-02T00:12:22","calc_backorders":null,"acf":[],"yoast_head":"<!-- This site is optimized with the Yoast SEO Premium plugin v17.4 (Yoast SEO v17.4) - https:\/\/yoast.com\/wordpress\/plugins\/seo\/ -->\n<title>PANTALLA LAPTO 14.0&quot; SLIM FHD 30PIN - tienda de electr\u00f3nica y computaci\u00f3n<\/title>\n<meta name=\"robots\" content=\"index, follow, max-snippet:-1, max-image-preview:large, max-video-preview:-1\" \/>\n<link rel=\"canonical\" href=\"https:\/\/comerciallin.com\/index.php\/producto\/pantalla-lapto-14-0-slim-fhd-30pin\/\" \/>\n<meta property=\"og:locale\" content=\"es_ES\" \/>\n<meta property=\"og:type\" content=\"article\" \/>\n<meta property=\"og:title\" content=\"PANTALLA LAPTO 14.0&quot; SLIM FHD 30PIN\" \/>\n<meta property=\"og:description\" content=\"Tama&ntilde;o de la pantalla LCD para port&aacute;til: 14,0 pulgadas, delgada Resoluci&oacute;n de la pantalla LCD para port&aacute;til: FHD (1366 x 768) Tipo de pantalla LCD para port&aacute;til: LED LCD Conector de pantalla LCD para port&aacute;til: 30 pines (parte inferior derecha) Producto nuevo. Compatibilidad garantizada.\" \/>\n<meta property=\"og:url\" content=\"https:\/\/comerciallin.com\/index.php\/producto\/pantalla-lapto-14-0-slim-fhd-30pin\/\" \/>\n<meta property=\"og:site_name\" content=\"tienda de electr\u00f3nica y computaci\u00f3n\" \/>\n<meta property=\"article:modified_time\" content=\"2025-01-14T18:57:10+00:00\" \/>\n<meta property=\"og:image\" content=\"https:\/\/comerciallin.com\/wp-content\/uploads\/2023\/02\/602030110502.jpg\" \/>\n\t<meta property=\"og:image:width\" content=\"992\" \/>\n\t<meta property=\"og:image:height\" content=\"744\" \/>\n<meta name=\"twitter:card\" content=\"summary_large_image\" \/>\n<meta name=\"twitter:label1\" content=\"Precio\" \/>\n\t<meta name=\"twitter:data1\" content=\"&#36;83,95\" \/>\n\t<meta name=\"twitter:label2\" content=\"Availability\" \/>\n\t<meta name=\"twitter:data2\" content=\"In stock\" \/>\n<script type=\"application\/ld+json\" class=\"yoast-schema-graph\">{\"@context\":\"https:\/\/schema.org\",\"@graph\":[{\"@type\":\"WebSite\",\"@id\":\"https:\/\/comerciallin.com\/#website\",\"url\":\"https:\/\/comerciallin.com\/\",\"name\":\"tienda de electr\\u00f3nica y computaci\\u00f3n\",\"description\":\"Importadora de Electr\\u00f3nica y Computaci\\u00f3n\",\"potentialAction\":[{\"@type\":\"SearchAction\",\"target\":{\"@type\":\"EntryPoint\",\"urlTemplate\":\"https:\/\/comerciallin.com\/?s={search_term_string}\"},\"query-input\":\"required name=search_term_string\"}],\"inLanguage\":\"es\"},{\"@type\":\"ImageObject\",\"@id\":\"https:\/\/comerciallin.com\/index.php\/producto\/pantalla-lapto-14-0-slim-fhd-30pin\/#primaryimage\",\"inLanguage\":\"es\",\"url\":\"https:\/\/i0.wp.com\/comerciallin.com\/wp-content\/uploads\/2023\/02\/602030110502.jpg?fit=992%2C744&ssl=1\",\"contentUrl\":\"https:\/\/i0.wp.com\/comerciallin.com\/wp-content\/uploads\/2023\/02\/602030110502.jpg?fit=992%2C744&ssl=1\",\"width\":992,\"height\":744,\"caption\":\"PANTALLA LAPTO 14.0\\\" SLIM FHD 30PIN\"},{\"@type\":\"WebPage\",\"@id\":\"https:\/\/comerciallin.com\/index.php\/producto\/pantalla-lapto-14-0-slim-fhd-30pin\/#webpage\",\"url\":\"https:\/\/comerciallin.com\/index.php\/producto\/pantalla-lapto-14-0-slim-fhd-30pin\/\",\"name\":\"PANTALLA LAPTO 14.0\\\" SLIM FHD 30PIN - tienda de electr\\u00f3nica y computaci\\u00f3n\",\"isPartOf\":{\"@id\":\"https:\/\/comerciallin.com\/#website\"},\"primaryImageOfPage\":{\"@id\":\"https:\/\/comerciallin.com\/index.php\/producto\/pantalla-lapto-14-0-slim-fhd-30pin\/#primaryimage\"},\"datePublished\":\"2022-11-07T18:30:56+00:00\",\"dateModified\":\"2025-01-14T18:57:10+00:00\",\"breadcrumb\":{\"@id\":\"https:\/\/comerciallin.com\/index.php\/producto\/pantalla-lapto-14-0-slim-fhd-30pin\/#breadcrumb\"},\"inLanguage\":\"es\",\"potentialAction\":[{\"@type\":\"ReadAction\",\"target\":[\"https:\/\/comerciallin.com\/index.php\/producto\/pantalla-lapto-14-0-slim-fhd-30pin\/\"]}]},{\"@type\":\"BreadcrumbList\",\"@id\":\"https:\/\/comerciallin.com\/index.php\/producto\/pantalla-lapto-14-0-slim-fhd-30pin\/#breadcrumb\",\"itemListElement\":[{\"@type\":\"ListItem\",\"position\":1,\"name\":\"Inicio\",\"item\":\"https:\/\/comerciallin.com\/\"},{\"@type\":\"ListItem\",\"position\":2,\"name\":\"Shop\",\"item\":\"https:\/\/comerciallin.com\/?page_id=3853\"},{\"@type\":\"ListItem\",\"position\":3,\"name\":\"PANTALLA LAPTO 14.0&#8243; SLIM FHD 30PIN\"}]}]}<\/script>\n<meta property=\"product:price:amount\" content=\"83.95\" \/>\n<meta property=\"product:price:currency\" content=\"USD\" \/>\n<meta property=\"og:availability\" content=\"instock\" \/>\n<meta property=\"product:availability\" content=\"instock\" \/>\n<meta property=\"product:retailer_item_id\" content=\"602030110502\" \/>\n<meta property=\"product:condition\" content=\"new\" \/>\n<!-- \/ Yoast SEO Premium plugin. -->","yoast_head_json":{"title":"PANTALLA LAPTO 14.0\" SLIM FHD 30PIN - tienda de electr\u00f3nica y computaci\u00f3n","robots":{"index":"index","follow":"follow","max-snippet":"max-snippet:-1","max-image-preview":"max-image-preview:large","max-video-preview":"max-video-preview:-1"},"canonical":"https:\/\/comerciallin.com\/index.php\/producto\/pantalla-lapto-14-0-slim-fhd-30pin\/","og_locale":"es_ES","og_type":"article","og_title":"PANTALLA LAPTO 14.0\" SLIM FHD 30PIN","og_description":"Tama&ntilde;o de la pantalla LCD para port&aacute;til: 14,0 pulgadas, delgada Resoluci&oacute;n de la pantalla LCD para port&aacute;til: FHD (1366 x 768) Tipo de pantalla LCD para port&aacute;til: LED LCD Conector de pantalla LCD para port&aacute;til: 30 pines (parte inferior derecha) Producto nuevo. Compatibilidad garantizada.","og_url":"https:\/\/comerciallin.com\/index.php\/producto\/pantalla-lapto-14-0-slim-fhd-30pin\/","og_site_name":"tienda de electr\u00f3nica y computaci\u00f3n","article_modified_time":"2025-01-14T18:57:10+00:00","og_image":[{"width":992,"height":744,"url":"https:\/\/comerciallin.com\/wp-content\/uploads\/2023\/02\/602030110502.jpg","type":"image\/jpeg"}],"twitter_card":"summary_large_image","twitter_misc":{"Precio":"&#36;83,95","Availability":"In stock"},"schema":{"@context":"https:\/\/schema.org","@graph":[{"@type":"WebSite","@id":"https:\/\/comerciallin.com\/#website","url":"https:\/\/comerciallin.com\/","name":"tienda de electr\u00f3nica y computaci\u00f3n","description":"Importadora de Electr\u00f3nica y Computaci\u00f3n","potentialAction":[{"@type":"SearchAction","target":{"@type":"EntryPoint","urlTemplate":"https:\/\/comerciallin.com\/?s={search_term_string}"},"query-input":"required name=search_term_string"}],"inLanguage":"es"},{"@type":"ImageObject","@id":"https:\/\/comerciallin.com\/index.php\/producto\/pantalla-lapto-14-0-slim-fhd-30pin\/#primaryimage","inLanguage":"es","url":"https:\/\/i0.wp.com\/comerciallin.com\/wp-content\/uploads\/2023\/02\/602030110502.jpg?fit=992%2C744&ssl=1","contentUrl":"https:\/\/i0.wp.com\/comerciallin.com\/wp-content\/uploads\/2023\/02\/602030110502.jpg?fit=992%2C744&ssl=1","width":992,"height":744,"caption":"PANTALLA LAPTO 14.0\" SLIM FHD 30PIN"},{"@type":"WebPage","@id":"https:\/\/comerciallin.com\/index.php\/producto\/pantalla-lapto-14-0-slim-fhd-30pin\/#webpage","url":"https:\/\/comerciallin.com\/index.php\/producto\/pantalla-lapto-14-0-slim-fhd-30pin\/","name":"PANTALLA LAPTO 14.0\" SLIM FHD 30PIN - tienda de electr\u00f3nica y computaci\u00f3n","isPartOf":{"@id":"https:\/\/comerciallin.com\/#website"},"primaryImageOfPage":{"@id":"https:\/\/comerciallin.com\/index.php\/producto\/pantalla-lapto-14-0-slim-fhd-30pin\/#primaryimage"},"datePublished":"2022-11-07T18:30:56+00:00","dateModified":"2025-01-14T18:57:10+00:00","breadcrumb":{"@id":"https:\/\/comerciallin.com\/index.php\/producto\/pantalla-lapto-14-0-slim-fhd-30pin\/#breadcrumb"},"inLanguage":"es","potentialAction":[{"@type":"ReadAction","target":["https:\/\/comerciallin.com\/index.php\/producto\/pantalla-lapto-14-0-slim-fhd-30pin\/"]}]},{"@type":"BreadcrumbList","@id":"https:\/\/comerciallin.com\/index.php\/producto\/pantalla-lapto-14-0-slim-fhd-30pin\/#breadcrumb","itemListElement":[{"@type":"ListItem","position":1,"name":"Inicio","item":"https:\/\/comerciallin.com\/"},{"@type":"ListItem","position":2,"name":"Shop","item":"https:\/\/comerciallin.com\/?page_id=3853"},{"@type":"ListItem","position":3,"name":"PANTALLA LAPTO 14.0&#8243; SLIM FHD 30PIN"}]}]},"product_price_amount":"83.95","product_price_currency":"USD","og_availability":"instock","product_availability":"instock","product_retailer_item_id":"602030110502","product_condition":"new"},"jetpack-related-posts":[{"id":19685,"url":"https:\/\/comerciallin.com\/index.php\/producto\/pantalla-lapto-11-6-30p-hd\/","url_meta":{"origin":19699,"position":0},"title":"PANTALLA LAPTO 11.6 30P HD","date":"7 de noviembre de 2022","format":false,"excerpt":"Tama\u00f1o de la pantalla LCD para port\u00e1til: 11,6 pulgadas, delgada Resoluci\u00f3n de la pantalla LCD para port\u00e1til: HD (1366 x 768) Tipo de pantalla LCD para port\u00e1til: LED LCD Conector de pantalla LCD para port\u00e1til: 30 pines (parte inferior derecha) Producto nuevo. Compatibilidad garantizada.","rel":"","context":"Entrada similar","img":{"alt_text":"","src":"","width":0,"height":0},"classes":[]},{"id":19689,"url":"https:\/\/comerciallin.com\/index.php\/producto\/pantalla-lapto-15-6-led-slim-40pin\/","url_meta":{"origin":19699,"position":1},"title":"PANTALLA LAPTO 15.6&#8243; LED SLIM 40PIN","date":"7 de noviembre de 2022","format":false,"excerpt":"Tama\u00f1o de la pantalla LCD para port\u00e1til: 15,6 pulgadas, delgada Resoluci\u00f3n de la pantalla LCD para port\u00e1til: HD (1366 x 768) Tipo de pantalla LCD para port\u00e1til: LED LCD Conector de pantalla LCD para port\u00e1til: 40 pines (parte inferior derecha) Producto nuevo. Compatibilidad garantizada.","rel":"","context":"Entrada similar","img":{"alt_text":"PANTALLA LAPTO 15.6\" LED SLIM 40PIN","src":"https:\/\/i0.wp.com\/comerciallin.com\/wp-content\/uploads\/2023\/02\/122030190501.jpg?fit=992%2C744&ssl=1&resize=350%2C200","width":350,"height":200},"classes":[]},{"id":19687,"url":"https:\/\/comerciallin.com\/index.php\/producto\/pantalla-lapto-14-0-slim-40pin\/","url_meta":{"origin":19699,"position":2},"title":"PANTALLA LAPTO 14.0&#8243; SLIM 40PIN","date":"7 de noviembre de 2022","format":false,"excerpt":"Tama\u00f1o de la pantalla LCD para port\u00e1til: 14,0 pulgadas, delgada Resoluci\u00f3n de la pantalla LCD para port\u00e1til: HD (1366 x 768) Tipo de pantalla LCD para port\u00e1til: LED LCD Conector de pantalla LCD para port\u00e1til: 40 pines (parte inferior derecha) Producto nuevo. Compatibilidad garantizada.","rel":"","context":"Entrada similar","img":{"alt_text":"PANTALLA LAPTO 14.0\" SLIM 40PIN","src":"https:\/\/i0.wp.com\/comerciallin.com\/wp-content\/uploads\/2023\/02\/122030190102.jpg?fit=992%2C744&ssl=1&resize=350%2C200","width":350,"height":200},"classes":[]},{"id":22469,"url":"https:\/\/comerciallin.com\/index.php\/producto\/pantalla-lapto-15-6-30pin\/","url_meta":{"origin":19699,"position":3},"title":"PANTALLA LAPTO 15.6&#8243; 30PIN","date":"19 de abril de 2023","format":false,"excerpt":"Pantalla LCD para port\u00e1til de 15,6 pulgadas, NV156FHM-N42 V8.0, compatible con NV156FHM-N41, N42, N47, B156HAN06.1, FHD, 1920x1080, pantalla LED, Panel IPS, 30 Pines, eDP","rel":"","context":"Entrada similar","img":{"alt_text":"","src":"","width":0,"height":0},"classes":[]},{"id":19327,"url":"https:\/\/comerciallin.com\/index.php\/producto\/pantalla-lapto-15-6-30pin-hd-sin-borde\/","url_meta":{"origin":19699,"position":4},"title":"PANTALLA LAPTO 15.6&#8243; 30PIN HD SIN BORDE","date":"7 de noviembre de 2022","format":false,"excerpt":"Compatibilidad: B156HAN02.1 HW3BTipo De Parte: LCD Screen Tama\u00f1o: 15.6\" WideScreen Resoluci\u00f3n: FHD (1920x1080) Tipo De Superficie: Matte Conector De V\u00eddeo: 30 pin video connector Montajes: Top and Bottom Brackets Optical Technology: IPS Condici\u00f3n: New Grade A+ Garant\u00eda: 3 Meses","rel":"","context":"Entrada similar","img":{"alt_text":"PANTALLA LAPTO 15.6\" 30PIN HD SIN BORDE","src":"https:\/\/i0.wp.com\/comerciallin.com\/wp-content\/uploads\/2023\/02\/122030120603.jpg?fit=992%2C744&ssl=1&resize=350%2C200","width":350,"height":200},"classes":[]},{"id":19339,"url":"https:\/\/comerciallin.com\/index.php\/producto\/pantalla-lapto-14-0-30pin-hd-sin-borde-2\/","url_meta":{"origin":19699,"position":5},"title":"PANTALLA LAPTO 14.0&#8243; 30PIN HD SIN BORDE*","date":"7 de noviembre de 2022","format":false,"excerpt":"Compatibilidad:\u00a0NV140FHM-N3BTipo De Parte: LCD Screen\u00a0Tama\u00f1o: 14.0\" WideScreen\u00a0Resoluci\u00f3n: FHD (1920x1080)\u00a0Tipo De Superficie: Matte\u00a0Conector De V\u00eddeo: 30 pin video connector\u00a0Montajes: No Brackets infoOptical Technology: IPS infoCondici\u00f3n: New Grade A+\u00a0Garant\u00eda: 3 Meses","rel":"","context":"Entrada similar","img":{"alt_text":"PANTALLA LAPTO 14.0\" 30PIN HD SIN BORDE*","src":"https:\/\/i0.wp.com\/comerciallin.com\/wp-content\/uploads\/2023\/02\/122030120604.jpg?fit=992%2C744&ssl=1&resize=350%2C200","width":350,"height":200},"classes":[]}],"jetpack_sharing_enabled":true,"jetpack_likes_enabled":true,"_links":{"self":[{"href":"https:\/\/comerciallin.com\/index.php\/wp-json\/wp\/v2\/product\/19699"}],"collection":[{"href":"https:\/\/comerciallin.com\/index.php\/wp-json\/wp\/v2\/product"}],"about":[{"href":"https:\/\/comerciallin.com\/index.php\/wp-json\/wp\/v2\/types\/product"}],"replies":[{"embeddable":true,"href":"https:\/\/comerciallin.com\/index.php\/wp-json\/wp\/v2\/comments?post=19699"}],"wp:featuredmedia":[{"embeddable":true,"href":"https:\/\/comerciallin.com\/index.php\/wp-json\/wp\/v2\/media\/21971"}],"wp:attachment":[{"href":"https:\/\/comerciallin.com\/index.php\/wp-json\/wp\/v2\/media?parent=19699"}],"wp:term":[{"taxonomy":"product_cat","embeddable":true,"href":"https:\/\/comerciallin.com\/index.php\/wp-json\/wp\/v2\/product_cat?post=19699"},{"taxonomy":"product_tag","embeddable":true,"href":"https:\/\/comerciallin.com\/index.php\/wp-json\/wp\/v2\/product_tag?post=19699"}],"curies":[{"name":"wp","href":"https:\/\/api.w.org\/{rel}","templated":true}]}}