{"id":19697,"date":"2022-11-07T13:30:56","date_gmt":"2022-11-07T18:30:56","guid":{"rendered":"https:\/\/comerciallin.com\/index.php\/producto\/expansor-pci-pata-tarjeta-de-video\/"},"modified":"2025-01-14T13:56:12","modified_gmt":"2025-01-14T18:56:12","slug":"expansor-pci-pata-tarjeta-de-video","status":"publish","type":"product","link":"https:\/\/comerciallin.com\/index.php\/producto\/expansor-pci-pata-tarjeta-de-video\/","title":{"rendered":"EXPANSOR PCI PATA TARJETA DE VIDEO"},"content":{"rendered":"<p><span>3 condensadores s&oacute;lidos de alta calidad en cada tarjeta para una entrega de potencia confiable y segura.<\/span><br \/><span>Cable elevador USB 3.0 de 60 cm que permite flexibilidad en la colocaci&oacute;n de sus dispositivos PCI-E.<\/span><br \/><span>El cable de alimentaci&oacute;n SATA de 4 pines MOLEX a 15 pines para la conexi&oacute;n directa a su fuente de alimentaci&oacute;n reduce la carga de alimentaci&oacute;n en la placa base y garantiza la m&aacute;xima compatibilidad con su fuente de alimentaci&oacute;n.<\/span><br \/><span>Contactos chapados en oro para una conectividad impecable y una larga vida &uacute;til.<\/span><br \/><span>1x adaptador La tarjeta PCI-E se puede insertar en cualquier ranura PCI-E: 1x, 4x, 8x o 16x.<\/span><br \/><span>La soluci&oacute;n perfecta para la instalaci&oacute;n de plataformas mineras Ethereum, ya sean peque&ntilde;as plataformas al aire libre o mineros de gran tama&ntilde;o.<\/span><br \/><span>4 agujeros para unir la tarjeta vertical a su plataforma.<\/span><br \/><span>No es necesario instalar controladores.<\/span><br \/><span>Tama&ntilde;o de la placa: 13cm x 4.4cm x 1.2cm<\/span><br \/><span>** No es compatible para computador port&aacute;til Laptop<\/span><\/p>\n<p><span>El paquete incluye:<\/span><br \/><span>1x placa vertical PCIX 16X.<\/span><br \/><span>1 tarjeta adaptadora PCI-E 1X.<\/span><br \/><span>1x 60cm cable USB 3.0.<\/span><br \/><span>1x 4 pines MOLEX a 15 pines Cable de alimentaci&oacute;n SATA macho.<\/span><\/p>\n","protected":false},"excerpt":{"rendered":"<p>Tarjeta adaptadora con alimentaci\u00f3n vertical PCIe 1X a 16X, elevadores de GPU PCI-E 8 condensadores para miner\u00eda de monedas Bitcoin Litecoin ETH con extensi\u00f3n de gr\u00e1ficos LED+cable 60cmUSB 3.0 y cable de alimentaci\u00f3n SATA de 6 pines<\/p>\n","protected":false},"featured_media":21879,"comment_status":"open","ping_status":"closed","template":"","meta":{"spay_email":""},"product_cat":[817],"product_tag":[],"supplier_id":null,"supplier_sku":"","barcode":null,"atum_controlled":true,"out_stock_date":null,"out_stock_threshold":null,"inheritable":false,"inbound_stock":null,"stock_on_hold":0,"sold_today":0,"sales_last_days":0,"reserved_stock":null,"customer_returns":null,"warehouse_damage":null,"lost_in_post":null,"other_logs":null,"out_stock_days":0,"lost_sales":0,"has_location":null,"update_date":"2026-04-04T23:41:13","atum_locations":[],"atum_stock_status":"instock","restock_status":false,"low_stock_amount":"","sales_update_date":"2026-04-04T23:41:13","calc_backorders":null,"acf":[],"yoast_head":"<!-- This site is optimized with the Yoast SEO Premium plugin v17.4 (Yoast SEO v17.4) - https:\/\/yoast.com\/wordpress\/plugins\/seo\/ -->\n<title>EXPANSOR PCI PATA TARJETA DE VIDEO - tienda de electr\u00f3nica y computaci\u00f3n<\/title>\n<meta name=\"robots\" content=\"index, follow, max-snippet:-1, max-image-preview:large, max-video-preview:-1\" \/>\n<link rel=\"canonical\" href=\"https:\/\/comerciallin.com\/index.php\/producto\/expansor-pci-pata-tarjeta-de-video\/\" \/>\n<meta property=\"og:locale\" content=\"es_ES\" \/>\n<meta property=\"og:type\" content=\"article\" \/>\n<meta property=\"og:title\" content=\"EXPANSOR PCI PATA TARJETA DE VIDEO\" \/>\n<meta property=\"og:description\" content=\"Tarjeta adaptadora con alimentaci\u00f3n vertical PCIe 1X a 16X, elevadores de GPU PCI-E 8 condensadores para miner\u00eda de monedas Bitcoin Litecoin ETH con extensi\u00f3n de gr\u00e1ficos LED+cable 60cmUSB 3.0 y cable de alimentaci\u00f3n SATA de 6 pines\" \/>\n<meta property=\"og:url\" content=\"https:\/\/comerciallin.com\/index.php\/producto\/expansor-pci-pata-tarjeta-de-video\/\" \/>\n<meta property=\"og:site_name\" content=\"tienda de electr\u00f3nica y computaci\u00f3n\" \/>\n<meta property=\"article:modified_time\" content=\"2025-01-14T18:56:12+00:00\" \/>\n<meta name=\"twitter:card\" content=\"summary_large_image\" \/>\n<meta name=\"twitter:image\" content=\"https:\/\/i0.wp.com\/comerciallin.com\/wp-content\/uploads\/2023\/02\/099030110601.jpg?fit=%2C&amp;ssl=1\" \/>\n<meta name=\"twitter:label1\" content=\"Precio\" \/>\n\t<meta name=\"twitter:data1\" content=\"&#36;28,75\" \/>\n\t<meta name=\"twitter:label2\" content=\"Availability\" \/>\n\t<meta name=\"twitter:data2\" content=\"In stock\" \/>\n<script type=\"application\/ld+json\" class=\"yoast-schema-graph\">{\"@context\":\"https:\/\/schema.org\",\"@graph\":[{\"@type\":\"WebSite\",\"@id\":\"https:\/\/comerciallin.com\/#website\",\"url\":\"https:\/\/comerciallin.com\/\",\"name\":\"tienda de electr\\u00f3nica y computaci\\u00f3n\",\"description\":\"Importadora de Electr\\u00f3nica y Computaci\\u00f3n\",\"potentialAction\":[{\"@type\":\"SearchAction\",\"target\":{\"@type\":\"EntryPoint\",\"urlTemplate\":\"https:\/\/comerciallin.com\/?s={search_term_string}\"},\"query-input\":\"required name=search_term_string\"}],\"inLanguage\":\"es\"},{\"@type\":\"ImageObject\",\"@id\":\"https:\/\/comerciallin.com\/index.php\/producto\/expansor-pci-pata-tarjeta-de-video\/#primaryimage\",\"inLanguage\":\"es\",\"url\":\"https:\/\/i0.wp.com\/comerciallin.com\/wp-content\/uploads\/2023\/02\/099030110601.jpg?fit=%2C&ssl=1\",\"contentUrl\":\"https:\/\/i0.wp.com\/comerciallin.com\/wp-content\/uploads\/2023\/02\/099030110601.jpg?fit=%2C&ssl=1\",\"caption\":\"EXPANSOR PCI PATA TARJETA DE VIDEO\"},{\"@type\":\"WebPage\",\"@id\":\"https:\/\/comerciallin.com\/index.php\/producto\/expansor-pci-pata-tarjeta-de-video\/#webpage\",\"url\":\"https:\/\/comerciallin.com\/index.php\/producto\/expansor-pci-pata-tarjeta-de-video\/\",\"name\":\"EXPANSOR PCI PATA TARJETA DE VIDEO - tienda de electr\\u00f3nica y computaci\\u00f3n\",\"isPartOf\":{\"@id\":\"https:\/\/comerciallin.com\/#website\"},\"primaryImageOfPage\":{\"@id\":\"https:\/\/comerciallin.com\/index.php\/producto\/expansor-pci-pata-tarjeta-de-video\/#primaryimage\"},\"datePublished\":\"2022-11-07T18:30:56+00:00\",\"dateModified\":\"2025-01-14T18:56:12+00:00\",\"breadcrumb\":{\"@id\":\"https:\/\/comerciallin.com\/index.php\/producto\/expansor-pci-pata-tarjeta-de-video\/#breadcrumb\"},\"inLanguage\":\"es\",\"potentialAction\":[{\"@type\":\"ReadAction\",\"target\":[\"https:\/\/comerciallin.com\/index.php\/producto\/expansor-pci-pata-tarjeta-de-video\/\"]}]},{\"@type\":\"BreadcrumbList\",\"@id\":\"https:\/\/comerciallin.com\/index.php\/producto\/expansor-pci-pata-tarjeta-de-video\/#breadcrumb\",\"itemListElement\":[{\"@type\":\"ListItem\",\"position\":1,\"name\":\"Inicio\",\"item\":\"https:\/\/comerciallin.com\/\"},{\"@type\":\"ListItem\",\"position\":2,\"name\":\"Shop\",\"item\":\"https:\/\/comerciallin.com\/?page_id=3853\"},{\"@type\":\"ListItem\",\"position\":3,\"name\":\"EXPANSOR PCI PATA TARJETA DE VIDEO\"}]}]}<\/script>\n<meta property=\"product:price:amount\" content=\"28.75\" \/>\n<meta property=\"product:price:currency\" content=\"USD\" \/>\n<meta property=\"og:availability\" content=\"instock\" \/>\n<meta property=\"product:availability\" content=\"instock\" \/>\n<meta property=\"product:retailer_item_id\" content=\"99030110601\" \/>\n<meta property=\"product:condition\" content=\"new\" \/>\n<!-- \/ Yoast SEO Premium plugin. -->","yoast_head_json":{"title":"EXPANSOR PCI PATA TARJETA DE VIDEO - tienda de electr\u00f3nica y computaci\u00f3n","robots":{"index":"index","follow":"follow","max-snippet":"max-snippet:-1","max-image-preview":"max-image-preview:large","max-video-preview":"max-video-preview:-1"},"canonical":"https:\/\/comerciallin.com\/index.php\/producto\/expansor-pci-pata-tarjeta-de-video\/","og_locale":"es_ES","og_type":"article","og_title":"EXPANSOR PCI PATA TARJETA DE VIDEO","og_description":"Tarjeta adaptadora con alimentaci\u00f3n vertical PCIe 1X a 16X, elevadores de GPU PCI-E 8 condensadores para miner\u00eda de monedas Bitcoin Litecoin ETH con extensi\u00f3n de gr\u00e1ficos LED+cable 60cmUSB 3.0 y cable de alimentaci\u00f3n SATA de 6 pines","og_url":"https:\/\/comerciallin.com\/index.php\/producto\/expansor-pci-pata-tarjeta-de-video\/","og_site_name":"tienda de electr\u00f3nica y computaci\u00f3n","article_modified_time":"2025-01-14T18:56:12+00:00","twitter_card":"summary_large_image","twitter_image":"https:\/\/i0.wp.com\/comerciallin.com\/wp-content\/uploads\/2023\/02\/099030110601.jpg?fit=%2C&ssl=1","twitter_misc":{"Precio":"&#36;28,75","Availability":"In stock"},"schema":{"@context":"https:\/\/schema.org","@graph":[{"@type":"WebSite","@id":"https:\/\/comerciallin.com\/#website","url":"https:\/\/comerciallin.com\/","name":"tienda de electr\u00f3nica y computaci\u00f3n","description":"Importadora de Electr\u00f3nica y Computaci\u00f3n","potentialAction":[{"@type":"SearchAction","target":{"@type":"EntryPoint","urlTemplate":"https:\/\/comerciallin.com\/?s={search_term_string}"},"query-input":"required name=search_term_string"}],"inLanguage":"es"},{"@type":"ImageObject","@id":"https:\/\/comerciallin.com\/index.php\/producto\/expansor-pci-pata-tarjeta-de-video\/#primaryimage","inLanguage":"es","url":"https:\/\/i0.wp.com\/comerciallin.com\/wp-content\/uploads\/2023\/02\/099030110601.jpg?fit=%2C&ssl=1","contentUrl":"https:\/\/i0.wp.com\/comerciallin.com\/wp-content\/uploads\/2023\/02\/099030110601.jpg?fit=%2C&ssl=1","caption":"EXPANSOR PCI PATA TARJETA DE VIDEO"},{"@type":"WebPage","@id":"https:\/\/comerciallin.com\/index.php\/producto\/expansor-pci-pata-tarjeta-de-video\/#webpage","url":"https:\/\/comerciallin.com\/index.php\/producto\/expansor-pci-pata-tarjeta-de-video\/","name":"EXPANSOR PCI PATA TARJETA DE VIDEO - tienda de electr\u00f3nica y computaci\u00f3n","isPartOf":{"@id":"https:\/\/comerciallin.com\/#website"},"primaryImageOfPage":{"@id":"https:\/\/comerciallin.com\/index.php\/producto\/expansor-pci-pata-tarjeta-de-video\/#primaryimage"},"datePublished":"2022-11-07T18:30:56+00:00","dateModified":"2025-01-14T18:56:12+00:00","breadcrumb":{"@id":"https:\/\/comerciallin.com\/index.php\/producto\/expansor-pci-pata-tarjeta-de-video\/#breadcrumb"},"inLanguage":"es","potentialAction":[{"@type":"ReadAction","target":["https:\/\/comerciallin.com\/index.php\/producto\/expansor-pci-pata-tarjeta-de-video\/"]}]},{"@type":"BreadcrumbList","@id":"https:\/\/comerciallin.com\/index.php\/producto\/expansor-pci-pata-tarjeta-de-video\/#breadcrumb","itemListElement":[{"@type":"ListItem","position":1,"name":"Inicio","item":"https:\/\/comerciallin.com\/"},{"@type":"ListItem","position":2,"name":"Shop","item":"https:\/\/comerciallin.com\/?page_id=3853"},{"@type":"ListItem","position":3,"name":"EXPANSOR PCI PATA TARJETA DE VIDEO"}]}]},"product_price_amount":"28.75","product_price_currency":"USD","og_availability":"instock","product_availability":"instock","product_retailer_item_id":"99030110601","product_condition":"new"},"jetpack-related-posts":[{"id":19275,"url":"https:\/\/comerciallin.com\/index.php\/producto\/t-madre-biostar-h310mhp-ddr4-sock1151\/","url_meta":{"origin":19697,"position":0},"title":"T. MADRE BIOSTAR H310MHP DDR4 SOCK1151","date":"7 de noviembre de 2022","format":false,"excerpt":"Compatible con procesadores Intel\u00ae Core\u2122 de 9.\u00aa y 8.\u00aa generaci\u00f3n Arquitectura de un solo chip Intel H310 Compatible con doble canal DDR4 2666\/2400\/2133\/1866 MHz Admite resoluci\u00f3n HDMI 4K Admite LAN GbE Soporte USB 3.2 Gen1","rel":"","context":"Entrada similar","img":{"alt_text":"","src":"","width":0,"height":0},"classes":[]},{"id":19347,"url":"https:\/\/comerciallin.com\/index.php\/producto\/t-madre-asus-tuf-gaming-b550m-plus-wifi\/","url_meta":{"origin":19697,"position":1},"title":"T.MADRE ASUS TUF GAMING B550M PLUS WIFI","date":"7 de noviembre de 2022","format":false,"excerpt":"ASUS TUF Gaming B550M-PLUS (WiFi 6) AMD AM4 (3rd Gen Ryzen\u2122) microATX Gaming Motherboard (PCIe 4.0, 2.5Gb LAN, BIOS Flashback, HDMI 2.1, USB 3.2 Gen 2, Addressable Gen 2 RGB Header and Aura Sync)","rel":"","context":"Entrada similar","img":{"alt_text":"","src":"","width":0,"height":0},"classes":[]},{"id":19647,"url":"https:\/\/comerciallin.com\/index.php\/producto\/cable-extension-de-fuente-pooder-4pin\/","url_meta":{"origin":19697,"position":2},"title":"CABLE EXTENSION DE FUENTE POODER 4PIN","date":"7 de noviembre de 2022","format":false,"excerpt":"ATX de 4 pines macho a hembra adaptador 20cm 4 Pin de extensi\u00f3n de energ\u00eda de la CPU de 4 pines Hembra PC Cable conector de alimentaci\u00f3n","rel":"","context":"Entrada similar","img":{"alt_text":"","src":"","width":0,"height":0},"classes":[]},{"id":19371,"url":"https:\/\/comerciallin.com\/index.php\/producto\/portatil-hp-ci3-1125g4-4gb-m-2-250gb-14-dq2\/","url_meta":{"origin":19697,"position":3},"title":"PORTATIL HP CI3 1125G4 4GB | M.2 250GB 14-DQ2","date":"7 de noviembre de 2022","format":false,"excerpt":"Marca:\u00a0HPModelo: 14-DY0003LAProcesador: Intel\u00ae Core\u2122 i3-1125G4 | 11.\u00aa generaci\u00f3nMemoria RAM:\u00a04GB DDR4Almacenamiento: SSD 250 GB M.2Pantalla: 14.0\u2033 FHDGarant\u00eda: 1 A\u00f1oAceptamos todas las tarjetas de cr\u00e9ditoRealizamos env\u00edos a todo el pa\u00eds","rel":"","context":"Entrada similar","img":{"alt_text":"","src":"","width":0,"height":0},"classes":[]},{"id":19357,"url":"https:\/\/comerciallin.com\/index.php\/producto\/cpu-intel-core-i5-11600-3-9-ghz\/","url_meta":{"origin":19697,"position":4},"title":"CPU INTEL CORE I5-11600 3.9 GHZ","date":"7 de noviembre de 2022","format":false,"excerpt":"Intel Core I5-11600k 3.9ghz 6 Nucleos 12 Hilos","rel":"","context":"Entrada similar","img":{"alt_text":"","src":"","width":0,"height":0},"classes":[]},{"id":25843,"url":"https:\/\/comerciallin.com\/index.php\/producto\/adaptador-poder-1-ide-a-2-sata\/","url_meta":{"origin":19697,"position":5},"title":"ADAPTADOR PODER 1 IDE A 2 SATA","date":"17 de noviembre de 2023","format":false,"excerpt":"\u00bfNecesitas alimentar tus dispositivos SATA? Este cable de alimentaci\u00f3n SATA de 15 pines es la soluci\u00f3n perfecta. Con dos conectores SATA hembra, puedes alimentar dos dispositivos SATA a la vez. El cable est\u00e1 hecho de materiales de alta calidad y est\u00e1 dise\u00f1ado para durar.","rel":"","context":"Entrada similar","img":{"alt_text":"","src":"","width":0,"height":0},"classes":[]}],"jetpack_sharing_enabled":true,"jetpack_likes_enabled":true,"_links":{"self":[{"href":"https:\/\/comerciallin.com\/index.php\/wp-json\/wp\/v2\/product\/19697"}],"collection":[{"href":"https:\/\/comerciallin.com\/index.php\/wp-json\/wp\/v2\/product"}],"about":[{"href":"https:\/\/comerciallin.com\/index.php\/wp-json\/wp\/v2\/types\/product"}],"replies":[{"embeddable":true,"href":"https:\/\/comerciallin.com\/index.php\/wp-json\/wp\/v2\/comments?post=19697"}],"wp:featuredmedia":[{"embeddable":true,"href":"https:\/\/comerciallin.com\/index.php\/wp-json\/wp\/v2\/media\/21879"}],"wp:attachment":[{"href":"https:\/\/comerciallin.com\/index.php\/wp-json\/wp\/v2\/media?parent=19697"}],"wp:term":[{"taxonomy":"product_cat","embeddable":true,"href":"https:\/\/comerciallin.com\/index.php\/wp-json\/wp\/v2\/product_cat?post=19697"},{"taxonomy":"product_tag","embeddable":true,"href":"https:\/\/comerciallin.com\/index.php\/wp-json\/wp\/v2\/product_tag?post=19697"}],"curies":[{"name":"wp","href":"https:\/\/api.w.org\/{rel}","templated":true}]}}