{"id":19695,"date":"2022-11-07T13:30:56","date_gmt":"2022-11-07T18:30:56","guid":{"rendered":"https:\/\/comerciallin.com\/index.php\/producto\/ventilador-para-compu\/"},"modified":"2025-01-14T13:58:16","modified_gmt":"2025-01-14T18:58:16","slug":"ventilador-para-compu","status":"publish","type":"product","link":"https:\/\/comerciallin.com\/index.php\/producto\/ventilador-para-compu\/","title":{"rendered":"VENTILADOR PARA COMPU"},"content":{"rendered":"<p>Dispositivos compatibles Ordenador de escritorio<\/p>\n","protected":false},"excerpt":{"rendered":"<p>Ventilador de PC silencioso<\/p>\n","protected":false},"featured_media":22082,"comment_status":"open","ping_status":"closed","template":"","meta":{"spay_email":""},"product_cat":[789],"product_tag":[],"supplier_id":null,"supplier_sku":"","barcode":null,"atum_controlled":true,"out_stock_date":null,"out_stock_threshold":null,"inheritable":false,"inbound_stock":null,"stock_on_hold":0,"sold_today":0,"sales_last_days":0,"reserved_stock":null,"customer_returns":null,"warehouse_damage":null,"lost_in_post":null,"other_logs":null,"out_stock_days":0,"lost_sales":0,"has_location":null,"update_date":"2026-04-30T00:11:44","atum_locations":[],"atum_stock_status":"instock","restock_status":false,"low_stock_amount":"","sales_update_date":"2026-04-30T00:11:44","calc_backorders":null,"acf":[],"yoast_head":"<!-- This site is optimized with the Yoast SEO Premium plugin v17.4 (Yoast SEO v17.4) - https:\/\/yoast.com\/wordpress\/plugins\/seo\/ -->\n<title>VENTILADOR PARA COMPU - tienda de electr\u00f3nica y computaci\u00f3n<\/title>\n<meta name=\"robots\" content=\"index, follow, max-snippet:-1, max-image-preview:large, max-video-preview:-1\" \/>\n<link rel=\"canonical\" href=\"https:\/\/comerciallin.com\/index.php\/producto\/ventilador-para-compu\/\" \/>\n<meta property=\"og:locale\" content=\"es_ES\" \/>\n<meta property=\"og:type\" content=\"article\" \/>\n<meta property=\"og:title\" content=\"VENTILADOR PARA COMPU\" \/>\n<meta property=\"og:description\" content=\"Ventilador de PC silencioso\" \/>\n<meta property=\"og:url\" content=\"https:\/\/comerciallin.com\/index.php\/producto\/ventilador-para-compu\/\" \/>\n<meta property=\"og:site_name\" content=\"tienda de electr\u00f3nica y computaci\u00f3n\" \/>\n<meta property=\"article:modified_time\" content=\"2025-01-14T18:58:16+00:00\" \/>\n<meta name=\"twitter:card\" content=\"summary_large_image\" \/>\n<meta name=\"twitter:image\" content=\"https:\/\/i0.wp.com\/comerciallin.com\/wp-content\/uploads\/2023\/02\/118030110702.jpg?fit=%2C&amp;ssl=1\" \/>\n<meta name=\"twitter:label1\" content=\"Precio\" \/>\n\t<meta name=\"twitter:data1\" content=\"&#36;13,80\" \/>\n\t<meta name=\"twitter:label2\" content=\"Availability\" \/>\n\t<meta name=\"twitter:data2\" content=\"In stock\" \/>\n<script type=\"application\/ld+json\" class=\"yoast-schema-graph\">{\"@context\":\"https:\/\/schema.org\",\"@graph\":[{\"@type\":\"WebSite\",\"@id\":\"https:\/\/comerciallin.com\/#website\",\"url\":\"https:\/\/comerciallin.com\/\",\"name\":\"tienda de electr\\u00f3nica y computaci\\u00f3n\",\"description\":\"Importadora de Electr\\u00f3nica y Computaci\\u00f3n\",\"potentialAction\":[{\"@type\":\"SearchAction\",\"target\":{\"@type\":\"EntryPoint\",\"urlTemplate\":\"https:\/\/comerciallin.com\/?s={search_term_string}\"},\"query-input\":\"required name=search_term_string\"}],\"inLanguage\":\"es\"},{\"@type\":\"ImageObject\",\"@id\":\"https:\/\/comerciallin.com\/index.php\/producto\/ventilador-para-compu\/#primaryimage\",\"inLanguage\":\"es\",\"url\":\"https:\/\/i0.wp.com\/comerciallin.com\/wp-content\/uploads\/2023\/02\/118030110702.jpg?fit=%2C&ssl=1\",\"contentUrl\":\"https:\/\/i0.wp.com\/comerciallin.com\/wp-content\/uploads\/2023\/02\/118030110702.jpg?fit=%2C&ssl=1\",\"caption\":\"VENTILADOR PARA COMPU\"},{\"@type\":\"WebPage\",\"@id\":\"https:\/\/comerciallin.com\/index.php\/producto\/ventilador-para-compu\/#webpage\",\"url\":\"https:\/\/comerciallin.com\/index.php\/producto\/ventilador-para-compu\/\",\"name\":\"VENTILADOR PARA COMPU - tienda de electr\\u00f3nica y computaci\\u00f3n\",\"isPartOf\":{\"@id\":\"https:\/\/comerciallin.com\/#website\"},\"primaryImageOfPage\":{\"@id\":\"https:\/\/comerciallin.com\/index.php\/producto\/ventilador-para-compu\/#primaryimage\"},\"datePublished\":\"2022-11-07T18:30:56+00:00\",\"dateModified\":\"2025-01-14T18:58:16+00:00\",\"breadcrumb\":{\"@id\":\"https:\/\/comerciallin.com\/index.php\/producto\/ventilador-para-compu\/#breadcrumb\"},\"inLanguage\":\"es\",\"potentialAction\":[{\"@type\":\"ReadAction\",\"target\":[\"https:\/\/comerciallin.com\/index.php\/producto\/ventilador-para-compu\/\"]}]},{\"@type\":\"BreadcrumbList\",\"@id\":\"https:\/\/comerciallin.com\/index.php\/producto\/ventilador-para-compu\/#breadcrumb\",\"itemListElement\":[{\"@type\":\"ListItem\",\"position\":1,\"name\":\"Inicio\",\"item\":\"https:\/\/comerciallin.com\/\"},{\"@type\":\"ListItem\",\"position\":2,\"name\":\"Shop\",\"item\":\"https:\/\/comerciallin.com\/?page_id=3853\"},{\"@type\":\"ListItem\",\"position\":3,\"name\":\"VENTILADOR PARA COMPU\"}]}]}<\/script>\n<meta property=\"product:price:amount\" content=\"13.80\" \/>\n<meta property=\"product:price:currency\" content=\"USD\" \/>\n<meta property=\"og:availability\" content=\"instock\" \/>\n<meta property=\"product:availability\" content=\"instock\" \/>\n<meta property=\"product:retailer_item_id\" content=\"118030110702\" \/>\n<meta property=\"product:condition\" content=\"new\" \/>\n<!-- \/ Yoast SEO Premium plugin. -->","yoast_head_json":{"title":"VENTILADOR PARA COMPU - tienda de electr\u00f3nica y computaci\u00f3n","robots":{"index":"index","follow":"follow","max-snippet":"max-snippet:-1","max-image-preview":"max-image-preview:large","max-video-preview":"max-video-preview:-1"},"canonical":"https:\/\/comerciallin.com\/index.php\/producto\/ventilador-para-compu\/","og_locale":"es_ES","og_type":"article","og_title":"VENTILADOR PARA COMPU","og_description":"Ventilador de PC silencioso","og_url":"https:\/\/comerciallin.com\/index.php\/producto\/ventilador-para-compu\/","og_site_name":"tienda de electr\u00f3nica y computaci\u00f3n","article_modified_time":"2025-01-14T18:58:16+00:00","twitter_card":"summary_large_image","twitter_image":"https:\/\/i0.wp.com\/comerciallin.com\/wp-content\/uploads\/2023\/02\/118030110702.jpg?fit=%2C&ssl=1","twitter_misc":{"Precio":"&#36;13,80","Availability":"In stock"},"schema":{"@context":"https:\/\/schema.org","@graph":[{"@type":"WebSite","@id":"https:\/\/comerciallin.com\/#website","url":"https:\/\/comerciallin.com\/","name":"tienda de electr\u00f3nica y computaci\u00f3n","description":"Importadora de Electr\u00f3nica y Computaci\u00f3n","potentialAction":[{"@type":"SearchAction","target":{"@type":"EntryPoint","urlTemplate":"https:\/\/comerciallin.com\/?s={search_term_string}"},"query-input":"required name=search_term_string"}],"inLanguage":"es"},{"@type":"ImageObject","@id":"https:\/\/comerciallin.com\/index.php\/producto\/ventilador-para-compu\/#primaryimage","inLanguage":"es","url":"https:\/\/i0.wp.com\/comerciallin.com\/wp-content\/uploads\/2023\/02\/118030110702.jpg?fit=%2C&ssl=1","contentUrl":"https:\/\/i0.wp.com\/comerciallin.com\/wp-content\/uploads\/2023\/02\/118030110702.jpg?fit=%2C&ssl=1","caption":"VENTILADOR PARA COMPU"},{"@type":"WebPage","@id":"https:\/\/comerciallin.com\/index.php\/producto\/ventilador-para-compu\/#webpage","url":"https:\/\/comerciallin.com\/index.php\/producto\/ventilador-para-compu\/","name":"VENTILADOR PARA COMPU - tienda de electr\u00f3nica y computaci\u00f3n","isPartOf":{"@id":"https:\/\/comerciallin.com\/#website"},"primaryImageOfPage":{"@id":"https:\/\/comerciallin.com\/index.php\/producto\/ventilador-para-compu\/#primaryimage"},"datePublished":"2022-11-07T18:30:56+00:00","dateModified":"2025-01-14T18:58:16+00:00","breadcrumb":{"@id":"https:\/\/comerciallin.com\/index.php\/producto\/ventilador-para-compu\/#breadcrumb"},"inLanguage":"es","potentialAction":[{"@type":"ReadAction","target":["https:\/\/comerciallin.com\/index.php\/producto\/ventilador-para-compu\/"]}]},{"@type":"BreadcrumbList","@id":"https:\/\/comerciallin.com\/index.php\/producto\/ventilador-para-compu\/#breadcrumb","itemListElement":[{"@type":"ListItem","position":1,"name":"Inicio","item":"https:\/\/comerciallin.com\/"},{"@type":"ListItem","position":2,"name":"Shop","item":"https:\/\/comerciallin.com\/?page_id=3853"},{"@type":"ListItem","position":3,"name":"VENTILADOR PARA COMPU"}]}]},"product_price_amount":"13.80","product_price_currency":"USD","og_availability":"instock","product_availability":"instock","product_retailer_item_id":"118030110702","product_condition":"new"},"jetpack-related-posts":[{"id":19663,"url":"https:\/\/comerciallin.com\/index.php\/producto\/parlante-mini-p-compu-t-11\/","url_meta":{"origin":19695,"position":0},"title":"PARLANTE MINI P. COMPU T-11","date":"7 de noviembre de 2022","format":false,"excerpt":"Dise\u00f1o Simple T11 USB 2.0 3.5mm Control de Volumen Mini Altavoz de Sonido Est\u00e9reo de Gran Subwoofer para PC, Laptops y otros dispositivos","rel":"","context":"Entrada similar","img":{"alt_text":"","src":"","width":0,"height":0},"classes":[]},{"id":19679,"url":"https:\/\/comerciallin.com\/index.php\/producto\/notebook-cooling-pad-v5\/","url_meta":{"origin":19695,"position":1},"title":"NOTEBOOK COOLING PAD V5","date":"7 de noviembre de 2022","format":false,"excerpt":"Notebook cooling pad v5","rel":"","context":"Entrada similar","img":{"alt_text":"","src":"","width":0,"height":0},"classes":[]},{"id":19681,"url":"https:\/\/comerciallin.com\/index.php\/producto\/notebook-cooling-pad-v4\/","url_meta":{"origin":19695,"position":2},"title":"NOTEBOOK COOLING PAD V4","date":"7 de noviembre de 2022","format":false,"excerpt":"Notebook cooling pad v4","rel":"","context":"Entrada similar","img":{"alt_text":"","src":"","width":0,"height":0},"classes":[]},{"id":18885,"url":"https:\/\/comerciallin.com\/index.php\/producto\/discipador-cool-storm-intel-amd\/","url_meta":{"origin":19695,"position":3},"title":"DISCIPADOR COOL STORM INTEL\/AMD","date":"7 de noviembre de 2022","format":false,"excerpt":"VENTILADOR DE CPU SILENCIOSO DEL RADIADOR DE LA COMPUTADORA DE ESCRITORIO DE COOL STORM 12CM PARA INTEL AMD","rel":"","context":"Entrada similar","img":{"alt_text":"","src":"","width":0,"height":0},"classes":[]},{"id":19712,"url":"https:\/\/comerciallin.com\/index.php\/producto\/parlante-mini-p-compu-a-1\/","url_meta":{"origin":19695,"position":4},"title":"PARLANTE MINI P. COMPU A-1","date":"8 de noviembre de 2022","format":false,"excerpt":"Ezeey, 2 uds., A1, Mini altavoz de escritorio, Audio Multimedia, port\u00e1til, Subwoofer USB, altavoz est\u00e9reo compacto, conector de 3,5 MM","rel":"","context":"Entrada similar","img":{"alt_text":"PARLANTE MINI P. COMPU A-1","src":"https:\/\/i0.wp.com\/comerciallin.com\/wp-content\/uploads\/2023\/02\/714030101001.jpg?fit=992%2C744&ssl=1&resize=350%2C200","width":350,"height":200},"classes":[]},{"id":18803,"url":"https:\/\/comerciallin.com\/index.php\/producto\/cargador-comp-sony-19-5v-4-74a\/","url_meta":{"origin":19695,"position":5},"title":"CARGADOR COMP SONY 19.5V 4.74A","date":"7 de noviembre de 2022","format":false,"excerpt":"Entrada: 100-240V \/ 50-60Hz Salida: 19.5V 4.74A Conector: 6.4mm*4.4mm Color: Negro Condici\u00f3n: Nuevo Paquete incluye: 1 x Adaptador de corriente AC 1 x Cable de Alimentaci\u00f3n El\u00e9ctrica Garant\u00eda: 6 meses de garant\u00eda IVA Incluido","rel":"","context":"Entrada similar","img":{"alt_text":"","src":"","width":0,"height":0},"classes":[]}],"jetpack_sharing_enabled":true,"jetpack_likes_enabled":true,"_links":{"self":[{"href":"https:\/\/comerciallin.com\/index.php\/wp-json\/wp\/v2\/product\/19695"}],"collection":[{"href":"https:\/\/comerciallin.com\/index.php\/wp-json\/wp\/v2\/product"}],"about":[{"href":"https:\/\/comerciallin.com\/index.php\/wp-json\/wp\/v2\/types\/product"}],"replies":[{"embeddable":true,"href":"https:\/\/comerciallin.com\/index.php\/wp-json\/wp\/v2\/comments?post=19695"}],"wp:featuredmedia":[{"embeddable":true,"href":"https:\/\/comerciallin.com\/index.php\/wp-json\/wp\/v2\/media\/22082"}],"wp:attachment":[{"href":"https:\/\/comerciallin.com\/index.php\/wp-json\/wp\/v2\/media?parent=19695"}],"wp:term":[{"taxonomy":"product_cat","embeddable":true,"href":"https:\/\/comerciallin.com\/index.php\/wp-json\/wp\/v2\/product_cat?post=19695"},{"taxonomy":"product_tag","embeddable":true,"href":"https:\/\/comerciallin.com\/index.php\/wp-json\/wp\/v2\/product_tag?post=19695"}],"curies":[{"name":"wp","href":"https:\/\/api.w.org\/{rel}","templated":true}]}}