{"id":19691,"date":"2022-11-07T13:30:55","date_gmt":"2022-11-07T18:30:55","guid":{"rendered":"https:\/\/comerciallin.com\/index.php\/producto\/cargador-comp-len-yoga-3ori-20v-2a-or-5v-2a\/"},"modified":"2025-01-14T13:55:10","modified_gmt":"2025-01-14T18:55:10","slug":"cargador-comp-len-yoga-3ori-20v-2a-or-5v-2a","status":"publish","type":"product","link":"https:\/\/comerciallin.com\/index.php\/producto\/cargador-comp-len-yoga-3ori-20v-2a-or-5v-2a\/","title":{"rendered":"CARGADOR COMP LEN YOGA 3ORI 20V-2A OR 5V-2A"},"content":{"rendered":"<ul>\n<li>Entrada: 100-240V~1.5A 50~60Hz; Salida: 40W 20V 2A o 40W 5V 2A.<\/li>\n<li>Compatible con n&uacute;mero de pieza: Delta: ADL40WDA 36200561, ADL40WDJ 36200562, ADL40WDB 36200563, ADL40WDD 36200564, ADL40WDG 36200565, ADL40WDE 36200566, ADL40WDC 36200567, ADL40WDH 36200616 &#8211; Chicony: ADL40WCD 200640CB<\/li>\n<li>El paquete incluye: 1 adaptador de CA y 1 cable de alimentaci&oacute;n.<\/li>\n<\/ul>\n","protected":false},"excerpt":{"rendered":"<p>Cargador adaptador para Lenovo Yoga 3 Pro-1370 Yoga 3-1170 Yoga 3-1470 36200563, ADL-40WCC, ADL40WDB con cable USB<\/p>\n","protected":false},"featured_media":21782,"comment_status":"open","ping_status":"closed","template":"","meta":{"spay_email":""},"product_cat":[806],"product_tag":[],"supplier_id":null,"supplier_sku":"","barcode":null,"atum_controlled":true,"out_stock_date":null,"out_stock_threshold":null,"inheritable":false,"inbound_stock":null,"stock_on_hold":0,"sold_today":0,"sales_last_days":0,"reserved_stock":null,"customer_returns":null,"warehouse_damage":null,"lost_in_post":null,"other_logs":null,"out_stock_days":0,"lost_sales":0,"has_location":null,"update_date":"2026-05-05T00:17:08","atum_locations":[],"atum_stock_status":"instock","restock_status":false,"low_stock_amount":"","sales_update_date":"2026-05-05T00:17:08","calc_backorders":null,"acf":[],"yoast_head":"<!-- This site is optimized with the Yoast SEO Premium plugin v17.4 (Yoast SEO v17.4) - https:\/\/yoast.com\/wordpress\/plugins\/seo\/ -->\n<title>CARGADOR COMP LEN YOGA 3ORI 20V-2A OR 5V-2A - tienda de electr\u00f3nica y computaci\u00f3n<\/title>\n<meta name=\"robots\" content=\"index, follow, max-snippet:-1, max-image-preview:large, max-video-preview:-1\" \/>\n<link rel=\"canonical\" href=\"https:\/\/comerciallin.com\/index.php\/producto\/cargador-comp-len-yoga-3ori-20v-2a-or-5v-2a\/\" \/>\n<meta property=\"og:locale\" content=\"es_ES\" \/>\n<meta property=\"og:type\" content=\"article\" \/>\n<meta property=\"og:title\" content=\"CARGADOR COMP LEN YOGA 3ORI 20V-2A OR 5V-2A\" \/>\n<meta property=\"og:description\" content=\"Cargador adaptador para Lenovo Yoga 3 Pro-1370 Yoga 3-1170 Yoga 3-1470 36200563, ADL-40WCC, ADL40WDB con cable USB\" \/>\n<meta property=\"og:url\" content=\"https:\/\/comerciallin.com\/index.php\/producto\/cargador-comp-len-yoga-3ori-20v-2a-or-5v-2a\/\" \/>\n<meta property=\"og:site_name\" content=\"tienda de electr\u00f3nica y computaci\u00f3n\" \/>\n<meta property=\"article:modified_time\" content=\"2025-01-14T18:55:10+00:00\" \/>\n<meta name=\"twitter:card\" content=\"summary_large_image\" \/>\n<meta name=\"twitter:image\" content=\"https:\/\/i0.wp.com\/comerciallin.com\/wp-content\/uploads\/2023\/02\/675030101008.jpg?fit=%2C&amp;ssl=1\" \/>\n<meta name=\"twitter:label1\" content=\"Precio\" \/>\n\t<meta name=\"twitter:data1\" content=\"&#36;37,95\" \/>\n\t<meta name=\"twitter:label2\" content=\"Availability\" \/>\n\t<meta name=\"twitter:data2\" content=\"In stock\" \/>\n<script type=\"application\/ld+json\" class=\"yoast-schema-graph\">{\"@context\":\"https:\/\/schema.org\",\"@graph\":[{\"@type\":\"WebSite\",\"@id\":\"https:\/\/comerciallin.com\/#website\",\"url\":\"https:\/\/comerciallin.com\/\",\"name\":\"tienda de electr\\u00f3nica y computaci\\u00f3n\",\"description\":\"Importadora de Electr\\u00f3nica y Computaci\\u00f3n\",\"potentialAction\":[{\"@type\":\"SearchAction\",\"target\":{\"@type\":\"EntryPoint\",\"urlTemplate\":\"https:\/\/comerciallin.com\/?s={search_term_string}\"},\"query-input\":\"required name=search_term_string\"}],\"inLanguage\":\"es\"},{\"@type\":\"ImageObject\",\"@id\":\"https:\/\/comerciallin.com\/index.php\/producto\/cargador-comp-len-yoga-3ori-20v-2a-or-5v-2a\/#primaryimage\",\"inLanguage\":\"es\",\"url\":\"https:\/\/i0.wp.com\/comerciallin.com\/wp-content\/uploads\/2023\/02\/675030101008.jpg?fit=%2C&ssl=1\",\"contentUrl\":\"https:\/\/i0.wp.com\/comerciallin.com\/wp-content\/uploads\/2023\/02\/675030101008.jpg?fit=%2C&ssl=1\",\"caption\":\"CARGADOR COMP LEN YOGA 3ORI 20V-2A OR 5V-2A\"},{\"@type\":\"WebPage\",\"@id\":\"https:\/\/comerciallin.com\/index.php\/producto\/cargador-comp-len-yoga-3ori-20v-2a-or-5v-2a\/#webpage\",\"url\":\"https:\/\/comerciallin.com\/index.php\/producto\/cargador-comp-len-yoga-3ori-20v-2a-or-5v-2a\/\",\"name\":\"CARGADOR COMP LEN YOGA 3ORI 20V-2A OR 5V-2A - tienda de electr\\u00f3nica y computaci\\u00f3n\",\"isPartOf\":{\"@id\":\"https:\/\/comerciallin.com\/#website\"},\"primaryImageOfPage\":{\"@id\":\"https:\/\/comerciallin.com\/index.php\/producto\/cargador-comp-len-yoga-3ori-20v-2a-or-5v-2a\/#primaryimage\"},\"datePublished\":\"2022-11-07T18:30:55+00:00\",\"dateModified\":\"2025-01-14T18:55:10+00:00\",\"breadcrumb\":{\"@id\":\"https:\/\/comerciallin.com\/index.php\/producto\/cargador-comp-len-yoga-3ori-20v-2a-or-5v-2a\/#breadcrumb\"},\"inLanguage\":\"es\",\"potentialAction\":[{\"@type\":\"ReadAction\",\"target\":[\"https:\/\/comerciallin.com\/index.php\/producto\/cargador-comp-len-yoga-3ori-20v-2a-or-5v-2a\/\"]}]},{\"@type\":\"BreadcrumbList\",\"@id\":\"https:\/\/comerciallin.com\/index.php\/producto\/cargador-comp-len-yoga-3ori-20v-2a-or-5v-2a\/#breadcrumb\",\"itemListElement\":[{\"@type\":\"ListItem\",\"position\":1,\"name\":\"Inicio\",\"item\":\"https:\/\/comerciallin.com\/\"},{\"@type\":\"ListItem\",\"position\":2,\"name\":\"Shop\",\"item\":\"https:\/\/comerciallin.com\/?page_id=3853\"},{\"@type\":\"ListItem\",\"position\":3,\"name\":\"CARGADOR COMP LEN YOGA 3ORI 20V-2A OR 5V-2A\"}]}]}<\/script>\n<meta property=\"product:price:amount\" content=\"37.95\" \/>\n<meta property=\"product:price:currency\" content=\"USD\" \/>\n<meta property=\"og:availability\" content=\"instock\" \/>\n<meta property=\"product:availability\" content=\"instock\" \/>\n<meta property=\"product:retailer_item_id\" content=\"675030101008\" \/>\n<meta property=\"product:condition\" content=\"new\" \/>\n<!-- \/ Yoast SEO Premium plugin. -->","yoast_head_json":{"title":"CARGADOR COMP LEN YOGA 3ORI 20V-2A OR 5V-2A - tienda de electr\u00f3nica y computaci\u00f3n","robots":{"index":"index","follow":"follow","max-snippet":"max-snippet:-1","max-image-preview":"max-image-preview:large","max-video-preview":"max-video-preview:-1"},"canonical":"https:\/\/comerciallin.com\/index.php\/producto\/cargador-comp-len-yoga-3ori-20v-2a-or-5v-2a\/","og_locale":"es_ES","og_type":"article","og_title":"CARGADOR COMP LEN YOGA 3ORI 20V-2A OR 5V-2A","og_description":"Cargador adaptador para Lenovo Yoga 3 Pro-1370 Yoga 3-1170 Yoga 3-1470 36200563, ADL-40WCC, ADL40WDB con cable USB","og_url":"https:\/\/comerciallin.com\/index.php\/producto\/cargador-comp-len-yoga-3ori-20v-2a-or-5v-2a\/","og_site_name":"tienda de electr\u00f3nica y computaci\u00f3n","article_modified_time":"2025-01-14T18:55:10+00:00","twitter_card":"summary_large_image","twitter_image":"https:\/\/i0.wp.com\/comerciallin.com\/wp-content\/uploads\/2023\/02\/675030101008.jpg?fit=%2C&ssl=1","twitter_misc":{"Precio":"&#36;37,95","Availability":"In stock"},"schema":{"@context":"https:\/\/schema.org","@graph":[{"@type":"WebSite","@id":"https:\/\/comerciallin.com\/#website","url":"https:\/\/comerciallin.com\/","name":"tienda de electr\u00f3nica y computaci\u00f3n","description":"Importadora de Electr\u00f3nica y Computaci\u00f3n","potentialAction":[{"@type":"SearchAction","target":{"@type":"EntryPoint","urlTemplate":"https:\/\/comerciallin.com\/?s={search_term_string}"},"query-input":"required name=search_term_string"}],"inLanguage":"es"},{"@type":"ImageObject","@id":"https:\/\/comerciallin.com\/index.php\/producto\/cargador-comp-len-yoga-3ori-20v-2a-or-5v-2a\/#primaryimage","inLanguage":"es","url":"https:\/\/i0.wp.com\/comerciallin.com\/wp-content\/uploads\/2023\/02\/675030101008.jpg?fit=%2C&ssl=1","contentUrl":"https:\/\/i0.wp.com\/comerciallin.com\/wp-content\/uploads\/2023\/02\/675030101008.jpg?fit=%2C&ssl=1","caption":"CARGADOR COMP LEN YOGA 3ORI 20V-2A OR 5V-2A"},{"@type":"WebPage","@id":"https:\/\/comerciallin.com\/index.php\/producto\/cargador-comp-len-yoga-3ori-20v-2a-or-5v-2a\/#webpage","url":"https:\/\/comerciallin.com\/index.php\/producto\/cargador-comp-len-yoga-3ori-20v-2a-or-5v-2a\/","name":"CARGADOR COMP LEN YOGA 3ORI 20V-2A OR 5V-2A - tienda de electr\u00f3nica y computaci\u00f3n","isPartOf":{"@id":"https:\/\/comerciallin.com\/#website"},"primaryImageOfPage":{"@id":"https:\/\/comerciallin.com\/index.php\/producto\/cargador-comp-len-yoga-3ori-20v-2a-or-5v-2a\/#primaryimage"},"datePublished":"2022-11-07T18:30:55+00:00","dateModified":"2025-01-14T18:55:10+00:00","breadcrumb":{"@id":"https:\/\/comerciallin.com\/index.php\/producto\/cargador-comp-len-yoga-3ori-20v-2a-or-5v-2a\/#breadcrumb"},"inLanguage":"es","potentialAction":[{"@type":"ReadAction","target":["https:\/\/comerciallin.com\/index.php\/producto\/cargador-comp-len-yoga-3ori-20v-2a-or-5v-2a\/"]}]},{"@type":"BreadcrumbList","@id":"https:\/\/comerciallin.com\/index.php\/producto\/cargador-comp-len-yoga-3ori-20v-2a-or-5v-2a\/#breadcrumb","itemListElement":[{"@type":"ListItem","position":1,"name":"Inicio","item":"https:\/\/comerciallin.com\/"},{"@type":"ListItem","position":2,"name":"Shop","item":"https:\/\/comerciallin.com\/?page_id=3853"},{"@type":"ListItem","position":3,"name":"CARGADOR COMP LEN YOGA 3ORI 20V-2A OR 5V-2A"}]}]},"product_price_amount":"37.95","product_price_currency":"USD","og_availability":"instock","product_availability":"instock","product_retailer_item_id":"675030101008","product_condition":"new"},"jetpack-related-posts":[{"id":19733,"url":"https:\/\/comerciallin.com\/index.php\/producto\/cargador-comp-len-yoga-4ori-20v-3-25a-5v-2a\/","url_meta":{"origin":19691,"position":0},"title":"CARGADOR COMP LEN YOGA 4ORI 20V-3.25A &#8211; 5V-2A","date":"8 de noviembre de 2022","format":false,"excerpt":"Lenovo Yoga 700 14 700-14ISK 80QD00B0US 80QD004NUS 80QD003YUS 80QD004QUS 40W 20V 2A Laptop AC Adapter Charger","rel":"","context":"Entrada similar","img":{"alt_text":"","src":"https:\/\/i0.wp.com\/comerciallin.com\/wp-content\/uploads\/imgcomerciallin\/servicio_tecnico.png?resize=350%2C200","width":350,"height":200},"classes":[]},{"id":19022,"url":"https:\/\/comerciallin.com\/index.php\/producto\/cargador-comp-lenovo-type-c-20v-3-25-cuadrado\/","url_meta":{"origin":19691,"position":1},"title":"CARGADOR COMP LENOVO TYPE C 20V 3.25 CUADRADO","date":"7 de noviembre de 2022","format":false,"excerpt":"Especificaciones: Entrada: 100-240V \/ 50-60Hz Salida:\u00a065W,\u00a020V-3.25A, 15V-3A, 12V-3A, 9V-2A, 5V-2A Conector: TIPO C Modelo: Cuadrado Color: Negro Condici\u00f3n: Nueva estrenar Paquete incluye: 1 x Adaptador de corriente AC 1 x Cable de Alimentaci\u00f3n El\u00e9ctrica Garant\u00eda: 6 meses de garant\u00eda IVA Incluido","rel":"","context":"Entrada similar","img":{"alt_text":"","src":"","width":0,"height":0},"classes":[]},{"id":19024,"url":"https:\/\/comerciallin.com\/index.php\/producto\/cargador-comp-lenovo-type-c-20v-3-25-rectang\/","url_meta":{"origin":19691,"position":2},"title":"CARGADOR ORIGINAL LENOVO TYPE C 20V 3.25 RECT","date":"7 de noviembre de 2022","format":false,"excerpt":"Especificaciones: Entrada: 100-240V \/ 50-60Hz Salida:\u00a065W,\u00a020V-3.25A, 15V-3A, 12V-3A, 9V-2A, 5V-2A Conector: TIPO C Modelo: Rectangular Color: Negro Condici\u00f3n: Nueva estrenar Paquete incluye: 1 x Adaptador de corriente AC 1 x Cable de Alimentaci\u00f3n El\u00e9ctrica Garant\u00eda: 6 meses de garant\u00eda IVA Incluido","rel":"","context":"Entrada similar","img":{"alt_text":"","src":"","width":0,"height":0},"classes":[]},{"id":19693,"url":"https:\/\/comerciallin.com\/index.php\/producto\/cargador-comp-le-p-c-20v-3-25a\/","url_meta":{"origin":19691,"position":3},"title":"CARGADOR COMP LE P. C 20V 3.25A","date":"7 de noviembre de 2022","format":false,"excerpt":"Entrada: 100-240V \/ 50-60Hz Salida: 20V 3.25a 65W Conector: Tipo C Modelo: Cuadrado Color: Negro Condici\u00f3n: Original Nuevo estrenar","rel":"","context":"Entrada similar","img":{"alt_text":"","src":"","width":0,"height":0},"classes":[]},{"id":18744,"url":"https:\/\/comerciallin.com\/index.php\/producto\/cargador-telefono-40w-5v3-6a-i17-iphone\/","url_meta":{"origin":19691,"position":4},"title":"CARGADOR TELEFONO 40W 5V3.6A I17 IPHONE","date":"7 de noviembre de 2022","format":false,"excerpt":"Modelo exclusivo de alta gama Chip de identificaci\u00f3n inteligente integrado con funci\u00f3n de apagado autom\u00e1tico cuando est\u00e1 completamente cargado Protecci\u00f3n contra cortocircuitos Soporte m\u00e1ximo de carga de energ\u00eda de 40 W; identificaci\u00f3n autom\u00c3\u00a1tica IC Incluye cable de datos totalmente compatible, la longitud del cable es de 1 metro","rel":"","context":"Entrada similar","img":{"alt_text":"","src":"","width":0,"height":0},"classes":[]},{"id":18980,"url":"https:\/\/comerciallin.com\/index.php\/producto\/cargador-comp-lenovo-p-usb-20v-4-5a\/","url_meta":{"origin":19691,"position":5},"title":"CARGADOR COMP LENOVO P. USB 20V &#8211; 4.5A","date":"7 de noviembre de 2022","format":false,"excerpt":"Entrada: 100-240V \/ 50-60Hz Salida: 20V 4.5A Conector: Tipo USB Color: Negro Condici\u00f3n: Nuevo Paquete incluye: 1 x Adaptador de corriente AC 1 x Cable de Alimentaci\u00f3n El\u00e9ctrica Garant\u00eda: 6 meses de garant\u00eda IVA Incluido","rel":"","context":"Entrada similar","img":{"alt_text":"CARGADOR COMP LENOVO P. USB 20V - 4.5A","src":"https:\/\/i0.wp.com\/comerciallin.com\/wp-content\/uploads\/2023\/02\/675030120307.jpg?fit=992%2C744&ssl=1&resize=350%2C200","width":350,"height":200},"classes":[]}],"jetpack_sharing_enabled":true,"jetpack_likes_enabled":true,"_links":{"self":[{"href":"https:\/\/comerciallin.com\/index.php\/wp-json\/wp\/v2\/product\/19691"}],"collection":[{"href":"https:\/\/comerciallin.com\/index.php\/wp-json\/wp\/v2\/product"}],"about":[{"href":"https:\/\/comerciallin.com\/index.php\/wp-json\/wp\/v2\/types\/product"}],"replies":[{"embeddable":true,"href":"https:\/\/comerciallin.com\/index.php\/wp-json\/wp\/v2\/comments?post=19691"}],"wp:featuredmedia":[{"embeddable":true,"href":"https:\/\/comerciallin.com\/index.php\/wp-json\/wp\/v2\/media\/21782"}],"wp:attachment":[{"href":"https:\/\/comerciallin.com\/index.php\/wp-json\/wp\/v2\/media?parent=19691"}],"wp:term":[{"taxonomy":"product_cat","embeddable":true,"href":"https:\/\/comerciallin.com\/index.php\/wp-json\/wp\/v2\/product_cat?post=19691"},{"taxonomy":"product_tag","embeddable":true,"href":"https:\/\/comerciallin.com\/index.php\/wp-json\/wp\/v2\/product_tag?post=19691"}],"curies":[{"name":"wp","href":"https:\/\/api.w.org\/{rel}","templated":true}]}}