{"id":19637,"date":"2022-11-07T13:30:17","date_gmt":"2022-11-07T18:30:17","guid":{"rendered":"https:\/\/comerciallin.com\/index.php\/producto\/teclado-p-lapto-comp-tosh-l800-c845\/"},"modified":"2025-01-14T13:58:06","modified_gmt":"2025-01-14T18:58:06","slug":"teclado-p-lapto-comp-tosh-l800-c845","status":"publish","type":"product","link":"https:\/\/comerciallin.com\/index.php\/producto\/teclado-p-lapto-comp-tosh-l800-c845\/","title":{"rendered":"TECLADO P. LAPTO COMP TOSH L800\/C845"},"content":{"rendered":"<p>Modelos compatibles:<br \/>\n Para Toshiba Satellite C800 C800D C840 C840D C845 C845D L800 L805 L830 L835 L840 L840D L845 L845D M800 M805 M805 D<\/p>\n","protected":false},"excerpt":{"rendered":"<p>Teclado de repuesto para laptop Toshiba Satellite C800 C800D C840 C840D C845 C845D L800 L805 L830 L835 L840 L840D L845 L845D M800 M800D M800D M83333333305D Negro<\/p>\n","protected":false},"featured_media":22053,"comment_status":"open","ping_status":"closed","template":"","meta":{"spay_email":""},"product_cat":[836],"product_tag":[],"supplier_id":null,"supplier_sku":"","barcode":null,"atum_controlled":true,"out_stock_date":null,"out_stock_threshold":null,"inheritable":false,"inbound_stock":null,"stock_on_hold":0,"sold_today":0,"sales_last_days":0,"reserved_stock":null,"customer_returns":null,"warehouse_damage":null,"lost_in_post":null,"other_logs":null,"out_stock_days":0,"lost_sales":0,"has_location":null,"update_date":"2026-04-30T00:11:45","atum_locations":[],"atum_stock_status":"instock","restock_status":false,"low_stock_amount":"","sales_update_date":"2026-04-30T00:11:45","calc_backorders":null,"acf":[],"yoast_head":"<!-- This site is optimized with the Yoast SEO Premium plugin v17.4 (Yoast SEO v17.4) - https:\/\/yoast.com\/wordpress\/plugins\/seo\/ -->\n<title>TECLADO P. LAPTO COMP TOSH L800\/C845 - tienda de electr\u00f3nica y computaci\u00f3n<\/title>\n<meta name=\"robots\" content=\"index, follow, max-snippet:-1, max-image-preview:large, max-video-preview:-1\" \/>\n<link rel=\"canonical\" href=\"https:\/\/comerciallin.com\/index.php\/producto\/teclado-p-lapto-comp-tosh-l800-c845\/\" \/>\n<meta property=\"og:locale\" content=\"es_ES\" \/>\n<meta property=\"og:type\" content=\"article\" \/>\n<meta property=\"og:title\" content=\"TECLADO P. LAPTO COMP TOSH L800\/C845\" \/>\n<meta property=\"og:description\" content=\"Teclado de repuesto para laptop Toshiba Satellite C800 C800D C840 C840D C845 C845D L800 L805 L830 L835 L840 L840D L845 L845D M800 M800D M800D M83333333305D Negro\" \/>\n<meta property=\"og:url\" content=\"https:\/\/comerciallin.com\/index.php\/producto\/teclado-p-lapto-comp-tosh-l800-c845\/\" \/>\n<meta property=\"og:site_name\" content=\"tienda de electr\u00f3nica y computaci\u00f3n\" \/>\n<meta property=\"article:modified_time\" content=\"2025-01-14T18:58:06+00:00\" \/>\n<meta name=\"twitter:card\" content=\"summary_large_image\" \/>\n<meta name=\"twitter:image\" content=\"https:\/\/i0.wp.com\/comerciallin.com\/wp-content\/uploads\/2023\/02\/577030110507.jpg?fit=%2C&amp;ssl=1\" \/>\n<meta name=\"twitter:label1\" content=\"Precio\" \/>\n\t<meta name=\"twitter:data1\" content=\"&#36;32,20\" \/>\n\t<meta name=\"twitter:label2\" content=\"Availability\" \/>\n\t<meta name=\"twitter:data2\" content=\"In stock\" \/>\n<script type=\"application\/ld+json\" class=\"yoast-schema-graph\">{\"@context\":\"https:\/\/schema.org\",\"@graph\":[{\"@type\":\"WebSite\",\"@id\":\"https:\/\/comerciallin.com\/#website\",\"url\":\"https:\/\/comerciallin.com\/\",\"name\":\"tienda de electr\\u00f3nica y computaci\\u00f3n\",\"description\":\"Importadora de Electr\\u00f3nica y Computaci\\u00f3n\",\"potentialAction\":[{\"@type\":\"SearchAction\",\"target\":{\"@type\":\"EntryPoint\",\"urlTemplate\":\"https:\/\/comerciallin.com\/?s={search_term_string}\"},\"query-input\":\"required name=search_term_string\"}],\"inLanguage\":\"es\"},{\"@type\":\"ImageObject\",\"@id\":\"https:\/\/comerciallin.com\/index.php\/producto\/teclado-p-lapto-comp-tosh-l800-c845\/#primaryimage\",\"inLanguage\":\"es\",\"url\":\"https:\/\/i0.wp.com\/comerciallin.com\/wp-content\/uploads\/2023\/02\/577030110507.jpg?fit=%2C&ssl=1\",\"contentUrl\":\"https:\/\/i0.wp.com\/comerciallin.com\/wp-content\/uploads\/2023\/02\/577030110507.jpg?fit=%2C&ssl=1\",\"caption\":\"TECLADO P. LAPTO COMP TOSH L800\/C845\"},{\"@type\":\"WebPage\",\"@id\":\"https:\/\/comerciallin.com\/index.php\/producto\/teclado-p-lapto-comp-tosh-l800-c845\/#webpage\",\"url\":\"https:\/\/comerciallin.com\/index.php\/producto\/teclado-p-lapto-comp-tosh-l800-c845\/\",\"name\":\"TECLADO P. LAPTO COMP TOSH L800\/C845 - tienda de electr\\u00f3nica y computaci\\u00f3n\",\"isPartOf\":{\"@id\":\"https:\/\/comerciallin.com\/#website\"},\"primaryImageOfPage\":{\"@id\":\"https:\/\/comerciallin.com\/index.php\/producto\/teclado-p-lapto-comp-tosh-l800-c845\/#primaryimage\"},\"datePublished\":\"2022-11-07T18:30:17+00:00\",\"dateModified\":\"2025-01-14T18:58:06+00:00\",\"breadcrumb\":{\"@id\":\"https:\/\/comerciallin.com\/index.php\/producto\/teclado-p-lapto-comp-tosh-l800-c845\/#breadcrumb\"},\"inLanguage\":\"es\",\"potentialAction\":[{\"@type\":\"ReadAction\",\"target\":[\"https:\/\/comerciallin.com\/index.php\/producto\/teclado-p-lapto-comp-tosh-l800-c845\/\"]}]},{\"@type\":\"BreadcrumbList\",\"@id\":\"https:\/\/comerciallin.com\/index.php\/producto\/teclado-p-lapto-comp-tosh-l800-c845\/#breadcrumb\",\"itemListElement\":[{\"@type\":\"ListItem\",\"position\":1,\"name\":\"Inicio\",\"item\":\"https:\/\/comerciallin.com\/\"},{\"@type\":\"ListItem\",\"position\":2,\"name\":\"Shop\",\"item\":\"https:\/\/comerciallin.com\/?page_id=3853\"},{\"@type\":\"ListItem\",\"position\":3,\"name\":\"TECLADO P. LAPTO COMP TOSH L800\/C845\"}]}]}<\/script>\n<meta property=\"product:price:amount\" content=\"32.20\" \/>\n<meta property=\"product:price:currency\" content=\"USD\" \/>\n<meta property=\"og:availability\" content=\"instock\" \/>\n<meta property=\"product:availability\" content=\"instock\" \/>\n<meta property=\"product:retailer_item_id\" content=\"577030110507\" \/>\n<meta property=\"product:condition\" content=\"new\" \/>\n<!-- \/ Yoast SEO Premium plugin. -->","yoast_head_json":{"title":"TECLADO P. LAPTO COMP TOSH L800\/C845 - tienda de electr\u00f3nica y computaci\u00f3n","robots":{"index":"index","follow":"follow","max-snippet":"max-snippet:-1","max-image-preview":"max-image-preview:large","max-video-preview":"max-video-preview:-1"},"canonical":"https:\/\/comerciallin.com\/index.php\/producto\/teclado-p-lapto-comp-tosh-l800-c845\/","og_locale":"es_ES","og_type":"article","og_title":"TECLADO P. LAPTO COMP TOSH L800\/C845","og_description":"Teclado de repuesto para laptop Toshiba Satellite C800 C800D C840 C840D C845 C845D L800 L805 L830 L835 L840 L840D L845 L845D M800 M800D M800D M83333333305D Negro","og_url":"https:\/\/comerciallin.com\/index.php\/producto\/teclado-p-lapto-comp-tosh-l800-c845\/","og_site_name":"tienda de electr\u00f3nica y computaci\u00f3n","article_modified_time":"2025-01-14T18:58:06+00:00","twitter_card":"summary_large_image","twitter_image":"https:\/\/i0.wp.com\/comerciallin.com\/wp-content\/uploads\/2023\/02\/577030110507.jpg?fit=%2C&ssl=1","twitter_misc":{"Precio":"&#36;32,20","Availability":"In stock"},"schema":{"@context":"https:\/\/schema.org","@graph":[{"@type":"WebSite","@id":"https:\/\/comerciallin.com\/#website","url":"https:\/\/comerciallin.com\/","name":"tienda de electr\u00f3nica y computaci\u00f3n","description":"Importadora de Electr\u00f3nica y Computaci\u00f3n","potentialAction":[{"@type":"SearchAction","target":{"@type":"EntryPoint","urlTemplate":"https:\/\/comerciallin.com\/?s={search_term_string}"},"query-input":"required name=search_term_string"}],"inLanguage":"es"},{"@type":"ImageObject","@id":"https:\/\/comerciallin.com\/index.php\/producto\/teclado-p-lapto-comp-tosh-l800-c845\/#primaryimage","inLanguage":"es","url":"https:\/\/i0.wp.com\/comerciallin.com\/wp-content\/uploads\/2023\/02\/577030110507.jpg?fit=%2C&ssl=1","contentUrl":"https:\/\/i0.wp.com\/comerciallin.com\/wp-content\/uploads\/2023\/02\/577030110507.jpg?fit=%2C&ssl=1","caption":"TECLADO P. LAPTO COMP TOSH L800\/C845"},{"@type":"WebPage","@id":"https:\/\/comerciallin.com\/index.php\/producto\/teclado-p-lapto-comp-tosh-l800-c845\/#webpage","url":"https:\/\/comerciallin.com\/index.php\/producto\/teclado-p-lapto-comp-tosh-l800-c845\/","name":"TECLADO P. LAPTO COMP TOSH L800\/C845 - tienda de electr\u00f3nica y computaci\u00f3n","isPartOf":{"@id":"https:\/\/comerciallin.com\/#website"},"primaryImageOfPage":{"@id":"https:\/\/comerciallin.com\/index.php\/producto\/teclado-p-lapto-comp-tosh-l800-c845\/#primaryimage"},"datePublished":"2022-11-07T18:30:17+00:00","dateModified":"2025-01-14T18:58:06+00:00","breadcrumb":{"@id":"https:\/\/comerciallin.com\/index.php\/producto\/teclado-p-lapto-comp-tosh-l800-c845\/#breadcrumb"},"inLanguage":"es","potentialAction":[{"@type":"ReadAction","target":["https:\/\/comerciallin.com\/index.php\/producto\/teclado-p-lapto-comp-tosh-l800-c845\/"]}]},{"@type":"BreadcrumbList","@id":"https:\/\/comerciallin.com\/index.php\/producto\/teclado-p-lapto-comp-tosh-l800-c845\/#breadcrumb","itemListElement":[{"@type":"ListItem","position":1,"name":"Inicio","item":"https:\/\/comerciallin.com\/"},{"@type":"ListItem","position":2,"name":"Shop","item":"https:\/\/comerciallin.com\/?page_id=3853"},{"@type":"ListItem","position":3,"name":"TECLADO P. LAPTO COMP TOSH L800\/C845"}]}]},"product_price_amount":"32.20","product_price_currency":"USD","og_availability":"instock","product_availability":"instock","product_retailer_item_id":"577030110507","product_condition":"new"},"jetpack-related-posts":[{"id":23890,"url":"https:\/\/comerciallin.com\/index.php\/producto\/teclado-p-lapto-comp-toshiba-c50-b\/","url_meta":{"origin":19637,"position":0},"title":"TECLADO P. LAPTO COMP TOSHIBA C50-B","date":"3 de mayo de 2023","format":false,"excerpt":"Teclado compatible con la laptop Toshiba Satellite Series C50-B, PK1315G2A00, Toshiba Satellite C50-AST2NX1, Toshiba Satellite C50-AST2NX2, Toshiba Satellite C50-AST2NX3, Toshiba Satellite C50-AST2NX4","rel":"","context":"Entrada similar","img":{"alt_text":"","src":"","width":0,"height":0},"classes":[]},{"id":23892,"url":"https:\/\/comerciallin.com\/index.php\/producto\/teclado-p-lapto-comp-toshiba-l50-b\/","url_meta":{"origin":19637,"position":1},"title":"TECLADO P. LAPTO COMP TOSHIBA L50-B","date":"3 de mayo de 2023","format":false,"excerpt":"Teclado para laptop Toshiba L50-B, MP-13R86LA-920B, Toshiba Satellite L50-B, Toshiba Satellite L50D-B, Toshiba Satellite S50-B, Toshiba Satellite S50D-B","rel":"","context":"Entrada similar","img":{"alt_text":"","src":"","width":0,"height":0},"classes":[]},{"id":23894,"url":"https:\/\/comerciallin.com\/index.php\/producto\/teclado-p-lapto-comp-toshiba-l655\/","url_meta":{"origin":19637,"position":2},"title":"TECLADO P. LAPTO COMP TOSHIBA L655","date":"3 de mayo de 2023","format":false,"excerpt":"Teclado laptop Toshiba L655, V000210270, Toshiba Satellite L655, Toshiba Satellite L655D","rel":"","context":"Entrada similar","img":{"alt_text":"","src":"","width":0,"height":0},"classes":[]},{"id":19724,"url":"https:\/\/comerciallin.com\/index.php\/producto\/teclado-p-lapto-comp-toshiba-a2001015300\/","url_meta":{"origin":19637,"position":3},"title":"TECLADO P. LAPTO COMP TOSHIBA A200,10,15,300","date":"8 de noviembre de 2022","format":false,"excerpt":"Teclado de Repuesto para Ordenador port\u00e1til Compatible con Toshiba Satellite A200-2BD","rel":"","context":"Entrada similar","img":{"alt_text":"","src":"","width":0,"height":0},"classes":[]},{"id":19112,"url":"https:\/\/comerciallin.com\/index.php\/producto\/bateria-comp-toshiba-pa3787u-1brs-pa3786u-1b1\/","url_meta":{"origin":19637,"position":4},"title":"BATERIA COMP TOSHIBA PA3787U-1BRS\/PA3786U-1B1","date":"7 de noviembre de 2022","format":false,"excerpt":"Toshiba PA3787U-1BRS PA3788U-1BRS PABAS221 PABAS222 PABAS223","rel":"","context":"Entrada similar","img":{"alt_text":"","src":"","width":0,"height":0},"classes":[]},{"id":19583,"url":"https:\/\/comerciallin.com\/index.php\/producto\/teclado-p-lapto-comp-tosh-l850-c850\/","url_meta":{"origin":19637,"position":5},"title":"TECLADO P. LAPTO COMP TOSH L850\/C850","date":"7 de noviembre de 2022","format":false,"excerpt":"Teclado para Laptop Toshiba Satellite C845\/C850\/C850D\/C855\/C870\/C870D\/C875\/L850 (Black)","rel":"","context":"Entrada similar","img":{"alt_text":"","src":"","width":0,"height":0},"classes":[]}],"jetpack_sharing_enabled":true,"jetpack_likes_enabled":true,"_links":{"self":[{"href":"https:\/\/comerciallin.com\/index.php\/wp-json\/wp\/v2\/product\/19637"}],"collection":[{"href":"https:\/\/comerciallin.com\/index.php\/wp-json\/wp\/v2\/product"}],"about":[{"href":"https:\/\/comerciallin.com\/index.php\/wp-json\/wp\/v2\/types\/product"}],"replies":[{"embeddable":true,"href":"https:\/\/comerciallin.com\/index.php\/wp-json\/wp\/v2\/comments?post=19637"}],"wp:featuredmedia":[{"embeddable":true,"href":"https:\/\/comerciallin.com\/index.php\/wp-json\/wp\/v2\/media\/22053"}],"wp:attachment":[{"href":"https:\/\/comerciallin.com\/index.php\/wp-json\/wp\/v2\/media?parent=19637"}],"wp:term":[{"taxonomy":"product_cat","embeddable":true,"href":"https:\/\/comerciallin.com\/index.php\/wp-json\/wp\/v2\/product_cat?post=19637"},{"taxonomy":"product_tag","embeddable":true,"href":"https:\/\/comerciallin.com\/index.php\/wp-json\/wp\/v2\/product_tag?post=19637"}],"curies":[{"name":"wp","href":"https:\/\/api.w.org\/{rel}","templated":true}]}}