{"id":19629,"date":"2022-11-07T13:30:15","date_gmt":"2022-11-07T18:30:15","guid":{"rendered":"https:\/\/comerciallin.com\/index.php\/producto\/teclado-p-lapto-comp-hp-hp-14-ac-14-af-14-am\/"},"modified":"2025-01-14T13:58:04","modified_gmt":"2025-01-14T18:58:04","slug":"teclado-p-lapto-comp-hp-hp-14-ac-14-af-14-am","status":"publish","type":"product","link":"https:\/\/comerciallin.com\/index.php\/producto\/teclado-p-lapto-comp-hp-hp-14-ac-14-af-14-am\/","title":{"rendered":"TECLADO P. LAPTO COMP HP HP 14-AC\/14-AF\/14-AM"},"content":{"rendered":"<p>Modelos Compatibles:<br \/>\n Para HP Pavilion 14-ac 14-ac000 14-ac186la 14-ac187la 14-ac022tx 14-ac114na 14-ac107na 14-ac000na 14-ac000nd 14-ac000ne 14-ac000nf 14-ac000nv 14-ac000ur 14-ac001ne 14-ac001no 14-ac002nd 14-ac002ur 14-ac003ne 14-ac003nf 14-ac003nia 14-ac003ur 14-ac004ne 14-ac004nf 14-ac004nia 14-ac004nl 14-ac004np 14-ac005ne 14-ac005nx 14-ac006ne 14-ac006nf 14-ac006nl 14-ac006nx 14-ac007nl 14-ac007nx 14-ac008nia 14-ac008nx 14-ac009nia 14-ac009nx 14-ac012ne 14-ac014ne 14-ac015ne 14-ac016ne 14-ac016nx 14-ac017ne 14-ac020ng 14-ac080no 14-ac001tu 14-ac001tx 14-ac002nj 14-ac002tu 14-ac002tx 14-ac003tu 14-ac003tx 14-ac004tu 14-ac004tx 14-ac005tu 14-ac005tx 14-ac006tu 14-ac006tx 14-ac007tu 14-ac007tx 14-ac008tu 14-ac008tx 14-ac009tu 14-ac009tx 14-ac010tu 14-ac010tx 14-ac011tu 14-ac011tx 14-ac012tu 14-ac012tx 14-ac013tu 14-ac013tx 14-ac014tu 14-ac014tx 14-ac015tu 14-ac015tx 14-ac016tu 14-ac016tx 14-ac017tu 14-ac017tx 14-ac018tu 14-ac018tx 14-ac019tu 14-ac019tx 14-ac020tu 14-ac020tx 14-ac021tu 14-ac021tx 14-ac022tu 14-ac022tx 14-ac023tu 14-ac023tx 14-ac024tu 14-ac024tx 14-ac025tu 14-ac025tx 14-ac026tu 14-ac026tx 14-ac027tu 14-ac027tx 14-ac028tu 14-ac028tx 14-ac029tu 14-ac029tx 14-ac030tu 14-ac030tx 14-ac031tx 14-ac032tu 14-ac032tx 14-ac033tu 14-ac033tx 14-ac034tu 14-ac034tx 14-ac035tu 14-ac036tu 14-ac037tu 14-ac038tu 14-ac039tu 14-ac040tu 14-ac041tu 14-ac042tu 14-ac043tu 14-ac044tu 14-ac045tu 14-ac046tu 14-ac047tu 14-ac048tu 14-ac049tu 14-ac050tu 14-ac051tu 14-ac052tu 14-ac053tu 14-ac054tu 14-ac055tu 14-ac056tu 14-ac057tu 14-ac058tu 14-ac059tu 14-ac060tu 14-ac061tu 14-ac062tu 14-ac063tu 14-ac064tu 14-ac065tu 14-ac066tu 14-ac067tu<\/p>\n","protected":false},"excerpt":{"rendered":"<p>Teclado para port\u00e1til (sin marco) HP Pavilion 14-ac 14-ac000 14-AC186LA 14-ac187la 14-ac022tx 14-AC114NA 14-ac107na nosotros dise\u00f1o color negro<\/p>\n","protected":false},"featured_media":22043,"comment_status":"open","ping_status":"closed","template":"","meta":{"spay_email":""},"product_cat":[832],"product_tag":[],"supplier_id":null,"supplier_sku":"","barcode":null,"atum_controlled":true,"out_stock_date":null,"out_stock_threshold":null,"inheritable":false,"inbound_stock":null,"stock_on_hold":0,"sold_today":0,"sales_last_days":0,"reserved_stock":null,"customer_returns":null,"warehouse_damage":null,"lost_in_post":null,"other_logs":null,"out_stock_days":0,"lost_sales":0,"has_location":null,"update_date":"2026-04-28T00:11:08","atum_locations":[],"atum_stock_status":"instock","restock_status":false,"low_stock_amount":"","sales_update_date":"2026-04-28T00:11:08","calc_backorders":null,"acf":[],"yoast_head":"<!-- This site is optimized with the Yoast SEO Premium plugin v17.4 (Yoast SEO v17.4) - https:\/\/yoast.com\/wordpress\/plugins\/seo\/ -->\n<title>TECLADO P. LAPTO COMP HP HP 14-AC\/14-AF\/14-AM - tienda de electr\u00f3nica y computaci\u00f3n<\/title>\n<meta name=\"robots\" content=\"index, follow, max-snippet:-1, max-image-preview:large, max-video-preview:-1\" \/>\n<link rel=\"canonical\" href=\"https:\/\/comerciallin.com\/index.php\/producto\/teclado-p-lapto-comp-hp-hp-14-ac-14-af-14-am\/\" \/>\n<meta property=\"og:locale\" content=\"es_ES\" \/>\n<meta property=\"og:type\" content=\"article\" \/>\n<meta property=\"og:title\" content=\"TECLADO P. LAPTO COMP HP HP 14-AC\/14-AF\/14-AM\" \/>\n<meta property=\"og:description\" content=\"Teclado para port\u00e1til (sin marco) HP Pavilion 14-ac 14-ac000 14-AC186LA 14-ac187la 14-ac022tx 14-AC114NA 14-ac107na nosotros dise\u00f1o color negro\" \/>\n<meta property=\"og:url\" content=\"https:\/\/comerciallin.com\/index.php\/producto\/teclado-p-lapto-comp-hp-hp-14-ac-14-af-14-am\/\" \/>\n<meta property=\"og:site_name\" content=\"tienda de electr\u00f3nica y computaci\u00f3n\" \/>\n<meta property=\"article:modified_time\" content=\"2025-01-14T18:58:04+00:00\" \/>\n<meta name=\"twitter:card\" content=\"summary_large_image\" \/>\n<meta name=\"twitter:image\" content=\"https:\/\/i0.wp.com\/comerciallin.com\/wp-content\/uploads\/2023\/02\/577030110503.jpg?fit=%2C&amp;ssl=1\" \/>\n<meta name=\"twitter:label1\" content=\"Precio\" \/>\n\t<meta name=\"twitter:data1\" content=\"&#36;40,25\" \/>\n\t<meta name=\"twitter:label2\" content=\"Availability\" \/>\n\t<meta name=\"twitter:data2\" content=\"In stock\" \/>\n<script type=\"application\/ld+json\" class=\"yoast-schema-graph\">{\"@context\":\"https:\/\/schema.org\",\"@graph\":[{\"@type\":\"WebSite\",\"@id\":\"https:\/\/comerciallin.com\/#website\",\"url\":\"https:\/\/comerciallin.com\/\",\"name\":\"tienda de electr\\u00f3nica y computaci\\u00f3n\",\"description\":\"Importadora de Electr\\u00f3nica y Computaci\\u00f3n\",\"potentialAction\":[{\"@type\":\"SearchAction\",\"target\":{\"@type\":\"EntryPoint\",\"urlTemplate\":\"https:\/\/comerciallin.com\/?s={search_term_string}\"},\"query-input\":\"required name=search_term_string\"}],\"inLanguage\":\"es\"},{\"@type\":\"ImageObject\",\"@id\":\"https:\/\/comerciallin.com\/index.php\/producto\/teclado-p-lapto-comp-hp-hp-14-ac-14-af-14-am\/#primaryimage\",\"inLanguage\":\"es\",\"url\":\"https:\/\/i0.wp.com\/comerciallin.com\/wp-content\/uploads\/2023\/02\/577030110503.jpg?fit=%2C&ssl=1\",\"contentUrl\":\"https:\/\/i0.wp.com\/comerciallin.com\/wp-content\/uploads\/2023\/02\/577030110503.jpg?fit=%2C&ssl=1\",\"caption\":\"TECLADO P. LAPTO COMP HP HP 14-AC\/14-AF\/14-AM\"},{\"@type\":\"WebPage\",\"@id\":\"https:\/\/comerciallin.com\/index.php\/producto\/teclado-p-lapto-comp-hp-hp-14-ac-14-af-14-am\/#webpage\",\"url\":\"https:\/\/comerciallin.com\/index.php\/producto\/teclado-p-lapto-comp-hp-hp-14-ac-14-af-14-am\/\",\"name\":\"TECLADO P. LAPTO COMP HP HP 14-AC\/14-AF\/14-AM - tienda de electr\\u00f3nica y computaci\\u00f3n\",\"isPartOf\":{\"@id\":\"https:\/\/comerciallin.com\/#website\"},\"primaryImageOfPage\":{\"@id\":\"https:\/\/comerciallin.com\/index.php\/producto\/teclado-p-lapto-comp-hp-hp-14-ac-14-af-14-am\/#primaryimage\"},\"datePublished\":\"2022-11-07T18:30:15+00:00\",\"dateModified\":\"2025-01-14T18:58:04+00:00\",\"breadcrumb\":{\"@id\":\"https:\/\/comerciallin.com\/index.php\/producto\/teclado-p-lapto-comp-hp-hp-14-ac-14-af-14-am\/#breadcrumb\"},\"inLanguage\":\"es\",\"potentialAction\":[{\"@type\":\"ReadAction\",\"target\":[\"https:\/\/comerciallin.com\/index.php\/producto\/teclado-p-lapto-comp-hp-hp-14-ac-14-af-14-am\/\"]}]},{\"@type\":\"BreadcrumbList\",\"@id\":\"https:\/\/comerciallin.com\/index.php\/producto\/teclado-p-lapto-comp-hp-hp-14-ac-14-af-14-am\/#breadcrumb\",\"itemListElement\":[{\"@type\":\"ListItem\",\"position\":1,\"name\":\"Inicio\",\"item\":\"https:\/\/comerciallin.com\/\"},{\"@type\":\"ListItem\",\"position\":2,\"name\":\"Shop\",\"item\":\"https:\/\/comerciallin.com\/?page_id=3853\"},{\"@type\":\"ListItem\",\"position\":3,\"name\":\"TECLADO P. LAPTO COMP HP HP 14-AC\/14-AF\/14-AM\"}]}]}<\/script>\n<meta property=\"product:price:amount\" content=\"40.25\" \/>\n<meta property=\"product:price:currency\" content=\"USD\" \/>\n<meta property=\"og:availability\" content=\"instock\" \/>\n<meta property=\"product:availability\" content=\"instock\" \/>\n<meta property=\"product:retailer_item_id\" content=\"577030110503\" \/>\n<meta property=\"product:condition\" content=\"new\" \/>\n<!-- \/ Yoast SEO Premium plugin. -->","yoast_head_json":{"title":"TECLADO P. LAPTO COMP HP HP 14-AC\/14-AF\/14-AM - tienda de electr\u00f3nica y computaci\u00f3n","robots":{"index":"index","follow":"follow","max-snippet":"max-snippet:-1","max-image-preview":"max-image-preview:large","max-video-preview":"max-video-preview:-1"},"canonical":"https:\/\/comerciallin.com\/index.php\/producto\/teclado-p-lapto-comp-hp-hp-14-ac-14-af-14-am\/","og_locale":"es_ES","og_type":"article","og_title":"TECLADO P. LAPTO COMP HP HP 14-AC\/14-AF\/14-AM","og_description":"Teclado para port\u00e1til (sin marco) HP Pavilion 14-ac 14-ac000 14-AC186LA 14-ac187la 14-ac022tx 14-AC114NA 14-ac107na nosotros dise\u00f1o color negro","og_url":"https:\/\/comerciallin.com\/index.php\/producto\/teclado-p-lapto-comp-hp-hp-14-ac-14-af-14-am\/","og_site_name":"tienda de electr\u00f3nica y computaci\u00f3n","article_modified_time":"2025-01-14T18:58:04+00:00","twitter_card":"summary_large_image","twitter_image":"https:\/\/i0.wp.com\/comerciallin.com\/wp-content\/uploads\/2023\/02\/577030110503.jpg?fit=%2C&ssl=1","twitter_misc":{"Precio":"&#36;40,25","Availability":"In stock"},"schema":{"@context":"https:\/\/schema.org","@graph":[{"@type":"WebSite","@id":"https:\/\/comerciallin.com\/#website","url":"https:\/\/comerciallin.com\/","name":"tienda de electr\u00f3nica y computaci\u00f3n","description":"Importadora de Electr\u00f3nica y Computaci\u00f3n","potentialAction":[{"@type":"SearchAction","target":{"@type":"EntryPoint","urlTemplate":"https:\/\/comerciallin.com\/?s={search_term_string}"},"query-input":"required name=search_term_string"}],"inLanguage":"es"},{"@type":"ImageObject","@id":"https:\/\/comerciallin.com\/index.php\/producto\/teclado-p-lapto-comp-hp-hp-14-ac-14-af-14-am\/#primaryimage","inLanguage":"es","url":"https:\/\/i0.wp.com\/comerciallin.com\/wp-content\/uploads\/2023\/02\/577030110503.jpg?fit=%2C&ssl=1","contentUrl":"https:\/\/i0.wp.com\/comerciallin.com\/wp-content\/uploads\/2023\/02\/577030110503.jpg?fit=%2C&ssl=1","caption":"TECLADO P. LAPTO COMP HP HP 14-AC\/14-AF\/14-AM"},{"@type":"WebPage","@id":"https:\/\/comerciallin.com\/index.php\/producto\/teclado-p-lapto-comp-hp-hp-14-ac-14-af-14-am\/#webpage","url":"https:\/\/comerciallin.com\/index.php\/producto\/teclado-p-lapto-comp-hp-hp-14-ac-14-af-14-am\/","name":"TECLADO P. LAPTO COMP HP HP 14-AC\/14-AF\/14-AM - tienda de electr\u00f3nica y computaci\u00f3n","isPartOf":{"@id":"https:\/\/comerciallin.com\/#website"},"primaryImageOfPage":{"@id":"https:\/\/comerciallin.com\/index.php\/producto\/teclado-p-lapto-comp-hp-hp-14-ac-14-af-14-am\/#primaryimage"},"datePublished":"2022-11-07T18:30:15+00:00","dateModified":"2025-01-14T18:58:04+00:00","breadcrumb":{"@id":"https:\/\/comerciallin.com\/index.php\/producto\/teclado-p-lapto-comp-hp-hp-14-ac-14-af-14-am\/#breadcrumb"},"inLanguage":"es","potentialAction":[{"@type":"ReadAction","target":["https:\/\/comerciallin.com\/index.php\/producto\/teclado-p-lapto-comp-hp-hp-14-ac-14-af-14-am\/"]}]},{"@type":"BreadcrumbList","@id":"https:\/\/comerciallin.com\/index.php\/producto\/teclado-p-lapto-comp-hp-hp-14-ac-14-af-14-am\/#breadcrumb","itemListElement":[{"@type":"ListItem","position":1,"name":"Inicio","item":"https:\/\/comerciallin.com\/"},{"@type":"ListItem","position":2,"name":"Shop","item":"https:\/\/comerciallin.com\/?page_id=3853"},{"@type":"ListItem","position":3,"name":"TECLADO P. LAPTO COMP HP HP 14-AC\/14-AF\/14-AM"}]}]},"product_price_amount":"40.25","product_price_currency":"USD","og_availability":"instock","product_availability":"instock","product_retailer_item_id":"577030110503","product_condition":"new"},"jetpack-related-posts":[{"id":19000,"url":"https:\/\/comerciallin.com\/index.php\/producto\/teclado-p-lapto-comp-hp-14-ac\/","url_meta":{"origin":19629,"position":0},"title":"TECLADO P. LAPTO COMP HP 14-AC","date":"7 de noviembre de 2022","format":false,"excerpt":"TECLADO HP 14-AC 14-AF ESPA\u00d1OL NEGRO","rel":"","context":"Entrada similar","img":{"alt_text":"","src":"","width":0,"height":0},"classes":[]},{"id":19627,"url":"https:\/\/comerciallin.com\/index.php\/producto\/teclado-p-lapto-comp-hp-14-b000-u33\/","url_meta":{"origin":19629,"position":1},"title":"TECLADO P. LAPTO COMP HP 14-B000\/U33","date":"7 de noviembre de 2022","format":false,"excerpt":"Teclado HP Pavilion 14-b000 14-b 697904-161 U33 Series Espa\u00f1ol N\/P AEU33G00010 - Teclado en Espa\u00f1ol 14-B00 sin marco","rel":"","context":"Entrada similar","img":{"alt_text":"","src":"","width":0,"height":0},"classes":[]},{"id":19187,"url":"https:\/\/comerciallin.com\/index.php\/producto\/bateria-comp-hp-vk04\/","url_meta":{"origin":19629,"position":2},"title":"BATERIA COMP HP VK04","date":"7 de noviembre de 2022","format":false,"excerpt":"Pilas 1 Iones de litio (Tipo de pila necesaria) Peso de la Bater\u00eda 200 Gramos Compatible Devices Laptop, Notebook Tipo de celda de bater\u00eda Litio Ion","rel":"","context":"Entrada similar","img":{"alt_text":"","src":"","width":0,"height":0},"classes":[]},{"id":18698,"url":"https:\/\/comerciallin.com\/index.php\/producto\/teclado-p-lapto-comp-hp-14-bs\/","url_meta":{"origin":19629,"position":3},"title":"TECLADO P. LAPTO COMP HP 14-BS","date":"7 de noviembre de 2022","format":false,"excerpt":"TECLADO ORIGINAL LAPTOP HP 14 BS NEGRO SERIES","rel":"","context":"Entrada similar","img":{"alt_text":"","src":"","width":0,"height":0},"classes":[]},{"id":23856,"url":"https:\/\/comerciallin.com\/index.php\/producto\/teclado-p-lapto-comp-hp-14-n-r\/","url_meta":{"origin":19629,"position":4},"title":"TECLADO P. LAPTO COMP HP 14-N\/R","date":"3 de mayo de 2023","format":false,"excerpt":"Teclado laptop HP 14-N\/R es 740102-001, HP Pavilion 14-n, HP Pavilion 14-r, HP Pavilion 14-e, HP Pavilion 14-g","rel":"","context":"Entrada similar","img":{"alt_text":"","src":"","width":0,"height":0},"classes":[]},{"id":19124,"url":"https:\/\/comerciallin.com\/index.php\/producto\/bateria-comp-hp-hy04-hstnn-ib4u-hstnn-yb4u-t0\/","url_meta":{"origin":19629,"position":5},"title":"BATERIA COMP HP HY04\/HSTNN-IB4U\/HSTNN-YB4U\/T0","date":"7 de noviembre de 2022","format":false,"excerpt":"Voltaje 14.8 Voltios Peso de la Bater\u00eda 274 Gramos Compatible Devices Laptop","rel":"","context":"Entrada similar","img":{"alt_text":"","src":"","width":0,"height":0},"classes":[]}],"jetpack_sharing_enabled":true,"jetpack_likes_enabled":true,"_links":{"self":[{"href":"https:\/\/comerciallin.com\/index.php\/wp-json\/wp\/v2\/product\/19629"}],"collection":[{"href":"https:\/\/comerciallin.com\/index.php\/wp-json\/wp\/v2\/product"}],"about":[{"href":"https:\/\/comerciallin.com\/index.php\/wp-json\/wp\/v2\/types\/product"}],"replies":[{"embeddable":true,"href":"https:\/\/comerciallin.com\/index.php\/wp-json\/wp\/v2\/comments?post=19629"}],"wp:featuredmedia":[{"embeddable":true,"href":"https:\/\/comerciallin.com\/index.php\/wp-json\/wp\/v2\/media\/22043"}],"wp:attachment":[{"href":"https:\/\/comerciallin.com\/index.php\/wp-json\/wp\/v2\/media?parent=19629"}],"wp:term":[{"taxonomy":"product_cat","embeddable":true,"href":"https:\/\/comerciallin.com\/index.php\/wp-json\/wp\/v2\/product_cat?post=19629"},{"taxonomy":"product_tag","embeddable":true,"href":"https:\/\/comerciallin.com\/index.php\/wp-json\/wp\/v2\/product_tag?post=19629"}],"curies":[{"name":"wp","href":"https:\/\/api.w.org\/{rel}","templated":true}]}}