{"id":19627,"date":"2022-11-07T13:30:15","date_gmt":"2022-11-07T18:30:15","guid":{"rendered":"https:\/\/comerciallin.com\/index.php\/producto\/teclado-p-lapto-comp-hp-14-b000-u33\/"},"modified":"2025-01-14T13:57:59","modified_gmt":"2025-01-14T18:57:59","slug":"teclado-p-lapto-comp-hp-14-b000-u33","status":"publish","type":"product","link":"https:\/\/comerciallin.com\/index.php\/producto\/teclado-p-lapto-comp-hp-14-b000-u33\/","title":{"rendered":"TECLADO P. LAPTO COMP HP 14-B000\/U33"},"content":{"rendered":"<p>N&uacute;meros de parte compatible:&nbsp;697904-001 696276-001 AEU33U00110 U33 9Z.N8LSQ.301 C8B67PA MP-12G53US-920 SG-57900-XUA<\/p>\n<p>COMPATIBLE CON TEC0014 Y TES0014<\/p>\n<p>HP Sleekbook 14-B000<\/p>\n<p>HP Pavilion Sleekbook 14-B000, 14-B100<\/p>\n<p>Ultrabook 14-B000, 14-B100<\/p>\n<p>Touchsmart 14-B100<\/p>\n<p>HP Sleekbook&nbsp;14-B100<\/p>\n<p>HP Sleekbook&nbsp;14-b031AU<\/p>\n<p>HP Sleekbook&nbsp;14-b016AU<\/p>\n<p>HP Sleekbook&nbsp;14-B070TX<\/p>\n<p>PAVILION 14<br \/>14-B000 14-B001 14-B003 14-B004 14-B005 14-B006 14-B007 14-B008 14-B009 14-B010 14-B011 14-B012 14-B013 14-B014 14-B015 14-B016 14-B017 14-B018 14-B019 14-B020 14-B022 14-B023 14-B024 14-B025 14-B026 14-B029 14-B030 14-B031 14-B032 14-B033 14-B034 14-B035 14-B039 14-B042 14-B050 14-B063 14-B065 14-B066 14-B067 14-B068 14-B100 14-B102 14-B110 14-B111 14-B112 14-B113 14-B120 14-B122 14-B123 14-B124 14-B130 14-B132 14-B133 14-B137 14-B138 14-B139 14-B140 14-B141 14-B144 14-B145 14-B150 14-B153 14-B157 14-B164 14-B165 14-B166 14-B167 14-B168 14-B169 14-B170 14-B171 14-B172 14-B173 14-B174 14-B175 14-B176 14T-B100 14Z-B000<\/p>\n<p>PAVILION SLEEKBOOK 14-B000<br \/>14-B001 14-B003 14-B004 14-B005 14-B006 14-B007 14-B008 14-B009 14-B010&nbsp;14-B011 14-B012 14-B013 14-B014 14-B015 14-B016 14-B017 14-B018 14-B019 14-B020 14-B022 14-B023 14-B024 14-B025 14-B026 14-B029 14-B030 14-B031 14-B033 14-B034 14-B035 14-B039 14-B050 14-B063 14-B065 14-B068 14-B100 14-B102 14-B110 14-B111 14-B112 14-B113 14-B120 14-B122 14-B123 14-B124 14-B130 14-B132 14-B133 14-B137 14-B138 14-B139 14-B140 14-B141 14-B144 14-B145 14-B150 14-B153 14-B157 14-B164 14-B165 14-B166 14-B167 14-B168 14-B169 14-B170 14-B171 14-B172 14-B173 14-B174 14-B175 14-B176 14T-B100 14Z-B000<\/p>\n<p>PAVILION TOUCHSMART 14-B100<br \/>14-B124 14-B132 14-B133 14-B137 14-B138 14-B139 14-B140 14-B141 14-B145 14-B150 14-B157 14-B164 14-B168 14-B169 14-B170 14-B171 14-B172 14-B173 14-B174 14-B175 14-B176 14T-B100 PAVILION ULTRABOOK 14-B000<\/p>\n","protected":false},"excerpt":{"rendered":"<p>Teclado HP Pavilion 14-b000 14-b 697904-161 U33 Series Espa\u00f1ol N\/P AEU33G00010 &#8211; Teclado en Espa\u00f1ol 14-B00 sin marco<\/p>\n","protected":false},"featured_media":22037,"comment_status":"open","ping_status":"closed","template":"","meta":{"spay_email":""},"product_cat":[832],"product_tag":[],"supplier_id":null,"supplier_sku":"","barcode":null,"atum_controlled":true,"out_stock_date":null,"out_stock_threshold":null,"inheritable":false,"inbound_stock":null,"stock_on_hold":0,"sold_today":0,"sales_last_days":0,"reserved_stock":null,"customer_returns":null,"warehouse_damage":null,"lost_in_post":null,"other_logs":null,"out_stock_days":0,"lost_sales":0,"has_location":null,"update_date":"2026-04-30T00:11:45","atum_locations":[],"atum_stock_status":"instock","restock_status":false,"low_stock_amount":"","sales_update_date":"2026-04-30T00:11:45","calc_backorders":null,"acf":[],"yoast_head":"<!-- This site is optimized with the Yoast SEO Premium plugin v17.4 (Yoast SEO v17.4) - https:\/\/yoast.com\/wordpress\/plugins\/seo\/ -->\n<title>TECLADO P. LAPTO COMP HP 14-B000\/U33 - tienda de electr\u00f3nica y computaci\u00f3n<\/title>\n<meta name=\"robots\" content=\"index, follow, max-snippet:-1, max-image-preview:large, max-video-preview:-1\" \/>\n<link rel=\"canonical\" href=\"https:\/\/comerciallin.com\/index.php\/producto\/teclado-p-lapto-comp-hp-14-b000-u33\/\" \/>\n<meta property=\"og:locale\" content=\"es_ES\" \/>\n<meta property=\"og:type\" content=\"article\" \/>\n<meta property=\"og:title\" content=\"TECLADO P. LAPTO COMP HP 14-B000\/U33\" \/>\n<meta property=\"og:description\" content=\"Teclado HP Pavilion 14-b000 14-b 697904-161 U33 Series Espa\u00f1ol N\/P AEU33G00010 - Teclado en Espa\u00f1ol 14-B00 sin marco\" \/>\n<meta property=\"og:url\" content=\"https:\/\/comerciallin.com\/index.php\/producto\/teclado-p-lapto-comp-hp-14-b000-u33\/\" \/>\n<meta property=\"og:site_name\" content=\"tienda de electr\u00f3nica y computaci\u00f3n\" \/>\n<meta property=\"article:modified_time\" content=\"2025-01-14T18:57:59+00:00\" \/>\n<meta name=\"twitter:card\" content=\"summary_large_image\" \/>\n<meta name=\"twitter:image\" content=\"https:\/\/i0.wp.com\/comerciallin.com\/wp-content\/uploads\/2023\/02\/577030110502.jpg?fit=%2C&amp;ssl=1\" \/>\n<meta name=\"twitter:label1\" content=\"Precio\" \/>\n\t<meta name=\"twitter:data1\" content=\"&#36;34,50\" \/>\n\t<meta name=\"twitter:label2\" content=\"Availability\" \/>\n\t<meta name=\"twitter:data2\" content=\"In stock\" \/>\n<script type=\"application\/ld+json\" class=\"yoast-schema-graph\">{\"@context\":\"https:\/\/schema.org\",\"@graph\":[{\"@type\":\"WebSite\",\"@id\":\"https:\/\/comerciallin.com\/#website\",\"url\":\"https:\/\/comerciallin.com\/\",\"name\":\"tienda de electr\\u00f3nica y computaci\\u00f3n\",\"description\":\"Importadora de Electr\\u00f3nica y Computaci\\u00f3n\",\"potentialAction\":[{\"@type\":\"SearchAction\",\"target\":{\"@type\":\"EntryPoint\",\"urlTemplate\":\"https:\/\/comerciallin.com\/?s={search_term_string}\"},\"query-input\":\"required name=search_term_string\"}],\"inLanguage\":\"es\"},{\"@type\":\"ImageObject\",\"@id\":\"https:\/\/comerciallin.com\/index.php\/producto\/teclado-p-lapto-comp-hp-14-b000-u33\/#primaryimage\",\"inLanguage\":\"es\",\"url\":\"https:\/\/i0.wp.com\/comerciallin.com\/wp-content\/uploads\/2023\/02\/577030110502.jpg?fit=%2C&ssl=1\",\"contentUrl\":\"https:\/\/i0.wp.com\/comerciallin.com\/wp-content\/uploads\/2023\/02\/577030110502.jpg?fit=%2C&ssl=1\",\"caption\":\"TECLADO P. LAPTO COMP HP 14-B000\/U33\"},{\"@type\":\"WebPage\",\"@id\":\"https:\/\/comerciallin.com\/index.php\/producto\/teclado-p-lapto-comp-hp-14-b000-u33\/#webpage\",\"url\":\"https:\/\/comerciallin.com\/index.php\/producto\/teclado-p-lapto-comp-hp-14-b000-u33\/\",\"name\":\"TECLADO P. LAPTO COMP HP 14-B000\/U33 - tienda de electr\\u00f3nica y computaci\\u00f3n\",\"isPartOf\":{\"@id\":\"https:\/\/comerciallin.com\/#website\"},\"primaryImageOfPage\":{\"@id\":\"https:\/\/comerciallin.com\/index.php\/producto\/teclado-p-lapto-comp-hp-14-b000-u33\/#primaryimage\"},\"datePublished\":\"2022-11-07T18:30:15+00:00\",\"dateModified\":\"2025-01-14T18:57:59+00:00\",\"breadcrumb\":{\"@id\":\"https:\/\/comerciallin.com\/index.php\/producto\/teclado-p-lapto-comp-hp-14-b000-u33\/#breadcrumb\"},\"inLanguage\":\"es\",\"potentialAction\":[{\"@type\":\"ReadAction\",\"target\":[\"https:\/\/comerciallin.com\/index.php\/producto\/teclado-p-lapto-comp-hp-14-b000-u33\/\"]}]},{\"@type\":\"BreadcrumbList\",\"@id\":\"https:\/\/comerciallin.com\/index.php\/producto\/teclado-p-lapto-comp-hp-14-b000-u33\/#breadcrumb\",\"itemListElement\":[{\"@type\":\"ListItem\",\"position\":1,\"name\":\"Inicio\",\"item\":\"https:\/\/comerciallin.com\/\"},{\"@type\":\"ListItem\",\"position\":2,\"name\":\"Shop\",\"item\":\"https:\/\/comerciallin.com\/?page_id=3853\"},{\"@type\":\"ListItem\",\"position\":3,\"name\":\"TECLADO P. LAPTO COMP HP 14-B000\/U33\"}]}]}<\/script>\n<meta property=\"product:price:amount\" content=\"34.50\" \/>\n<meta property=\"product:price:currency\" content=\"USD\" \/>\n<meta property=\"og:availability\" content=\"instock\" \/>\n<meta property=\"product:availability\" content=\"instock\" \/>\n<meta property=\"product:retailer_item_id\" content=\"577030110502\" \/>\n<meta property=\"product:condition\" content=\"new\" \/>\n<!-- \/ Yoast SEO Premium plugin. -->","yoast_head_json":{"title":"TECLADO P. LAPTO COMP HP 14-B000\/U33 - tienda de electr\u00f3nica y computaci\u00f3n","robots":{"index":"index","follow":"follow","max-snippet":"max-snippet:-1","max-image-preview":"max-image-preview:large","max-video-preview":"max-video-preview:-1"},"canonical":"https:\/\/comerciallin.com\/index.php\/producto\/teclado-p-lapto-comp-hp-14-b000-u33\/","og_locale":"es_ES","og_type":"article","og_title":"TECLADO P. LAPTO COMP HP 14-B000\/U33","og_description":"Teclado HP Pavilion 14-b000 14-b 697904-161 U33 Series Espa\u00f1ol N\/P AEU33G00010 - Teclado en Espa\u00f1ol 14-B00 sin marco","og_url":"https:\/\/comerciallin.com\/index.php\/producto\/teclado-p-lapto-comp-hp-14-b000-u33\/","og_site_name":"tienda de electr\u00f3nica y computaci\u00f3n","article_modified_time":"2025-01-14T18:57:59+00:00","twitter_card":"summary_large_image","twitter_image":"https:\/\/i0.wp.com\/comerciallin.com\/wp-content\/uploads\/2023\/02\/577030110502.jpg?fit=%2C&ssl=1","twitter_misc":{"Precio":"&#36;34,50","Availability":"In stock"},"schema":{"@context":"https:\/\/schema.org","@graph":[{"@type":"WebSite","@id":"https:\/\/comerciallin.com\/#website","url":"https:\/\/comerciallin.com\/","name":"tienda de electr\u00f3nica y computaci\u00f3n","description":"Importadora de Electr\u00f3nica y Computaci\u00f3n","potentialAction":[{"@type":"SearchAction","target":{"@type":"EntryPoint","urlTemplate":"https:\/\/comerciallin.com\/?s={search_term_string}"},"query-input":"required name=search_term_string"}],"inLanguage":"es"},{"@type":"ImageObject","@id":"https:\/\/comerciallin.com\/index.php\/producto\/teclado-p-lapto-comp-hp-14-b000-u33\/#primaryimage","inLanguage":"es","url":"https:\/\/i0.wp.com\/comerciallin.com\/wp-content\/uploads\/2023\/02\/577030110502.jpg?fit=%2C&ssl=1","contentUrl":"https:\/\/i0.wp.com\/comerciallin.com\/wp-content\/uploads\/2023\/02\/577030110502.jpg?fit=%2C&ssl=1","caption":"TECLADO P. LAPTO COMP HP 14-B000\/U33"},{"@type":"WebPage","@id":"https:\/\/comerciallin.com\/index.php\/producto\/teclado-p-lapto-comp-hp-14-b000-u33\/#webpage","url":"https:\/\/comerciallin.com\/index.php\/producto\/teclado-p-lapto-comp-hp-14-b000-u33\/","name":"TECLADO P. LAPTO COMP HP 14-B000\/U33 - tienda de electr\u00f3nica y computaci\u00f3n","isPartOf":{"@id":"https:\/\/comerciallin.com\/#website"},"primaryImageOfPage":{"@id":"https:\/\/comerciallin.com\/index.php\/producto\/teclado-p-lapto-comp-hp-14-b000-u33\/#primaryimage"},"datePublished":"2022-11-07T18:30:15+00:00","dateModified":"2025-01-14T18:57:59+00:00","breadcrumb":{"@id":"https:\/\/comerciallin.com\/index.php\/producto\/teclado-p-lapto-comp-hp-14-b000-u33\/#breadcrumb"},"inLanguage":"es","potentialAction":[{"@type":"ReadAction","target":["https:\/\/comerciallin.com\/index.php\/producto\/teclado-p-lapto-comp-hp-14-b000-u33\/"]}]},{"@type":"BreadcrumbList","@id":"https:\/\/comerciallin.com\/index.php\/producto\/teclado-p-lapto-comp-hp-14-b000-u33\/#breadcrumb","itemListElement":[{"@type":"ListItem","position":1,"name":"Inicio","item":"https:\/\/comerciallin.com\/"},{"@type":"ListItem","position":2,"name":"Shop","item":"https:\/\/comerciallin.com\/?page_id=3853"},{"@type":"ListItem","position":3,"name":"TECLADO P. LAPTO COMP HP 14-B000\/U33"}]}]},"product_price_amount":"34.50","product_price_currency":"USD","og_availability":"instock","product_availability":"instock","product_retailer_item_id":"577030110502","product_condition":"new"},"jetpack-related-posts":[{"id":23856,"url":"https:\/\/comerciallin.com\/index.php\/producto\/teclado-p-lapto-comp-hp-14-n-r\/","url_meta":{"origin":19627,"position":0},"title":"TECLADO P. LAPTO COMP HP 14-N\/R","date":"3 de mayo de 2023","format":false,"excerpt":"Teclado laptop HP 14-N\/R es 740102-001, HP Pavilion 14-n, HP Pavilion 14-r, HP Pavilion 14-e, HP Pavilion 14-g","rel":"","context":"Entrada similar","img":{"alt_text":"","src":"","width":0,"height":0},"classes":[]},{"id":19187,"url":"https:\/\/comerciallin.com\/index.php\/producto\/bateria-comp-hp-vk04\/","url_meta":{"origin":19627,"position":1},"title":"BATERIA COMP HP VK04","date":"7 de noviembre de 2022","format":false,"excerpt":"Pilas 1 Iones de litio (Tipo de pila necesaria) Peso de la Bater\u00eda 200 Gramos Compatible Devices Laptop, Notebook Tipo de celda de bater\u00eda Litio Ion","rel":"","context":"Entrada similar","img":{"alt_text":"","src":"","width":0,"height":0},"classes":[]},{"id":19124,"url":"https:\/\/comerciallin.com\/index.php\/producto\/bateria-comp-hp-hy04-hstnn-ib4u-hstnn-yb4u-t0\/","url_meta":{"origin":19627,"position":2},"title":"BATERIA COMP HP HY04\/HSTNN-IB4U\/HSTNN-YB4U\/T0","date":"7 de noviembre de 2022","format":false,"excerpt":"Voltaje 14.8 Voltios Peso de la Bater\u00eda 274 Gramos Compatible Devices Laptop","rel":"","context":"Entrada similar","img":{"alt_text":"","src":"","width":0,"height":0},"classes":[]},{"id":19629,"url":"https:\/\/comerciallin.com\/index.php\/producto\/teclado-p-lapto-comp-hp-hp-14-ac-14-af-14-am\/","url_meta":{"origin":19627,"position":3},"title":"TECLADO P. LAPTO COMP HP HP 14-AC\/14-AF\/14-AM","date":"7 de noviembre de 2022","format":false,"excerpt":"Teclado para port\u00e1til (sin marco) HP Pavilion 14-ac 14-ac000 14-AC186LA 14-ac187la 14-ac022tx 14-AC114NA 14-ac107na nosotros dise\u00f1o color negro","rel":"","context":"Entrada similar","img":{"alt_text":"","src":"","width":0,"height":0},"classes":[]},{"id":19000,"url":"https:\/\/comerciallin.com\/index.php\/producto\/teclado-p-lapto-comp-hp-14-ac\/","url_meta":{"origin":19627,"position":4},"title":"TECLADO P. LAPTO COMP HP 14-AC","date":"7 de noviembre de 2022","format":false,"excerpt":"TECLADO HP 14-AC 14-AF ESPA\u00d1OL NEGRO","rel":"","context":"Entrada similar","img":{"alt_text":"","src":"","width":0,"height":0},"classes":[]},{"id":19643,"url":"https:\/\/comerciallin.com\/index.php\/producto\/bateria-p-lapto-hp-pi06-pi09-hstnn-lb4n-hstn\/","url_meta":{"origin":19627,"position":5},"title":"BATERIA P. LAPTO HP PI06\/PI09\/HSTNN-LB4N\/HSTN","date":"7 de noviembre de 2022","format":false,"excerpt":"6 celdas para port\u00e1til HP PI06 P106 710417-001 710416-001 \u2021LB4N Envy Pavilion TouchSmart 14 15 17","rel":"","context":"Entrada similar","img":{"alt_text":"","src":"","width":0,"height":0},"classes":[]}],"jetpack_sharing_enabled":true,"jetpack_likes_enabled":true,"_links":{"self":[{"href":"https:\/\/comerciallin.com\/index.php\/wp-json\/wp\/v2\/product\/19627"}],"collection":[{"href":"https:\/\/comerciallin.com\/index.php\/wp-json\/wp\/v2\/product"}],"about":[{"href":"https:\/\/comerciallin.com\/index.php\/wp-json\/wp\/v2\/types\/product"}],"replies":[{"embeddable":true,"href":"https:\/\/comerciallin.com\/index.php\/wp-json\/wp\/v2\/comments?post=19627"}],"wp:featuredmedia":[{"embeddable":true,"href":"https:\/\/comerciallin.com\/index.php\/wp-json\/wp\/v2\/media\/22037"}],"wp:attachment":[{"href":"https:\/\/comerciallin.com\/index.php\/wp-json\/wp\/v2\/media?parent=19627"}],"wp:term":[{"taxonomy":"product_cat","embeddable":true,"href":"https:\/\/comerciallin.com\/index.php\/wp-json\/wp\/v2\/product_cat?post=19627"},{"taxonomy":"product_tag","embeddable":true,"href":"https:\/\/comerciallin.com\/index.php\/wp-json\/wp\/v2\/product_tag?post=19627"}],"curies":[{"name":"wp","href":"https:\/\/api.w.org\/{rel}","templated":true}]}}