{"id":19621,"date":"2022-11-07T13:30:14","date_gmt":"2022-11-07T18:30:14","guid":{"rendered":"https:\/\/comerciallin.com\/index.php\/producto\/bateria-comp-lenovo-l17c3pg2-y530-15ich-y730\/"},"modified":"2025-01-14T13:54:39","modified_gmt":"2025-01-14T18:54:39","slug":"bateria-comp-lenovo-l17c3pg2-y530-15ich-y730","status":"publish","type":"product","link":"https:\/\/comerciallin.com\/index.php\/producto\/bateria-comp-lenovo-l17c3pg2-y530-15ich-y730\/","title":{"rendered":"BATERIA COMP LENOVO L17C3PG2\/Y530-15ICH\/Y730-"},"content":{"rendered":"<ul>\n<li>Condici&oacute;n: nuevo voltaje: 11,55 V. Capacidad: 57 Wh\/4965 mAh.<\/li>\n<li>N&uacute;mero de pieza de repuesto: L17C3PG2.<\/li>\n<li>Compatible con: Lenovo Y530-15ICH Y730-15ICH Series.<\/li>\n<\/ul>\n","protected":false},"excerpt":{"rendered":"<p>Bater\u00eda para port\u00e1til Lenovo L17C3PG2 &#8211; Y530-15ICH Y730-15ICH (11,55 V, 57 Wh, 4965 mAh)<\/p>\n","protected":false},"featured_media":21678,"comment_status":"open","ping_status":"closed","template":"","meta":{"spay_email":""},"product_cat":[795],"product_tag":[],"supplier_id":null,"supplier_sku":"","barcode":null,"atum_controlled":true,"out_stock_date":null,"out_stock_threshold":null,"inheritable":false,"inbound_stock":null,"stock_on_hold":0,"sold_today":0,"sales_last_days":0,"reserved_stock":null,"customer_returns":null,"warehouse_damage":null,"lost_in_post":null,"other_logs":null,"out_stock_days":0,"lost_sales":0,"has_location":null,"update_date":"2026-05-02T00:12:23","atum_locations":[],"atum_stock_status":"instock","restock_status":false,"low_stock_amount":"","sales_update_date":"2026-05-02T00:12:23","calc_backorders":null,"acf":[],"yoast_head":"<!-- This site is optimized with the Yoast SEO Premium plugin v17.4 (Yoast SEO v17.4) - https:\/\/yoast.com\/wordpress\/plugins\/seo\/ -->\n<title>BATERIA COMP LENOVO L17C3PG2\/Y530-15ICH\/Y730- tienda de electr\u00f3nica y computaci\u00f3n<\/title>\n<meta name=\"robots\" content=\"index, follow, max-snippet:-1, max-image-preview:large, max-video-preview:-1\" \/>\n<link rel=\"canonical\" href=\"https:\/\/comerciallin.com\/index.php\/producto\/bateria-comp-lenovo-l17c3pg2-y530-15ich-y730\/\" \/>\n<meta property=\"og:locale\" content=\"es_ES\" \/>\n<meta property=\"og:type\" content=\"article\" \/>\n<meta property=\"og:title\" content=\"BATERIA COMP LENOVO L17C3PG2\/Y530-15ICH\/Y730-\" \/>\n<meta property=\"og:description\" content=\"Bater\u00eda para port\u00e1til Lenovo L17C3PG2 - Y530-15ICH Y730-15ICH (11,55 V, 57 Wh, 4965 mAh)\" \/>\n<meta property=\"og:url\" content=\"https:\/\/comerciallin.com\/index.php\/producto\/bateria-comp-lenovo-l17c3pg2-y530-15ich-y730\/\" \/>\n<meta property=\"og:site_name\" content=\"tienda de electr\u00f3nica y computaci\u00f3n\" \/>\n<meta property=\"article:modified_time\" content=\"2025-01-14T18:54:39+00:00\" \/>\n<meta name=\"twitter:card\" content=\"summary_large_image\" \/>\n<meta name=\"twitter:image\" content=\"https:\/\/i0.wp.com\/comerciallin.com\/wp-content\/uploads\/2023\/02\/537030110504.jpg?fit=%2C&amp;ssl=1\" \/>\n<meta name=\"twitter:label1\" content=\"Precio\" \/>\n\t<meta name=\"twitter:data1\" content=\"&#36;77,05\" \/>\n\t<meta name=\"twitter:label2\" content=\"Availability\" \/>\n\t<meta name=\"twitter:data2\" content=\"In stock\" \/>\n<script type=\"application\/ld+json\" class=\"yoast-schema-graph\">{\"@context\":\"https:\/\/schema.org\",\"@graph\":[{\"@type\":\"WebSite\",\"@id\":\"https:\/\/comerciallin.com\/#website\",\"url\":\"https:\/\/comerciallin.com\/\",\"name\":\"tienda de electr\\u00f3nica y computaci\\u00f3n\",\"description\":\"Importadora de Electr\\u00f3nica y Computaci\\u00f3n\",\"potentialAction\":[{\"@type\":\"SearchAction\",\"target\":{\"@type\":\"EntryPoint\",\"urlTemplate\":\"https:\/\/comerciallin.com\/?s={search_term_string}\"},\"query-input\":\"required name=search_term_string\"}],\"inLanguage\":\"es\"},{\"@type\":\"ImageObject\",\"@id\":\"https:\/\/comerciallin.com\/index.php\/producto\/bateria-comp-lenovo-l17c3pg2-y530-15ich-y730\/#primaryimage\",\"inLanguage\":\"es\",\"url\":\"https:\/\/i0.wp.com\/comerciallin.com\/wp-content\/uploads\/2023\/02\/537030110504.jpg?fit=%2C&ssl=1\",\"contentUrl\":\"https:\/\/i0.wp.com\/comerciallin.com\/wp-content\/uploads\/2023\/02\/537030110504.jpg?fit=%2C&ssl=1\",\"caption\":\"BATERIA COMP LENOVO L17C3PG2\/Y530-15ICH\/Y730-\"},{\"@type\":\"WebPage\",\"@id\":\"https:\/\/comerciallin.com\/index.php\/producto\/bateria-comp-lenovo-l17c3pg2-y530-15ich-y730\/#webpage\",\"url\":\"https:\/\/comerciallin.com\/index.php\/producto\/bateria-comp-lenovo-l17c3pg2-y530-15ich-y730\/\",\"name\":\"BATERIA COMP LENOVO L17C3PG2\/Y530-15ICH\/Y730- tienda de electr\\u00f3nica y computaci\\u00f3n\",\"isPartOf\":{\"@id\":\"https:\/\/comerciallin.com\/#website\"},\"primaryImageOfPage\":{\"@id\":\"https:\/\/comerciallin.com\/index.php\/producto\/bateria-comp-lenovo-l17c3pg2-y530-15ich-y730\/#primaryimage\"},\"datePublished\":\"2022-11-07T18:30:14+00:00\",\"dateModified\":\"2025-01-14T18:54:39+00:00\",\"breadcrumb\":{\"@id\":\"https:\/\/comerciallin.com\/index.php\/producto\/bateria-comp-lenovo-l17c3pg2-y530-15ich-y730\/#breadcrumb\"},\"inLanguage\":\"es\",\"potentialAction\":[{\"@type\":\"ReadAction\",\"target\":[\"https:\/\/comerciallin.com\/index.php\/producto\/bateria-comp-lenovo-l17c3pg2-y530-15ich-y730\/\"]}]},{\"@type\":\"BreadcrumbList\",\"@id\":\"https:\/\/comerciallin.com\/index.php\/producto\/bateria-comp-lenovo-l17c3pg2-y530-15ich-y730\/#breadcrumb\",\"itemListElement\":[{\"@type\":\"ListItem\",\"position\":1,\"name\":\"Inicio\",\"item\":\"https:\/\/comerciallin.com\/\"},{\"@type\":\"ListItem\",\"position\":2,\"name\":\"Shop\",\"item\":\"https:\/\/comerciallin.com\/?page_id=3853\"},{\"@type\":\"ListItem\",\"position\":3,\"name\":\"BATERIA COMP LENOVO L17C3PG2\/Y530-15ICH\/Y730-\"}]}]}<\/script>\n<meta property=\"product:price:amount\" content=\"77.05\" \/>\n<meta property=\"product:price:currency\" content=\"USD\" \/>\n<meta property=\"og:availability\" content=\"instock\" \/>\n<meta property=\"product:availability\" content=\"instock\" \/>\n<meta property=\"product:retailer_item_id\" content=\"537030110504\" \/>\n<meta property=\"product:condition\" content=\"new\" \/>\n<!-- \/ Yoast SEO Premium plugin. -->","yoast_head_json":{"title":"BATERIA COMP LENOVO L17C3PG2\/Y530-15ICH\/Y730- tienda de electr\u00f3nica y computaci\u00f3n","robots":{"index":"index","follow":"follow","max-snippet":"max-snippet:-1","max-image-preview":"max-image-preview:large","max-video-preview":"max-video-preview:-1"},"canonical":"https:\/\/comerciallin.com\/index.php\/producto\/bateria-comp-lenovo-l17c3pg2-y530-15ich-y730\/","og_locale":"es_ES","og_type":"article","og_title":"BATERIA COMP LENOVO L17C3PG2\/Y530-15ICH\/Y730-","og_description":"Bater\u00eda para port\u00e1til Lenovo L17C3PG2 - Y530-15ICH Y730-15ICH (11,55 V, 57 Wh, 4965 mAh)","og_url":"https:\/\/comerciallin.com\/index.php\/producto\/bateria-comp-lenovo-l17c3pg2-y530-15ich-y730\/","og_site_name":"tienda de electr\u00f3nica y computaci\u00f3n","article_modified_time":"2025-01-14T18:54:39+00:00","twitter_card":"summary_large_image","twitter_image":"https:\/\/i0.wp.com\/comerciallin.com\/wp-content\/uploads\/2023\/02\/537030110504.jpg?fit=%2C&ssl=1","twitter_misc":{"Precio":"&#36;77,05","Availability":"In stock"},"schema":{"@context":"https:\/\/schema.org","@graph":[{"@type":"WebSite","@id":"https:\/\/comerciallin.com\/#website","url":"https:\/\/comerciallin.com\/","name":"tienda de electr\u00f3nica y computaci\u00f3n","description":"Importadora de Electr\u00f3nica y Computaci\u00f3n","potentialAction":[{"@type":"SearchAction","target":{"@type":"EntryPoint","urlTemplate":"https:\/\/comerciallin.com\/?s={search_term_string}"},"query-input":"required name=search_term_string"}],"inLanguage":"es"},{"@type":"ImageObject","@id":"https:\/\/comerciallin.com\/index.php\/producto\/bateria-comp-lenovo-l17c3pg2-y530-15ich-y730\/#primaryimage","inLanguage":"es","url":"https:\/\/i0.wp.com\/comerciallin.com\/wp-content\/uploads\/2023\/02\/537030110504.jpg?fit=%2C&ssl=1","contentUrl":"https:\/\/i0.wp.com\/comerciallin.com\/wp-content\/uploads\/2023\/02\/537030110504.jpg?fit=%2C&ssl=1","caption":"BATERIA COMP LENOVO L17C3PG2\/Y530-15ICH\/Y730-"},{"@type":"WebPage","@id":"https:\/\/comerciallin.com\/index.php\/producto\/bateria-comp-lenovo-l17c3pg2-y530-15ich-y730\/#webpage","url":"https:\/\/comerciallin.com\/index.php\/producto\/bateria-comp-lenovo-l17c3pg2-y530-15ich-y730\/","name":"BATERIA COMP LENOVO L17C3PG2\/Y530-15ICH\/Y730- tienda de electr\u00f3nica y computaci\u00f3n","isPartOf":{"@id":"https:\/\/comerciallin.com\/#website"},"primaryImageOfPage":{"@id":"https:\/\/comerciallin.com\/index.php\/producto\/bateria-comp-lenovo-l17c3pg2-y530-15ich-y730\/#primaryimage"},"datePublished":"2022-11-07T18:30:14+00:00","dateModified":"2025-01-14T18:54:39+00:00","breadcrumb":{"@id":"https:\/\/comerciallin.com\/index.php\/producto\/bateria-comp-lenovo-l17c3pg2-y530-15ich-y730\/#breadcrumb"},"inLanguage":"es","potentialAction":[{"@type":"ReadAction","target":["https:\/\/comerciallin.com\/index.php\/producto\/bateria-comp-lenovo-l17c3pg2-y530-15ich-y730\/"]}]},{"@type":"BreadcrumbList","@id":"https:\/\/comerciallin.com\/index.php\/producto\/bateria-comp-lenovo-l17c3pg2-y530-15ich-y730\/#breadcrumb","itemListElement":[{"@type":"ListItem","position":1,"name":"Inicio","item":"https:\/\/comerciallin.com\/"},{"@type":"ListItem","position":2,"name":"Shop","item":"https:\/\/comerciallin.com\/?page_id=3853"},{"@type":"ListItem","position":3,"name":"BATERIA COMP LENOVO L17C3PG2\/Y530-15ICH\/Y730-"}]}]},"product_price_amount":"77.05","product_price_currency":"USD","og_availability":"instock","product_availability":"instock","product_retailer_item_id":"537030110504","product_condition":"new"},"jetpack-related-posts":[{"id":22505,"url":"https:\/\/comerciallin.com\/index.php\/producto\/bateria-comp-lenovo-l15l4a02\/","url_meta":{"origin":19621,"position":0},"title":"BATERIA COMP LENOVO L15L4A02","date":"19 de abril de 2023","format":false,"excerpt":"Voltaje: 14,4 V\/14,8 V Capacidad: 2200 mAh\/32 Wh Electr\u00f3nica de control moderna C\u00e9lulas de poli\u00f3n de iones de litio de alta calidad","rel":"","context":"Entrada similar","img":{"alt_text":"","src":"","width":0,"height":0},"classes":[]},{"id":19297,"url":"https:\/\/comerciallin.com\/index.php\/producto\/bateria-comp-lenovo-l19l3pf5-l19d3pf5\/","url_meta":{"origin":19621,"position":1},"title":"BATERIA COMP LENOVO L19L3PF5\/L19D3PF5","date":"7 de noviembre de 2022","format":false,"excerpt":"Recuento de unidades 1 Count Voltaje 11.1 Voltios Reutilizaci\u00f3n Rechargeable","rel":"","context":"Entrada similar","img":{"alt_text":"","src":"","width":0,"height":0},"classes":[]},{"id":19054,"url":"https:\/\/comerciallin.com\/index.php\/producto\/bateria-comp-lenovo-s10-3s-s10-3-s205-s100-u4\/","url_meta":{"origin":19621,"position":2},"title":"BATERIA COMP LENOVO S10-3S\/S10-3\/S205\/S100\/U4","date":"7 de noviembre de 2022","format":false,"excerpt":"Capacidad: 4400 mAh \/ 48,84 Wh. Tipo: iones de litio. Voltaje: 11,1 V. Dimensiones: 8.031 x 2.087 x 1.063\u00a0in.","rel":"","context":"Entrada similar","img":{"alt_text":"","src":"","width":0,"height":0},"classes":[]},{"id":19261,"url":"https:\/\/comerciallin.com\/index.php\/producto\/bateria-comp-lenovo-l15l3pb1\/","url_meta":{"origin":19621,"position":3},"title":"BATERIA COMP LENOVO L15L3PB1","date":"7 de noviembre de 2022","format":false,"excerpt":"Composici\u00f3n de las celdas de la bater\u00eda Litio Ion Usos Recomendados Para Producto Laptop Recuento de unidades 1 Count Voltaje 11.1 Voltios","rel":"","context":"Entrada similar","img":{"alt_text":"","src":"","width":0,"height":0},"classes":[]},{"id":19259,"url":"https:\/\/comerciallin.com\/index.php\/producto\/bateria-comp-lenovo-r60-r60e-r60i-r61-r61\/","url_meta":{"origin":19621,"position":4},"title":"BATERIA COMP LENOVO R60\/ R60E \/R60I \/R61 \/R61","date":"7 de noviembre de 2022","format":false,"excerpt":"Voltaje 10.8 Voltios Compatible Devices Laptop Tipo de celda de bater\u00eda Litio Ion Capacidad 5200 Miliamperios Hora (mAh)","rel":"","context":"Entrada similar","img":{"alt_text":"","src":"","width":0,"height":0},"classes":[]},{"id":19108,"url":"https:\/\/comerciallin.com\/index.php\/producto\/bateria-comp-lenovo-s10-2-l09s6y11-l09c3b11-6\/","url_meta":{"origin":19621,"position":5},"title":"BATERIA COMP LENOVO S10-2\/L09S6Y11\/L09C3B11\/6","date":"7 de noviembre de 2022","format":false,"excerpt":"Capacidad: 5200 mAh. Tipo: iones de litio. Voltaje: 11,1 V. Dimensiones: 7.972 x 1.575 x 1.614\u00a0in.","rel":"","context":"Entrada similar","img":{"alt_text":"","src":"","width":0,"height":0},"classes":[]}],"jetpack_sharing_enabled":true,"jetpack_likes_enabled":true,"_links":{"self":[{"href":"https:\/\/comerciallin.com\/index.php\/wp-json\/wp\/v2\/product\/19621"}],"collection":[{"href":"https:\/\/comerciallin.com\/index.php\/wp-json\/wp\/v2\/product"}],"about":[{"href":"https:\/\/comerciallin.com\/index.php\/wp-json\/wp\/v2\/types\/product"}],"replies":[{"embeddable":true,"href":"https:\/\/comerciallin.com\/index.php\/wp-json\/wp\/v2\/comments?post=19621"}],"wp:featuredmedia":[{"embeddable":true,"href":"https:\/\/comerciallin.com\/index.php\/wp-json\/wp\/v2\/media\/21678"}],"wp:attachment":[{"href":"https:\/\/comerciallin.com\/index.php\/wp-json\/wp\/v2\/media?parent=19621"}],"wp:term":[{"taxonomy":"product_cat","embeddable":true,"href":"https:\/\/comerciallin.com\/index.php\/wp-json\/wp\/v2\/product_cat?post=19621"},{"taxonomy":"product_tag","embeddable":true,"href":"https:\/\/comerciallin.com\/index.php\/wp-json\/wp\/v2\/product_tag?post=19621"}],"curies":[{"name":"wp","href":"https:\/\/api.w.org\/{rel}","templated":true}]}}