{"id":19619,"date":"2022-11-07T13:30:13","date_gmt":"2022-11-07T18:30:13","guid":{"rendered":"https:\/\/comerciallin.com\/index.php\/producto\/teclado-p-lapto-comp-hp-cq43-g4-1000-g6\/"},"modified":"2025-01-14T13:58:02","modified_gmt":"2025-01-14T18:58:02","slug":"teclado-p-lapto-comp-hp-cq43-g4-1000-g6","status":"publish","type":"product","link":"https:\/\/comerciallin.com\/index.php\/producto\/teclado-p-lapto-comp-hp-cq43-g4-1000-g6\/","title":{"rendered":"TECLADO P. LAPTO COMP HP CQ43\/G4-1000\/G6"},"content":{"rendered":"<p>HP Pavilion G4 G6 CQ43 G43 CQ43-100 CQ57 CQ58 430 2000 1000 240 G1 245 G1 246 G1 255 G1 250 G1 Compaq 430 431 630 631 636 450 455 650 655.Series<\/p>\n","protected":false},"excerpt":{"rendered":"<p>Teclado de repuesto para port\u00e1til HP Pavilion G4 G6 CQ43 G43 CQ43-100 CQ57 CQ58 430 2000 1000 240 G1 245 G1 246 G1 255 G1 250 G1 Compaq 430 431 630 631 636 450 455 650 655<\/p>\n","protected":false},"featured_media":22041,"comment_status":"open","ping_status":"closed","template":"","meta":{"spay_email":""},"product_cat":[832],"product_tag":[],"supplier_id":null,"supplier_sku":"","barcode":null,"atum_controlled":true,"out_stock_date":null,"out_stock_threshold":null,"inheritable":false,"inbound_stock":null,"stock_on_hold":0,"sold_today":0,"sales_last_days":0,"reserved_stock":null,"customer_returns":null,"warehouse_damage":null,"lost_in_post":null,"other_logs":null,"out_stock_days":0,"lost_sales":0,"has_location":null,"update_date":"2026-04-27T00:09:44","atum_locations":[],"atum_stock_status":"instock","restock_status":false,"low_stock_amount":"","sales_update_date":"2026-04-27T00:09:44","calc_backorders":null,"acf":[],"yoast_head":"<!-- This site is optimized with the Yoast SEO Premium plugin v17.4 (Yoast SEO v17.4) - https:\/\/yoast.com\/wordpress\/plugins\/seo\/ -->\n<title>TECLADO P. LAPTO COMP HP CQ43\/G4-1000\/G6 - tienda de electr\u00f3nica y computaci\u00f3n<\/title>\n<meta name=\"robots\" content=\"index, follow, max-snippet:-1, max-image-preview:large, max-video-preview:-1\" \/>\n<link rel=\"canonical\" href=\"https:\/\/comerciallin.com\/index.php\/producto\/teclado-p-lapto-comp-hp-cq43-g4-1000-g6\/\" \/>\n<meta property=\"og:locale\" content=\"es_ES\" \/>\n<meta property=\"og:type\" content=\"article\" \/>\n<meta property=\"og:title\" content=\"TECLADO P. LAPTO COMP HP CQ43\/G4-1000\/G6\" \/>\n<meta property=\"og:description\" content=\"Teclado de repuesto para port\u00e1til HP Pavilion G4 G6 CQ43 G43 CQ43-100 CQ57 CQ58 430 2000 1000 240 G1 245 G1 246 G1 255 G1 250 G1 Compaq 430 431 630 631 636 450 455 650 655\" \/>\n<meta property=\"og:url\" content=\"https:\/\/comerciallin.com\/index.php\/producto\/teclado-p-lapto-comp-hp-cq43-g4-1000-g6\/\" \/>\n<meta property=\"og:site_name\" content=\"tienda de electr\u00f3nica y computaci\u00f3n\" \/>\n<meta property=\"article:modified_time\" content=\"2025-01-14T18:58:02+00:00\" \/>\n<meta name=\"twitter:card\" content=\"summary_large_image\" \/>\n<meta name=\"twitter:image\" content=\"https:\/\/i0.wp.com\/comerciallin.com\/wp-content\/uploads\/2023\/02\/341030180502.jpg?fit=%2C&amp;ssl=1\" \/>\n<meta name=\"twitter:label1\" content=\"Precio\" \/>\n\t<meta name=\"twitter:data1\" content=\"&#36;34,50\" \/>\n\t<meta name=\"twitter:label2\" content=\"Availability\" \/>\n\t<meta name=\"twitter:data2\" content=\"In stock\" \/>\n<script type=\"application\/ld+json\" class=\"yoast-schema-graph\">{\"@context\":\"https:\/\/schema.org\",\"@graph\":[{\"@type\":\"WebSite\",\"@id\":\"https:\/\/comerciallin.com\/#website\",\"url\":\"https:\/\/comerciallin.com\/\",\"name\":\"tienda de electr\\u00f3nica y computaci\\u00f3n\",\"description\":\"Importadora de Electr\\u00f3nica y Computaci\\u00f3n\",\"potentialAction\":[{\"@type\":\"SearchAction\",\"target\":{\"@type\":\"EntryPoint\",\"urlTemplate\":\"https:\/\/comerciallin.com\/?s={search_term_string}\"},\"query-input\":\"required name=search_term_string\"}],\"inLanguage\":\"es\"},{\"@type\":\"ImageObject\",\"@id\":\"https:\/\/comerciallin.com\/index.php\/producto\/teclado-p-lapto-comp-hp-cq43-g4-1000-g6\/#primaryimage\",\"inLanguage\":\"es\",\"url\":\"https:\/\/i0.wp.com\/comerciallin.com\/wp-content\/uploads\/2023\/02\/341030180502.jpg?fit=%2C&ssl=1\",\"contentUrl\":\"https:\/\/i0.wp.com\/comerciallin.com\/wp-content\/uploads\/2023\/02\/341030180502.jpg?fit=%2C&ssl=1\",\"caption\":\"TECLADO P. LAPTO COMP HP CQ43\/G4-1000\/G6\"},{\"@type\":\"WebPage\",\"@id\":\"https:\/\/comerciallin.com\/index.php\/producto\/teclado-p-lapto-comp-hp-cq43-g4-1000-g6\/#webpage\",\"url\":\"https:\/\/comerciallin.com\/index.php\/producto\/teclado-p-lapto-comp-hp-cq43-g4-1000-g6\/\",\"name\":\"TECLADO P. LAPTO COMP HP CQ43\/G4-1000\/G6 - tienda de electr\\u00f3nica y computaci\\u00f3n\",\"isPartOf\":{\"@id\":\"https:\/\/comerciallin.com\/#website\"},\"primaryImageOfPage\":{\"@id\":\"https:\/\/comerciallin.com\/index.php\/producto\/teclado-p-lapto-comp-hp-cq43-g4-1000-g6\/#primaryimage\"},\"datePublished\":\"2022-11-07T18:30:13+00:00\",\"dateModified\":\"2025-01-14T18:58:02+00:00\",\"breadcrumb\":{\"@id\":\"https:\/\/comerciallin.com\/index.php\/producto\/teclado-p-lapto-comp-hp-cq43-g4-1000-g6\/#breadcrumb\"},\"inLanguage\":\"es\",\"potentialAction\":[{\"@type\":\"ReadAction\",\"target\":[\"https:\/\/comerciallin.com\/index.php\/producto\/teclado-p-lapto-comp-hp-cq43-g4-1000-g6\/\"]}]},{\"@type\":\"BreadcrumbList\",\"@id\":\"https:\/\/comerciallin.com\/index.php\/producto\/teclado-p-lapto-comp-hp-cq43-g4-1000-g6\/#breadcrumb\",\"itemListElement\":[{\"@type\":\"ListItem\",\"position\":1,\"name\":\"Inicio\",\"item\":\"https:\/\/comerciallin.com\/\"},{\"@type\":\"ListItem\",\"position\":2,\"name\":\"Shop\",\"item\":\"https:\/\/comerciallin.com\/?page_id=3853\"},{\"@type\":\"ListItem\",\"position\":3,\"name\":\"TECLADO P. LAPTO COMP HP CQ43\/G4-1000\/G6\"}]}]}<\/script>\n<meta property=\"product:price:amount\" content=\"34.50\" \/>\n<meta property=\"product:price:currency\" content=\"USD\" \/>\n<meta property=\"og:availability\" content=\"instock\" \/>\n<meta property=\"product:availability\" content=\"instock\" \/>\n<meta property=\"product:retailer_item_id\" content=\"341030180502\" \/>\n<meta property=\"product:condition\" content=\"new\" \/>\n<!-- \/ Yoast SEO Premium plugin. -->","yoast_head_json":{"title":"TECLADO P. LAPTO COMP HP CQ43\/G4-1000\/G6 - tienda de electr\u00f3nica y computaci\u00f3n","robots":{"index":"index","follow":"follow","max-snippet":"max-snippet:-1","max-image-preview":"max-image-preview:large","max-video-preview":"max-video-preview:-1"},"canonical":"https:\/\/comerciallin.com\/index.php\/producto\/teclado-p-lapto-comp-hp-cq43-g4-1000-g6\/","og_locale":"es_ES","og_type":"article","og_title":"TECLADO P. LAPTO COMP HP CQ43\/G4-1000\/G6","og_description":"Teclado de repuesto para port\u00e1til HP Pavilion G4 G6 CQ43 G43 CQ43-100 CQ57 CQ58 430 2000 1000 240 G1 245 G1 246 G1 255 G1 250 G1 Compaq 430 431 630 631 636 450 455 650 655","og_url":"https:\/\/comerciallin.com\/index.php\/producto\/teclado-p-lapto-comp-hp-cq43-g4-1000-g6\/","og_site_name":"tienda de electr\u00f3nica y computaci\u00f3n","article_modified_time":"2025-01-14T18:58:02+00:00","twitter_card":"summary_large_image","twitter_image":"https:\/\/i0.wp.com\/comerciallin.com\/wp-content\/uploads\/2023\/02\/341030180502.jpg?fit=%2C&ssl=1","twitter_misc":{"Precio":"&#36;34,50","Availability":"In stock"},"schema":{"@context":"https:\/\/schema.org","@graph":[{"@type":"WebSite","@id":"https:\/\/comerciallin.com\/#website","url":"https:\/\/comerciallin.com\/","name":"tienda de electr\u00f3nica y computaci\u00f3n","description":"Importadora de Electr\u00f3nica y Computaci\u00f3n","potentialAction":[{"@type":"SearchAction","target":{"@type":"EntryPoint","urlTemplate":"https:\/\/comerciallin.com\/?s={search_term_string}"},"query-input":"required name=search_term_string"}],"inLanguage":"es"},{"@type":"ImageObject","@id":"https:\/\/comerciallin.com\/index.php\/producto\/teclado-p-lapto-comp-hp-cq43-g4-1000-g6\/#primaryimage","inLanguage":"es","url":"https:\/\/i0.wp.com\/comerciallin.com\/wp-content\/uploads\/2023\/02\/341030180502.jpg?fit=%2C&ssl=1","contentUrl":"https:\/\/i0.wp.com\/comerciallin.com\/wp-content\/uploads\/2023\/02\/341030180502.jpg?fit=%2C&ssl=1","caption":"TECLADO P. LAPTO COMP HP CQ43\/G4-1000\/G6"},{"@type":"WebPage","@id":"https:\/\/comerciallin.com\/index.php\/producto\/teclado-p-lapto-comp-hp-cq43-g4-1000-g6\/#webpage","url":"https:\/\/comerciallin.com\/index.php\/producto\/teclado-p-lapto-comp-hp-cq43-g4-1000-g6\/","name":"TECLADO P. LAPTO COMP HP CQ43\/G4-1000\/G6 - tienda de electr\u00f3nica y computaci\u00f3n","isPartOf":{"@id":"https:\/\/comerciallin.com\/#website"},"primaryImageOfPage":{"@id":"https:\/\/comerciallin.com\/index.php\/producto\/teclado-p-lapto-comp-hp-cq43-g4-1000-g6\/#primaryimage"},"datePublished":"2022-11-07T18:30:13+00:00","dateModified":"2025-01-14T18:58:02+00:00","breadcrumb":{"@id":"https:\/\/comerciallin.com\/index.php\/producto\/teclado-p-lapto-comp-hp-cq43-g4-1000-g6\/#breadcrumb"},"inLanguage":"es","potentialAction":[{"@type":"ReadAction","target":["https:\/\/comerciallin.com\/index.php\/producto\/teclado-p-lapto-comp-hp-cq43-g4-1000-g6\/"]}]},{"@type":"BreadcrumbList","@id":"https:\/\/comerciallin.com\/index.php\/producto\/teclado-p-lapto-comp-hp-cq43-g4-1000-g6\/#breadcrumb","itemListElement":[{"@type":"ListItem","position":1,"name":"Inicio","item":"https:\/\/comerciallin.com\/"},{"@type":"ListItem","position":2,"name":"Shop","item":"https:\/\/comerciallin.com\/?page_id=3853"},{"@type":"ListItem","position":3,"name":"TECLADO P. LAPTO COMP HP CQ43\/G4-1000\/G6"}]}]},"product_price_amount":"34.50","product_price_currency":"USD","og_availability":"instock","product_availability":"instock","product_retailer_item_id":"341030180502","product_condition":"new"},"jetpack-related-posts":[{"id":19639,"url":"https:\/\/comerciallin.com\/index.php\/producto\/teclado-p-lapto-comp-hp-cq43-g4-g6\/","url_meta":{"origin":19619,"position":0},"title":"TECLADO P. LAPTO COMP HP CQ43\/G4\/G6","date":"7 de noviembre de 2022","format":false,"excerpt":"Teclado de repuesto para port\u00e1til HP Pavilion G4 G6 CQ43 G43 CQ43-100 CQ57 CQ58 430 2000 1000 240 G1 245 G1 246 G1 255 G1 250 G1 Compaq 430 431 630 631 636 450 455 650 655","rel":"","context":"Entrada similar","img":{"alt_text":"","src":"","width":0,"height":0},"classes":[]},{"id":19593,"url":"https:\/\/comerciallin.com\/index.php\/producto\/teclado-p-lapto-comp-hp-probook-440-g0-g1-g2\/","url_meta":{"origin":19619,"position":1},"title":"TECLADO P. LAPTO COMP HP PROBOOK 440-G0\/G1\/G2","date":"7 de noviembre de 2022","format":false,"excerpt":"Teclado de repuesto para port\u00e1til HP Probook 430 G3\/430 G4\/440 G3\/440 G4\/445 G3\/640 G2\/645 G2","rel":"","context":"Entrada similar","img":{"alt_text":"","src":"","width":0,"height":0},"classes":[]},{"id":22515,"url":"https:\/\/comerciallin.com\/index.php\/producto\/teclado-p-lapto-comp-hp-450-g1\/","url_meta":{"origin":19619,"position":2},"title":"TECLADO P. LAPTO COMP HP 450 G1","date":"19 de abril de 2023","format":false,"excerpt":"El teclado HP 450 G1 es un teclado de repuesto compatible con los port\u00e1tiles HP 450 G1 y 450 G2. Es de color negro y tiene un dise\u00f1o est\u00e1ndar con todas las teclas y funciones necesarias para escribir c\u00f3modamente.","rel":"","context":"Entrada similar","img":{"alt_text":"","src":"","width":0,"height":0},"classes":[]},{"id":22519,"url":"https:\/\/comerciallin.com\/index.php\/producto\/teclado-p-lapto-comp-hp-450-g1-es\/","url_meta":{"origin":19619,"position":3},"title":"TECLADO P. LAPTO COMP HP 450 G1 (ES)","date":"19 de abril de 2023","format":false,"excerpt":"","rel":"","context":"Entrada similar","img":{"alt_text":"","src":"","width":0,"height":0},"classes":[]},{"id":19102,"url":"https:\/\/comerciallin.com\/index.php\/producto\/bateria-comp-hp-fp06-440-445-450-455-470-hstj\/","url_meta":{"origin":19619,"position":4},"title":"BATERIA COMP HP FP06\/440\/445\/450\/455\/470\/HSTJ","date":"7 de noviembre de 2022","format":false,"excerpt":"Tipo de Bater\u00eda: Li-ion (ion de litio) \u4e28 Rate: 48.00\u00a0Wh Voltaje: 10,80\u00a0V \u4e28 Capacidad: 4400\u00a0mAh","rel":"","context":"Entrada similar","img":{"alt_text":"","src":"","width":0,"height":0},"classes":[]},{"id":19181,"url":"https:\/\/comerciallin.com\/index.php\/producto\/bateria-comp-hp-fp06-440-445-450-455-470-hstj-2\/","url_meta":{"origin":19619,"position":5},"title":"BATERIA COMP HP FP06\/440\/445\/450\/455\/470\/HSTJ","date":"7 de noviembre de 2022","format":false,"excerpt":"Tipo de Bater\u00eda: Li-ion (ion de litio) \u4e28 Rate: 48.00\u00a0Wh Voltaje: 10,80\u00a0V \u4e28 Capacidad: 4400\u00a0mAh","rel":"","context":"Entrada similar","img":{"alt_text":"","src":"","width":0,"height":0},"classes":[]}],"jetpack_sharing_enabled":true,"jetpack_likes_enabled":true,"_links":{"self":[{"href":"https:\/\/comerciallin.com\/index.php\/wp-json\/wp\/v2\/product\/19619"}],"collection":[{"href":"https:\/\/comerciallin.com\/index.php\/wp-json\/wp\/v2\/product"}],"about":[{"href":"https:\/\/comerciallin.com\/index.php\/wp-json\/wp\/v2\/types\/product"}],"replies":[{"embeddable":true,"href":"https:\/\/comerciallin.com\/index.php\/wp-json\/wp\/v2\/comments?post=19619"}],"wp:featuredmedia":[{"embeddable":true,"href":"https:\/\/comerciallin.com\/index.php\/wp-json\/wp\/v2\/media\/22041"}],"wp:attachment":[{"href":"https:\/\/comerciallin.com\/index.php\/wp-json\/wp\/v2\/media?parent=19619"}],"wp:term":[{"taxonomy":"product_cat","embeddable":true,"href":"https:\/\/comerciallin.com\/index.php\/wp-json\/wp\/v2\/product_cat?post=19619"},{"taxonomy":"product_tag","embeddable":true,"href":"https:\/\/comerciallin.com\/index.php\/wp-json\/wp\/v2\/product_tag?post=19619"}],"curies":[{"name":"wp","href":"https:\/\/api.w.org\/{rel}","templated":true}]}}