{"id":19613,"date":"2022-11-07T13:30:12","date_gmt":"2022-11-07T18:30:12","guid":{"rendered":"https:\/\/comerciallin.com\/index.php\/producto\/mem-ddr3-laptop-4gb-1333\/"},"modified":"2025-01-14T13:56:49","modified_gmt":"2025-01-14T18:56:49","slug":"mem-ddr3-laptop-4gb-1333","status":"publish","type":"product","link":"https:\/\/comerciallin.com\/index.php\/producto\/mem-ddr3-laptop-4gb-1333\/","title":{"rendered":"MEM. DDR3 LAPTOP 4GB 1333"},"content":{"rendered":"<ul>\n<li>Capacidad: 4GB<\/li>\n<li>Tecnolog&iacute;a: DDR3 SDRAM<\/li>\n<li>Tipo o Forma: DIMM de 204 pines<\/li>\n<li>Velocidad: 1333 MHz (PC3-10600)<\/li>\n<li>Tiempo de Latencia: CL9<\/li>\n<li>Voltaje de alimentaci&oacute;n: 1.5 V<\/li>\n<li>Comprobaci&oacute;n de errores: No ECC<\/li>\n<\/ul>\n","protected":false},"excerpt":{"rendered":"<ul>\n<li>Capacidad: 4GB<\/li>\n<li>Tecnolog&iacute;a: DDR3 SDRAM<\/li>\n<li>Tipo o Forma: DIMM de 204 pines<\/li>\n<li>Velocidad: 1333 MHz (PC3-10600)<\/li>\n<li>Tiempo de Latencia: CL9<\/li>\n<li>Voltaje de alimentaci&oacute;n: 1.5 V<\/li>\n<li>Comprobaci&oacute;n de errores: No ECC<\/li>\n<\/ul>\n","protected":false},"featured_media":21918,"comment_status":"open","ping_status":"closed","template":"","meta":{"spay_email":""},"product_cat":[821],"product_tag":[],"supplier_id":null,"supplier_sku":"","barcode":null,"atum_controlled":true,"out_stock_date":null,"out_stock_threshold":null,"inheritable":false,"inbound_stock":null,"stock_on_hold":0,"sold_today":0,"sales_last_days":0,"reserved_stock":null,"customer_returns":null,"warehouse_damage":null,"lost_in_post":null,"other_logs":null,"out_stock_days":0,"lost_sales":0,"has_location":null,"update_date":"2026-05-01T00:12:19","atum_locations":[],"atum_stock_status":"instock","restock_status":false,"low_stock_amount":"","sales_update_date":"2026-05-01T00:12:19","calc_backorders":null,"acf":[],"yoast_head":"<!-- This site is optimized with the Yoast SEO Premium plugin v17.4 (Yoast SEO v17.4) - https:\/\/yoast.com\/wordpress\/plugins\/seo\/ -->\n<title>MEM. DDR3 LAPTOP 4GB 1333 - tienda de electr\u00f3nica y computaci\u00f3n<\/title>\n<meta name=\"robots\" content=\"index, follow, max-snippet:-1, max-image-preview:large, max-video-preview:-1\" \/>\n<link rel=\"canonical\" href=\"https:\/\/comerciallin.com\/index.php\/producto\/mem-ddr3-laptop-4gb-1333\/\" \/>\n<meta property=\"og:locale\" content=\"es_ES\" \/>\n<meta property=\"og:type\" content=\"article\" \/>\n<meta property=\"og:title\" content=\"MEM. DDR3 LAPTOP 4GB 1333\" \/>\n<meta property=\"og:description\" content=\"Capacidad: 4GB Tecnolog&iacute;a: DDR3 SDRAM Tipo o Forma: DIMM de 204 pines Velocidad: 1333 MHz (PC3-10600) Tiempo de Latencia: CL9 Voltaje de alimentaci&oacute;n: 1.5 V Comprobaci&oacute;n de errores: No ECC\" \/>\n<meta property=\"og:url\" content=\"https:\/\/comerciallin.com\/index.php\/producto\/mem-ddr3-laptop-4gb-1333\/\" \/>\n<meta property=\"og:site_name\" content=\"tienda de electr\u00f3nica y computaci\u00f3n\" \/>\n<meta property=\"article:modified_time\" content=\"2025-01-14T18:56:49+00:00\" \/>\n<meta property=\"og:image\" content=\"https:\/\/comerciallin.com\/wp-content\/uploads\/2023\/02\/099030110708.jpg\" \/>\n\t<meta property=\"og:image:width\" content=\"992\" \/>\n\t<meta property=\"og:image:height\" content=\"744\" \/>\n<meta name=\"twitter:card\" content=\"summary_large_image\" \/>\n<meta name=\"twitter:label1\" content=\"Precio\" \/>\n\t<meta name=\"twitter:data1\" content=\"&#36;34,50\" \/>\n\t<meta name=\"twitter:label2\" content=\"Availability\" \/>\n\t<meta name=\"twitter:data2\" content=\"In stock\" \/>\n<script type=\"application\/ld+json\" class=\"yoast-schema-graph\">{\"@context\":\"https:\/\/schema.org\",\"@graph\":[{\"@type\":\"WebSite\",\"@id\":\"https:\/\/comerciallin.com\/#website\",\"url\":\"https:\/\/comerciallin.com\/\",\"name\":\"tienda de electr\\u00f3nica y computaci\\u00f3n\",\"description\":\"Importadora de Electr\\u00f3nica y Computaci\\u00f3n\",\"potentialAction\":[{\"@type\":\"SearchAction\",\"target\":{\"@type\":\"EntryPoint\",\"urlTemplate\":\"https:\/\/comerciallin.com\/?s={search_term_string}\"},\"query-input\":\"required name=search_term_string\"}],\"inLanguage\":\"es\"},{\"@type\":\"ImageObject\",\"@id\":\"https:\/\/comerciallin.com\/index.php\/producto\/mem-ddr3-laptop-4gb-1333\/#primaryimage\",\"inLanguage\":\"es\",\"url\":\"https:\/\/i0.wp.com\/comerciallin.com\/wp-content\/uploads\/2023\/02\/099030110708.jpg?fit=992%2C744&ssl=1\",\"contentUrl\":\"https:\/\/i0.wp.com\/comerciallin.com\/wp-content\/uploads\/2023\/02\/099030110708.jpg?fit=992%2C744&ssl=1\",\"width\":992,\"height\":744,\"caption\":\"MEM. DDR3 LAPTOP 4GB 1333\"},{\"@type\":\"WebPage\",\"@id\":\"https:\/\/comerciallin.com\/index.php\/producto\/mem-ddr3-laptop-4gb-1333\/#webpage\",\"url\":\"https:\/\/comerciallin.com\/index.php\/producto\/mem-ddr3-laptop-4gb-1333\/\",\"name\":\"MEM. DDR3 LAPTOP 4GB 1333 - tienda de electr\\u00f3nica y computaci\\u00f3n\",\"isPartOf\":{\"@id\":\"https:\/\/comerciallin.com\/#website\"},\"primaryImageOfPage\":{\"@id\":\"https:\/\/comerciallin.com\/index.php\/producto\/mem-ddr3-laptop-4gb-1333\/#primaryimage\"},\"datePublished\":\"2022-11-07T18:30:12+00:00\",\"dateModified\":\"2025-01-14T18:56:49+00:00\",\"breadcrumb\":{\"@id\":\"https:\/\/comerciallin.com\/index.php\/producto\/mem-ddr3-laptop-4gb-1333\/#breadcrumb\"},\"inLanguage\":\"es\",\"potentialAction\":[{\"@type\":\"ReadAction\",\"target\":[\"https:\/\/comerciallin.com\/index.php\/producto\/mem-ddr3-laptop-4gb-1333\/\"]}]},{\"@type\":\"BreadcrumbList\",\"@id\":\"https:\/\/comerciallin.com\/index.php\/producto\/mem-ddr3-laptop-4gb-1333\/#breadcrumb\",\"itemListElement\":[{\"@type\":\"ListItem\",\"position\":1,\"name\":\"Inicio\",\"item\":\"https:\/\/comerciallin.com\/\"},{\"@type\":\"ListItem\",\"position\":2,\"name\":\"Shop\",\"item\":\"https:\/\/comerciallin.com\/?page_id=3853\"},{\"@type\":\"ListItem\",\"position\":3,\"name\":\"MEM. DDR3 LAPTOP 4GB 1333\"}]}]}<\/script>\n<meta property=\"product:price:amount\" content=\"34.50\" \/>\n<meta property=\"product:price:currency\" content=\"USD\" \/>\n<meta property=\"og:availability\" content=\"instock\" \/>\n<meta property=\"product:availability\" content=\"instock\" \/>\n<meta property=\"product:retailer_item_id\" content=\"99030110708\" \/>\n<meta property=\"product:condition\" content=\"new\" \/>\n<!-- \/ Yoast SEO Premium plugin. -->","yoast_head_json":{"title":"MEM. DDR3 LAPTOP 4GB 1333 - tienda de electr\u00f3nica y computaci\u00f3n","robots":{"index":"index","follow":"follow","max-snippet":"max-snippet:-1","max-image-preview":"max-image-preview:large","max-video-preview":"max-video-preview:-1"},"canonical":"https:\/\/comerciallin.com\/index.php\/producto\/mem-ddr3-laptop-4gb-1333\/","og_locale":"es_ES","og_type":"article","og_title":"MEM. DDR3 LAPTOP 4GB 1333","og_description":"Capacidad: 4GB Tecnolog&iacute;a: DDR3 SDRAM Tipo o Forma: DIMM de 204 pines Velocidad: 1333 MHz (PC3-10600) Tiempo de Latencia: CL9 Voltaje de alimentaci&oacute;n: 1.5 V Comprobaci&oacute;n de errores: No ECC","og_url":"https:\/\/comerciallin.com\/index.php\/producto\/mem-ddr3-laptop-4gb-1333\/","og_site_name":"tienda de electr\u00f3nica y computaci\u00f3n","article_modified_time":"2025-01-14T18:56:49+00:00","og_image":[{"width":992,"height":744,"url":"https:\/\/comerciallin.com\/wp-content\/uploads\/2023\/02\/099030110708.jpg","type":"image\/jpeg"}],"twitter_card":"summary_large_image","twitter_misc":{"Precio":"&#36;34,50","Availability":"In stock"},"schema":{"@context":"https:\/\/schema.org","@graph":[{"@type":"WebSite","@id":"https:\/\/comerciallin.com\/#website","url":"https:\/\/comerciallin.com\/","name":"tienda de electr\u00f3nica y computaci\u00f3n","description":"Importadora de Electr\u00f3nica y Computaci\u00f3n","potentialAction":[{"@type":"SearchAction","target":{"@type":"EntryPoint","urlTemplate":"https:\/\/comerciallin.com\/?s={search_term_string}"},"query-input":"required name=search_term_string"}],"inLanguage":"es"},{"@type":"ImageObject","@id":"https:\/\/comerciallin.com\/index.php\/producto\/mem-ddr3-laptop-4gb-1333\/#primaryimage","inLanguage":"es","url":"https:\/\/i0.wp.com\/comerciallin.com\/wp-content\/uploads\/2023\/02\/099030110708.jpg?fit=992%2C744&ssl=1","contentUrl":"https:\/\/i0.wp.com\/comerciallin.com\/wp-content\/uploads\/2023\/02\/099030110708.jpg?fit=992%2C744&ssl=1","width":992,"height":744,"caption":"MEM. DDR3 LAPTOP 4GB 1333"},{"@type":"WebPage","@id":"https:\/\/comerciallin.com\/index.php\/producto\/mem-ddr3-laptop-4gb-1333\/#webpage","url":"https:\/\/comerciallin.com\/index.php\/producto\/mem-ddr3-laptop-4gb-1333\/","name":"MEM. DDR3 LAPTOP 4GB 1333 - tienda de electr\u00f3nica y computaci\u00f3n","isPartOf":{"@id":"https:\/\/comerciallin.com\/#website"},"primaryImageOfPage":{"@id":"https:\/\/comerciallin.com\/index.php\/producto\/mem-ddr3-laptop-4gb-1333\/#primaryimage"},"datePublished":"2022-11-07T18:30:12+00:00","dateModified":"2025-01-14T18:56:49+00:00","breadcrumb":{"@id":"https:\/\/comerciallin.com\/index.php\/producto\/mem-ddr3-laptop-4gb-1333\/#breadcrumb"},"inLanguage":"es","potentialAction":[{"@type":"ReadAction","target":["https:\/\/comerciallin.com\/index.php\/producto\/mem-ddr3-laptop-4gb-1333\/"]}]},{"@type":"BreadcrumbList","@id":"https:\/\/comerciallin.com\/index.php\/producto\/mem-ddr3-laptop-4gb-1333\/#breadcrumb","itemListElement":[{"@type":"ListItem","position":1,"name":"Inicio","item":"https:\/\/comerciallin.com\/"},{"@type":"ListItem","position":2,"name":"Shop","item":"https:\/\/comerciallin.com\/?page_id=3853"},{"@type":"ListItem","position":3,"name":"MEM. DDR3 LAPTOP 4GB 1333"}]}]},"product_price_amount":"34.50","product_price_currency":"USD","og_availability":"instock","product_availability":"instock","product_retailer_item_id":"99030110708","product_condition":"new"},"jetpack-related-posts":[{"id":19371,"url":"https:\/\/comerciallin.com\/index.php\/producto\/portatil-hp-ci3-1125g4-4gb-m-2-250gb-14-dq2\/","url_meta":{"origin":19613,"position":0},"title":"PORTATIL HP CI3 1125G4 4GB | M.2 250GB 14-DQ2","date":"7 de noviembre de 2022","format":false,"excerpt":"Marca:\u00a0HPModelo: 14-DY0003LAProcesador: Intel\u00ae Core\u2122 i3-1125G4 | 11.\u00aa generaci\u00f3nMemoria RAM:\u00a04GB DDR4Almacenamiento: SSD 250 GB M.2Pantalla: 14.0\u2033 FHDGarant\u00eda: 1 A\u00f1oAceptamos todas las tarjetas de cr\u00e9ditoRealizamos env\u00edos a todo el pa\u00eds","rel":"","context":"Entrada similar","img":{"alt_text":"","src":"","width":0,"height":0},"classes":[]},{"id":19275,"url":"https:\/\/comerciallin.com\/index.php\/producto\/t-madre-biostar-h310mhp-ddr4-sock1151\/","url_meta":{"origin":19613,"position":1},"title":"T. MADRE BIOSTAR H310MHP DDR4 SOCK1151","date":"7 de noviembre de 2022","format":false,"excerpt":"Compatible con procesadores Intel\u00ae Core\u2122 de 9.\u00aa y 8.\u00aa generaci\u00f3n Arquitectura de un solo chip Intel H310 Compatible con doble canal DDR4 2666\/2400\/2133\/1866 MHz Admite resoluci\u00f3n HDMI 4K Admite LAN GbE Soporte USB 3.2 Gen1","rel":"","context":"Entrada similar","img":{"alt_text":"","src":"","width":0,"height":0},"classes":[]},{"id":19365,"url":"https:\/\/comerciallin.com\/index.php\/producto\/cpu-amd-ryzen-5-5600g-3-9ghz-graficos-radeon\/","url_meta":{"origin":19613,"position":2},"title":"CPU AMD RYZEN 5 5600G 3.9GHZ GRAFICOS RADEON","date":"7 de noviembre de 2022","format":false,"excerpt":"Familia de procesador:\u00a0AMD Ryzen 5 Modelo del procesador:\u00a05600G Socket de procesador:\u00a0Socket AM4 N\u00famero de n\u00facleos:\u00a06","rel":"","context":"Entrada similar","img":{"alt_text":"","src":"","width":0,"height":0},"classes":[]},{"id":18779,"url":"https:\/\/comerciallin.com\/index.php\/producto\/charger-doctor\/","url_meta":{"origin":19613,"position":3},"title":"CHARGER DOCTOR","date":"7 de noviembre de 2022","format":false,"excerpt":"Verifique la potencia de salida de su puerto USB al dispositivo final y lea la corriente y el voltaje directamente en tiempo real. Nuestro AZDelivery USB Charger Doctor admite 0,0 A - 3,0 A \/ 3,5 V - 7,0 V con una precisi\u00f3n de 0,01 A y 0,01 V. Adquieres\u2026","rel":"","context":"Entrada similar","img":{"alt_text":"","src":"","width":0,"height":0},"classes":[]},{"id":19179,"url":"https:\/\/comerciallin.com\/index.php\/producto\/bateria-comp-hp-ph06-4320s\/","url_meta":{"origin":19613,"position":4},"title":"BATERIA COMP HP PH06\/4320S","date":"7 de noviembre de 2022","format":false,"excerpt":"Voltaje 11.1 Voltios Capacidad 4400 Miliamperios Hora (mAh) Producto de alta calidad. Voltaje: 11,1 V (compatible con 10,8 V). Capacidad: 4400 mAh. Celdas: 6 ciclos de recarga.","rel":"","context":"Entrada similar","img":{"alt_text":"","src":"","width":0,"height":0},"classes":[]},{"id":26094,"url":"https:\/\/comerciallin.com\/index.php\/producto\/bateria-camara-bn-1-sony\/","url_meta":{"origin":19613,"position":5},"title":"BATERIA CAMARA BN-1 SONY","date":"29 de enero de 2024","format":false,"excerpt":"La bater\u00eda de c\u00e1mara BN-1 de Sony es una bater\u00eda de iones de litio de alta capacidad que proporciona un tiempo de grabaci\u00f3n prolongado para una variedad de c\u00e1maras compactas Sony. Tiene una capacidad de 1200 mAh y un voltaje de 3,7 V.","rel":"","context":"Entrada similar","img":{"alt_text":"BATERIA CAMARA BN-1 SONY","src":"https:\/\/i0.wp.com\/comerciallin.com\/wp-content\/uploads\/2024\/01\/421206010102-1.jpg?fit=1080%2C1080&ssl=1&resize=350%2C200","width":350,"height":200},"classes":[]}],"jetpack_sharing_enabled":true,"jetpack_likes_enabled":true,"_links":{"self":[{"href":"https:\/\/comerciallin.com\/index.php\/wp-json\/wp\/v2\/product\/19613"}],"collection":[{"href":"https:\/\/comerciallin.com\/index.php\/wp-json\/wp\/v2\/product"}],"about":[{"href":"https:\/\/comerciallin.com\/index.php\/wp-json\/wp\/v2\/types\/product"}],"replies":[{"embeddable":true,"href":"https:\/\/comerciallin.com\/index.php\/wp-json\/wp\/v2\/comments?post=19613"}],"wp:featuredmedia":[{"embeddable":true,"href":"https:\/\/comerciallin.com\/index.php\/wp-json\/wp\/v2\/media\/21918"}],"wp:attachment":[{"href":"https:\/\/comerciallin.com\/index.php\/wp-json\/wp\/v2\/media?parent=19613"}],"wp:term":[{"taxonomy":"product_cat","embeddable":true,"href":"https:\/\/comerciallin.com\/index.php\/wp-json\/wp\/v2\/product_cat?post=19613"},{"taxonomy":"product_tag","embeddable":true,"href":"https:\/\/comerciallin.com\/index.php\/wp-json\/wp\/v2\/product_tag?post=19613"}],"curies":[{"name":"wp","href":"https:\/\/api.w.org\/{rel}","templated":true}]}}