{"id":19591,"date":"2022-11-07T13:30:07","date_gmt":"2022-11-07T18:30:07","guid":{"rendered":"https:\/\/comerciallin.com\/index.php\/producto\/teclado-p-lapto-comp-hp-pav-sleekb-15-b-15-0\/"},"modified":"2025-01-14T13:58:04","modified_gmt":"2025-01-14T18:58:04","slug":"teclado-p-lapto-comp-hp-pav-sleekb-15-b-15-0","status":"publish","type":"product","link":"https:\/\/comerciallin.com\/index.php\/producto\/teclado-p-lapto-comp-hp-pav-sleekb-15-b-15-0\/","title":{"rendered":"TECLADO P. LAPTO COMP HP PAV SLEEKB 15-B 15-0"},"content":{"rendered":"<p>Compatibilidad:<\/p>\n<p> HP 15-B 15-U 15T-B 15Z-B 15-B002XX 15-B004XX 15-B100 15-B085NR 15-B104XX 15-B107 15-B109 15-B119WM 15-B120US 15-B123NR 15-B140US 15-B142DX 15-B143CL 15T-B100 15Z-B000 15T-B000 15T-B100 15-B-056XX 15-B107CL 15-B109WM 15-B123CL 15-B129WM 15-B150US 15-B153CL 15-B153NR 15-B154NR 15-B156NR 15-B157NR 15-B161NR 15Z-B000 HP PAV TS 15-B103AU HP PAV TS 15-B104AU HP PAV TS 15-B107AU HP PAV TS 15-B108AU HP PAV TS 15-B119TX 15-B124ES 15-B124SS 15-B125TU 15-B126TU 15-B127TU 15-B128TU 15-B129TU 15-B130TU 15-B131TU 15-B132TX 15-B132SS 15-B133ES 15-B135TX 15-B136TX 15-B137TU 15-B137SS 15-B138TU 15-B139SS 15-B139TU 15-B001TU 15-B002TU 15-B002TX 15-B003TU 15-B003TX 15-B004TU 15-B005TU 15-B005TX 15-B008TX 15-B010TU 15-B010TX 15-B010US 15-B011TU 15-B011NR 15-B012NR 15-B015TU 15-B023CL 15-B152NR 15-B162US 15-B004TX<\/p>\n<p> NUMERO DE PARTE: AEU36P00210 696284-071 703915-071 U36 PRIMAX P\/N 2B-06410Q110 703915-001, 701684-001, 696284-001, 701684-001 703915-001 696284-001 U36 AEU36U00310 AEU36U00010 SG-58000-XUA AEU36U00210 2B-06401Q110 SN6124, 701684-001 703915-001 696284-001 U36 AEU36U00310 AEU36U00010 SG-58000-XUA AEU36U00210 2B-06401Q110 SN6124 697685-001 v1354 26AS2 6037BB0080101 702843-001<\/p>\n","protected":false},"excerpt":{"rendered":"<p>Teclado para HP PAV SLEEKBOOK 15-B<\/p>\n","protected":false},"featured_media":22044,"comment_status":"open","ping_status":"closed","template":"","meta":{"spay_email":""},"product_cat":[832],"product_tag":[],"supplier_id":null,"supplier_sku":"","barcode":null,"atum_controlled":true,"out_stock_date":null,"out_stock_threshold":null,"inheritable":false,"inbound_stock":null,"stock_on_hold":0,"sold_today":0,"sales_last_days":0,"reserved_stock":null,"customer_returns":null,"warehouse_damage":null,"lost_in_post":null,"other_logs":null,"out_stock_days":0,"lost_sales":0,"has_location":null,"update_date":"2026-04-16T23:56:22","atum_locations":[],"atum_stock_status":"instock","restock_status":false,"low_stock_amount":"","sales_update_date":"2026-04-16T23:56:22","calc_backorders":null,"acf":[],"yoast_head":"<!-- This site is optimized with the Yoast SEO Premium plugin v17.4 (Yoast SEO v17.4) - https:\/\/yoast.com\/wordpress\/plugins\/seo\/ -->\n<title>TECLADO P. LAPTO COMP HP PAV SLEEKB 15-B 15-0 - tienda de electr\u00f3nica y computaci\u00f3n<\/title>\n<meta name=\"robots\" content=\"index, follow, max-snippet:-1, max-image-preview:large, max-video-preview:-1\" \/>\n<link rel=\"canonical\" href=\"https:\/\/comerciallin.com\/index.php\/producto\/teclado-p-lapto-comp-hp-pav-sleekb-15-b-15-0\/\" \/>\n<meta property=\"og:locale\" content=\"es_ES\" \/>\n<meta property=\"og:type\" content=\"article\" \/>\n<meta property=\"og:title\" content=\"TECLADO P. LAPTO COMP HP PAV SLEEKB 15-B 15-0\" \/>\n<meta property=\"og:description\" content=\"Teclado para HP PAV SLEEKBOOK 15-B\" \/>\n<meta property=\"og:url\" content=\"https:\/\/comerciallin.com\/index.php\/producto\/teclado-p-lapto-comp-hp-pav-sleekb-15-b-15-0\/\" \/>\n<meta property=\"og:site_name\" content=\"tienda de electr\u00f3nica y computaci\u00f3n\" \/>\n<meta property=\"article:modified_time\" content=\"2025-01-14T18:58:04+00:00\" \/>\n<meta name=\"twitter:card\" content=\"summary_large_image\" \/>\n<meta name=\"twitter:image\" content=\"https:\/\/i0.wp.com\/comerciallin.com\/wp-content\/uploads\/2023\/02\/577030110906.jpg?fit=%2C&amp;ssl=1\" \/>\n<meta name=\"twitter:label1\" content=\"Precio\" \/>\n\t<meta name=\"twitter:data1\" content=\"&#36;25,30\" \/>\n\t<meta name=\"twitter:label2\" content=\"Availability\" \/>\n\t<meta name=\"twitter:data2\" content=\"In stock\" \/>\n<script type=\"application\/ld+json\" class=\"yoast-schema-graph\">{\"@context\":\"https:\/\/schema.org\",\"@graph\":[{\"@type\":\"WebSite\",\"@id\":\"https:\/\/comerciallin.com\/#website\",\"url\":\"https:\/\/comerciallin.com\/\",\"name\":\"tienda de electr\\u00f3nica y computaci\\u00f3n\",\"description\":\"Importadora de Electr\\u00f3nica y Computaci\\u00f3n\",\"potentialAction\":[{\"@type\":\"SearchAction\",\"target\":{\"@type\":\"EntryPoint\",\"urlTemplate\":\"https:\/\/comerciallin.com\/?s={search_term_string}\"},\"query-input\":\"required name=search_term_string\"}],\"inLanguage\":\"es\"},{\"@type\":\"ImageObject\",\"@id\":\"https:\/\/comerciallin.com\/index.php\/producto\/teclado-p-lapto-comp-hp-pav-sleekb-15-b-15-0\/#primaryimage\",\"inLanguage\":\"es\",\"url\":\"https:\/\/i0.wp.com\/comerciallin.com\/wp-content\/uploads\/2023\/02\/577030110906.jpg?fit=%2C&ssl=1\",\"contentUrl\":\"https:\/\/i0.wp.com\/comerciallin.com\/wp-content\/uploads\/2023\/02\/577030110906.jpg?fit=%2C&ssl=1\",\"caption\":\"TECLADO P. LAPTO COMP HP PAV SLEEKB 15-B 15-0\"},{\"@type\":\"WebPage\",\"@id\":\"https:\/\/comerciallin.com\/index.php\/producto\/teclado-p-lapto-comp-hp-pav-sleekb-15-b-15-0\/#webpage\",\"url\":\"https:\/\/comerciallin.com\/index.php\/producto\/teclado-p-lapto-comp-hp-pav-sleekb-15-b-15-0\/\",\"name\":\"TECLADO P. LAPTO COMP HP PAV SLEEKB 15-B 15-0 - tienda de electr\\u00f3nica y computaci\\u00f3n\",\"isPartOf\":{\"@id\":\"https:\/\/comerciallin.com\/#website\"},\"primaryImageOfPage\":{\"@id\":\"https:\/\/comerciallin.com\/index.php\/producto\/teclado-p-lapto-comp-hp-pav-sleekb-15-b-15-0\/#primaryimage\"},\"datePublished\":\"2022-11-07T18:30:07+00:00\",\"dateModified\":\"2025-01-14T18:58:04+00:00\",\"breadcrumb\":{\"@id\":\"https:\/\/comerciallin.com\/index.php\/producto\/teclado-p-lapto-comp-hp-pav-sleekb-15-b-15-0\/#breadcrumb\"},\"inLanguage\":\"es\",\"potentialAction\":[{\"@type\":\"ReadAction\",\"target\":[\"https:\/\/comerciallin.com\/index.php\/producto\/teclado-p-lapto-comp-hp-pav-sleekb-15-b-15-0\/\"]}]},{\"@type\":\"BreadcrumbList\",\"@id\":\"https:\/\/comerciallin.com\/index.php\/producto\/teclado-p-lapto-comp-hp-pav-sleekb-15-b-15-0\/#breadcrumb\",\"itemListElement\":[{\"@type\":\"ListItem\",\"position\":1,\"name\":\"Inicio\",\"item\":\"https:\/\/comerciallin.com\/\"},{\"@type\":\"ListItem\",\"position\":2,\"name\":\"Shop\",\"item\":\"https:\/\/comerciallin.com\/?page_id=3853\"},{\"@type\":\"ListItem\",\"position\":3,\"name\":\"TECLADO P. LAPTO COMP HP PAV SLEEKB 15-B 15-0\"}]}]}<\/script>\n<meta property=\"product:price:amount\" content=\"25.30\" \/>\n<meta property=\"product:price:currency\" content=\"USD\" \/>\n<meta property=\"og:availability\" content=\"instock\" \/>\n<meta property=\"product:availability\" content=\"instock\" \/>\n<meta property=\"product:retailer_item_id\" content=\"577030110906\" \/>\n<meta property=\"product:condition\" content=\"new\" \/>\n<!-- \/ Yoast SEO Premium plugin. -->","yoast_head_json":{"title":"TECLADO P. LAPTO COMP HP PAV SLEEKB 15-B 15-0 - tienda de electr\u00f3nica y computaci\u00f3n","robots":{"index":"index","follow":"follow","max-snippet":"max-snippet:-1","max-image-preview":"max-image-preview:large","max-video-preview":"max-video-preview:-1"},"canonical":"https:\/\/comerciallin.com\/index.php\/producto\/teclado-p-lapto-comp-hp-pav-sleekb-15-b-15-0\/","og_locale":"es_ES","og_type":"article","og_title":"TECLADO P. LAPTO COMP HP PAV SLEEKB 15-B 15-0","og_description":"Teclado para HP PAV SLEEKBOOK 15-B","og_url":"https:\/\/comerciallin.com\/index.php\/producto\/teclado-p-lapto-comp-hp-pav-sleekb-15-b-15-0\/","og_site_name":"tienda de electr\u00f3nica y computaci\u00f3n","article_modified_time":"2025-01-14T18:58:04+00:00","twitter_card":"summary_large_image","twitter_image":"https:\/\/i0.wp.com\/comerciallin.com\/wp-content\/uploads\/2023\/02\/577030110906.jpg?fit=%2C&ssl=1","twitter_misc":{"Precio":"&#36;25,30","Availability":"In stock"},"schema":{"@context":"https:\/\/schema.org","@graph":[{"@type":"WebSite","@id":"https:\/\/comerciallin.com\/#website","url":"https:\/\/comerciallin.com\/","name":"tienda de electr\u00f3nica y computaci\u00f3n","description":"Importadora de Electr\u00f3nica y Computaci\u00f3n","potentialAction":[{"@type":"SearchAction","target":{"@type":"EntryPoint","urlTemplate":"https:\/\/comerciallin.com\/?s={search_term_string}"},"query-input":"required name=search_term_string"}],"inLanguage":"es"},{"@type":"ImageObject","@id":"https:\/\/comerciallin.com\/index.php\/producto\/teclado-p-lapto-comp-hp-pav-sleekb-15-b-15-0\/#primaryimage","inLanguage":"es","url":"https:\/\/i0.wp.com\/comerciallin.com\/wp-content\/uploads\/2023\/02\/577030110906.jpg?fit=%2C&ssl=1","contentUrl":"https:\/\/i0.wp.com\/comerciallin.com\/wp-content\/uploads\/2023\/02\/577030110906.jpg?fit=%2C&ssl=1","caption":"TECLADO P. LAPTO COMP HP PAV SLEEKB 15-B 15-0"},{"@type":"WebPage","@id":"https:\/\/comerciallin.com\/index.php\/producto\/teclado-p-lapto-comp-hp-pav-sleekb-15-b-15-0\/#webpage","url":"https:\/\/comerciallin.com\/index.php\/producto\/teclado-p-lapto-comp-hp-pav-sleekb-15-b-15-0\/","name":"TECLADO P. LAPTO COMP HP PAV SLEEKB 15-B 15-0 - tienda de electr\u00f3nica y computaci\u00f3n","isPartOf":{"@id":"https:\/\/comerciallin.com\/#website"},"primaryImageOfPage":{"@id":"https:\/\/comerciallin.com\/index.php\/producto\/teclado-p-lapto-comp-hp-pav-sleekb-15-b-15-0\/#primaryimage"},"datePublished":"2022-11-07T18:30:07+00:00","dateModified":"2025-01-14T18:58:04+00:00","breadcrumb":{"@id":"https:\/\/comerciallin.com\/index.php\/producto\/teclado-p-lapto-comp-hp-pav-sleekb-15-b-15-0\/#breadcrumb"},"inLanguage":"es","potentialAction":[{"@type":"ReadAction","target":["https:\/\/comerciallin.com\/index.php\/producto\/teclado-p-lapto-comp-hp-pav-sleekb-15-b-15-0\/"]}]},{"@type":"BreadcrumbList","@id":"https:\/\/comerciallin.com\/index.php\/producto\/teclado-p-lapto-comp-hp-pav-sleekb-15-b-15-0\/#breadcrumb","itemListElement":[{"@type":"ListItem","position":1,"name":"Inicio","item":"https:\/\/comerciallin.com\/"},{"@type":"ListItem","position":2,"name":"Shop","item":"https:\/\/comerciallin.com\/?page_id=3853"},{"@type":"ListItem","position":3,"name":"TECLADO P. LAPTO COMP HP PAV SLEEKB 15-B 15-0"}]}]},"product_price_amount":"25.30","product_price_currency":"USD","og_availability":"instock","product_availability":"instock","product_retailer_item_id":"577030110906","product_condition":"new"},"jetpack-related-posts":[{"id":19589,"url":"https:\/\/comerciallin.com\/index.php\/producto\/teclado-p-lapto-comp-hp-15-da-15-db-15-cx-1w\/","url_meta":{"origin":19591,"position":0},"title":"TECLADO P. LAPTO COMP HP 15-DA\/15-DB\/15-CX\/1W","date":"7 de noviembre de 2022","format":false,"excerpt":"Teclado de repuesto compatible con HP 250 G7 255 G7 15-DA 15-DB 15-DK 15-DR 15-DW 15-DU 15S-DU 15-DY 15s-DY 15s-EQ 15-EF 15s-FQ 15-GW 17-CA.","rel":"","context":"Entrada similar","img":{"alt_text":"","src":"","width":0,"height":0},"classes":[]},{"id":22513,"url":"https:\/\/comerciallin.com\/index.php\/producto\/teclado-p-lapto-comp-hp-15-ac-15-db\/","url_meta":{"origin":19591,"position":1},"title":"TECLADO P. LAPTO COMP HP 15-AC 15-DB","date":"19 de abril de 2023","format":false,"excerpt":"El teclado HP 15-AC 15-AY 15-AF 250 G4 es un teclado de repuesto compatible con los modelos de port\u00e1tiles HP 15-AC, 15-AY, 15-AF y 250 G4. Es de color negro y tiene un dise\u00f1o est\u00e1ndar con todas las teclas y funciones necesarias para escribir c\u00f3modamente.","rel":"","context":"Entrada similar","img":{"alt_text":"TECLADO P. LAPTO COMP HP 15-AC 15-DB","src":"https:\/\/i0.wp.com\/comerciallin.com\/wp-content\/uploads\/2023\/11\/577030130203.jpg?fit=1200%2C1200&ssl=1&resize=350%2C200","width":350,"height":200},"classes":[]},{"id":19269,"url":"https:\/\/comerciallin.com\/index.php\/producto\/bateria-comp-hp-tf03xl\/","url_meta":{"origin":19591,"position":2},"title":"BATERIA COMP HP TF03XL","date":"7 de noviembre de 2022","format":false,"excerpt":"Composici\u00f3n de las celdas de la bater\u00eda Litio Ion Voltaje 11.55 Voltios Reutilizaci\u00f3n Rechargeable Peso de la bater\u00eda 255 Gramos","rel":"","context":"Entrada similar","img":{"alt_text":"","src":"","width":0,"height":0},"classes":[]},{"id":22517,"url":"https:\/\/comerciallin.com\/index.php\/producto\/teclado-p-lapto-comp-hp-15n-15e-15g-15res\/","url_meta":{"origin":19591,"position":3},"title":"TECLADO P. LAPTO COMP HP 15N 15E 15G 15R(ES)","date":"19 de abril de 2023","format":false,"excerpt":"TECLADO HP 15-G ING 250 G3 15-N 5-R 15-D 15-H 15-F 15-S 15-A","rel":"","context":"Entrada similar","img":{"alt_text":"","src":"","width":0,"height":0},"classes":[]},{"id":22511,"url":"https:\/\/comerciallin.com\/index.php\/producto\/teclado-p-lapto-comp-hp-15n-15e-15g-15r\/","url_meta":{"origin":19591,"position":4},"title":"TECLADO P. LAPTO COMP HP 15N 15E 15G 15R","date":"19 de abril de 2023","format":false,"excerpt":"El teclado HP 15-N es un teclado de repuesto compatible con los modelos de port\u00e1tiles HP 15-N, 15-G, 15-H, 15-R y 250 G2. Es de color negro y tiene un dise\u00f1o est\u00e1ndar con todas las teclas y funciones necesarias para escribir c\u00f3modamente.","rel":"","context":"Entrada similar","img":{"alt_text":"","src":"","width":0,"height":0},"classes":[]},{"id":22521,"url":"https:\/\/comerciallin.com\/index.php\/producto\/teclado-p-lapto-comp-hp-15-da-es\/","url_meta":{"origin":19591,"position":5},"title":"TECLADO P. LAPTO COMP HP 15-DA (ES)","date":"19 de abril de 2023","format":false,"excerpt":"El teclado de la laptop HP 15-DA0012DX tiene un dise\u00f1o QWERTY con distribuci\u00f3n de idioma en ingl\u00e9s (Estados Unidos), teclas de funci\u00f3n (F1 a F12), teclas de acceso r\u00e1pido y est\u00e1 hecho de pl\u00e1stico duradero. No tiene retroiluminaci\u00f3n y se conecta internamente a la placa base de la laptop.","rel":"","context":"Entrada similar","img":{"alt_text":"","src":"","width":0,"height":0},"classes":[]}],"jetpack_sharing_enabled":true,"jetpack_likes_enabled":true,"_links":{"self":[{"href":"https:\/\/comerciallin.com\/index.php\/wp-json\/wp\/v2\/product\/19591"}],"collection":[{"href":"https:\/\/comerciallin.com\/index.php\/wp-json\/wp\/v2\/product"}],"about":[{"href":"https:\/\/comerciallin.com\/index.php\/wp-json\/wp\/v2\/types\/product"}],"replies":[{"embeddable":true,"href":"https:\/\/comerciallin.com\/index.php\/wp-json\/wp\/v2\/comments?post=19591"}],"wp:featuredmedia":[{"embeddable":true,"href":"https:\/\/comerciallin.com\/index.php\/wp-json\/wp\/v2\/media\/22044"}],"wp:attachment":[{"href":"https:\/\/comerciallin.com\/index.php\/wp-json\/wp\/v2\/media?parent=19591"}],"wp:term":[{"taxonomy":"product_cat","embeddable":true,"href":"https:\/\/comerciallin.com\/index.php\/wp-json\/wp\/v2\/product_cat?post=19591"},{"taxonomy":"product_tag","embeddable":true,"href":"https:\/\/comerciallin.com\/index.php\/wp-json\/wp\/v2\/product_tag?post=19591"}],"curies":[{"name":"wp","href":"https:\/\/api.w.org\/{rel}","templated":true}]}}