{"id":19589,"date":"2022-11-07T13:30:06","date_gmt":"2022-11-07T18:30:06","guid":{"rendered":"https:\/\/comerciallin.com\/index.php\/producto\/teclado-p-lapto-comp-hp-15-da-15-db-15-cx-1w\/"},"modified":"2025-01-14T13:58:00","modified_gmt":"2025-01-14T18:58:00","slug":"teclado-p-lapto-comp-hp-15-da-15-db-15-cx-1w","status":"publish","type":"product","link":"https:\/\/comerciallin.com\/index.php\/producto\/teclado-p-lapto-comp-hp-15-da-15-db-15-cx-1w\/","title":{"rendered":"TECLADO P. LAPTO COMP HP 15-DA\/15-DB\/15-CX\/1W"},"content":{"rendered":"<p>Compatible con HP 250 G7 255 G7 15-DA 15-DB 15-DK 15-DR 15-DW 15-DU 15S-DU 15-DY 15s-DY 15s-EQ 15-EF 15s-FQ 15-GW 17-CA.Home 17-BY. Pabell\u00f3n 15 -CW 155 &#8211; &#8211; CS Pavilion Gaming<br \/>\n 15-CX 15-EC.Pavilion X360 15-CR 15-CN.Spectre X360 15-DF.ENVY X360 15M-DS<\/p>\n","protected":false},"excerpt":{"rendered":"<p>Teclado de repuesto compatible con HP 250 G7 255 G7 15-DA 15-DB 15-DK 15-DR 15-DW 15-DU 15S-DU 15-DY 15s-DY 15s-EQ 15-EF 15s-FQ 15-GW 17-CA.<\/p>\n","protected":false},"featured_media":22039,"comment_status":"open","ping_status":"closed","template":"","meta":{"spay_email":""},"product_cat":[832],"product_tag":[],"supplier_id":null,"supplier_sku":"","barcode":null,"atum_controlled":true,"out_stock_date":null,"out_stock_threshold":null,"inheritable":false,"inbound_stock":null,"stock_on_hold":0,"sold_today":0,"sales_last_days":0,"reserved_stock":null,"customer_returns":null,"warehouse_damage":null,"lost_in_post":null,"other_logs":null,"out_stock_days":0,"lost_sales":0,"has_location":null,"update_date":"2026-04-28T00:11:12","atum_locations":[],"atum_stock_status":"instock","restock_status":false,"low_stock_amount":"","sales_update_date":"2026-04-28T00:11:12","calc_backorders":null,"acf":[],"yoast_head":"<!-- This site is optimized with the Yoast SEO Premium plugin v17.4 (Yoast SEO v17.4) - https:\/\/yoast.com\/wordpress\/plugins\/seo\/ -->\n<title>TECLADO P. LAPTO COMP HP 15-DA\/15-DB\/15-CX\/1W - tienda de electr\u00f3nica y computaci\u00f3n<\/title>\n<meta name=\"robots\" content=\"index, follow, max-snippet:-1, max-image-preview:large, max-video-preview:-1\" \/>\n<link rel=\"canonical\" href=\"https:\/\/comerciallin.com\/index.php\/producto\/teclado-p-lapto-comp-hp-15-da-15-db-15-cx-1w\/\" \/>\n<meta property=\"og:locale\" content=\"es_ES\" \/>\n<meta property=\"og:type\" content=\"article\" \/>\n<meta property=\"og:title\" content=\"TECLADO P. LAPTO COMP HP 15-DA\/15-DB\/15-CX\/1W\" \/>\n<meta property=\"og:description\" content=\"Teclado de repuesto compatible con HP 250 G7 255 G7 15-DA 15-DB 15-DK 15-DR 15-DW 15-DU 15S-DU 15-DY 15s-DY 15s-EQ 15-EF 15s-FQ 15-GW 17-CA.\" \/>\n<meta property=\"og:url\" content=\"https:\/\/comerciallin.com\/index.php\/producto\/teclado-p-lapto-comp-hp-15-da-15-db-15-cx-1w\/\" \/>\n<meta property=\"og:site_name\" content=\"tienda de electr\u00f3nica y computaci\u00f3n\" \/>\n<meta property=\"article:modified_time\" content=\"2025-01-14T18:58:00+00:00\" \/>\n<meta name=\"twitter:card\" content=\"summary_large_image\" \/>\n<meta name=\"twitter:image\" content=\"https:\/\/i0.wp.com\/comerciallin.com\/wp-content\/uploads\/2023\/02\/577030110905.jpg?fit=%2C&amp;ssl=1\" \/>\n<meta name=\"twitter:label1\" content=\"Precio\" \/>\n\t<meta name=\"twitter:data1\" content=\"&#36;34,50\" \/>\n\t<meta name=\"twitter:label2\" content=\"Availability\" \/>\n\t<meta name=\"twitter:data2\" content=\"In stock\" \/>\n<script type=\"application\/ld+json\" class=\"yoast-schema-graph\">{\"@context\":\"https:\/\/schema.org\",\"@graph\":[{\"@type\":\"WebSite\",\"@id\":\"https:\/\/comerciallin.com\/#website\",\"url\":\"https:\/\/comerciallin.com\/\",\"name\":\"tienda de electr\\u00f3nica y computaci\\u00f3n\",\"description\":\"Importadora de Electr\\u00f3nica y Computaci\\u00f3n\",\"potentialAction\":[{\"@type\":\"SearchAction\",\"target\":{\"@type\":\"EntryPoint\",\"urlTemplate\":\"https:\/\/comerciallin.com\/?s={search_term_string}\"},\"query-input\":\"required name=search_term_string\"}],\"inLanguage\":\"es\"},{\"@type\":\"ImageObject\",\"@id\":\"https:\/\/comerciallin.com\/index.php\/producto\/teclado-p-lapto-comp-hp-15-da-15-db-15-cx-1w\/#primaryimage\",\"inLanguage\":\"es\",\"url\":\"https:\/\/i0.wp.com\/comerciallin.com\/wp-content\/uploads\/2023\/02\/577030110905.jpg?fit=%2C&ssl=1\",\"contentUrl\":\"https:\/\/i0.wp.com\/comerciallin.com\/wp-content\/uploads\/2023\/02\/577030110905.jpg?fit=%2C&ssl=1\",\"caption\":\"TECLADO P. LAPTO COMP HP 15-DA\/15-DB\/15-CX\/1W\"},{\"@type\":\"WebPage\",\"@id\":\"https:\/\/comerciallin.com\/index.php\/producto\/teclado-p-lapto-comp-hp-15-da-15-db-15-cx-1w\/#webpage\",\"url\":\"https:\/\/comerciallin.com\/index.php\/producto\/teclado-p-lapto-comp-hp-15-da-15-db-15-cx-1w\/\",\"name\":\"TECLADO P. LAPTO COMP HP 15-DA\/15-DB\/15-CX\/1W - tienda de electr\\u00f3nica y computaci\\u00f3n\",\"isPartOf\":{\"@id\":\"https:\/\/comerciallin.com\/#website\"},\"primaryImageOfPage\":{\"@id\":\"https:\/\/comerciallin.com\/index.php\/producto\/teclado-p-lapto-comp-hp-15-da-15-db-15-cx-1w\/#primaryimage\"},\"datePublished\":\"2022-11-07T18:30:06+00:00\",\"dateModified\":\"2025-01-14T18:58:00+00:00\",\"breadcrumb\":{\"@id\":\"https:\/\/comerciallin.com\/index.php\/producto\/teclado-p-lapto-comp-hp-15-da-15-db-15-cx-1w\/#breadcrumb\"},\"inLanguage\":\"es\",\"potentialAction\":[{\"@type\":\"ReadAction\",\"target\":[\"https:\/\/comerciallin.com\/index.php\/producto\/teclado-p-lapto-comp-hp-15-da-15-db-15-cx-1w\/\"]}]},{\"@type\":\"BreadcrumbList\",\"@id\":\"https:\/\/comerciallin.com\/index.php\/producto\/teclado-p-lapto-comp-hp-15-da-15-db-15-cx-1w\/#breadcrumb\",\"itemListElement\":[{\"@type\":\"ListItem\",\"position\":1,\"name\":\"Inicio\",\"item\":\"https:\/\/comerciallin.com\/\"},{\"@type\":\"ListItem\",\"position\":2,\"name\":\"Shop\",\"item\":\"https:\/\/comerciallin.com\/?page_id=3853\"},{\"@type\":\"ListItem\",\"position\":3,\"name\":\"TECLADO P. LAPTO COMP HP 15-DA\/15-DB\/15-CX\/1W\"}]}]}<\/script>\n<meta property=\"product:price:amount\" content=\"34.50\" \/>\n<meta property=\"product:price:currency\" content=\"USD\" \/>\n<meta property=\"og:availability\" content=\"instock\" \/>\n<meta property=\"product:availability\" content=\"instock\" \/>\n<meta property=\"product:retailer_item_id\" content=\"577030110905\" \/>\n<meta property=\"product:condition\" content=\"new\" \/>\n<!-- \/ Yoast SEO Premium plugin. -->","yoast_head_json":{"title":"TECLADO P. LAPTO COMP HP 15-DA\/15-DB\/15-CX\/1W - tienda de electr\u00f3nica y computaci\u00f3n","robots":{"index":"index","follow":"follow","max-snippet":"max-snippet:-1","max-image-preview":"max-image-preview:large","max-video-preview":"max-video-preview:-1"},"canonical":"https:\/\/comerciallin.com\/index.php\/producto\/teclado-p-lapto-comp-hp-15-da-15-db-15-cx-1w\/","og_locale":"es_ES","og_type":"article","og_title":"TECLADO P. LAPTO COMP HP 15-DA\/15-DB\/15-CX\/1W","og_description":"Teclado de repuesto compatible con HP 250 G7 255 G7 15-DA 15-DB 15-DK 15-DR 15-DW 15-DU 15S-DU 15-DY 15s-DY 15s-EQ 15-EF 15s-FQ 15-GW 17-CA.","og_url":"https:\/\/comerciallin.com\/index.php\/producto\/teclado-p-lapto-comp-hp-15-da-15-db-15-cx-1w\/","og_site_name":"tienda de electr\u00f3nica y computaci\u00f3n","article_modified_time":"2025-01-14T18:58:00+00:00","twitter_card":"summary_large_image","twitter_image":"https:\/\/i0.wp.com\/comerciallin.com\/wp-content\/uploads\/2023\/02\/577030110905.jpg?fit=%2C&ssl=1","twitter_misc":{"Precio":"&#36;34,50","Availability":"In stock"},"schema":{"@context":"https:\/\/schema.org","@graph":[{"@type":"WebSite","@id":"https:\/\/comerciallin.com\/#website","url":"https:\/\/comerciallin.com\/","name":"tienda de electr\u00f3nica y computaci\u00f3n","description":"Importadora de Electr\u00f3nica y Computaci\u00f3n","potentialAction":[{"@type":"SearchAction","target":{"@type":"EntryPoint","urlTemplate":"https:\/\/comerciallin.com\/?s={search_term_string}"},"query-input":"required name=search_term_string"}],"inLanguage":"es"},{"@type":"ImageObject","@id":"https:\/\/comerciallin.com\/index.php\/producto\/teclado-p-lapto-comp-hp-15-da-15-db-15-cx-1w\/#primaryimage","inLanguage":"es","url":"https:\/\/i0.wp.com\/comerciallin.com\/wp-content\/uploads\/2023\/02\/577030110905.jpg?fit=%2C&ssl=1","contentUrl":"https:\/\/i0.wp.com\/comerciallin.com\/wp-content\/uploads\/2023\/02\/577030110905.jpg?fit=%2C&ssl=1","caption":"TECLADO P. LAPTO COMP HP 15-DA\/15-DB\/15-CX\/1W"},{"@type":"WebPage","@id":"https:\/\/comerciallin.com\/index.php\/producto\/teclado-p-lapto-comp-hp-15-da-15-db-15-cx-1w\/#webpage","url":"https:\/\/comerciallin.com\/index.php\/producto\/teclado-p-lapto-comp-hp-15-da-15-db-15-cx-1w\/","name":"TECLADO P. LAPTO COMP HP 15-DA\/15-DB\/15-CX\/1W - tienda de electr\u00f3nica y computaci\u00f3n","isPartOf":{"@id":"https:\/\/comerciallin.com\/#website"},"primaryImageOfPage":{"@id":"https:\/\/comerciallin.com\/index.php\/producto\/teclado-p-lapto-comp-hp-15-da-15-db-15-cx-1w\/#primaryimage"},"datePublished":"2022-11-07T18:30:06+00:00","dateModified":"2025-01-14T18:58:00+00:00","breadcrumb":{"@id":"https:\/\/comerciallin.com\/index.php\/producto\/teclado-p-lapto-comp-hp-15-da-15-db-15-cx-1w\/#breadcrumb"},"inLanguage":"es","potentialAction":[{"@type":"ReadAction","target":["https:\/\/comerciallin.com\/index.php\/producto\/teclado-p-lapto-comp-hp-15-da-15-db-15-cx-1w\/"]}]},{"@type":"BreadcrumbList","@id":"https:\/\/comerciallin.com\/index.php\/producto\/teclado-p-lapto-comp-hp-15-da-15-db-15-cx-1w\/#breadcrumb","itemListElement":[{"@type":"ListItem","position":1,"name":"Inicio","item":"https:\/\/comerciallin.com\/"},{"@type":"ListItem","position":2,"name":"Shop","item":"https:\/\/comerciallin.com\/?page_id=3853"},{"@type":"ListItem","position":3,"name":"TECLADO P. LAPTO COMP HP 15-DA\/15-DB\/15-CX\/1W"}]}]},"product_price_amount":"34.50","product_price_currency":"USD","og_availability":"instock","product_availability":"instock","product_retailer_item_id":"577030110905","product_condition":"new"},"jetpack-related-posts":[{"id":22513,"url":"https:\/\/comerciallin.com\/index.php\/producto\/teclado-p-lapto-comp-hp-15-ac-15-db\/","url_meta":{"origin":19589,"position":0},"title":"TECLADO P. LAPTO COMP HP 15-AC 15-DB","date":"19 de abril de 2023","format":false,"excerpt":"El teclado HP 15-AC 15-AY 15-AF 250 G4 es un teclado de repuesto compatible con los modelos de port\u00e1tiles HP 15-AC, 15-AY, 15-AF y 250 G4. Es de color negro y tiene un dise\u00f1o est\u00e1ndar con todas las teclas y funciones necesarias para escribir c\u00f3modamente.","rel":"","context":"Entrada similar","img":{"alt_text":"TECLADO P. LAPTO COMP HP 15-AC 15-DB","src":"https:\/\/i0.wp.com\/comerciallin.com\/wp-content\/uploads\/2023\/11\/577030130203.jpg?fit=1200%2C1200&ssl=1&resize=350%2C200","width":350,"height":200},"classes":[]},{"id":22511,"url":"https:\/\/comerciallin.com\/index.php\/producto\/teclado-p-lapto-comp-hp-15n-15e-15g-15r\/","url_meta":{"origin":19589,"position":1},"title":"TECLADO P. LAPTO COMP HP 15N 15E 15G 15R","date":"19 de abril de 2023","format":false,"excerpt":"El teclado HP 15-N es un teclado de repuesto compatible con los modelos de port\u00e1tiles HP 15-N, 15-G, 15-H, 15-R y 250 G2. Es de color negro y tiene un dise\u00f1o est\u00e1ndar con todas las teclas y funciones necesarias para escribir c\u00f3modamente.","rel":"","context":"Entrada similar","img":{"alt_text":"","src":"","width":0,"height":0},"classes":[]},{"id":19269,"url":"https:\/\/comerciallin.com\/index.php\/producto\/bateria-comp-hp-tf03xl\/","url_meta":{"origin":19589,"position":2},"title":"BATERIA COMP HP TF03XL","date":"7 de noviembre de 2022","format":false,"excerpt":"Composici\u00f3n de las celdas de la bater\u00eda Litio Ion Voltaje 11.55 Voltios Reutilizaci\u00f3n Rechargeable Peso de la bater\u00eda 255 Gramos","rel":"","context":"Entrada similar","img":{"alt_text":"","src":"","width":0,"height":0},"classes":[]},{"id":22501,"url":"https:\/\/comerciallin.com\/index.php\/producto\/bateria-comp-dell-33ydh\/","url_meta":{"origin":19589,"position":3},"title":"BATERIA COMP DELL 33YDH","date":"19 de abril de 2023","format":false,"excerpt":"Bater\u00eda de 33YDH para Dell Inspiron 17 7000 7773 7786 7778 7789 2 en 1 15 7577 Latitude 13 3380 14 3490 15 3590 3580 G5 15 5587 GG7 3 357 9 3779 G7 7588 Vostro 7580 7570 PVHT1 P30E 81PF3 081PF3","rel":"","context":"Entrada similar","img":{"alt_text":"","src":"","width":0,"height":0},"classes":[]},{"id":22517,"url":"https:\/\/comerciallin.com\/index.php\/producto\/teclado-p-lapto-comp-hp-15n-15e-15g-15res\/","url_meta":{"origin":19589,"position":4},"title":"TECLADO P. LAPTO COMP HP 15N 15E 15G 15R(ES)","date":"19 de abril de 2023","format":false,"excerpt":"TECLADO HP 15-G ING 250 G3 15-N 5-R 15-D 15-H 15-F 15-S 15-A","rel":"","context":"Entrada similar","img":{"alt_text":"","src":"","width":0,"height":0},"classes":[]},{"id":19591,"url":"https:\/\/comerciallin.com\/index.php\/producto\/teclado-p-lapto-comp-hp-pav-sleekb-15-b-15-0\/","url_meta":{"origin":19589,"position":5},"title":"TECLADO P. LAPTO COMP HP PAV SLEEKB 15-B 15-0","date":"7 de noviembre de 2022","format":false,"excerpt":"Teclado para HP PAV SLEEKBOOK 15-B","rel":"","context":"Entrada similar","img":{"alt_text":"","src":"","width":0,"height":0},"classes":[]}],"jetpack_sharing_enabled":true,"jetpack_likes_enabled":true,"_links":{"self":[{"href":"https:\/\/comerciallin.com\/index.php\/wp-json\/wp\/v2\/product\/19589"}],"collection":[{"href":"https:\/\/comerciallin.com\/index.php\/wp-json\/wp\/v2\/product"}],"about":[{"href":"https:\/\/comerciallin.com\/index.php\/wp-json\/wp\/v2\/types\/product"}],"replies":[{"embeddable":true,"href":"https:\/\/comerciallin.com\/index.php\/wp-json\/wp\/v2\/comments?post=19589"}],"wp:featuredmedia":[{"embeddable":true,"href":"https:\/\/comerciallin.com\/index.php\/wp-json\/wp\/v2\/media\/22039"}],"wp:attachment":[{"href":"https:\/\/comerciallin.com\/index.php\/wp-json\/wp\/v2\/media?parent=19589"}],"wp:term":[{"taxonomy":"product_cat","embeddable":true,"href":"https:\/\/comerciallin.com\/index.php\/wp-json\/wp\/v2\/product_cat?post=19589"},{"taxonomy":"product_tag","embeddable":true,"href":"https:\/\/comerciallin.com\/index.php\/wp-json\/wp\/v2\/product_tag?post=19589"}],"curies":[{"name":"wp","href":"https:\/\/api.w.org\/{rel}","templated":true}]}}