{"id":19587,"date":"2022-11-07T13:30:06","date_gmt":"2022-11-07T18:30:06","guid":{"rendered":"https:\/\/comerciallin.com\/index.php\/producto\/teclado-p-lapto-comp-acer-aspire-v3-431-e1-0\/"},"modified":"2025-01-14T13:57:56","modified_gmt":"2025-01-14T18:57:56","slug":"teclado-p-lapto-comp-acer-aspire-v3-431-e1-0","status":"publish","type":"product","link":"https:\/\/comerciallin.com\/index.php\/producto\/teclado-p-lapto-comp-acer-aspire-v3-431-e1-0\/","title":{"rendered":"TECLADO P. LAPTO COMP ACER ASPIRE V3-431\/E1-0"},"content":{"rendered":"<p>Acer Aspire V3-431 V3-471 V3-471G E1-470 E1-470G E1-470P E1-470PG E1-472 Ordenador port\u00e1til<\/p>\n","protected":false},"excerpt":{"rendered":"<p>Teclado para Acer Aspire V3-431 V3-471 V3-471G E1-470 E1-470G E1-470P E1-470PG E1-472 port\u00e1til negro<\/p>\n","protected":false},"featured_media":22028,"comment_status":"open","ping_status":"closed","template":"","meta":{"spay_email":""},"product_cat":[830],"product_tag":[],"supplier_id":null,"supplier_sku":"","barcode":null,"atum_controlled":true,"out_stock_date":null,"out_stock_threshold":null,"inheritable":false,"inbound_stock":null,"stock_on_hold":0,"sold_today":0,"sales_last_days":0,"reserved_stock":null,"customer_returns":null,"warehouse_damage":null,"lost_in_post":null,"other_logs":null,"out_stock_days":0,"lost_sales":0,"has_location":null,"update_date":"2026-04-28T00:11:12","atum_locations":[],"atum_stock_status":"instock","restock_status":false,"low_stock_amount":"","sales_update_date":"2026-04-28T00:11:12","calc_backorders":null,"acf":[],"yoast_head":"<!-- This site is optimized with the Yoast SEO Premium plugin v17.4 (Yoast SEO v17.4) - https:\/\/yoast.com\/wordpress\/plugins\/seo\/ -->\n<title>TECLADO P. LAPTO COMP ACER ASPIRE V3-431\/E1-0 - tienda de electr\u00f3nica y computaci\u00f3n<\/title>\n<meta name=\"robots\" content=\"index, follow, max-snippet:-1, max-image-preview:large, max-video-preview:-1\" \/>\n<link rel=\"canonical\" href=\"https:\/\/comerciallin.com\/index.php\/producto\/teclado-p-lapto-comp-acer-aspire-v3-431-e1-0\/\" \/>\n<meta property=\"og:locale\" content=\"es_ES\" \/>\n<meta property=\"og:type\" content=\"article\" \/>\n<meta property=\"og:title\" content=\"TECLADO P. LAPTO COMP ACER ASPIRE V3-431\/E1-0\" \/>\n<meta property=\"og:description\" content=\"Teclado para Acer Aspire V3-431 V3-471 V3-471G E1-470 E1-470G E1-470P E1-470PG E1-472 port\u00e1til negro\" \/>\n<meta property=\"og:url\" content=\"https:\/\/comerciallin.com\/index.php\/producto\/teclado-p-lapto-comp-acer-aspire-v3-431-e1-0\/\" \/>\n<meta property=\"og:site_name\" content=\"tienda de electr\u00f3nica y computaci\u00f3n\" \/>\n<meta property=\"article:modified_time\" content=\"2025-01-14T18:57:56+00:00\" \/>\n<meta name=\"twitter:card\" content=\"summary_large_image\" \/>\n<meta name=\"twitter:image\" content=\"https:\/\/i0.wp.com\/comerciallin.com\/wp-content\/uploads\/2023\/02\/577030110904.jpg?fit=%2C&amp;ssl=1\" \/>\n<meta name=\"twitter:label1\" content=\"Precio\" \/>\n\t<meta name=\"twitter:data1\" content=\"&#36;25,30\" \/>\n\t<meta name=\"twitter:label2\" content=\"Availability\" \/>\n\t<meta name=\"twitter:data2\" content=\"In stock\" \/>\n<script type=\"application\/ld+json\" class=\"yoast-schema-graph\">{\"@context\":\"https:\/\/schema.org\",\"@graph\":[{\"@type\":\"WebSite\",\"@id\":\"https:\/\/comerciallin.com\/#website\",\"url\":\"https:\/\/comerciallin.com\/\",\"name\":\"tienda de electr\\u00f3nica y computaci\\u00f3n\",\"description\":\"Importadora de Electr\\u00f3nica y Computaci\\u00f3n\",\"potentialAction\":[{\"@type\":\"SearchAction\",\"target\":{\"@type\":\"EntryPoint\",\"urlTemplate\":\"https:\/\/comerciallin.com\/?s={search_term_string}\"},\"query-input\":\"required name=search_term_string\"}],\"inLanguage\":\"es\"},{\"@type\":\"ImageObject\",\"@id\":\"https:\/\/comerciallin.com\/index.php\/producto\/teclado-p-lapto-comp-acer-aspire-v3-431-e1-0\/#primaryimage\",\"inLanguage\":\"es\",\"url\":\"https:\/\/i0.wp.com\/comerciallin.com\/wp-content\/uploads\/2023\/02\/577030110904.jpg?fit=%2C&ssl=1\",\"contentUrl\":\"https:\/\/i0.wp.com\/comerciallin.com\/wp-content\/uploads\/2023\/02\/577030110904.jpg?fit=%2C&ssl=1\",\"caption\":\"TECLADO P. LAPTO COMP ACER ASPIRE V3-431\/E1-0\"},{\"@type\":\"WebPage\",\"@id\":\"https:\/\/comerciallin.com\/index.php\/producto\/teclado-p-lapto-comp-acer-aspire-v3-431-e1-0\/#webpage\",\"url\":\"https:\/\/comerciallin.com\/index.php\/producto\/teclado-p-lapto-comp-acer-aspire-v3-431-e1-0\/\",\"name\":\"TECLADO P. LAPTO COMP ACER ASPIRE V3-431\/E1-0 - tienda de electr\\u00f3nica y computaci\\u00f3n\",\"isPartOf\":{\"@id\":\"https:\/\/comerciallin.com\/#website\"},\"primaryImageOfPage\":{\"@id\":\"https:\/\/comerciallin.com\/index.php\/producto\/teclado-p-lapto-comp-acer-aspire-v3-431-e1-0\/#primaryimage\"},\"datePublished\":\"2022-11-07T18:30:06+00:00\",\"dateModified\":\"2025-01-14T18:57:56+00:00\",\"breadcrumb\":{\"@id\":\"https:\/\/comerciallin.com\/index.php\/producto\/teclado-p-lapto-comp-acer-aspire-v3-431-e1-0\/#breadcrumb\"},\"inLanguage\":\"es\",\"potentialAction\":[{\"@type\":\"ReadAction\",\"target\":[\"https:\/\/comerciallin.com\/index.php\/producto\/teclado-p-lapto-comp-acer-aspire-v3-431-e1-0\/\"]}]},{\"@type\":\"BreadcrumbList\",\"@id\":\"https:\/\/comerciallin.com\/index.php\/producto\/teclado-p-lapto-comp-acer-aspire-v3-431-e1-0\/#breadcrumb\",\"itemListElement\":[{\"@type\":\"ListItem\",\"position\":1,\"name\":\"Inicio\",\"item\":\"https:\/\/comerciallin.com\/\"},{\"@type\":\"ListItem\",\"position\":2,\"name\":\"Shop\",\"item\":\"https:\/\/comerciallin.com\/?page_id=3853\"},{\"@type\":\"ListItem\",\"position\":3,\"name\":\"TECLADO P. LAPTO COMP ACER ASPIRE V3-431\/E1-0\"}]}]}<\/script>\n<meta property=\"product:price:amount\" content=\"25.30\" \/>\n<meta property=\"product:price:currency\" content=\"USD\" \/>\n<meta property=\"og:availability\" content=\"instock\" \/>\n<meta property=\"product:availability\" content=\"instock\" \/>\n<meta property=\"product:retailer_item_id\" content=\"577030110904\" \/>\n<meta property=\"product:condition\" content=\"new\" \/>\n<!-- \/ Yoast SEO Premium plugin. -->","yoast_head_json":{"title":"TECLADO P. LAPTO COMP ACER ASPIRE V3-431\/E1-0 - tienda de electr\u00f3nica y computaci\u00f3n","robots":{"index":"index","follow":"follow","max-snippet":"max-snippet:-1","max-image-preview":"max-image-preview:large","max-video-preview":"max-video-preview:-1"},"canonical":"https:\/\/comerciallin.com\/index.php\/producto\/teclado-p-lapto-comp-acer-aspire-v3-431-e1-0\/","og_locale":"es_ES","og_type":"article","og_title":"TECLADO P. LAPTO COMP ACER ASPIRE V3-431\/E1-0","og_description":"Teclado para Acer Aspire V3-431 V3-471 V3-471G E1-470 E1-470G E1-470P E1-470PG E1-472 port\u00e1til negro","og_url":"https:\/\/comerciallin.com\/index.php\/producto\/teclado-p-lapto-comp-acer-aspire-v3-431-e1-0\/","og_site_name":"tienda de electr\u00f3nica y computaci\u00f3n","article_modified_time":"2025-01-14T18:57:56+00:00","twitter_card":"summary_large_image","twitter_image":"https:\/\/i0.wp.com\/comerciallin.com\/wp-content\/uploads\/2023\/02\/577030110904.jpg?fit=%2C&ssl=1","twitter_misc":{"Precio":"&#36;25,30","Availability":"In stock"},"schema":{"@context":"https:\/\/schema.org","@graph":[{"@type":"WebSite","@id":"https:\/\/comerciallin.com\/#website","url":"https:\/\/comerciallin.com\/","name":"tienda de electr\u00f3nica y computaci\u00f3n","description":"Importadora de Electr\u00f3nica y Computaci\u00f3n","potentialAction":[{"@type":"SearchAction","target":{"@type":"EntryPoint","urlTemplate":"https:\/\/comerciallin.com\/?s={search_term_string}"},"query-input":"required name=search_term_string"}],"inLanguage":"es"},{"@type":"ImageObject","@id":"https:\/\/comerciallin.com\/index.php\/producto\/teclado-p-lapto-comp-acer-aspire-v3-431-e1-0\/#primaryimage","inLanguage":"es","url":"https:\/\/i0.wp.com\/comerciallin.com\/wp-content\/uploads\/2023\/02\/577030110904.jpg?fit=%2C&ssl=1","contentUrl":"https:\/\/i0.wp.com\/comerciallin.com\/wp-content\/uploads\/2023\/02\/577030110904.jpg?fit=%2C&ssl=1","caption":"TECLADO P. LAPTO COMP ACER ASPIRE V3-431\/E1-0"},{"@type":"WebPage","@id":"https:\/\/comerciallin.com\/index.php\/producto\/teclado-p-lapto-comp-acer-aspire-v3-431-e1-0\/#webpage","url":"https:\/\/comerciallin.com\/index.php\/producto\/teclado-p-lapto-comp-acer-aspire-v3-431-e1-0\/","name":"TECLADO P. LAPTO COMP ACER ASPIRE V3-431\/E1-0 - tienda de electr\u00f3nica y computaci\u00f3n","isPartOf":{"@id":"https:\/\/comerciallin.com\/#website"},"primaryImageOfPage":{"@id":"https:\/\/comerciallin.com\/index.php\/producto\/teclado-p-lapto-comp-acer-aspire-v3-431-e1-0\/#primaryimage"},"datePublished":"2022-11-07T18:30:06+00:00","dateModified":"2025-01-14T18:57:56+00:00","breadcrumb":{"@id":"https:\/\/comerciallin.com\/index.php\/producto\/teclado-p-lapto-comp-acer-aspire-v3-431-e1-0\/#breadcrumb"},"inLanguage":"es","potentialAction":[{"@type":"ReadAction","target":["https:\/\/comerciallin.com\/index.php\/producto\/teclado-p-lapto-comp-acer-aspire-v3-431-e1-0\/"]}]},{"@type":"BreadcrumbList","@id":"https:\/\/comerciallin.com\/index.php\/producto\/teclado-p-lapto-comp-acer-aspire-v3-431-e1-0\/#breadcrumb","itemListElement":[{"@type":"ListItem","position":1,"name":"Inicio","item":"https:\/\/comerciallin.com\/"},{"@type":"ListItem","position":2,"name":"Shop","item":"https:\/\/comerciallin.com\/?page_id=3853"},{"@type":"ListItem","position":3,"name":"TECLADO P. LAPTO COMP ACER ASPIRE V3-431\/E1-0"}]}]},"product_price_amount":"25.30","product_price_currency":"USD","og_availability":"instock","product_availability":"instock","product_retailer_item_id":"577030110904","product_condition":"new"},"jetpack-related-posts":[{"id":20854,"url":"https:\/\/comerciallin.com\/index.php\/producto\/bateria-comp-acer-al12a32-v5-v5-431-v5-531-v\/","url_meta":{"origin":19587,"position":0},"title":"BATERIA COMP ACER AL12A32\/V5-V5-431 V5-531 V","date":"10 de noviembre de 2022","format":false,"excerpt":"Voltaje 14.8 Voltios Battery Weight 340 Gramos Battery Cell Type Litio Ion","rel":"","context":"Entrada similar","img":{"alt_text":"BATERIA COMP ACER AL12A32\/V5-V5-431 V5-531 V","src":"https:\/\/i0.wp.com\/comerciallin.com\/wp-content\/uploads\/2023\/02\/537030180801.jpg?fit=992%2C744&ssl=1&resize=350%2C200","width":350,"height":200},"classes":[]},{"id":19737,"url":"https:\/\/comerciallin.com\/index.php\/producto\/pantalla-lapto-14-0-led\/","url_meta":{"origin":19587,"position":1},"title":"PANTALLA LAPTO 14.0&#8243; LED","date":"8 de noviembre de 2022","format":false,"excerpt":"Pantalla Display 14.0 Led 40p Hp 1000-1424la","rel":"","context":"Entrada similar","img":{"alt_text":"PANTALLA LAPTO 14.0\" LED","src":"https:\/\/i0.wp.com\/comerciallin.com\/wp-content\/uploads\/2023\/02\/122030100801.jpg?fit=992%2C744&ssl=1&resize=350%2C200","width":350,"height":200},"classes":[]},{"id":19744,"url":"https:\/\/comerciallin.com\/index.php\/producto\/teclado-p-lapto-comp-acer-zg5-e1-432\/","url_meta":{"origin":19587,"position":2},"title":"TECLADO P. LAPTO COMP ACER ZG5 E1-432","date":"8 de noviembre de 2022","format":false,"excerpt":"Teclado Acer Aspire One A110 A150 Zg5 D150 D250","rel":"","context":"Entrada similar","img":{"alt_text":"","src":"","width":0,"height":0},"classes":[]},{"id":19072,"url":"https:\/\/comerciallin.com\/index.php\/producto\/bateria-comp-acer-ac14b8k-e3-111-v3-111-v3-11\/","url_meta":{"origin":19587,"position":3},"title":"BATERIA COMP ACER AC14B8K\/E3-111\/V3-111\/V3-11","date":"7 de noviembre de 2022","format":false,"excerpt":"Cantidad de bater\u00edas 1 Iones de litio necesaria(s), incluida(s) Marca TREE.NB Composici\u00f3n de las celdas de la bater\u00eda Litio Ion Voltaje 15.21 Voltios Reutilizaci\u00f3n Rechargeable Peso de la bater\u00eda 200 Gramos","rel":"","context":"Entrada similar","img":{"alt_text":"BATERIA COMP ACER AC14B8K\/E3-111\/V3-111\/V3-11","src":"https:\/\/i0.wp.com\/comerciallin.com\/wp-content\/uploads\/2023\/02\/537030110503.jpg?fit=992%2C744&ssl=1&resize=350%2C200","width":350,"height":200},"classes":[]},{"id":19595,"url":"https:\/\/comerciallin.com\/index.php\/producto\/teclado-p-lapto-comp-acer-aspire-v5-123-v51\/","url_meta":{"origin":19587,"position":4},"title":"TECLADO P. LAPTO COMP ACER ASPIRE V5-123 V51","date":"7 de noviembre de 2022","format":false,"excerpt":"TECLADO PARA ACER 14 725 756 V5-121 V5-171 S3 S5","rel":"","context":"Entrada similar","img":{"alt_text":"","src":"","width":0,"height":0},"classes":[]},{"id":18986,"url":"https:\/\/comerciallin.com\/index.php\/producto\/gamer-audifono-v2\/","url_meta":{"origin":19587,"position":5},"title":"GAMER AUDIFONO V2","date":"7 de noviembre de 2022","format":false,"excerpt":"Marca: Gaming Edition Modelo: V3 Sensibilidad: 108 3dB Interfaz de auricular: USB 3.5 mm Impedancia: 16 15% Microfono: 6.0 x 5 mm Sensibilidad del microfono: 2.2 K Largo de linea: 2.1 M 0.15 Largo del cable: 224 cm Rango de frecuentcia: 20 Hz \u2013 20 Khz Voltaje de trabajo de\u2026","rel":"","context":"Entrada similar","img":{"alt_text":"","src":"","width":0,"height":0},"classes":[]}],"jetpack_sharing_enabled":true,"jetpack_likes_enabled":true,"_links":{"self":[{"href":"https:\/\/comerciallin.com\/index.php\/wp-json\/wp\/v2\/product\/19587"}],"collection":[{"href":"https:\/\/comerciallin.com\/index.php\/wp-json\/wp\/v2\/product"}],"about":[{"href":"https:\/\/comerciallin.com\/index.php\/wp-json\/wp\/v2\/types\/product"}],"replies":[{"embeddable":true,"href":"https:\/\/comerciallin.com\/index.php\/wp-json\/wp\/v2\/comments?post=19587"}],"wp:featuredmedia":[{"embeddable":true,"href":"https:\/\/comerciallin.com\/index.php\/wp-json\/wp\/v2\/media\/22028"}],"wp:attachment":[{"href":"https:\/\/comerciallin.com\/index.php\/wp-json\/wp\/v2\/media?parent=19587"}],"wp:term":[{"taxonomy":"product_cat","embeddable":true,"href":"https:\/\/comerciallin.com\/index.php\/wp-json\/wp\/v2\/product_cat?post=19587"},{"taxonomy":"product_tag","embeddable":true,"href":"https:\/\/comerciallin.com\/index.php\/wp-json\/wp\/v2\/product_tag?post=19587"}],"curies":[{"name":"wp","href":"https:\/\/api.w.org\/{rel}","templated":true}]}}