{"id":19573,"date":"2022-11-07T13:30:03","date_gmt":"2022-11-07T18:30:03","guid":{"rendered":"https:\/\/comerciallin.com\/index.php\/producto\/pila-2032-somxieng-bl-5\/"},"modified":"2025-01-14T13:57:16","modified_gmt":"2025-01-14T18:57:16","slug":"pila-2032-somxieng-bl-5","status":"publish","type":"product","link":"https:\/\/comerciallin.com\/index.php\/producto\/pila-2032-somxieng-bl-5\/","title":{"rendered":"PILA 2032 SOMXIENG BL\/5"},"content":{"rendered":"<p>Categoria de producto: Bateria plana<br \/>RoHS: No aplicable<br \/>Serie: CR<br \/>Tama&ntilde;o de la bateria: CR2032<br \/>Quimica de la bateria: Lithium Manganese Dioxide (LiMnO2)<br \/>Voltaje de salida: 3 V<br \/>Capacidad: 225 mAh<br \/>Recargable\/No recargable: Non-Rechargeable<br \/>Estilo de terminacion: Pressure Contacts<br \/>Orientacion: Horizontal<br \/>Ancho: 20 mm<br \/>Altura: 3.2 mm<br \/>Temperatura de trabajo minima: &ndash; 30 C<br \/>Temperatura de trabajo maxima: + 60 C<br \/>Empaquetado: Tray<br \/>Quimica: Lithium<br \/>Rango de temperatura de trabajo: &ndash; 30C to + 60C<br \/>Tipo: Coin Type Lithium Batteries<br \/>Marca: Panasonic Battery<br \/>Tipo de producto: Coin Cell Battery<br \/>Peso de la unidad: 3g<\/p>\n","protected":false},"excerpt":{"rendered":"<p>Categoria de producto: Bateria plana<br \/>RoHS: No aplicable<br \/>Serie: CR<br \/>Tama&ntilde;o de la bateria: CR2032<\/p>\n","protected":false},"featured_media":21980,"comment_status":"open","ping_status":"closed","template":"","meta":{"spay_email":""},"product_cat":[789],"product_tag":[],"supplier_id":null,"supplier_sku":"","barcode":null,"atum_controlled":true,"out_stock_date":null,"out_stock_threshold":null,"inheritable":false,"inbound_stock":null,"stock_on_hold":0,"sold_today":0,"sales_last_days":0,"reserved_stock":null,"customer_returns":null,"warehouse_damage":null,"lost_in_post":null,"other_logs":null,"out_stock_days":0,"lost_sales":0,"has_location":null,"update_date":"2026-04-30T00:11:50","atum_locations":[],"atum_stock_status":"instock","restock_status":false,"low_stock_amount":"","sales_update_date":"2026-04-30T00:11:50","calc_backorders":null,"acf":[],"yoast_head":"<!-- This site is optimized with the Yoast SEO Premium plugin v17.4 (Yoast SEO v17.4) - https:\/\/yoast.com\/wordpress\/plugins\/seo\/ -->\n<title>PILA 2032 SOMXIENG BL\/5 - tienda de electr\u00f3nica y computaci\u00f3n<\/title>\n<meta name=\"robots\" content=\"index, follow, max-snippet:-1, max-image-preview:large, max-video-preview:-1\" \/>\n<link rel=\"canonical\" href=\"https:\/\/comerciallin.com\/index.php\/producto\/pila-2032-somxieng-bl-5\/\" \/>\n<meta property=\"og:locale\" content=\"es_ES\" \/>\n<meta property=\"og:type\" content=\"article\" \/>\n<meta property=\"og:title\" content=\"PILA 2032 SOMXIENG BL\/5\" \/>\n<meta property=\"og:description\" content=\"Categoria de producto: Bateria planaRoHS: No aplicableSerie: CRTama&ntilde;o de la bateria: CR2032\" \/>\n<meta property=\"og:url\" content=\"https:\/\/comerciallin.com\/index.php\/producto\/pila-2032-somxieng-bl-5\/\" \/>\n<meta property=\"og:site_name\" content=\"tienda de electr\u00f3nica y computaci\u00f3n\" \/>\n<meta property=\"article:modified_time\" content=\"2025-01-14T18:57:16+00:00\" \/>\n<meta name=\"twitter:card\" content=\"summary_large_image\" \/>\n<meta name=\"twitter:image\" content=\"https:\/\/i0.wp.com\/comerciallin.com\/wp-content\/uploads\/2023\/02\/4391512031.jpg?fit=%2C&amp;ssl=1\" \/>\n<meta name=\"twitter:label1\" content=\"Precio\" \/>\n\t<meta name=\"twitter:data1\" content=\"&#36;1,15\" \/>\n\t<meta name=\"twitter:label2\" content=\"Availability\" \/>\n\t<meta name=\"twitter:data2\" content=\"In stock\" \/>\n<script type=\"application\/ld+json\" class=\"yoast-schema-graph\">{\"@context\":\"https:\/\/schema.org\",\"@graph\":[{\"@type\":\"WebSite\",\"@id\":\"https:\/\/comerciallin.com\/#website\",\"url\":\"https:\/\/comerciallin.com\/\",\"name\":\"tienda de electr\\u00f3nica y computaci\\u00f3n\",\"description\":\"Importadora de Electr\\u00f3nica y Computaci\\u00f3n\",\"potentialAction\":[{\"@type\":\"SearchAction\",\"target\":{\"@type\":\"EntryPoint\",\"urlTemplate\":\"https:\/\/comerciallin.com\/?s={search_term_string}\"},\"query-input\":\"required name=search_term_string\"}],\"inLanguage\":\"es\"},{\"@type\":\"ImageObject\",\"@id\":\"https:\/\/comerciallin.com\/index.php\/producto\/pila-2032-somxieng-bl-5\/#primaryimage\",\"inLanguage\":\"es\",\"url\":\"https:\/\/i0.wp.com\/comerciallin.com\/wp-content\/uploads\/2023\/02\/4391512031.jpg?fit=%2C&ssl=1\",\"contentUrl\":\"https:\/\/i0.wp.com\/comerciallin.com\/wp-content\/uploads\/2023\/02\/4391512031.jpg?fit=%2C&ssl=1\",\"caption\":\"PILA 2032 SOMXIENG BL\/5\"},{\"@type\":\"WebPage\",\"@id\":\"https:\/\/comerciallin.com\/index.php\/producto\/pila-2032-somxieng-bl-5\/#webpage\",\"url\":\"https:\/\/comerciallin.com\/index.php\/producto\/pila-2032-somxieng-bl-5\/\",\"name\":\"PILA 2032 SOMXIENG BL\/5 - tienda de electr\\u00f3nica y computaci\\u00f3n\",\"isPartOf\":{\"@id\":\"https:\/\/comerciallin.com\/#website\"},\"primaryImageOfPage\":{\"@id\":\"https:\/\/comerciallin.com\/index.php\/producto\/pila-2032-somxieng-bl-5\/#primaryimage\"},\"datePublished\":\"2022-11-07T18:30:03+00:00\",\"dateModified\":\"2025-01-14T18:57:16+00:00\",\"breadcrumb\":{\"@id\":\"https:\/\/comerciallin.com\/index.php\/producto\/pila-2032-somxieng-bl-5\/#breadcrumb\"},\"inLanguage\":\"es\",\"potentialAction\":[{\"@type\":\"ReadAction\",\"target\":[\"https:\/\/comerciallin.com\/index.php\/producto\/pila-2032-somxieng-bl-5\/\"]}]},{\"@type\":\"BreadcrumbList\",\"@id\":\"https:\/\/comerciallin.com\/index.php\/producto\/pila-2032-somxieng-bl-5\/#breadcrumb\",\"itemListElement\":[{\"@type\":\"ListItem\",\"position\":1,\"name\":\"Inicio\",\"item\":\"https:\/\/comerciallin.com\/\"},{\"@type\":\"ListItem\",\"position\":2,\"name\":\"Shop\",\"item\":\"https:\/\/comerciallin.com\/?page_id=3853\"},{\"@type\":\"ListItem\",\"position\":3,\"name\":\"PILA 2032 SOMXIENG BL\/5\"}]}]}<\/script>\n<meta property=\"product:price:amount\" content=\"1.15\" \/>\n<meta property=\"product:price:currency\" content=\"USD\" \/>\n<meta property=\"og:availability\" content=\"instock\" \/>\n<meta property=\"product:availability\" content=\"instock\" \/>\n<meta property=\"product:retailer_item_id\" content=\"4391512031\" \/>\n<meta property=\"product:condition\" content=\"new\" \/>\n<!-- \/ Yoast SEO Premium plugin. -->","yoast_head_json":{"title":"PILA 2032 SOMXIENG BL\/5 - tienda de electr\u00f3nica y computaci\u00f3n","robots":{"index":"index","follow":"follow","max-snippet":"max-snippet:-1","max-image-preview":"max-image-preview:large","max-video-preview":"max-video-preview:-1"},"canonical":"https:\/\/comerciallin.com\/index.php\/producto\/pila-2032-somxieng-bl-5\/","og_locale":"es_ES","og_type":"article","og_title":"PILA 2032 SOMXIENG BL\/5","og_description":"Categoria de producto: Bateria planaRoHS: No aplicableSerie: CRTama&ntilde;o de la bateria: CR2032","og_url":"https:\/\/comerciallin.com\/index.php\/producto\/pila-2032-somxieng-bl-5\/","og_site_name":"tienda de electr\u00f3nica y computaci\u00f3n","article_modified_time":"2025-01-14T18:57:16+00:00","twitter_card":"summary_large_image","twitter_image":"https:\/\/i0.wp.com\/comerciallin.com\/wp-content\/uploads\/2023\/02\/4391512031.jpg?fit=%2C&ssl=1","twitter_misc":{"Precio":"&#36;1,15","Availability":"In stock"},"schema":{"@context":"https:\/\/schema.org","@graph":[{"@type":"WebSite","@id":"https:\/\/comerciallin.com\/#website","url":"https:\/\/comerciallin.com\/","name":"tienda de electr\u00f3nica y computaci\u00f3n","description":"Importadora de Electr\u00f3nica y Computaci\u00f3n","potentialAction":[{"@type":"SearchAction","target":{"@type":"EntryPoint","urlTemplate":"https:\/\/comerciallin.com\/?s={search_term_string}"},"query-input":"required name=search_term_string"}],"inLanguage":"es"},{"@type":"ImageObject","@id":"https:\/\/comerciallin.com\/index.php\/producto\/pila-2032-somxieng-bl-5\/#primaryimage","inLanguage":"es","url":"https:\/\/i0.wp.com\/comerciallin.com\/wp-content\/uploads\/2023\/02\/4391512031.jpg?fit=%2C&ssl=1","contentUrl":"https:\/\/i0.wp.com\/comerciallin.com\/wp-content\/uploads\/2023\/02\/4391512031.jpg?fit=%2C&ssl=1","caption":"PILA 2032 SOMXIENG BL\/5"},{"@type":"WebPage","@id":"https:\/\/comerciallin.com\/index.php\/producto\/pila-2032-somxieng-bl-5\/#webpage","url":"https:\/\/comerciallin.com\/index.php\/producto\/pila-2032-somxieng-bl-5\/","name":"PILA 2032 SOMXIENG BL\/5 - tienda de electr\u00f3nica y computaci\u00f3n","isPartOf":{"@id":"https:\/\/comerciallin.com\/#website"},"primaryImageOfPage":{"@id":"https:\/\/comerciallin.com\/index.php\/producto\/pila-2032-somxieng-bl-5\/#primaryimage"},"datePublished":"2022-11-07T18:30:03+00:00","dateModified":"2025-01-14T18:57:16+00:00","breadcrumb":{"@id":"https:\/\/comerciallin.com\/index.php\/producto\/pila-2032-somxieng-bl-5\/#breadcrumb"},"inLanguage":"es","potentialAction":[{"@type":"ReadAction","target":["https:\/\/comerciallin.com\/index.php\/producto\/pila-2032-somxieng-bl-5\/"]}]},{"@type":"BreadcrumbList","@id":"https:\/\/comerciallin.com\/index.php\/producto\/pila-2032-somxieng-bl-5\/#breadcrumb","itemListElement":[{"@type":"ListItem","position":1,"name":"Inicio","item":"https:\/\/comerciallin.com\/"},{"@type":"ListItem","position":2,"name":"Shop","item":"https:\/\/comerciallin.com\/?page_id=3853"},{"@type":"ListItem","position":3,"name":"PILA 2032 SOMXIENG BL\/5"}]}]},"product_price_amount":"1.15","product_price_currency":"USD","og_availability":"instock","product_availability":"instock","product_retailer_item_id":"4391512031","product_condition":"new"},"jetpack-related-posts":[{"id":19293,"url":"https:\/\/comerciallin.com\/index.php\/producto\/bateria-comp-dell-d620-d630-pc764-tc030-gd776\/","url_meta":{"origin":19573,"position":0},"title":"BATERIA COMP DELL D620\/D630\/PC764\/TC030\/GD776","date":"7 de noviembre de 2022","format":false,"excerpt":"Compatible con: GD775, GD776, GD787, JD605, JD606, JD610, JD616, JD634, JD648, JD775, KD489, KD491, KD492, KD494, KD495, NT377, NT379, PC764, PC765, PD685, RC126, RD300, RD301, TC030, TD116, TD117, TD175, TG226, UD088, KP433","rel":"","context":"Entrada similar","img":{"alt_text":"","src":"","width":0,"height":0},"classes":[]},{"id":19056,"url":"https:\/\/comerciallin.com\/index.php\/producto\/bateria-comp-dell-xps-l401x-l501x-l502x-l70f\/","url_meta":{"origin":19573,"position":1},"title":"BATERIA COMP DELL XPS L401X\/L501X\/L502X\/L70F","date":"7 de noviembre de 2022","format":false,"excerpt":"Battery Type: Lithium-ion (Li-ion) \u4e28 Color: Black Voltage: 11.10V | Capacity: 4400mAh Rate: 49.00 Wh | No. of cell: 6 | Weight: 357.20 g Compatible Part Number: 312-1123, J70W7, JWPHF, R795X, WHXY3","rel":"","context":"Entrada similar","img":{"alt_text":"BATERIA COMP DELL XPS L401X\/L501X\/L502X\/L70F","src":"https:\/\/i0.wp.com\/comerciallin.com\/wp-content\/uploads\/2023\/02\/537030180514.jpg?fit=992%2C744&ssl=1&resize=350%2C200","width":350,"height":200},"classes":[]},{"id":18686,"url":"https:\/\/comerciallin.com\/index.php\/producto\/bateria-comp-lenovo-x220-x220i-0a36281-0a31\/","url_meta":{"origin":19573,"position":2},"title":"BATERIA COMP LENOVO X220 X220I\/ 0A36281\/ 0A31","date":"7 de noviembre de 2022","format":false,"excerpt":"Compatible Devices Laptop Battery Capacity 4000 Milliamp Hours Battery Cell Composition Lithium Ion Manufacturer Techie","rel":"","context":"Entrada similar","img":{"alt_text":"","src":"","width":0,"height":0},"classes":[]},{"id":26100,"url":"https:\/\/comerciallin.com\/index.php\/producto\/bateria-camara-enel9-nikon\/","url_meta":{"origin":19573,"position":3},"title":"BATERIA CAMARA ENEL9 NIKON","date":"29 de enero de 2024","format":false,"excerpt":"La bater\u00eda de c\u00e1mara Nikon EN-EL9 es una bater\u00eda de iones de litio de 1100 mAh que proporciona un tiempo de grabaci\u00f3n prolongado para una variedad de c\u00e1maras Nikon DSLR y compactas.","rel":"","context":"Entrada similar","img":{"alt_text":"BATERIA CAMARA ENEL9 NIKON","src":"https:\/\/i0.wp.com\/comerciallin.com\/wp-content\/uploads\/2024\/01\/421206010105-1.jpg?fit=1200%2C1200&ssl=1&resize=350%2C200","width":350,"height":200},"classes":[]},{"id":26118,"url":"https:\/\/comerciallin.com\/index.php\/producto\/bateria-camara-en-el5-2\/","url_meta":{"origin":19573,"position":4},"title":"BATERIA CAMARA EN-EL5","date":"29 de enero de 2024","format":false,"excerpt":"La bater\u00eda de c\u00e1mara EN-EL5 es una bater\u00eda de iones de litio de 1180 mAh que proporciona un tiempo de grabaci\u00f3n prolongado para una variedad de c\u00e1maras Nikon.","rel":"","context":"Entrada similar","img":{"alt_text":"BATERIA CAMARA EN-EL5","src":"https:\/\/i0.wp.com\/comerciallin.com\/wp-content\/uploads\/2024\/01\/421206010114-1.jpg?fit=1080%2C1080&ssl=1&resize=350%2C200","width":350,"height":200},"classes":[]},{"id":23167,"url":"https:\/\/comerciallin.com\/index.php\/producto\/bateria-camara-en-el-19\/","url_meta":{"origin":19573,"position":5},"title":"BATERIA CAMARA EN-EL 19","date":"25 de abril de 2023","format":false,"excerpt":"","rel":"","context":"Entrada similar","img":{"alt_text":"","src":"","width":0,"height":0},"classes":[]}],"jetpack_sharing_enabled":true,"jetpack_likes_enabled":true,"_links":{"self":[{"href":"https:\/\/comerciallin.com\/index.php\/wp-json\/wp\/v2\/product\/19573"}],"collection":[{"href":"https:\/\/comerciallin.com\/index.php\/wp-json\/wp\/v2\/product"}],"about":[{"href":"https:\/\/comerciallin.com\/index.php\/wp-json\/wp\/v2\/types\/product"}],"replies":[{"embeddable":true,"href":"https:\/\/comerciallin.com\/index.php\/wp-json\/wp\/v2\/comments?post=19573"}],"wp:featuredmedia":[{"embeddable":true,"href":"https:\/\/comerciallin.com\/index.php\/wp-json\/wp\/v2\/media\/21980"}],"wp:attachment":[{"href":"https:\/\/comerciallin.com\/index.php\/wp-json\/wp\/v2\/media?parent=19573"}],"wp:term":[{"taxonomy":"product_cat","embeddable":true,"href":"https:\/\/comerciallin.com\/index.php\/wp-json\/wp\/v2\/product_cat?post=19573"},{"taxonomy":"product_tag","embeddable":true,"href":"https:\/\/comerciallin.com\/index.php\/wp-json\/wp\/v2\/product_tag?post=19573"}],"curies":[{"name":"wp","href":"https:\/\/api.w.org\/{rel}","templated":true}]}}