{"id":19569,"date":"2022-11-07T13:30:02","date_gmt":"2022-11-07T18:30:02","guid":{"rendered":"https:\/\/comerciallin.com\/index.php\/producto\/spliter-hdmi-1x8-puerto-3d-1080p\/"},"modified":"2025-01-14T13:57:41","modified_gmt":"2025-01-14T18:57:41","slug":"spliter-hdmi-1x8-puerto-3d-1080p","status":"publish","type":"product","link":"https:\/\/comerciallin.com\/index.php\/producto\/spliter-hdmi-1x8-puerto-3d-1080p\/","title":{"rendered":"SPLITER HDMI 1X8 PUERTO 3D 1080P"},"content":{"rendered":"<p>Este HDMI Splitter distribuye en una entrada HDMI y sale en 8 salidas sincronizadas. El divisor de HDMI funciona tanto como un switch y un amplificador. La conexi&oacute;n en serie de este divisor de HDMI permite la transmisi&oacute;n a larga distancia de la se&ntilde;al HDMI en m&aacute;s de 15 metros. Dos o m&aacute;s divisores HDMI se puede conectar en cascada para aumentar la distribuci&oacute;n de manera significativa.<\/p>\n<p>ESPECIFICACIONES<\/p>\n<p>&bull; HDMI Versi&oacute;n: 1.4<br \/>&bull; Ancho de banda del amplificador: 225 MHz<br \/>&bull; Entrada de se&ntilde;al DDC: 5 voltios<br \/>&bull; Resoluci&oacute;n de Apoyo: Hasta 1080p<br \/>&bull; Video Formato: 640 x 480, 800 x 600, 1024 x 768, 1280 x 1024<br \/>&bull; DTV \/ HDTV: 480i \/ 576i \/ 480p \/ 576p \/ 720p \/ 1080i \/ 1080p<br \/>&bull; Salida de v&iacute;deo: HDMI + hdcp 1.0\/1.1<br \/>&bull; Audio soportados: LPCM, Dolby AC3, DTS7.1, DDS \/ Dolby TrueHD \/ DTS-HD Master Audio, esencialmente todas las opciones de audio<br \/>disponibles son compatibles<br \/>&bull; Rango de frecuencia vertical: 60 Hz<br \/>&bull; Fuente de alimentaci&oacute;n: 5V \/ 3A<\/p>\n","protected":false},"excerpt":{"rendered":"<p>SPLITTER AMPLIFICADOR MULTIPLICADOR HDMI DE 1 ENTRADA A 8 SALIDAS 3D FULL HD 1080P<\/p>\n","protected":false},"featured_media":22009,"comment_status":"open","ping_status":"closed","template":"","meta":{"spay_email":""},"product_cat":[789],"product_tag":[],"supplier_id":null,"supplier_sku":"","barcode":null,"atum_controlled":true,"out_stock_date":null,"out_stock_threshold":null,"inheritable":false,"inbound_stock":null,"stock_on_hold":0,"sold_today":0,"sales_last_days":0,"reserved_stock":null,"customer_returns":null,"warehouse_damage":null,"lost_in_post":null,"other_logs":null,"out_stock_days":0,"lost_sales":0,"has_location":null,"update_date":"2026-04-28T00:11:14","atum_locations":[],"atum_stock_status":"instock","restock_status":false,"low_stock_amount":"","sales_update_date":"2026-04-28T00:11:14","calc_backorders":null,"acf":[],"yoast_head":"<!-- This site is optimized with the Yoast SEO Premium plugin v17.4 (Yoast SEO v17.4) - https:\/\/yoast.com\/wordpress\/plugins\/seo\/ -->\n<title>SPLITER HDMI 1X8 PUERTO 3D 1080P - tienda de electr\u00f3nica y computaci\u00f3n<\/title>\n<meta name=\"robots\" content=\"index, follow, max-snippet:-1, max-image-preview:large, max-video-preview:-1\" \/>\n<link rel=\"canonical\" href=\"https:\/\/comerciallin.com\/index.php\/producto\/spliter-hdmi-1x8-puerto-3d-1080p\/\" \/>\n<meta property=\"og:locale\" content=\"es_ES\" \/>\n<meta property=\"og:type\" content=\"article\" \/>\n<meta property=\"og:title\" content=\"SPLITER HDMI 1X8 PUERTO 3D 1080P\" \/>\n<meta property=\"og:description\" content=\"SPLITTER AMPLIFICADOR MULTIPLICADOR HDMI DE 1 ENTRADA A 8 SALIDAS 3D FULL HD 1080P\" \/>\n<meta property=\"og:url\" content=\"https:\/\/comerciallin.com\/index.php\/producto\/spliter-hdmi-1x8-puerto-3d-1080p\/\" \/>\n<meta property=\"og:site_name\" content=\"tienda de electr\u00f3nica y computaci\u00f3n\" \/>\n<meta property=\"article:modified_time\" content=\"2025-01-14T18:57:41+00:00\" \/>\n<meta name=\"twitter:card\" content=\"summary_large_image\" \/>\n<meta name=\"twitter:image\" content=\"https:\/\/i0.wp.com\/comerciallin.com\/wp-content\/uploads\/2023\/02\/373490301.jpg?fit=%2C&amp;ssl=1\" \/>\n<meta name=\"twitter:label1\" content=\"Precio\" \/>\n\t<meta name=\"twitter:data1\" content=\"&#36;63,25\" \/>\n\t<meta name=\"twitter:label2\" content=\"Availability\" \/>\n\t<meta name=\"twitter:data2\" content=\"In stock\" \/>\n<script type=\"application\/ld+json\" class=\"yoast-schema-graph\">{\"@context\":\"https:\/\/schema.org\",\"@graph\":[{\"@type\":\"WebSite\",\"@id\":\"https:\/\/comerciallin.com\/#website\",\"url\":\"https:\/\/comerciallin.com\/\",\"name\":\"tienda de electr\\u00f3nica y computaci\\u00f3n\",\"description\":\"Importadora de Electr\\u00f3nica y Computaci\\u00f3n\",\"potentialAction\":[{\"@type\":\"SearchAction\",\"target\":{\"@type\":\"EntryPoint\",\"urlTemplate\":\"https:\/\/comerciallin.com\/?s={search_term_string}\"},\"query-input\":\"required name=search_term_string\"}],\"inLanguage\":\"es\"},{\"@type\":\"ImageObject\",\"@id\":\"https:\/\/comerciallin.com\/index.php\/producto\/spliter-hdmi-1x8-puerto-3d-1080p\/#primaryimage\",\"inLanguage\":\"es\",\"url\":\"https:\/\/i0.wp.com\/comerciallin.com\/wp-content\/uploads\/2023\/02\/373490301.jpg?fit=%2C&ssl=1\",\"contentUrl\":\"https:\/\/i0.wp.com\/comerciallin.com\/wp-content\/uploads\/2023\/02\/373490301.jpg?fit=%2C&ssl=1\",\"caption\":\"SPLITER HDMI 1X8 PUERTO 3D 1080P\"},{\"@type\":\"WebPage\",\"@id\":\"https:\/\/comerciallin.com\/index.php\/producto\/spliter-hdmi-1x8-puerto-3d-1080p\/#webpage\",\"url\":\"https:\/\/comerciallin.com\/index.php\/producto\/spliter-hdmi-1x8-puerto-3d-1080p\/\",\"name\":\"SPLITER HDMI 1X8 PUERTO 3D 1080P - tienda de electr\\u00f3nica y computaci\\u00f3n\",\"isPartOf\":{\"@id\":\"https:\/\/comerciallin.com\/#website\"},\"primaryImageOfPage\":{\"@id\":\"https:\/\/comerciallin.com\/index.php\/producto\/spliter-hdmi-1x8-puerto-3d-1080p\/#primaryimage\"},\"datePublished\":\"2022-11-07T18:30:02+00:00\",\"dateModified\":\"2025-01-14T18:57:41+00:00\",\"breadcrumb\":{\"@id\":\"https:\/\/comerciallin.com\/index.php\/producto\/spliter-hdmi-1x8-puerto-3d-1080p\/#breadcrumb\"},\"inLanguage\":\"es\",\"potentialAction\":[{\"@type\":\"ReadAction\",\"target\":[\"https:\/\/comerciallin.com\/index.php\/producto\/spliter-hdmi-1x8-puerto-3d-1080p\/\"]}]},{\"@type\":\"BreadcrumbList\",\"@id\":\"https:\/\/comerciallin.com\/index.php\/producto\/spliter-hdmi-1x8-puerto-3d-1080p\/#breadcrumb\",\"itemListElement\":[{\"@type\":\"ListItem\",\"position\":1,\"name\":\"Inicio\",\"item\":\"https:\/\/comerciallin.com\/\"},{\"@type\":\"ListItem\",\"position\":2,\"name\":\"Shop\",\"item\":\"https:\/\/comerciallin.com\/?page_id=3853\"},{\"@type\":\"ListItem\",\"position\":3,\"name\":\"SPLITER HDMI 1X8 PUERTO 3D 1080P\"}]}]}<\/script>\n<meta property=\"product:price:amount\" content=\"63.25\" \/>\n<meta property=\"product:price:currency\" content=\"USD\" \/>\n<meta property=\"og:availability\" content=\"instock\" \/>\n<meta property=\"product:availability\" content=\"instock\" \/>\n<meta property=\"product:retailer_item_id\" content=\"373490301\" \/>\n<meta property=\"product:condition\" content=\"new\" \/>\n<!-- \/ Yoast SEO Premium plugin. -->","yoast_head_json":{"title":"SPLITER HDMI 1X8 PUERTO 3D 1080P - tienda de electr\u00f3nica y computaci\u00f3n","robots":{"index":"index","follow":"follow","max-snippet":"max-snippet:-1","max-image-preview":"max-image-preview:large","max-video-preview":"max-video-preview:-1"},"canonical":"https:\/\/comerciallin.com\/index.php\/producto\/spliter-hdmi-1x8-puerto-3d-1080p\/","og_locale":"es_ES","og_type":"article","og_title":"SPLITER HDMI 1X8 PUERTO 3D 1080P","og_description":"SPLITTER AMPLIFICADOR MULTIPLICADOR HDMI DE 1 ENTRADA A 8 SALIDAS 3D FULL HD 1080P","og_url":"https:\/\/comerciallin.com\/index.php\/producto\/spliter-hdmi-1x8-puerto-3d-1080p\/","og_site_name":"tienda de electr\u00f3nica y computaci\u00f3n","article_modified_time":"2025-01-14T18:57:41+00:00","twitter_card":"summary_large_image","twitter_image":"https:\/\/i0.wp.com\/comerciallin.com\/wp-content\/uploads\/2023\/02\/373490301.jpg?fit=%2C&ssl=1","twitter_misc":{"Precio":"&#36;63,25","Availability":"In stock"},"schema":{"@context":"https:\/\/schema.org","@graph":[{"@type":"WebSite","@id":"https:\/\/comerciallin.com\/#website","url":"https:\/\/comerciallin.com\/","name":"tienda de electr\u00f3nica y computaci\u00f3n","description":"Importadora de Electr\u00f3nica y Computaci\u00f3n","potentialAction":[{"@type":"SearchAction","target":{"@type":"EntryPoint","urlTemplate":"https:\/\/comerciallin.com\/?s={search_term_string}"},"query-input":"required name=search_term_string"}],"inLanguage":"es"},{"@type":"ImageObject","@id":"https:\/\/comerciallin.com\/index.php\/producto\/spliter-hdmi-1x8-puerto-3d-1080p\/#primaryimage","inLanguage":"es","url":"https:\/\/i0.wp.com\/comerciallin.com\/wp-content\/uploads\/2023\/02\/373490301.jpg?fit=%2C&ssl=1","contentUrl":"https:\/\/i0.wp.com\/comerciallin.com\/wp-content\/uploads\/2023\/02\/373490301.jpg?fit=%2C&ssl=1","caption":"SPLITER HDMI 1X8 PUERTO 3D 1080P"},{"@type":"WebPage","@id":"https:\/\/comerciallin.com\/index.php\/producto\/spliter-hdmi-1x8-puerto-3d-1080p\/#webpage","url":"https:\/\/comerciallin.com\/index.php\/producto\/spliter-hdmi-1x8-puerto-3d-1080p\/","name":"SPLITER HDMI 1X8 PUERTO 3D 1080P - tienda de electr\u00f3nica y computaci\u00f3n","isPartOf":{"@id":"https:\/\/comerciallin.com\/#website"},"primaryImageOfPage":{"@id":"https:\/\/comerciallin.com\/index.php\/producto\/spliter-hdmi-1x8-puerto-3d-1080p\/#primaryimage"},"datePublished":"2022-11-07T18:30:02+00:00","dateModified":"2025-01-14T18:57:41+00:00","breadcrumb":{"@id":"https:\/\/comerciallin.com\/index.php\/producto\/spliter-hdmi-1x8-puerto-3d-1080p\/#breadcrumb"},"inLanguage":"es","potentialAction":[{"@type":"ReadAction","target":["https:\/\/comerciallin.com\/index.php\/producto\/spliter-hdmi-1x8-puerto-3d-1080p\/"]}]},{"@type":"BreadcrumbList","@id":"https:\/\/comerciallin.com\/index.php\/producto\/spliter-hdmi-1x8-puerto-3d-1080p\/#breadcrumb","itemListElement":[{"@type":"ListItem","position":1,"name":"Inicio","item":"https:\/\/comerciallin.com\/"},{"@type":"ListItem","position":2,"name":"Shop","item":"https:\/\/comerciallin.com\/?page_id=3853"},{"@type":"ListItem","position":3,"name":"SPLITER HDMI 1X8 PUERTO 3D 1080P"}]}]},"product_price_amount":"63.25","product_price_currency":"USD","og_availability":"instock","product_availability":"instock","product_retailer_item_id":"373490301","product_condition":"new"},"jetpack-related-posts":[{"id":18755,"url":"https:\/\/comerciallin.com\/index.php\/producto\/switch-hdmi-3-in-1-out-1080p\/","url_meta":{"origin":19569,"position":0},"title":"SWITCH HDMI 3 IN &#8211; 1 OUT 1080P","date":"7 de noviembre de 2022","format":false,"excerpt":"Referencia SwitchHDMI4K Entrada: 3 puertos HDMI v1.4b Salida: 1 Puerto HDMI v1.4b Formato HDMI: 480p \/ 480i \/ 576p \/ 576i \/ 720p \/ 1080p \/ 1080i \/ 2160p M\u00c3\u00a1xima resoluci\u00c3\u00b3n soportada: Full Ultra HD 4k \u00e2\u20ac\u201c 2160p@30Hz (4096 \u00c3\u2014 2160 pixels) Rango de frecuencia: 30\/50\/60MHz Compatible con 3D: Si","rel":"","context":"Entrada similar","img":{"alt_text":"","src":"","width":0,"height":0},"classes":[]},{"id":22485,"url":"https:\/\/comerciallin.com\/index.php\/producto\/union-hdmi-hdmi-hembra\/","url_meta":{"origin":19569,"position":1},"title":"UNION HDMI &#8211; HDMI HEMBRA","date":"19 de abril de 2023","format":false,"excerpt":"El acoplador HDMI, conecta 2 cables de Alta Definici\u00f3n para un obtener un cable m\u00e1s largo. Transmite se\u00f1ales de video de alta definici\u00f3n 1080P.","rel":"","context":"Entrada similar","img":{"alt_text":"UNION HDMI - HDMI HEMBRA","src":"https:\/\/i0.wp.com\/comerciallin.com\/wp-content\/uploads\/2023\/11\/373030130201.jpg?fit=1200%2C1200&ssl=1&resize=350%2C200","width":350,"height":200},"classes":[]},{"id":25842,"url":"https:\/\/comerciallin.com\/index.php\/producto\/adaptador-hdmi-vga-con-audio-2\/","url_meta":{"origin":19569,"position":2},"title":"ADAPTADOR HDMI A VGA \/ CON AUDIO","date":"17 de noviembre de 2023","format":false,"excerpt":"\u00a1Conecta tu dispositivo HDMI a cualquier pantalla VGA! \u00bfTienes un dispositivo con salida HDMI pero tu pantalla solo tiene entrada VGA? \u00a1No te preocupes, tenemos la soluci\u00f3n! Nuestro convertidor HDMI a VGA es la opci\u00f3n perfecta para ti. Es f\u00e1cil de usar y te permite conectar tu dispositivo HDMI a\u2026","rel":"","context":"Entrada similar","img":{"alt_text":"","src":"","width":0,"height":0},"classes":[]},{"id":18961,"url":"https:\/\/comerciallin.com\/index.php\/producto\/capturadora-de-video\/","url_meta":{"origin":19569,"position":3},"title":"CAPTURADORA DE VIDEO","date":"7 de noviembre de 2022","format":false,"excerpt":"Tarjeta de captura de video, HDMI a USB 2.0 de alta definici\u00c3\u00b3n 1080p 30 fps, grabe directamente en la computadora para juegos, transmisi\u00c3\u00b3n, ense\u00c3\u00b1anza, videoconferencia o transmisi\u00c3\u00b3n en vivo - Negro","rel":"","context":"Entrada similar","img":{"alt_text":"","src":"","width":0,"height":0},"classes":[]},{"id":25846,"url":"https:\/\/comerciallin.com\/index.php\/producto\/spliter-hdmi-1-x-4\/","url_meta":{"origin":19569,"position":4},"title":"SPLITER HDMI &#8211; 1 X 4","date":"17 de noviembre de 2023","format":false,"excerpt":"\u00bfQuieres compartir 4 pantallas a la vez? \u00a1Este splitter HDMI 1x4 es la soluci\u00f3n perfecta! Con este splitter, podr\u00e1s conectar hasta cuatro pantallas a una sola fuente HDMI. Ideal para presentaciones, juegos y entretenimiento en casa. El splitter est\u00e1 hecho de materiales de alta calidad y est\u00e1 dise\u00f1ado para durar.\u2026","rel":"","context":"Entrada similar","img":{"alt_text":"","src":"","width":0,"height":0},"classes":[]},{"id":19722,"url":"https:\/\/comerciallin.com\/index.php\/producto\/adapter-tipo-c-to-usb-hdmi\/","url_meta":{"origin":19569,"position":5},"title":"ADAPTER TIPO C TO USB -HDMI","date":"8 de noviembre de 2022","format":false,"excerpt":"Adaptador USB C HDMI, USB tipo C Hub a puerto Hdmi 4 K USB 3,0 con entrega de energ\u00eda USB C","rel":"","context":"Entrada similar","img":{"alt_text":"ADAPTER TIPO C TO USB -HDMI","src":"https:\/\/i0.wp.com\/comerciallin.com\/wp-content\/uploads\/2023\/02\/099030100109.jpg?fit=992%2C744&ssl=1&resize=350%2C200","width":350,"height":200},"classes":[]}],"jetpack_sharing_enabled":true,"jetpack_likes_enabled":true,"_links":{"self":[{"href":"https:\/\/comerciallin.com\/index.php\/wp-json\/wp\/v2\/product\/19569"}],"collection":[{"href":"https:\/\/comerciallin.com\/index.php\/wp-json\/wp\/v2\/product"}],"about":[{"href":"https:\/\/comerciallin.com\/index.php\/wp-json\/wp\/v2\/types\/product"}],"replies":[{"embeddable":true,"href":"https:\/\/comerciallin.com\/index.php\/wp-json\/wp\/v2\/comments?post=19569"}],"wp:featuredmedia":[{"embeddable":true,"href":"https:\/\/comerciallin.com\/index.php\/wp-json\/wp\/v2\/media\/22009"}],"wp:attachment":[{"href":"https:\/\/comerciallin.com\/index.php\/wp-json\/wp\/v2\/media?parent=19569"}],"wp:term":[{"taxonomy":"product_cat","embeddable":true,"href":"https:\/\/comerciallin.com\/index.php\/wp-json\/wp\/v2\/product_cat?post=19569"},{"taxonomy":"product_tag","embeddable":true,"href":"https:\/\/comerciallin.com\/index.php\/wp-json\/wp\/v2\/product_tag?post=19569"}],"curies":[{"name":"wp","href":"https:\/\/api.w.org\/{rel}","templated":true}]}}