{"id":19399,"date":"2022-11-07T13:28:55","date_gmt":"2022-11-07T18:28:55","guid":{"rendered":"https:\/\/comerciallin.com\/index.php\/producto\/freidora-de-aire-8l\/"},"modified":"2025-01-14T13:56:17","modified_gmt":"2025-01-14T18:56:17","slug":"freidora-de-aire-8l","status":"publish","type":"product","link":"https:\/\/comerciallin.com\/index.php\/producto\/freidora-de-aire-8l\/","title":{"rendered":"FREIDORA DE AIRE SILVER CREST JD689B 8L"},"content":{"rendered":"<div dir=\"auto\"><strong>Freidora de aire Silver Crest<\/strong><\/div>\n<div dir=\"auto\">Extra Large Capacity Air Fryer<\/div>\n<div dir=\"auto\"><strong>Modelo:<\/strong>&nbsp;JD689B<\/div>\n<div dir=\"auto\"><strong>Capacidad:<\/strong>&nbsp;8 Litros<\/div>\n<div dir=\"auto\">Tecnolog&iacute;a Alemana<\/div>\n","protected":false},"excerpt":{"rendered":"<div dir=\"auto\"><strong>Freidora de aire Silver Crest<\/strong><\/div>\n<div dir=\"auto\">Extra Large Capacity Air Fryer<\/div>\n<div dir=\"auto\"><strong>Modelo:<\/strong>&nbsp;JD689B<\/div>\n<div dir=\"auto\"><strong>Capacidad:<\/strong>&nbsp;8 Litros<\/div>\n<div dir=\"auto\">Tecnolog&iacute;a Alemana<\/div>\n","protected":false},"featured_media":21888,"comment_status":"open","ping_status":"closed","template":"","meta":{"spay_email":""},"product_cat":[818],"product_tag":[],"supplier_id":null,"supplier_sku":"","barcode":null,"atum_controlled":true,"out_stock_date":null,"out_stock_threshold":null,"inheritable":false,"inbound_stock":null,"stock_on_hold":0,"sold_today":0,"sales_last_days":0,"reserved_stock":null,"customer_returns":null,"warehouse_damage":null,"lost_in_post":null,"other_logs":null,"out_stock_days":0,"lost_sales":0,"has_location":null,"update_date":"2026-04-04T23:41:10","atum_locations":[],"atum_stock_status":"instock","restock_status":false,"low_stock_amount":"","sales_update_date":"2026-04-04T23:41:10","calc_backorders":null,"acf":[],"yoast_head":"<!-- This site is optimized with the Yoast SEO Premium plugin v17.4 (Yoast SEO v17.4) - https:\/\/yoast.com\/wordpress\/plugins\/seo\/ -->\n<title>FREIDORA DE AIRE SILVER CREST JD689B 8L - tienda de electr\u00f3nica y computaci\u00f3n<\/title>\n<meta name=\"robots\" content=\"index, follow, max-snippet:-1, max-image-preview:large, max-video-preview:-1\" \/>\n<link rel=\"canonical\" href=\"https:\/\/comerciallin.com\/index.php\/producto\/freidora-de-aire-8l\/\" \/>\n<meta property=\"og:locale\" content=\"es_ES\" \/>\n<meta property=\"og:type\" content=\"article\" \/>\n<meta property=\"og:title\" content=\"FREIDORA DE AIRE SILVER CREST JD689B 8L\" \/>\n<meta property=\"og:description\" content=\"Freidora de aire Silver Crest Extra Large Capacity Air Fryer Modelo:&nbsp;JD689B Capacidad:&nbsp;8 Litros Tecnolog&iacute;a Alemana\" \/>\n<meta property=\"og:url\" content=\"https:\/\/comerciallin.com\/index.php\/producto\/freidora-de-aire-8l\/\" \/>\n<meta property=\"og:site_name\" content=\"tienda de electr\u00f3nica y computaci\u00f3n\" \/>\n<meta property=\"article:modified_time\" content=\"2025-01-14T18:56:17+00:00\" \/>\n<meta name=\"twitter:card\" content=\"summary_large_image\" \/>\n<meta name=\"twitter:image\" content=\"https:\/\/i0.wp.com\/comerciallin.com\/wp-content\/uploads\/2023\/02\/horno_JD689B.jpg?fit=%2C&amp;ssl=1\" \/>\n<meta name=\"twitter:label1\" content=\"Precio\" \/>\n\t<meta name=\"twitter:data1\" content=\"&#36;57,50\" \/>\n\t<meta name=\"twitter:label2\" content=\"Availability\" \/>\n\t<meta name=\"twitter:data2\" content=\"In stock\" \/>\n<script type=\"application\/ld+json\" class=\"yoast-schema-graph\">{\"@context\":\"https:\/\/schema.org\",\"@graph\":[{\"@type\":\"WebSite\",\"@id\":\"https:\/\/comerciallin.com\/#website\",\"url\":\"https:\/\/comerciallin.com\/\",\"name\":\"tienda de electr\\u00f3nica y computaci\\u00f3n\",\"description\":\"Importadora de Electr\\u00f3nica y Computaci\\u00f3n\",\"potentialAction\":[{\"@type\":\"SearchAction\",\"target\":{\"@type\":\"EntryPoint\",\"urlTemplate\":\"https:\/\/comerciallin.com\/?s={search_term_string}\"},\"query-input\":\"required name=search_term_string\"}],\"inLanguage\":\"es\"},{\"@type\":\"ImageObject\",\"@id\":\"https:\/\/comerciallin.com\/index.php\/producto\/freidora-de-aire-8l\/#primaryimage\",\"inLanguage\":\"es\",\"url\":\"https:\/\/i0.wp.com\/comerciallin.com\/wp-content\/uploads\/2023\/02\/horno_JD689B.jpg?fit=%2C&ssl=1\",\"contentUrl\":\"https:\/\/i0.wp.com\/comerciallin.com\/wp-content\/uploads\/2023\/02\/horno_JD689B.jpg?fit=%2C&ssl=1\",\"caption\":\"FREIDORA DE AIRE SILVER CREST JD689B 8L\"},{\"@type\":\"WebPage\",\"@id\":\"https:\/\/comerciallin.com\/index.php\/producto\/freidora-de-aire-8l\/#webpage\",\"url\":\"https:\/\/comerciallin.com\/index.php\/producto\/freidora-de-aire-8l\/\",\"name\":\"FREIDORA DE AIRE SILVER CREST JD689B 8L - tienda de electr\\u00f3nica y computaci\\u00f3n\",\"isPartOf\":{\"@id\":\"https:\/\/comerciallin.com\/#website\"},\"primaryImageOfPage\":{\"@id\":\"https:\/\/comerciallin.com\/index.php\/producto\/freidora-de-aire-8l\/#primaryimage\"},\"datePublished\":\"2022-11-07T18:28:55+00:00\",\"dateModified\":\"2025-01-14T18:56:17+00:00\",\"breadcrumb\":{\"@id\":\"https:\/\/comerciallin.com\/index.php\/producto\/freidora-de-aire-8l\/#breadcrumb\"},\"inLanguage\":\"es\",\"potentialAction\":[{\"@type\":\"ReadAction\",\"target\":[\"https:\/\/comerciallin.com\/index.php\/producto\/freidora-de-aire-8l\/\"]}]},{\"@type\":\"BreadcrumbList\",\"@id\":\"https:\/\/comerciallin.com\/index.php\/producto\/freidora-de-aire-8l\/#breadcrumb\",\"itemListElement\":[{\"@type\":\"ListItem\",\"position\":1,\"name\":\"Inicio\",\"item\":\"https:\/\/comerciallin.com\/\"},{\"@type\":\"ListItem\",\"position\":2,\"name\":\"Shop\",\"item\":\"https:\/\/comerciallin.com\/?page_id=3853\"},{\"@type\":\"ListItem\",\"position\":3,\"name\":\"FREIDORA DE AIRE SILVER CREST JD689B 8L\"}]}]}<\/script>\n<meta property=\"product:price:amount\" content=\"57.50\" \/>\n<meta property=\"product:price:currency\" content=\"USD\" \/>\n<meta property=\"og:availability\" content=\"instock\" \/>\n<meta property=\"product:availability\" content=\"instock\" \/>\n<meta property=\"product:retailer_item_id\" content=\"731080121002\" \/>\n<meta property=\"product:condition\" content=\"new\" \/>\n<!-- \/ Yoast SEO Premium plugin. -->","yoast_head_json":{"title":"FREIDORA DE AIRE SILVER CREST JD689B 8L - tienda de electr\u00f3nica y computaci\u00f3n","robots":{"index":"index","follow":"follow","max-snippet":"max-snippet:-1","max-image-preview":"max-image-preview:large","max-video-preview":"max-video-preview:-1"},"canonical":"https:\/\/comerciallin.com\/index.php\/producto\/freidora-de-aire-8l\/","og_locale":"es_ES","og_type":"article","og_title":"FREIDORA DE AIRE SILVER CREST JD689B 8L","og_description":"Freidora de aire Silver Crest Extra Large Capacity Air Fryer Modelo:&nbsp;JD689B Capacidad:&nbsp;8 Litros Tecnolog&iacute;a Alemana","og_url":"https:\/\/comerciallin.com\/index.php\/producto\/freidora-de-aire-8l\/","og_site_name":"tienda de electr\u00f3nica y computaci\u00f3n","article_modified_time":"2025-01-14T18:56:17+00:00","twitter_card":"summary_large_image","twitter_image":"https:\/\/i0.wp.com\/comerciallin.com\/wp-content\/uploads\/2023\/02\/horno_JD689B.jpg?fit=%2C&ssl=1","twitter_misc":{"Precio":"&#36;57,50","Availability":"In stock"},"schema":{"@context":"https:\/\/schema.org","@graph":[{"@type":"WebSite","@id":"https:\/\/comerciallin.com\/#website","url":"https:\/\/comerciallin.com\/","name":"tienda de electr\u00f3nica y computaci\u00f3n","description":"Importadora de Electr\u00f3nica y Computaci\u00f3n","potentialAction":[{"@type":"SearchAction","target":{"@type":"EntryPoint","urlTemplate":"https:\/\/comerciallin.com\/?s={search_term_string}"},"query-input":"required name=search_term_string"}],"inLanguage":"es"},{"@type":"ImageObject","@id":"https:\/\/comerciallin.com\/index.php\/producto\/freidora-de-aire-8l\/#primaryimage","inLanguage":"es","url":"https:\/\/i0.wp.com\/comerciallin.com\/wp-content\/uploads\/2023\/02\/horno_JD689B.jpg?fit=%2C&ssl=1","contentUrl":"https:\/\/i0.wp.com\/comerciallin.com\/wp-content\/uploads\/2023\/02\/horno_JD689B.jpg?fit=%2C&ssl=1","caption":"FREIDORA DE AIRE SILVER CREST JD689B 8L"},{"@type":"WebPage","@id":"https:\/\/comerciallin.com\/index.php\/producto\/freidora-de-aire-8l\/#webpage","url":"https:\/\/comerciallin.com\/index.php\/producto\/freidora-de-aire-8l\/","name":"FREIDORA DE AIRE SILVER CREST JD689B 8L - tienda de electr\u00f3nica y computaci\u00f3n","isPartOf":{"@id":"https:\/\/comerciallin.com\/#website"},"primaryImageOfPage":{"@id":"https:\/\/comerciallin.com\/index.php\/producto\/freidora-de-aire-8l\/#primaryimage"},"datePublished":"2022-11-07T18:28:55+00:00","dateModified":"2025-01-14T18:56:17+00:00","breadcrumb":{"@id":"https:\/\/comerciallin.com\/index.php\/producto\/freidora-de-aire-8l\/#breadcrumb"},"inLanguage":"es","potentialAction":[{"@type":"ReadAction","target":["https:\/\/comerciallin.com\/index.php\/producto\/freidora-de-aire-8l\/"]}]},{"@type":"BreadcrumbList","@id":"https:\/\/comerciallin.com\/index.php\/producto\/freidora-de-aire-8l\/#breadcrumb","itemListElement":[{"@type":"ListItem","position":1,"name":"Inicio","item":"https:\/\/comerciallin.com\/"},{"@type":"ListItem","position":2,"name":"Shop","item":"https:\/\/comerciallin.com\/?page_id=3853"},{"@type":"ListItem","position":3,"name":"FREIDORA DE AIRE SILVER CREST JD689B 8L"}]}]},"product_price_amount":"57.50","product_price_currency":"USD","og_availability":"instock","product_availability":"instock","product_retailer_item_id":"731080121002","product_condition":"new"},"jetpack-related-posts":[{"id":19403,"url":"https:\/\/comerciallin.com\/index.php\/producto\/freidora-de-aire-15l\/","url_meta":{"origin":19399,"position":0},"title":"FREIDORA DE AIRE SILVER CREST JD-989 15L","date":"7 de noviembre de 2022","format":false,"excerpt":"Freidora de aire Silver Crest PREMIUM 12.-QUART AIR FRYER Modelo:\u00a0JD-989 Capacidad:\u00a015 Litros Tecnolog\u00eda Alemana","rel":"","context":"Entrada similar","img":{"alt_text":"","src":"","width":0,"height":0},"classes":[]},{"id":19056,"url":"https:\/\/comerciallin.com\/index.php\/producto\/bateria-comp-dell-xps-l401x-l501x-l502x-l70f\/","url_meta":{"origin":19399,"position":1},"title":"BATERIA COMP DELL XPS L401X\/L501X\/L502X\/L70F","date":"7 de noviembre de 2022","format":false,"excerpt":"Battery Type: Lithium-ion (Li-ion) \u4e28 Color: Black Voltage: 11.10V | Capacity: 4400mAh Rate: 49.00 Wh | No. of cell: 6 | Weight: 357.20 g Compatible Part Number: 312-1123, J70W7, JWPHF, R795X, WHXY3","rel":"","context":"Entrada similar","img":{"alt_text":"BATERIA COMP DELL XPS L401X\/L501X\/L502X\/L70F","src":"https:\/\/i0.wp.com\/comerciallin.com\/wp-content\/uploads\/2023\/02\/537030180514.jpg?fit=992%2C744&ssl=1&resize=350%2C200","width":350,"height":200},"classes":[]},{"id":19209,"url":"https:\/\/comerciallin.com\/index.php\/producto\/bateria-comp-lenovo-b50-70-b40-70-b50-30-b501\/","url_meta":{"origin":19399,"position":2},"title":"BATERIA COMP LENOVO B50-70\/B40-70\/B50-30\/B501","date":"7 de noviembre de 2022","format":false,"excerpt":"Voltage 14.4 Volts Compatible Devices Laptop Capacity 2200 Milliamp Hours","rel":"","context":"Entrada similar","img":{"alt_text":"","src":"","width":0,"height":0},"classes":[]},{"id":20858,"url":"https:\/\/comerciallin.com\/index.php\/producto\/bateria-comp-acer-as10b31-4745g-4820t-5820t-t\/","url_meta":{"origin":19399,"position":3},"title":"BATERIA COMP ACER AS10B31\/4745G\/4820T\/5820T\/T","date":"10 de noviembre de 2022","format":false,"excerpt":"Marca: acer Tipo: Li-ion Voltaje: 10.8v Capacidad: 4400mAH\/48WH","rel":"","context":"Entrada similar","img":{"alt_text":"BATERIA COMP ACER AS10B31\/4745G\/4820T\/5820T\/T","src":"https:\/\/i0.wp.com\/comerciallin.com\/wp-content\/uploads\/2023\/02\/2121601032.jpg?fit=992%2C744&ssl=1&resize=350%2C200","width":350,"height":200},"classes":[]},{"id":19205,"url":"https:\/\/comerciallin.com\/index.php\/producto\/bateria-comp-asus-a31-k52-a32-k52-a41-k52-a4f\/","url_meta":{"origin":19399,"position":4},"title":"BATERIA COMP ASUS A31-K52\/A32-K52\/A41-K52\/A4F","date":"7 de noviembre de 2022","format":false,"excerpt":"Capacity: 5200mAh, Voltage: 11.1V Battery Cell: 6 Cells","rel":"","context":"Entrada similar","img":{"alt_text":"","src":"","width":0,"height":0},"classes":[]}],"jetpack_sharing_enabled":true,"jetpack_likes_enabled":true,"_links":{"self":[{"href":"https:\/\/comerciallin.com\/index.php\/wp-json\/wp\/v2\/product\/19399"}],"collection":[{"href":"https:\/\/comerciallin.com\/index.php\/wp-json\/wp\/v2\/product"}],"about":[{"href":"https:\/\/comerciallin.com\/index.php\/wp-json\/wp\/v2\/types\/product"}],"replies":[{"embeddable":true,"href":"https:\/\/comerciallin.com\/index.php\/wp-json\/wp\/v2\/comments?post=19399"}],"wp:featuredmedia":[{"embeddable":true,"href":"https:\/\/comerciallin.com\/index.php\/wp-json\/wp\/v2\/media\/21888"}],"wp:attachment":[{"href":"https:\/\/comerciallin.com\/index.php\/wp-json\/wp\/v2\/media?parent=19399"}],"wp:term":[{"taxonomy":"product_cat","embeddable":true,"href":"https:\/\/comerciallin.com\/index.php\/wp-json\/wp\/v2\/product_cat?post=19399"},{"taxonomy":"product_tag","embeddable":true,"href":"https:\/\/comerciallin.com\/index.php\/wp-json\/wp\/v2\/product_tag?post=19399"}],"curies":[{"name":"wp","href":"https:\/\/api.w.org\/{rel}","templated":true}]}}