{"id":19371,"date":"2022-11-07T13:28:50","date_gmt":"2022-11-07T18:28:50","guid":{"rendered":"https:\/\/comerciallin.com\/index.php\/producto\/portatil-hp-ci3-1125g4-4gb-m-2-250gb-14-dq2\/"},"modified":"2025-12-26T11:45:08","modified_gmt":"2025-12-26T16:45:08","slug":"portatil-hp-ci3-1125g4-4gb-m-2-250gb-14-dq2","status":"publish","type":"product","link":"https:\/\/comerciallin.com\/index.php\/producto\/portatil-hp-ci3-1125g4-4gb-m-2-250gb-14-dq2\/","title":{"rendered":"PORTATIL HP CI3 1125G4 4GB | M.2 250GB 14-DQ2"},"content":{"rendered":"<p><strong><span>Caracter&iacute;sticas principales:<\/span><\/strong><\/p>\n<p><span>Computadora port&aacute;til HP modelo 14-DY0003LA, ideal para oficina, estudiantes o uso dom&eacute;stico, cuenta con una pantalla WLED de 14&rdquo; que te dar&aacute; una calidad de imagen de 1366 x 768 pixeles, posee procesadorIntel&reg; Core&trade; i3-1125G4, memoria RAM de 4GB&nbsp; DDR4-3200 MHz (1 x 4 GB)&nbsp;que puedes expandir hasta 16GB si as&iacute; lo deseas.<\/span><\/p>\n<p><span>Su Unidad de estado s&oacute;lido PCIe&reg; NVMe&trade; M.2 de 250 GB, su audio HD con altavoces est&eacute;reo y sus gr&aacute;ficos&nbsp;Gr&aacute;ficos Intel&reg; UHD te dar&aacute;n una nueva experiencia en tecnolog&iacute;a.<\/span><\/p>\n<p><span>Adquiere tu computadora HP solo en artefacta.com<\/span><\/p>\n<p><strong><span>Dimensiones:<\/span><\/strong><\/p>\n<ul>\n<li><span>Ancho: 32.2 cm<\/span><\/li>\n<li><span>Profundidad: 20.9 cm<\/span><\/li>\n<li><span>Alto: 1.99cm<\/span><\/li>\n<\/ul>\n","protected":false},"excerpt":{"rendered":"<p><strong>Marca:<\/strong>&nbsp;HP<br \/><strong>Modelo:<\/strong> 14-DY0003LA<br \/><strong>Procesador:<\/strong> Intel&reg; Core&trade; i3-1125G4 | 11.&ordf; generaci&oacute;n<br \/><strong>Memoria RAM:<\/strong>&nbsp;4GB DDR4<br \/><strong>Almacenamiento<\/strong>: SSD 250 GB M.2<br \/><strong>Pantalla:<\/strong> 14.0&Prime; FHD<br \/><strong>Garant&iacute;a:<\/strong> 1 A&ntilde;o<br \/>Aceptamos todas las tarjetas de cr&eacute;dito<br \/><strong>Realizamos env&iacute;os a todo el pa&iacute;s<\/strong><\/p>\n","protected":false},"featured_media":21989,"comment_status":"open","ping_status":"closed","template":"","meta":{"spay_email":""},"product_cat":[859],"product_tag":[],"supplier_id":null,"supplier_sku":"","barcode":null,"atum_controlled":true,"out_stock_date":null,"out_stock_threshold":null,"inheritable":false,"inbound_stock":null,"stock_on_hold":0,"sold_today":0,"sales_last_days":0,"reserved_stock":null,"customer_returns":null,"warehouse_damage":null,"lost_in_post":null,"other_logs":null,"out_stock_days":0,"lost_sales":0,"has_location":null,"update_date":"2026-05-01T00:12:22","atum_locations":[],"atum_stock_status":"instock","restock_status":false,"low_stock_amount":"","sales_update_date":"2026-05-01T00:12:22","calc_backorders":null,"acf":[],"yoast_head":"<!-- This site is optimized with the Yoast SEO Premium plugin v17.4 (Yoast SEO v17.4) - https:\/\/yoast.com\/wordpress\/plugins\/seo\/ -->\n<title>PORTATIL HP CI3 1125G4 4GB | M.2 250GB 14-DQ2 - tienda de electr\u00f3nica y computaci\u00f3n<\/title>\n<meta name=\"robots\" content=\"index, follow, max-snippet:-1, max-image-preview:large, max-video-preview:-1\" \/>\n<link rel=\"canonical\" href=\"https:\/\/comerciallin.com\/index.php\/producto\/portatil-hp-ci3-1125g4-4gb-m-2-250gb-14-dq2\/\" \/>\n<meta property=\"og:locale\" content=\"es_ES\" \/>\n<meta property=\"og:type\" content=\"article\" \/>\n<meta property=\"og:title\" content=\"PORTATIL HP CI3 1125G4 4GB | M.2 250GB 14-DQ2\" \/>\n<meta property=\"og:description\" content=\"Marca:&nbsp;HPModelo: 14-DY0003LAProcesador: Intel&reg; Core&trade; i3-1125G4 | 11.&ordf; generaci&oacute;nMemoria RAM:&nbsp;4GB DDR4Almacenamiento: SSD 250 GB M.2Pantalla: 14.0&Prime; FHDGarant&iacute;a: 1 A&ntilde;oAceptamos todas las tarjetas de cr&eacute;ditoRealizamos env&iacute;os a todo el pa&iacute;s\" \/>\n<meta property=\"og:url\" content=\"https:\/\/comerciallin.com\/index.php\/producto\/portatil-hp-ci3-1125g4-4gb-m-2-250gb-14-dq2\/\" \/>\n<meta property=\"og:site_name\" content=\"tienda de electr\u00f3nica y computaci\u00f3n\" \/>\n<meta property=\"article:modified_time\" content=\"2025-12-26T16:45:08+00:00\" \/>\n<meta name=\"twitter:card\" content=\"summary_large_image\" \/>\n<meta name=\"twitter:image\" content=\"https:\/\/i0.wp.com\/comerciallin.com\/wp-content\/uploads\/2023\/02\/054030120110.jpg?fit=%2C&amp;ssl=1\" \/>\n<meta name=\"twitter:label1\" content=\"Precio\" \/>\n\t<meta name=\"twitter:data1\" content=\"&#36;494,50\" \/>\n\t<meta name=\"twitter:label2\" content=\"Availability\" \/>\n\t<meta name=\"twitter:data2\" content=\"In stock\" \/>\n<script type=\"application\/ld+json\" class=\"yoast-schema-graph\">{\"@context\":\"https:\/\/schema.org\",\"@graph\":[{\"@type\":\"WebSite\",\"@id\":\"https:\/\/comerciallin.com\/#website\",\"url\":\"https:\/\/comerciallin.com\/\",\"name\":\"tienda de electr\\u00f3nica y computaci\\u00f3n\",\"description\":\"Importadora de Electr\\u00f3nica y Computaci\\u00f3n\",\"potentialAction\":[{\"@type\":\"SearchAction\",\"target\":{\"@type\":\"EntryPoint\",\"urlTemplate\":\"https:\/\/comerciallin.com\/?s={search_term_string}\"},\"query-input\":\"required name=search_term_string\"}],\"inLanguage\":\"es\"},{\"@type\":\"ImageObject\",\"@id\":\"https:\/\/comerciallin.com\/index.php\/producto\/portatil-hp-ci3-1125g4-4gb-m-2-250gb-14-dq2\/#primaryimage\",\"inLanguage\":\"es\",\"url\":\"https:\/\/i0.wp.com\/comerciallin.com\/wp-content\/uploads\/2023\/02\/054030120110.jpg?fit=%2C&ssl=1\",\"contentUrl\":\"https:\/\/i0.wp.com\/comerciallin.com\/wp-content\/uploads\/2023\/02\/054030120110.jpg?fit=%2C&ssl=1\",\"caption\":\"PORTATIL HP CI3 1125G4 4GB | M.2 250GB 14-DQ2\"},{\"@type\":\"WebPage\",\"@id\":\"https:\/\/comerciallin.com\/index.php\/producto\/portatil-hp-ci3-1125g4-4gb-m-2-250gb-14-dq2\/#webpage\",\"url\":\"https:\/\/comerciallin.com\/index.php\/producto\/portatil-hp-ci3-1125g4-4gb-m-2-250gb-14-dq2\/\",\"name\":\"PORTATIL HP CI3 1125G4 4GB | M.2 250GB 14-DQ2 - tienda de electr\\u00f3nica y computaci\\u00f3n\",\"isPartOf\":{\"@id\":\"https:\/\/comerciallin.com\/#website\"},\"primaryImageOfPage\":{\"@id\":\"https:\/\/comerciallin.com\/index.php\/producto\/portatil-hp-ci3-1125g4-4gb-m-2-250gb-14-dq2\/#primaryimage\"},\"datePublished\":\"2022-11-07T18:28:50+00:00\",\"dateModified\":\"2025-12-26T16:45:08+00:00\",\"breadcrumb\":{\"@id\":\"https:\/\/comerciallin.com\/index.php\/producto\/portatil-hp-ci3-1125g4-4gb-m-2-250gb-14-dq2\/#breadcrumb\"},\"inLanguage\":\"es\",\"potentialAction\":[{\"@type\":\"ReadAction\",\"target\":[\"https:\/\/comerciallin.com\/index.php\/producto\/portatil-hp-ci3-1125g4-4gb-m-2-250gb-14-dq2\/\"]}]},{\"@type\":\"BreadcrumbList\",\"@id\":\"https:\/\/comerciallin.com\/index.php\/producto\/portatil-hp-ci3-1125g4-4gb-m-2-250gb-14-dq2\/#breadcrumb\",\"itemListElement\":[{\"@type\":\"ListItem\",\"position\":1,\"name\":\"Inicio\",\"item\":\"https:\/\/comerciallin.com\/\"},{\"@type\":\"ListItem\",\"position\":2,\"name\":\"Shop\",\"item\":\"https:\/\/comerciallin.com\/?page_id=3853\"},{\"@type\":\"ListItem\",\"position\":3,\"name\":\"PORTATIL HP CI3 1125G4 4GB | M.2 250GB 14-DQ2\"}]}]}<\/script>\n<meta property=\"product:price:amount\" content=\"494.50\" \/>\n<meta property=\"product:price:currency\" content=\"USD\" \/>\n<meta property=\"og:availability\" content=\"instock\" \/>\n<meta property=\"product:availability\" content=\"instock\" \/>\n<meta property=\"product:retailer_item_id\" content=\"54030120110\" \/>\n<meta property=\"product:condition\" content=\"new\" \/>\n<!-- \/ Yoast SEO Premium plugin. -->","yoast_head_json":{"title":"PORTATIL HP CI3 1125G4 4GB | M.2 250GB 14-DQ2 - tienda de electr\u00f3nica y computaci\u00f3n","robots":{"index":"index","follow":"follow","max-snippet":"max-snippet:-1","max-image-preview":"max-image-preview:large","max-video-preview":"max-video-preview:-1"},"canonical":"https:\/\/comerciallin.com\/index.php\/producto\/portatil-hp-ci3-1125g4-4gb-m-2-250gb-14-dq2\/","og_locale":"es_ES","og_type":"article","og_title":"PORTATIL HP CI3 1125G4 4GB | M.2 250GB 14-DQ2","og_description":"Marca:&nbsp;HPModelo: 14-DY0003LAProcesador: Intel&reg; Core&trade; i3-1125G4 | 11.&ordf; generaci&oacute;nMemoria RAM:&nbsp;4GB DDR4Almacenamiento: SSD 250 GB M.2Pantalla: 14.0&Prime; FHDGarant&iacute;a: 1 A&ntilde;oAceptamos todas las tarjetas de cr&eacute;ditoRealizamos env&iacute;os a todo el pa&iacute;s","og_url":"https:\/\/comerciallin.com\/index.php\/producto\/portatil-hp-ci3-1125g4-4gb-m-2-250gb-14-dq2\/","og_site_name":"tienda de electr\u00f3nica y computaci\u00f3n","article_modified_time":"2025-12-26T16:45:08+00:00","twitter_card":"summary_large_image","twitter_image":"https:\/\/i0.wp.com\/comerciallin.com\/wp-content\/uploads\/2023\/02\/054030120110.jpg?fit=%2C&ssl=1","twitter_misc":{"Precio":"&#36;494,50","Availability":"In stock"},"schema":{"@context":"https:\/\/schema.org","@graph":[{"@type":"WebSite","@id":"https:\/\/comerciallin.com\/#website","url":"https:\/\/comerciallin.com\/","name":"tienda de electr\u00f3nica y computaci\u00f3n","description":"Importadora de Electr\u00f3nica y Computaci\u00f3n","potentialAction":[{"@type":"SearchAction","target":{"@type":"EntryPoint","urlTemplate":"https:\/\/comerciallin.com\/?s={search_term_string}"},"query-input":"required name=search_term_string"}],"inLanguage":"es"},{"@type":"ImageObject","@id":"https:\/\/comerciallin.com\/index.php\/producto\/portatil-hp-ci3-1125g4-4gb-m-2-250gb-14-dq2\/#primaryimage","inLanguage":"es","url":"https:\/\/i0.wp.com\/comerciallin.com\/wp-content\/uploads\/2023\/02\/054030120110.jpg?fit=%2C&ssl=1","contentUrl":"https:\/\/i0.wp.com\/comerciallin.com\/wp-content\/uploads\/2023\/02\/054030120110.jpg?fit=%2C&ssl=1","caption":"PORTATIL HP CI3 1125G4 4GB | M.2 250GB 14-DQ2"},{"@type":"WebPage","@id":"https:\/\/comerciallin.com\/index.php\/producto\/portatil-hp-ci3-1125g4-4gb-m-2-250gb-14-dq2\/#webpage","url":"https:\/\/comerciallin.com\/index.php\/producto\/portatil-hp-ci3-1125g4-4gb-m-2-250gb-14-dq2\/","name":"PORTATIL HP CI3 1125G4 4GB | M.2 250GB 14-DQ2 - tienda de electr\u00f3nica y computaci\u00f3n","isPartOf":{"@id":"https:\/\/comerciallin.com\/#website"},"primaryImageOfPage":{"@id":"https:\/\/comerciallin.com\/index.php\/producto\/portatil-hp-ci3-1125g4-4gb-m-2-250gb-14-dq2\/#primaryimage"},"datePublished":"2022-11-07T18:28:50+00:00","dateModified":"2025-12-26T16:45:08+00:00","breadcrumb":{"@id":"https:\/\/comerciallin.com\/index.php\/producto\/portatil-hp-ci3-1125g4-4gb-m-2-250gb-14-dq2\/#breadcrumb"},"inLanguage":"es","potentialAction":[{"@type":"ReadAction","target":["https:\/\/comerciallin.com\/index.php\/producto\/portatil-hp-ci3-1125g4-4gb-m-2-250gb-14-dq2\/"]}]},{"@type":"BreadcrumbList","@id":"https:\/\/comerciallin.com\/index.php\/producto\/portatil-hp-ci3-1125g4-4gb-m-2-250gb-14-dq2\/#breadcrumb","itemListElement":[{"@type":"ListItem","position":1,"name":"Inicio","item":"https:\/\/comerciallin.com\/"},{"@type":"ListItem","position":2,"name":"Shop","item":"https:\/\/comerciallin.com\/?page_id=3853"},{"@type":"ListItem","position":3,"name":"PORTATIL HP CI3 1125G4 4GB | M.2 250GB 14-DQ2"}]}]},"product_price_amount":"494.50","product_price_currency":"USD","og_availability":"instock","product_availability":"instock","product_retailer_item_id":"54030120110","product_condition":"new"},"jetpack-related-posts":[{"id":19359,"url":"https:\/\/comerciallin.com\/index.php\/producto\/portatil-hp-240-cel-n4020-g8-4gb-1tb-ddr4-240\/","url_meta":{"origin":19371,"position":0},"title":"PORTATIL HP 240 CEL N4020 G8 4GB 1TB DDR4 240","date":"7 de noviembre de 2022","format":false,"excerpt":"HP NOTEBOOK CELERON 240 G8 Marca: HP Memoria: 4GB Almacenamiento: 240Gb Pantalla: 14\"","rel":"","context":"Entrada similar","img":{"alt_text":"","src":"","width":0,"height":0},"classes":[]},{"id":21021,"url":"https:\/\/comerciallin.com\/index.php\/producto\/pc-intel-core-i3-10100-3-6ghz-2\/","url_meta":{"origin":19371,"position":1},"title":"Pc Intel Core\u00ae I3-10100 3.6GHZ","date":"1 de diciembre de 2022","format":false,"excerpt":"Procesador: Intel Core\u00ae I3-10100 3.6GHZ\u00a0| D\u00e9cima Generaci\u00f3n Gr\u00e1ficos:\u00a0UHD\u00a0Intel\u00ae 630 Motherboard:\u00a0Gigabyte\u00a0H510M H RAM:8GB\u00a0DDR4 2400MHz Almacenamiento: SSD\u00a0480GB GIGABYTE Teclado \/ Mouse \/ Parlantes Garantia de 1 a\u00f1o en todos los componenetes","rel":"","context":"Entrada similar","img":{"alt_text":"Pc Intel Core\u00ae I3-10100 3.6GHZ","src":"https:\/\/i0.wp.com\/comerciallin.com\/wp-content\/uploads\/2022\/12\/corei3480gb8gb.jpg?fit=992%2C744&ssl=1&resize=350%2C200","width":350,"height":200},"classes":[]},{"id":21011,"url":"https:\/\/comerciallin.com\/index.php\/producto\/pc-intel-core-i3-10100-3-6ghz\/","url_meta":{"origin":19371,"position":2},"title":"Pc Intel Core\u00ae I3-10100 3.6GHZ","date":"1 de diciembre de 2022","format":false,"excerpt":"Procesador: Intel Core\u00ae I3-10100 3.6GHZ\u00a0| D\u00e9cima Generaci\u00f3n Gr\u00e1ficos:\u00a0UHD\u00a0Intel\u00ae 630 Motherboard:\u00a0Gigabyte\u00a0H510M H RAM:8GB\u00a0DDR4 2400MHz Almacenamiento: SSD\u00a0240GB GIGABYTE Teclado \/ Mouse \/ Parlantes Garantia de 1 a\u00f1o en todos los componenetes","rel":"","context":"Entrada similar","img":{"alt_text":"Pc Intel Core\u00ae I3-10100 3.6GHZ","src":"https:\/\/i0.wp.com\/comerciallin.com\/wp-content\/uploads\/2022\/12\/corei3240gb8gb.jpg?fit=992%2C744&ssl=1&resize=350%2C200","width":350,"height":200},"classes":[]},{"id":21031,"url":"https:\/\/comerciallin.com\/index.php\/producto\/pc-intel-core-i3-10100-3-6ghz-3\/","url_meta":{"origin":19371,"position":3},"title":"Pc Intel Core\u00ae I3-10100 3.6GHZ","date":"1 de diciembre de 2022","format":false,"excerpt":"Procesador: Intel Core\u00ae I3-10100 3.6GHZ\u00a0| D\u00e9cima Generaci\u00f3n Gr\u00e1ficos:\u00a0UHD\u00a0Intel\u00ae 630 Motherboard:\u00a0Gigabyte\u00a0H510M H RAM:8GB\u00a0DDR4 2400MHz Almacenamiento: SSD\u00a0960GB KINGSTONG Teclado \/ Mouse \/ Parlantes Garantia de 1 a\u00f1o en todos los componenetes","rel":"","context":"Entrada similar","img":{"alt_text":"Pc Intel Core\u00ae I3-10100 3.6GHZ","src":"https:\/\/i0.wp.com\/comerciallin.com\/wp-content\/uploads\/2022\/12\/corei3960gb8gb.jpg?fit=992%2C744&ssl=1&resize=350%2C200","width":350,"height":200},"classes":[]},{"id":21023,"url":"https:\/\/comerciallin.com\/index.php\/producto\/pc-intel-core-i5-10400-2-9ghz-2\/","url_meta":{"origin":19371,"position":4},"title":"Pc Intel Core\u00ae I5-10400 2.9GHZ","date":"1 de diciembre de 2022","format":false,"excerpt":"Procesador: Intel Core\u00ae I5-10400 2.9GHZ\u00a0| D\u00e9cima Generaci\u00f3n Gr\u00e1ficos:\u00a0UHD\u00a0Intel\u00ae 630 Motherboard:\u00a0Gigabyte\u00a0H510M H RAM:8GB\u00a0DDR4 2400MHz Almacenamiento: SSD\u00a0480GB GIGABYTE Teclado \/ Mouse \/ Parlantes Garantia de 1 a\u00f1o en todos los componenetes","rel":"","context":"Entrada similar","img":{"alt_text":"Pc Intel Core\u00ae I5-10400 2.9GHZ","src":"https:\/\/i0.wp.com\/comerciallin.com\/wp-content\/uploads\/2022\/12\/corei5480gb8gb.jpg?fit=992%2C744&ssl=1&resize=350%2C200","width":350,"height":200},"classes":[]},{"id":21025,"url":"https:\/\/comerciallin.com\/index.php\/producto\/pc-intel-core-i5-11600-3-9ghz-2\/","url_meta":{"origin":19371,"position":5},"title":"Pc Intel Core\u00ae I5-11600 3.9GHZ","date":"1 de diciembre de 2022","format":false,"excerpt":"Procesador: Intel Core\u00ae I5-11600 3.9GHZ | 11va. Generaci\u00f3n Gr\u00e1ficos:\u00a0UHD\u00a0Intel\u00ae 630 Motherboard:\u00a0Gigabyte\u00a0H510M H RAM:8GB\u00a0DDR4 2400MHz Almacenamiento: SSD\u00a0480GB GIGABYTE Teclado \/ Mouse \/ Parlantes Garantia de 1 a\u00f1o en todos los componenetes","rel":"","context":"Entrada similar","img":{"alt_text":"Pc Intel Core\u00ae I5-11600 3.9GHZ","src":"https:\/\/i0.wp.com\/comerciallin.com\/wp-content\/uploads\/2022\/12\/corei511va480gb8gb.jpg?fit=992%2C744&ssl=1&resize=350%2C200","width":350,"height":200},"classes":[]}],"jetpack_sharing_enabled":true,"jetpack_likes_enabled":true,"_links":{"self":[{"href":"https:\/\/comerciallin.com\/index.php\/wp-json\/wp\/v2\/product\/19371"}],"collection":[{"href":"https:\/\/comerciallin.com\/index.php\/wp-json\/wp\/v2\/product"}],"about":[{"href":"https:\/\/comerciallin.com\/index.php\/wp-json\/wp\/v2\/types\/product"}],"replies":[{"embeddable":true,"href":"https:\/\/comerciallin.com\/index.php\/wp-json\/wp\/v2\/comments?post=19371"}],"wp:featuredmedia":[{"embeddable":true,"href":"https:\/\/comerciallin.com\/index.php\/wp-json\/wp\/v2\/media\/21989"}],"wp:attachment":[{"href":"https:\/\/comerciallin.com\/index.php\/wp-json\/wp\/v2\/media?parent=19371"}],"wp:term":[{"taxonomy":"product_cat","embeddable":true,"href":"https:\/\/comerciallin.com\/index.php\/wp-json\/wp\/v2\/product_cat?post=19371"},{"taxonomy":"product_tag","embeddable":true,"href":"https:\/\/comerciallin.com\/index.php\/wp-json\/wp\/v2\/product_tag?post=19371"}],"curies":[{"name":"wp","href":"https:\/\/api.w.org\/{rel}","templated":true}]}}