{"id":19369,"date":"2022-11-07T13:28:50","date_gmt":"2022-11-07T18:28:50","guid":{"rendered":"https:\/\/comerciallin.com\/index.php\/producto\/impresora-epson-matricial-fx-890ii-9pin-80col\/"},"modified":"2025-08-08T06:42:00","modified_gmt":"2025-08-08T11:42:00","slug":"impresora-epson-matricial-fx-890ii-9pin-80col","status":"publish","type":"product","link":"https:\/\/comerciallin.com\/index.php\/producto\/impresora-epson-matricial-fx-890ii-9pin-80col\/","title":{"rendered":"IMPRESORA EPSON MATRICIAL FX-890II 9PIN 80COL"},"content":{"rendered":"<h3 style=\"font-weight: 500;\"><strong>Caracter&iacute;sticas ecol&oacute;gicas<\/strong><\/h3>\n<ul>\n<li><span><\/span>Cumple las normas RoHS<\/li>\n<li><span><\/span>Producto reciclable<sup>4<\/sup><\/li>\n<li><span><\/span>Epson est&aacute; asociada al programa de transporte de SmartWay&reg;<sup>5<\/sup><\/li>\n<\/ul>\n<h4 style=\"font-weight: 600;\"><strong>Que Hay En La Caja:<\/strong><\/h4>\n<ul>\n<li>Impresora matricial Epson FX-890II N<\/li>\n<li>Driver de la impresora<\/li>\n<li>Gu&iacute;a de instalaci&oacute;n r&aacute;pida<\/li>\n<li>Cable de poder<\/li>\n<\/ul>\n","protected":false},"excerpt":{"rendered":"<p>Gran desempe&ntilde;o<br \/>El cabezal de impresi&oacute;n tiene vida &uacute;til de hasta 400 millones de caracteres Conectividad vers&aacute;til<\/p>\n<ul>\n<li>Fiabilidad extrema<\/li>\n<li>Bajo costo de propiedad<\/li>\n<li>Potente productividad<\/li>\n<\/ul>\n","protected":false},"featured_media":21914,"comment_status":"open","ping_status":"closed","template":"","meta":{"spay_email":""},"product_cat":[813],"product_tag":[],"supplier_id":null,"supplier_sku":"","barcode":null,"atum_controlled":true,"out_stock_date":null,"out_stock_threshold":null,"inheritable":false,"inbound_stock":0,"stock_on_hold":0,"sold_today":0,"sales_last_days":0,"reserved_stock":0,"customer_returns":0,"warehouse_damage":0,"lost_in_post":0,"other_logs":0,"out_stock_days":0,"lost_sales":0,"has_location":false,"update_date":"2026-04-10T23:45:23","atum_locations":[],"atum_stock_status":"instock","restock_status":false,"low_stock_amount":"","sales_update_date":"2026-04-10T23:45:23","calc_backorders":null,"acf":[],"yoast_head":"<!-- This site is optimized with the Yoast SEO Premium plugin v17.4 (Yoast SEO v17.4) - https:\/\/yoast.com\/wordpress\/plugins\/seo\/ -->\n<title>IMPRESORA EPSON MATRICIAL FX-890II 9PIN 80COL - tienda de electr\u00f3nica y computaci\u00f3n<\/title>\n<meta name=\"robots\" content=\"index, follow, max-snippet:-1, max-image-preview:large, max-video-preview:-1\" \/>\n<link rel=\"canonical\" href=\"https:\/\/comerciallin.com\/index.php\/producto\/impresora-epson-matricial-fx-890ii-9pin-80col\/\" \/>\n<meta property=\"og:locale\" content=\"es_ES\" \/>\n<meta property=\"og:type\" content=\"article\" \/>\n<meta property=\"og:title\" content=\"IMPRESORA EPSON MATRICIAL FX-890II 9PIN 80COL\" \/>\n<meta property=\"og:description\" content=\"Gran desempe&ntilde;oEl cabezal de impresi&oacute;n tiene vida &uacute;til de hasta 400 millones de caracteres Conectividad vers&aacute;til  Fiabilidad extrema Bajo costo de propiedad Potente productividad\" \/>\n<meta property=\"og:url\" content=\"https:\/\/comerciallin.com\/index.php\/producto\/impresora-epson-matricial-fx-890ii-9pin-80col\/\" \/>\n<meta property=\"og:site_name\" content=\"tienda de electr\u00f3nica y computaci\u00f3n\" \/>\n<meta property=\"article:modified_time\" content=\"2025-08-08T11:42:00+00:00\" \/>\n<meta name=\"twitter:card\" content=\"summary_large_image\" \/>\n<meta name=\"twitter:image\" content=\"https:\/\/i0.wp.com\/comerciallin.com\/wp-content\/uploads\/2023\/02\/054030210401.jpg?fit=%2C&amp;ssl=1\" \/>\n<meta name=\"twitter:label1\" content=\"Precio\" \/>\n\t<meta name=\"twitter:data1\" content=\"&#36;480,70\" \/>\n\t<meta name=\"twitter:label2\" content=\"Availability\" \/>\n\t<meta name=\"twitter:data2\" content=\"In stock\" \/>\n<script type=\"application\/ld+json\" class=\"yoast-schema-graph\">{\"@context\":\"https:\/\/schema.org\",\"@graph\":[{\"@type\":\"WebSite\",\"@id\":\"https:\/\/comerciallin.com\/#website\",\"url\":\"https:\/\/comerciallin.com\/\",\"name\":\"tienda de electr\\u00f3nica y computaci\\u00f3n\",\"description\":\"Importadora de Electr\\u00f3nica y Computaci\\u00f3n\",\"potentialAction\":[{\"@type\":\"SearchAction\",\"target\":{\"@type\":\"EntryPoint\",\"urlTemplate\":\"https:\/\/comerciallin.com\/?s={search_term_string}\"},\"query-input\":\"required name=search_term_string\"}],\"inLanguage\":\"es\"},{\"@type\":\"ImageObject\",\"@id\":\"https:\/\/comerciallin.com\/index.php\/producto\/impresora-epson-matricial-fx-890ii-9pin-80col\/#primaryimage\",\"inLanguage\":\"es\",\"url\":\"https:\/\/i0.wp.com\/comerciallin.com\/wp-content\/uploads\/2023\/02\/054030210401.jpg?fit=%2C&ssl=1\",\"contentUrl\":\"https:\/\/i0.wp.com\/comerciallin.com\/wp-content\/uploads\/2023\/02\/054030210401.jpg?fit=%2C&ssl=1\",\"caption\":\"IMPRESORA EPSON MATRICIAL FX-890II 9PIN 80COL\"},{\"@type\":\"WebPage\",\"@id\":\"https:\/\/comerciallin.com\/index.php\/producto\/impresora-epson-matricial-fx-890ii-9pin-80col\/#webpage\",\"url\":\"https:\/\/comerciallin.com\/index.php\/producto\/impresora-epson-matricial-fx-890ii-9pin-80col\/\",\"name\":\"IMPRESORA EPSON MATRICIAL FX-890II 9PIN 80COL - tienda de electr\\u00f3nica y computaci\\u00f3n\",\"isPartOf\":{\"@id\":\"https:\/\/comerciallin.com\/#website\"},\"primaryImageOfPage\":{\"@id\":\"https:\/\/comerciallin.com\/index.php\/producto\/impresora-epson-matricial-fx-890ii-9pin-80col\/#primaryimage\"},\"datePublished\":\"2022-11-07T18:28:50+00:00\",\"dateModified\":\"2025-08-08T11:42:00+00:00\",\"breadcrumb\":{\"@id\":\"https:\/\/comerciallin.com\/index.php\/producto\/impresora-epson-matricial-fx-890ii-9pin-80col\/#breadcrumb\"},\"inLanguage\":\"es\",\"potentialAction\":[{\"@type\":\"ReadAction\",\"target\":[\"https:\/\/comerciallin.com\/index.php\/producto\/impresora-epson-matricial-fx-890ii-9pin-80col\/\"]}]},{\"@type\":\"BreadcrumbList\",\"@id\":\"https:\/\/comerciallin.com\/index.php\/producto\/impresora-epson-matricial-fx-890ii-9pin-80col\/#breadcrumb\",\"itemListElement\":[{\"@type\":\"ListItem\",\"position\":1,\"name\":\"Inicio\",\"item\":\"https:\/\/comerciallin.com\/\"},{\"@type\":\"ListItem\",\"position\":2,\"name\":\"Shop\",\"item\":\"https:\/\/comerciallin.com\/?page_id=3853\"},{\"@type\":\"ListItem\",\"position\":3,\"name\":\"IMPRESORA EPSON MATRICIAL FX-890II 9PIN 80COL\"}]}]}<\/script>\n<meta property=\"product:price:amount\" content=\"480.70\" \/>\n<meta property=\"product:price:currency\" content=\"USD\" \/>\n<meta property=\"og:availability\" content=\"instock\" \/>\n<meta property=\"product:availability\" content=\"instock\" \/>\n<meta property=\"product:retailer_item_id\" content=\"54030210401\" \/>\n<meta property=\"product:condition\" content=\"new\" \/>\n<!-- \/ Yoast SEO Premium plugin. -->","yoast_head_json":{"title":"IMPRESORA EPSON MATRICIAL FX-890II 9PIN 80COL - tienda de electr\u00f3nica y computaci\u00f3n","robots":{"index":"index","follow":"follow","max-snippet":"max-snippet:-1","max-image-preview":"max-image-preview:large","max-video-preview":"max-video-preview:-1"},"canonical":"https:\/\/comerciallin.com\/index.php\/producto\/impresora-epson-matricial-fx-890ii-9pin-80col\/","og_locale":"es_ES","og_type":"article","og_title":"IMPRESORA EPSON MATRICIAL FX-890II 9PIN 80COL","og_description":"Gran desempe&ntilde;oEl cabezal de impresi&oacute;n tiene vida &uacute;til de hasta 400 millones de caracteres Conectividad vers&aacute;til  Fiabilidad extrema Bajo costo de propiedad Potente productividad","og_url":"https:\/\/comerciallin.com\/index.php\/producto\/impresora-epson-matricial-fx-890ii-9pin-80col\/","og_site_name":"tienda de electr\u00f3nica y computaci\u00f3n","article_modified_time":"2025-08-08T11:42:00+00:00","twitter_card":"summary_large_image","twitter_image":"https:\/\/i0.wp.com\/comerciallin.com\/wp-content\/uploads\/2023\/02\/054030210401.jpg?fit=%2C&ssl=1","twitter_misc":{"Precio":"&#36;480,70","Availability":"In stock"},"schema":{"@context":"https:\/\/schema.org","@graph":[{"@type":"WebSite","@id":"https:\/\/comerciallin.com\/#website","url":"https:\/\/comerciallin.com\/","name":"tienda de electr\u00f3nica y computaci\u00f3n","description":"Importadora de Electr\u00f3nica y Computaci\u00f3n","potentialAction":[{"@type":"SearchAction","target":{"@type":"EntryPoint","urlTemplate":"https:\/\/comerciallin.com\/?s={search_term_string}"},"query-input":"required name=search_term_string"}],"inLanguage":"es"},{"@type":"ImageObject","@id":"https:\/\/comerciallin.com\/index.php\/producto\/impresora-epson-matricial-fx-890ii-9pin-80col\/#primaryimage","inLanguage":"es","url":"https:\/\/i0.wp.com\/comerciallin.com\/wp-content\/uploads\/2023\/02\/054030210401.jpg?fit=%2C&ssl=1","contentUrl":"https:\/\/i0.wp.com\/comerciallin.com\/wp-content\/uploads\/2023\/02\/054030210401.jpg?fit=%2C&ssl=1","caption":"IMPRESORA EPSON MATRICIAL FX-890II 9PIN 80COL"},{"@type":"WebPage","@id":"https:\/\/comerciallin.com\/index.php\/producto\/impresora-epson-matricial-fx-890ii-9pin-80col\/#webpage","url":"https:\/\/comerciallin.com\/index.php\/producto\/impresora-epson-matricial-fx-890ii-9pin-80col\/","name":"IMPRESORA EPSON MATRICIAL FX-890II 9PIN 80COL - tienda de electr\u00f3nica y computaci\u00f3n","isPartOf":{"@id":"https:\/\/comerciallin.com\/#website"},"primaryImageOfPage":{"@id":"https:\/\/comerciallin.com\/index.php\/producto\/impresora-epson-matricial-fx-890ii-9pin-80col\/#primaryimage"},"datePublished":"2022-11-07T18:28:50+00:00","dateModified":"2025-08-08T11:42:00+00:00","breadcrumb":{"@id":"https:\/\/comerciallin.com\/index.php\/producto\/impresora-epson-matricial-fx-890ii-9pin-80col\/#breadcrumb"},"inLanguage":"es","potentialAction":[{"@type":"ReadAction","target":["https:\/\/comerciallin.com\/index.php\/producto\/impresora-epson-matricial-fx-890ii-9pin-80col\/"]}]},{"@type":"BreadcrumbList","@id":"https:\/\/comerciallin.com\/index.php\/producto\/impresora-epson-matricial-fx-890ii-9pin-80col\/#breadcrumb","itemListElement":[{"@type":"ListItem","position":1,"name":"Inicio","item":"https:\/\/comerciallin.com\/"},{"@type":"ListItem","position":2,"name":"Shop","item":"https:\/\/comerciallin.com\/?page_id=3853"},{"@type":"ListItem","position":3,"name":"IMPRESORA EPSON MATRICIAL FX-890II 9PIN 80COL"}]}]},"product_price_amount":"480.70","product_price_currency":"USD","og_availability":"instock","product_availability":"instock","product_retailer_item_id":"54030210401","product_condition":"new"},"jetpack-related-posts":[{"id":21114,"url":"https:\/\/comerciallin.com\/index.php\/producto\/cinta-impresora-fx-890-s015329\/","url_meta":{"origin":19369,"position":0},"title":"CINTA IMPRESORA FX 890 S015329","date":"27 de enero de 2023","format":false,"excerpt":"Epson S015329 - Negro - cinta de tela para impresora - para FX 890, 89","rel":"","context":"Entrada similar","img":{"alt_text":"","src":"","width":0,"height":0},"classes":[]},{"id":22439,"url":"https:\/\/comerciallin.com\/index.php\/producto\/impresora-epson-matricial-lx-350-9pin-80col\/","url_meta":{"origin":19369,"position":1},"title":"IMPRESORA EPSON MATRICIAL LX-350 9PIN 80COL","date":"19 de abril de 2023","format":false,"excerpt":"Mayor confiabilidad Alta velocidad de impresi\u00f3n en diversos tama\u00f1os Nueva cinta original de mayor rendimiento Gran conectividad","rel":"","context":"Entrada similar","img":{"alt_text":"","src":"","width":0,"height":0},"classes":[]},{"id":24474,"url":"https:\/\/comerciallin.com\/index.php\/producto\/cinta-impresora-lx-350-black\/","url_meta":{"origin":19369,"position":2},"title":"CINTA IMPRESORA LX 350 BLACK","date":"3 de julio de 2023","format":false,"excerpt":"Cinta impresora Epson LX-350: Obt\u00e9n impresiones de calidad y duraderas con esta cinta de repuesto. Dise\u00f1ada espec\u00edficamente para la impresora Epson LX-350, esta cinta en color negro garantiza resultados claros y legibles en tus documentos impresos.","rel":"","context":"Entrada similar","img":{"alt_text":"","src":"","width":0,"height":0},"classes":[]},{"id":26039,"url":"https:\/\/comerciallin.com\/index.php\/producto\/tinta-epson-t504-l4150-4160-l6161-magenta\/","url_meta":{"origin":19369,"position":3},"title":"TINTA EPSON T504 L4150\/4160\/L6161\/MAGENTA","date":"26 de enero de 2024","format":false,"excerpt":"La tinta para impresora Epson 504 Magenta es una tinta de alta calidad que le dar\u00e1 a sus impresiones un color magenta vibrante.","rel":"","context":"Entrada similar","img":{"alt_text":"TINTA EPSON T504 L4150\/4160\/L6161\/MAGENTA","src":"https:\/\/i0.wp.com\/comerciallin.com\/wp-content\/uploads\/2024\/01\/405403010103-1.jpg?fit=1080%2C1080&ssl=1&resize=350%2C200","width":350,"height":200},"classes":[]},{"id":19351,"url":"https:\/\/comerciallin.com\/index.php\/producto\/impresora-multifuncion-epson-l3210\/","url_meta":{"origin":19369,"position":4},"title":"IMPRESORA MULTIFUNCION EPSON L3210","date":"7 de noviembre de 2022","format":false,"excerpt":"Impresora EcoTank L3210 Botellas de tinta de inicializaci\u00f3n Cable de corriente AC Cable USB CD con drivers (Windows) Documentaci\u00f3n y garant\u00eda","rel":"","context":"Entrada similar","img":{"alt_text":"","src":"","width":0,"height":0},"classes":[]}],"jetpack_sharing_enabled":true,"jetpack_likes_enabled":true,"_links":{"self":[{"href":"https:\/\/comerciallin.com\/index.php\/wp-json\/wp\/v2\/product\/19369"}],"collection":[{"href":"https:\/\/comerciallin.com\/index.php\/wp-json\/wp\/v2\/product"}],"about":[{"href":"https:\/\/comerciallin.com\/index.php\/wp-json\/wp\/v2\/types\/product"}],"replies":[{"embeddable":true,"href":"https:\/\/comerciallin.com\/index.php\/wp-json\/wp\/v2\/comments?post=19369"}],"wp:featuredmedia":[{"embeddable":true,"href":"https:\/\/comerciallin.com\/index.php\/wp-json\/wp\/v2\/media\/21914"}],"wp:attachment":[{"href":"https:\/\/comerciallin.com\/index.php\/wp-json\/wp\/v2\/media?parent=19369"}],"wp:term":[{"taxonomy":"product_cat","embeddable":true,"href":"https:\/\/comerciallin.com\/index.php\/wp-json\/wp\/v2\/product_cat?post=19369"},{"taxonomy":"product_tag","embeddable":true,"href":"https:\/\/comerciallin.com\/index.php\/wp-json\/wp\/v2\/product_tag?post=19369"}],"curies":[{"name":"wp","href":"https:\/\/api.w.org\/{rel}","templated":true}]}}