{"id":19365,"date":"2022-11-07T13:28:37","date_gmt":"2022-11-07T18:28:37","guid":{"rendered":"https:\/\/comerciallin.com\/index.php\/producto\/cpu-amd-ryzen-5-5600g-3-9ghz-graficos-radeon\/"},"modified":"2025-01-14T13:55:49","modified_gmt":"2025-01-14T18:55:49","slug":"cpu-amd-ryzen-5-5600g-3-9ghz-graficos-radeon","status":"publish","type":"product","link":"https:\/\/comerciallin.com\/index.php\/producto\/cpu-amd-ryzen-5-5600g-3-9ghz-graficos-radeon\/","title":{"rendered":"CPU AMD RYZEN 5 5600G 3.9GHZ GRAFICOS RADEON"},"content":{"rendered":"<table>\n<tbody>\n<tr>\n<th colspan=\"2\">Detalles t&eacute;cnicos<\/th>\n<\/tr>\n<tr>\n<td>Segmento de mercado<\/td>\n<td>Escritorio<\/td>\n<\/tr>\n<\/tbody>\n<\/table>\n<table>\n<tbody>\n<tr>\n<th colspan=\"2\">Memoria<\/th>\n<\/tr>\n<tr>\n<td>Tipos de memoria que admite el procesador<\/td>\n<td>DDR4-SDRAM<\/td>\n<\/tr>\n<tr>\n<td>Velocidad de reloj de memoria que admite el procesador<\/td>\n<td>3200 MHz<\/td>\n<\/tr>\n<tr>\n<td>Canales de memoria<\/td>\n<td>Dual-channel<\/td>\n<\/tr>\n<\/tbody>\n<\/table>\n<table>\n<tbody>\n<tr>\n<th colspan=\"2\">Control de energ&iacute;a<\/th>\n<\/tr>\n<tr>\n<td>TDP-down configurable<\/td>\n<td>45 W<\/td>\n<\/tr>\n<\/tbody>\n<\/table>\n<table>\n<tbody>\n<tr>\n<th colspan=\"2\">Procesador<\/th>\n<\/tr>\n<tr>\n<td>Fabricante de procesador<\/td>\n<td>AMD<\/td>\n<\/tr>\n<tr>\n<td>TDP-up configurable<\/td>\n<td>65 W<\/td>\n<\/tr>\n<tr>\n<td>Frecuencia del procesador turbo<\/td>\n<td>4.4 GHz<\/td>\n<\/tr>\n<tr>\n<td>Componente para<\/td>\n<td>PC<\/td>\n<\/tr>\n<tr>\n<td>Modo de procesador operativo<\/td>\n<td>32-bit, 64-bit<\/td>\n<\/tr>\n<tr>\n<td>Cach&eacute; del procesador<\/td>\n<td>16 MB<\/td>\n<\/tr>\n<tr>\n<td>Familia de procesador<\/td>\n<td>AMD Ryzen 5<\/td>\n<\/tr>\n<tr>\n<td>Modelo del procesador<\/td>\n<td>5600G<\/td>\n<\/tr>\n<tr>\n<td>Socket de procesador<\/td>\n<td>Socket AM4<\/td>\n<\/tr>\n<tr>\n<td>Caja<\/td>\n<td><img decoding=\"async\" src=\"https:\/\/i0.wp.com\/www.cyberpuerta.mx\/out\/cyberpuertaV5\/src\/img\/yes.png?w=1170&#038;ssl=1\" alt=\"Si\" data-recalc-dims=\"1\" \/><\/td>\n<\/tr>\n<tr>\n<td>Cooler included<\/td>\n<td><img decoding=\"async\" src=\"https:\/\/i0.wp.com\/www.cyberpuerta.mx\/out\/cyberpuertaV5\/src\/img\/yes.png?w=1170&#038;ssl=1\" alt=\"Si\" data-recalc-dims=\"1\" \/><\/td>\n<\/tr>\n<tr>\n<td>Tipo de cache en procesador<\/td>\n<td>L3<\/td>\n<\/tr>\n<tr>\n<td>Processor base frequency<\/td>\n<td>3.9 GHz<\/td>\n<\/tr>\n<tr>\n<td>N&uacute;mero de n&uacute;cleos de procesador<\/td>\n<td>6<\/td>\n<\/tr>\n<tr>\n<td>Litograf&iacute;a del procesador<\/td>\n<td>7 nm<\/td>\n<\/tr>\n<tr>\n<td>N&uacute;mero de filamentos de procesador<\/td>\n<td>12<\/td>\n<\/tr>\n<\/tbody>\n<\/table>\n<table>\n<tbody>\n<tr>\n<th colspan=\"2\">Gr&aacute;ficos<\/th>\n<\/tr>\n<tr>\n<td>Adaptador de gr&aacute;ficos discreto<\/td>\n<td><img decoding=\"async\" src=\"https:\/\/i0.wp.com\/www.cyberpuerta.mx\/out\/cyberpuertaV5\/src\/img\/no.png?w=1170&#038;ssl=1\" alt=\"No\" data-recalc-dims=\"1\" \/><\/td>\n<\/tr>\n<tr>\n<td>Frecuencia base de gr&aacute;ficos a bordo<\/td>\n<td>1900 MHz<\/td>\n<\/tr>\n<tr>\n<td>Modelo de gr&aacute;ficos en tarjeta<\/td>\n<td>AMD Radeon Graphics<\/td>\n<\/tr>\n<tr>\n<td>Modelo de adaptador de gr&aacute;ficos discretos<\/td>\n<td><img decoding=\"async\" src=\"https:\/\/i0.wp.com\/www.cyberpuerta.mx\/out\/cyberpuertaV5\/src\/img\/no.png?w=1170&#038;ssl=1\" alt=\"No\" data-recalc-dims=\"1\" \/><\/td>\n<\/tr>\n<tr>\n<td>Adaptador gr&aacute;fico en tablero<\/td>\n<td><img decoding=\"async\" src=\"https:\/\/i0.wp.com\/www.cyberpuerta.mx\/out\/cyberpuertaV5\/src\/img\/yes.png?w=1170&#038;ssl=1\" alt=\"Si\" data-recalc-dims=\"1\" \/><\/td>\n<\/tr>\n<\/tbody>\n<\/table>\n","protected":false},"excerpt":{"rendered":"<ul>\n<li>Familia de procesador:&nbsp;<span>AMD Ryzen 5<\/span><\/li>\n<li>Modelo del procesador:&nbsp;<span>5600G<\/span><\/li>\n<li>Socket de procesador:&nbsp;<span>Socket AM4<\/span><\/li>\n<li>N&uacute;mero de n&uacute;cleos:&nbsp;<span>6<\/span><\/li>\n<\/ul>\n","protected":false},"featured_media":21849,"comment_status":"open","ping_status":"closed","template":"","meta":{"spay_email":""},"product_cat":[814],"product_tag":[],"supplier_id":null,"supplier_sku":"","barcode":null,"atum_controlled":true,"out_stock_date":null,"out_stock_threshold":null,"inheritable":false,"inbound_stock":null,"stock_on_hold":0,"sold_today":0,"sales_last_days":0,"reserved_stock":null,"customer_returns":null,"warehouse_damage":null,"lost_in_post":null,"other_logs":null,"out_stock_days":0,"lost_sales":0,"has_location":null,"update_date":"2026-05-02T00:12:20","atum_locations":[],"atum_stock_status":"instock","restock_status":false,"low_stock_amount":"","sales_update_date":"2026-05-02T00:12:20","calc_backorders":null,"acf":[],"yoast_head":"<!-- This site is optimized with the Yoast SEO Premium plugin v17.4 (Yoast SEO v17.4) - https:\/\/yoast.com\/wordpress\/plugins\/seo\/ -->\n<title>CPU AMD RYZEN 5 5600G 3.9GHZ GRAFICOS RADEON - tienda de electr\u00f3nica y computaci\u00f3n<\/title>\n<meta name=\"robots\" content=\"index, follow, max-snippet:-1, max-image-preview:large, max-video-preview:-1\" \/>\n<link rel=\"canonical\" href=\"https:\/\/comerciallin.com\/index.php\/producto\/cpu-amd-ryzen-5-5600g-3-9ghz-graficos-radeon\/\" \/>\n<meta property=\"og:locale\" content=\"es_ES\" \/>\n<meta property=\"og:type\" content=\"article\" \/>\n<meta property=\"og:title\" content=\"CPU AMD RYZEN 5 5600G 3.9GHZ GRAFICOS RADEON\" \/>\n<meta property=\"og:description\" content=\"Familia de procesador:&nbsp;AMD Ryzen 5 Modelo del procesador:&nbsp;5600G Socket de procesador:&nbsp;Socket AM4 N&uacute;mero de n&uacute;cleos:&nbsp;6\" \/>\n<meta property=\"og:url\" content=\"https:\/\/comerciallin.com\/index.php\/producto\/cpu-amd-ryzen-5-5600g-3-9ghz-graficos-radeon\/\" \/>\n<meta property=\"og:site_name\" content=\"tienda de electr\u00f3nica y computaci\u00f3n\" \/>\n<meta property=\"article:modified_time\" content=\"2025-01-14T18:55:49+00:00\" \/>\n<meta name=\"twitter:card\" content=\"summary_large_image\" \/>\n<meta name=\"twitter:image\" content=\"https:\/\/i0.wp.com\/comerciallin.com\/wp-content\/uploads\/2023\/02\/060030120101.jpg?fit=%2C&amp;ssl=1\" \/>\n<meta name=\"twitter:label1\" content=\"Precio\" \/>\n\t<meta name=\"twitter:data1\" content=\"&#36;460,00\" \/>\n\t<meta name=\"twitter:label2\" content=\"Availability\" \/>\n\t<meta name=\"twitter:data2\" content=\"In stock\" \/>\n<script type=\"application\/ld+json\" class=\"yoast-schema-graph\">{\"@context\":\"https:\/\/schema.org\",\"@graph\":[{\"@type\":\"WebSite\",\"@id\":\"https:\/\/comerciallin.com\/#website\",\"url\":\"https:\/\/comerciallin.com\/\",\"name\":\"tienda de electr\\u00f3nica y computaci\\u00f3n\",\"description\":\"Importadora de Electr\\u00f3nica y Computaci\\u00f3n\",\"potentialAction\":[{\"@type\":\"SearchAction\",\"target\":{\"@type\":\"EntryPoint\",\"urlTemplate\":\"https:\/\/comerciallin.com\/?s={search_term_string}\"},\"query-input\":\"required name=search_term_string\"}],\"inLanguage\":\"es\"},{\"@type\":\"ImageObject\",\"@id\":\"https:\/\/comerciallin.com\/index.php\/producto\/cpu-amd-ryzen-5-5600g-3-9ghz-graficos-radeon\/#primaryimage\",\"inLanguage\":\"es\",\"url\":\"https:\/\/i0.wp.com\/comerciallin.com\/wp-content\/uploads\/2023\/02\/060030120101.jpg?fit=%2C&ssl=1\",\"contentUrl\":\"https:\/\/i0.wp.com\/comerciallin.com\/wp-content\/uploads\/2023\/02\/060030120101.jpg?fit=%2C&ssl=1\",\"caption\":\"CPU AMD RYZEN 5 5600G 3.9GHZ GRAFICOS RADEON\"},{\"@type\":\"WebPage\",\"@id\":\"https:\/\/comerciallin.com\/index.php\/producto\/cpu-amd-ryzen-5-5600g-3-9ghz-graficos-radeon\/#webpage\",\"url\":\"https:\/\/comerciallin.com\/index.php\/producto\/cpu-amd-ryzen-5-5600g-3-9ghz-graficos-radeon\/\",\"name\":\"CPU AMD RYZEN 5 5600G 3.9GHZ GRAFICOS RADEON - tienda de electr\\u00f3nica y computaci\\u00f3n\",\"isPartOf\":{\"@id\":\"https:\/\/comerciallin.com\/#website\"},\"primaryImageOfPage\":{\"@id\":\"https:\/\/comerciallin.com\/index.php\/producto\/cpu-amd-ryzen-5-5600g-3-9ghz-graficos-radeon\/#primaryimage\"},\"datePublished\":\"2022-11-07T18:28:37+00:00\",\"dateModified\":\"2025-01-14T18:55:49+00:00\",\"breadcrumb\":{\"@id\":\"https:\/\/comerciallin.com\/index.php\/producto\/cpu-amd-ryzen-5-5600g-3-9ghz-graficos-radeon\/#breadcrumb\"},\"inLanguage\":\"es\",\"potentialAction\":[{\"@type\":\"ReadAction\",\"target\":[\"https:\/\/comerciallin.com\/index.php\/producto\/cpu-amd-ryzen-5-5600g-3-9ghz-graficos-radeon\/\"]}]},{\"@type\":\"BreadcrumbList\",\"@id\":\"https:\/\/comerciallin.com\/index.php\/producto\/cpu-amd-ryzen-5-5600g-3-9ghz-graficos-radeon\/#breadcrumb\",\"itemListElement\":[{\"@type\":\"ListItem\",\"position\":1,\"name\":\"Inicio\",\"item\":\"https:\/\/comerciallin.com\/\"},{\"@type\":\"ListItem\",\"position\":2,\"name\":\"Shop\",\"item\":\"https:\/\/comerciallin.com\/?page_id=3853\"},{\"@type\":\"ListItem\",\"position\":3,\"name\":\"CPU AMD RYZEN 5 5600G 3.9GHZ GRAFICOS RADEON\"}]}]}<\/script>\n<meta property=\"product:price:amount\" content=\"460.00\" \/>\n<meta property=\"product:price:currency\" content=\"USD\" \/>\n<meta property=\"og:availability\" content=\"instock\" \/>\n<meta property=\"product:availability\" content=\"instock\" \/>\n<meta property=\"product:retailer_item_id\" content=\"60030120101\" \/>\n<meta property=\"product:condition\" content=\"new\" \/>\n<!-- \/ Yoast SEO Premium plugin. -->","yoast_head_json":{"title":"CPU AMD RYZEN 5 5600G 3.9GHZ GRAFICOS RADEON - tienda de electr\u00f3nica y computaci\u00f3n","robots":{"index":"index","follow":"follow","max-snippet":"max-snippet:-1","max-image-preview":"max-image-preview:large","max-video-preview":"max-video-preview:-1"},"canonical":"https:\/\/comerciallin.com\/index.php\/producto\/cpu-amd-ryzen-5-5600g-3-9ghz-graficos-radeon\/","og_locale":"es_ES","og_type":"article","og_title":"CPU AMD RYZEN 5 5600G 3.9GHZ GRAFICOS RADEON","og_description":"Familia de procesador:&nbsp;AMD Ryzen 5 Modelo del procesador:&nbsp;5600G Socket de procesador:&nbsp;Socket AM4 N&uacute;mero de n&uacute;cleos:&nbsp;6","og_url":"https:\/\/comerciallin.com\/index.php\/producto\/cpu-amd-ryzen-5-5600g-3-9ghz-graficos-radeon\/","og_site_name":"tienda de electr\u00f3nica y computaci\u00f3n","article_modified_time":"2025-01-14T18:55:49+00:00","twitter_card":"summary_large_image","twitter_image":"https:\/\/i0.wp.com\/comerciallin.com\/wp-content\/uploads\/2023\/02\/060030120101.jpg?fit=%2C&ssl=1","twitter_misc":{"Precio":"&#36;460,00","Availability":"In stock"},"schema":{"@context":"https:\/\/schema.org","@graph":[{"@type":"WebSite","@id":"https:\/\/comerciallin.com\/#website","url":"https:\/\/comerciallin.com\/","name":"tienda de electr\u00f3nica y computaci\u00f3n","description":"Importadora de Electr\u00f3nica y Computaci\u00f3n","potentialAction":[{"@type":"SearchAction","target":{"@type":"EntryPoint","urlTemplate":"https:\/\/comerciallin.com\/?s={search_term_string}"},"query-input":"required name=search_term_string"}],"inLanguage":"es"},{"@type":"ImageObject","@id":"https:\/\/comerciallin.com\/index.php\/producto\/cpu-amd-ryzen-5-5600g-3-9ghz-graficos-radeon\/#primaryimage","inLanguage":"es","url":"https:\/\/i0.wp.com\/comerciallin.com\/wp-content\/uploads\/2023\/02\/060030120101.jpg?fit=%2C&ssl=1","contentUrl":"https:\/\/i0.wp.com\/comerciallin.com\/wp-content\/uploads\/2023\/02\/060030120101.jpg?fit=%2C&ssl=1","caption":"CPU AMD RYZEN 5 5600G 3.9GHZ GRAFICOS RADEON"},{"@type":"WebPage","@id":"https:\/\/comerciallin.com\/index.php\/producto\/cpu-amd-ryzen-5-5600g-3-9ghz-graficos-radeon\/#webpage","url":"https:\/\/comerciallin.com\/index.php\/producto\/cpu-amd-ryzen-5-5600g-3-9ghz-graficos-radeon\/","name":"CPU AMD RYZEN 5 5600G 3.9GHZ GRAFICOS RADEON - tienda de electr\u00f3nica y computaci\u00f3n","isPartOf":{"@id":"https:\/\/comerciallin.com\/#website"},"primaryImageOfPage":{"@id":"https:\/\/comerciallin.com\/index.php\/producto\/cpu-amd-ryzen-5-5600g-3-9ghz-graficos-radeon\/#primaryimage"},"datePublished":"2022-11-07T18:28:37+00:00","dateModified":"2025-01-14T18:55:49+00:00","breadcrumb":{"@id":"https:\/\/comerciallin.com\/index.php\/producto\/cpu-amd-ryzen-5-5600g-3-9ghz-graficos-radeon\/#breadcrumb"},"inLanguage":"es","potentialAction":[{"@type":"ReadAction","target":["https:\/\/comerciallin.com\/index.php\/producto\/cpu-amd-ryzen-5-5600g-3-9ghz-graficos-radeon\/"]}]},{"@type":"BreadcrumbList","@id":"https:\/\/comerciallin.com\/index.php\/producto\/cpu-amd-ryzen-5-5600g-3-9ghz-graficos-radeon\/#breadcrumb","itemListElement":[{"@type":"ListItem","position":1,"name":"Inicio","item":"https:\/\/comerciallin.com\/"},{"@type":"ListItem","position":2,"name":"Shop","item":"https:\/\/comerciallin.com\/?page_id=3853"},{"@type":"ListItem","position":3,"name":"CPU AMD RYZEN 5 5600G 3.9GHZ GRAFICOS RADEON"}]}]},"product_price_amount":"460.00","product_price_currency":"USD","og_availability":"instock","product_availability":"instock","product_retailer_item_id":"60030120101","product_condition":"new"},"jetpack-related-posts":[{"id":19707,"url":"https:\/\/comerciallin.com\/index.php\/producto\/cpu-amd-ryzen-7-3700x-wraith-stealth-cooler-r\/","url_meta":{"origin":19365,"position":0},"title":"CPU AMD RYZEN 7 3700X WRAITH STEALTH COOLER R","date":"8 de noviembre de 2022","format":false,"excerpt":"AMD Ryzen\u2122 7 3700X Experiencia de Juego y Transmisiones en Tiempo Real Dominantes","rel":"","context":"Entrada similar","img":{"alt_text":"CPU AMD RYZEN 7 3700X WRAITH STEALTH COOLER R","src":"https:\/\/i0.wp.com\/comerciallin.com\/wp-content\/uploads\/2023\/02\/054030101105.jpg?fit=992%2C744&ssl=1&resize=350%2C200","width":350,"height":200},"classes":[]},{"id":19357,"url":"https:\/\/comerciallin.com\/index.php\/producto\/cpu-intel-core-i5-11600-3-9-ghz\/","url_meta":{"origin":19365,"position":1},"title":"CPU INTEL CORE I5-11600 3.9 GHZ","date":"7 de noviembre de 2022","format":false,"excerpt":"Intel Core I5-11600k 3.9ghz 6 Nucleos 12 Hilos","rel":"","context":"Entrada similar","img":{"alt_text":"","src":"","width":0,"height":0},"classes":[]},{"id":19347,"url":"https:\/\/comerciallin.com\/index.php\/producto\/t-madre-asus-tuf-gaming-b550m-plus-wifi\/","url_meta":{"origin":19365,"position":2},"title":"T.MADRE ASUS TUF GAMING B550M PLUS WIFI","date":"7 de noviembre de 2022","format":false,"excerpt":"ASUS TUF Gaming B550M-PLUS (WiFi 6) AMD AM4 (3rd Gen Ryzen\u2122) microATX Gaming Motherboard (PCIe 4.0, 2.5Gb LAN, BIOS Flashback, HDMI 2.1, USB 3.2 Gen 2, Addressable Gen 2 RGB Header and Aura Sync)","rel":"","context":"Entrada similar","img":{"alt_text":"","src":"","width":0,"height":0},"classes":[]},{"id":19275,"url":"https:\/\/comerciallin.com\/index.php\/producto\/t-madre-biostar-h310mhp-ddr4-sock1151\/","url_meta":{"origin":19365,"position":3},"title":"T. MADRE BIOSTAR H310MHP DDR4 SOCK1151","date":"7 de noviembre de 2022","format":false,"excerpt":"Compatible con procesadores Intel\u00ae Core\u2122 de 9.\u00aa y 8.\u00aa generaci\u00f3n Arquitectura de un solo chip Intel H310 Compatible con doble canal DDR4 2666\/2400\/2133\/1866 MHz Admite resoluci\u00f3n HDMI 4K Admite LAN GbE Soporte USB 3.2 Gen1","rel":"","context":"Entrada similar","img":{"alt_text":"","src":"","width":0,"height":0},"classes":[]},{"id":18885,"url":"https:\/\/comerciallin.com\/index.php\/producto\/discipador-cool-storm-intel-amd\/","url_meta":{"origin":19365,"position":4},"title":"DISCIPADOR COOL STORM INTEL\/AMD","date":"7 de noviembre de 2022","format":false,"excerpt":"VENTILADOR DE CPU SILENCIOSO DEL RADIADOR DE LA COMPUTADORA DE ESCRITORIO DE COOL STORM 12CM PARA INTEL AMD","rel":"","context":"Entrada similar","img":{"alt_text":"","src":"","width":0,"height":0},"classes":[]},{"id":19243,"url":"https:\/\/comerciallin.com\/index.php\/producto\/cpu-intel-celeron-g4000\/","url_meta":{"origin":19365,"position":5},"title":"CPU INTEL CELERON G4000","date":"7 de noviembre de 2022","format":false,"excerpt":"Los procesadores Intel Celeron est\u00e1n dise\u00f1ados para la inform\u00e1tica cotidiana. Simple y eficiente, se basan en una alta frecuencia nativa, 2 n\u00facleos f\u00edsicos y 2 n\u00facleos l\u00f3gicos, 2 MB de memoria cach\u00e9 L3 y un controlador gr\u00e1fico Intel UHD Graphics 610.","rel":"","context":"Entrada similar","img":{"alt_text":"","src":"","width":0,"height":0},"classes":[]}],"jetpack_sharing_enabled":true,"jetpack_likes_enabled":true,"_links":{"self":[{"href":"https:\/\/comerciallin.com\/index.php\/wp-json\/wp\/v2\/product\/19365"}],"collection":[{"href":"https:\/\/comerciallin.com\/index.php\/wp-json\/wp\/v2\/product"}],"about":[{"href":"https:\/\/comerciallin.com\/index.php\/wp-json\/wp\/v2\/types\/product"}],"replies":[{"embeddable":true,"href":"https:\/\/comerciallin.com\/index.php\/wp-json\/wp\/v2\/comments?post=19365"}],"wp:featuredmedia":[{"embeddable":true,"href":"https:\/\/comerciallin.com\/index.php\/wp-json\/wp\/v2\/media\/21849"}],"wp:attachment":[{"href":"https:\/\/comerciallin.com\/index.php\/wp-json\/wp\/v2\/media?parent=19365"}],"wp:term":[{"taxonomy":"product_cat","embeddable":true,"href":"https:\/\/comerciallin.com\/index.php\/wp-json\/wp\/v2\/product_cat?post=19365"},{"taxonomy":"product_tag","embeddable":true,"href":"https:\/\/comerciallin.com\/index.php\/wp-json\/wp\/v2\/product_tag?post=19365"}],"curies":[{"name":"wp","href":"https:\/\/api.w.org\/{rel}","templated":true}]}}