{"id":19351,"date":"2022-11-07T13:28:35","date_gmt":"2022-11-07T18:28:35","guid":{"rendered":"https:\/\/comerciallin.com\/index.php\/producto\/impresora-multifuncion-epson-l3210\/"},"modified":"2025-01-14T13:56:26","modified_gmt":"2025-01-14T18:56:26","slug":"impresora-multifuncion-epson-l3210","status":"publish","type":"product","link":"https:\/\/comerciallin.com\/index.php\/producto\/impresora-multifuncion-epson-l3210\/","title":{"rendered":"IMPRESORA MULTIFUNCION EPSON L3210"},"content":{"rendered":"<p>La Impresora multifuncional 3 en 1 Epson EcoTank L3210&nbsp; ofrece a las familias, estudiantes y profesionales un costo de impresi&oacute;n ultra bajo, que te permite imprimir hasta&nbsp; 4.500 p&aacute;ginas en negro o&nbsp; 7.500 p&aacute;ginas a color con cada juego de botellas de repuesto<sup>4<\/sup>. La L3210&nbsp; ofrece total confiabilidad gracias a la tecnolog&iacute;a Heat-Free de Epson, adem&aacute;s de una experiencia de recarga f&aacute;cil, limpia y sin errores con la tecnolog&iacute;a EcoFit<sup>TM<\/sup>, y un dise&ntilde;o de tanque frontal s&uacute;per compacto que ocupa poco espacio y permite&nbsp; verificar f&aacute;cilmente los niveles de tinta. Con una garant&iacute;a limitada y extendida hasta de 2 a&ntilde;os<sup>3<\/sup>, Epson lo respalda totalmente para que pueda imprimir sin cartuchos y sin preocupaciones.<\/p>\n<p><a href=\"https:\/\/epson.com.ec\/obtenga-mayor-informacion-impresoras-ecuador\">&iquest;Quiere que lo contactemos?<\/a><\/p>\n<ul>\n<li>Econ&oacute;mica<\/li>\n<li>Confiable<\/li>\n<li>Conveniente<\/li>\n<li><span class=\"key\">Modelo:<\/span>&nbsp;<span class=\"value\">C11CJ68301<\/span><\/li>\n<\/ul>\n","protected":false},"excerpt":{"rendered":"<ul>\n<li>Impresora EcoTank L3210<\/li>\n<li>Botellas de tinta de inicializaci&oacute;n<\/li>\n<li>Cable de corriente AC<\/li>\n<li>Cable USB<\/li>\n<li>CD con drivers (Windows)<\/li>\n<li>Documentaci&oacute;n y garant&iacute;a<\/li>\n<\/ul>\n","protected":false},"featured_media":21915,"comment_status":"open","ping_status":"closed","template":"","meta":{"spay_email":""},"product_cat":[813],"product_tag":[],"supplier_id":null,"supplier_sku":"","barcode":null,"atum_controlled":true,"out_stock_date":null,"out_stock_threshold":null,"inheritable":false,"inbound_stock":0,"stock_on_hold":0,"sold_today":0,"sales_last_days":0,"reserved_stock":0,"customer_returns":0,"warehouse_damage":0,"lost_in_post":0,"other_logs":0,"out_stock_days":0,"lost_sales":0,"has_location":false,"update_date":"2026-04-13T23:53:17","atum_locations":[],"atum_stock_status":"instock","restock_status":false,"low_stock_amount":"","sales_update_date":"2026-04-13T23:53:17","calc_backorders":null,"acf":[],"yoast_head":"<!-- This site is optimized with the Yoast SEO Premium plugin v17.4 (Yoast SEO v17.4) - https:\/\/yoast.com\/wordpress\/plugins\/seo\/ -->\n<title>IMPRESORA MULTIFUNCION EPSON L3210 - tienda de electr\u00f3nica y computaci\u00f3n<\/title>\n<meta name=\"robots\" content=\"index, follow, max-snippet:-1, max-image-preview:large, max-video-preview:-1\" \/>\n<link rel=\"canonical\" href=\"https:\/\/comerciallin.com\/index.php\/producto\/impresora-multifuncion-epson-l3210\/\" \/>\n<meta property=\"og:locale\" content=\"es_ES\" \/>\n<meta property=\"og:type\" content=\"article\" \/>\n<meta property=\"og:title\" content=\"IMPRESORA MULTIFUNCION EPSON L3210\" \/>\n<meta property=\"og:description\" content=\"Impresora EcoTank L3210 Botellas de tinta de inicializaci&oacute;n Cable de corriente AC Cable USB CD con drivers (Windows) Documentaci&oacute;n y garant&iacute;a\" \/>\n<meta property=\"og:url\" content=\"https:\/\/comerciallin.com\/index.php\/producto\/impresora-multifuncion-epson-l3210\/\" \/>\n<meta property=\"og:site_name\" content=\"tienda de electr\u00f3nica y computaci\u00f3n\" \/>\n<meta property=\"article:modified_time\" content=\"2025-01-14T18:56:26+00:00\" \/>\n<meta name=\"twitter:card\" content=\"summary_large_image\" \/>\n<meta name=\"twitter:image\" content=\"https:\/\/i0.wp.com\/comerciallin.com\/wp-content\/uploads\/2023\/02\/064030120316.jpg?fit=%2C&amp;ssl=1\" \/>\n<meta name=\"twitter:label1\" content=\"Precio\" \/>\n\t<meta name=\"twitter:data1\" content=\"&#36;186,91\" \/>\n\t<meta name=\"twitter:label2\" content=\"Availability\" \/>\n\t<meta name=\"twitter:data2\" content=\"In stock\" \/>\n<script type=\"application\/ld+json\" class=\"yoast-schema-graph\">{\"@context\":\"https:\/\/schema.org\",\"@graph\":[{\"@type\":\"WebSite\",\"@id\":\"https:\/\/comerciallin.com\/#website\",\"url\":\"https:\/\/comerciallin.com\/\",\"name\":\"tienda de electr\\u00f3nica y computaci\\u00f3n\",\"description\":\"Importadora de Electr\\u00f3nica y Computaci\\u00f3n\",\"potentialAction\":[{\"@type\":\"SearchAction\",\"target\":{\"@type\":\"EntryPoint\",\"urlTemplate\":\"https:\/\/comerciallin.com\/?s={search_term_string}\"},\"query-input\":\"required name=search_term_string\"}],\"inLanguage\":\"es\"},{\"@type\":\"ImageObject\",\"@id\":\"https:\/\/comerciallin.com\/index.php\/producto\/impresora-multifuncion-epson-l3210\/#primaryimage\",\"inLanguage\":\"es\",\"url\":\"https:\/\/i0.wp.com\/comerciallin.com\/wp-content\/uploads\/2023\/02\/064030120316.jpg?fit=%2C&ssl=1\",\"contentUrl\":\"https:\/\/i0.wp.com\/comerciallin.com\/wp-content\/uploads\/2023\/02\/064030120316.jpg?fit=%2C&ssl=1\",\"caption\":\"IMPRESORA MULTIFUNCION EPSON L3210\"},{\"@type\":\"WebPage\",\"@id\":\"https:\/\/comerciallin.com\/index.php\/producto\/impresora-multifuncion-epson-l3210\/#webpage\",\"url\":\"https:\/\/comerciallin.com\/index.php\/producto\/impresora-multifuncion-epson-l3210\/\",\"name\":\"IMPRESORA MULTIFUNCION EPSON L3210 - tienda de electr\\u00f3nica y computaci\\u00f3n\",\"isPartOf\":{\"@id\":\"https:\/\/comerciallin.com\/#website\"},\"primaryImageOfPage\":{\"@id\":\"https:\/\/comerciallin.com\/index.php\/producto\/impresora-multifuncion-epson-l3210\/#primaryimage\"},\"datePublished\":\"2022-11-07T18:28:35+00:00\",\"dateModified\":\"2025-01-14T18:56:26+00:00\",\"breadcrumb\":{\"@id\":\"https:\/\/comerciallin.com\/index.php\/producto\/impresora-multifuncion-epson-l3210\/#breadcrumb\"},\"inLanguage\":\"es\",\"potentialAction\":[{\"@type\":\"ReadAction\",\"target\":[\"https:\/\/comerciallin.com\/index.php\/producto\/impresora-multifuncion-epson-l3210\/\"]}]},{\"@type\":\"BreadcrumbList\",\"@id\":\"https:\/\/comerciallin.com\/index.php\/producto\/impresora-multifuncion-epson-l3210\/#breadcrumb\",\"itemListElement\":[{\"@type\":\"ListItem\",\"position\":1,\"name\":\"Inicio\",\"item\":\"https:\/\/comerciallin.com\/\"},{\"@type\":\"ListItem\",\"position\":2,\"name\":\"Shop\",\"item\":\"https:\/\/comerciallin.com\/?page_id=3853\"},{\"@type\":\"ListItem\",\"position\":3,\"name\":\"IMPRESORA MULTIFUNCION EPSON L3210\"}]}]}<\/script>\n<meta property=\"product:price:amount\" content=\"186.91\" \/>\n<meta property=\"product:price:currency\" content=\"USD\" \/>\n<meta property=\"og:availability\" content=\"instock\" \/>\n<meta property=\"product:availability\" content=\"instock\" \/>\n<meta property=\"product:retailer_item_id\" content=\"64030120316\" \/>\n<meta property=\"product:condition\" content=\"new\" \/>\n<!-- \/ Yoast SEO Premium plugin. -->","yoast_head_json":{"title":"IMPRESORA MULTIFUNCION EPSON L3210 - tienda de electr\u00f3nica y computaci\u00f3n","robots":{"index":"index","follow":"follow","max-snippet":"max-snippet:-1","max-image-preview":"max-image-preview:large","max-video-preview":"max-video-preview:-1"},"canonical":"https:\/\/comerciallin.com\/index.php\/producto\/impresora-multifuncion-epson-l3210\/","og_locale":"es_ES","og_type":"article","og_title":"IMPRESORA MULTIFUNCION EPSON L3210","og_description":"Impresora EcoTank L3210 Botellas de tinta de inicializaci&oacute;n Cable de corriente AC Cable USB CD con drivers (Windows) Documentaci&oacute;n y garant&iacute;a","og_url":"https:\/\/comerciallin.com\/index.php\/producto\/impresora-multifuncion-epson-l3210\/","og_site_name":"tienda de electr\u00f3nica y computaci\u00f3n","article_modified_time":"2025-01-14T18:56:26+00:00","twitter_card":"summary_large_image","twitter_image":"https:\/\/i0.wp.com\/comerciallin.com\/wp-content\/uploads\/2023\/02\/064030120316.jpg?fit=%2C&ssl=1","twitter_misc":{"Precio":"&#36;186,91","Availability":"In stock"},"schema":{"@context":"https:\/\/schema.org","@graph":[{"@type":"WebSite","@id":"https:\/\/comerciallin.com\/#website","url":"https:\/\/comerciallin.com\/","name":"tienda de electr\u00f3nica y computaci\u00f3n","description":"Importadora de Electr\u00f3nica y Computaci\u00f3n","potentialAction":[{"@type":"SearchAction","target":{"@type":"EntryPoint","urlTemplate":"https:\/\/comerciallin.com\/?s={search_term_string}"},"query-input":"required name=search_term_string"}],"inLanguage":"es"},{"@type":"ImageObject","@id":"https:\/\/comerciallin.com\/index.php\/producto\/impresora-multifuncion-epson-l3210\/#primaryimage","inLanguage":"es","url":"https:\/\/i0.wp.com\/comerciallin.com\/wp-content\/uploads\/2023\/02\/064030120316.jpg?fit=%2C&ssl=1","contentUrl":"https:\/\/i0.wp.com\/comerciallin.com\/wp-content\/uploads\/2023\/02\/064030120316.jpg?fit=%2C&ssl=1","caption":"IMPRESORA MULTIFUNCION EPSON L3210"},{"@type":"WebPage","@id":"https:\/\/comerciallin.com\/index.php\/producto\/impresora-multifuncion-epson-l3210\/#webpage","url":"https:\/\/comerciallin.com\/index.php\/producto\/impresora-multifuncion-epson-l3210\/","name":"IMPRESORA MULTIFUNCION EPSON L3210 - tienda de electr\u00f3nica y computaci\u00f3n","isPartOf":{"@id":"https:\/\/comerciallin.com\/#website"},"primaryImageOfPage":{"@id":"https:\/\/comerciallin.com\/index.php\/producto\/impresora-multifuncion-epson-l3210\/#primaryimage"},"datePublished":"2022-11-07T18:28:35+00:00","dateModified":"2025-01-14T18:56:26+00:00","breadcrumb":{"@id":"https:\/\/comerciallin.com\/index.php\/producto\/impresora-multifuncion-epson-l3210\/#breadcrumb"},"inLanguage":"es","potentialAction":[{"@type":"ReadAction","target":["https:\/\/comerciallin.com\/index.php\/producto\/impresora-multifuncion-epson-l3210\/"]}]},{"@type":"BreadcrumbList","@id":"https:\/\/comerciallin.com\/index.php\/producto\/impresora-multifuncion-epson-l3210\/#breadcrumb","itemListElement":[{"@type":"ListItem","position":1,"name":"Inicio","item":"https:\/\/comerciallin.com\/"},{"@type":"ListItem","position":2,"name":"Shop","item":"https:\/\/comerciallin.com\/?page_id=3853"},{"@type":"ListItem","position":3,"name":"IMPRESORA MULTIFUNCION EPSON L3210"}]}]},"product_price_amount":"186.91","product_price_currency":"USD","og_availability":"instock","product_availability":"instock","product_retailer_item_id":"64030120316","product_condition":"new"},"jetpack-related-posts":[{"id":25267,"url":"https:\/\/comerciallin.com\/index.php\/producto\/tinta-epson-t504420-yellow-l4150-l4160-l6161\/","url_meta":{"origin":19351,"position":0},"title":"TINTA EPSON T504420 YELLOW L4150-L4160-L6161","date":"28 de agosto de 2023","format":false,"excerpt":"La tinta Epson T504420 Yellow es una botella de tinta amarilla de alta calidad que es compatible con las impresoras Epson L4150, L4160 y L6161. Produce impresiones de alta calidad con colores vibrantes y duraderos.","rel":"","context":"Entrada similar","img":{"alt_text":"","src":"","width":0,"height":0},"classes":[]},{"id":26039,"url":"https:\/\/comerciallin.com\/index.php\/producto\/tinta-epson-t504-l4150-4160-l6161-magenta\/","url_meta":{"origin":19351,"position":1},"title":"TINTA EPSON T504 L4150\/4160\/L6161\/MAGENTA","date":"26 de enero de 2024","format":false,"excerpt":"La tinta para impresora Epson 504 Magenta es una tinta de alta calidad que le dar\u00e1 a sus impresiones un color magenta vibrante.","rel":"","context":"Entrada similar","img":{"alt_text":"TINTA EPSON T504 L4150\/4160\/L6161\/MAGENTA","src":"https:\/\/i0.wp.com\/comerciallin.com\/wp-content\/uploads\/2024\/01\/405403010103-1.jpg?fit=1080%2C1080&ssl=1&resize=350%2C200","width":350,"height":200},"classes":[]},{"id":18765,"url":"https:\/\/comerciallin.com\/index.php\/producto\/tinta-epson-664-ciss-bottles-l200-cyan-400\/","url_meta":{"origin":19351,"position":2},"title":"TINTA EPSON 664 CISS BOTTLES L200 CYAN 400","date":"7 de noviembre de 2022","format":false,"excerpt":"La tinta Epson 664 CISS Bottles L200 Cyan 400 es una botella de tinta cyan de alta capacidad que es compatible con la impresora Epson L200. Produce impresiones de alta calidad con colores vibrantes.","rel":"","context":"Entrada similar","img":{"alt_text":"","src":"","width":0,"height":0},"classes":[]},{"id":18795,"url":"https:\/\/comerciallin.com\/index.php\/producto\/tinta-epson-504-bottles-l4150-4160-yellow\/","url_meta":{"origin":19351,"position":3},"title":"TINTA EPSON 504 BOTTLES L4150\/4160 YELLOW","date":"7 de noviembre de 2022","format":false,"excerpt":"La tinta Epson 504 Yellow es una tinta de alta calidad dise\u00f1ada para la impresora Epson L4150 y L4160. Produce texto y gr\u00e1ficos vibrantes y resistentes a la decoloraci\u00f3n.","rel":"","context":"Entrada similar","img":{"alt_text":"","src":"","width":0,"height":0},"classes":[]}],"jetpack_sharing_enabled":true,"jetpack_likes_enabled":true,"_links":{"self":[{"href":"https:\/\/comerciallin.com\/index.php\/wp-json\/wp\/v2\/product\/19351"}],"collection":[{"href":"https:\/\/comerciallin.com\/index.php\/wp-json\/wp\/v2\/product"}],"about":[{"href":"https:\/\/comerciallin.com\/index.php\/wp-json\/wp\/v2\/types\/product"}],"replies":[{"embeddable":true,"href":"https:\/\/comerciallin.com\/index.php\/wp-json\/wp\/v2\/comments?post=19351"}],"wp:featuredmedia":[{"embeddable":true,"href":"https:\/\/comerciallin.com\/index.php\/wp-json\/wp\/v2\/media\/21915"}],"wp:attachment":[{"href":"https:\/\/comerciallin.com\/index.php\/wp-json\/wp\/v2\/media?parent=19351"}],"wp:term":[{"taxonomy":"product_cat","embeddable":true,"href":"https:\/\/comerciallin.com\/index.php\/wp-json\/wp\/v2\/product_cat?post=19351"},{"taxonomy":"product_tag","embeddable":true,"href":"https:\/\/comerciallin.com\/index.php\/wp-json\/wp\/v2\/product_tag?post=19351"}],"curies":[{"name":"wp","href":"https:\/\/api.w.org\/{rel}","templated":true}]}}