{"id":19301,"date":"2022-11-07T13:28:24","date_gmt":"2022-11-07T18:28:24","guid":{"rendered":"https:\/\/comerciallin.com\/index.php\/producto\/bateria-comp-dell-gjknx-e5480-5580\/"},"modified":"2025-01-14T13:54:27","modified_gmt":"2025-01-14T18:54:27","slug":"bateria-comp-dell-gjknx-e5480-5580","status":"publish","type":"product","link":"https:\/\/comerciallin.com\/index.php\/producto\/bateria-comp-dell-gjknx-e5480-5580\/","title":{"rendered":"BATERIA COMP DELL GJKNX\/E5480-5580"},"content":{"rendered":"<p>Modelo: GJKNX.<br \/>\n Voltaje: 7,6 V.<br \/>\n Capacidad: 68 Wh.<br \/>\n Tipo de bater\u00eda: iones de litio.<br \/>\n Estado de la bater\u00eda: nuevo<\/p>\n<p> Reemplaza el n\u00famero de pieza:<br \/>\n GJKNX, 93FTF, GD1JP, 0GD1JP, DV9NT, DY9NT, 0DY9NT, 5YHR4, 451-BBZG.<\/p>\n<p> Cuaderno compatible:<br \/>\n Dell Precision 15 3520 Series<br \/>\n Dell Precision 15 3530 Series<br \/>\n Dell Precision M3520 Series<br \/>\n Dell Precision M3530 Series<br \/>\n Dell Latitude 5480 Series<br \/>\n Dell Latitude 5488 Series<br \/>\n Dell Latitude 5490 Series<br \/>\n Dell Latitude 5580 Series<br \/>\n Dell Latitude 5590 Series<br \/>\n Dell Latitude 14 5480 Series<br \/>\n Dell Latitude 14 5491 Series<br \/>\n Dell Latitude 15 5580 Series<br \/>\n Dell Latitude 15 5580 Series<br \/>\n Dell Latitude 15 5590 Series<br \/>\n Dell Latitude 15 5591 Series<br \/>\n Dell Latitude E5480 E5580 E5490 E5491 E5590 E5591 Series<\/p>\n","protected":false},"excerpt":{"rendered":"<table>\n<tbody>\n<tr>\n<td>Pilas<\/td>\n<td>1 Pol&iacute;mero de litio (Tipo de pila necesaria)<\/td>\n<\/tr>\n<tr>\n<td>Marca<\/td>\n<td>Dentsing<\/td>\n<\/tr>\n<tr>\n<td>Voltaje<\/td>\n<td>7.6 Voltios<\/td>\n<\/tr>\n<tr>\n<td>Peso de la Bater&iacute;a<\/td>\n<td>100 Gramos<\/td>\n<\/tr>\n<tr>\n<td>Compatible Devices<\/td>\n<td>Laptop, Notebook<\/td>\n<\/tr>\n<\/tbody>\n<\/table>\n","protected":false},"featured_media":21618,"comment_status":"open","ping_status":"closed","template":"","meta":{"spay_email":""},"product_cat":[791],"product_tag":[],"supplier_id":null,"supplier_sku":"","barcode":null,"atum_controlled":true,"out_stock_date":null,"out_stock_threshold":null,"inheritable":false,"inbound_stock":null,"stock_on_hold":0,"sold_today":0,"sales_last_days":0,"reserved_stock":null,"customer_returns":null,"warehouse_damage":null,"lost_in_post":null,"other_logs":null,"out_stock_days":0,"lost_sales":0,"has_location":null,"update_date":"2026-04-03T23:40:17","atum_locations":[],"atum_stock_status":"instock","restock_status":false,"low_stock_amount":"","sales_update_date":"2026-04-03T23:40:17","calc_backorders":null,"acf":[],"yoast_head":"<!-- This site is optimized with the Yoast SEO Premium plugin v17.4 (Yoast SEO v17.4) - https:\/\/yoast.com\/wordpress\/plugins\/seo\/ -->\n<title>BATERIA COMP DELL GJKNX\/E5480-5580 - tienda de electr\u00f3nica y computaci\u00f3n<\/title>\n<meta name=\"robots\" content=\"index, follow, max-snippet:-1, max-image-preview:large, max-video-preview:-1\" \/>\n<link rel=\"canonical\" href=\"https:\/\/comerciallin.com\/index.php\/producto\/bateria-comp-dell-gjknx-e5480-5580\/\" \/>\n<meta property=\"og:locale\" content=\"es_ES\" \/>\n<meta property=\"og:type\" content=\"article\" \/>\n<meta property=\"og:title\" content=\"BATERIA COMP DELL GJKNX\/E5480-5580\" \/>\n<meta property=\"og:description\" content=\"Pilas 1 Pol&iacute;mero de litio (Tipo de pila necesaria)   Marca Dentsing   Voltaje 7.6 Voltios   Peso de la Bater&iacute;a 100 Gramos   Compatible Devices Laptop, Notebook\" \/>\n<meta property=\"og:url\" content=\"https:\/\/comerciallin.com\/index.php\/producto\/bateria-comp-dell-gjknx-e5480-5580\/\" \/>\n<meta property=\"og:site_name\" content=\"tienda de electr\u00f3nica y computaci\u00f3n\" \/>\n<meta property=\"article:modified_time\" content=\"2025-01-14T18:54:27+00:00\" \/>\n<meta name=\"twitter:card\" content=\"summary_large_image\" \/>\n<meta name=\"twitter:image\" content=\"https:\/\/i0.wp.com\/comerciallin.com\/wp-content\/uploads\/2023\/02\/537030181202.jpg?fit=%2C&amp;ssl=1\" \/>\n<meta name=\"twitter:label1\" content=\"Precio\" \/>\n\t<meta name=\"twitter:data1\" content=\"&#36;44,85\" \/>\n\t<meta name=\"twitter:label2\" content=\"Availability\" \/>\n\t<meta name=\"twitter:data2\" content=\"In stock\" \/>\n<script type=\"application\/ld+json\" class=\"yoast-schema-graph\">{\"@context\":\"https:\/\/schema.org\",\"@graph\":[{\"@type\":\"WebSite\",\"@id\":\"https:\/\/comerciallin.com\/#website\",\"url\":\"https:\/\/comerciallin.com\/\",\"name\":\"tienda de electr\\u00f3nica y computaci\\u00f3n\",\"description\":\"Importadora de Electr\\u00f3nica y Computaci\\u00f3n\",\"potentialAction\":[{\"@type\":\"SearchAction\",\"target\":{\"@type\":\"EntryPoint\",\"urlTemplate\":\"https:\/\/comerciallin.com\/?s={search_term_string}\"},\"query-input\":\"required name=search_term_string\"}],\"inLanguage\":\"es\"},{\"@type\":\"ImageObject\",\"@id\":\"https:\/\/comerciallin.com\/index.php\/producto\/bateria-comp-dell-gjknx-e5480-5580\/#primaryimage\",\"inLanguage\":\"es\",\"url\":\"https:\/\/i0.wp.com\/comerciallin.com\/wp-content\/uploads\/2023\/02\/537030181202.jpg?fit=%2C&ssl=1\",\"contentUrl\":\"https:\/\/i0.wp.com\/comerciallin.com\/wp-content\/uploads\/2023\/02\/537030181202.jpg?fit=%2C&ssl=1\",\"caption\":\"BATERIA COMP DELL GJKNX\/E5480-5580\"},{\"@type\":\"WebPage\",\"@id\":\"https:\/\/comerciallin.com\/index.php\/producto\/bateria-comp-dell-gjknx-e5480-5580\/#webpage\",\"url\":\"https:\/\/comerciallin.com\/index.php\/producto\/bateria-comp-dell-gjknx-e5480-5580\/\",\"name\":\"BATERIA COMP DELL GJKNX\/E5480-5580 - tienda de electr\\u00f3nica y computaci\\u00f3n\",\"isPartOf\":{\"@id\":\"https:\/\/comerciallin.com\/#website\"},\"primaryImageOfPage\":{\"@id\":\"https:\/\/comerciallin.com\/index.php\/producto\/bateria-comp-dell-gjknx-e5480-5580\/#primaryimage\"},\"datePublished\":\"2022-11-07T18:28:24+00:00\",\"dateModified\":\"2025-01-14T18:54:27+00:00\",\"breadcrumb\":{\"@id\":\"https:\/\/comerciallin.com\/index.php\/producto\/bateria-comp-dell-gjknx-e5480-5580\/#breadcrumb\"},\"inLanguage\":\"es\",\"potentialAction\":[{\"@type\":\"ReadAction\",\"target\":[\"https:\/\/comerciallin.com\/index.php\/producto\/bateria-comp-dell-gjknx-e5480-5580\/\"]}]},{\"@type\":\"BreadcrumbList\",\"@id\":\"https:\/\/comerciallin.com\/index.php\/producto\/bateria-comp-dell-gjknx-e5480-5580\/#breadcrumb\",\"itemListElement\":[{\"@type\":\"ListItem\",\"position\":1,\"name\":\"Inicio\",\"item\":\"https:\/\/comerciallin.com\/\"},{\"@type\":\"ListItem\",\"position\":2,\"name\":\"Shop\",\"item\":\"https:\/\/comerciallin.com\/?page_id=3853\"},{\"@type\":\"ListItem\",\"position\":3,\"name\":\"BATERIA COMP DELL GJKNX\/E5480-5580\"}]}]}<\/script>\n<meta property=\"product:price:amount\" content=\"44.85\" \/>\n<meta property=\"product:price:currency\" content=\"USD\" \/>\n<meta property=\"og:availability\" content=\"instock\" \/>\n<meta property=\"product:availability\" content=\"instock\" \/>\n<meta property=\"product:retailer_item_id\" content=\"537030181202\" \/>\n<meta property=\"product:condition\" content=\"new\" \/>\n<!-- \/ Yoast SEO Premium plugin. -->","yoast_head_json":{"title":"BATERIA COMP DELL GJKNX\/E5480-5580 - tienda de electr\u00f3nica y computaci\u00f3n","robots":{"index":"index","follow":"follow","max-snippet":"max-snippet:-1","max-image-preview":"max-image-preview:large","max-video-preview":"max-video-preview:-1"},"canonical":"https:\/\/comerciallin.com\/index.php\/producto\/bateria-comp-dell-gjknx-e5480-5580\/","og_locale":"es_ES","og_type":"article","og_title":"BATERIA COMP DELL GJKNX\/E5480-5580","og_description":"Pilas 1 Pol&iacute;mero de litio (Tipo de pila necesaria)   Marca Dentsing   Voltaje 7.6 Voltios   Peso de la Bater&iacute;a 100 Gramos   Compatible Devices Laptop, Notebook","og_url":"https:\/\/comerciallin.com\/index.php\/producto\/bateria-comp-dell-gjknx-e5480-5580\/","og_site_name":"tienda de electr\u00f3nica y computaci\u00f3n","article_modified_time":"2025-01-14T18:54:27+00:00","twitter_card":"summary_large_image","twitter_image":"https:\/\/i0.wp.com\/comerciallin.com\/wp-content\/uploads\/2023\/02\/537030181202.jpg?fit=%2C&ssl=1","twitter_misc":{"Precio":"&#36;44,85","Availability":"In stock"},"schema":{"@context":"https:\/\/schema.org","@graph":[{"@type":"WebSite","@id":"https:\/\/comerciallin.com\/#website","url":"https:\/\/comerciallin.com\/","name":"tienda de electr\u00f3nica y computaci\u00f3n","description":"Importadora de Electr\u00f3nica y Computaci\u00f3n","potentialAction":[{"@type":"SearchAction","target":{"@type":"EntryPoint","urlTemplate":"https:\/\/comerciallin.com\/?s={search_term_string}"},"query-input":"required name=search_term_string"}],"inLanguage":"es"},{"@type":"ImageObject","@id":"https:\/\/comerciallin.com\/index.php\/producto\/bateria-comp-dell-gjknx-e5480-5580\/#primaryimage","inLanguage":"es","url":"https:\/\/i0.wp.com\/comerciallin.com\/wp-content\/uploads\/2023\/02\/537030181202.jpg?fit=%2C&ssl=1","contentUrl":"https:\/\/i0.wp.com\/comerciallin.com\/wp-content\/uploads\/2023\/02\/537030181202.jpg?fit=%2C&ssl=1","caption":"BATERIA COMP DELL GJKNX\/E5480-5580"},{"@type":"WebPage","@id":"https:\/\/comerciallin.com\/index.php\/producto\/bateria-comp-dell-gjknx-e5480-5580\/#webpage","url":"https:\/\/comerciallin.com\/index.php\/producto\/bateria-comp-dell-gjknx-e5480-5580\/","name":"BATERIA COMP DELL GJKNX\/E5480-5580 - tienda de electr\u00f3nica y computaci\u00f3n","isPartOf":{"@id":"https:\/\/comerciallin.com\/#website"},"primaryImageOfPage":{"@id":"https:\/\/comerciallin.com\/index.php\/producto\/bateria-comp-dell-gjknx-e5480-5580\/#primaryimage"},"datePublished":"2022-11-07T18:28:24+00:00","dateModified":"2025-01-14T18:54:27+00:00","breadcrumb":{"@id":"https:\/\/comerciallin.com\/index.php\/producto\/bateria-comp-dell-gjknx-e5480-5580\/#breadcrumb"},"inLanguage":"es","potentialAction":[{"@type":"ReadAction","target":["https:\/\/comerciallin.com\/index.php\/producto\/bateria-comp-dell-gjknx-e5480-5580\/"]}]},{"@type":"BreadcrumbList","@id":"https:\/\/comerciallin.com\/index.php\/producto\/bateria-comp-dell-gjknx-e5480-5580\/#breadcrumb","itemListElement":[{"@type":"ListItem","position":1,"name":"Inicio","item":"https:\/\/comerciallin.com\/"},{"@type":"ListItem","position":2,"name":"Shop","item":"https:\/\/comerciallin.com\/?page_id=3853"},{"@type":"ListItem","position":3,"name":"BATERIA COMP DELL GJKNX\/E5480-5580"}]}]},"product_price_amount":"44.85","product_price_currency":"USD","og_availability":"instock","product_availability":"instock","product_retailer_item_id":"537030181202","product_condition":"new"},"jetpack-related-posts":[{"id":19189,"url":"https:\/\/comerciallin.com\/index.php\/producto\/bateria-comp-dell-demr90y-3521\/","url_meta":{"origin":19301,"position":0},"title":"BATERIA COMP DELL DEMR90Y\/3521","date":"7 de noviembre de 2022","format":false,"excerpt":"Voltaje 11.1 Voltios Peso de la Bater\u00eda 340 Gramos Compatible Devices Laptop","rel":"","context":"Entrada similar","img":{"alt_text":"BATERIA COMP DELL DEMR90Y\/3521","src":"https:\/\/i0.wp.com\/comerciallin.com\/wp-content\/uploads\/2023\/02\/537030100813.jpg?fit=992%2C744&ssl=1&resize=350%2C200","width":350,"height":200},"classes":[]},{"id":19281,"url":"https:\/\/comerciallin.com\/index.php\/producto\/bateria-p-lapto-dell-t54fj-m5y0x-e6420-e6520\/","url_meta":{"origin":19301,"position":1},"title":"BATERIA P. LAPTO DELL T54FJ\/M5Y0X\/E6420\/E6520","date":"7 de noviembre de 2022","format":false,"excerpt":"Marca DELL Voltaje 11.1 Voltios Dimensiones del art\u00edculo Largo x Ancho x Altura 9.7 x 3.6 x 1.9 pulgadas","rel":"","context":"Entrada similar","img":{"alt_text":"","src":"","width":0,"height":0},"classes":[]},{"id":22501,"url":"https:\/\/comerciallin.com\/index.php\/producto\/bateria-comp-dell-33ydh\/","url_meta":{"origin":19301,"position":2},"title":"BATERIA COMP DELL 33YDH","date":"19 de abril de 2023","format":false,"excerpt":"Bater\u00eda de 33YDH para Dell Inspiron 17 7000 7773 7786 7778 7789 2 en 1 15 7577 Latitude 13 3380 14 3490 15 3590 3580 G5 15 5587 GG7 3 357 9 3779 G7 7588 Vostro 7580 7570 PVHT1 P30E 81PF3 081PF3","rel":"","context":"Entrada similar","img":{"alt_text":"","src":"","width":0,"height":0},"classes":[]},{"id":19207,"url":"https:\/\/comerciallin.com\/index.php\/producto\/bateria-comp-dell-e6400-e6410-e6500-e6510-e83\/","url_meta":{"origin":19301,"position":3},"title":"BATERIA COMP DELL E6400\/E6410\/E6500\/E6510\/E83","date":"7 de noviembre de 2022","format":false,"excerpt":"Pilas 1 Iones de litio necesaria(s), incluida(s) Marca Bay Valley Parts Voltaje 11.1 Voltios","rel":"","context":"Entrada similar","img":{"alt_text":"","src":"","width":0,"height":0},"classes":[]},{"id":19577,"url":"https:\/\/comerciallin.com\/index.php\/producto\/bateria-comp-dell-ryxxh-3150-3160\/","url_meta":{"origin":19301,"position":4},"title":"BATERIA COMP DELL RYXXH\/3150\/3160","date":"7 de noviembre de 2022","format":false,"excerpt":"Dell RYXXH Latitude E5250 E5450 E5550 Series 38WH 11.1V Laptop Battery","rel":"","context":"Entrada similar","img":{"alt_text":"","src":"","width":0,"height":0},"classes":[]},{"id":19138,"url":"https:\/\/comerciallin.com\/index.php\/producto\/bateria-comp-dell-e6220-e6230-e6320-e6330-e6w\/","url_meta":{"origin":19301,"position":5},"title":"BATERIA COMP DELL E6220\/E6230\/E6320\/E6330\/E6W","date":"7 de noviembre de 2022","format":false,"excerpt":"Bater\u00eda para laptop modelos E6230 E6220 E6320 E6330 E6430s","rel":"","context":"Entrada similar","img":{"alt_text":"","src":"","width":0,"height":0},"classes":[]}],"jetpack_sharing_enabled":true,"jetpack_likes_enabled":true,"_links":{"self":[{"href":"https:\/\/comerciallin.com\/index.php\/wp-json\/wp\/v2\/product\/19301"}],"collection":[{"href":"https:\/\/comerciallin.com\/index.php\/wp-json\/wp\/v2\/product"}],"about":[{"href":"https:\/\/comerciallin.com\/index.php\/wp-json\/wp\/v2\/types\/product"}],"replies":[{"embeddable":true,"href":"https:\/\/comerciallin.com\/index.php\/wp-json\/wp\/v2\/comments?post=19301"}],"wp:featuredmedia":[{"embeddable":true,"href":"https:\/\/comerciallin.com\/index.php\/wp-json\/wp\/v2\/media\/21618"}],"wp:attachment":[{"href":"https:\/\/comerciallin.com\/index.php\/wp-json\/wp\/v2\/media?parent=19301"}],"wp:term":[{"taxonomy":"product_cat","embeddable":true,"href":"https:\/\/comerciallin.com\/index.php\/wp-json\/wp\/v2\/product_cat?post=19301"},{"taxonomy":"product_tag","embeddable":true,"href":"https:\/\/comerciallin.com\/index.php\/wp-json\/wp\/v2\/product_tag?post=19301"}],"curies":[{"name":"wp","href":"https:\/\/api.w.org\/{rel}","templated":true}]}}