{"id":19293,"date":"2022-11-07T13:28:23","date_gmt":"2022-11-07T18:28:23","guid":{"rendered":"https:\/\/comerciallin.com\/index.php\/producto\/bateria-comp-dell-d620-d630-pc764-tc030-gd776\/"},"modified":"2025-01-14T13:54:26","modified_gmt":"2025-01-14T18:54:26","slug":"bateria-comp-dell-d620-d630-pc764-tc030-gd776","status":"publish","type":"product","link":"https:\/\/comerciallin.com\/index.php\/producto\/bateria-comp-dell-d620-d630-pc764-tc030-gd776\/","title":{"rendered":"BATERIA COMP DELL D620\/D630\/PC764\/TC030\/GD776"},"content":{"rendered":"<p><strong>Caracter&iacute;sticas<\/strong><\/p>\n<table role=\"\">\n<tbody>\n<tr>\n<th>Bater&iacute;<\/th>\n<td>1 Lithium ion batteries required. (included)<\/td>\n<\/tr>\n<tr>\n<th>Modelo<\/th>\n<td>D620<\/td>\n<\/tr>\n<tr>\n<th>Marca<\/th>\n<td>Dell<\/td>\n<\/tr>\n<tr>\n<th>Incluye Bater&iacute;as<\/th>\n<td>Yes<\/td>\n<\/tr>\n<tr>\n<th>Tiempo de duraci&oacute;n<\/th>\n<td>4.9 Watt Hours<\/td>\n<\/tr>\n<tr>\n<th>Peso<\/th>\n<td>250 Grams<\/td>\n<\/tr>\n<tr>\n<th>N&uacute;mero de celdas<\/th>\n<td>4<\/td>\n<\/tr>\n<\/tbody>\n<\/table>\n","protected":false},"excerpt":{"rendered":"<p><strong>Compatible con:<\/strong><\/p>\n<p>GD775, GD776, GD787, JD605, JD606, JD610, JD616, JD634, JD648, JD775, KD489, KD491, KD492, KD494, KD495, NT377, NT379, PC764, PC765, PD685, RC126, RD300, RD301, TC030, TD116, TD117, TD175, TG226, UD088, KP433<\/p>\n","protected":false},"featured_media":21611,"comment_status":"open","ping_status":"closed","template":"","meta":{"spay_email":""},"product_cat":[791],"product_tag":[],"supplier_id":null,"supplier_sku":"","barcode":null,"atum_controlled":true,"out_stock_date":null,"out_stock_threshold":null,"inheritable":false,"inbound_stock":null,"stock_on_hold":0,"sold_today":0,"sales_last_days":0,"reserved_stock":null,"customer_returns":null,"warehouse_damage":null,"lost_in_post":null,"other_logs":null,"out_stock_days":0,"lost_sales":0,"has_location":null,"update_date":"2026-04-30T00:11:42","atum_locations":[],"atum_stock_status":"instock","restock_status":false,"low_stock_amount":"","sales_update_date":"2026-04-30T00:11:42","calc_backorders":null,"acf":[],"yoast_head":"<!-- This site is optimized with the Yoast SEO Premium plugin v17.4 (Yoast SEO v17.4) - https:\/\/yoast.com\/wordpress\/plugins\/seo\/ -->\n<title>BATERIA COMP DELL D620\/D630\/PC764\/TC030\/GD776 - tienda de electr\u00f3nica y computaci\u00f3n<\/title>\n<meta name=\"robots\" content=\"index, follow, max-snippet:-1, max-image-preview:large, max-video-preview:-1\" \/>\n<link rel=\"canonical\" href=\"https:\/\/comerciallin.com\/index.php\/producto\/bateria-comp-dell-d620-d630-pc764-tc030-gd776\/\" \/>\n<meta property=\"og:locale\" content=\"es_ES\" \/>\n<meta property=\"og:type\" content=\"article\" \/>\n<meta property=\"og:title\" content=\"BATERIA COMP DELL D620\/D630\/PC764\/TC030\/GD776\" \/>\n<meta property=\"og:description\" content=\"Compatible con: GD775, GD776, GD787, JD605, JD606, JD610, JD616, JD634, JD648, JD775, KD489, KD491, KD492, KD494, KD495, NT377, NT379, PC764, PC765, PD685, RC126, RD300, RD301, TC030, TD116, TD117, TD175, TG226, UD088, KP433\" \/>\n<meta property=\"og:url\" content=\"https:\/\/comerciallin.com\/index.php\/producto\/bateria-comp-dell-d620-d630-pc764-tc030-gd776\/\" \/>\n<meta property=\"og:site_name\" content=\"tienda de electr\u00f3nica y computaci\u00f3n\" \/>\n<meta property=\"article:modified_time\" content=\"2025-01-14T18:54:26+00:00\" \/>\n<meta name=\"twitter:card\" content=\"summary_large_image\" \/>\n<meta name=\"twitter:image\" content=\"https:\/\/i0.wp.com\/comerciallin.com\/wp-content\/uploads\/2023\/02\/2053130805.jpg?fit=%2C&amp;ssl=1\" \/>\n<meta name=\"twitter:label1\" content=\"Precio\" \/>\n\t<meta name=\"twitter:data1\" content=\"&#36;44,85\" \/>\n\t<meta name=\"twitter:label2\" content=\"Availability\" \/>\n\t<meta name=\"twitter:data2\" content=\"In stock\" \/>\n<script type=\"application\/ld+json\" class=\"yoast-schema-graph\">{\"@context\":\"https:\/\/schema.org\",\"@graph\":[{\"@type\":\"WebSite\",\"@id\":\"https:\/\/comerciallin.com\/#website\",\"url\":\"https:\/\/comerciallin.com\/\",\"name\":\"tienda de electr\\u00f3nica y computaci\\u00f3n\",\"description\":\"Importadora de Electr\\u00f3nica y Computaci\\u00f3n\",\"potentialAction\":[{\"@type\":\"SearchAction\",\"target\":{\"@type\":\"EntryPoint\",\"urlTemplate\":\"https:\/\/comerciallin.com\/?s={search_term_string}\"},\"query-input\":\"required name=search_term_string\"}],\"inLanguage\":\"es\"},{\"@type\":\"ImageObject\",\"@id\":\"https:\/\/comerciallin.com\/index.php\/producto\/bateria-comp-dell-d620-d630-pc764-tc030-gd776\/#primaryimage\",\"inLanguage\":\"es\",\"url\":\"https:\/\/i0.wp.com\/comerciallin.com\/wp-content\/uploads\/2023\/02\/2053130805.jpg?fit=%2C&ssl=1\",\"contentUrl\":\"https:\/\/i0.wp.com\/comerciallin.com\/wp-content\/uploads\/2023\/02\/2053130805.jpg?fit=%2C&ssl=1\",\"caption\":\"BATERIA COMP DELL D620\/D630\/PC764\/TC030\/GD776\"},{\"@type\":\"WebPage\",\"@id\":\"https:\/\/comerciallin.com\/index.php\/producto\/bateria-comp-dell-d620-d630-pc764-tc030-gd776\/#webpage\",\"url\":\"https:\/\/comerciallin.com\/index.php\/producto\/bateria-comp-dell-d620-d630-pc764-tc030-gd776\/\",\"name\":\"BATERIA COMP DELL D620\/D630\/PC764\/TC030\/GD776 - tienda de electr\\u00f3nica y computaci\\u00f3n\",\"isPartOf\":{\"@id\":\"https:\/\/comerciallin.com\/#website\"},\"primaryImageOfPage\":{\"@id\":\"https:\/\/comerciallin.com\/index.php\/producto\/bateria-comp-dell-d620-d630-pc764-tc030-gd776\/#primaryimage\"},\"datePublished\":\"2022-11-07T18:28:23+00:00\",\"dateModified\":\"2025-01-14T18:54:26+00:00\",\"breadcrumb\":{\"@id\":\"https:\/\/comerciallin.com\/index.php\/producto\/bateria-comp-dell-d620-d630-pc764-tc030-gd776\/#breadcrumb\"},\"inLanguage\":\"es\",\"potentialAction\":[{\"@type\":\"ReadAction\",\"target\":[\"https:\/\/comerciallin.com\/index.php\/producto\/bateria-comp-dell-d620-d630-pc764-tc030-gd776\/\"]}]},{\"@type\":\"BreadcrumbList\",\"@id\":\"https:\/\/comerciallin.com\/index.php\/producto\/bateria-comp-dell-d620-d630-pc764-tc030-gd776\/#breadcrumb\",\"itemListElement\":[{\"@type\":\"ListItem\",\"position\":1,\"name\":\"Inicio\",\"item\":\"https:\/\/comerciallin.com\/\"},{\"@type\":\"ListItem\",\"position\":2,\"name\":\"Shop\",\"item\":\"https:\/\/comerciallin.com\/?page_id=3853\"},{\"@type\":\"ListItem\",\"position\":3,\"name\":\"BATERIA COMP DELL D620\/D630\/PC764\/TC030\/GD776\"}]}]}<\/script>\n<meta property=\"product:price:amount\" content=\"44.85\" \/>\n<meta property=\"product:price:currency\" content=\"USD\" \/>\n<meta property=\"og:availability\" content=\"instock\" \/>\n<meta property=\"product:availability\" content=\"instock\" \/>\n<meta property=\"product:retailer_item_id\" content=\"2053130805\" \/>\n<meta property=\"product:condition\" content=\"new\" \/>\n<!-- \/ Yoast SEO Premium plugin. -->","yoast_head_json":{"title":"BATERIA COMP DELL D620\/D630\/PC764\/TC030\/GD776 - tienda de electr\u00f3nica y computaci\u00f3n","robots":{"index":"index","follow":"follow","max-snippet":"max-snippet:-1","max-image-preview":"max-image-preview:large","max-video-preview":"max-video-preview:-1"},"canonical":"https:\/\/comerciallin.com\/index.php\/producto\/bateria-comp-dell-d620-d630-pc764-tc030-gd776\/","og_locale":"es_ES","og_type":"article","og_title":"BATERIA COMP DELL D620\/D630\/PC764\/TC030\/GD776","og_description":"Compatible con: GD775, GD776, GD787, JD605, JD606, JD610, JD616, JD634, JD648, JD775, KD489, KD491, KD492, KD494, KD495, NT377, NT379, PC764, PC765, PD685, RC126, RD300, RD301, TC030, TD116, TD117, TD175, TG226, UD088, KP433","og_url":"https:\/\/comerciallin.com\/index.php\/producto\/bateria-comp-dell-d620-d630-pc764-tc030-gd776\/","og_site_name":"tienda de electr\u00f3nica y computaci\u00f3n","article_modified_time":"2025-01-14T18:54:26+00:00","twitter_card":"summary_large_image","twitter_image":"https:\/\/i0.wp.com\/comerciallin.com\/wp-content\/uploads\/2023\/02\/2053130805.jpg?fit=%2C&ssl=1","twitter_misc":{"Precio":"&#36;44,85","Availability":"In stock"},"schema":{"@context":"https:\/\/schema.org","@graph":[{"@type":"WebSite","@id":"https:\/\/comerciallin.com\/#website","url":"https:\/\/comerciallin.com\/","name":"tienda de electr\u00f3nica y computaci\u00f3n","description":"Importadora de Electr\u00f3nica y Computaci\u00f3n","potentialAction":[{"@type":"SearchAction","target":{"@type":"EntryPoint","urlTemplate":"https:\/\/comerciallin.com\/?s={search_term_string}"},"query-input":"required name=search_term_string"}],"inLanguage":"es"},{"@type":"ImageObject","@id":"https:\/\/comerciallin.com\/index.php\/producto\/bateria-comp-dell-d620-d630-pc764-tc030-gd776\/#primaryimage","inLanguage":"es","url":"https:\/\/i0.wp.com\/comerciallin.com\/wp-content\/uploads\/2023\/02\/2053130805.jpg?fit=%2C&ssl=1","contentUrl":"https:\/\/i0.wp.com\/comerciallin.com\/wp-content\/uploads\/2023\/02\/2053130805.jpg?fit=%2C&ssl=1","caption":"BATERIA COMP DELL D620\/D630\/PC764\/TC030\/GD776"},{"@type":"WebPage","@id":"https:\/\/comerciallin.com\/index.php\/producto\/bateria-comp-dell-d620-d630-pc764-tc030-gd776\/#webpage","url":"https:\/\/comerciallin.com\/index.php\/producto\/bateria-comp-dell-d620-d630-pc764-tc030-gd776\/","name":"BATERIA COMP DELL D620\/D630\/PC764\/TC030\/GD776 - tienda de electr\u00f3nica y computaci\u00f3n","isPartOf":{"@id":"https:\/\/comerciallin.com\/#website"},"primaryImageOfPage":{"@id":"https:\/\/comerciallin.com\/index.php\/producto\/bateria-comp-dell-d620-d630-pc764-tc030-gd776\/#primaryimage"},"datePublished":"2022-11-07T18:28:23+00:00","dateModified":"2025-01-14T18:54:26+00:00","breadcrumb":{"@id":"https:\/\/comerciallin.com\/index.php\/producto\/bateria-comp-dell-d620-d630-pc764-tc030-gd776\/#breadcrumb"},"inLanguage":"es","potentialAction":[{"@type":"ReadAction","target":["https:\/\/comerciallin.com\/index.php\/producto\/bateria-comp-dell-d620-d630-pc764-tc030-gd776\/"]}]},{"@type":"BreadcrumbList","@id":"https:\/\/comerciallin.com\/index.php\/producto\/bateria-comp-dell-d620-d630-pc764-tc030-gd776\/#breadcrumb","itemListElement":[{"@type":"ListItem","position":1,"name":"Inicio","item":"https:\/\/comerciallin.com\/"},{"@type":"ListItem","position":2,"name":"Shop","item":"https:\/\/comerciallin.com\/?page_id=3853"},{"@type":"ListItem","position":3,"name":"BATERIA COMP DELL D620\/D630\/PC764\/TC030\/GD776"}]}]},"product_price_amount":"44.85","product_price_currency":"USD","og_availability":"instock","product_availability":"instock","product_retailer_item_id":"2053130805","product_condition":"new"},"jetpack-related-posts":[{"id":19153,"url":"https:\/\/comerciallin.com\/index.php\/producto\/bateria-comp-dell-e3340-451-bbiy-451-bbiz-9-2\/","url_meta":{"origin":19293,"position":0},"title":"BATERIA COMP DELL E3340\/451-BBIY, 451-BBIZ, 9","date":"7 de noviembre de 2022","format":false,"excerpt":"Voltaje 11.1 Voltios Compatible Devices Laptop Tipo de celda de bater\u00eda Litio Ion","rel":"","context":"Entrada similar","img":{"alt_text":"BATERIA COMP DELL E3340\/451-BBIY, 451-BBIZ, 9","src":"https:\/\/i0.wp.com\/comerciallin.com\/wp-content\/uploads\/2023\/02\/537030190912.jpg?fit=992%2C744&ssl=1&resize=350%2C200","width":350,"height":200},"classes":[]},{"id":18680,"url":"https:\/\/comerciallin.com\/index.php\/producto\/bateria-comp-dell-e3340-451-bbiy-451-bbiz-9\/","url_meta":{"origin":19293,"position":1},"title":"BATERIA COMP DELL E3340\/451-BBIY, 451-BBIZ, 9","date":"7 de noviembre de 2022","format":false,"excerpt":"Voltaje 11.1 Voltios Compatible Devices Laptop Tipo de celda de bater\u00eda Litio Ion","rel":"","context":"Entrada similar","img":{"alt_text":"","src":"","width":0,"height":0},"classes":[]},{"id":19301,"url":"https:\/\/comerciallin.com\/index.php\/producto\/bateria-comp-dell-gjknx-e5480-5580\/","url_meta":{"origin":19293,"position":2},"title":"BATERIA COMP DELL GJKNX\/E5480-5580","date":"7 de noviembre de 2022","format":false,"excerpt":"Pilas 1 Pol\u00edmero de litio (Tipo de pila necesaria) Marca Dentsing Voltaje 7.6 Voltios Peso de la Bater\u00eda 100 Gramos Compatible Devices Laptop, Notebook","rel":"","context":"Entrada similar","img":{"alt_text":"","src":"","width":0,"height":0},"classes":[]},{"id":19161,"url":"https:\/\/comerciallin.com\/index.php\/producto\/bateria-comp-dell-6000-9200-9300-9400-e1505n0\/","url_meta":{"origin":19293,"position":3},"title":"BATERIA COMP DELL 6000\/9200\/9300\/9400\/E1505N0","date":"7 de noviembre de 2022","format":false,"excerpt":"6 celdas, bater\u00eda de iones de litio, nominal de 11,1 V (compatible con 10,8 V) 5200 mAh.","rel":"","context":"Entrada similar","img":{"alt_text":"","src":"","width":0,"height":0},"classes":[]},{"id":18682,"url":"https:\/\/comerciallin.com\/index.php\/producto\/bateria-comp-dell-e5440-e5540-3k7j7-451-bbi-f\/","url_meta":{"origin":19293,"position":4},"title":"BATERIA COMP DELL E5440\/E5540\/3K7J7\/451-BBI\/F","date":"7 de noviembre de 2022","format":false,"excerpt":"Dell Latitude E5440 E5540 65 Wh 11.1 V bater\u00eda de 6 celdas 0 mt7t5 mt7t5 VV0NF","rel":"","context":"Entrada similar","img":{"alt_text":"","src":"","width":0,"height":0},"classes":[]},{"id":19116,"url":"https:\/\/comerciallin.com\/index.php\/producto\/bateria-comp-dell-m101-1121-m102z-1122-m102z1\/","url_meta":{"origin":19293,"position":5},"title":"BATERIA COMP DELL M101\/1121\/M102Z-1122\/M102Z1","date":"7 de noviembre de 2022","format":false,"excerpt":"Voltaje 11.1 Voltios Tipo de celda de bater\u00eda Litio Ion Capacidad 4400 Miliamperios Hora (mAh)","rel":"","context":"Entrada similar","img":{"alt_text":"","src":"","width":0,"height":0},"classes":[]}],"jetpack_sharing_enabled":true,"jetpack_likes_enabled":true,"_links":{"self":[{"href":"https:\/\/comerciallin.com\/index.php\/wp-json\/wp\/v2\/product\/19293"}],"collection":[{"href":"https:\/\/comerciallin.com\/index.php\/wp-json\/wp\/v2\/product"}],"about":[{"href":"https:\/\/comerciallin.com\/index.php\/wp-json\/wp\/v2\/types\/product"}],"replies":[{"embeddable":true,"href":"https:\/\/comerciallin.com\/index.php\/wp-json\/wp\/v2\/comments?post=19293"}],"wp:featuredmedia":[{"embeddable":true,"href":"https:\/\/comerciallin.com\/index.php\/wp-json\/wp\/v2\/media\/21611"}],"wp:attachment":[{"href":"https:\/\/comerciallin.com\/index.php\/wp-json\/wp\/v2\/media?parent=19293"}],"wp:term":[{"taxonomy":"product_cat","embeddable":true,"href":"https:\/\/comerciallin.com\/index.php\/wp-json\/wp\/v2\/product_cat?post=19293"},{"taxonomy":"product_tag","embeddable":true,"href":"https:\/\/comerciallin.com\/index.php\/wp-json\/wp\/v2\/product_tag?post=19293"}],"curies":[{"name":"wp","href":"https:\/\/api.w.org\/{rel}","templated":true}]}}