{"id":19283,"date":"2022-11-07T13:28:19","date_gmt":"2022-11-07T18:28:19","guid":{"rendered":"https:\/\/comerciallin.com\/index.php\/producto\/bateria-comp-sony-vgp-bps9-vgp-bps9-s-vgp-bpz\/"},"modified":"2025-01-14T13:54:42","modified_gmt":"2025-01-14T18:54:42","slug":"bateria-comp-sony-vgp-bps9-vgp-bps9-s-vgp-bpz","status":"publish","type":"product","link":"https:\/\/comerciallin.com\/index.php\/producto\/bateria-comp-sony-vgp-bps9-vgp-bps9-s-vgp-bpz\/","title":{"rendered":"BATERIA COMP SONY VGP-BPS9\/VGP-BPS9-S\/VGP-BPZ"},"content":{"rendered":"<p><strong>Compatible with part number:&nbsp;<\/strong><br \/>VGP-BPS10 VGP-BPS9\/B VGP-BPS9A\/B VGP-BPS9B<\/p>\n<p><strong>Compatible Models:<\/strong><br \/><strong>Sony<\/strong><br \/>VAIO VGN-AR47G\/E1 VAIO VGN-AR520E VAIO VGN-AR53DB VAIO VGN-AR54DB VAIO VGN-AR550E VAIO VGN-AR55DB VAIO VGN-AR61E VAIO VGN-AR61M VAIO VGN-AR61S VAIO VGN-AR61ZU VAIO VGN-AR630E VAIO VGN-AR64DB VAIO VGN-AR65DB VAIO VGN-AR660U VAIO VGN-AR68C VAIO VGN-AR690U VAIO VGN-AR71J VAIO VGN-AR71L VAIO VGN-AR71S VAIO VGN-AR71ZU VAIO VGN-AR730E\/B VAIO VGN-AR73DB VAIO VGN-AR74DB VAIO VGN-AR75UDB VAIO VGN-AR770 VAIO VGN-AR790U\/B VAIO VGN-AR820E VAIO VGN-AR830E VAIO VGN-AR83S VAIO VGN-AR83US VAIO VGN-AR84S VAIO VGN-AR84US VAIO VGN-AR85S VAIO VGN-AR85US VAIO VGN-AR870EA VAIO VGN-AR890U VAIO VGN-AR93S VAIO VGN-AR93US VAIO VGN-AR94S VAIO VGN-AR94US VAIO VGN-AR95S VAIO VGN-AR95US&nbsp;<\/p>\n","protected":false},"excerpt":{"rendered":"<p>Battery type: Li-ion Replacement battery<\/p>\n<p>Capacity: 5200mAh<\/p>\n<p>Voltage:11.1V(compatible with 10.8V battery)<\/p>\n<p>Celdas: 6 cell<\/p>\n","protected":false},"featured_media":21691,"comment_status":"open","ping_status":"closed","template":"","meta":{"spay_email":""},"product_cat":[796],"product_tag":[],"supplier_id":null,"supplier_sku":"","barcode":null,"atum_controlled":true,"out_stock_date":null,"out_stock_threshold":null,"inheritable":false,"inbound_stock":null,"stock_on_hold":0,"sold_today":0,"sales_last_days":0,"reserved_stock":null,"customer_returns":null,"warehouse_damage":null,"lost_in_post":null,"other_logs":null,"out_stock_days":0,"lost_sales":0,"has_location":null,"update_date":"2026-04-09T23:44:22","atum_locations":[],"atum_stock_status":"instock","restock_status":false,"low_stock_amount":"","sales_update_date":"2026-04-09T23:44:22","calc_backorders":null,"acf":[],"yoast_head":"<!-- This site is optimized with the Yoast SEO Premium plugin v17.4 (Yoast SEO v17.4) - https:\/\/yoast.com\/wordpress\/plugins\/seo\/ -->\n<title>BATERIA COMP SONY VGP-BPS9\/VGP-BPS9-S\/VGP-BPZ - tienda de electr\u00f3nica y computaci\u00f3n<\/title>\n<meta name=\"robots\" content=\"index, follow, max-snippet:-1, max-image-preview:large, max-video-preview:-1\" \/>\n<link rel=\"canonical\" href=\"https:\/\/comerciallin.com\/index.php\/producto\/bateria-comp-sony-vgp-bps9-vgp-bps9-s-vgp-bpz\/\" \/>\n<meta property=\"og:locale\" content=\"es_ES\" \/>\n<meta property=\"og:type\" content=\"article\" \/>\n<meta property=\"og:title\" content=\"BATERIA COMP SONY VGP-BPS9\/VGP-BPS9-S\/VGP-BPZ\" \/>\n<meta property=\"og:description\" content=\"Battery type: Li-ion Replacement battery Capacity: 5200mAh Voltage:11.1V(compatible with 10.8V battery) Celdas: 6 cell\" \/>\n<meta property=\"og:url\" content=\"https:\/\/comerciallin.com\/index.php\/producto\/bateria-comp-sony-vgp-bps9-vgp-bps9-s-vgp-bpz\/\" \/>\n<meta property=\"og:site_name\" content=\"tienda de electr\u00f3nica y computaci\u00f3n\" \/>\n<meta property=\"article:modified_time\" content=\"2025-01-14T18:54:42+00:00\" \/>\n<meta name=\"twitter:card\" content=\"summary_large_image\" \/>\n<meta name=\"twitter:image\" content=\"https:\/\/i0.wp.com\/comerciallin.com\/wp-content\/uploads\/2023\/02\/536030180905.jpg?fit=%2C&amp;ssl=1\" \/>\n<meta name=\"twitter:label1\" content=\"Precio\" \/>\n\t<meta name=\"twitter:data1\" content=\"&#36;44,85\" \/>\n\t<meta name=\"twitter:label2\" content=\"Availability\" \/>\n\t<meta name=\"twitter:data2\" content=\"In stock\" \/>\n<script type=\"application\/ld+json\" class=\"yoast-schema-graph\">{\"@context\":\"https:\/\/schema.org\",\"@graph\":[{\"@type\":\"WebSite\",\"@id\":\"https:\/\/comerciallin.com\/#website\",\"url\":\"https:\/\/comerciallin.com\/\",\"name\":\"tienda de electr\\u00f3nica y computaci\\u00f3n\",\"description\":\"Importadora de Electr\\u00f3nica y Computaci\\u00f3n\",\"potentialAction\":[{\"@type\":\"SearchAction\",\"target\":{\"@type\":\"EntryPoint\",\"urlTemplate\":\"https:\/\/comerciallin.com\/?s={search_term_string}\"},\"query-input\":\"required name=search_term_string\"}],\"inLanguage\":\"es\"},{\"@type\":\"ImageObject\",\"@id\":\"https:\/\/comerciallin.com\/index.php\/producto\/bateria-comp-sony-vgp-bps9-vgp-bps9-s-vgp-bpz\/#primaryimage\",\"inLanguage\":\"es\",\"url\":\"https:\/\/i0.wp.com\/comerciallin.com\/wp-content\/uploads\/2023\/02\/536030180905.jpg?fit=%2C&ssl=1\",\"contentUrl\":\"https:\/\/i0.wp.com\/comerciallin.com\/wp-content\/uploads\/2023\/02\/536030180905.jpg?fit=%2C&ssl=1\",\"caption\":\"BATERIA COMP SONY VGP-BPS9\/VGP-BPS9-S\/VGP-BPZ\"},{\"@type\":\"WebPage\",\"@id\":\"https:\/\/comerciallin.com\/index.php\/producto\/bateria-comp-sony-vgp-bps9-vgp-bps9-s-vgp-bpz\/#webpage\",\"url\":\"https:\/\/comerciallin.com\/index.php\/producto\/bateria-comp-sony-vgp-bps9-vgp-bps9-s-vgp-bpz\/\",\"name\":\"BATERIA COMP SONY VGP-BPS9\/VGP-BPS9-S\/VGP-BPZ - tienda de electr\\u00f3nica y computaci\\u00f3n\",\"isPartOf\":{\"@id\":\"https:\/\/comerciallin.com\/#website\"},\"primaryImageOfPage\":{\"@id\":\"https:\/\/comerciallin.com\/index.php\/producto\/bateria-comp-sony-vgp-bps9-vgp-bps9-s-vgp-bpz\/#primaryimage\"},\"datePublished\":\"2022-11-07T18:28:19+00:00\",\"dateModified\":\"2025-01-14T18:54:42+00:00\",\"breadcrumb\":{\"@id\":\"https:\/\/comerciallin.com\/index.php\/producto\/bateria-comp-sony-vgp-bps9-vgp-bps9-s-vgp-bpz\/#breadcrumb\"},\"inLanguage\":\"es\",\"potentialAction\":[{\"@type\":\"ReadAction\",\"target\":[\"https:\/\/comerciallin.com\/index.php\/producto\/bateria-comp-sony-vgp-bps9-vgp-bps9-s-vgp-bpz\/\"]}]},{\"@type\":\"BreadcrumbList\",\"@id\":\"https:\/\/comerciallin.com\/index.php\/producto\/bateria-comp-sony-vgp-bps9-vgp-bps9-s-vgp-bpz\/#breadcrumb\",\"itemListElement\":[{\"@type\":\"ListItem\",\"position\":1,\"name\":\"Inicio\",\"item\":\"https:\/\/comerciallin.com\/\"},{\"@type\":\"ListItem\",\"position\":2,\"name\":\"Shop\",\"item\":\"https:\/\/comerciallin.com\/?page_id=3853\"},{\"@type\":\"ListItem\",\"position\":3,\"name\":\"BATERIA COMP SONY VGP-BPS9\/VGP-BPS9-S\/VGP-BPZ\"}]}]}<\/script>\n<meta property=\"product:price:amount\" content=\"44.85\" \/>\n<meta property=\"product:price:currency\" content=\"USD\" \/>\n<meta property=\"og:availability\" content=\"instock\" \/>\n<meta property=\"product:availability\" content=\"instock\" \/>\n<meta property=\"product:retailer_item_id\" content=\"536030180905\" \/>\n<meta property=\"product:condition\" content=\"new\" \/>\n<!-- \/ Yoast SEO Premium plugin. -->","yoast_head_json":{"title":"BATERIA COMP SONY VGP-BPS9\/VGP-BPS9-S\/VGP-BPZ - tienda de electr\u00f3nica y computaci\u00f3n","robots":{"index":"index","follow":"follow","max-snippet":"max-snippet:-1","max-image-preview":"max-image-preview:large","max-video-preview":"max-video-preview:-1"},"canonical":"https:\/\/comerciallin.com\/index.php\/producto\/bateria-comp-sony-vgp-bps9-vgp-bps9-s-vgp-bpz\/","og_locale":"es_ES","og_type":"article","og_title":"BATERIA COMP SONY VGP-BPS9\/VGP-BPS9-S\/VGP-BPZ","og_description":"Battery type: Li-ion Replacement battery Capacity: 5200mAh Voltage:11.1V(compatible with 10.8V battery) Celdas: 6 cell","og_url":"https:\/\/comerciallin.com\/index.php\/producto\/bateria-comp-sony-vgp-bps9-vgp-bps9-s-vgp-bpz\/","og_site_name":"tienda de electr\u00f3nica y computaci\u00f3n","article_modified_time":"2025-01-14T18:54:42+00:00","twitter_card":"summary_large_image","twitter_image":"https:\/\/i0.wp.com\/comerciallin.com\/wp-content\/uploads\/2023\/02\/536030180905.jpg?fit=%2C&ssl=1","twitter_misc":{"Precio":"&#36;44,85","Availability":"In stock"},"schema":{"@context":"https:\/\/schema.org","@graph":[{"@type":"WebSite","@id":"https:\/\/comerciallin.com\/#website","url":"https:\/\/comerciallin.com\/","name":"tienda de electr\u00f3nica y computaci\u00f3n","description":"Importadora de Electr\u00f3nica y Computaci\u00f3n","potentialAction":[{"@type":"SearchAction","target":{"@type":"EntryPoint","urlTemplate":"https:\/\/comerciallin.com\/?s={search_term_string}"},"query-input":"required name=search_term_string"}],"inLanguage":"es"},{"@type":"ImageObject","@id":"https:\/\/comerciallin.com\/index.php\/producto\/bateria-comp-sony-vgp-bps9-vgp-bps9-s-vgp-bpz\/#primaryimage","inLanguage":"es","url":"https:\/\/i0.wp.com\/comerciallin.com\/wp-content\/uploads\/2023\/02\/536030180905.jpg?fit=%2C&ssl=1","contentUrl":"https:\/\/i0.wp.com\/comerciallin.com\/wp-content\/uploads\/2023\/02\/536030180905.jpg?fit=%2C&ssl=1","caption":"BATERIA COMP SONY VGP-BPS9\/VGP-BPS9-S\/VGP-BPZ"},{"@type":"WebPage","@id":"https:\/\/comerciallin.com\/index.php\/producto\/bateria-comp-sony-vgp-bps9-vgp-bps9-s-vgp-bpz\/#webpage","url":"https:\/\/comerciallin.com\/index.php\/producto\/bateria-comp-sony-vgp-bps9-vgp-bps9-s-vgp-bpz\/","name":"BATERIA COMP SONY VGP-BPS9\/VGP-BPS9-S\/VGP-BPZ - tienda de electr\u00f3nica y computaci\u00f3n","isPartOf":{"@id":"https:\/\/comerciallin.com\/#website"},"primaryImageOfPage":{"@id":"https:\/\/comerciallin.com\/index.php\/producto\/bateria-comp-sony-vgp-bps9-vgp-bps9-s-vgp-bpz\/#primaryimage"},"datePublished":"2022-11-07T18:28:19+00:00","dateModified":"2025-01-14T18:54:42+00:00","breadcrumb":{"@id":"https:\/\/comerciallin.com\/index.php\/producto\/bateria-comp-sony-vgp-bps9-vgp-bps9-s-vgp-bpz\/#breadcrumb"},"inLanguage":"es","potentialAction":[{"@type":"ReadAction","target":["https:\/\/comerciallin.com\/index.php\/producto\/bateria-comp-sony-vgp-bps9-vgp-bps9-s-vgp-bpz\/"]}]},{"@type":"BreadcrumbList","@id":"https:\/\/comerciallin.com\/index.php\/producto\/bateria-comp-sony-vgp-bps9-vgp-bps9-s-vgp-bpz\/#breadcrumb","itemListElement":[{"@type":"ListItem","position":1,"name":"Inicio","item":"https:\/\/comerciallin.com\/"},{"@type":"ListItem","position":2,"name":"Shop","item":"https:\/\/comerciallin.com\/?page_id=3853"},{"@type":"ListItem","position":3,"name":"BATERIA COMP SONY VGP-BPS9\/VGP-BPS9-S\/VGP-BPZ"}]}]},"product_price_amount":"44.85","product_price_currency":"USD","og_availability":"instock","product_availability":"instock","product_retailer_item_id":"536030180905","product_condition":"new"},"jetpack-related-posts":[{"id":19074,"url":"https:\/\/comerciallin.com\/index.php\/producto\/bateria-comp-sony-vgp-bps35-vgp-bps35a-vaio-t\/","url_meta":{"origin":19283,"position":0},"title":"BATERIA COMP SONY VGP-BPS35\/VGP-BPS35A\/VAIO-T","date":"7 de noviembre de 2022","format":false,"excerpt":"Voltaje 14.8 Voltios Compatible Devices Laptop Dimensiones del art\u00edculo Largo x Ancho x Altura 11.6 x 2.8 x 1.2 pulgadas","rel":"","context":"Entrada similar","img":{"alt_text":"","src":"","width":0,"height":0},"classes":[]},{"id":19741,"url":"https:\/\/comerciallin.com\/index.php\/producto\/pantalla-lapto-11-6-slim-40pin-ks-43111640\/","url_meta":{"origin":19283,"position":1},"title":"PANTALLA LAPTO 11.6&#8243; SLIM 40PIN KS-43111640","date":"8 de noviembre de 2022","format":false,"excerpt":"Pantalla 11.6 Slim 40p L Sony Vaio Sve11125clp Sve11125clw","rel":"","context":"Entrada similar","img":{"alt_text":"","src":"","width":0,"height":0},"classes":[]},{"id":19110,"url":"https:\/\/comerciallin.com\/index.php\/producto\/bateria-comp-sony-vgp-bps13-b-vgp-bps13-q-vg3\/","url_meta":{"origin":19283,"position":2},"title":"BATERIA COMP SONY VGP-BPS13-B\/VGP-BPS13-Q\/VG3","date":"7 de noviembre de 2022","format":false,"excerpt":"Voltaje 11.1 Voltios Compatible Devices Laptop Reutilizaci\u00f3n Rechargeable","rel":"","context":"Entrada similar","img":{"alt_text":"","src":"","width":0,"height":0},"classes":[]},{"id":19235,"url":"https:\/\/comerciallin.com\/index.php\/producto\/bateria-comp-sony-vgp-bps26-vgp-bpl26-vgp-bpg\/","url_meta":{"origin":19283,"position":3},"title":"BATERIA COMP SONY VGP-BPS26\/VGP-BPL26\/VGP-BPG","date":"7 de noviembre de 2022","format":false,"excerpt":"Voltaje 11.1 Voltios Compatible Devices Laptop Reutilizaci\u00f3n Rechargeable","rel":"","context":"Entrada similar","img":{"alt_text":"","src":"","width":0,"height":0},"classes":[]},{"id":19147,"url":"https:\/\/comerciallin.com\/index.php\/producto\/bateria-comp-sony-vgp-bps2-pcgabpz51-vgp-bpl\/","url_meta":{"origin":19283,"position":4},"title":"BATERIA COMP SONY VGP-BPS2\/PCGABPZ51\/VGP-BPL-","date":"7 de noviembre de 2022","format":false,"excerpt":"Voltaje 11.1 Voltios Peso del producto 1 Libras Tipo de celda de bater\u00eda Litio Ion Capacidad 4400 Miliamperios Hora (mAh)","rel":"","context":"Entrada similar","img":{"alt_text":"","src":"","width":0,"height":0},"classes":[]},{"id":19128,"url":"https:\/\/comerciallin.com\/index.php\/producto\/bateria-comp-toshiba-pa3780u-pa3780u-1bas-pad\/","url_meta":{"origin":19283,"position":5},"title":"BATERIA COMP TOSHIBA PA3780U\/PA3780U-1BAS\/PAD","date":"7 de noviembre de 2022","format":false,"excerpt":"Voltaje 11.1 Voltios Peso del producto 3 Libras Tipo de celda de bater\u00eda Litio Ion Capacidad 4400 Miliamperios Hora (mAh)","rel":"","context":"Entrada similar","img":{"alt_text":"","src":"","width":0,"height":0},"classes":[]}],"jetpack_sharing_enabled":true,"jetpack_likes_enabled":true,"_links":{"self":[{"href":"https:\/\/comerciallin.com\/index.php\/wp-json\/wp\/v2\/product\/19283"}],"collection":[{"href":"https:\/\/comerciallin.com\/index.php\/wp-json\/wp\/v2\/product"}],"about":[{"href":"https:\/\/comerciallin.com\/index.php\/wp-json\/wp\/v2\/types\/product"}],"replies":[{"embeddable":true,"href":"https:\/\/comerciallin.com\/index.php\/wp-json\/wp\/v2\/comments?post=19283"}],"wp:featuredmedia":[{"embeddable":true,"href":"https:\/\/comerciallin.com\/index.php\/wp-json\/wp\/v2\/media\/21691"}],"wp:attachment":[{"href":"https:\/\/comerciallin.com\/index.php\/wp-json\/wp\/v2\/media?parent=19283"}],"wp:term":[{"taxonomy":"product_cat","embeddable":true,"href":"https:\/\/comerciallin.com\/index.php\/wp-json\/wp\/v2\/product_cat?post=19283"},{"taxonomy":"product_tag","embeddable":true,"href":"https:\/\/comerciallin.com\/index.php\/wp-json\/wp\/v2\/product_tag?post=19283"}],"curies":[{"name":"wp","href":"https:\/\/api.w.org\/{rel}","templated":true}]}}