{"id":19281,"date":"2022-11-07T13:28:19","date_gmt":"2022-11-07T18:28:19","guid":{"rendered":"https:\/\/comerciallin.com\/index.php\/producto\/bateria-p-lapto-dell-t54fj-m5y0x-e6420-e6520\/"},"modified":"2025-01-14T13:54:43","modified_gmt":"2025-01-14T18:54:43","slug":"bateria-p-lapto-dell-t54fj-m5y0x-e6420-e6520","status":"publish","type":"product","link":"https:\/\/comerciallin.com\/index.php\/producto\/bateria-p-lapto-dell-t54fj-m5y0x-e6420-e6520\/","title":{"rendered":"BATERIA P. LAPTO DELL T54FJ\/M5Y0X\/E6420\/E6520"},"content":{"rendered":"<p><strong>COMPATIBLES<\/strong>: Dell: 04 NW9 2P2MJ 312 &ndash; 1163 312 &ndash; 1164 312 &ndash; 1242 312 &ndash; 1323 312 &ndash; 1324 312 &ndash; 1325 4YRJH 8858 X 911 MD CWVXW DHT0 W HCJWT KJ321 M1Y7 N M5Y0 X NHXVW P8TC7 P9TJ0 PRRRF RU485 T54 F3 T54FJ UJ499 YKF0 M X57 F1 Fit Machine: Dell: Dell Latitude E5420 Series Dell Latitude E5430 Series Dell Latitude E5520 Series Dell Latitude E5530 Series Dell Latitude E6420 Series Dell Latitude E6420 ATG Series Dell Latitude E6420 XFR Series Dell Latitude E6430 Series Dell Latitude E6430 ATG Series Dell Latitude E6430 XFR Series Dell Latitude E6520 Series Dell Latitude E6530 Series Dell Latitude | E5430 Series Dell Latitude E5530 Series Dell Latitude | E6430 Series Dell Latitude E6430 ATG Series Dell Latitude serie | E6430 XFR Series Dell Latitude E6530<\/p>\n","protected":false},"excerpt":{"rendered":"<table>\n<tbody>\n<tr>\n<td>Marca<\/td>\n<td>DELL<\/td>\n<\/tr>\n<tr>\n<td>Voltaje<\/td>\n<td>11.1 Voltios<\/td>\n<\/tr>\n<tr>\n<td>Dimensiones del art&iacute;culo Largo x Ancho x Altura<\/td>\n<td>9.7 x 3.6 x 1.9 pulgadas<\/td>\n<\/tr>\n<\/tbody>\n<\/table>\n","protected":false},"featured_media":21704,"comment_status":"open","ping_status":"closed","template":"","meta":{"spay_email":""},"product_cat":[791],"product_tag":[],"supplier_id":null,"supplier_sku":"","barcode":null,"atum_controlled":true,"out_stock_date":null,"out_stock_threshold":null,"inheritable":false,"inbound_stock":null,"stock_on_hold":0,"sold_today":0,"sales_last_days":0,"reserved_stock":null,"customer_returns":null,"warehouse_damage":null,"lost_in_post":null,"other_logs":null,"out_stock_days":0,"lost_sales":0,"has_location":null,"update_date":"2026-05-07T00:17:25","atum_locations":[],"atum_stock_status":"instock","restock_status":false,"low_stock_amount":"","sales_update_date":"2026-05-07T00:17:25","calc_backorders":null,"acf":[],"yoast_head":"<!-- This site is optimized with the Yoast SEO Premium plugin v17.4 (Yoast SEO v17.4) - https:\/\/yoast.com\/wordpress\/plugins\/seo\/ -->\n<title>BATERIA P. LAPTO DELL T54FJ\/M5Y0X\/E6420\/E6520 - tienda de electr\u00f3nica y computaci\u00f3n<\/title>\n<meta name=\"robots\" content=\"index, follow, max-snippet:-1, max-image-preview:large, max-video-preview:-1\" \/>\n<link rel=\"canonical\" href=\"https:\/\/comerciallin.com\/index.php\/producto\/bateria-p-lapto-dell-t54fj-m5y0x-e6420-e6520\/\" \/>\n<meta property=\"og:locale\" content=\"es_ES\" \/>\n<meta property=\"og:type\" content=\"article\" \/>\n<meta property=\"og:title\" content=\"BATERIA P. LAPTO DELL T54FJ\/M5Y0X\/E6420\/E6520\" \/>\n<meta property=\"og:description\" content=\"Marca DELL   Voltaje 11.1 Voltios   Dimensiones del art&iacute;culo Largo x Ancho x Altura 9.7 x 3.6 x 1.9 pulgadas\" \/>\n<meta property=\"og:url\" content=\"https:\/\/comerciallin.com\/index.php\/producto\/bateria-p-lapto-dell-t54fj-m5y0x-e6420-e6520\/\" \/>\n<meta property=\"og:site_name\" content=\"tienda de electr\u00f3nica y computaci\u00f3n\" \/>\n<meta property=\"article:modified_time\" content=\"2025-01-14T18:54:43+00:00\" \/>\n<meta name=\"twitter:card\" content=\"summary_large_image\" \/>\n<meta name=\"twitter:image\" content=\"https:\/\/i0.wp.com\/comerciallin.com\/wp-content\/uploads\/2023\/02\/537030180808.jpg?fit=%2C&amp;ssl=1\" \/>\n<meta name=\"twitter:label1\" content=\"Precio\" \/>\n\t<meta name=\"twitter:data1\" content=\"&#36;69,00\" \/>\n\t<meta name=\"twitter:label2\" content=\"Availability\" \/>\n\t<meta name=\"twitter:data2\" content=\"In stock\" \/>\n<script type=\"application\/ld+json\" class=\"yoast-schema-graph\">{\"@context\":\"https:\/\/schema.org\",\"@graph\":[{\"@type\":\"WebSite\",\"@id\":\"https:\/\/comerciallin.com\/#website\",\"url\":\"https:\/\/comerciallin.com\/\",\"name\":\"tienda de electr\\u00f3nica y computaci\\u00f3n\",\"description\":\"Importadora de Electr\\u00f3nica y Computaci\\u00f3n\",\"potentialAction\":[{\"@type\":\"SearchAction\",\"target\":{\"@type\":\"EntryPoint\",\"urlTemplate\":\"https:\/\/comerciallin.com\/?s={search_term_string}\"},\"query-input\":\"required name=search_term_string\"}],\"inLanguage\":\"es\"},{\"@type\":\"ImageObject\",\"@id\":\"https:\/\/comerciallin.com\/index.php\/producto\/bateria-p-lapto-dell-t54fj-m5y0x-e6420-e6520\/#primaryimage\",\"inLanguage\":\"es\",\"url\":\"https:\/\/i0.wp.com\/comerciallin.com\/wp-content\/uploads\/2023\/02\/537030180808.jpg?fit=%2C&ssl=1\",\"contentUrl\":\"https:\/\/i0.wp.com\/comerciallin.com\/wp-content\/uploads\/2023\/02\/537030180808.jpg?fit=%2C&ssl=1\",\"caption\":\"BATERIA P. LAPTO DELL T54FJ\/M5Y0X\/E6420\/E6520\"},{\"@type\":\"WebPage\",\"@id\":\"https:\/\/comerciallin.com\/index.php\/producto\/bateria-p-lapto-dell-t54fj-m5y0x-e6420-e6520\/#webpage\",\"url\":\"https:\/\/comerciallin.com\/index.php\/producto\/bateria-p-lapto-dell-t54fj-m5y0x-e6420-e6520\/\",\"name\":\"BATERIA P. LAPTO DELL T54FJ\/M5Y0X\/E6420\/E6520 - tienda de electr\\u00f3nica y computaci\\u00f3n\",\"isPartOf\":{\"@id\":\"https:\/\/comerciallin.com\/#website\"},\"primaryImageOfPage\":{\"@id\":\"https:\/\/comerciallin.com\/index.php\/producto\/bateria-p-lapto-dell-t54fj-m5y0x-e6420-e6520\/#primaryimage\"},\"datePublished\":\"2022-11-07T18:28:19+00:00\",\"dateModified\":\"2025-01-14T18:54:43+00:00\",\"breadcrumb\":{\"@id\":\"https:\/\/comerciallin.com\/index.php\/producto\/bateria-p-lapto-dell-t54fj-m5y0x-e6420-e6520\/#breadcrumb\"},\"inLanguage\":\"es\",\"potentialAction\":[{\"@type\":\"ReadAction\",\"target\":[\"https:\/\/comerciallin.com\/index.php\/producto\/bateria-p-lapto-dell-t54fj-m5y0x-e6420-e6520\/\"]}]},{\"@type\":\"BreadcrumbList\",\"@id\":\"https:\/\/comerciallin.com\/index.php\/producto\/bateria-p-lapto-dell-t54fj-m5y0x-e6420-e6520\/#breadcrumb\",\"itemListElement\":[{\"@type\":\"ListItem\",\"position\":1,\"name\":\"Inicio\",\"item\":\"https:\/\/comerciallin.com\/\"},{\"@type\":\"ListItem\",\"position\":2,\"name\":\"Shop\",\"item\":\"https:\/\/comerciallin.com\/?page_id=3853\"},{\"@type\":\"ListItem\",\"position\":3,\"name\":\"BATERIA P. LAPTO DELL T54FJ\/M5Y0X\/E6420\/E6520\"}]}]}<\/script>\n<meta property=\"product:price:amount\" content=\"69.00\" \/>\n<meta property=\"product:price:currency\" content=\"USD\" \/>\n<meta property=\"og:availability\" content=\"instock\" \/>\n<meta property=\"product:availability\" content=\"instock\" \/>\n<meta property=\"product:retailer_item_id\" content=\"537030180808\" \/>\n<meta property=\"product:condition\" content=\"new\" \/>\n<!-- \/ Yoast SEO Premium plugin. -->","yoast_head_json":{"title":"BATERIA P. LAPTO DELL T54FJ\/M5Y0X\/E6420\/E6520 - tienda de electr\u00f3nica y computaci\u00f3n","robots":{"index":"index","follow":"follow","max-snippet":"max-snippet:-1","max-image-preview":"max-image-preview:large","max-video-preview":"max-video-preview:-1"},"canonical":"https:\/\/comerciallin.com\/index.php\/producto\/bateria-p-lapto-dell-t54fj-m5y0x-e6420-e6520\/","og_locale":"es_ES","og_type":"article","og_title":"BATERIA P. LAPTO DELL T54FJ\/M5Y0X\/E6420\/E6520","og_description":"Marca DELL   Voltaje 11.1 Voltios   Dimensiones del art&iacute;culo Largo x Ancho x Altura 9.7 x 3.6 x 1.9 pulgadas","og_url":"https:\/\/comerciallin.com\/index.php\/producto\/bateria-p-lapto-dell-t54fj-m5y0x-e6420-e6520\/","og_site_name":"tienda de electr\u00f3nica y computaci\u00f3n","article_modified_time":"2025-01-14T18:54:43+00:00","twitter_card":"summary_large_image","twitter_image":"https:\/\/i0.wp.com\/comerciallin.com\/wp-content\/uploads\/2023\/02\/537030180808.jpg?fit=%2C&ssl=1","twitter_misc":{"Precio":"&#36;69,00","Availability":"In stock"},"schema":{"@context":"https:\/\/schema.org","@graph":[{"@type":"WebSite","@id":"https:\/\/comerciallin.com\/#website","url":"https:\/\/comerciallin.com\/","name":"tienda de electr\u00f3nica y computaci\u00f3n","description":"Importadora de Electr\u00f3nica y Computaci\u00f3n","potentialAction":[{"@type":"SearchAction","target":{"@type":"EntryPoint","urlTemplate":"https:\/\/comerciallin.com\/?s={search_term_string}"},"query-input":"required name=search_term_string"}],"inLanguage":"es"},{"@type":"ImageObject","@id":"https:\/\/comerciallin.com\/index.php\/producto\/bateria-p-lapto-dell-t54fj-m5y0x-e6420-e6520\/#primaryimage","inLanguage":"es","url":"https:\/\/i0.wp.com\/comerciallin.com\/wp-content\/uploads\/2023\/02\/537030180808.jpg?fit=%2C&ssl=1","contentUrl":"https:\/\/i0.wp.com\/comerciallin.com\/wp-content\/uploads\/2023\/02\/537030180808.jpg?fit=%2C&ssl=1","caption":"BATERIA P. LAPTO DELL T54FJ\/M5Y0X\/E6420\/E6520"},{"@type":"WebPage","@id":"https:\/\/comerciallin.com\/index.php\/producto\/bateria-p-lapto-dell-t54fj-m5y0x-e6420-e6520\/#webpage","url":"https:\/\/comerciallin.com\/index.php\/producto\/bateria-p-lapto-dell-t54fj-m5y0x-e6420-e6520\/","name":"BATERIA P. LAPTO DELL T54FJ\/M5Y0X\/E6420\/E6520 - tienda de electr\u00f3nica y computaci\u00f3n","isPartOf":{"@id":"https:\/\/comerciallin.com\/#website"},"primaryImageOfPage":{"@id":"https:\/\/comerciallin.com\/index.php\/producto\/bateria-p-lapto-dell-t54fj-m5y0x-e6420-e6520\/#primaryimage"},"datePublished":"2022-11-07T18:28:19+00:00","dateModified":"2025-01-14T18:54:43+00:00","breadcrumb":{"@id":"https:\/\/comerciallin.com\/index.php\/producto\/bateria-p-lapto-dell-t54fj-m5y0x-e6420-e6520\/#breadcrumb"},"inLanguage":"es","potentialAction":[{"@type":"ReadAction","target":["https:\/\/comerciallin.com\/index.php\/producto\/bateria-p-lapto-dell-t54fj-m5y0x-e6420-e6520\/"]}]},{"@type":"BreadcrumbList","@id":"https:\/\/comerciallin.com\/index.php\/producto\/bateria-p-lapto-dell-t54fj-m5y0x-e6420-e6520\/#breadcrumb","itemListElement":[{"@type":"ListItem","position":1,"name":"Inicio","item":"https:\/\/comerciallin.com\/"},{"@type":"ListItem","position":2,"name":"Shop","item":"https:\/\/comerciallin.com\/?page_id=3853"},{"@type":"ListItem","position":3,"name":"BATERIA P. LAPTO DELL T54FJ\/M5Y0X\/E6420\/E6520"}]}]},"product_price_amount":"69.00","product_price_currency":"USD","og_availability":"instock","product_availability":"instock","product_retailer_item_id":"537030180808","product_condition":"new"},"jetpack-related-posts":[{"id":19189,"url":"https:\/\/comerciallin.com\/index.php\/producto\/bateria-comp-dell-demr90y-3521\/","url_meta":{"origin":19281,"position":0},"title":"BATERIA COMP DELL DEMR90Y\/3521","date":"7 de noviembre de 2022","format":false,"excerpt":"Voltaje 11.1 Voltios Peso de la Bater\u00eda 340 Gramos Compatible Devices Laptop","rel":"","context":"Entrada similar","img":{"alt_text":"BATERIA COMP DELL DEMR90Y\/3521","src":"https:\/\/i0.wp.com\/comerciallin.com\/wp-content\/uploads\/2023\/02\/537030100813.jpg?fit=992%2C744&ssl=1&resize=350%2C200","width":350,"height":200},"classes":[]},{"id":19301,"url":"https:\/\/comerciallin.com\/index.php\/producto\/bateria-comp-dell-gjknx-e5480-5580\/","url_meta":{"origin":19281,"position":1},"title":"BATERIA COMP DELL GJKNX\/E5480-5580","date":"7 de noviembre de 2022","format":false,"excerpt":"Pilas 1 Pol\u00edmero de litio (Tipo de pila necesaria) Marca Dentsing Voltaje 7.6 Voltios Peso de la Bater\u00eda 100 Gramos Compatible Devices Laptop, Notebook","rel":"","context":"Entrada similar","img":{"alt_text":"","src":"","width":0,"height":0},"classes":[]},{"id":19207,"url":"https:\/\/comerciallin.com\/index.php\/producto\/bateria-comp-dell-e6400-e6410-e6500-e6510-e83\/","url_meta":{"origin":19281,"position":2},"title":"BATERIA COMP DELL E6400\/E6410\/E6500\/E6510\/E83","date":"7 de noviembre de 2022","format":false,"excerpt":"Pilas 1 Iones de litio necesaria(s), incluida(s) Marca Bay Valley Parts Voltaje 11.1 Voltios","rel":"","context":"Entrada similar","img":{"alt_text":"","src":"","width":0,"height":0},"classes":[]},{"id":22501,"url":"https:\/\/comerciallin.com\/index.php\/producto\/bateria-comp-dell-33ydh\/","url_meta":{"origin":19281,"position":3},"title":"BATERIA COMP DELL 33YDH","date":"19 de abril de 2023","format":false,"excerpt":"Bater\u00eda de 33YDH para Dell Inspiron 17 7000 7773 7786 7778 7789 2 en 1 15 7577 Latitude 13 3380 14 3490 15 3590 3580 G5 15 5587 GG7 3 357 9 3779 G7 7588 Vostro 7580 7570 PVHT1 P30E 81PF3 081PF3","rel":"","context":"Entrada similar","img":{"alt_text":"","src":"","width":0,"height":0},"classes":[]},{"id":19577,"url":"https:\/\/comerciallin.com\/index.php\/producto\/bateria-comp-dell-ryxxh-3150-3160\/","url_meta":{"origin":19281,"position":4},"title":"BATERIA COMP DELL RYXXH\/3150\/3160","date":"7 de noviembre de 2022","format":false,"excerpt":"Dell RYXXH Latitude E5250 E5450 E5550 Series 38WH 11.1V Laptop Battery","rel":"","context":"Entrada similar","img":{"alt_text":"","src":"","width":0,"height":0},"classes":[]},{"id":19138,"url":"https:\/\/comerciallin.com\/index.php\/producto\/bateria-comp-dell-e6220-e6230-e6320-e6330-e6w\/","url_meta":{"origin":19281,"position":5},"title":"BATERIA COMP DELL E6220\/E6230\/E6320\/E6330\/E6W","date":"7 de noviembre de 2022","format":false,"excerpt":"Bater\u00eda para laptop modelos E6230 E6220 E6320 E6330 E6430s","rel":"","context":"Entrada similar","img":{"alt_text":"","src":"","width":0,"height":0},"classes":[]}],"jetpack_sharing_enabled":true,"jetpack_likes_enabled":true,"_links":{"self":[{"href":"https:\/\/comerciallin.com\/index.php\/wp-json\/wp\/v2\/product\/19281"}],"collection":[{"href":"https:\/\/comerciallin.com\/index.php\/wp-json\/wp\/v2\/product"}],"about":[{"href":"https:\/\/comerciallin.com\/index.php\/wp-json\/wp\/v2\/types\/product"}],"replies":[{"embeddable":true,"href":"https:\/\/comerciallin.com\/index.php\/wp-json\/wp\/v2\/comments?post=19281"}],"wp:featuredmedia":[{"embeddable":true,"href":"https:\/\/comerciallin.com\/index.php\/wp-json\/wp\/v2\/media\/21704"}],"wp:attachment":[{"href":"https:\/\/comerciallin.com\/index.php\/wp-json\/wp\/v2\/media?parent=19281"}],"wp:term":[{"taxonomy":"product_cat","embeddable":true,"href":"https:\/\/comerciallin.com\/index.php\/wp-json\/wp\/v2\/product_cat?post=19281"},{"taxonomy":"product_tag","embeddable":true,"href":"https:\/\/comerciallin.com\/index.php\/wp-json\/wp\/v2\/product_tag?post=19281"}],"curies":[{"name":"wp","href":"https:\/\/api.w.org\/{rel}","templated":true}]}}