{"id":19279,"date":"2022-11-07T13:28:19","date_gmt":"2022-11-07T18:28:19","guid":{"rendered":"https:\/\/comerciallin.com\/index.php\/producto\/bateria-comp-acer-as10d31-51-81-75-61-41-71-1\/"},"modified":"2025-01-14T13:54:09","modified_gmt":"2025-01-14T18:54:09","slug":"bateria-comp-acer-as10d31-51-81-75-61-41-71-1","status":"publish","type":"product","link":"https:\/\/comerciallin.com\/index.php\/producto\/bateria-comp-acer-as10d31-51-81-75-61-41-71-1\/","title":{"rendered":"BATERIA COMP ACER AS10D31-51-81-75-61-41-71\/1"},"content":{"rendered":"<table width=\"527\">\n<tbody>\n<tr>\n<td width=\"527\"><strong>Replacement For Acer notebooks<\/strong><br \/>31CR19\/65-2 \/ 31CR19\/66-2 \/ 3ICR19\/66-3 \/ 31CR19\/65-2 \/ AS10D31 \/ AS10D3E \/ AS10D41 \/ AS10D51 \/ AS10D61 \/ AS10D71 \/ AS10D75 \/ AS10G3E \/ AS10D \/ BT.00603.111 \/ BT.00606.008 \/ BT.00607.125 \/ BT.00607.127 \/ AK.006BT.075 \/ AS10D73 \/ BT.00603.117 \/ BT.00605.062 \/ BT. 00607.130 \/ AK.006BT.080 \/ AS10D75 \/ BT.00603.124 \/ LC.BTP00.123 \/ BT.00604.049 \/ BT.00605.065 \/ BT.00607.126<\/p>\n<p><strong>Fit Machine Models Acer notebooks<\/strong><br \/>Acer Aspire<br \/>4250 4253 4339 4349 4551 4551G 4738 4738Z 4739 4739Z 4743 4743Z 4741 4750 4750G 4755 4755G 4752 4752G 4752Z 4771 5251 5252 5253 5336 5349 5551 5551G 5552G 5560 5560G 5733 5741 5741G 5741Z 5742 5742G 5742Z 5742ZG 5750 5750G 5750Z 5750ZG 5755 5755G 5736 5736Z 7741G 7741Z-5731 7741Z-4643 7551G 7552G 7750Z<\/p>\n<p><strong>Acer TravelMate<\/strong><br \/>4740 4750 5335 5542 5542G 5735 5735Z 5740 5740G 5740Z 5742 5742G 5742Z 5742ZG 5744 5760 6495T 7740 7740G 7750 7750G 7750Z 8472 8473 8573 TM5742<\/p>\n<p><strong>Gateway<\/strong><br \/>NV57H NV55S NV50A NE56R NV51B NV75S NV77H NE51B NV76R NV52L NV73A NV79C NV56R NV49C<\/td>\n<\/tr>\n<\/tbody>\n<\/table>\n","protected":false},"excerpt":{"rendered":"<p>Pilas 1 Iones de litio necesaria(s), incluida(s)<br \/>\n Voltaje 10.8 Voltios<\/p>\n","protected":false},"featured_media":21587,"comment_status":"open","ping_status":"closed","template":"","meta":{"spay_email":""},"product_cat":[792],"product_tag":[],"supplier_id":null,"supplier_sku":"","barcode":null,"atum_controlled":true,"out_stock_date":null,"out_stock_threshold":null,"inheritable":false,"inbound_stock":null,"stock_on_hold":0,"sold_today":0,"sales_last_days":0,"reserved_stock":null,"customer_returns":null,"warehouse_damage":null,"lost_in_post":null,"other_logs":null,"out_stock_days":0,"lost_sales":0,"has_location":null,"update_date":"2026-04-30T00:11:40","atum_locations":[],"atum_stock_status":"instock","restock_status":false,"low_stock_amount":"","sales_update_date":"2026-04-30T00:11:40","calc_backorders":null,"acf":[],"yoast_head":"<!-- This site is optimized with the Yoast SEO Premium plugin v17.4 (Yoast SEO v17.4) - https:\/\/yoast.com\/wordpress\/plugins\/seo\/ -->\n<title>BATERIA COMP ACER AS10D31-51-81-75-61-41-71\/1 - tienda de electr\u00f3nica y computaci\u00f3n<\/title>\n<meta name=\"robots\" content=\"index, follow, max-snippet:-1, max-image-preview:large, max-video-preview:-1\" \/>\n<link rel=\"canonical\" href=\"https:\/\/comerciallin.com\/index.php\/producto\/bateria-comp-acer-as10d31-51-81-75-61-41-71-1\/\" \/>\n<meta property=\"og:locale\" content=\"es_ES\" \/>\n<meta property=\"og:type\" content=\"article\" \/>\n<meta property=\"og:title\" content=\"BATERIA COMP ACER AS10D31-51-81-75-61-41-71\/1\" \/>\n<meta property=\"og:description\" content=\"Pilas 1 Iones de litio necesaria(s), incluida(s) Voltaje 10.8 Voltios\" \/>\n<meta property=\"og:url\" content=\"https:\/\/comerciallin.com\/index.php\/producto\/bateria-comp-acer-as10d31-51-81-75-61-41-71-1\/\" \/>\n<meta property=\"og:site_name\" content=\"tienda de electr\u00f3nica y computaci\u00f3n\" \/>\n<meta property=\"article:modified_time\" content=\"2025-01-14T18:54:09+00:00\" \/>\n<meta property=\"og:image\" content=\"https:\/\/comerciallin.com\/wp-content\/uploads\/2023\/02\/2123206064.jpg\" \/>\n\t<meta property=\"og:image:width\" content=\"992\" \/>\n\t<meta property=\"og:image:height\" content=\"744\" \/>\n<meta name=\"twitter:card\" content=\"summary_large_image\" \/>\n<meta name=\"twitter:label1\" content=\"Precio\" \/>\n\t<meta name=\"twitter:data1\" content=\"&#36;46,00\" \/>\n\t<meta name=\"twitter:label2\" content=\"Availability\" \/>\n\t<meta name=\"twitter:data2\" content=\"In stock\" \/>\n<script type=\"application\/ld+json\" class=\"yoast-schema-graph\">{\"@context\":\"https:\/\/schema.org\",\"@graph\":[{\"@type\":\"WebSite\",\"@id\":\"https:\/\/comerciallin.com\/#website\",\"url\":\"https:\/\/comerciallin.com\/\",\"name\":\"tienda de electr\\u00f3nica y computaci\\u00f3n\",\"description\":\"Importadora de Electr\\u00f3nica y Computaci\\u00f3n\",\"potentialAction\":[{\"@type\":\"SearchAction\",\"target\":{\"@type\":\"EntryPoint\",\"urlTemplate\":\"https:\/\/comerciallin.com\/?s={search_term_string}\"},\"query-input\":\"required name=search_term_string\"}],\"inLanguage\":\"es\"},{\"@type\":\"ImageObject\",\"@id\":\"https:\/\/comerciallin.com\/index.php\/producto\/bateria-comp-acer-as10d31-51-81-75-61-41-71-1\/#primaryimage\",\"inLanguage\":\"es\",\"url\":\"https:\/\/i0.wp.com\/comerciallin.com\/wp-content\/uploads\/2023\/02\/2123206064.jpg?fit=992%2C744&ssl=1\",\"contentUrl\":\"https:\/\/i0.wp.com\/comerciallin.com\/wp-content\/uploads\/2023\/02\/2123206064.jpg?fit=992%2C744&ssl=1\",\"width\":992,\"height\":744,\"caption\":\"BATERIA COMP ACER AS10D31-51-81-75-61-41-71\/1\"},{\"@type\":\"WebPage\",\"@id\":\"https:\/\/comerciallin.com\/index.php\/producto\/bateria-comp-acer-as10d31-51-81-75-61-41-71-1\/#webpage\",\"url\":\"https:\/\/comerciallin.com\/index.php\/producto\/bateria-comp-acer-as10d31-51-81-75-61-41-71-1\/\",\"name\":\"BATERIA COMP ACER AS10D31-51-81-75-61-41-71\/1 - tienda de electr\\u00f3nica y computaci\\u00f3n\",\"isPartOf\":{\"@id\":\"https:\/\/comerciallin.com\/#website\"},\"primaryImageOfPage\":{\"@id\":\"https:\/\/comerciallin.com\/index.php\/producto\/bateria-comp-acer-as10d31-51-81-75-61-41-71-1\/#primaryimage\"},\"datePublished\":\"2022-11-07T18:28:19+00:00\",\"dateModified\":\"2025-01-14T18:54:09+00:00\",\"breadcrumb\":{\"@id\":\"https:\/\/comerciallin.com\/index.php\/producto\/bateria-comp-acer-as10d31-51-81-75-61-41-71-1\/#breadcrumb\"},\"inLanguage\":\"es\",\"potentialAction\":[{\"@type\":\"ReadAction\",\"target\":[\"https:\/\/comerciallin.com\/index.php\/producto\/bateria-comp-acer-as10d31-51-81-75-61-41-71-1\/\"]}]},{\"@type\":\"BreadcrumbList\",\"@id\":\"https:\/\/comerciallin.com\/index.php\/producto\/bateria-comp-acer-as10d31-51-81-75-61-41-71-1\/#breadcrumb\",\"itemListElement\":[{\"@type\":\"ListItem\",\"position\":1,\"name\":\"Inicio\",\"item\":\"https:\/\/comerciallin.com\/\"},{\"@type\":\"ListItem\",\"position\":2,\"name\":\"Shop\",\"item\":\"https:\/\/comerciallin.com\/?page_id=3853\"},{\"@type\":\"ListItem\",\"position\":3,\"name\":\"BATERIA COMP ACER AS10D31-51-81-75-61-41-71\/1\"}]}]}<\/script>\n<meta property=\"product:price:amount\" content=\"46.00\" \/>\n<meta property=\"product:price:currency\" content=\"USD\" \/>\n<meta property=\"og:availability\" content=\"instock\" \/>\n<meta property=\"product:availability\" content=\"instock\" \/>\n<meta property=\"product:retailer_item_id\" content=\"2123206064\" \/>\n<meta property=\"product:condition\" content=\"new\" \/>\n<!-- \/ Yoast SEO Premium plugin. -->","yoast_head_json":{"title":"BATERIA COMP ACER AS10D31-51-81-75-61-41-71\/1 - tienda de electr\u00f3nica y computaci\u00f3n","robots":{"index":"index","follow":"follow","max-snippet":"max-snippet:-1","max-image-preview":"max-image-preview:large","max-video-preview":"max-video-preview:-1"},"canonical":"https:\/\/comerciallin.com\/index.php\/producto\/bateria-comp-acer-as10d31-51-81-75-61-41-71-1\/","og_locale":"es_ES","og_type":"article","og_title":"BATERIA COMP ACER AS10D31-51-81-75-61-41-71\/1","og_description":"Pilas 1 Iones de litio necesaria(s), incluida(s) Voltaje 10.8 Voltios","og_url":"https:\/\/comerciallin.com\/index.php\/producto\/bateria-comp-acer-as10d31-51-81-75-61-41-71-1\/","og_site_name":"tienda de electr\u00f3nica y computaci\u00f3n","article_modified_time":"2025-01-14T18:54:09+00:00","og_image":[{"width":992,"height":744,"url":"https:\/\/comerciallin.com\/wp-content\/uploads\/2023\/02\/2123206064.jpg","type":"image\/jpeg"}],"twitter_card":"summary_large_image","twitter_misc":{"Precio":"&#36;46,00","Availability":"In stock"},"schema":{"@context":"https:\/\/schema.org","@graph":[{"@type":"WebSite","@id":"https:\/\/comerciallin.com\/#website","url":"https:\/\/comerciallin.com\/","name":"tienda de electr\u00f3nica y computaci\u00f3n","description":"Importadora de Electr\u00f3nica y Computaci\u00f3n","potentialAction":[{"@type":"SearchAction","target":{"@type":"EntryPoint","urlTemplate":"https:\/\/comerciallin.com\/?s={search_term_string}"},"query-input":"required name=search_term_string"}],"inLanguage":"es"},{"@type":"ImageObject","@id":"https:\/\/comerciallin.com\/index.php\/producto\/bateria-comp-acer-as10d31-51-81-75-61-41-71-1\/#primaryimage","inLanguage":"es","url":"https:\/\/i0.wp.com\/comerciallin.com\/wp-content\/uploads\/2023\/02\/2123206064.jpg?fit=992%2C744&ssl=1","contentUrl":"https:\/\/i0.wp.com\/comerciallin.com\/wp-content\/uploads\/2023\/02\/2123206064.jpg?fit=992%2C744&ssl=1","width":992,"height":744,"caption":"BATERIA COMP ACER AS10D31-51-81-75-61-41-71\/1"},{"@type":"WebPage","@id":"https:\/\/comerciallin.com\/index.php\/producto\/bateria-comp-acer-as10d31-51-81-75-61-41-71-1\/#webpage","url":"https:\/\/comerciallin.com\/index.php\/producto\/bateria-comp-acer-as10d31-51-81-75-61-41-71-1\/","name":"BATERIA COMP ACER AS10D31-51-81-75-61-41-71\/1 - tienda de electr\u00f3nica y computaci\u00f3n","isPartOf":{"@id":"https:\/\/comerciallin.com\/#website"},"primaryImageOfPage":{"@id":"https:\/\/comerciallin.com\/index.php\/producto\/bateria-comp-acer-as10d31-51-81-75-61-41-71-1\/#primaryimage"},"datePublished":"2022-11-07T18:28:19+00:00","dateModified":"2025-01-14T18:54:09+00:00","breadcrumb":{"@id":"https:\/\/comerciallin.com\/index.php\/producto\/bateria-comp-acer-as10d31-51-81-75-61-41-71-1\/#breadcrumb"},"inLanguage":"es","potentialAction":[{"@type":"ReadAction","target":["https:\/\/comerciallin.com\/index.php\/producto\/bateria-comp-acer-as10d31-51-81-75-61-41-71-1\/"]}]},{"@type":"BreadcrumbList","@id":"https:\/\/comerciallin.com\/index.php\/producto\/bateria-comp-acer-as10d31-51-81-75-61-41-71-1\/#breadcrumb","itemListElement":[{"@type":"ListItem","position":1,"name":"Inicio","item":"https:\/\/comerciallin.com\/"},{"@type":"ListItem","position":2,"name":"Shop","item":"https:\/\/comerciallin.com\/?page_id=3853"},{"@type":"ListItem","position":3,"name":"BATERIA COMP ACER AS10D31-51-81-75-61-41-71\/1"}]}]},"product_price_amount":"46.00","product_price_currency":"USD","og_availability":"instock","product_availability":"instock","product_retailer_item_id":"2123206064","product_condition":"new"},"jetpack-related-posts":[{"id":19086,"url":"https:\/\/comerciallin.com\/index.php\/producto\/bateria-comp-acer-extensa-5120-5210-5220-5230-2\/","url_meta":{"origin":19279,"position":0},"title":"BATERIA COMP ACER EXTENSA 5120\/5210\/5220\/5230","date":"7 de noviembre de 2022","format":false,"excerpt":"Voltaje 11.1 Voltios Battery Cell Type Litio Ion Capacidad 5200 Miliamperios hora (mAh)","rel":"","context":"Entrada similar","img":{"alt_text":"","src":"","width":0,"height":0},"classes":[]},{"id":19058,"url":"https:\/\/comerciallin.com\/index.php\/producto\/bateria-comp-acer-extensa-5120-5210-5220-5230\/","url_meta":{"origin":19279,"position":1},"title":"BATERIA COMP ACER EXTENSA 5120\/5210\/5220\/5230","date":"7 de noviembre de 2022","format":false,"excerpt":"Voltaje 11.1 Voltios Battery Cell Type Litio Ion Capacidad 5200 Miliamperios hora (mAh)","rel":"","context":"Entrada similar","img":{"alt_text":"","src":"","width":0,"height":0},"classes":[]},{"id":22827,"url":"https:\/\/comerciallin.com\/index.php\/producto\/megafono-ks-1200usb-bt\/","url_meta":{"origin":19279,"position":2},"title":"MEGAFONO KS-1200USB + BT","date":"24 de abril de 2023","format":false,"excerpt":"","rel":"","context":"Entrada similar","img":{"alt_text":"","src":"","width":0,"height":0},"classes":[]},{"id":23771,"url":"https:\/\/comerciallin.com\/index.php\/producto\/megafono-ks-107-619usb-bt\/","url_meta":{"origin":19279,"position":3},"title":"MEGAFONO KS-107\/619USB + BT","date":"3 de mayo de 2023","format":false,"excerpt":"","rel":"","context":"Entrada similar","img":{"alt_text":"","src":"","width":0,"height":0},"classes":[]},{"id":19737,"url":"https:\/\/comerciallin.com\/index.php\/producto\/pantalla-lapto-14-0-led\/","url_meta":{"origin":19279,"position":4},"title":"PANTALLA LAPTO 14.0&#8243; LED","date":"8 de noviembre de 2022","format":false,"excerpt":"Pantalla Display 14.0 Led 40p Hp 1000-1424la","rel":"","context":"Entrada similar","img":{"alt_text":"PANTALLA LAPTO 14.0\" LED","src":"https:\/\/i0.wp.com\/comerciallin.com\/wp-content\/uploads\/2023\/02\/122030100801.jpg?fit=992%2C744&ssl=1&resize=350%2C200","width":350,"height":200},"classes":[]}],"jetpack_sharing_enabled":true,"jetpack_likes_enabled":true,"_links":{"self":[{"href":"https:\/\/comerciallin.com\/index.php\/wp-json\/wp\/v2\/product\/19279"}],"collection":[{"href":"https:\/\/comerciallin.com\/index.php\/wp-json\/wp\/v2\/product"}],"about":[{"href":"https:\/\/comerciallin.com\/index.php\/wp-json\/wp\/v2\/types\/product"}],"replies":[{"embeddable":true,"href":"https:\/\/comerciallin.com\/index.php\/wp-json\/wp\/v2\/comments?post=19279"}],"wp:featuredmedia":[{"embeddable":true,"href":"https:\/\/comerciallin.com\/index.php\/wp-json\/wp\/v2\/media\/21587"}],"wp:attachment":[{"href":"https:\/\/comerciallin.com\/index.php\/wp-json\/wp\/v2\/media?parent=19279"}],"wp:term":[{"taxonomy":"product_cat","embeddable":true,"href":"https:\/\/comerciallin.com\/index.php\/wp-json\/wp\/v2\/product_cat?post=19279"},{"taxonomy":"product_tag","embeddable":true,"href":"https:\/\/comerciallin.com\/index.php\/wp-json\/wp\/v2\/product_tag?post=19279"}],"curies":[{"name":"wp","href":"https:\/\/api.w.org\/{rel}","templated":true}]}}