{"id":19277,"date":"2022-11-07T13:28:18","date_gmt":"2022-11-07T18:28:18","guid":{"rendered":"https:\/\/comerciallin.com\/index.php\/producto\/bateria-comp-acer-as09a31-41-51-61-70-71-75-z\/"},"modified":"2025-01-14T13:54:08","modified_gmt":"2025-01-14T18:54:08","slug":"bateria-comp-acer-as09a31-41-51-61-70-71-75-z","status":"publish","type":"product","link":"https:\/\/comerciallin.com\/index.php\/producto\/bateria-comp-acer-as09a31-41-51-61-70-71-75-z\/","title":{"rendered":"BATERIA COMP ACER AS09A31-41-51-61-70-71-75\/Z"},"content":{"rendered":"<ul>\n<li>Compatible con los siguientes modelos: ACER Series 4732Z-432G25MN 4732Z-431G16Mn 5332-312G32Mn 5516-5063 5516-5128 5516-5196 5516-5474 5516-5640 5517-1127 5517-5078 5517-5086 5517-5136 5517-5535 5517-5700 Aspire 4732 Aspire 4732Z Aspire 4732Z-452G32Mnbs Aspire 534.<\/li>\n<li>Modelos compatibles: ACER Series Aspire 5517-1643 Aspire 5517-5086 Aspire 5517-5661 Aspire 5517-5671 Aspire 5517-5997 Aspire 5532 Aspire 5532-203G25Mn Aspire 5532-314G32Mn Aspire 5532-314G50Mn Aspire 5532-5509 Aspire 5532-5535 Aspire 5532-6C3G32MN Aspire 5732Z Aspire 5732Z-4280 Aspire 5732Z-433GN<\/li>\n<\/ul>\n","protected":false},"excerpt":{"rendered":"<table>\n<tbody>\n<tr>\n<td>Voltaje<\/td>\n<td>11.1 Voltios<\/td>\n<\/tr>\n<tr>\n<td>Compatible Devices<\/td>\n<td>Laptop<\/td>\n<\/tr>\n<tr>\n<td>Reutilizaci&oacute;n<\/td>\n<td>Rechargeable<\/td>\n<\/tr>\n<tr>\n<td>Tipo de celda de bater&iacute;a<\/td>\n<td>Litio Ion<\/td>\n<\/tr>\n<\/tbody>\n<\/table>\n","protected":false},"featured_media":21581,"comment_status":"open","ping_status":"closed","template":"","meta":{"spay_email":""},"product_cat":[792],"product_tag":[],"supplier_id":null,"supplier_sku":"","barcode":null,"atum_controlled":true,"out_stock_date":null,"out_stock_threshold":null,"inheritable":false,"inbound_stock":null,"stock_on_hold":0,"sold_today":0,"sales_last_days":0,"reserved_stock":null,"customer_returns":null,"warehouse_damage":null,"lost_in_post":null,"other_logs":null,"out_stock_days":0,"lost_sales":0,"has_location":null,"update_date":"2026-04-28T00:11:04","atum_locations":[],"atum_stock_status":"instock","restock_status":false,"low_stock_amount":"","sales_update_date":"2026-04-28T00:11:04","calc_backorders":null,"acf":[],"yoast_head":"<!-- This site is optimized with the Yoast SEO Premium plugin v17.4 (Yoast SEO v17.4) - https:\/\/yoast.com\/wordpress\/plugins\/seo\/ -->\n<title>BATERIA COMP ACER AS09A31-41-51-61-70-71-75\/Z - tienda de electr\u00f3nica y computaci\u00f3n<\/title>\n<meta name=\"robots\" content=\"index, follow, max-snippet:-1, max-image-preview:large, max-video-preview:-1\" \/>\n<link rel=\"canonical\" href=\"https:\/\/comerciallin.com\/index.php\/producto\/bateria-comp-acer-as09a31-41-51-61-70-71-75-z\/\" \/>\n<meta property=\"og:locale\" content=\"es_ES\" \/>\n<meta property=\"og:type\" content=\"article\" \/>\n<meta property=\"og:title\" content=\"BATERIA COMP ACER AS09A31-41-51-61-70-71-75\/Z\" \/>\n<meta property=\"og:description\" content=\"Voltaje 11.1 Voltios   Compatible Devices Laptop   Reutilizaci&oacute;n Rechargeable   Tipo de celda de bater&iacute;a Litio Ion\" \/>\n<meta property=\"og:url\" content=\"https:\/\/comerciallin.com\/index.php\/producto\/bateria-comp-acer-as09a31-41-51-61-70-71-75-z\/\" \/>\n<meta property=\"og:site_name\" content=\"tienda de electr\u00f3nica y computaci\u00f3n\" \/>\n<meta property=\"article:modified_time\" content=\"2025-01-14T18:54:08+00:00\" \/>\n<meta property=\"og:image\" content=\"https:\/\/comerciallin.com\/wp-content\/uploads\/2023\/02\/2050313901.jpg\" \/>\n\t<meta property=\"og:image:width\" content=\"992\" \/>\n\t<meta property=\"og:image:height\" content=\"744\" \/>\n<meta name=\"twitter:card\" content=\"summary_large_image\" \/>\n<meta name=\"twitter:label1\" content=\"Precio\" \/>\n\t<meta name=\"twitter:data1\" content=\"&#36;50,60\" \/>\n\t<meta name=\"twitter:label2\" content=\"Availability\" \/>\n\t<meta name=\"twitter:data2\" content=\"In stock\" \/>\n<script type=\"application\/ld+json\" class=\"yoast-schema-graph\">{\"@context\":\"https:\/\/schema.org\",\"@graph\":[{\"@type\":\"WebSite\",\"@id\":\"https:\/\/comerciallin.com\/#website\",\"url\":\"https:\/\/comerciallin.com\/\",\"name\":\"tienda de electr\\u00f3nica y computaci\\u00f3n\",\"description\":\"Importadora de Electr\\u00f3nica y Computaci\\u00f3n\",\"potentialAction\":[{\"@type\":\"SearchAction\",\"target\":{\"@type\":\"EntryPoint\",\"urlTemplate\":\"https:\/\/comerciallin.com\/?s={search_term_string}\"},\"query-input\":\"required name=search_term_string\"}],\"inLanguage\":\"es\"},{\"@type\":\"ImageObject\",\"@id\":\"https:\/\/comerciallin.com\/index.php\/producto\/bateria-comp-acer-as09a31-41-51-61-70-71-75-z\/#primaryimage\",\"inLanguage\":\"es\",\"url\":\"https:\/\/i0.wp.com\/comerciallin.com\/wp-content\/uploads\/2023\/02\/2050313901.jpg?fit=992%2C744&ssl=1\",\"contentUrl\":\"https:\/\/i0.wp.com\/comerciallin.com\/wp-content\/uploads\/2023\/02\/2050313901.jpg?fit=992%2C744&ssl=1\",\"width\":992,\"height\":744,\"caption\":\"BATERIA COMP ACER AS09A31-41-51-61-70-71-75\/Z\"},{\"@type\":\"WebPage\",\"@id\":\"https:\/\/comerciallin.com\/index.php\/producto\/bateria-comp-acer-as09a31-41-51-61-70-71-75-z\/#webpage\",\"url\":\"https:\/\/comerciallin.com\/index.php\/producto\/bateria-comp-acer-as09a31-41-51-61-70-71-75-z\/\",\"name\":\"BATERIA COMP ACER AS09A31-41-51-61-70-71-75\/Z - tienda de electr\\u00f3nica y computaci\\u00f3n\",\"isPartOf\":{\"@id\":\"https:\/\/comerciallin.com\/#website\"},\"primaryImageOfPage\":{\"@id\":\"https:\/\/comerciallin.com\/index.php\/producto\/bateria-comp-acer-as09a31-41-51-61-70-71-75-z\/#primaryimage\"},\"datePublished\":\"2022-11-07T18:28:18+00:00\",\"dateModified\":\"2025-01-14T18:54:08+00:00\",\"breadcrumb\":{\"@id\":\"https:\/\/comerciallin.com\/index.php\/producto\/bateria-comp-acer-as09a31-41-51-61-70-71-75-z\/#breadcrumb\"},\"inLanguage\":\"es\",\"potentialAction\":[{\"@type\":\"ReadAction\",\"target\":[\"https:\/\/comerciallin.com\/index.php\/producto\/bateria-comp-acer-as09a31-41-51-61-70-71-75-z\/\"]}]},{\"@type\":\"BreadcrumbList\",\"@id\":\"https:\/\/comerciallin.com\/index.php\/producto\/bateria-comp-acer-as09a31-41-51-61-70-71-75-z\/#breadcrumb\",\"itemListElement\":[{\"@type\":\"ListItem\",\"position\":1,\"name\":\"Inicio\",\"item\":\"https:\/\/comerciallin.com\/\"},{\"@type\":\"ListItem\",\"position\":2,\"name\":\"Shop\",\"item\":\"https:\/\/comerciallin.com\/?page_id=3853\"},{\"@type\":\"ListItem\",\"position\":3,\"name\":\"BATERIA COMP ACER AS09A31-41-51-61-70-71-75\/Z\"}]}]}<\/script>\n<meta property=\"product:price:amount\" content=\"50.60\" \/>\n<meta property=\"product:price:currency\" content=\"USD\" \/>\n<meta property=\"og:availability\" content=\"instock\" \/>\n<meta property=\"product:availability\" content=\"instock\" \/>\n<meta property=\"product:retailer_item_id\" content=\"2050313901\" \/>\n<meta property=\"product:condition\" content=\"new\" \/>\n<!-- \/ Yoast SEO Premium plugin. -->","yoast_head_json":{"title":"BATERIA COMP ACER AS09A31-41-51-61-70-71-75\/Z - tienda de electr\u00f3nica y computaci\u00f3n","robots":{"index":"index","follow":"follow","max-snippet":"max-snippet:-1","max-image-preview":"max-image-preview:large","max-video-preview":"max-video-preview:-1"},"canonical":"https:\/\/comerciallin.com\/index.php\/producto\/bateria-comp-acer-as09a31-41-51-61-70-71-75-z\/","og_locale":"es_ES","og_type":"article","og_title":"BATERIA COMP ACER AS09A31-41-51-61-70-71-75\/Z","og_description":"Voltaje 11.1 Voltios   Compatible Devices Laptop   Reutilizaci&oacute;n Rechargeable   Tipo de celda de bater&iacute;a Litio Ion","og_url":"https:\/\/comerciallin.com\/index.php\/producto\/bateria-comp-acer-as09a31-41-51-61-70-71-75-z\/","og_site_name":"tienda de electr\u00f3nica y computaci\u00f3n","article_modified_time":"2025-01-14T18:54:08+00:00","og_image":[{"width":992,"height":744,"url":"https:\/\/comerciallin.com\/wp-content\/uploads\/2023\/02\/2050313901.jpg","type":"image\/jpeg"}],"twitter_card":"summary_large_image","twitter_misc":{"Precio":"&#36;50,60","Availability":"In stock"},"schema":{"@context":"https:\/\/schema.org","@graph":[{"@type":"WebSite","@id":"https:\/\/comerciallin.com\/#website","url":"https:\/\/comerciallin.com\/","name":"tienda de electr\u00f3nica y computaci\u00f3n","description":"Importadora de Electr\u00f3nica y Computaci\u00f3n","potentialAction":[{"@type":"SearchAction","target":{"@type":"EntryPoint","urlTemplate":"https:\/\/comerciallin.com\/?s={search_term_string}"},"query-input":"required name=search_term_string"}],"inLanguage":"es"},{"@type":"ImageObject","@id":"https:\/\/comerciallin.com\/index.php\/producto\/bateria-comp-acer-as09a31-41-51-61-70-71-75-z\/#primaryimage","inLanguage":"es","url":"https:\/\/i0.wp.com\/comerciallin.com\/wp-content\/uploads\/2023\/02\/2050313901.jpg?fit=992%2C744&ssl=1","contentUrl":"https:\/\/i0.wp.com\/comerciallin.com\/wp-content\/uploads\/2023\/02\/2050313901.jpg?fit=992%2C744&ssl=1","width":992,"height":744,"caption":"BATERIA COMP ACER AS09A31-41-51-61-70-71-75\/Z"},{"@type":"WebPage","@id":"https:\/\/comerciallin.com\/index.php\/producto\/bateria-comp-acer-as09a31-41-51-61-70-71-75-z\/#webpage","url":"https:\/\/comerciallin.com\/index.php\/producto\/bateria-comp-acer-as09a31-41-51-61-70-71-75-z\/","name":"BATERIA COMP ACER AS09A31-41-51-61-70-71-75\/Z - tienda de electr\u00f3nica y computaci\u00f3n","isPartOf":{"@id":"https:\/\/comerciallin.com\/#website"},"primaryImageOfPage":{"@id":"https:\/\/comerciallin.com\/index.php\/producto\/bateria-comp-acer-as09a31-41-51-61-70-71-75-z\/#primaryimage"},"datePublished":"2022-11-07T18:28:18+00:00","dateModified":"2025-01-14T18:54:08+00:00","breadcrumb":{"@id":"https:\/\/comerciallin.com\/index.php\/producto\/bateria-comp-acer-as09a31-41-51-61-70-71-75-z\/#breadcrumb"},"inLanguage":"es","potentialAction":[{"@type":"ReadAction","target":["https:\/\/comerciallin.com\/index.php\/producto\/bateria-comp-acer-as09a31-41-51-61-70-71-75-z\/"]}]},{"@type":"BreadcrumbList","@id":"https:\/\/comerciallin.com\/index.php\/producto\/bateria-comp-acer-as09a31-41-51-61-70-71-75-z\/#breadcrumb","itemListElement":[{"@type":"ListItem","position":1,"name":"Inicio","item":"https:\/\/comerciallin.com\/"},{"@type":"ListItem","position":2,"name":"Shop","item":"https:\/\/comerciallin.com\/?page_id=3853"},{"@type":"ListItem","position":3,"name":"BATERIA COMP ACER AS09A31-41-51-61-70-71-75\/Z"}]}]},"product_price_amount":"50.60","product_price_currency":"USD","og_availability":"instock","product_availability":"instock","product_retailer_item_id":"2050313901","product_condition":"new"},"jetpack-related-posts":[{"id":19225,"url":"https:\/\/comerciallin.com\/index.php\/producto\/bateria-comp-acer-gateway-squ-525-squ-519-560\/","url_meta":{"origin":19277,"position":0},"title":"BATERIA COMP ACER\/GATEWAY SQU-525\/SQU-519\/560","date":"7 de noviembre de 2022","format":false,"excerpt":"Voltaje: 14.8V Capacidad: 5200mAh Color: Negro Peso: 530g","rel":"","context":"Entrada similar","img":{"alt_text":"BATERIA COMP ACER\/GATEWAY SQU-525\/SQU-519\/560","src":"https:\/\/i0.wp.com\/comerciallin.com\/wp-content\/uploads\/2023\/02\/2121511038.jpg?fit=992%2C744&ssl=1&resize=350%2C200","width":350,"height":200},"classes":[]},{"id":23850,"url":"https:\/\/comerciallin.com\/index.php\/producto\/teclado-p-lapto-comp-acer-5810\/","url_meta":{"origin":19277,"position":1},"title":"TECLADO P. LAPTO COMP ACER 5810","date":"3 de mayo de 2023","format":false,"excerpt":"Teclado Acer Aspire 5536, Acer Aspire 5536G, Acer Aspire 5541, Acer Aspire 5541G, Acer Aspire 5738, Acer Aspire 5738DG","rel":"","context":"Entrada similar","img":{"alt_text":"","src":"","width":0,"height":0},"classes":[]},{"id":20858,"url":"https:\/\/comerciallin.com\/index.php\/producto\/bateria-comp-acer-as10b31-4745g-4820t-5820t-t\/","url_meta":{"origin":19277,"position":2},"title":"BATERIA COMP ACER AS10B31\/4745G\/4820T\/5820T\/T","date":"10 de noviembre de 2022","format":false,"excerpt":"Marca: acer Tipo: Li-ion Voltaje: 10.8v Capacidad: 4400mAH\/48WH","rel":"","context":"Entrada similar","img":{"alt_text":"BATERIA COMP ACER AS10B31\/4745G\/4820T\/5820T\/T","src":"https:\/\/i0.wp.com\/comerciallin.com\/wp-content\/uploads\/2023\/02\/2121601032.jpg?fit=992%2C744&ssl=1&resize=350%2C200","width":350,"height":200},"classes":[]},{"id":23852,"url":"https:\/\/comerciallin.com\/index.php\/producto\/teclado-p-lapto-comp-acer-5830\/","url_meta":{"origin":19277,"position":3},"title":"TECLADO P. LAPTO COMP ACER 5830","date":"3 de mayo de 2023","format":false,"excerpt":"Teclado laptop Acer Aspire 5830 es KB.I170A.172. Acer Aspire 5830,Acer Aspire 5830G, Acer Aspire 5830T, Acer Aspire 5830TG.","rel":"","context":"Entrada similar","img":{"alt_text":"","src":"","width":0,"height":0},"classes":[]},{"id":19595,"url":"https:\/\/comerciallin.com\/index.php\/producto\/teclado-p-lapto-comp-acer-aspire-v5-123-v51\/","url_meta":{"origin":19277,"position":4},"title":"TECLADO P. LAPTO COMP ACER ASPIRE V5-123 V51","date":"7 de noviembre de 2022","format":false,"excerpt":"TECLADO PARA ACER 14 725 756 V5-121 V5-171 S3 S5","rel":"","context":"Entrada similar","img":{"alt_text":"","src":"","width":0,"height":0},"classes":[]},{"id":19149,"url":"https:\/\/comerciallin.com\/index.php\/producto\/bateria-comp-acer-one-um08a31\/","url_meta":{"origin":19277,"position":5},"title":"BATERIA COMP ACER ONE UM08A31","date":"7 de noviembre de 2022","format":false,"excerpt":"Voltaje 11.1 Voltios Battery Weight 100 Gramos Battery Cell Type Litio","rel":"","context":"Entrada similar","img":{"alt_text":"","src":"","width":0,"height":0},"classes":[]}],"jetpack_sharing_enabled":true,"jetpack_likes_enabled":true,"_links":{"self":[{"href":"https:\/\/comerciallin.com\/index.php\/wp-json\/wp\/v2\/product\/19277"}],"collection":[{"href":"https:\/\/comerciallin.com\/index.php\/wp-json\/wp\/v2\/product"}],"about":[{"href":"https:\/\/comerciallin.com\/index.php\/wp-json\/wp\/v2\/types\/product"}],"replies":[{"embeddable":true,"href":"https:\/\/comerciallin.com\/index.php\/wp-json\/wp\/v2\/comments?post=19277"}],"wp:featuredmedia":[{"embeddable":true,"href":"https:\/\/comerciallin.com\/index.php\/wp-json\/wp\/v2\/media\/21581"}],"wp:attachment":[{"href":"https:\/\/comerciallin.com\/index.php\/wp-json\/wp\/v2\/media?parent=19277"}],"wp:term":[{"taxonomy":"product_cat","embeddable":true,"href":"https:\/\/comerciallin.com\/index.php\/wp-json\/wp\/v2\/product_cat?post=19277"},{"taxonomy":"product_tag","embeddable":true,"href":"https:\/\/comerciallin.com\/index.php\/wp-json\/wp\/v2\/product_tag?post=19277"}],"curies":[{"name":"wp","href":"https:\/\/api.w.org\/{rel}","templated":true}]}}