{"id":19275,"date":"2022-11-07T13:28:18","date_gmt":"2022-11-07T18:28:18","guid":{"rendered":"https:\/\/comerciallin.com\/index.php\/producto\/t-madre-biostar-h310mhp-ddr4-sock1151\/"},"modified":"2025-01-14T13:57:41","modified_gmt":"2025-01-14T18:57:41","slug":"t-madre-biostar-h310mhp-ddr4-sock1151","status":"publish","type":"product","link":"https:\/\/comerciallin.com\/index.php\/producto\/t-madre-biostar-h310mhp-ddr4-sock1151\/","title":{"rendered":"T. MADRE BIOSTAR H310MHP DDR4 SOCK1151"},"content":{"rendered":"<table class=\"specification_table\">\n<tbody>\n<tr>\n<td class=\"title\">Chipset<\/td>\n<td class=\"content\">Intel H310<\/td>\n<\/tr>\n<tr>\n<td class=\"title\">CPU SUPPORT<\/td>\n<td class=\"content\">Socket 1151 for 9th \/ 8th Gen Intel&reg; Core, Pentium and Celeron processors<br \/>Maximum CPU TDP (Thermal Design Power): 95Watt<br \/>* Please refer to www.biostar.com.tw for CPU support list.<\/td>\n<\/tr>\n<tr>\n<td class=\"title\">MEMORY<\/td>\n<td class=\"content\">Supports Dual Channel DDR4 1866\/ 2133\/ 2400\/ 2666<br \/>2x DDR4 DIMM Memory Slot, Max. Supports up to 32 GB Memory<br \/>Each DIMM supports non-ECC 4\/8\/16GB DDR4 module<br \/>* Please refer to www.biostar.com.tw for Memory support list.<\/td>\n<\/tr>\n<tr>\n<td class=\"title\">INTEGRATED VIDEO<\/td>\n<td class=\"content\">By CPU model<br \/>Supports DX12<br \/>Supports HDCP<\/td>\n<\/tr>\n<tr>\n<td class=\"title\">STORAGE<\/td>\n<td class=\"content\">4 x SATA III Connectors (6Gb\/s)<\/td>\n<\/tr>\n<tr>\n<td class=\"title\">LAN<\/td>\n<td class=\"content\">RTL8111H<br \/>10\/ 100\/ 1000 Mb\/s auto negotiation, Half \/ Full duplex capability<\/td>\n<\/tr>\n<tr>\n<td class=\"title\">AUDIO CODEC<\/td>\n<td class=\"content\">ALC887<br \/>7.1 Channels, High Definition Audio<br \/>Support HD Audio<\/td>\n<\/tr>\n<tr>\n<td class=\"title\">USB<\/td>\n<td class=\"content\">4x USB 3.2(Gen1) port (2 on rear I\/Os and 2 via internal header)<br \/>6x USB 2.0 port (4 on rear I\/Os and 2 via internal header)<\/td>\n<\/tr>\n<tr>\n<td class=\"title\">EXPANSION SLOT<\/td>\n<td class=\"content\">2x PCIe 2.0 x1 Slot<br \/>1x PCIe 3.0 x16 Slot<\/td>\n<\/tr>\n<tr>\n<td class=\"title\">REAR I\/O<\/td>\n<td class=\"content\">1x PS\/2 Mouse Port<br \/>1x PS\/2 Keyboard Port<br \/>1x HDMI Port<br \/>1x VGA Port<br \/>1x LAN Port<br \/>4x USB 2.0 Port<br \/>2x USB 3.2(Gen1) Port<br \/>3x Audio Jack<\/td>\n<\/tr>\n<tr>\n<td class=\"title\">INTERNAL I\/O<\/td>\n<td class=\"content\">4x SATA III Connector<br \/>1x USB 2.0 Header (each header supports 2 USB 2.0 ports)<br \/>1x USB 3.2(Gen1) Header (each header supports 2 USB 3.2(Gen1) ports)<br \/>1x 8-Pin Power Connector<br \/>1x 24-Pin Power Connector<br \/>1x CPU Fan Connector<br \/>1x System Fan Connector<br \/>1x Front Panel Header<br \/>1x Front Audio Header<br \/>1x Clear CMOS Header<br \/>1x COM Port Header<\/td>\n<\/tr>\n<tr>\n<td class=\"title\">H\/W MONITORING<\/td>\n<td class=\"content\">CPU \/ System Temperature Monitoring<br \/>CPU \/ System Fan Monitoring<br \/>Smart \/ Manual CPU Fan Control<br \/>System Voltage Monitoring<\/td>\n<\/tr>\n<tr>\n<td class=\"title\">DIMENSION<\/td>\n<td class=\"content\">Micro ATX Form Factor Dimension: 226mm x 171mm ( W x L )<\/td>\n<\/tr>\n<tr>\n<td class=\"title\">OS SUPPORT<\/td>\n<td class=\"content\">Supports Windows 7\/ 10(64bit) \/ 11(64bit)<br \/>\u203bBiostar reserves the right to add or remove support for any OS with or without notice.<\/td>\n<\/tr>\n<tr>\n<td class=\"title\">BUNDLE SOFTWARE<\/td>\n<td class=\"content\">BullGuard<\/td>\n<\/tr>\n<tr>\n<td class=\"title\">ACCESSORIES<\/td>\n<td class=\"content\">2 x SATA Cable<br \/>1 x I\/O Shield<br \/>1 x DVD Driver<br \/>1 x Quick Guide<\/td>\n<\/tr>\n<tr>\n<td class=\"title\">FEATURES<\/td>\n<td class=\"content\">BIO-FLASHER<\/td>\n<\/tr>\n<\/tbody>\n<\/table>\n","protected":false},"excerpt":{"rendered":"<ul>\n<li>Compatible con procesadores Intel&reg; Core&trade; de 9.&ordf; y 8.&ordf; generaci&oacute;n<\/li>\n<li>Arquitectura de un solo chip Intel H310<\/li>\n<li>Compatible con doble canal DDR4 2666\/2400\/2133\/1866 MHz<\/li>\n<li>Admite resoluci&oacute;n HDMI 4K<\/li>\n<li>Admite LAN GbE<\/li>\n<li>Soporte USB 3.2 Gen1<\/li>\n<\/ul>\n","protected":false},"featured_media":22011,"comment_status":"open","ping_status":"closed","template":"","meta":{"spay_email":""},"product_cat":[828],"product_tag":[],"supplier_id":null,"supplier_sku":"","barcode":null,"atum_controlled":true,"out_stock_date":null,"out_stock_threshold":null,"inheritable":false,"inbound_stock":null,"stock_on_hold":0,"sold_today":0,"sales_last_days":0,"reserved_stock":null,"customer_returns":null,"warehouse_damage":null,"lost_in_post":null,"other_logs":null,"out_stock_days":0,"lost_sales":0,"has_location":null,"update_date":"2026-04-16T23:56:14","atum_locations":[],"atum_stock_status":"instock","restock_status":false,"low_stock_amount":"","sales_update_date":"2026-04-16T23:56:14","calc_backorders":null,"acf":[],"yoast_head":"<!-- This site is optimized with the Yoast SEO Premium plugin v17.4 (Yoast SEO v17.4) - https:\/\/yoast.com\/wordpress\/plugins\/seo\/ -->\n<title>T. MADRE BIOSTAR H310MHP DDR4 SOCK1151 - tienda de electr\u00f3nica y computaci\u00f3n<\/title>\n<meta name=\"robots\" content=\"index, follow, max-snippet:-1, max-image-preview:large, max-video-preview:-1\" \/>\n<link rel=\"canonical\" href=\"https:\/\/comerciallin.com\/index.php\/producto\/t-madre-biostar-h310mhp-ddr4-sock1151\/\" \/>\n<meta property=\"og:locale\" content=\"es_ES\" \/>\n<meta property=\"og:type\" content=\"article\" \/>\n<meta property=\"og:title\" content=\"T. MADRE BIOSTAR H310MHP DDR4 SOCK1151\" \/>\n<meta property=\"og:description\" content=\"Compatible con procesadores Intel&reg; Core&trade; de 9.&ordf; y 8.&ordf; generaci&oacute;n Arquitectura de un solo chip Intel H310 Compatible con doble canal DDR4 2666\/2400\/2133\/1866 MHz Admite resoluci&oacute;n HDMI 4K Admite LAN GbE Soporte USB 3.2 Gen1\" \/>\n<meta property=\"og:url\" content=\"https:\/\/comerciallin.com\/index.php\/producto\/t-madre-biostar-h310mhp-ddr4-sock1151\/\" \/>\n<meta property=\"og:site_name\" content=\"tienda de electr\u00f3nica y computaci\u00f3n\" \/>\n<meta property=\"article:modified_time\" content=\"2025-01-14T18:57:41+00:00\" \/>\n<meta name=\"twitter:card\" content=\"summary_large_image\" \/>\n<meta name=\"twitter:image\" content=\"https:\/\/i0.wp.com\/comerciallin.com\/wp-content\/uploads\/2023\/02\/060030111101.jpg?fit=%2C&amp;ssl=1\" \/>\n<meta name=\"twitter:label1\" content=\"Precio\" \/>\n\t<meta name=\"twitter:data1\" content=\"&#36;81,65\" \/>\n\t<meta name=\"twitter:label2\" content=\"Availability\" \/>\n\t<meta name=\"twitter:data2\" content=\"In stock\" \/>\n<script type=\"application\/ld+json\" class=\"yoast-schema-graph\">{\"@context\":\"https:\/\/schema.org\",\"@graph\":[{\"@type\":\"WebSite\",\"@id\":\"https:\/\/comerciallin.com\/#website\",\"url\":\"https:\/\/comerciallin.com\/\",\"name\":\"tienda de electr\\u00f3nica y computaci\\u00f3n\",\"description\":\"Importadora de Electr\\u00f3nica y Computaci\\u00f3n\",\"potentialAction\":[{\"@type\":\"SearchAction\",\"target\":{\"@type\":\"EntryPoint\",\"urlTemplate\":\"https:\/\/comerciallin.com\/?s={search_term_string}\"},\"query-input\":\"required name=search_term_string\"}],\"inLanguage\":\"es\"},{\"@type\":\"ImageObject\",\"@id\":\"https:\/\/comerciallin.com\/index.php\/producto\/t-madre-biostar-h310mhp-ddr4-sock1151\/#primaryimage\",\"inLanguage\":\"es\",\"url\":\"https:\/\/i0.wp.com\/comerciallin.com\/wp-content\/uploads\/2023\/02\/060030111101.jpg?fit=%2C&ssl=1\",\"contentUrl\":\"https:\/\/i0.wp.com\/comerciallin.com\/wp-content\/uploads\/2023\/02\/060030111101.jpg?fit=%2C&ssl=1\",\"caption\":\"T. MADRE BIOSTAR H310MHP DDR4 SOCK1151\"},{\"@type\":\"WebPage\",\"@id\":\"https:\/\/comerciallin.com\/index.php\/producto\/t-madre-biostar-h310mhp-ddr4-sock1151\/#webpage\",\"url\":\"https:\/\/comerciallin.com\/index.php\/producto\/t-madre-biostar-h310mhp-ddr4-sock1151\/\",\"name\":\"T. MADRE BIOSTAR H310MHP DDR4 SOCK1151 - tienda de electr\\u00f3nica y computaci\\u00f3n\",\"isPartOf\":{\"@id\":\"https:\/\/comerciallin.com\/#website\"},\"primaryImageOfPage\":{\"@id\":\"https:\/\/comerciallin.com\/index.php\/producto\/t-madre-biostar-h310mhp-ddr4-sock1151\/#primaryimage\"},\"datePublished\":\"2022-11-07T18:28:18+00:00\",\"dateModified\":\"2025-01-14T18:57:41+00:00\",\"breadcrumb\":{\"@id\":\"https:\/\/comerciallin.com\/index.php\/producto\/t-madre-biostar-h310mhp-ddr4-sock1151\/#breadcrumb\"},\"inLanguage\":\"es\",\"potentialAction\":[{\"@type\":\"ReadAction\",\"target\":[\"https:\/\/comerciallin.com\/index.php\/producto\/t-madre-biostar-h310mhp-ddr4-sock1151\/\"]}]},{\"@type\":\"BreadcrumbList\",\"@id\":\"https:\/\/comerciallin.com\/index.php\/producto\/t-madre-biostar-h310mhp-ddr4-sock1151\/#breadcrumb\",\"itemListElement\":[{\"@type\":\"ListItem\",\"position\":1,\"name\":\"Inicio\",\"item\":\"https:\/\/comerciallin.com\/\"},{\"@type\":\"ListItem\",\"position\":2,\"name\":\"Shop\",\"item\":\"https:\/\/comerciallin.com\/?page_id=3853\"},{\"@type\":\"ListItem\",\"position\":3,\"name\":\"T. MADRE BIOSTAR H310MHP DDR4 SOCK1151\"}]}]}<\/script>\n<meta property=\"product:price:amount\" content=\"81.65\" \/>\n<meta property=\"product:price:currency\" content=\"USD\" \/>\n<meta property=\"og:availability\" content=\"instock\" \/>\n<meta property=\"product:availability\" content=\"instock\" \/>\n<meta property=\"product:retailer_item_id\" content=\"60030111101\" \/>\n<meta property=\"product:condition\" content=\"new\" \/>\n<!-- \/ Yoast SEO Premium plugin. -->","yoast_head_json":{"title":"T. MADRE BIOSTAR H310MHP DDR4 SOCK1151 - tienda de electr\u00f3nica y computaci\u00f3n","robots":{"index":"index","follow":"follow","max-snippet":"max-snippet:-1","max-image-preview":"max-image-preview:large","max-video-preview":"max-video-preview:-1"},"canonical":"https:\/\/comerciallin.com\/index.php\/producto\/t-madre-biostar-h310mhp-ddr4-sock1151\/","og_locale":"es_ES","og_type":"article","og_title":"T. MADRE BIOSTAR H310MHP DDR4 SOCK1151","og_description":"Compatible con procesadores Intel&reg; Core&trade; de 9.&ordf; y 8.&ordf; generaci&oacute;n Arquitectura de un solo chip Intel H310 Compatible con doble canal DDR4 2666\/2400\/2133\/1866 MHz Admite resoluci&oacute;n HDMI 4K Admite LAN GbE Soporte USB 3.2 Gen1","og_url":"https:\/\/comerciallin.com\/index.php\/producto\/t-madre-biostar-h310mhp-ddr4-sock1151\/","og_site_name":"tienda de electr\u00f3nica y computaci\u00f3n","article_modified_time":"2025-01-14T18:57:41+00:00","twitter_card":"summary_large_image","twitter_image":"https:\/\/i0.wp.com\/comerciallin.com\/wp-content\/uploads\/2023\/02\/060030111101.jpg?fit=%2C&ssl=1","twitter_misc":{"Precio":"&#36;81,65","Availability":"In stock"},"schema":{"@context":"https:\/\/schema.org","@graph":[{"@type":"WebSite","@id":"https:\/\/comerciallin.com\/#website","url":"https:\/\/comerciallin.com\/","name":"tienda de electr\u00f3nica y computaci\u00f3n","description":"Importadora de Electr\u00f3nica y Computaci\u00f3n","potentialAction":[{"@type":"SearchAction","target":{"@type":"EntryPoint","urlTemplate":"https:\/\/comerciallin.com\/?s={search_term_string}"},"query-input":"required name=search_term_string"}],"inLanguage":"es"},{"@type":"ImageObject","@id":"https:\/\/comerciallin.com\/index.php\/producto\/t-madre-biostar-h310mhp-ddr4-sock1151\/#primaryimage","inLanguage":"es","url":"https:\/\/i0.wp.com\/comerciallin.com\/wp-content\/uploads\/2023\/02\/060030111101.jpg?fit=%2C&ssl=1","contentUrl":"https:\/\/i0.wp.com\/comerciallin.com\/wp-content\/uploads\/2023\/02\/060030111101.jpg?fit=%2C&ssl=1","caption":"T. MADRE BIOSTAR H310MHP DDR4 SOCK1151"},{"@type":"WebPage","@id":"https:\/\/comerciallin.com\/index.php\/producto\/t-madre-biostar-h310mhp-ddr4-sock1151\/#webpage","url":"https:\/\/comerciallin.com\/index.php\/producto\/t-madre-biostar-h310mhp-ddr4-sock1151\/","name":"T. MADRE BIOSTAR H310MHP DDR4 SOCK1151 - tienda de electr\u00f3nica y computaci\u00f3n","isPartOf":{"@id":"https:\/\/comerciallin.com\/#website"},"primaryImageOfPage":{"@id":"https:\/\/comerciallin.com\/index.php\/producto\/t-madre-biostar-h310mhp-ddr4-sock1151\/#primaryimage"},"datePublished":"2022-11-07T18:28:18+00:00","dateModified":"2025-01-14T18:57:41+00:00","breadcrumb":{"@id":"https:\/\/comerciallin.com\/index.php\/producto\/t-madre-biostar-h310mhp-ddr4-sock1151\/#breadcrumb"},"inLanguage":"es","potentialAction":[{"@type":"ReadAction","target":["https:\/\/comerciallin.com\/index.php\/producto\/t-madre-biostar-h310mhp-ddr4-sock1151\/"]}]},{"@type":"BreadcrumbList","@id":"https:\/\/comerciallin.com\/index.php\/producto\/t-madre-biostar-h310mhp-ddr4-sock1151\/#breadcrumb","itemListElement":[{"@type":"ListItem","position":1,"name":"Inicio","item":"https:\/\/comerciallin.com\/"},{"@type":"ListItem","position":2,"name":"Shop","item":"https:\/\/comerciallin.com\/?page_id=3853"},{"@type":"ListItem","position":3,"name":"T. MADRE BIOSTAR H310MHP DDR4 SOCK1151"}]}]},"product_price_amount":"81.65","product_price_currency":"USD","og_availability":"instock","product_availability":"instock","product_retailer_item_id":"60030111101","product_condition":"new"},"jetpack-related-posts":[{"id":19357,"url":"https:\/\/comerciallin.com\/index.php\/producto\/cpu-intel-core-i5-11600-3-9-ghz\/","url_meta":{"origin":19275,"position":0},"title":"CPU INTEL CORE I5-11600 3.9 GHZ","date":"7 de noviembre de 2022","format":false,"excerpt":"Intel Core I5-11600k 3.9ghz 6 Nucleos 12 Hilos","rel":"","context":"Entrada similar","img":{"alt_text":"","src":"","width":0,"height":0},"classes":[]},{"id":21011,"url":"https:\/\/comerciallin.com\/index.php\/producto\/pc-intel-core-i3-10100-3-6ghz\/","url_meta":{"origin":19275,"position":1},"title":"Pc Intel Core\u00ae I3-10100 3.6GHZ","date":"1 de diciembre de 2022","format":false,"excerpt":"Procesador: Intel Core\u00ae I3-10100 3.6GHZ\u00a0| D\u00e9cima Generaci\u00f3n Gr\u00e1ficos:\u00a0UHD\u00a0Intel\u00ae 630 Motherboard:\u00a0Gigabyte\u00a0H510M H RAM:8GB\u00a0DDR4 2400MHz Almacenamiento: SSD\u00a0240GB GIGABYTE Teclado \/ Mouse \/ Parlantes Garantia de 1 a\u00f1o en todos los componenetes","rel":"","context":"Entrada similar","img":{"alt_text":"Pc Intel Core\u00ae I3-10100 3.6GHZ","src":"https:\/\/i0.wp.com\/comerciallin.com\/wp-content\/uploads\/2022\/12\/corei3240gb8gb.jpg?fit=992%2C744&ssl=1&resize=350%2C200","width":350,"height":200},"classes":[]},{"id":21015,"url":"https:\/\/comerciallin.com\/index.php\/producto\/pc-intel-core-i5-11600-3-9ghz\/","url_meta":{"origin":19275,"position":2},"title":"Pc Intel Core\u00ae I5-11600 3.9GHZ","date":"1 de diciembre de 2022","format":false,"excerpt":"Procesador: Intel Core\u00ae I5-11600 3.9GHZ | 11va. Generaci\u00f3n Gr\u00e1ficos:\u00a0UHD\u00a0Intel\u00ae 630 Motherboard:\u00a0Gigabyte\u00a0H510M H RAM:8GB\u00a0DDR4 2400MHz Almacenamiento: SSD\u00a0240GB GIGABYTE Teclado \/ Mouse \/ Parlantes Garantia de 1 a\u00f1o en todos los componenetes","rel":"","context":"Entrada similar","img":{"alt_text":"Pc Intel Core\u00ae I5-11600 3.9GHZ","src":"https:\/\/i0.wp.com\/comerciallin.com\/wp-content\/uploads\/2022\/12\/corei511va240gb8gb.jpg?fit=992%2C744&ssl=1&resize=350%2C200","width":350,"height":200},"classes":[]},{"id":21017,"url":"https:\/\/comerciallin.com\/index.php\/producto\/pc-intel-core-i7-11700k-3-60ghz\/","url_meta":{"origin":19275,"position":3},"title":"Pc Intel Core\u00ae I7-11700K 3.60GHZ","date":"1 de diciembre de 2022","format":false,"excerpt":"Procesador: Intel Core\u00ae I7-11700K 3.60GHZ | 11va. Generaci\u00f3n Gr\u00e1ficos:\u00a0UHD\u00a0Intel\u00ae 630 Motherboard:\u00a0Gigabyte\u00a0H510M H RAM:8GB\u00a0DDR4 2400MHz Almacenamiento: SSD\u00a0240GB GIGABYTE Teclado \/ Mouse \/ Parlantes Garantia de 1 a\u00f1o en todos los componenetes","rel":"","context":"Entrada similar","img":{"alt_text":"Pc Intel Core\u00ae I7-11700K 3.60GHZ","src":"https:\/\/i0.wp.com\/comerciallin.com\/wp-content\/uploads\/2022\/12\/corei7240gb8gb.jpg?fit=992%2C744&ssl=1&resize=350%2C200","width":350,"height":200},"classes":[]},{"id":21021,"url":"https:\/\/comerciallin.com\/index.php\/producto\/pc-intel-core-i3-10100-3-6ghz-2\/","url_meta":{"origin":19275,"position":4},"title":"Pc Intel Core\u00ae I3-10100 3.6GHZ","date":"1 de diciembre de 2022","format":false,"excerpt":"Procesador: Intel Core\u00ae I3-10100 3.6GHZ\u00a0| D\u00e9cima Generaci\u00f3n Gr\u00e1ficos:\u00a0UHD\u00a0Intel\u00ae 630 Motherboard:\u00a0Gigabyte\u00a0H510M H RAM:8GB\u00a0DDR4 2400MHz Almacenamiento: SSD\u00a0480GB GIGABYTE Teclado \/ Mouse \/ Parlantes Garantia de 1 a\u00f1o en todos los componenetes","rel":"","context":"Entrada similar","img":{"alt_text":"Pc Intel Core\u00ae I3-10100 3.6GHZ","src":"https:\/\/i0.wp.com\/comerciallin.com\/wp-content\/uploads\/2022\/12\/corei3480gb8gb.jpg?fit=992%2C744&ssl=1&resize=350%2C200","width":350,"height":200},"classes":[]},{"id":21023,"url":"https:\/\/comerciallin.com\/index.php\/producto\/pc-intel-core-i5-10400-2-9ghz-2\/","url_meta":{"origin":19275,"position":5},"title":"Pc Intel Core\u00ae I5-10400 2.9GHZ","date":"1 de diciembre de 2022","format":false,"excerpt":"Procesador: Intel Core\u00ae I5-10400 2.9GHZ\u00a0| D\u00e9cima Generaci\u00f3n Gr\u00e1ficos:\u00a0UHD\u00a0Intel\u00ae 630 Motherboard:\u00a0Gigabyte\u00a0H510M H RAM:8GB\u00a0DDR4 2400MHz Almacenamiento: SSD\u00a0480GB GIGABYTE Teclado \/ Mouse \/ Parlantes Garantia de 1 a\u00f1o en todos los componenetes","rel":"","context":"Entrada similar","img":{"alt_text":"Pc Intel Core\u00ae I5-10400 2.9GHZ","src":"https:\/\/i0.wp.com\/comerciallin.com\/wp-content\/uploads\/2022\/12\/corei5480gb8gb.jpg?fit=992%2C744&ssl=1&resize=350%2C200","width":350,"height":200},"classes":[]}],"jetpack_sharing_enabled":true,"jetpack_likes_enabled":true,"_links":{"self":[{"href":"https:\/\/comerciallin.com\/index.php\/wp-json\/wp\/v2\/product\/19275"}],"collection":[{"href":"https:\/\/comerciallin.com\/index.php\/wp-json\/wp\/v2\/product"}],"about":[{"href":"https:\/\/comerciallin.com\/index.php\/wp-json\/wp\/v2\/types\/product"}],"replies":[{"embeddable":true,"href":"https:\/\/comerciallin.com\/index.php\/wp-json\/wp\/v2\/comments?post=19275"}],"wp:featuredmedia":[{"embeddable":true,"href":"https:\/\/comerciallin.com\/index.php\/wp-json\/wp\/v2\/media\/22011"}],"wp:attachment":[{"href":"https:\/\/comerciallin.com\/index.php\/wp-json\/wp\/v2\/media?parent=19275"}],"wp:term":[{"taxonomy":"product_cat","embeddable":true,"href":"https:\/\/comerciallin.com\/index.php\/wp-json\/wp\/v2\/product_cat?post=19275"},{"taxonomy":"product_tag","embeddable":true,"href":"https:\/\/comerciallin.com\/index.php\/wp-json\/wp\/v2\/product_tag?post=19275"}],"curies":[{"name":"wp","href":"https:\/\/api.w.org\/{rel}","templated":true}]}}